{"id":10181,"date":"2022-12-07T18:46:59","date_gmt":"2022-12-07T18:46:59","guid":{"rendered":"https:\/\/www.magna.org\/cs\/?page_id=10181"},"modified":"2025-03-17T17:57:20","modified_gmt":"2025-03-17T17:57:20","slug":"zapojte-se","status":"publish","type":"page","link":"https:\/\/www.magna.org\/cs\/zapojte-se\/","title":{"rendered":"Podpo\u0159te n\u00e1s"},"content":{"rendered":"<section class=\"s-support hc-section-space--normal\">\n    <div class=\"s-support__header\">\n        <h1 class=\"s-support__title\">Jak m\u016f\u017eete pomoci<\/h1>\n        <div class=\"s-support__intro\">\n            <p>Velk\u00e1 \u010d\u00e1st finan\u010dn\u00edch prost\u0159edk\u016f MAGNA poch\u00e1z\u00ed od lid\u00ed jako jste vy. A\u0165 u\u017e je v\u00e1\u0161 dar jak\u00fdkoli, podporou t\u00fdm\u016f MAGNA ud\u011bl\u00e1te skute\u010dn\u00fd rozd\u00edl a budete v\u011bd\u011bt, \u017ee n\u011bkdo n\u011bkde dost\u00e1v\u00e1 \u017eivot zachra\u0148uj\u00edc\u00ed pomoc, kterou pr\u00e1v\u011b te\u010f pot\u0159ebuje.<\/p>\n\n        <\/div>\n    <\/div>\n    <div class=\"s-support__content\">\n        <div class=\"s-support__items\">\n        <\/div>\n    <\/div>\n<\/section>\n\n<section class=\"s-home-hero s-home-hero--red hc-section-space--normal\">\n    <div class=\"s-home-hero__inner\">\n        <div class=\"s-home-hero__media\">\n            <img loading=\"lazy\" decoding=\"async\" width=\"698\" height=\"524\" src=\"https:\/\/www.magna.org\/cs\/wp-content\/uploads\/2022\/09\/homepage-kto-sme-mb201911g6509-desktop-e1669931882679-698x524.jpg\" class=\"attachment-magna-hero size-magna-hero\" alt=\"\" srcset=\"https:\/\/www.magna.org\/cs\/wp-content\/uploads\/2022\/09\/homepage-kto-sme-mb201911g6509-desktop-e1669931882679-698x524.jpg 698w, https:\/\/www.magna.org\/cs\/wp-content\/uploads\/2022\/09\/homepage-kto-sme-mb201911g6509-desktop-e1669931882679-1396x1048.jpg 1396w\" sizes=\"auto, (max-width: 698px) 100vw, 698px\" \/>\n        <\/div>\n        <div class=\"s-home-hero__content\">\n            <h2 class=\"s-home-hero__title\">Darujte online<\/h2>\n            <div class=\"s-home-hero__text\">\n                <p>Ne ka\u017ed\u00fd m\u016f\u017ee l\u00e9\u010dit pacienty v ter\u00e9nu. Ale ka\u017ed\u00fd m\u016f\u017ee b\u00fdt toho sou\u010d\u00e1st\u00ed. Pot\u0159ebujeme va\u0161i podporu, abychom mohli pokra\u010dovat v t\u00e9to \u017eivot zachra\u0148uj\u00edc\u00ed pr\u00e1ci.<\/p>\n            <\/div>\n            <div class=\"s-home-hero__cta\">\n                <a href=\"https:\/\/www.magna.org\/cs\/pomozte\/\" target=\"\" class=\"e-btn e-btn--dark\">Chci darovat<\/a>\n            <\/div>\n        <\/div>\n    <\/div>\n<\/section>\n\n<section class=\"s-support hc-section-space--normal\">\n    <div class=\"s-support__header\">\n        <h1 class=\"s-support__title\">Obl\u00edben\u00e9 zp\u016fsoby darov\u00e1n\u00ed<\/h1>\n        <div class=\"s-support__intro\">\n            <p>N\u00ed\u017ee si m\u016f\u017eete p\u0159e\u010d\u00edst o mnoha zp\u016fsobech darov\u00e1n\u00ed nebo vypl\u0148te n\u00e1\u0161 formul\u00e1\u0159 pro darov\u00e1n\u00ed, abyste mohli p\u0159isp\u011bt jednor\u00e1zov\u011b nebo m\u011bs\u00ed\u010dn\u011b.<\/p>\n\n        <\/div>\n    <\/div>\n    <div class=\"s-support__content\">\n        <div class=\"s-support__items\">\n            <div class=\"s-support__item \">\n                <article class=\"a-support\">\n    <a href=\"https:\/\/www.magna.org\/cs\/pomozte\/\" target=\"\" class=\"a-support__link\"><\/a>\n        <div class=\"a-support__image\">\n            <div class=\"a-support__img\" style=\"background-image:url('https:\/\/www.magna.org\/cs\/wp-content\/uploads\/2022\/09\/homepage-financie-a-reporty-yumbi-advert-rgb-desktop.jpg');\"><\/div>\n        <\/div>\n    <div class=\"a-support__content\">\n        <h3 class=\"a-support__title\">Darujte te\u010f<\/h3>\n        <div class=\"a-support__text\"><p>Podpo\u0159te na\u0161e \u017eivot zachra\u0148uj\u00edc\u00ed pr\u00e1ci jednor\u00e1zov\u00fdm darem.<\/p>\n<\/div>\n    <\/div>\n    <div class=\"a-support__footer\">\n        <div class=\"a-support__cta\">\n            <a href=\"https:\/\/www.magna.org\/cs\/pomozte\/\" target=\"\" class=\"e-btn e-btn--primary\"><span>Chci darovat<\/span><i class=\"icon-heart\"><\/i><\/a>\n        <\/div>\n    <\/div>\n<\/article>\n            <\/div>\n            <div class=\"s-support__item \">\n                <article class=\"a-support\">\n    <a href=\"https:\/\/www.magna.org\/cs\/zapojte-se\/darujte-kazdy-mesic\/\" target=\"\" class=\"a-support__link\"><\/a>\n        <div class=\"a-support__image\">\n            <div class=\"a-support__img\" style=\"background-image:url('https:\/\/www.magna.org\/cs\/wp-content\/uploads\/2022\/11\/homepage-nikaragua-mb2010010g0330-850x478.jpg');\"><\/div>\n        <\/div>\n    <div class=\"a-support__content\">\n        <h3 class=\"a-support__title\">Darujte m\u011bs\u00ed\u010dn\u011b<\/h3>\n        <div class=\"a-support__text\"><p>Sta\u0148te se na\u0161\u00edm partnerem a budete je\u0161t\u011b bl\u00ed\u017ee k z\u00e1chran\u011b \u017eivota. M\u011bs\u00ed\u010dn\u00edm poskytov\u00e1n\u00edm n\u00e1m umo\u017en\u00edte okam\u017eit\u011b nasadit nouzovou pomoc v reakci na velk\u00e9 krize.<\/p>\n<\/div>\n    <\/div>\n    <div class=\"a-support__footer\">\n        <div class=\"a-support__cta\">\n            <a href=\"https:\/\/www.magna.org\/cs\/zapojte-se\/darujte-kazdy-mesic\/\" target=\"\" class=\"e-btn e-btn--primary\"><span>Zjistit v\u00edce<\/span><i class=\"icon-heart\"><\/i><\/a>\n        <\/div>\n    <\/div>\n<\/article>\n            <\/div>\n            <div class=\"s-support__item s-support__item--full\">\n                <article class=\"a-support\">\n    <a href=\"https:\/\/hospital.magna.org\/cs\/\" target=\"\" class=\"a-support__link\"><\/a>\n        <div class=\"a-support__image\">\n            <div class=\"a-support__img\" style=\"background-image:url('https:\/\/www.magna.org\/cs\/wp-content\/uploads\/2022\/11\/homepage-podporte-nas-pinardov-roh-1740x980.jpg');\"><\/div>\n        <\/div>\n    <div class=\"a-support__content\">\n        <h3 class=\"a-support__title\">Kupte d\u00e1rek<\/h3>\n        <div class=\"a-support__text\"><p>Nakupujte smyslupln\u00e9 d\u00e1rky, kter\u00e9 zachr\u00e1n\u00ed \u017eivoty.<\/p>\n<\/div>\n    <\/div>\n    <div class=\"a-support__footer\">\n        <div class=\"a-support__cta\">\n            <a href=\"https:\/\/hospital.magna.org\/cs\/\" target=\"\" class=\"e-btn e-btn--primary\"><span>Chci kupit<\/span><i class=\"icon-heart\"><\/i><\/a>\n        <\/div>\n    <\/div>\n<\/article>\n            <\/div>\n        <\/div>\n    <\/div>\n<\/section>\n\n<section class=\"s-home-hero s-home-hero--yellow hc-section-space--normal\">\n    <div class=\"s-home-hero__inner\">\n        <div class=\"s-home-hero__media\">\n            <img loading=\"lazy\" decoding=\"async\" width=\"698\" height=\"524\" src=\"https:\/\/www.magna.org\/cs\/wp-content\/uploads\/2023\/05\/www.magna.org-podporte-nas-photo-2023-05-18-17-22-13-698x524.jpg\" class=\"attachment-magna-hero size-magna-hero\" alt=\"\" srcset=\"https:\/\/www.magna.org\/cs\/wp-content\/uploads\/2023\/05\/www.magna.org-podporte-nas-photo-2023-05-18-17-22-13-698x524.jpg 698w, https:\/\/www.magna.org\/cs\/wp-content\/uploads\/2023\/05\/www.magna.org-podporte-nas-photo-2023-05-18-17-22-13-300x225.jpg 300w, https:\/\/www.magna.org\/cs\/wp-content\/uploads\/2023\/05\/www.magna.org-podporte-nas-photo-2023-05-18-17-22-13-1024x768.jpg 1024w, https:\/\/www.magna.org\/cs\/wp-content\/uploads\/2023\/05\/www.magna.org-podporte-nas-photo-2023-05-18-17-22-13-768x576.jpg 768w, https:\/\/www.magna.org\/cs\/wp-content\/uploads\/2023\/05\/www.magna.org-podporte-nas-photo-2023-05-18-17-22-13-1396x1048.jpg 1396w, https:\/\/www.magna.org\/cs\/wp-content\/uploads\/2023\/05\/www.magna.org-podporte-nas-photo-2023-05-18-17-22-13-552x414.jpg 552w, https:\/\/www.magna.org\/cs\/wp-content\/uploads\/2023\/05\/www.magna.org-podporte-nas-photo-2023-05-18-17-22-13-384x288.jpg 384w, https:\/\/www.magna.org\/cs\/wp-content\/uploads\/2023\/05\/www.magna.org-podporte-nas-photo-2023-05-18-17-22-13-676x507.jpg 676w, https:\/\/www.magna.org\/cs\/wp-content\/uploads\/2023\/05\/www.magna.org-podporte-nas-photo-2023-05-18-17-22-13-1058x794.jpg 1058w, https:\/\/www.magna.org\/cs\/wp-content\/uploads\/2023\/05\/www.magna.org-podporte-nas-photo-2023-05-18-17-22-13.jpg 1280w\" sizes=\"auto, (max-width: 698px) 100vw, 698px\" \/>\n        <\/div>\n        <div class=\"s-home-hero__content\">\n            <h2 class=\"s-home-hero__title\">V\u00e1lka na Ukrajin\u011b. Pomozte.<\/h2>\n            <div class=\"s-home-hero__text\">\n                <p>MAGNA na Ukrajin\u011b p\u016fsob\u00ed a zaji\u0161\u0165uje zdravotn\u00ed pomoc od roku 2018. Do \u00fanora 2022 jsme provozovali zdravotnick\u00fd projekt v Don\u011bck\u00e9 a Luhansk\u00e9 oblasti. N\u00e1sledn\u011b jsme pomoc roz\u0161\u00ed\u0159ili na cel\u00e9 \u00fazem\u00ed Ukrajiny.<\/p>\n            <\/div>\n            <div class=\"s-home-hero__cta\">\n                <a href=\"https:\/\/www.magna.org\/cs\/pomozte\/ukrajina-cz\/\" target=\"\" class=\"e-btn e-btn--dark\">Chci darovat<\/a>\n            <\/div>\n        <\/div>\n    <\/div>\n<\/section>\n\n<section class=\"s-support hc-section-space--normal\">\n    <div class=\"s-support__header\">\n        <h1 class=\"s-support__title\">Jste firma nebo nadace?<\/h1>\n        <div class=\"s-support__intro\">\n            <p>Udr\u017eitelnost na\u0161ich projekt\u016f, kter\u00e9 t\u00fdmy MAGNA dok\u00e1zaly realizovat, by nebyla mo\u017en\u00e1 bez spolupr\u00e1ce s firmami a nadacemi. Va\u0161e podpora n\u00e1m pom\u00e1h\u00e1 dlouhodob\u011b zajistit \u017eivot zachra\u0148uj\u00edc\u00ed p\u00e9\u010di, zdravotnick\u00fd materi\u00e1l a podporu m\u00edstn\u00edch nemocnic.<\/p>\n\n        <\/div>\n    <\/div>\n    <div class=\"s-support__content\">\n        <div class=\"s-support__items\">\n            <div class=\"s-support__item s-support__item--full\">\n                <article class=\"a-support\">\n    <a href=\"https:\/\/www.magna.org\/cs\/zapojte-se\/firmy-a-nadace\/\" target=\"\" class=\"a-support__link\"><\/a>\n        <div class=\"a-support__image\">\n            <div class=\"a-support__img\" style=\"background-image:url('https:\/\/www.magna.org\/cs\/wp-content\/uploads\/2022\/12\/image-1-1740x980.jpg');\"><\/div>\n        <\/div>\n    <div class=\"a-support__content\">\n        <h3 class=\"a-support__title\">Zm\u011b\u0148te sv\u011bt s n\u00e1mi<\/h3>\n        <div class=\"a-support__text\"><p>Va\u0161e spole\u010dnost p\u0159\u00edmo, transparetnee a zodpov\u011bdn\u011b pom\u016f\u017ee lidem, kte\u0159\u00ed jsou v ohro\u017een\u00ed \u017eivota nebo zdrav\u00ed.<\/p>\n<\/div>\n    <\/div>\n    <div class=\"a-support__footer\">\n        <div class=\"a-support__cta\">\n            <a href=\"https:\/\/www.magna.org\/cs\/zapojte-se\/firmy-a-nadace\/\" target=\"\" class=\"e-btn e-btn--primary\"><span>Zjistit v\u00edce<\/span><i class=\"icon-heart\"><\/i><\/a>\n        <\/div>\n    <\/div>\n<\/article>\n            <\/div>\n        <\/div>\n    <\/div>\n<\/section>\n\n<section class=\"s-support hc-section-space--normal\">\n    <div class=\"s-support__header\">\n        <h1 class=\"s-support__title\">D\u00e1rcovsk\u00fd servis<\/h1>\n        <div class=\"s-support__intro\">\n            <p><strong>D\u011bkujeme za podporu organizace MAGNA.<\/strong><\/p>\n<p>Pokud informace, kter\u00e9 pot\u0159ebujete, nenajdete n\u00ed\u017ee, pod\u00edvejte se na na\u0161e \u010dasto kladen\u00e9 dotazy nebo kontaktujte n\u00e1s na \u010d\u00edsle <a href=\"tel:+420736416505\">+420 736 416 505<\/a> nebo e-mailem na <a href=\"mailto:darcovstvi@magna.org\">darcovstvi@magna.org<\/a>.<\/p>\n\n        <\/div>\n    <\/div>\n    <div class=\"s-support__content\">\n        <div class=\"s-support__items\">\n        <\/div>\n    <\/div>\n<\/section>\n\n<section class=\"s-faq hc-section-space--normal\">\n    <div class=\"s-faq__inner\">\n        <h2 class=\"s-faq__title\"><\/h2>\n        <div class=\"s-faq__items js-accordion\">\n                <h3 class=\"s-faq__question js-accordion__title\">Kolik z m\u00e9ho daru jede na pomoc d\u011btem?<\/h3>\n                <div class=\"s-faq__answer\">\n                    <p>Zav\u00e1zali jsme se zajistit, aby se n\u00e1\u0161 p\u0159\u00edjem vyu\u017e\u00edval efektivn\u011b, efektivn\u011b a zodpov\u011bdn\u011b, aby se po\u010d\u00edtalo ka\u017ed\u00e9 euro. <strong>V roce 2023 \u0161lo 95 % na\u0161ich p\u0159\u00edjm\u016f na soci\u00e1ln\u00ed aktivity<\/strong>. Pokud jde o z\u00edsk\u00e1v\u00e1n\u00ed a utr\u00e1cen\u00ed finan\u010dn\u00edch prost\u0159edk\u016f, uplat\u0148ujeme stejn\u00e9 z\u00e1sady transparentnosti a odpov\u011bdnosti, kter\u00fdmi se \u0159\u00edd\u00ed cel\u00e1 na\u0161e pr\u00e1ce. Ve\u0161ker\u00e9 podrobnosti naleznete v na\u0161ich v\u00fdro\u010dn\u00edch zpr\u00e1v\u00e1ch.<\/p>\n<p>&nbsp;<\/p>\n\n                <\/div>\n                <h3 class=\"s-faq__question js-accordion__title\">Co d\u011bl\u00e1te?<\/h3>\n                <div class=\"s-faq__answer\">\n                    <p>MAGNA ji\u017e dvacet let poskytuje zdravotn\u00ed pomoc obyvatel\u016fm, jejich\u017e \u017eivot nebo zdrav\u00ed je ohro\u017eeno, na Slovensku nebo v zahrani\u010d\u00ed.<\/p>\n<p>MAGNA t\u00fdmy zabezpe\u010duj\u00ed <strong>zdravotn\u00ed pomoc<\/strong> (konzultace s l\u00e9ka\u0159em, nemocni\u010dn\u00ed a nutri\u010dn\u00ed p\u00e9\u010di, o\u010dkov\u00e1n\u00ed, chirurgick\u00e9 z\u00e1kroky, porodn\u00ed p\u00e9\u010di a p\u00e9\u010di o novorozence a ment\u00e1ln\u00ed zdrav\u00ed) a <strong>materi\u00e1ln\u00ed pomoc<\/strong> (l\u00e9ky, strava, p\u0159\u00edst\u0159e\u0161\u00ed apod.). V p\u0159\u00edpadech, kdy je to nutn\u00e9, tak\u00e9 stav\u00edme zdravotnick\u00e1 za\u0159\u00edzen\u00ed.<\/p>\n<p>Na\u0161e zdravotnick\u00e9 projekty pom\u00e1haj\u00ed okam\u017eit\u011b i dlouhodob\u011b, n\u011bkter\u00e9 l\u00e9\u010debn\u00e9 programy trvaj\u00ed desetilet\u00ed.<\/p>\n<p>Ka\u017ed\u00fd rok provedeme a\u017e 300 tis\u00edc o\u0161et\u0159en\u00ed. O tom, co d\u011bl\u00e1me, se m\u016f\u017eete dozv\u011bd\u011bt zde.<\/p>\n\n                <\/div>\n                <h3 class=\"s-faq__question js-accordion__title\">Kde pracujete?<\/h3>\n                <div class=\"s-faq__answer\">\n                    <p><strong>L\u00e9\u010d\u00edme a pom\u00e1h\u00e1me statis\u00edc\u016fm d\u011btem po cel\u00e9m sv\u011bt\u011b.<\/strong><\/p>\n<p>Hlavn\u00ed operace, kter\u00e9 nyn\u00ed realizujeme jsou v <strong>Afgh\u00e1nist\u00e1nu<\/strong> poskytujeme \u017een\u00e1m bezpe\u010dn\u00e9 porody a l\u00e9\u010d\u00edme podvy\u017eiven\u00e9 d\u011bti. V <strong>Kon\u017esk\u00e9 Demokratick\u00e9 Republice<\/strong> podporujeme des\u00edtky zdravotnick\u00fdch za\u0159\u00edzen\u00ed a nemocnic, abychom poskytli \u017eivot zachra\u0148uj\u00edc\u00ed l\u00e9\u010dbu podvy\u017eiven\u00fdm d\u011btem, ob\u011btem sexu\u00e1ln\u00edho n\u00e1sil\u00ed a p\u0159inesli odbornou zdravotn\u00ed pomoc do odlehl\u00fdch \u010d\u00e1st\u00ed zem\u011b. V <strong>Libanonu<\/strong> pom\u00e1h\u00e1me ob\u011btem konfliktu a dlouhodob\u011b poskytujeme asistenci t\u011bhotn\u00fdm \u017een\u00e1m, pacient\u016fm s chronick\u00fdmi onemocn\u011bn\u00edmi a d\u011btem s nalomen\u00fdm du\u0161evn\u00edm zdrav\u00edm. V\u00edce o tom, kde pracujeme, se dozv\u00edte zde.<\/p>\n\n                <\/div>\n                <h3 class=\"s-faq__question js-accordion__title\">Jak zm\u011bn\u00edm v\u00fd\u0161i pravideln\u00e9ho daru?<\/h3>\n                <div class=\"s-faq__answer\">\n                    <p>Pokud byste cht\u011bli zm\u011bnit jak\u00e9koli podrobnosti o sv\u00e9m m\u011bs\u00ed\u010dn\u00edm daru, v\u010detn\u011b \u010d\u00e1stky, kontaktujte n\u00e1s e-mailem na <a href=\"mailto:darcovstvi@magna.org\">darcovstvi@magna.org<\/a> nebo volejte na \u010d\u00edslo <a href=\"tel:+420736416505\">+420 736 416 505<\/a> od pond\u011bl\u00ed do p\u00e1tku od 9. do 16. hodiny, kdy v\u00e1m budeme um\u011bt pomoci.<\/p>\n\n                <\/div>\n                <h3 class=\"s-faq__question js-accordion__title\">Jak zru\u0161\u00edm sv\u016fj pravideln\u00fd dar?<\/h3>\n                <div class=\"s-faq__answer\">\n                    <p>Chcete-li zru\u0161it sv\u016fj dar, kontaktujte n\u00e1s e-mailem na <a href=\"mailto:darcovstvi@magna.org\">darcovstvi@magna.org<\/a> nebo volejte na \u010d\u00edslo <a href=\"tel:+420736416505\">+420 736 416 505<\/a> od pond\u011bl\u00ed do p\u00e1tku od 9. do 16. hodiny, kdy v\u00e1m budeme um\u011bt pomoci.<\/p>\n\n                <\/div>\n                <h3 class=\"s-faq__question js-accordion__title\">Pot\u0159ebujete potvrzen\u00ed o sv\u00e9m daru?<\/h3>\n                <div class=\"s-faq__answer\">\n                    \n                <\/div>\n        <\/div>\n    <\/div>\n<\/section>","protected":false},"excerpt":{"rendered":"","protected":false},"author":2,"featured_media":0,"parent":0,"menu_order":0,"comment_status":"closed","ping_status":"closed","template":"page-full.php","meta":{"_acf_changed":false,"inline_featured_image":false,"footnotes":""},"class_list":["post-10181","page","type-page","status-publish","hentry"],"acf":[],"yoast_head":"<!-- This site is optimized with the Yoast SEO plugin v24.3 - https:\/\/yoast.com\/wordpress\/plugins\/seo\/ -->\n<title>Podpo\u0159te n\u00e1s - Magna<\/title>\n<meta name=\"robots\" content=\"index, follow, max-snippet:-1, max-image-preview:large, max-video-preview:-1\" \/>\n<link rel=\"canonical\" href=\"https:\/\/www.magna.org\/cs\/zapojte-se\/\" \/>\n<meta property=\"og:locale\" content=\"en_US\" \/>\n<meta property=\"og:type\" content=\"article\" \/>\n<meta property=\"og:title\" content=\"Podpo\u0159te n\u00e1s - Magna\" \/>\n<meta property=\"og:url\" content=\"https:\/\/www.magna.org\/cs\/zapojte-se\/\" \/>\n<meta property=\"og:site_name\" content=\"Magna\" \/>\n<meta property=\"article:modified_time\" content=\"2025-03-17T17:57:20+00:00\" \/>\n<meta name=\"twitter:card\" content=\"summary_large_image\" \/>\n<script type=\"application\/ld+json\" class=\"yoast-schema-graph\">{\"@context\":\"https:\/\/schema.org\",\"@graph\":[{\"@type\":\"WebPage\",\"@id\":\"https:\/\/www.magna.org\/cs\/zapojte-se\/\",\"url\":\"https:\/\/www.magna.org\/cs\/zapojte-se\/\",\"name\":\"Podpo\u0159te n\u00e1s - Magna\",\"isPartOf\":{\"@id\":\"https:\/\/www.magna.org\/cs\/#website\"},\"datePublished\":\"2022-12-07T18:46:59+00:00\",\"dateModified\":\"2025-03-17T17:57:20+00:00\",\"breadcrumb\":{\"@id\":\"https:\/\/www.magna.org\/cs\/zapojte-se\/#breadcrumb\"},\"inLanguage\":\"en-US\",\"potentialAction\":[{\"@type\":\"ReadAction\",\"target\":[\"https:\/\/www.magna.org\/cs\/zapojte-se\/\"]}]},{\"@type\":\"BreadcrumbList\",\"@id\":\"https:\/\/www.magna.org\/cs\/zapojte-se\/#breadcrumb\",\"itemListElement\":[{\"@type\":\"ListItem\",\"position\":1,\"name\":\"Home\",\"item\":\"https:\/\/www.magna.org\/cs\/\"},{\"@type\":\"ListItem\",\"position\":2,\"name\":\"Podpo\u0159te n\u00e1s\"}]},{\"@type\":\"WebSite\",\"@id\":\"https:\/\/www.magna.org\/cs\/#website\",\"url\":\"https:\/\/www.magna.org\/cs\/\",\"name\":\"Magna\",\"description\":\"Just another WordPress site\",\"potentialAction\":[{\"@type\":\"SearchAction\",\"target\":{\"@type\":\"EntryPoint\",\"urlTemplate\":\"https:\/\/www.magna.org\/cs\/?s={search_term_string}\"},\"query-input\":{\"@type\":\"PropertyValueSpecification\",\"valueRequired\":true,\"valueName\":\"search_term_string\"}}],\"inLanguage\":\"en-US\"}]}<\/script>\n<!-- \/ Yoast SEO plugin. -->","yoast_head_json":{"title":"Podpo\u0159te n\u00e1s - Magna","robots":{"index":"index","follow":"follow","max-snippet":"max-snippet:-1","max-image-preview":"max-image-preview:large","max-video-preview":"max-video-preview:-1"},"canonical":"https:\/\/www.magna.org\/cs\/zapojte-se\/","og_locale":"en_US","og_type":"article","og_title":"Podpo\u0159te n\u00e1s - Magna","og_url":"https:\/\/www.magna.org\/cs\/zapojte-se\/","og_site_name":"Magna","article_modified_time":"2025-03-17T17:57:20+00:00","twitter_card":"summary_large_image","schema":{"@context":"https:\/\/schema.org","@graph":[{"@type":"WebPage","@id":"https:\/\/www.magna.org\/cs\/zapojte-se\/","url":"https:\/\/www.magna.org\/cs\/zapojte-se\/","name":"Podpo\u0159te n\u00e1s - Magna","isPartOf":{"@id":"https:\/\/www.magna.org\/cs\/#website"},"datePublished":"2022-12-07T18:46:59+00:00","dateModified":"2025-03-17T17:57:20+00:00","breadcrumb":{"@id":"https:\/\/www.magna.org\/cs\/zapojte-se\/#breadcrumb"},"inLanguage":"en-US","potentialAction":[{"@type":"ReadAction","target":["https:\/\/www.magna.org\/cs\/zapojte-se\/"]}]},{"@type":"BreadcrumbList","@id":"https:\/\/www.magna.org\/cs\/zapojte-se\/#breadcrumb","itemListElement":[{"@type":"ListItem","position":1,"name":"Home","item":"https:\/\/www.magna.org\/cs\/"},{"@type":"ListItem","position":2,"name":"Podpo\u0159te n\u00e1s"}]},{"@type":"WebSite","@id":"https:\/\/www.magna.org\/cs\/#website","url":"https:\/\/www.magna.org\/cs\/","name":"Magna","description":"Just another WordPress site","potentialAction":[{"@type":"SearchAction","target":{"@type":"EntryPoint","urlTemplate":"https:\/\/www.magna.org\/cs\/?s={search_term_string}"},"query-input":{"@type":"PropertyValueSpecification","valueRequired":true,"valueName":"search_term_string"}}],"inLanguage":"en-US"}]}},"_links":{"self":[{"href":"https:\/\/www.magna.org\/cs\/wp-json\/wp\/v2\/pages\/10181","targetHints":{"allow":["GET"]}}],"collection":[{"href":"https:\/\/www.magna.org\/cs\/wp-json\/wp\/v2\/pages"}],"about":[{"href":"https:\/\/www.magna.org\/cs\/wp-json\/wp\/v2\/types\/page"}],"author":[{"embeddable":true,"href":"https:\/\/www.magna.org\/cs\/wp-json\/wp\/v2\/users\/2"}],"replies":[{"embeddable":true,"href":"https:\/\/www.magna.org\/cs\/wp-json\/wp\/v2\/comments?post=10181"}],"version-history":[{"count":78,"href":"https:\/\/www.magna.org\/cs\/wp-json\/wp\/v2\/pages\/10181\/revisions"}],"predecessor-version":[{"id":13702,"href":"https:\/\/www.magna.org\/cs\/wp-json\/wp\/v2\/pages\/10181\/revisions\/13702"}],"wp:attachment":[{"href":"https:\/\/www.magna.org\/cs\/wp-json\/wp\/v2\/media?parent=10181"}],"curies":[{"name":"wp","href":"https:\/\/api.w.org\/{rel}","templated":true}]}}