{"id":10235,"date":"2022-12-09T16:08:26","date_gmt":"2022-12-09T16:08:26","guid":{"rendered":"https:\/\/www.magna.org\/cs\/?page_id=10235"},"modified":"2025-03-29T16:16:24","modified_gmt":"2025-03-29T16:16:24","slug":"reportaze","status":"publish","type":"page","link":"https:\/\/www.magna.org\/cs\/co-delame\/reportaze\/","title":{"rendered":"Report\u00e1\u017ee"},"content":{"rendered":"<section class=\"s-support hc-section-space--normal\">\n    <div class=\"s-support__header\">\n        <h1 class=\"s-support__title\">Report\u00e1\u017ee a sv\u011bdectv\u00ed<\/h1>\n        <div class=\"s-support__intro\">\n            <p>My\u0161lenkou zalo\u017een\u00ed MAGNA bylo p\u0159in\u00e1\u0161et sv\u011bdectv\u00ed a poskytovat l\u00e9ka\u0159skou pomoc lidem v dob\u011b humanit\u00e1rn\u00edch katastrof. Dokumentujeme osudy ob\u011bt\u00ed katastrof a p\u0159in\u00e1\u0161\u00edme sv\u011bdectv\u00ed ze zapomenut\u00fdch \u010d\u00e1st\u00ed sv\u011bta, kter\u00e9 by se jinak k \u0161irok\u00e9 ve\u0159ejnosti nedostaly.<\/p>\n\n        <\/div>\n    <\/div>\n    <div class=\"s-support__content\">\n        <div class=\"s-support__items\">\n        <\/div>\n    <\/div>\n<\/section>\n\n<section class=\"s-home-hero s-home-hero--dark hc-section-space--normal\">\n    <div class=\"s-home-hero__inner\">\n        <div class=\"s-home-hero__media\">\n            <img loading=\"lazy\" decoding=\"async\" width=\"698\" height=\"524\" src=\"https:\/\/www.magna.org\/cs\/wp-content\/uploads\/2022\/11\/homepage-ukrajina-vojna-je-tu-a-teraz-shevcenko-698x524.jpg\" class=\"attachment-magna-hero size-magna-hero\" alt=\"\" srcset=\"https:\/\/www.magna.org\/cs\/wp-content\/uploads\/2022\/11\/homepage-ukrajina-vojna-je-tu-a-teraz-shevcenko-698x524.jpg 698w, https:\/\/www.magna.org\/cs\/wp-content\/uploads\/2022\/11\/homepage-ukrajina-vojna-je-tu-a-teraz-shevcenko-1396x1048.jpg 1396w\" sizes=\"auto, (max-width: 698px) 100vw, 698px\" \/>\n        <\/div>\n        <div class=\"s-home-hero__content\">\n            <h2 class=\"s-home-hero__title\">Ukrajina: v\u00e1lka je tady a te\u010f<\/h2>\n            <div class=\"s-home-hero__text\">\n                <p>V l\u00e9t\u011b 2022 se fotorgraf a \u0159editel MAGNA, Martin Band\u017e\u00e1k vydal na n\u011bkolik tis\u00edc kilometr\u016f dlouhou cestu po v\u00e1lkou zni\u010den\u00e9 Ukrajin\u011b, a\u017e do Charkova, m\u011bst\u011b na v\u00fdchodn\u00edm k\u0159\u00eddle zem\u011b, kter\u00e9 bylo zni\u010deno rusk\u00fdm ost\u0159elov\u00e1n\u00edm.<br>\r\n<br>\r\nZast\u00e1vky po cest\u011b byly pochmurn\u00e9. Zni\u010deny obytn\u00e9 domy v Borodyance. Zbombardovan\u00e1 nemocnice v Mykolajevu. Mu\u017e ve sv\u00e9m zni\u010den\u00e9m byt\u011b v Charkov\u011b. Lid\u00e9 m\u011bs\u00edce skr\u00fdvaj\u00edc\u00ed se v protiatomov\u00fdch krytech.<\/p>\n            <\/div>\n            <div class=\"s-home-hero__cta\">\n                <a href=\"https:\/\/www.magna.org\/cs\/reportaze-cs\/ukrajina-valka-je-tady-a-ted\/\" target=\"\" class=\"e-btn e-btn--bordered-light\">Zjistit v\u00edce<\/a>\n            <\/div>\n        <\/div>\n    <\/div>\n<\/section>\n\n<section class=\"s-panels hc-section-space--normal\">\n    <div class=\"s-panels__inner\">\n        <div class=\"s-panels__aside s-panels__aside--empty\"><\/div>\n        <div class=\"s-panels__content\">\n<section class=\"s-articles\">\n    <div class=\"s-articles__inner\">\n        <h2 class=\"s-articles__title\">Report\u00e1\u017ee<\/h2>\n        <div class=\"s-articles__content\">\n            <div class=\"s-articles__items\">\n                <div class=\"s-articles__item js-carousel__item\">\n                    \n<article class=\"a-news\">\n    <a href=\"https:\/\/www.magna.org\/cs\/sk\/reportaze\/deti-bez-mena-a-rodicov-zemetrasenie-v-turecku-a-syrii\/\" class=\"a-news__link\"><\/a>\n    <div class=\"a-news__image\">\n        <div class=\"a-news__img\" style=\"background-image:url('https:\/\/www.magna.org\/cs\/wp-content\/uploads\/2023\/02\/www.magna.org-deti-bez-mena-a-rodicov-zemetrasenie-v-turecku-a-syrii-mb2023g00705-468x468.jpg');\"><\/div>\n    <\/div>\n    <div class=\"a-news__content\">\n        <h5 class=\"a-news__subtitle\">Report\u00e1\u017ee<\/h5>\n        <h3 class=\"a-news__title\">Deti bez mena a rodi\u010dov &#8211; zemetrasenie v Turecku a S\u00fdrii<\/h3>\n    <\/div>\n    <div class=\"a-news__footer\">\n        <div class=\"a-news__tags\"><\/div>\n        <div class=\"a-news__date\">16. 02. 2023<\/div>\n    <\/div>\n<\/article>                <\/div>\n                <div class=\"s-articles__item js-carousel__item\">\n                    \n<article class=\"a-news\">\n    <a href=\"https:\/\/www.magna.org\/cs\/sk\/reportaze\/libanon-krajina-kde-zhaslo-svetlo\/\" class=\"a-news__link\"><\/a>\n    <div class=\"a-news__image\">\n        <div class=\"a-news__img\" style=\"background-image:url('https:\/\/www.magna.org\/cs\/wp-content\/uploads\/2022\/09\/homepage-co-robime-mb2015014g0280-scaled-e1669890521465-468x468.jpg');\"><\/div>\n    <\/div>\n    <div class=\"a-news__content\">\n        <h5 class=\"a-news__subtitle\">Report\u00e1\u017ee<\/h5>\n        <h3 class=\"a-news__title\">Libanon: krajina, kde zhaslo svetlo<\/h3>\n    <\/div>\n    <div class=\"a-news__footer\">\n        <div class=\"a-news__tags\"><\/div>\n        <div class=\"a-news__date\">16. 11. 2022<\/div>\n    <\/div>\n<\/article>                <\/div>\n                <div class=\"s-articles__item js-carousel__item\">\n                    \n<article class=\"a-news\">\n    <a href=\"https:\/\/www.magna.org\/cs\/sk\/reportaze\/haiti-zivot-v-stanoch\/\" class=\"a-news__link\"><\/a>\n    <div class=\"a-news__image\">\n        <div class=\"a-news__img\" style=\"background-image:url('https:\/\/www.magna.org\/cs\/wp-content\/uploads\/2022\/09\/homepage-co-robime-mb2015014g0280-scaled-e1669890521465-468x468.jpg');\"><\/div>\n    <\/div>\n    <div class=\"a-news__content\">\n        <h5 class=\"a-news__subtitle\">Report\u00e1\u017ee<\/h5>\n        <h3 class=\"a-news__title\">Haiti: \u017eivot v stanoch<\/h3>\n    <\/div>\n    <div class=\"a-news__footer\">\n        <div class=\"a-news__tags\"><\/div>\n        <div class=\"a-news__date\">16. 11. 2022<\/div>\n    <\/div>\n<\/article>                <\/div>\n                <div class=\"s-articles__item js-carousel__item\">\n                    \n<article class=\"a-news\">\n    <a href=\"https:\/\/www.magna.org\/cs\/sk\/reportaze\/irak-dalsia-genocida-jezidov\/\" class=\"a-news__link\"><\/a>\n    <div class=\"a-news__image\">\n        <div class=\"a-news__img\" style=\"background-image:url('https:\/\/www.magna.org\/cs\/wp-content\/uploads\/2022\/09\/homepage-co-robime-mb2015014g0280-scaled-e1669890521465-468x468.jpg');\"><\/div>\n    <\/div>\n    <div class=\"a-news__content\">\n        <h5 class=\"a-news__subtitle\">Report\u00e1\u017ee<\/h5>\n        <h3 class=\"a-news__title\">Irak: \u010fa\u013esia genoc\u00edda Jez\u00eddov<\/h3>\n    <\/div>\n    <div class=\"a-news__footer\">\n        <div class=\"a-news__tags\"><\/div>\n        <div class=\"a-news__date\">10. 11. 2022<\/div>\n    <\/div>\n<\/article>                <\/div>\n                <div class=\"s-articles__item js-carousel__item\">\n                    \n<article class=\"a-news\">\n    <a href=\"https:\/\/www.magna.org\/cs\/sk\/reportaze\/dr-kongo-znasilnenie-alebo-smrt\/\" class=\"a-news__link\"><\/a>\n    <div class=\"a-news__image\">\n        <div class=\"a-news__img\" style=\"background-image:url('https:\/\/www.magna.org\/cs\/wp-content\/uploads\/2022\/09\/homepage-co-robime-mb2015014g0280-scaled-e1669890521465-468x468.jpg');\"><\/div>\n    <\/div>\n    <div class=\"a-news__content\">\n        <h5 class=\"a-news__subtitle\">Report\u00e1\u017ee<\/h5>\n        <h3 class=\"a-news__title\">DR Kongo: zn\u00e1silnenie alebo smr\u0165<\/h3>\n    <\/div>\n    <div class=\"a-news__footer\">\n        <div class=\"a-news__tags\"><\/div>\n        <div class=\"a-news__date\">10. 11. 2022<\/div>\n    <\/div>\n<\/article>                <\/div>\n                <div class=\"s-articles__item js-carousel__item\">\n                    \n<article class=\"a-news\">\n    <a href=\"https:\/\/www.magna.org\/cs\/sk\/reportaze\/juzny-sudan-najmladsi-stat-na-svete\/\" class=\"a-news__link\"><\/a>\n    <div class=\"a-news__image\">\n        <div class=\"a-news__img\" style=\"background-image:url('https:\/\/www.magna.org\/cs\/wp-content\/uploads\/2022\/09\/homepage-co-robime-mb2015014g0280-scaled-e1669890521465-468x468.jpg');\"><\/div>\n    <\/div>\n    <div class=\"a-news__content\">\n        <h5 class=\"a-news__subtitle\">Report\u00e1\u017ee<\/h5>\n        <h3 class=\"a-news__title\">Ju\u017en\u00fd Sud\u00e1n: najmlad\u0161\u00ed \u0161t\u00e1t na svete<\/h3>\n    <\/div>\n    <div class=\"a-news__footer\">\n        <div class=\"a-news__tags\"><\/div>\n        <div class=\"a-news__date\">10. 11. 2022<\/div>\n    <\/div>\n<\/article>                <\/div>\n                <div class=\"s-articles__item js-carousel__item\">\n                    \n<article class=\"a-news\">\n    <a href=\"https:\/\/www.magna.org\/cs\/sk\/reportaze\/irak-dva-roky-bez-dazda\/\" class=\"a-news__link\"><\/a>\n    <div class=\"a-news__image\">\n        <div class=\"a-news__img\" style=\"background-image:url('https:\/\/www.magna.org\/cs\/wp-content\/uploads\/2022\/11\/homepage-irak-2-roky-bez-dazda-l1005119-468x468.jpg');\"><\/div>\n    <\/div>\n    <div class=\"a-news__content\">\n        <h5 class=\"a-news__subtitle\">Report\u00e1\u017ee<\/h5>\n        <h3 class=\"a-news__title\">Irak: dva roky bez da\u017e\u010fa<\/h3>\n    <\/div>\n    <div class=\"a-news__footer\">\n        <div class=\"a-news__tags\"><\/div>\n        <div class=\"a-news__date\">10. 11. 2022<\/div>\n    <\/div>\n<\/article>                <\/div>\n                <div class=\"s-articles__item js-carousel__item\">\n                    \n<article class=\"a-news\">\n    <a href=\"https:\/\/www.magna.org\/cs\/sk\/reportaze\/nikaragua\/\" class=\"a-news__link\"><\/a>\n    <div class=\"a-news__image\">\n        <div class=\"a-news__img\" style=\"background-image:url('https:\/\/www.magna.org\/cs\/wp-content\/uploads\/2022\/09\/homepage-co-robime-mb2015014g0280-scaled-e1669890521465-468x468.jpg');\"><\/div>\n    <\/div>\n    <div class=\"a-news__content\">\n        <h5 class=\"a-news__subtitle\">Report\u00e1\u017ee<\/h5>\n        <h3 class=\"a-news__title\">Nikaragua: deti maj\u00fa deti<\/h3>\n    <\/div>\n    <div class=\"a-news__footer\">\n        <div class=\"a-news__tags\"><\/div>\n        <div class=\"a-news__date\">10. 11. 2022<\/div>\n    <\/div>\n<\/article>                <\/div>\n                <div class=\"s-articles__item js-carousel__item\">\n                    \n<article class=\"a-news\">\n    <a href=\"https:\/\/www.magna.org\/cs\/sk\/reportaze\/utecenci-transport-do-europy\/\" class=\"a-news__link\"><\/a>\n    <div class=\"a-news__image\">\n        <div class=\"a-news__img\" style=\"background-image:url('https:\/\/www.magna.org\/cs\/wp-content\/uploads\/2022\/09\/homepage-co-robime-mb2015014g0280-scaled-e1669890521465-468x468.jpg');\"><\/div>\n    <\/div>\n    <div class=\"a-news__content\">\n        <h5 class=\"a-news__subtitle\">Report\u00e1\u017ee<\/h5>\n        <h3 class=\"a-news__title\">Ute\u010denci: transport do Eur\u00f3py<\/h3>\n    <\/div>\n    <div class=\"a-news__footer\">\n        <div class=\"a-news__tags\"><\/div>\n        <div class=\"a-news__date\">10. 11. 2022<\/div>\n    <\/div>\n<\/article>                <\/div>\n                <div class=\"s-articles__item js-carousel__item\">\n                    \n<article class=\"a-news\">\n    <a href=\"https:\/\/www.magna.org\/cs\/sk\/reportaze\/vojna-na-ukrajine\/\" class=\"a-news__link\"><\/a>\n    <div class=\"a-news__image\">\n        <div class=\"a-news__img\" style=\"background-image:url('https:\/\/www.magna.org\/cs\/wp-content\/uploads\/2022\/11\/homepage-ukrajina-vojna-je-tu-a-teraz-shevcenko-468x468.jpg');\"><\/div>\n    <\/div>\n    <div class=\"a-news__content\">\n        <h5 class=\"a-news__subtitle\">Report\u00e1\u017ee<\/h5>\n        <h3 class=\"a-news__title\">Ukrajina: vojna je tu a teraz<\/h3>\n    <\/div>\n    <div class=\"a-news__footer\">\n        <div class=\"a-news__tags\"><\/div>\n        <div class=\"a-news__date\">10. 11. 2022<\/div>\n    <\/div>\n<\/article>                <\/div>\n            <\/div>\n        <\/div>\n    <\/div>\n<\/section>        <\/div>\n    <\/div>\n<\/section>","protected":false},"excerpt":{"rendered":"","protected":false},"author":2,"featured_media":824,"parent":10177,"menu_order":4,"comment_status":"closed","ping_status":"closed","template":"page-full.php","meta":{"_acf_changed":false,"inline_featured_image":false,"footnotes":""},"class_list":["post-10235","page","type-page","status-publish","has-post-thumbnail","hentry"],"acf":[],"yoast_head":"<!-- This site is optimized with the Yoast SEO plugin v24.3 - https:\/\/yoast.com\/wordpress\/plugins\/seo\/ -->\n<title>Report\u00e1\u017ee - Magna<\/title>\n<meta name=\"robots\" content=\"index, follow, max-snippet:-1, max-image-preview:large, max-video-preview:-1\" \/>\n<link rel=\"canonical\" href=\"https:\/\/www.magna.org\/cs\/co-delame\/reportaze\/\" \/>\n<meta property=\"og:locale\" content=\"en_US\" \/>\n<meta property=\"og:type\" content=\"article\" \/>\n<meta property=\"og:title\" content=\"Report\u00e1\u017ee - Magna\" \/>\n<meta property=\"og:url\" content=\"https:\/\/www.magna.org\/cs\/co-delame\/reportaze\/\" \/>\n<meta property=\"og:site_name\" content=\"Magna\" \/>\n<meta property=\"article:modified_time\" content=\"2025-03-29T16:16:24+00:00\" \/>\n<meta property=\"og:image\" content=\"https:\/\/www.magna.org\/cs\/wp-content\/uploads\/2022\/09\/homepage-co-robime-mb2015014g0280-scaled-e1669890521465.jpg\" \/>\n\t<meta property=\"og:image:width\" content=\"2560\" \/>\n\t<meta property=\"og:image:height\" content=\"1504\" \/>\n\t<meta property=\"og:image:type\" content=\"image\/jpeg\" \/>\n<meta name=\"twitter:card\" content=\"summary_large_image\" \/>\n<meta name=\"twitter:label1\" content=\"Est. reading time\" \/>\n\t<meta name=\"twitter:data1\" content=\"1 minute\" \/>\n<script type=\"application\/ld+json\" class=\"yoast-schema-graph\">{\"@context\":\"https:\/\/schema.org\",\"@graph\":[{\"@type\":\"WebPage\",\"@id\":\"https:\/\/www.magna.org\/cs\/co-delame\/reportaze\/\",\"url\":\"https:\/\/www.magna.org\/cs\/co-delame\/reportaze\/\",\"name\":\"Report\u00e1\u017ee - Magna\",\"isPartOf\":{\"@id\":\"https:\/\/www.magna.org\/cs\/#website\"},\"primaryImageOfPage\":{\"@id\":\"https:\/\/www.magna.org\/cs\/co-delame\/reportaze\/#primaryimage\"},\"image\":{\"@id\":\"https:\/\/www.magna.org\/cs\/co-delame\/reportaze\/#primaryimage\"},\"thumbnailUrl\":\"https:\/\/www.magna.org\/cs\/wp-content\/uploads\/2022\/09\/homepage-co-robime-mb2015014g0280-scaled-e1669890521465.jpg\",\"datePublished\":\"2022-12-09T16:08:26+00:00\",\"dateModified\":\"2025-03-29T16:16:24+00:00\",\"breadcrumb\":{\"@id\":\"https:\/\/www.magna.org\/cs\/co-delame\/reportaze\/#breadcrumb\"},\"inLanguage\":\"en-US\",\"potentialAction\":[{\"@type\":\"ReadAction\",\"target\":[\"https:\/\/www.magna.org\/cs\/co-delame\/reportaze\/\"]}]},{\"@type\":\"ImageObject\",\"inLanguage\":\"en-US\",\"@id\":\"https:\/\/www.magna.org\/cs\/co-delame\/reportaze\/#primaryimage\",\"url\":\"https:\/\/www.magna.org\/cs\/wp-content\/uploads\/2022\/09\/homepage-co-robime-mb2015014g0280-scaled-e1669890521465.jpg\",\"contentUrl\":\"https:\/\/www.magna.org\/cs\/wp-content\/uploads\/2022\/09\/homepage-co-robime-mb2015014g0280-scaled-e1669890521465.jpg\",\"width\":2560,\"height\":1504},{\"@type\":\"BreadcrumbList\",\"@id\":\"https:\/\/www.magna.org\/cs\/co-delame\/reportaze\/#breadcrumb\",\"itemListElement\":[{\"@type\":\"ListItem\",\"position\":1,\"name\":\"Home\",\"item\":\"https:\/\/www.magna.org\/cs\/\"},{\"@type\":\"ListItem\",\"position\":2,\"name\":\"Co d\u011bl\u00e1me\",\"item\":\"https:\/\/www.magna.org\/cs\/co-delame\/\"},{\"@type\":\"ListItem\",\"position\":3,\"name\":\"Report\u00e1\u017ee\"}]},{\"@type\":\"WebSite\",\"@id\":\"https:\/\/www.magna.org\/cs\/#website\",\"url\":\"https:\/\/www.magna.org\/cs\/\",\"name\":\"Magna\",\"description\":\"Just another WordPress site\",\"potentialAction\":[{\"@type\":\"SearchAction\",\"target\":{\"@type\":\"EntryPoint\",\"urlTemplate\":\"https:\/\/www.magna.org\/cs\/?s={search_term_string}\"},\"query-input\":{\"@type\":\"PropertyValueSpecification\",\"valueRequired\":true,\"valueName\":\"search_term_string\"}}],\"inLanguage\":\"en-US\"}]}<\/script>\n<!-- \/ Yoast SEO plugin. -->","yoast_head_json":{"title":"Report\u00e1\u017ee - Magna","robots":{"index":"index","follow":"follow","max-snippet":"max-snippet:-1","max-image-preview":"max-image-preview:large","max-video-preview":"max-video-preview:-1"},"canonical":"https:\/\/www.magna.org\/cs\/co-delame\/reportaze\/","og_locale":"en_US","og_type":"article","og_title":"Report\u00e1\u017ee - Magna","og_url":"https:\/\/www.magna.org\/cs\/co-delame\/reportaze\/","og_site_name":"Magna","article_modified_time":"2025-03-29T16:16:24+00:00","og_image":[{"width":2560,"height":1504,"url":"https:\/\/www.magna.org\/cs\/wp-content\/uploads\/2022\/09\/homepage-co-robime-mb2015014g0280-scaled-e1669890521465.jpg","type":"image\/jpeg"}],"twitter_card":"summary_large_image","twitter_misc":{"Est. reading time":"1 minute"},"schema":{"@context":"https:\/\/schema.org","@graph":[{"@type":"WebPage","@id":"https:\/\/www.magna.org\/cs\/co-delame\/reportaze\/","url":"https:\/\/www.magna.org\/cs\/co-delame\/reportaze\/","name":"Report\u00e1\u017ee - Magna","isPartOf":{"@id":"https:\/\/www.magna.org\/cs\/#website"},"primaryImageOfPage":{"@id":"https:\/\/www.magna.org\/cs\/co-delame\/reportaze\/#primaryimage"},"image":{"@id":"https:\/\/www.magna.org\/cs\/co-delame\/reportaze\/#primaryimage"},"thumbnailUrl":"https:\/\/www.magna.org\/cs\/wp-content\/uploads\/2022\/09\/homepage-co-robime-mb2015014g0280-scaled-e1669890521465.jpg","datePublished":"2022-12-09T16:08:26+00:00","dateModified":"2025-03-29T16:16:24+00:00","breadcrumb":{"@id":"https:\/\/www.magna.org\/cs\/co-delame\/reportaze\/#breadcrumb"},"inLanguage":"en-US","potentialAction":[{"@type":"ReadAction","target":["https:\/\/www.magna.org\/cs\/co-delame\/reportaze\/"]}]},{"@type":"ImageObject","inLanguage":"en-US","@id":"https:\/\/www.magna.org\/cs\/co-delame\/reportaze\/#primaryimage","url":"https:\/\/www.magna.org\/cs\/wp-content\/uploads\/2022\/09\/homepage-co-robime-mb2015014g0280-scaled-e1669890521465.jpg","contentUrl":"https:\/\/www.magna.org\/cs\/wp-content\/uploads\/2022\/09\/homepage-co-robime-mb2015014g0280-scaled-e1669890521465.jpg","width":2560,"height":1504},{"@type":"BreadcrumbList","@id":"https:\/\/www.magna.org\/cs\/co-delame\/reportaze\/#breadcrumb","itemListElement":[{"@type":"ListItem","position":1,"name":"Home","item":"https:\/\/www.magna.org\/cs\/"},{"@type":"ListItem","position":2,"name":"Co d\u011bl\u00e1me","item":"https:\/\/www.magna.org\/cs\/co-delame\/"},{"@type":"ListItem","position":3,"name":"Report\u00e1\u017ee"}]},{"@type":"WebSite","@id":"https:\/\/www.magna.org\/cs\/#website","url":"https:\/\/www.magna.org\/cs\/","name":"Magna","description":"Just another WordPress site","potentialAction":[{"@type":"SearchAction","target":{"@type":"EntryPoint","urlTemplate":"https:\/\/www.magna.org\/cs\/?s={search_term_string}"},"query-input":{"@type":"PropertyValueSpecification","valueRequired":true,"valueName":"search_term_string"}}],"inLanguage":"en-US"}]}},"_links":{"self":[{"href":"https:\/\/www.magna.org\/cs\/wp-json\/wp\/v2\/pages\/10235","targetHints":{"allow":["GET"]}}],"collection":[{"href":"https:\/\/www.magna.org\/cs\/wp-json\/wp\/v2\/pages"}],"about":[{"href":"https:\/\/www.magna.org\/cs\/wp-json\/wp\/v2\/types\/page"}],"author":[{"embeddable":true,"href":"https:\/\/www.magna.org\/cs\/wp-json\/wp\/v2\/users\/2"}],"replies":[{"embeddable":true,"href":"https:\/\/www.magna.org\/cs\/wp-json\/wp\/v2\/comments?post=10235"}],"version-history":[{"count":11,"href":"https:\/\/www.magna.org\/cs\/wp-json\/wp\/v2\/pages\/10235\/revisions"}],"predecessor-version":[{"id":13718,"href":"https:\/\/www.magna.org\/cs\/wp-json\/wp\/v2\/pages\/10235\/revisions\/13718"}],"up":[{"embeddable":true,"href":"https:\/\/www.magna.org\/cs\/wp-json\/wp\/v2\/pages\/10177"}],"wp:featuredmedia":[{"embeddable":true,"href":"https:\/\/www.magna.org\/cs\/wp-json\/wp\/v2\/media\/824"}],"wp:attachment":[{"href":"https:\/\/www.magna.org\/cs\/wp-json\/wp\/v2\/media?parent=10235"}],"curies":[{"name":"wp","href":"https:\/\/api.w.org\/{rel}","templated":true}]}}