{"id":10244,"date":"2022-12-09T16:32:30","date_gmt":"2022-12-09T16:32:30","guid":{"rendered":"https:\/\/www.magna.org\/cs\/?page_id=10244"},"modified":"2025-02-25T17:27:38","modified_gmt":"2025-02-25T17:27:38","slug":"darujte-kazdy-mesic","status":"publish","type":"page","link":"https:\/\/www.magna.org\/cs\/zapojte-se\/darujte-kazdy-mesic\/","title":{"rendered":"Darujte ka\u017ed\u00fd m\u011bs\u00edc"},"content":{"rendered":"<section class=\"s-home-hero s-home-hero--red hc-section-space--normal\">\n    <div class=\"s-home-hero__inner\">\n        <div class=\"s-home-hero__media\">\n            <img loading=\"lazy\" decoding=\"async\" width=\"698\" height=\"524\" src=\"https:\/\/www.magna.org\/cs\/wp-content\/uploads\/2022\/11\/homepage-nikaragua-mb2010010g0330-698x524.jpg\" class=\"attachment-magna-hero size-magna-hero\" alt=\"\" srcset=\"https:\/\/www.magna.org\/cs\/wp-content\/uploads\/2022\/11\/homepage-nikaragua-mb2010010g0330-698x524.jpg 698w, https:\/\/www.magna.org\/cs\/wp-content\/uploads\/2022\/11\/homepage-nikaragua-mb2010010g0330-1396x1048.jpg 1396w\" sizes=\"auto, (max-width: 698px) 100vw, 698px\" \/>\n        <\/div>\n        <div class=\"s-home-hero__content\">\n            <h2 class=\"s-home-hero__title\">P\u0159idejte se<\/h2>\n            <div class=\"s-home-hero__text\">\n                <p>Jako pravideln\u00fd d\u00e1rce hrajete v na\u0161\u00ed pr\u00e1ci d\u016fle\u017eitou roli. D\u00edky v\u00e1m jsme p\u0159ipraveni zachra\u0148ovat \u017eivoty v co nejkrat\u0161\u00edm \u010dase.<\/p>\n            <\/div>\n            <div class=\"s-home-hero__cta\">\n                <a href=\"https:\/\/www.magna.org\/cs\/pomozte\/\" target=\"\" class=\"e-btn e-btn--dark\">Chci darovat<\/a>\n            <\/div>\n        <\/div>\n    <\/div>\n<\/section>\n\n<div class=\"e-content-text\"><div class=\"e-content-text__inner\">\n<h2 class=\"wp-block-heading\">Pro\u010d se st\u00e1t pravideln\u00fdm d\u00e1rcem?<\/h2>\n<\/div><\/div>\n\n<div class=\"e-content-text\"><div class=\"e-content-text__inner\">\n<p>Pravideln\u00ed d\u00e1rci \u2013 Magna partne\u0159i \u2013 poskytuj\u00ed pravideln\u00fd dar, kter\u00fd se automaticky p\u0159ev\u00e1d\u00ed ka\u017ed\u00fd m\u011bs\u00edc z kreditn\u00ed\/debetn\u00ed karty nebo pomoc\u00ed trval\u00e9ho p\u0159\u00edkazu z jejich bankovn\u00edho \u00fa\u010dtu. V\u00e1\u0161 pravideln\u00fd dar si m\u016f\u017eete kdykoli pozastavit.<\/p>\n<\/div><\/div>\n\n<div class=\"e-content-text\"><div class=\"e-content-text__inner\">\n<p>Bez ohledu na \u010d\u00e1stku m\u00e1 v\u00e1\u0161 opakovan\u00fd dar velk\u00fd vliv. Pravideln\u00e9 dary n\u00e1m umo\u017e\u0148uj\u00ed rychle reagovat, kdy\u017e nastane krize. D\u00edky v\u00e1m m\u016f\u017eeme zas\u00e1hnout ihned.<\/p>\n<\/div><\/div>\n\n<div class=\"e-content-text\"><div class=\"e-content-text__inner\">\n<p><strong><a href=\"https:\/\/www.magna.org\/cs\/pomozte\/\">Darujte online<\/a><\/strong><\/p>\n<\/div><\/div>\n\n<div class=\"e-content-text\"><div class=\"e-content-text__inner\">\n<p><strong><a href=\"https:\/\/www.magna.org\/cs\/pomozte\/\">Vytvo\u0159te si trval\u00fd p\u0159\u00edkaz<\/a><\/strong><br>Po registraci, obdr\u017e\u00edte mail s va\u0161\u00edm unik\u00e1tn\u00edm variabiln\u00edm symbolem a v\u0161emi informacemi, abz jste si mohli ve sv\u00e9 bance z\u0159\u00eddit trval\u00fd p\u0159\u00edkaz a za\u010d\u00edt pom\u00e1hat s n\u00e1mi.<\/p>\n<\/div><\/div>\n\n<div class=\"e-content-text\"><div class=\"e-content-text__inner\">\n<p><strong>Pom\u00e1hejte p\u0159es SMS<\/strong><br>SMS darov\u00e1n\u00ed je alternativou k online d\u00e1rcovstv\u00ed. Umo\u017e\u0148uje v\u00e1m rychle a efektivn\u011b poskytnout pravideln\u00fd dar. Sta\u010d\u00ed poslat SMS ve tvaru&nbsp;DMS TRV MAGNA 190&nbsp;na \u010d\u00edslo&nbsp;877 77&nbsp;a nastav\u00edte si pravideln\u00e9 p\u0159isp\u00edv\u00e1n\u00ed v hodnot\u011b 190,-K\u010d ka\u017ed\u00fd m\u011bs\u00edc.<\/p>\n<\/div><\/div>\n\n<div class=\"e-content-cite\">\n    <blockquote class=\"e-content-cite__wrap\">\n        <div class=\"e-content-cite__text\">Na\u0161e t\u00fdmy na m\u00edst\u011b se \u010dasto setk\u00e1vaj\u00ed s neo\u010dek\u00e1van\u00fdmi krizemi. Pravideln\u00e9 dary n\u00e1m umo\u017e\u0148uj\u00ed rychle a efektivn\u011b zas\u00e1hnout v dob\u011b nouze.<\/div>\n        <div class=\"e-content-cite__author\">Martin Band\u017e\u00e1k, v\u00fdkonn\u00fd \u0159editel MAGNA<\/div>\n    <\/blockquote>\n<\/div>\n\n<div class=\"e-content-media e-content-media--md\">\n            <img loading=\"lazy\" decoding=\"async\" width=\"1058\" height=\"705\" src=\"https:\/\/www.magna.org\/cs\/wp-content\/uploads\/2023\/04\/www.magna.org-dr-kongo-reakcia-na-etnicke-nasilie-v-kwamouth-zdravotna-a-nutricna-pomoc-obetiam-l1009422-1058x705.jpg\" class=\"attachment-magna-md size-magna-md\" alt=\"\" srcset=\"https:\/\/www.magna.org\/cs\/wp-content\/uploads\/2023\/04\/www.magna.org-dr-kongo-reakcia-na-etnicke-nasilie-v-kwamouth-zdravotna-a-nutricna-pomoc-obetiam-l1009422-1058x705.jpg 1058w, https:\/\/www.magna.org\/cs\/wp-content\/uploads\/2023\/04\/www.magna.org-dr-kongo-reakcia-na-etnicke-nasilie-v-kwamouth-zdravotna-a-nutricna-pomoc-obetiam-l1009422-300x200.jpg 300w, https:\/\/www.magna.org\/cs\/wp-content\/uploads\/2023\/04\/www.magna.org-dr-kongo-reakcia-na-etnicke-nasilie-v-kwamouth-zdravotna-a-nutricna-pomoc-obetiam-l1009422-1024x683.jpg 1024w, https:\/\/www.magna.org\/cs\/wp-content\/uploads\/2023\/04\/www.magna.org-dr-kongo-reakcia-na-etnicke-nasilie-v-kwamouth-zdravotna-a-nutricna-pomoc-obetiam-l1009422-768x512.jpg 768w, https:\/\/www.magna.org\/cs\/wp-content\/uploads\/2023\/04\/www.magna.org-dr-kongo-reakcia-na-etnicke-nasilie-v-kwamouth-zdravotna-a-nutricna-pomoc-obetiam-l1009422-1536x1024.jpg 1536w, https:\/\/www.magna.org\/cs\/wp-content\/uploads\/2023\/04\/www.magna.org-dr-kongo-reakcia-na-etnicke-nasilie-v-kwamouth-zdravotna-a-nutricna-pomoc-obetiam-l1009422-552x368.jpg 552w, https:\/\/www.magna.org\/cs\/wp-content\/uploads\/2023\/04\/www.magna.org-dr-kongo-reakcia-na-etnicke-nasilie-v-kwamouth-zdravotna-a-nutricna-pomoc-obetiam-l1009422-384x256.jpg 384w, https:\/\/www.magna.org\/cs\/wp-content\/uploads\/2023\/04\/www.magna.org-dr-kongo-reakcia-na-etnicke-nasilie-v-kwamouth-zdravotna-a-nutricna-pomoc-obetiam-l1009422-676x451.jpg 676w, https:\/\/www.magna.org\/cs\/wp-content\/uploads\/2023\/04\/www.magna.org-dr-kongo-reakcia-na-etnicke-nasilie-v-kwamouth-zdravotna-a-nutricna-pomoc-obetiam-l1009422-1352x901.jpg 1352w, https:\/\/www.magna.org\/cs\/wp-content\/uploads\/2023\/04\/www.magna.org-dr-kongo-reakcia-na-etnicke-nasilie-v-kwamouth-zdravotna-a-nutricna-pomoc-obetiam-l1009422.jpg 1800w\" sizes=\"auto, (max-width: 1058px) 100vw, 1058px\" \/>\n<\/div>\n\n<div class=\"e-content-text\"><div class=\"e-content-text__inner\">\n<h2 class=\"wp-block-heading\">Jak funguje pravideln\u00e9 d\u00e1rcovstv\u00ed?<\/h2>\n<\/div><\/div>\n\n<div class=\"e-content-text\"><div class=\"e-content-text__inner\">\n<p class=\"has-vivid-red-color has-text-color\"><strong>Je to jednoduch\u00e9: <\/strong>Ka\u017ed\u00fd m\u011bs\u00edc je v\u00e1\u0161 dar automaticky p\u0159eveden z va\u0161\u00ed kreditn\u00ed karty nebo bankovn\u00edho \u00fa\u010dtu. an \u00fa\u010det organizace MAGNA Sv\u016fj dar m\u016f\u017eete kdykoli zv\u00fd\u0161it, sn\u00ed\u017eit nebo pozastavit.<\/p>\n<\/div><\/div>\n\n<div class=\"e-content-text\"><div class=\"e-content-text__inner\">\n<h3 class=\"wp-block-heading\">V\u00fdhody opakovan\u00e9ho daru<\/h3>\n<\/div><\/div>\n\n<div class=\"e-content-text\"><div class=\"e-content-text__inner\">\n<p><strong>Pohodl\u00ed<\/strong>. Jednou za m\u011bs\u00edc se v\u00e1\u0161 dar automaticky p\u0159evede z va\u0161\u00ed kreditn\u00ed karty nebo bankovn\u00edho \u00fa\u010dtu na \u00fa\u010det organizace MAGNA. Nemus\u00edte se starat o nic, jen z pohodl\u00ed va\u0161eho ob\u00fdvac\u00edho pokoje pom\u00e1h\u00e1te zachra\u0148ovat \u017eivoty d\u011bt\u00ed<\/p>\n<\/div><\/div>\n\n<div class=\"e-content-text\"><div class=\"e-content-text__inner\">\n<p><strong>Kontrola<\/strong>. Nad va\u0161\u00edm darem m\u00e1te 100procentn\u00ed kontrolu. Sv\u016fj dar m\u016f\u017eete kdykoli pozastavit.<\/p>\n<\/div><\/div>\n\n<div class=\"e-content-text\"><div class=\"e-content-text__inner\">\n<p><strong>Jste sou\u010d\u00e1st\u00ed komunity. <\/strong>Jste sou\u010d\u00e1st\u00ed komunity. Jako Magna Partner m\u00e1te p\u0159\u00edstup k exkluzivn\u00edm ud\u00e1lostem v na\u0161em Magna Institute, pozv\u00e1nk\u00e1m na v\u00fdstavy, \u017eiv\u00e9 vstupy z ter\u00e9nu nebo r\u016fzn\u00e9 dal\u0161\u00ed ud\u00e1losti.<\/p>\n<\/div><\/div>\n\n<div class=\"e-content-text\"><div class=\"e-content-text__inner\">\n<p><strong>Komunikace<\/strong>. V\u00edte kde, komu a jak pom\u00e1h\u00e1te.<\/p>\n<\/div><\/div>","protected":false},"excerpt":{"rendered":"<p>Pro\u010d se st\u00e1t pravideln\u00fdm d\u00e1rcem? Pravideln\u00ed d\u00e1rci \u2013 Magna partne\u0159i \u2013 poskytuj\u00ed pravideln\u00fd dar, kter\u00fd se automaticky p\u0159ev\u00e1d\u00ed ka\u017ed\u00fd m\u011bs\u00edc z kreditn\u00ed\/debetn\u00ed karty nebo pomoc\u00ed trval\u00e9ho p\u0159\u00edkazu z jejich bankovn\u00edho \u00fa\u010dtu. V\u00e1\u0161 pravideln\u00fd dar si m\u016f\u017eete kdykoli pozastavit. Bez ohledu na \u010d\u00e1stku m\u00e1 v\u00e1\u0161 opakovan\u00fd dar velk\u00fd vliv. Pravideln\u00e9 dary n\u00e1m umo\u017e\u0148uj\u00ed rychle reagovat, kdy\u017e [&hellip;]<\/p>\n","protected":false},"author":2,"featured_media":0,"parent":10181,"menu_order":0,"comment_status":"closed","ping_status":"closed","template":"page-article.php","meta":{"_acf_changed":false,"inline_featured_image":false,"footnotes":""},"class_list":["post-10244","page","type-page","status-publish","hentry"],"acf":[],"yoast_head":"<!-- This site is optimized with the Yoast SEO plugin v24.3 - https:\/\/yoast.com\/wordpress\/plugins\/seo\/ -->\n<title>Darujte ka\u017ed\u00fd m\u011bs\u00edc - Magna<\/title>\n<meta name=\"robots\" content=\"index, follow, max-snippet:-1, max-image-preview:large, max-video-preview:-1\" \/>\n<link rel=\"canonical\" href=\"https:\/\/www.magna.org\/cs\/zapojte-se\/darujte-kazdy-mesic\/\" \/>\n<meta property=\"og:locale\" content=\"en_US\" \/>\n<meta property=\"og:type\" content=\"article\" \/>\n<meta property=\"og:title\" content=\"Darujte ka\u017ed\u00fd m\u011bs\u00edc - Magna\" \/>\n<meta property=\"og:description\" content=\"Pro\u010d se st\u00e1t pravideln\u00fdm d\u00e1rcem? Pravideln\u00ed d\u00e1rci \u2013 Magna partne\u0159i \u2013 poskytuj\u00ed pravideln\u00fd dar, kter\u00fd se automaticky p\u0159ev\u00e1d\u00ed ka\u017ed\u00fd m\u011bs\u00edc z kreditn\u00ed\/debetn\u00ed karty nebo pomoc\u00ed trval\u00e9ho p\u0159\u00edkazu z jejich bankovn\u00edho \u00fa\u010dtu. V\u00e1\u0161 pravideln\u00fd dar si m\u016f\u017eete kdykoli pozastavit. Bez ohledu na \u010d\u00e1stku m\u00e1 v\u00e1\u0161 opakovan\u00fd dar velk\u00fd vliv. Pravideln\u00e9 dary n\u00e1m umo\u017e\u0148uj\u00ed rychle reagovat, kdy\u017e [&hellip;]\" \/>\n<meta property=\"og:url\" content=\"https:\/\/www.magna.org\/cs\/zapojte-se\/darujte-kazdy-mesic\/\" \/>\n<meta property=\"og:site_name\" content=\"Magna\" \/>\n<meta property=\"article:modified_time\" content=\"2025-02-25T17:27:38+00:00\" \/>\n<meta name=\"twitter:card\" content=\"summary_large_image\" \/>\n<meta name=\"twitter:label1\" content=\"Est. reading time\" \/>\n\t<meta name=\"twitter:data1\" content=\"2 minutes\" \/>\n<script type=\"application\/ld+json\" class=\"yoast-schema-graph\">{\"@context\":\"https:\/\/schema.org\",\"@graph\":[{\"@type\":\"WebPage\",\"@id\":\"https:\/\/www.magna.org\/cs\/zapojte-se\/darujte-kazdy-mesic\/\",\"url\":\"https:\/\/www.magna.org\/cs\/zapojte-se\/darujte-kazdy-mesic\/\",\"name\":\"Darujte ka\u017ed\u00fd m\u011bs\u00edc - Magna\",\"isPartOf\":{\"@id\":\"https:\/\/www.magna.org\/cs\/#website\"},\"datePublished\":\"2022-12-09T16:32:30+00:00\",\"dateModified\":\"2025-02-25T17:27:38+00:00\",\"breadcrumb\":{\"@id\":\"https:\/\/www.magna.org\/cs\/zapojte-se\/darujte-kazdy-mesic\/#breadcrumb\"},\"inLanguage\":\"en-US\",\"potentialAction\":[{\"@type\":\"ReadAction\",\"target\":[\"https:\/\/www.magna.org\/cs\/zapojte-se\/darujte-kazdy-mesic\/\"]}]},{\"@type\":\"BreadcrumbList\",\"@id\":\"https:\/\/www.magna.org\/cs\/zapojte-se\/darujte-kazdy-mesic\/#breadcrumb\",\"itemListElement\":[{\"@type\":\"ListItem\",\"position\":1,\"name\":\"Home\",\"item\":\"https:\/\/www.magna.org\/cs\/\"},{\"@type\":\"ListItem\",\"position\":2,\"name\":\"Podpo\u0159te n\u00e1s\",\"item\":\"https:\/\/www.magna.org\/cs\/zapojte-se\/\"},{\"@type\":\"ListItem\",\"position\":3,\"name\":\"Darujte ka\u017ed\u00fd m\u011bs\u00edc\"}]},{\"@type\":\"WebSite\",\"@id\":\"https:\/\/www.magna.org\/cs\/#website\",\"url\":\"https:\/\/www.magna.org\/cs\/\",\"name\":\"Magna\",\"description\":\"Just another WordPress site\",\"potentialAction\":[{\"@type\":\"SearchAction\",\"target\":{\"@type\":\"EntryPoint\",\"urlTemplate\":\"https:\/\/www.magna.org\/cs\/?s={search_term_string}\"},\"query-input\":{\"@type\":\"PropertyValueSpecification\",\"valueRequired\":true,\"valueName\":\"search_term_string\"}}],\"inLanguage\":\"en-US\"}]}<\/script>\n<!-- \/ Yoast SEO plugin. -->","yoast_head_json":{"title":"Darujte ka\u017ed\u00fd m\u011bs\u00edc - Magna","robots":{"index":"index","follow":"follow","max-snippet":"max-snippet:-1","max-image-preview":"max-image-preview:large","max-video-preview":"max-video-preview:-1"},"canonical":"https:\/\/www.magna.org\/cs\/zapojte-se\/darujte-kazdy-mesic\/","og_locale":"en_US","og_type":"article","og_title":"Darujte ka\u017ed\u00fd m\u011bs\u00edc - Magna","og_description":"Pro\u010d se st\u00e1t pravideln\u00fdm d\u00e1rcem? Pravideln\u00ed d\u00e1rci \u2013 Magna partne\u0159i \u2013 poskytuj\u00ed pravideln\u00fd dar, kter\u00fd se automaticky p\u0159ev\u00e1d\u00ed ka\u017ed\u00fd m\u011bs\u00edc z kreditn\u00ed\/debetn\u00ed karty nebo pomoc\u00ed trval\u00e9ho p\u0159\u00edkazu z jejich bankovn\u00edho \u00fa\u010dtu. V\u00e1\u0161 pravideln\u00fd dar si m\u016f\u017eete kdykoli pozastavit. Bez ohledu na \u010d\u00e1stku m\u00e1 v\u00e1\u0161 opakovan\u00fd dar velk\u00fd vliv. Pravideln\u00e9 dary n\u00e1m umo\u017e\u0148uj\u00ed rychle reagovat, kdy\u017e [&hellip;]","og_url":"https:\/\/www.magna.org\/cs\/zapojte-se\/darujte-kazdy-mesic\/","og_site_name":"Magna","article_modified_time":"2025-02-25T17:27:38+00:00","twitter_card":"summary_large_image","twitter_misc":{"Est. reading time":"2 minutes"},"schema":{"@context":"https:\/\/schema.org","@graph":[{"@type":"WebPage","@id":"https:\/\/www.magna.org\/cs\/zapojte-se\/darujte-kazdy-mesic\/","url":"https:\/\/www.magna.org\/cs\/zapojte-se\/darujte-kazdy-mesic\/","name":"Darujte ka\u017ed\u00fd m\u011bs\u00edc - Magna","isPartOf":{"@id":"https:\/\/www.magna.org\/cs\/#website"},"datePublished":"2022-12-09T16:32:30+00:00","dateModified":"2025-02-25T17:27:38+00:00","breadcrumb":{"@id":"https:\/\/www.magna.org\/cs\/zapojte-se\/darujte-kazdy-mesic\/#breadcrumb"},"inLanguage":"en-US","potentialAction":[{"@type":"ReadAction","target":["https:\/\/www.magna.org\/cs\/zapojte-se\/darujte-kazdy-mesic\/"]}]},{"@type":"BreadcrumbList","@id":"https:\/\/www.magna.org\/cs\/zapojte-se\/darujte-kazdy-mesic\/#breadcrumb","itemListElement":[{"@type":"ListItem","position":1,"name":"Home","item":"https:\/\/www.magna.org\/cs\/"},{"@type":"ListItem","position":2,"name":"Podpo\u0159te n\u00e1s","item":"https:\/\/www.magna.org\/cs\/zapojte-se\/"},{"@type":"ListItem","position":3,"name":"Darujte ka\u017ed\u00fd m\u011bs\u00edc"}]},{"@type":"WebSite","@id":"https:\/\/www.magna.org\/cs\/#website","url":"https:\/\/www.magna.org\/cs\/","name":"Magna","description":"Just another WordPress site","potentialAction":[{"@type":"SearchAction","target":{"@type":"EntryPoint","urlTemplate":"https:\/\/www.magna.org\/cs\/?s={search_term_string}"},"query-input":{"@type":"PropertyValueSpecification","valueRequired":true,"valueName":"search_term_string"}}],"inLanguage":"en-US"}]}},"_links":{"self":[{"href":"https:\/\/www.magna.org\/cs\/wp-json\/wp\/v2\/pages\/10244","targetHints":{"allow":["GET"]}}],"collection":[{"href":"https:\/\/www.magna.org\/cs\/wp-json\/wp\/v2\/pages"}],"about":[{"href":"https:\/\/www.magna.org\/cs\/wp-json\/wp\/v2\/types\/page"}],"author":[{"embeddable":true,"href":"https:\/\/www.magna.org\/cs\/wp-json\/wp\/v2\/users\/2"}],"replies":[{"embeddable":true,"href":"https:\/\/www.magna.org\/cs\/wp-json\/wp\/v2\/comments?post=10244"}],"version-history":[{"count":23,"href":"https:\/\/www.magna.org\/cs\/wp-json\/wp\/v2\/pages\/10244\/revisions"}],"predecessor-version":[{"id":13651,"href":"https:\/\/www.magna.org\/cs\/wp-json\/wp\/v2\/pages\/10244\/revisions\/13651"}],"up":[{"embeddable":true,"href":"https:\/\/www.magna.org\/cs\/wp-json\/wp\/v2\/pages\/10181"}],"wp:attachment":[{"href":"https:\/\/www.magna.org\/cs\/wp-json\/wp\/v2\/media?parent=10244"}],"curies":[{"name":"wp","href":"https:\/\/api.w.org\/{rel}","templated":true}]}}