{"id":398,"date":"2022-02-22T10:24:58","date_gmt":"2022-02-22T09:24:58","guid":{"rendered":"https:\/\/www.magna.org\/donate\/?page_id=398"},"modified":"2023-05-27T07:20:17","modified_gmt":"2023-05-27T05:20:17","slug":"ukrajina","status":"publish","type":"page","link":"https:\/\/www.magna.org\/donate\/sk\/ukrajina\/","title":{"rendered":"Ukrajina"},"content":{"rendered":"","protected":false},"excerpt":{"rendered":"","protected":false},"author":2,"featured_media":0,"parent":0,"menu_order":0,"comment_status":"closed","ping_status":"closed","template":"page-donation.php","meta":{"_acf_changed":false,"inline_featured_image":false,"footnotes":""},"class_list":["post-398","page","type-page","status-publish","hentry"],"acf":[],"yoast_head":"<!-- This site is optimized with the Yoast SEO plugin v24.3 - https:\/\/yoast.com\/wordpress\/plugins\/seo\/ -->\n<title>Ukrajina &#8226; MAGNA<\/title>\n<meta name=\"description\" content=\"Va\u0161a podpora n\u00e1m pom\u00e1ha im zabezpe\u010di\u0165 \u017eivot zachra\u0148uj\u00facu starostlivos\u0165, zdravotn\u00edcky materi\u00e1l a podporu miestnych nemocn\u00edc.\" \/>\n<meta name=\"robots\" content=\"index, follow, max-snippet:-1, max-image-preview:large, max-video-preview:-1\" \/>\n<link rel=\"canonical\" href=\"https:\/\/www.magna.org\/donate\/sk\/ukrajina\/\" \/>\n<meta property=\"og:locale\" content=\"en_US\" \/>\n<meta property=\"og:type\" content=\"article\" \/>\n<meta property=\"og:title\" content=\"Lie\u010dime obete vojny na Ukrajine. Pom\u00f4\u017ete im.\" \/>\n<meta property=\"og:description\" content=\"Va\u0161a podpora n\u00e1m pom\u00e1ha im zabezpe\u010di\u0165 \u017eivot zachra\u0148uj\u00facu starostlivos\u0165, zdravotn\u00edcky materi\u00e1l a podporu miestnych nemocn\u00edc.\" \/>\n<meta property=\"og:url\" content=\"https:\/\/www.magna.org\/donate\/sk\/ukrajina\/\" \/>\n<meta property=\"og:site_name\" content=\"MAGNA\" \/>\n<meta property=\"article:modified_time\" content=\"2023-05-27T05:20:17+00:00\" \/>\n<meta property=\"og:image\" content=\"https:\/\/www.magna.org\/donate\/wp-content\/uploads\/2023\/02\/donate.magna.org-ukrajina-27525-magna-vyrocie-vojny-na-ukrajine-landing-page-foto-ciste-e1677203180665.jpg\" \/>\n\t<meta property=\"og:image:width\" content=\"1669\" \/>\n\t<meta property=\"og:image:height\" content=\"742\" \/>\n\t<meta property=\"og:image:type\" content=\"image\/jpeg\" \/>\n<meta name=\"twitter:card\" content=\"summary_large_image\" \/>\n<meta name=\"twitter:title\" content=\"Lie\u010dime obete vojny na Ukrajine. Pom\u00f4\u017ete im.\" \/>\n<meta name=\"twitter:description\" content=\"Va\u0161a podpora n\u00e1m pom\u00e1ha im zabezpe\u010di\u0165 \u017eivot zachra\u0148uj\u00facu starostlivos\u0165, zdravotn\u00edcky materi\u00e1l a podporu miestnych nemocn\u00edc.\" \/>\n<meta name=\"twitter:image\" content=\"https:\/\/www.magna.org\/donate\/wp-content\/uploads\/2023\/02\/donate.magna.org-ukrajina-27525-magna-vyrocie-vojny-na-ukrajine-landing-page-foto-ciste-e1677203180665.jpg\" \/>\n<script type=\"application\/ld+json\" class=\"yoast-schema-graph\">{\"@context\":\"https:\/\/schema.org\",\"@graph\":[{\"@type\":\"WebPage\",\"@id\":\"https:\/\/www.magna.org\/donate\/sk\/ukrajina\/\",\"url\":\"https:\/\/www.magna.org\/donate\/sk\/ukrajina\/\",\"name\":\"Ukrajina &#8226; MAGNA\",\"isPartOf\":{\"@id\":\"https:\/\/www.magna.org\/donate\/#website\"},\"datePublished\":\"2022-02-22T09:24:58+00:00\",\"dateModified\":\"2023-05-27T05:20:17+00:00\",\"description\":\"Va\u0161a podpora n\u00e1m pom\u00e1ha im zabezpe\u010di\u0165 \u017eivot zachra\u0148uj\u00facu starostlivos\u0165, zdravotn\u00edcky materi\u00e1l a podporu miestnych nemocn\u00edc.\",\"breadcrumb\":{\"@id\":\"https:\/\/www.magna.org\/donate\/sk\/ukrajina\/#breadcrumb\"},\"inLanguage\":\"en-US\",\"potentialAction\":[{\"@type\":\"ReadAction\",\"target\":[\"https:\/\/www.magna.org\/donate\/sk\/ukrajina\/\"]}]},{\"@type\":\"BreadcrumbList\",\"@id\":\"https:\/\/www.magna.org\/donate\/sk\/ukrajina\/#breadcrumb\",\"itemListElement\":[{\"@type\":\"ListItem\",\"position\":1,\"name\":\"Home\",\"item\":\"https:\/\/www.magna.org\/donate\/sk\/\"},{\"@type\":\"ListItem\",\"position\":2,\"name\":\"Ukrajina\"}]},{\"@type\":\"WebSite\",\"@id\":\"https:\/\/www.magna.org\/donate\/#website\",\"url\":\"https:\/\/www.magna.org\/donate\/\",\"name\":\"MAGNA\",\"description\":\"Len \u010fal\u0161ia WordPress str\u00e1nka\",\"potentialAction\":[{\"@type\":\"SearchAction\",\"target\":{\"@type\":\"EntryPoint\",\"urlTemplate\":\"https:\/\/www.magna.org\/donate\/?s={search_term_string}\"},\"query-input\":{\"@type\":\"PropertyValueSpecification\",\"valueRequired\":true,\"valueName\":\"search_term_string\"}}],\"inLanguage\":\"en-US\"}]}<\/script>\n<!-- \/ Yoast SEO plugin. -->","yoast_head_json":{"title":"Ukrajina &#8226; MAGNA","description":"Va\u0161a podpora n\u00e1m pom\u00e1ha im zabezpe\u010di\u0165 \u017eivot zachra\u0148uj\u00facu starostlivos\u0165, zdravotn\u00edcky materi\u00e1l a podporu miestnych nemocn\u00edc.","robots":{"index":"index","follow":"follow","max-snippet":"max-snippet:-1","max-image-preview":"max-image-preview:large","max-video-preview":"max-video-preview:-1"},"canonical":"https:\/\/www.magna.org\/donate\/sk\/ukrajina\/","og_locale":"en_US","og_type":"article","og_title":"Lie\u010dime obete vojny na Ukrajine. Pom\u00f4\u017ete im.","og_description":"Va\u0161a podpora n\u00e1m pom\u00e1ha im zabezpe\u010di\u0165 \u017eivot zachra\u0148uj\u00facu starostlivos\u0165, zdravotn\u00edcky materi\u00e1l a podporu miestnych nemocn\u00edc.","og_url":"https:\/\/www.magna.org\/donate\/sk\/ukrajina\/","og_site_name":"MAGNA","article_modified_time":"2023-05-27T05:20:17+00:00","og_image":[{"width":1669,"height":742,"url":"https:\/\/www.magna.org\/donate\/wp-content\/uploads\/2023\/02\/donate.magna.org-ukrajina-27525-magna-vyrocie-vojny-na-ukrajine-landing-page-foto-ciste-e1677203180665.jpg","type":"image\/jpeg"}],"twitter_card":"summary_large_image","twitter_title":"Lie\u010dime obete vojny na Ukrajine. Pom\u00f4\u017ete im.","twitter_description":"Va\u0161a podpora n\u00e1m pom\u00e1ha im zabezpe\u010di\u0165 \u017eivot zachra\u0148uj\u00facu starostlivos\u0165, zdravotn\u00edcky materi\u00e1l a podporu miestnych nemocn\u00edc.","twitter_image":"https:\/\/www.magna.org\/donate\/wp-content\/uploads\/2023\/02\/donate.magna.org-ukrajina-27525-magna-vyrocie-vojny-na-ukrajine-landing-page-foto-ciste-e1677203180665.jpg","schema":{"@context":"https:\/\/schema.org","@graph":[{"@type":"WebPage","@id":"https:\/\/www.magna.org\/donate\/sk\/ukrajina\/","url":"https:\/\/www.magna.org\/donate\/sk\/ukrajina\/","name":"Ukrajina &#8226; MAGNA","isPartOf":{"@id":"https:\/\/www.magna.org\/donate\/#website"},"datePublished":"2022-02-22T09:24:58+00:00","dateModified":"2023-05-27T05:20:17+00:00","description":"Va\u0161a podpora n\u00e1m pom\u00e1ha im zabezpe\u010di\u0165 \u017eivot zachra\u0148uj\u00facu starostlivos\u0165, zdravotn\u00edcky materi\u00e1l a podporu miestnych nemocn\u00edc.","breadcrumb":{"@id":"https:\/\/www.magna.org\/donate\/sk\/ukrajina\/#breadcrumb"},"inLanguage":"en-US","potentialAction":[{"@type":"ReadAction","target":["https:\/\/www.magna.org\/donate\/sk\/ukrajina\/"]}]},{"@type":"BreadcrumbList","@id":"https:\/\/www.magna.org\/donate\/sk\/ukrajina\/#breadcrumb","itemListElement":[{"@type":"ListItem","position":1,"name":"Home","item":"https:\/\/www.magna.org\/donate\/sk\/"},{"@type":"ListItem","position":2,"name":"Ukrajina"}]},{"@type":"WebSite","@id":"https:\/\/www.magna.org\/donate\/#website","url":"https:\/\/www.magna.org\/donate\/","name":"MAGNA","description":"Len \u010fal\u0161ia WordPress str\u00e1nka","potentialAction":[{"@type":"SearchAction","target":{"@type":"EntryPoint","urlTemplate":"https:\/\/www.magna.org\/donate\/?s={search_term_string}"},"query-input":{"@type":"PropertyValueSpecification","valueRequired":true,"valueName":"search_term_string"}}],"inLanguage":"en-US"}]}},"_links":{"self":[{"href":"https:\/\/www.magna.org\/donate\/wp-json\/wp\/v2\/pages\/398","targetHints":{"allow":["GET"]}}],"collection":[{"href":"https:\/\/www.magna.org\/donate\/wp-json\/wp\/v2\/pages"}],"about":[{"href":"https:\/\/www.magna.org\/donate\/wp-json\/wp\/v2\/types\/page"}],"author":[{"embeddable":true,"href":"https:\/\/www.magna.org\/donate\/wp-json\/wp\/v2\/users\/2"}],"replies":[{"embeddable":true,"href":"https:\/\/www.magna.org\/donate\/wp-json\/wp\/v2\/comments?post=398"}],"version-history":[{"count":136,"href":"https:\/\/www.magna.org\/donate\/wp-json\/wp\/v2\/pages\/398\/revisions"}],"predecessor-version":[{"id":1120,"href":"https:\/\/www.magna.org\/donate\/wp-json\/wp\/v2\/pages\/398\/revisions\/1120"}],"wp:attachment":[{"href":"https:\/\/www.magna.org\/donate\/wp-json\/wp\/v2\/media?parent=398"}],"curies":[{"name":"wp","href":"https:\/\/api.w.org\/{rel}","templated":true}]}}