{"id":14,"date":"2021-09-19T18:23:46","date_gmt":"2021-09-19T16:23:46","guid":{"rendered":"http:\/\/localhost\/magna\/2021_magna_payment\/?page_id=14"},"modified":"2023-05-26T20:19:22","modified_gmt":"2023-05-26T18:19:22","slug":"domovska-stranka","status":"publish","type":"page","link":"https:\/\/www.magna.org\/fr\/donner\/cs\/","title":{"rendered":"Chci darovat"},"content":{"rendered":"","protected":false},"excerpt":{"rendered":"","protected":false},"author":1,"featured_media":0,"parent":0,"menu_order":0,"comment_status":"closed","ping_status":"open","template":"page-donation.php","meta":{"_acf_changed":false,"inline_featured_image":false,"footnotes":""},"class_list":["post-14","page","type-page","status-publish","hentry"],"acf":[],"yoast_head":"<!-- This site is optimized with the Yoast SEO plugin v24.3 - https:\/\/yoast.com\/wordpress\/plugins\/seo\/ -->\n<title>Chci darovat &#8226; MAGNA<\/title>\n<meta name=\"description\" content=\"Jsme p\u0159esv\u011bd\u010deni, \u017ee ka\u017ed\u00e9 d\u00edt\u011b m\u00e1 vyr\u016fstat ve zdrav\u00ed a bezpe\u010d\u00ed. V\u00e1\u0161 dar n\u00e1m umo\u017en\u00ed poskytovat komplexn\u00ed pomoc lidem posti\u017een\u00fdm humanit\u00e1rn\u00edmi krizemi.\" \/>\n<meta name=\"robots\" content=\"index, follow, max-snippet:-1, max-image-preview:large, max-video-preview:-1\" \/>\n<link rel=\"canonical\" href=\"https:\/\/www.magna.org\/fr\/donner\/cs\/\" \/>\n<meta property=\"og:locale\" content=\"en_US\" \/>\n<meta property=\"og:type\" content=\"article\" \/>\n<meta property=\"og:title\" content=\"Chci darovat &#8226; MAGNA\" \/>\n<meta property=\"og:description\" content=\"Jsme p\u0159esv\u011bd\u010deni, \u017ee ka\u017ed\u00e9 d\u00edt\u011b m\u00e1 vyr\u016fstat ve zdrav\u00ed a bezpe\u010d\u00ed. V\u00e1\u0161 dar n\u00e1m umo\u017en\u00ed poskytovat komplexn\u00ed pomoc lidem posti\u017een\u00fdm humanit\u00e1rn\u00edmi krizemi.\" \/>\n<meta property=\"og:url\" content=\"https:\/\/www.magna.org\/fr\/donner\/cs\/\" \/>\n<meta property=\"og:site_name\" content=\"MAGNA\" \/>\n<meta property=\"article:modified_time\" content=\"2023-05-26T18:19:22+00:00\" \/>\n<meta property=\"og:image\" content=\"https:\/\/www.magna.org\/fr\/donner\/wp-content\/uploads\/2021\/10\/donate.magna.org-chcem-darovat-mb201911g6509-desktop-e1669929299570.jpg\" \/>\n\t<meta property=\"og:image:width\" content=\"835\" \/>\n\t<meta property=\"og:image:height\" content=\"747\" \/>\n\t<meta property=\"og:image:type\" content=\"image\/jpeg\" \/>\n<meta name=\"twitter:card\" content=\"summary_large_image\" \/>\n<meta name=\"twitter:image\" content=\"https:\/\/www.magna.org\/fr\/donner\/wp-content\/uploads\/2021\/10\/donate.magna.org-chcem-darovat-mb201911g6509-desktop-e1669929299570.jpg\" \/>\n<script type=\"application\/ld+json\" class=\"yoast-schema-graph\">{\"@context\":\"https:\/\/schema.org\",\"@graph\":[{\"@type\":\"WebPage\",\"@id\":\"https:\/\/www.magna.org\/fr\/donner\/cs\/\",\"url\":\"https:\/\/www.magna.org\/fr\/donner\/cs\/\",\"name\":\"Chci darovat &#8226; MAGNA\",\"isPartOf\":{\"@id\":\"https:\/\/www.magna.org\/fr\/donner\/#website\"},\"datePublished\":\"2021-09-19T16:23:46+00:00\",\"dateModified\":\"2023-05-26T18:19:22+00:00\",\"description\":\"Jsme p\u0159esv\u011bd\u010deni, \u017ee ka\u017ed\u00e9 d\u00edt\u011b m\u00e1 vyr\u016fstat ve zdrav\u00ed a bezpe\u010d\u00ed. V\u00e1\u0161 dar n\u00e1m umo\u017en\u00ed poskytovat komplexn\u00ed pomoc lidem posti\u017een\u00fdm humanit\u00e1rn\u00edmi krizemi.\",\"breadcrumb\":{\"@id\":\"https:\/\/www.magna.org\/fr\/donner\/cs\/#breadcrumb\"},\"inLanguage\":\"en-US\",\"potentialAction\":[{\"@type\":\"ReadAction\",\"target\":[\"https:\/\/www.magna.org\/fr\/donner\/cs\/\"]}]},{\"@type\":\"BreadcrumbList\",\"@id\":\"https:\/\/www.magna.org\/fr\/donner\/cs\/#breadcrumb\",\"itemListElement\":[{\"@type\":\"ListItem\",\"position\":1,\"name\":\"Home\",\"item\":\"https:\/\/www.magna.org\/fr\/donner\/sk\/\"},{\"@type\":\"ListItem\",\"position\":2,\"name\":\"Chci darovat\"}]},{\"@type\":\"WebSite\",\"@id\":\"https:\/\/www.magna.org\/fr\/donner\/#website\",\"url\":\"https:\/\/www.magna.org\/fr\/donner\/\",\"name\":\"MAGNA\",\"description\":\"Len \u010fal\u0161ia WordPress str\u00e1nka\",\"potentialAction\":[{\"@type\":\"SearchAction\",\"target\":{\"@type\":\"EntryPoint\",\"urlTemplate\":\"https:\/\/www.magna.org\/fr\/donner\/?s={search_term_string}\"},\"query-input\":{\"@type\":\"PropertyValueSpecification\",\"valueRequired\":true,\"valueName\":\"search_term_string\"}}],\"inLanguage\":\"en-US\"}]}<\/script>\n<!-- \/ Yoast SEO plugin. -->","yoast_head_json":{"title":"Chci darovat &#8226; MAGNA","description":"Jsme p\u0159esv\u011bd\u010deni, \u017ee ka\u017ed\u00e9 d\u00edt\u011b m\u00e1 vyr\u016fstat ve zdrav\u00ed a bezpe\u010d\u00ed. V\u00e1\u0161 dar n\u00e1m umo\u017en\u00ed poskytovat komplexn\u00ed pomoc lidem posti\u017een\u00fdm humanit\u00e1rn\u00edmi krizemi.","robots":{"index":"index","follow":"follow","max-snippet":"max-snippet:-1","max-image-preview":"max-image-preview:large","max-video-preview":"max-video-preview:-1"},"canonical":"https:\/\/www.magna.org\/fr\/donner\/cs\/","og_locale":"en_US","og_type":"article","og_title":"Chci darovat &#8226; MAGNA","og_description":"Jsme p\u0159esv\u011bd\u010deni, \u017ee ka\u017ed\u00e9 d\u00edt\u011b m\u00e1 vyr\u016fstat ve zdrav\u00ed a bezpe\u010d\u00ed. V\u00e1\u0161 dar n\u00e1m umo\u017en\u00ed poskytovat komplexn\u00ed pomoc lidem posti\u017een\u00fdm humanit\u00e1rn\u00edmi krizemi.","og_url":"https:\/\/www.magna.org\/fr\/donner\/cs\/","og_site_name":"MAGNA","article_modified_time":"2023-05-26T18:19:22+00:00","og_image":[{"width":835,"height":747,"url":"https:\/\/www.magna.org\/fr\/donner\/wp-content\/uploads\/2021\/10\/donate.magna.org-chcem-darovat-mb201911g6509-desktop-e1669929299570.jpg","type":"image\/jpeg"}],"twitter_card":"summary_large_image","twitter_image":"https:\/\/www.magna.org\/fr\/donner\/wp-content\/uploads\/2021\/10\/donate.magna.org-chcem-darovat-mb201911g6509-desktop-e1669929299570.jpg","schema":{"@context":"https:\/\/schema.org","@graph":[{"@type":"WebPage","@id":"https:\/\/www.magna.org\/fr\/donner\/cs\/","url":"https:\/\/www.magna.org\/fr\/donner\/cs\/","name":"Chci darovat &#8226; MAGNA","isPartOf":{"@id":"https:\/\/www.magna.org\/fr\/donner\/#website"},"datePublished":"2021-09-19T16:23:46+00:00","dateModified":"2023-05-26T18:19:22+00:00","description":"Jsme p\u0159esv\u011bd\u010deni, \u017ee ka\u017ed\u00e9 d\u00edt\u011b m\u00e1 vyr\u016fstat ve zdrav\u00ed a bezpe\u010d\u00ed. V\u00e1\u0161 dar n\u00e1m umo\u017en\u00ed poskytovat komplexn\u00ed pomoc lidem posti\u017een\u00fdm humanit\u00e1rn\u00edmi krizemi.","breadcrumb":{"@id":"https:\/\/www.magna.org\/fr\/donner\/cs\/#breadcrumb"},"inLanguage":"en-US","potentialAction":[{"@type":"ReadAction","target":["https:\/\/www.magna.org\/fr\/donner\/cs\/"]}]},{"@type":"BreadcrumbList","@id":"https:\/\/www.magna.org\/fr\/donner\/cs\/#breadcrumb","itemListElement":[{"@type":"ListItem","position":1,"name":"Home","item":"https:\/\/www.magna.org\/fr\/donner\/sk\/"},{"@type":"ListItem","position":2,"name":"Chci darovat"}]},{"@type":"WebSite","@id":"https:\/\/www.magna.org\/fr\/donner\/#website","url":"https:\/\/www.magna.org\/fr\/donner\/","name":"MAGNA","description":"Len \u010fal\u0161ia WordPress str\u00e1nka","potentialAction":[{"@type":"SearchAction","target":{"@type":"EntryPoint","urlTemplate":"https:\/\/www.magna.org\/fr\/donner\/?s={search_term_string}"},"query-input":{"@type":"PropertyValueSpecification","valueRequired":true,"valueName":"search_term_string"}}],"inLanguage":"en-US"}]}},"_links":{"self":[{"href":"https:\/\/www.magna.org\/fr\/donner\/wp-json\/wp\/v2\/pages\/14","targetHints":{"allow":["GET"]}}],"collection":[{"href":"https:\/\/www.magna.org\/fr\/donner\/wp-json\/wp\/v2\/pages"}],"about":[{"href":"https:\/\/www.magna.org\/fr\/donner\/wp-json\/wp\/v2\/types\/page"}],"author":[{"embeddable":true,"href":"https:\/\/www.magna.org\/fr\/donner\/wp-json\/wp\/v2\/users\/1"}],"replies":[{"embeddable":true,"href":"https:\/\/www.magna.org\/fr\/donner\/wp-json\/wp\/v2\/comments?post=14"}],"version-history":[{"count":46,"href":"https:\/\/www.magna.org\/fr\/donner\/wp-json\/wp\/v2\/pages\/14\/revisions"}],"predecessor-version":[{"id":1112,"href":"https:\/\/www.magna.org\/fr\/donner\/wp-json\/wp\/v2\/pages\/14\/revisions\/1112"}],"wp:attachment":[{"href":"https:\/\/www.magna.org\/fr\/donner\/wp-json\/wp\/v2\/media?parent=14"}],"curies":[{"name":"wp","href":"https:\/\/api.w.org\/{rel}","templated":true}]}}