{"id":2,"date":"2021-07-28T23:25:33","date_gmt":"2021-07-28T21:25:33","guid":{"rendered":"http:\/\/localhost\/magna\/2021_magna_payment\/?page_id=2"},"modified":"2023-05-26T20:17:08","modified_gmt":"2023-05-26T18:17:08","slug":"ukazka-strany","status":"publish","type":"page","link":"https:\/\/www.magna.org\/fr\/donner\/sk\/","title":{"rendered":"Chcem darova\u0165"},"content":{"rendered":"","protected":false},"excerpt":{"rendered":"","protected":false},"author":1,"featured_media":0,"parent":0,"menu_order":0,"comment_status":"closed","ping_status":"open","template":"page-donation.php","meta":{"_acf_changed":false,"inline_featured_image":false,"footnotes":""},"class_list":["post-2","page","type-page","status-publish","hentry"],"acf":[],"yoast_head":"<!-- This site is optimized with the Yoast SEO plugin v24.3 - https:\/\/yoast.com\/wordpress\/plugins\/seo\/ -->\n<title>Chcem darova\u0165 &#8226; MAGNA<\/title>\n<meta name=\"description\" content=\"Nie ka\u017ed\u00fd m\u00f4\u017ee lie\u010di\u0165 pacientov v ter\u00e9ne. Ale ka\u017ed\u00fd m\u00f4\u017ee by\u0165 toho s\u00fa\u010das\u0165ou. Potrebujeme va\u0161u podporu, aby sme mohli pokra\u010dova\u0165 v tejto \u017eivot zachra\u0148uj\u00facej pr\u00e1ci.chr\u00e1ni\u0165 \u017eivot. Darujte.\" \/>\n<meta name=\"robots\" content=\"index, follow, max-snippet:-1, max-image-preview:large, max-video-preview:-1\" \/>\n<link rel=\"canonical\" href=\"https:\/\/www.magna.org\/fr\/donner\/sk\/\" \/>\n<meta property=\"og:locale\" content=\"en_US\" \/>\n<meta property=\"og:type\" content=\"article\" \/>\n<meta property=\"og:title\" content=\"Pom\u00f4\u017ete zachr\u00e1ni\u0165 \u017eivot. Darujte.\" \/>\n<meta property=\"og:description\" content=\"Nie ka\u017ed\u00fd m\u00f4\u017ee lie\u010di\u0165 pacientov v ter\u00e9ne. Ale ka\u017ed\u00fd m\u00f4\u017ee by\u0165 toho s\u00fa\u010das\u0165ou. Potrebujeme va\u0161u podporu, aby sme mohli pokra\u010dova\u0165 v tejto \u017eivot zachra\u0148uj\u00facej pr\u00e1ci.chr\u00e1ni\u0165 \u017eivot. Darujte.\" \/>\n<meta property=\"og:url\" content=\"https:\/\/www.magna.org\/fr\/donner\/sk\/\" \/>\n<meta property=\"og:site_name\" content=\"MAGNA\" \/>\n<meta property=\"article:modified_time\" content=\"2023-05-26T18:17:08+00:00\" \/>\n<meta property=\"og:image\" content=\"https:\/\/www.magna.org\/fr\/donner\/wp-content\/uploads\/2021\/10\/donate.magna.org-chcem-darovat-vizual-upsampled-adobergb-desktop-donate-page-e1669926865836.png\" \/>\n\t<meta property=\"og:image:width\" content=\"1552\" \/>\n\t<meta property=\"og:image:height\" content=\"942\" \/>\n\t<meta property=\"og:image:type\" content=\"image\/png\" \/>\n<meta name=\"twitter:card\" content=\"summary_large_image\" \/>\n<meta name=\"twitter:title\" content=\"Pom\u00f4\u017ete zachr\u00e1ni\u0165 \u017eivot. Darujte.\" \/>\n<meta name=\"twitter:description\" content=\"Nie ka\u017ed\u00fd m\u00f4\u017ee lie\u010di\u0165 pacientov v ter\u00e9ne. Ale ka\u017ed\u00fd m\u00f4\u017ee by\u0165 toho s\u00fa\u010das\u0165ou. Potrebujeme va\u0161u podporu, aby sme mohli pokra\u010dova\u0165 v tejto \u017eivot zachra\u0148uj\u00facej pr\u00e1ci.chr\u00e1ni\u0165 \u017eivot. Darujte.\" \/>\n<meta name=\"twitter:image\" content=\"https:\/\/www.magna.org\/fr\/donner\/wp-content\/uploads\/2021\/10\/donate.magna.org-chcem-darovat-vizual-upsampled-adobergb-desktop-donate-page-e1669926865836.png\" \/>\n<script type=\"application\/ld+json\" class=\"yoast-schema-graph\">{\"@context\":\"https:\/\/schema.org\",\"@graph\":[{\"@type\":\"WebPage\",\"@id\":\"https:\/\/www.magna.org\/fr\/donner\/sk\/\",\"url\":\"https:\/\/www.magna.org\/fr\/donner\/sk\/\",\"name\":\"Chcem darova\u0165 &#8226; MAGNA\",\"isPartOf\":{\"@id\":\"https:\/\/www.magna.org\/fr\/donner\/#website\"},\"datePublished\":\"2021-07-28T21:25:33+00:00\",\"dateModified\":\"2023-05-26T18:17:08+00:00\",\"description\":\"Nie ka\u017ed\u00fd m\u00f4\u017ee lie\u010di\u0165 pacientov v ter\u00e9ne. Ale ka\u017ed\u00fd m\u00f4\u017ee by\u0165 toho s\u00fa\u010das\u0165ou. Potrebujeme va\u0161u podporu, aby sme mohli pokra\u010dova\u0165 v tejto \u017eivot zachra\u0148uj\u00facej pr\u00e1ci.chr\u00e1ni\u0165 \u017eivot. Darujte.\",\"breadcrumb\":{\"@id\":\"https:\/\/www.magna.org\/fr\/donner\/sk\/#breadcrumb\"},\"inLanguage\":\"en-US\",\"potentialAction\":[{\"@type\":\"ReadAction\",\"target\":[\"https:\/\/www.magna.org\/fr\/donner\/sk\/\"]}]},{\"@type\":\"BreadcrumbList\",\"@id\":\"https:\/\/www.magna.org\/fr\/donner\/sk\/#breadcrumb\",\"itemListElement\":[{\"@type\":\"ListItem\",\"position\":1,\"name\":\"Home\",\"item\":\"https:\/\/www.magna.org\/fr\/donner\/sk\/\"},{\"@type\":\"ListItem\",\"position\":2,\"name\":\"Chcem darova\u0165\"}]},{\"@type\":\"WebSite\",\"@id\":\"https:\/\/www.magna.org\/fr\/donner\/#website\",\"url\":\"https:\/\/www.magna.org\/fr\/donner\/\",\"name\":\"MAGNA\",\"description\":\"Len \u010fal\u0161ia WordPress str\u00e1nka\",\"potentialAction\":[{\"@type\":\"SearchAction\",\"target\":{\"@type\":\"EntryPoint\",\"urlTemplate\":\"https:\/\/www.magna.org\/fr\/donner\/?s={search_term_string}\"},\"query-input\":{\"@type\":\"PropertyValueSpecification\",\"valueRequired\":true,\"valueName\":\"search_term_string\"}}],\"inLanguage\":\"en-US\"}]}<\/script>\n<!-- \/ Yoast SEO plugin. -->","yoast_head_json":{"title":"Chcem darova\u0165 &#8226; MAGNA","description":"Nie ka\u017ed\u00fd m\u00f4\u017ee lie\u010di\u0165 pacientov v ter\u00e9ne. Ale ka\u017ed\u00fd m\u00f4\u017ee by\u0165 toho s\u00fa\u010das\u0165ou. Potrebujeme va\u0161u podporu, aby sme mohli pokra\u010dova\u0165 v tejto \u017eivot zachra\u0148uj\u00facej pr\u00e1ci.chr\u00e1ni\u0165 \u017eivot. Darujte.","robots":{"index":"index","follow":"follow","max-snippet":"max-snippet:-1","max-image-preview":"max-image-preview:large","max-video-preview":"max-video-preview:-1"},"canonical":"https:\/\/www.magna.org\/fr\/donner\/sk\/","og_locale":"en_US","og_type":"article","og_title":"Pom\u00f4\u017ete zachr\u00e1ni\u0165 \u017eivot. Darujte.","og_description":"Nie ka\u017ed\u00fd m\u00f4\u017ee lie\u010di\u0165 pacientov v ter\u00e9ne. Ale ka\u017ed\u00fd m\u00f4\u017ee by\u0165 toho s\u00fa\u010das\u0165ou. Potrebujeme va\u0161u podporu, aby sme mohli pokra\u010dova\u0165 v tejto \u017eivot zachra\u0148uj\u00facej pr\u00e1ci.chr\u00e1ni\u0165 \u017eivot. Darujte.","og_url":"https:\/\/www.magna.org\/fr\/donner\/sk\/","og_site_name":"MAGNA","article_modified_time":"2023-05-26T18:17:08+00:00","og_image":[{"width":1552,"height":942,"url":"https:\/\/www.magna.org\/fr\/donner\/wp-content\/uploads\/2021\/10\/donate.magna.org-chcem-darovat-vizual-upsampled-adobergb-desktop-donate-page-e1669926865836.png","type":"image\/png"}],"twitter_card":"summary_large_image","twitter_title":"Pom\u00f4\u017ete zachr\u00e1ni\u0165 \u017eivot. Darujte.","twitter_description":"Nie ka\u017ed\u00fd m\u00f4\u017ee lie\u010di\u0165 pacientov v ter\u00e9ne. Ale ka\u017ed\u00fd m\u00f4\u017ee by\u0165 toho s\u00fa\u010das\u0165ou. Potrebujeme va\u0161u podporu, aby sme mohli pokra\u010dova\u0165 v tejto \u017eivot zachra\u0148uj\u00facej pr\u00e1ci.chr\u00e1ni\u0165 \u017eivot. Darujte.","twitter_image":"https:\/\/www.magna.org\/fr\/donner\/wp-content\/uploads\/2021\/10\/donate.magna.org-chcem-darovat-vizual-upsampled-adobergb-desktop-donate-page-e1669926865836.png","schema":{"@context":"https:\/\/schema.org","@graph":[{"@type":"WebPage","@id":"https:\/\/www.magna.org\/fr\/donner\/sk\/","url":"https:\/\/www.magna.org\/fr\/donner\/sk\/","name":"Chcem darova\u0165 &#8226; MAGNA","isPartOf":{"@id":"https:\/\/www.magna.org\/fr\/donner\/#website"},"datePublished":"2021-07-28T21:25:33+00:00","dateModified":"2023-05-26T18:17:08+00:00","description":"Nie ka\u017ed\u00fd m\u00f4\u017ee lie\u010di\u0165 pacientov v ter\u00e9ne. Ale ka\u017ed\u00fd m\u00f4\u017ee by\u0165 toho s\u00fa\u010das\u0165ou. Potrebujeme va\u0161u podporu, aby sme mohli pokra\u010dova\u0165 v tejto \u017eivot zachra\u0148uj\u00facej pr\u00e1ci.chr\u00e1ni\u0165 \u017eivot. Darujte.","breadcrumb":{"@id":"https:\/\/www.magna.org\/fr\/donner\/sk\/#breadcrumb"},"inLanguage":"en-US","potentialAction":[{"@type":"ReadAction","target":["https:\/\/www.magna.org\/fr\/donner\/sk\/"]}]},{"@type":"BreadcrumbList","@id":"https:\/\/www.magna.org\/fr\/donner\/sk\/#breadcrumb","itemListElement":[{"@type":"ListItem","position":1,"name":"Home","item":"https:\/\/www.magna.org\/fr\/donner\/sk\/"},{"@type":"ListItem","position":2,"name":"Chcem darova\u0165"}]},{"@type":"WebSite","@id":"https:\/\/www.magna.org\/fr\/donner\/#website","url":"https:\/\/www.magna.org\/fr\/donner\/","name":"MAGNA","description":"Len \u010fal\u0161ia WordPress str\u00e1nka","potentialAction":[{"@type":"SearchAction","target":{"@type":"EntryPoint","urlTemplate":"https:\/\/www.magna.org\/fr\/donner\/?s={search_term_string}"},"query-input":{"@type":"PropertyValueSpecification","valueRequired":true,"valueName":"search_term_string"}}],"inLanguage":"en-US"}]}},"_links":{"self":[{"href":"https:\/\/www.magna.org\/fr\/donner\/wp-json\/wp\/v2\/pages\/2","targetHints":{"allow":["GET"]}}],"collection":[{"href":"https:\/\/www.magna.org\/fr\/donner\/wp-json\/wp\/v2\/pages"}],"about":[{"href":"https:\/\/www.magna.org\/fr\/donner\/wp-json\/wp\/v2\/types\/page"}],"author":[{"embeddable":true,"href":"https:\/\/www.magna.org\/fr\/donner\/wp-json\/wp\/v2\/users\/1"}],"replies":[{"embeddable":true,"href":"https:\/\/www.magna.org\/fr\/donner\/wp-json\/wp\/v2\/comments?post=2"}],"version-history":[{"count":112,"href":"https:\/\/www.magna.org\/fr\/donner\/wp-json\/wp\/v2\/pages\/2\/revisions"}],"predecessor-version":[{"id":1111,"href":"https:\/\/www.magna.org\/fr\/donner\/wp-json\/wp\/v2\/pages\/2\/revisions\/1111"}],"wp:attachment":[{"href":"https:\/\/www.magna.org\/fr\/donner\/wp-json\/wp\/v2\/media?parent=2"}],"curies":[{"name":"wp","href":"https:\/\/api.w.org\/{rel}","templated":true}]}}