{"id":894,"date":"2022-12-13T08:48:32","date_gmt":"2022-12-13T07:48:32","guid":{"rendered":"https:\/\/www.magna.org\/fr\/donner\/?page_id=894"},"modified":"2023-05-26T20:20:54","modified_gmt":"2023-05-26T18:20:54","slug":"en","status":"publish","type":"page","link":"https:\/\/www.magna.org\/fr\/donner\/en\/","title":{"rendered":"Donate"},"content":{"rendered":"","protected":false},"excerpt":{"rendered":"","protected":false},"author":4,"featured_media":0,"parent":0,"menu_order":0,"comment_status":"closed","ping_status":"open","template":"page-donation.php","meta":{"_acf_changed":false,"inline_featured_image":false,"footnotes":""},"class_list":["post-894","page","type-page","status-publish","hentry"],"acf":[],"yoast_head":"<!-- This site is optimized with the Yoast SEO plugin v24.3 - https:\/\/yoast.com\/wordpress\/plugins\/seo\/ -->\n<title>Donate &#8226; MAGNA<\/title>\n<meta name=\"description\" content=\"We&#039;re convinced that every child ought to grow up in health and safety. Your donation will enable us to provide comprehensive assistance to people affected by humanitarian crises.\" \/>\n<meta name=\"robots\" content=\"index, follow, max-snippet:-1, max-image-preview:large, max-video-preview:-1\" \/>\n<link rel=\"canonical\" href=\"https:\/\/www.magna.org\/fr\/donner\/en\/\" \/>\n<meta property=\"og:locale\" content=\"en_US\" \/>\n<meta property=\"og:type\" content=\"article\" \/>\n<meta property=\"og:title\" content=\"Donate &#8226; MAGNA\" \/>\n<meta property=\"og:description\" content=\"We&#039;re convinced that every child ought to grow up in health and safety. Your donation will enable us to provide comprehensive assistance to people affected by humanitarian crises.\" \/>\n<meta property=\"og:url\" content=\"https:\/\/www.magna.org\/fr\/donner\/en\/\" \/>\n<meta property=\"og:site_name\" content=\"MAGNA\" \/>\n<meta property=\"article:modified_time\" content=\"2023-05-26T18:20:54+00:00\" \/>\n<meta property=\"og:image\" content=\"https:\/\/www.magna.org\/fr\/donner\/wp-content\/uploads\/2021\/10\/donate.magna.org-chcem-darovat-mb201911g6509-desktop.jpg\" \/>\n<meta name=\"twitter:card\" content=\"summary_large_image\" \/>\n<meta name=\"twitter:image\" content=\"https:\/\/www.magna.org\/fr\/donner\/wp-content\/uploads\/2021\/10\/donate.magna.org-chcem-darovat-mb201911g6509-desktop.jpg\" \/>\n<script type=\"application\/ld+json\" class=\"yoast-schema-graph\">{\"@context\":\"https:\/\/schema.org\",\"@graph\":[{\"@type\":\"WebPage\",\"@id\":\"https:\/\/www.magna.org\/fr\/donner\/en\/\",\"url\":\"https:\/\/www.magna.org\/fr\/donner\/en\/\",\"name\":\"Donate &#8226; MAGNA\",\"isPartOf\":{\"@id\":\"https:\/\/www.magna.org\/fr\/donner\/#website\"},\"datePublished\":\"2022-12-13T07:48:32+00:00\",\"dateModified\":\"2023-05-26T18:20:54+00:00\",\"description\":\"We're convinced that every child ought to grow up in health and safety. Your donation will enable us to provide comprehensive assistance to people affected by humanitarian crises.\",\"breadcrumb\":{\"@id\":\"https:\/\/www.magna.org\/fr\/donner\/en\/#breadcrumb\"},\"inLanguage\":\"en-US\",\"potentialAction\":[{\"@type\":\"ReadAction\",\"target\":[\"https:\/\/www.magna.org\/fr\/donner\/en\/\"]}]},{\"@type\":\"BreadcrumbList\",\"@id\":\"https:\/\/www.magna.org\/fr\/donner\/en\/#breadcrumb\",\"itemListElement\":[{\"@type\":\"ListItem\",\"position\":1,\"name\":\"Home\",\"item\":\"https:\/\/www.magna.org\/fr\/donner\/sk\/\"},{\"@type\":\"ListItem\",\"position\":2,\"name\":\"Donate\"}]},{\"@type\":\"WebSite\",\"@id\":\"https:\/\/www.magna.org\/fr\/donner\/#website\",\"url\":\"https:\/\/www.magna.org\/fr\/donner\/\",\"name\":\"MAGNA\",\"description\":\"Len \u010fal\u0161ia WordPress str\u00e1nka\",\"potentialAction\":[{\"@type\":\"SearchAction\",\"target\":{\"@type\":\"EntryPoint\",\"urlTemplate\":\"https:\/\/www.magna.org\/fr\/donner\/?s={search_term_string}\"},\"query-input\":{\"@type\":\"PropertyValueSpecification\",\"valueRequired\":true,\"valueName\":\"search_term_string\"}}],\"inLanguage\":\"en-US\"}]}<\/script>\n<!-- \/ Yoast SEO plugin. -->","yoast_head_json":{"title":"Donate &#8226; MAGNA","description":"We're convinced that every child ought to grow up in health and safety. Your donation will enable us to provide comprehensive assistance to people affected by humanitarian crises.","robots":{"index":"index","follow":"follow","max-snippet":"max-snippet:-1","max-image-preview":"max-image-preview:large","max-video-preview":"max-video-preview:-1"},"canonical":"https:\/\/www.magna.org\/fr\/donner\/en\/","og_locale":"en_US","og_type":"article","og_title":"Donate &#8226; MAGNA","og_description":"We're convinced that every child ought to grow up in health and safety. Your donation will enable us to provide comprehensive assistance to people affected by humanitarian crises.","og_url":"https:\/\/www.magna.org\/fr\/donner\/en\/","og_site_name":"MAGNA","article_modified_time":"2023-05-26T18:20:54+00:00","og_image":[{"url":"https:\/\/www.magna.org\/fr\/donner\/wp-content\/uploads\/2021\/10\/donate.magna.org-chcem-darovat-mb201911g6509-desktop.jpg","type":"","width":"","height":""}],"twitter_card":"summary_large_image","twitter_image":"https:\/\/www.magna.org\/fr\/donner\/wp-content\/uploads\/2021\/10\/donate.magna.org-chcem-darovat-mb201911g6509-desktop.jpg","schema":{"@context":"https:\/\/schema.org","@graph":[{"@type":"WebPage","@id":"https:\/\/www.magna.org\/fr\/donner\/en\/","url":"https:\/\/www.magna.org\/fr\/donner\/en\/","name":"Donate &#8226; MAGNA","isPartOf":{"@id":"https:\/\/www.magna.org\/fr\/donner\/#website"},"datePublished":"2022-12-13T07:48:32+00:00","dateModified":"2023-05-26T18:20:54+00:00","description":"We're convinced that every child ought to grow up in health and safety. Your donation will enable us to provide comprehensive assistance to people affected by humanitarian crises.","breadcrumb":{"@id":"https:\/\/www.magna.org\/fr\/donner\/en\/#breadcrumb"},"inLanguage":"en-US","potentialAction":[{"@type":"ReadAction","target":["https:\/\/www.magna.org\/fr\/donner\/en\/"]}]},{"@type":"BreadcrumbList","@id":"https:\/\/www.magna.org\/fr\/donner\/en\/#breadcrumb","itemListElement":[{"@type":"ListItem","position":1,"name":"Home","item":"https:\/\/www.magna.org\/fr\/donner\/sk\/"},{"@type":"ListItem","position":2,"name":"Donate"}]},{"@type":"WebSite","@id":"https:\/\/www.magna.org\/fr\/donner\/#website","url":"https:\/\/www.magna.org\/fr\/donner\/","name":"MAGNA","description":"Len \u010fal\u0161ia WordPress str\u00e1nka","potentialAction":[{"@type":"SearchAction","target":{"@type":"EntryPoint","urlTemplate":"https:\/\/www.magna.org\/fr\/donner\/?s={search_term_string}"},"query-input":{"@type":"PropertyValueSpecification","valueRequired":true,"valueName":"search_term_string"}}],"inLanguage":"en-US"}]}},"_links":{"self":[{"href":"https:\/\/www.magna.org\/fr\/donner\/wp-json\/wp\/v2\/pages\/894","targetHints":{"allow":["GET"]}}],"collection":[{"href":"https:\/\/www.magna.org\/fr\/donner\/wp-json\/wp\/v2\/pages"}],"about":[{"href":"https:\/\/www.magna.org\/fr\/donner\/wp-json\/wp\/v2\/types\/page"}],"author":[{"embeddable":true,"href":"https:\/\/www.magna.org\/fr\/donner\/wp-json\/wp\/v2\/users\/4"}],"replies":[{"embeddable":true,"href":"https:\/\/www.magna.org\/fr\/donner\/wp-json\/wp\/v2\/comments?post=894"}],"version-history":[{"count":15,"href":"https:\/\/www.magna.org\/fr\/donner\/wp-json\/wp\/v2\/pages\/894\/revisions"}],"predecessor-version":[{"id":1114,"href":"https:\/\/www.magna.org\/fr\/donner\/wp-json\/wp\/v2\/pages\/894\/revisions\/1114"}],"wp:attachment":[{"href":"https:\/\/www.magna.org\/fr\/donner\/wp-json\/wp\/v2\/media?parent=894"}],"curies":[{"name":"wp","href":"https:\/\/api.w.org\/{rel}","templated":true}]}}