{"id":10225,"date":"2022-12-09T15:52:59","date_gmt":"2022-12-09T15:52:59","guid":{"rendered":"https:\/\/www.magna.org\/fr\/?page_id=10225"},"modified":"2022-12-10T10:07:30","modified_gmt":"2022-12-10T10:07:30","slug":"nase-historie","status":"publish","type":"page","link":"https:\/\/www.magna.org\/fr\/cs\/kdo-jsme\/nase-historie\/","title":{"rendered":"Na\u0161e historie"},"content":{"rendered":"<section class=\"s-panels hc-section-space--normal\">\n    <div class=\"s-panels__inner\">\n        <div class=\"s-panels__aside s-panels__aside--empty\"><\/div>\n        <div class=\"s-panels__content\">\n<article class=\"a-teaser\">\n    <div class=\"a-teaser__content\">\n        <h2 class=\"a-teaser__title\">Jak vznikla MAGNA<\/h2>\n        <div class=\"a-teaser__text\">\n            <p>My\u0161lenka zalo\u017een\u00ed organizace, kter\u00e1 bude p\u0159in\u00e1\u0161et sv\u011bdectv\u00ed a poskytovat zdravotn\u00ed pomoc lidem v dob\u011b humanit\u00e1rn\u00edch katastrof, p\u0159i\u0161la v roce 2000. Tehdy se fotograf <strong>Martin Band\u017e\u00e1k<\/strong> a psycholo\u017eka <strong>Denisa August\u00ednov\u00e1<\/strong> vr\u00e1tili ze zdravotnick\u00e9ho za\u0159\u00edzen\u00ed pro ob\u011bti \u010dernobylsk\u00e9 katastrofy na Kub\u011b. Na m\u00edst\u011b str\u00e1vili n\u011bkolik m\u011bs\u00edc\u016f, zdokumentovali p\u0159\u00edb\u011bhy d\u011bt\u00ed z Ukrajiny a B\u011bloruska, kter\u00e9 i 15 let po trag\u00e9dii trp\u011bly r\u016fzn\u00fdmi anom\u00e1liemi a z\u00e1va\u017en\u00fdmi chorobami. Za\u0159\u00edzen\u00ed \u201eTarara\u201c se nach\u00e1zelo n\u011bkolik kilometr\u016f od hlavn\u00edho m\u011bsta Havana a slou\u017eilo k ukryt\u00ed t\u011bchto d\u011bt\u00ed p\u0159ed sv\u011btem. Jejich p\u0159\u00edb\u011bhy tehdy \u0161okovaly ve\u0159ejnost a byly publikov\u00e1ny v mnoha slovensk\u00fdch i \u010desk\u00fdch m\u00e9di\u00edch.<\/p>\n<p>Na z\u00e1klad\u011b t\u00e9to zku\u0161enosti do\u0161lo k zalo\u017een\u00ed organizace MAGNA, jej\u00ed\u017e z\u00e1kladn\u00ed pil\u00ed\u0159e jsou:<\/p>\n<ul>\n<li>Svobodn\u011b si moci vybrat m\u00edsto k poskytnut\u00ed zdravotn\u00ed a soci\u00e1ln\u00ed pomoci.<\/li>\n<li>V dob\u011b humanit\u00e1rn\u00edch kriz\u00ed rychle zas\u00e1hnout tam, kde je to nejv\u00edce zapot\u0159eb\u00ed, a pomoci lidem, bez ohledu na jejich etnick\u00e9, n\u00e1bo\u017eensk\u00e9 nebo politick\u00e9 z\u00e1jmy.<\/li>\n<li>Vytv\u00e1\u0159et inovativn\u00ed zdravotnick\u00e9 projekty na pomoc jednotlivc\u016fm.<\/li>\n<li>Dokumentovat osudy ob\u011bt\u00ed katastrof a p\u0159in\u00e1\u0161et sv\u011bdectv\u00ed ze zapomenut\u00fdch \u010d\u00e1st\u00ed sv\u011bta, kter\u00e9 by se k \u0161irok\u00e9 ve\u0159ejnosti jinak nedostaly.<\/li>\n<\/ul>\n<p>MAGNA byla zalo\u017eena na Slovensku v roce 2001.<\/p>\n\n        <\/div>\n    <\/div>\n    <div class=\"a-teaser__image\">\n        <div class=\"a-teaser__img\" style=\"background-image:url('https\\:\\\/\\\/www\\.magna\\.org\\\/fr\\\/wp-content\\\/uploads\\\/2022\\\/09\\\/homepage-nasa-historia-mb2000002-w003-02\\.jpg')\"><\/div>\n    <\/div>\n<\/article>        <\/div>\n    <\/div>\n<\/section>\n\n<section class=\"s-article-full s-article-full--secondary s-article-full--right hc-section-space--normal\">\n    <div class=\"s-article-full__inner\">\n        <div class=\"s-article-full__content\">\n            <h2 class=\"s-article-full__title\">Prvn\u00ed mise<\/h2>\n            <div class=\"s-article-full__text\">\n                <p>AIDS v Kambod\u017ei \u2013 V roce 2002 se tis\u00edce lid\u00ed staly ob\u011b\u0165mi pandemie AIDS, kter\u00e1 zas\u00e1hla zemi a zp\u016fsobila obrovsk\u00e9 ztr\u00e1ty na \u017eivotech. Po rodi\u010d\u00edch, kte\u0159\u00ed n\u00e1kaze podlehli \u2013 uv\u00e1d\u00ed se, \u017ee v tomto obdob\u00ed na onemocn\u011bn\u00ed spojen\u00e1 s AIDS zem\u0159elo a\u017e 250 000 lid\u00ed \u2013 z\u016fstaly sirotky, z nich\u017e mnoh\u00e9 byly naka\u017eeny ji\u017e p\u0159i narozen\u00ed a um\u00edraly na ulic\u00edch bez jak\u00e9koli l\u00e9ka\u0159sk\u00e9 pomoci. V zemi neexistovala zdravotn\u00ed pomoc, mezin\u00e1rodn\u00ed organizace jako L\u00e9ka\u0159i bez hranic nebo L\u00e9ka\u0159i sv\u011bta postupn\u011b za\u010dali s l\u00e9\u010dbou dosp\u011bl\u00fdch, ostatn\u00ed jen p\u0159ihl\u00ed\u017eeli. Nefunk\u010dn\u00ed zdravotn\u00ed syst\u00e9m a extr\u00e9mn\u00ed chudoba rodin, z nich\u017e d\u011bti poch\u00e1zely, jim neumo\u017e\u0148ovaly se o n\u011b postarat. Naka\u017een\u00fdm d\u011btem, tzv. \u201edruh\u00e9 vln\u011b\u201c, nem\u011bl kdo poskytnout pot\u0159ebnou l\u00e9\u010dbu a p\u00e9\u010di.<\/p>\n<p>Martin Band\u017e\u00e1k a Denisa August\u00ednov\u00e1 se staly o\u010dit\u00fdmi sv\u011bdky t\u00e9to trag\u00e9die. Pragmaticky as velk\u00fdm nasazen\u00edm za\u010dali situaci \u0159e\u0161it a otev\u0159eli za\u0159\u00edzen\u00ed pro l\u00e9\u010dbu naka\u017een\u00fdch d\u011bt\u00ed v hlavn\u00edm m\u011bst\u011b Phnom Penhu. Zabezpe\u010dili jim antiretrovir\u00e1ln\u00ed (ARV) l\u00e9\u010dbu, kter\u00e1 mnoh\u00fdm zachr\u00e1nila \u017eivot. Povolali do zem\u011b t\u00fdmy zdravotn\u00edk\u016f ze Slovenska, m\u00edstn\u00ed l\u00e9ka\u0159e zau\u010dili a zapojili je do pr\u00e1ce. Za p\u00e1r m\u011bs\u00edc\u016f MAGNA nastavila pro l\u00e9\u010dbu sv\u00e9ho prvn\u00edho pacienta a stala se tak jednou z prvn\u00edch organizac\u00ed, kter\u00e1 za\u010dala l\u00e9\u010dit HIV\/AIDS d\u011btsk\u00fdch pacient\u016f.<\/p>\n\n            <\/div>\n        <\/div>\n        <div class=\"s-article-full__image\">\n            <div class=\"s-article-full__img\" style=\"background-image:url('https:\/\/www.magna.org\/fr\/wp-content\/uploads\/2022\/08\/homepage-kto-sme-mb2005003w00417-552x373.jpg')\"><\/div>\n        <\/div>\n    <\/div>\n<\/section>\n\n<section class=\"s-panels hc-section-space--normal\">\n    <div class=\"s-panels__inner\">\n        <div class=\"s-panels__aside s-panels__aside--empty\"><\/div>\n        <div class=\"s-panels__content\">\n<article class=\"a-teaser\">\n    <div class=\"a-teaser__content\">\n        <h2 class=\"a-teaser__title\">MAGNA dnes &#8211; glob\u00e1ln\u00ed organizace<\/h2>\n        <div class=\"a-teaser__text\">\n            <p>Za posledn\u00ed dv\u011b desetilet\u00ed se MAGNA rozrostla ze skupiny n\u011bkolika dobrovoln\u00edk\u016f na mezin\u00e1rodn\u00ed organizaci se stovkami pracovn\u00edk\u016f v ter\u00e9nu, kte\u0159\u00ed ka\u017edoro\u010dn\u011b poskytuj\u00ed v\u00edce ne\u017e 300 tis\u00edc zdravotn\u00edch konzultac\u00ed v des\u00edtk\u00e1ch nemocnic po cel\u00e9m sv\u011bt\u011b.<\/p>\n<p>Z\u00e1kladn\u00ed hodnoty humanismu, nez\u00e1vislosti, neutrality a nestrannosti, kter\u00e9 spojily prvn\u00ed \u010dleny a dobrovoln\u00edky v roce 2001, nad\u00e1le poh\u00e1n\u011bj\u00ed na\u0161i pr\u00e1ci.<\/p>\n\n        <\/div>\n            <div class=\"a-teaser__cta\">\n                <a href=\"http:\/\/20rokov.magna.org\" target=\"_blank\" class=\"e-link e-link--dark\">20 rokov MAGNA<\/a>\n            <\/div>\n    <\/div>\n    <div class=\"a-teaser__image\">\n        <div class=\"a-teaser__img\" style=\"background-image:url('https\\:\\\/\\\/www\\.magna\\.org\\\/fr\\\/wp-content\\\/uploads\\\/2022\\\/09\\\/homepage-nasa-historia-img-8342\\.jpg')\"><\/div>\n    <\/div>\n<\/article>        <\/div>\n    <\/div>\n<\/section>","protected":false},"excerpt":{"rendered":"","protected":false},"author":2,"featured_media":370,"parent":10183,"menu_order":2,"comment_status":"closed","ping_status":"closed","template":"page-subpage.php","meta":{"_acf_changed":false,"inline_featured_image":false,"footnotes":""},"class_list":["post-10225","page","type-page","status-publish","has-post-thumbnail","hentry"],"acf":[],"yoast_head":"<!-- This site is optimized with the Yoast SEO plugin v24.3 - https:\/\/yoast.com\/wordpress\/plugins\/seo\/ -->\n<title>Na\u0161e historie - Magna<\/title>\n<meta name=\"robots\" content=\"index, follow, max-snippet:-1, max-image-preview:large, max-video-preview:-1\" \/>\n<link rel=\"canonical\" href=\"https:\/\/www.magna.org\/fr\/cs\/kdo-jsme\/nase-historie\/\" \/>\n<meta property=\"og:locale\" content=\"en_US\" \/>\n<meta property=\"og:type\" content=\"article\" \/>\n<meta property=\"og:title\" content=\"Na\u0161e historie - Magna\" \/>\n<meta property=\"og:url\" content=\"https:\/\/www.magna.org\/fr\/cs\/kdo-jsme\/nase-historie\/\" \/>\n<meta property=\"og:site_name\" content=\"Magna\" \/>\n<meta property=\"article:modified_time\" content=\"2022-12-10T10:07:30+00:00\" \/>\n<meta property=\"og:image\" content=\"https:\/\/www.magna.org\/fr\/wp-content\/uploads\/2022\/09\/homepage-nasa-historia-mb2005011w02704-e1669889852791.jpg\" \/>\n\t<meta property=\"og:image:width\" content=\"1154\" \/>\n\t<meta property=\"og:image:height\" content=\"666\" \/>\n\t<meta property=\"og:image:type\" content=\"image\/jpeg\" \/>\n<meta name=\"twitter:card\" content=\"summary_large_image\" \/>\n<script type=\"application\/ld+json\" class=\"yoast-schema-graph\">{\"@context\":\"https:\/\/schema.org\",\"@graph\":[{\"@type\":\"WebPage\",\"@id\":\"https:\/\/www.magna.org\/fr\/cs\/kdo-jsme\/nase-historie\/\",\"url\":\"https:\/\/www.magna.org\/fr\/cs\/kdo-jsme\/nase-historie\/\",\"name\":\"Na\u0161e historie - Magna\",\"isPartOf\":{\"@id\":\"https:\/\/www.magna.org\/fr\/#website\"},\"primaryImageOfPage\":{\"@id\":\"https:\/\/www.magna.org\/fr\/cs\/kdo-jsme\/nase-historie\/#primaryimage\"},\"image\":{\"@id\":\"https:\/\/www.magna.org\/fr\/cs\/kdo-jsme\/nase-historie\/#primaryimage\"},\"thumbnailUrl\":\"https:\/\/www.magna.org\/fr\/wp-content\/uploads\/2022\/09\/homepage-nasa-historia-mb2005011w02704-e1669889852791.jpg\",\"datePublished\":\"2022-12-09T15:52:59+00:00\",\"dateModified\":\"2022-12-10T10:07:30+00:00\",\"breadcrumb\":{\"@id\":\"https:\/\/www.magna.org\/fr\/cs\/kdo-jsme\/nase-historie\/#breadcrumb\"},\"inLanguage\":\"en-US\",\"potentialAction\":[{\"@type\":\"ReadAction\",\"target\":[\"https:\/\/www.magna.org\/fr\/cs\/kdo-jsme\/nase-historie\/\"]}]},{\"@type\":\"ImageObject\",\"inLanguage\":\"en-US\",\"@id\":\"https:\/\/www.magna.org\/fr\/cs\/kdo-jsme\/nase-historie\/#primaryimage\",\"url\":\"https:\/\/www.magna.org\/fr\/wp-content\/uploads\/2022\/09\/homepage-nasa-historia-mb2005011w02704-e1669889852791.jpg\",\"contentUrl\":\"https:\/\/www.magna.org\/fr\/wp-content\/uploads\/2022\/09\/homepage-nasa-historia-mb2005011w02704-e1669889852791.jpg\",\"width\":1154,\"height\":666},{\"@type\":\"BreadcrumbList\",\"@id\":\"https:\/\/www.magna.org\/fr\/cs\/kdo-jsme\/nase-historie\/#breadcrumb\",\"itemListElement\":[{\"@type\":\"ListItem\",\"position\":1,\"name\":\"Home\",\"item\":\"https:\/\/www.magna.org\/fr\/sk\/\"},{\"@type\":\"ListItem\",\"position\":2,\"name\":\"Kdo jsme\",\"item\":\"https:\/\/www.magna.org\/fr\/cs\/kdo-jsme\/\"},{\"@type\":\"ListItem\",\"position\":3,\"name\":\"Na\u0161e historie\"}]},{\"@type\":\"WebSite\",\"@id\":\"https:\/\/www.magna.org\/fr\/#website\",\"url\":\"https:\/\/www.magna.org\/fr\/\",\"name\":\"Magna\",\"description\":\"Just another WordPress site\",\"potentialAction\":[{\"@type\":\"SearchAction\",\"target\":{\"@type\":\"EntryPoint\",\"urlTemplate\":\"https:\/\/www.magna.org\/fr\/?s={search_term_string}\"},\"query-input\":{\"@type\":\"PropertyValueSpecification\",\"valueRequired\":true,\"valueName\":\"search_term_string\"}}],\"inLanguage\":\"en-US\"}]}<\/script>\n<!-- \/ Yoast SEO plugin. -->","yoast_head_json":{"title":"Na\u0161e historie - Magna","robots":{"index":"index","follow":"follow","max-snippet":"max-snippet:-1","max-image-preview":"max-image-preview:large","max-video-preview":"max-video-preview:-1"},"canonical":"https:\/\/www.magna.org\/fr\/cs\/kdo-jsme\/nase-historie\/","og_locale":"en_US","og_type":"article","og_title":"Na\u0161e historie - Magna","og_url":"https:\/\/www.magna.org\/fr\/cs\/kdo-jsme\/nase-historie\/","og_site_name":"Magna","article_modified_time":"2022-12-10T10:07:30+00:00","og_image":[{"width":1154,"height":666,"url":"https:\/\/www.magna.org\/fr\/wp-content\/uploads\/2022\/09\/homepage-nasa-historia-mb2005011w02704-e1669889852791.jpg","type":"image\/jpeg"}],"twitter_card":"summary_large_image","schema":{"@context":"https:\/\/schema.org","@graph":[{"@type":"WebPage","@id":"https:\/\/www.magna.org\/fr\/cs\/kdo-jsme\/nase-historie\/","url":"https:\/\/www.magna.org\/fr\/cs\/kdo-jsme\/nase-historie\/","name":"Na\u0161e historie - Magna","isPartOf":{"@id":"https:\/\/www.magna.org\/fr\/#website"},"primaryImageOfPage":{"@id":"https:\/\/www.magna.org\/fr\/cs\/kdo-jsme\/nase-historie\/#primaryimage"},"image":{"@id":"https:\/\/www.magna.org\/fr\/cs\/kdo-jsme\/nase-historie\/#primaryimage"},"thumbnailUrl":"https:\/\/www.magna.org\/fr\/wp-content\/uploads\/2022\/09\/homepage-nasa-historia-mb2005011w02704-e1669889852791.jpg","datePublished":"2022-12-09T15:52:59+00:00","dateModified":"2022-12-10T10:07:30+00:00","breadcrumb":{"@id":"https:\/\/www.magna.org\/fr\/cs\/kdo-jsme\/nase-historie\/#breadcrumb"},"inLanguage":"en-US","potentialAction":[{"@type":"ReadAction","target":["https:\/\/www.magna.org\/fr\/cs\/kdo-jsme\/nase-historie\/"]}]},{"@type":"ImageObject","inLanguage":"en-US","@id":"https:\/\/www.magna.org\/fr\/cs\/kdo-jsme\/nase-historie\/#primaryimage","url":"https:\/\/www.magna.org\/fr\/wp-content\/uploads\/2022\/09\/homepage-nasa-historia-mb2005011w02704-e1669889852791.jpg","contentUrl":"https:\/\/www.magna.org\/fr\/wp-content\/uploads\/2022\/09\/homepage-nasa-historia-mb2005011w02704-e1669889852791.jpg","width":1154,"height":666},{"@type":"BreadcrumbList","@id":"https:\/\/www.magna.org\/fr\/cs\/kdo-jsme\/nase-historie\/#breadcrumb","itemListElement":[{"@type":"ListItem","position":1,"name":"Home","item":"https:\/\/www.magna.org\/fr\/sk\/"},{"@type":"ListItem","position":2,"name":"Kdo jsme","item":"https:\/\/www.magna.org\/fr\/cs\/kdo-jsme\/"},{"@type":"ListItem","position":3,"name":"Na\u0161e historie"}]},{"@type":"WebSite","@id":"https:\/\/www.magna.org\/fr\/#website","url":"https:\/\/www.magna.org\/fr\/","name":"Magna","description":"Just another WordPress site","potentialAction":[{"@type":"SearchAction","target":{"@type":"EntryPoint","urlTemplate":"https:\/\/www.magna.org\/fr\/?s={search_term_string}"},"query-input":{"@type":"PropertyValueSpecification","valueRequired":true,"valueName":"search_term_string"}}],"inLanguage":"en-US"}]}},"_links":{"self":[{"href":"https:\/\/www.magna.org\/fr\/wp-json\/wp\/v2\/pages\/10225","targetHints":{"allow":["GET"]}}],"collection":[{"href":"https:\/\/www.magna.org\/fr\/wp-json\/wp\/v2\/pages"}],"about":[{"href":"https:\/\/www.magna.org\/fr\/wp-json\/wp\/v2\/types\/page"}],"author":[{"embeddable":true,"href":"https:\/\/www.magna.org\/fr\/wp-json\/wp\/v2\/users\/2"}],"replies":[{"embeddable":true,"href":"https:\/\/www.magna.org\/fr\/wp-json\/wp\/v2\/comments?post=10225"}],"version-history":[{"count":6,"href":"https:\/\/www.magna.org\/fr\/wp-json\/wp\/v2\/pages\/10225\/revisions"}],"predecessor-version":[{"id":10309,"href":"https:\/\/www.magna.org\/fr\/wp-json\/wp\/v2\/pages\/10225\/revisions\/10309"}],"up":[{"embeddable":true,"href":"https:\/\/www.magna.org\/fr\/wp-json\/wp\/v2\/pages\/10183"}],"wp:featuredmedia":[{"embeddable":true,"href":"https:\/\/www.magna.org\/fr\/wp-json\/wp\/v2\/media\/370"}],"wp:attachment":[{"href":"https:\/\/www.magna.org\/fr\/wp-json\/wp\/v2\/media?parent=10225"}],"curies":[{"name":"wp","href":"https:\/\/api.w.org\/{rel}","templated":true}]}}