{"id":10244,"date":"2022-12-09T16:32:30","date_gmt":"2022-12-09T16:32:30","guid":{"rendered":"https:\/\/www.magna.org\/fr\/?page_id=10244"},"modified":"2023-03-20T09:26:12","modified_gmt":"2023-03-20T09:26:12","slug":"stante-se-pravidelnym-darcem","status":"publish","type":"page","link":"https:\/\/www.magna.org\/fr\/cs\/zapojte-se\/stante-se-pravidelnym-darcem\/","title":{"rendered":"Sta\u0148te se pravideln\u00fdm d\u00e1rcem"},"content":{"rendered":"<div class=\"e-content-text\"><div class=\"e-content-text__inner\">\n<h4 class=\"has-text-align-center wp-block-heading\">Darujte ka\u017ed\u00fd m\u011bs\u00edc, zachr\u00e1n\u00edte v\u00edce \u017eivot\u016f.<\/h4>\n<\/div><\/div>\n\n<section class=\"s-home-hero s-home-hero--red hc-section-space--normal\">\n    <div class=\"s-home-hero__inner\">\n        <div class=\"s-home-hero__media\">\n            <img loading=\"lazy\" decoding=\"async\" width=\"698\" height=\"524\" src=\"https:\/\/www.magna.org\/fr\/wp-content\/uploads\/2022\/09\/homepage-financie-a-reporty-yumbi-advert-rgb-desktop-698x524.jpg\" class=\"attachment-magna-hero size-magna-hero\" alt=\"\" srcset=\"https:\/\/www.magna.org\/fr\/wp-content\/uploads\/2022\/09\/homepage-financie-a-reporty-yumbi-advert-rgb-desktop-698x524.jpg 698w, https:\/\/www.magna.org\/fr\/wp-content\/uploads\/2022\/09\/homepage-financie-a-reporty-yumbi-advert-rgb-desktop-1396x1048.jpg 1396w\" sizes=\"auto, (max-width: 698px) 100vw, 698px\" \/>\n        <\/div>\n        <div class=\"s-home-hero__content\">\n            <h2 class=\"s-home-hero__title\">Darujte online<\/h2>\n            <div class=\"s-home-hero__text\">\n                <p>Jako pravideln\u00fd d\u00e1rce hrajete d\u016fle\u017eitou roli p\u0159i na\u0161\u00ed pr\u00e1ci. D\u00edky v\u00e1m jsme p\u0159ipraveni zachra\u0148ovat \u017eivoty v co nejkrat\u0161\u00edm \u010dase.<\/p>\n            <\/div>\n            <div class=\"s-home-hero__cta\">\n                <a href=\"https:\/\/donate.magna.org\/cs\" target=\"\" class=\"e-btn e-btn--dark\">Chci darovat<\/a>\n            <\/div>\n        <\/div>\n    <\/div>\n<\/section>\n\n<div class=\"e-content-text\"><div class=\"e-content-text__inner\">\n<h2 class=\"wp-block-heading\">Pro\u010d se st\u00e1t pravideln\u00fdm d\u00e1rcem?<\/h2>\n<\/div><\/div>\n\n<div class=\"e-content-text\"><div class=\"e-content-text__inner\">\n<p>Magna Partne\u0159i poskytuj\u00ed pravideln\u00fd opakuj\u00edc\u00ed se dar, kter\u00fd se automaticky p\u0159ev\u00e1d\u00ed kazd\u00fd m\u011bs\u00edc z kreditn\u00ed karty nebo bankovn\u00edho \u00fa\u010dtu a je mo\u017en\u00e9 ho kdykoliv upravit nebo pozastavit. Bez ohledu na \u010d\u00e1stku m\u00e1 v\u00e1\u0161 opakovan\u00fd dar velk\u00fd vliv.<\/p>\n<\/div><\/div>\n\n<div class=\"e-content-text\"><div class=\"e-content-text__inner\">\n<p>Pravideln\u00e9 dary n\u00e1m umo\u017e\u0148uj\u00ed rychle reagovat, kdy\u017e nastane krize. D\u00edky va\u0161\u00ed loajalit\u011b m\u016f\u017eeme zas\u00e1hnout hned, ani\u017e bychom \u010dekali na doru\u010den\u00ed nov\u00fdch dar\u016f.<\/p>\n<\/div><\/div>\n\n<div class=\"e-content-text\"><div class=\"e-content-text__inner\">\n<p>Jeliko\u017e v\u00edme, \u017ee se m\u016f\u017eeme spolehnout na to, \u017ee dostaneme v\u00e1\u0161 opakuj\u00edc\u00ed se dar, um\u00edme se p\u0159ipravit na jakoukoli nouzovou situaci nebo krizi, na kterou zareagujeme.<\/p>\n<\/div><\/div>\n\n<div class=\"e-content-text\"><div class=\"e-content-text__inner\">\n<p>Na\u0161e t\u00fdmy na m\u00edst\u011b se \u010dasto setk\u00e1vaj\u00ed s neo\u010dek\u00e1van\u00fdmi krizemi. Pravideln\u00e9 dary n\u00e1m umo\u017e\u0148uj\u00ed rychle a efektivn\u011b zas\u00e1hnout v dob\u011b nouze.<\/p>\n<\/div><\/div>\n\n<div class=\"e-content-text\"><div class=\"e-content-text__inner\">\n<ul class=\"wp-block-list\">\n<li><strong><a href=\"https:\/\/donate.magna.org\/cs\/pomahejte-kazdy-mesic\/\">Darujte online<\/a><\/strong><\/li>\n\n\n\n<li><strong>Darujte cez SMS<\/strong><\/li>\n<\/ul>\n<\/div><\/div>\n\n<div class=\"e-content-text\"><div class=\"e-content-text__inner\">\n<p><strong>SMS darov\u00e1n\u00ed je alternativou k online d\u00e1rcovstv\u00ed. Umo\u017e\u0148uje v\u00e1m rychle a efektivn\u011b poskytnout pravideln\u00fd dar. Sta\u010d\u00ed poslat SMS ve tvaru&nbsp;DMS TRV MAGNA 190&nbsp;na \u010d\u00edslo&nbsp;877 77&nbsp;a nastav\u00edte si pravideln\u00e9 p\u0159isp\u00edv\u00e1n\u00ed v hodnot\u011b 190,-K\u010d ka\u017ed\u00fd m\u011bs\u00edc.<\/strong><\/p>\n<\/div><\/div>\n\n<div class=\"e-content-text\"><div class=\"e-content-text__inner\">\n<p>Podpora od Magna partner\u016f v ter\u00e9nu n\u00e1m tak\u00e9 umo\u017e\u0148uje minimalizovat na\u0161e n\u00e1klady na z\u00edsk\u00e1v\u00e1n\u00ed finan\u010dn\u00edch prost\u0159edk\u016f, abychom mohli v\u00edce na\u0161ich zdroj\u016f investovat p\u0159\u00edmo do poskytov\u00e1n\u00ed zdravotn\u00ed p\u00e9\u010de t\u011bm, kte\u0159\u00ed n\u00e1s nejv\u00edce pot\u0159ebuj\u00ed.<\/p>\n<\/div><\/div>\n\n<div class=\"e-content-text\"><div class=\"e-content-text__inner\">\n<p>Jako pravideln\u00fd d\u00e1rce m\u00e1te p\u0159\u00edstup na akce v r\u00e1mci na\u0161eho humanit\u00e1rn\u00edho centra, vernis\u00e1\u017ee v\u00fdstav a pod. Dost\u00e1v\u00e1te tak\u00e9 n\u00e1\u0161 \u010dasopis, kter\u00fd obsahuje fotografie a p\u0159\u00edb\u011bhy o pomoci, kterou umo\u017e\u0148ujete po cel\u00e9m sv\u011bt\u011b.<\/p>\n<\/div><\/div>\n\n<div class=\"e-content-cite\">\n    <blockquote class=\"e-content-cite__wrap\">\n        <div class=\"e-content-cite__text\">U n\u00e1s m\u00e1 ka\u017ed\u00fd \u010dlov\u011bk pr\u00e1vo na zdravotn\u00ed p\u00e9\u010di zakotvenou v \u00fastavu. Pokud se v Kambod\u017ei n\u011bkdo narod\u00ed na okraji spole\u010dnosti, ve \u0161p\u00edn\u011b, v b\u00edd\u011b \u010di slumu, je jen mal\u00e1 \u0161ance, \u017ee se odtud dostane bez pomocn\u00e9 ruky zven\u010d\u00ed.<\/div>\n        <div class=\"e-content-cite__author\">J\u00falia Hor\u00e1kov\u00e1, MAGNA l\u00e9ka\u0159ka<\/div>\n    <\/blockquote>\n<\/div>\n\n<section class=\"s-stats hc-section-space--normal\">\n    <div class=\"s-stats__inner\">\n        <div class=\"s-stats__wrap\">\n            <div class=\"s-stats__header\">\n                <h2 class=\"s-stats__title\">N\u00e1\u0161 z\u00e1sah<\/h2>\n                <div class=\"s-stats__aside\">\n                    <a href=\"https:\/\/donate.magna.org\/cs\/pomahejte-kazdy-mesic\/\" target=\"\" class=\"e-link e-link--primary\">Chci darovat<\/a>\n                <\/div>\n            <\/div>\n            <div class=\"s-stats__content\">\n                <div class=\"s-stats__items\">\n                    <div class=\"s-stats__item\">\n                        <h4 class=\"s-stats__item-value\">300.000<\/h4>\n                        <div class=\"s-stats__item-label\">LID\u00cd L\u00c9\u010cEN\u00ddCH NA UKRAJIN\u011a<\/div>\n                    <\/div>\n                    <div class=\"s-stats__item\">\n                        <h4 class=\"s-stats__item-value\">12.000<\/h4>\n                        <div class=\"s-stats__item-label\">MATERSK\u00ddCH KONZULTAC\u00cd V LIBANONU<\/div>\n                    <\/div>\n                    <div class=\"s-stats__item\">\n                        <h4 class=\"s-stats__item-value\">25.000<\/h4>\n                        <div class=\"s-stats__item-label\">D\u011aT\u00cd L\u00c9\u010cEN\u00ddCH NA PODV\u00dd\u017dIVU V KONGU<\/div>\n                    <\/div>\n                    <div class=\"s-stats__item\">\n                        <h4 class=\"s-stats__item-value\">3.500<\/h4>\n                        <div class=\"s-stats__item-label\">L\u00c9\u010cEN\u00ddCH D\u011aT\u00cd S HIV\/AIDS V KAMBOD\u017dI<\/div>\n                    <\/div>\n                <\/div>\n            <\/div>\n        <\/div>\n    <\/div>\n<\/section>\n\n<div class=\"e-content-text\"><div class=\"e-content-text__inner\">\n<h2 class=\"wp-block-heading\">Jak funguje pravideln\u00e9 d\u00e1rcovstv\u00ed?<\/h2>\n<\/div><\/div>\n\n<div class=\"e-content-text\"><div class=\"e-content-text__inner\">\n<p class=\"has-vivid-red-color has-text-color\"><strong>Je to jednoduch\u00e9: K<\/strong>a\u017ed\u00fd m\u011bs\u00edc je v\u00e1\u0161 dar automaticky p\u0159eveden z va\u0161\u00ed kreditn\u00ed karty nebo bankovn\u00edho \u00fa\u010dtu. an \u00fa\u010det organizace MAGNA Sv\u016fj dar m\u016f\u017eete kdykoli zv\u00fd\u0161it, sn\u00ed\u017eit nebo pozastavit.<\/p>\n<\/div><\/div>\n\n<div class=\"e-content-text\"><div class=\"e-content-text__inner\">\n<h3 class=\"wp-block-heading\">V\u00fdhody opakovan\u00e9ho daru<\/h3>\n<\/div><\/div>\n\n<div class=\"e-content-text\"><div class=\"e-content-text__inner\">\n<p><strong>Pohodl\u00ed<\/strong>. Jednou za m\u011bs\u00edc se v\u00e1\u0161 dar automaticky p\u0159evede z va\u0161\u00ed kreditn\u00ed karty nebo bankovn\u00edho \u00fa\u010dtu na \u00fa\u010det organizace MAGNA. Nemus\u00edte se starat o nic, jen z pohodl\u00ed va\u0161eho ob\u00fdvac\u00edho pokoje pom\u00e1h\u00e1te zachra\u0148ovat \u017eivoty d\u011bt\u00ed.<\/p>\n<\/div><\/div>\n\n<div class=\"e-content-text\"><div class=\"e-content-text__inner\">\n<p><strong>Kontrola<\/strong>. Nad va\u0161\u00edm darem m\u00e1te 100procentn\u00ed kontrolu. Sv\u016fj dar m\u016f\u017eete kdykoli zv\u00fd\u0161it, sn\u00ed\u017eit nebo pozastavit.<\/p>\n<\/div><\/div>\n\n<div class=\"e-content-text\"><div class=\"e-content-text__inner\">\n<p><strong>Jste sou\u010d\u00e1st\u00ed komunity. <\/strong>Jako Magna Partner m\u00e1te p\u0159\u00edstup k exkluzivn\u00edm ud\u00e1lostem v na\u0161em humanit\u00e1rn\u00edm centru, pozv\u00e1nk\u00e1m na v\u00fdstavy, \u017eiv\u00e9 vstupy z ter\u00e9nu nebo r\u016fzn\u00e9 dal\u0161\u00ed ud\u00e1losti.<\/p>\n<\/div><\/div>\n\n<div class=\"e-content-text\"><div class=\"e-content-text__inner\">\n<p><strong>Komunikace<\/strong>. Dost\u00e1v\u00e1te n\u00e1\u0161 \u010dasopis, kter\u00fd obsahuje siln\u00e9 p\u0159\u00edb\u011bhy a fotografie, kter\u00e9 zachycuj\u00ed to, co spolu v ter\u00e9nu d\u011bl\u00e1me. Zarove\u0148 ka\u017ed\u00fd m\u011bs\u00edc v\u00edte kde, komu a jak pom\u00e1h\u00e1te.<\/p>\n<\/div><\/div>\n\n<div class=\"e-content-support\">\n    <div class=\"e-content-support__box\" style=\"background-image:url('https:\/\/www.magna.org\/fr\/wp-content\/uploads\/2022\/09\/homepage-financie-a-reporty-yumbi-advert-rgb-desktop.jpg')\">\n        <div class=\"e-content-support__content\">\n            <h3 class=\"e-content-support__title\"><\/h3>\n        <\/div>\n        <div class=\"e-content-support__donate\">\n<article class=\"a-donate js-donate\">\n    <div class=\"a-donate__content\">\n        <h3 class=\"a-donate__title\">Sta\u0148te se Magna partner<\/h3>\n        <div class=\"a-donate__select\">\n            <div class=\"a-donate__select-item\">\n                <input type=\"radio\" name=\"f-donate\" class=\"js-donate__radio\" id=\"f-donate-input-e5b3e7c92cc4e71c4965acbb834356c5\" data-amounts=\"#f-donate-amounts-e5b3e7c92cc4e71c4965acbb834356c5\" checked>\n                <label for=\"f-donate-input-e5b3e7c92cc4e71c4965acbb834356c5\">Pom\u00e1hejte ka\u017ed\u00fd m\u011bs\u00edc<\/label>\n            <\/div>\n        <\/div>\n    <\/div>\n    <div class=\"a-donate__footer\">\n            <div id=\"f-donate-amounts-e5b3e7c92cc4e71c4965acbb834356c5\" class=\"a-donate__choose js-donate__amounts\">\n                <select class=\"js-selectric js-donate__select\">\n                    <option value=\"https:\/\/donate.magna.org\/cs\/pomahejte-kazdy-mesic\/?type=regular&amp;amount=250\">250 K\u010d<\/option>\n                    <option value=\"https:\/\/donate.magna.org\/sk\/pomahajte-kazdy-mesiac\/?type=regular&amp;amount=500\">500 K\u010d<\/option>\n                    <option value=\"https:\/\/donate.magna.org\/sk\/pomahajte-kazdy-mesiac\/?type=regular&amp;amount=750\">750 K\u010d<\/option>\n                <\/select>\n                <button class=\"e-btn e-btn--primary e-btn--full js-donate__submit\"><span>Donate<\/span><i class=\"icon-heart\"><\/i><\/button>\n            <\/div>\n    <\/div>\n<\/article>        <\/div>\n    <\/div>\n<\/div>\n\n<section class=\"s-help hc-section-space--normal\">\n    <div class=\"s-help__inner\">\n        <h2 class=\"s-help__title\">Pod\u00edvejte tak\u00e9<\/h2>\n        <div class=\"s-help__content\">\n            <div class=\"s-help__items\">\n                <div class=\"s-help__item\">\n                    <article class=\"a-help\">\n                        <a href=\"https:\/\/www.magna.org\/fr\/cs\/zapojte-se\/fond-urgentni-pomoci\/\" target=\"\" class=\"a-help__link\"><\/a>\n                        <div class=\"a-help__content\">\n                            <h3 class=\"a-help__title\">Fond urgentn\u00ed pomoci<\/h3>\n                            <div class=\"a-help__cta\">\n                                <a href=\"https:\/\/www.magna.org\/fr\/cs\/zapojte-se\/fond-urgentni-pomoci\/\" target=\"\" >Zjistit v\u00edce<\/a>\n                            <\/div>\n                        <\/div>\n                    <\/article>\n                <\/div>\n                <div class=\"s-help__item\">\n                    <article class=\"a-help\">\n                        <a href=\"https:\/\/sms.magna.org\/cs\" target=\"\" class=\"a-help__link\"><\/a>\n                        <div class=\"a-help__content\">\n                            <h3 class=\"a-help__title\">Darujte p\u0159es SMS<\/h3>\n                            <div class=\"a-help__cta\">\n                                <a href=\"https:\/\/sms.magna.org\/cs\" target=\"\" >Zjistit v\u00edce<\/a>\n                            <\/div>\n                        <\/div>\n                    <\/article>\n                <\/div>\n                <div class=\"s-help__item\">\n                    <article class=\"a-help\">\n                        <a href=\"https:\/\/hospital.magna.org\/cs\" target=\"\" class=\"a-help__link\"><\/a>\n                        <div class=\"a-help__content\">\n                            <h3 class=\"a-help__title\">D\u00e1rek, kter\u00fd l\u00e9\u010d\u00ed<\/h3>\n                            <div class=\"a-help__cta\">\n                                <a href=\"https:\/\/hospital.magna.org\/cs\" target=\"\" >Zjistit v\u00edce<\/a>\n                            <\/div>\n                        <\/div>\n                    <\/article>\n                <\/div>\n                <div class=\"s-help__item\">\n                    <article class=\"a-help\">\n                        <a href=\"https:\/\/www.magna.org\/fr\/cs\/zapojte-se\/lecime-na-ukrajine\/\" target=\"\" class=\"a-help__link\"><\/a>\n                        <div class=\"a-help__content\">\n                            <h3 class=\"a-help__title\">L\u00e9\u010d\u00edme na Ukrajin\u011b<\/h3>\n                            <div class=\"a-help__cta\">\n                                <a href=\"https:\/\/www.magna.org\/fr\/cs\/zapojte-se\/lecime-na-ukrajine\/\" target=\"\" >Zjistit v\u00edce<\/a>\n                            <\/div>\n                        <\/div>\n                    <\/article>\n                <\/div>\n            <\/div>\n        <\/div>\n    <\/div>\n<\/section>\n\n<div class=\"e-content-text\"><div class=\"e-content-text__inner\">\n<h2 class=\"has-text-align-center wp-block-heading\">M\u00e1te dal\u0161\u00ed dotazy nebo se chcete zapojit?<\/h2>\n<\/div><\/div>\n\n<div class=\"e-content-text\"><div class=\"e-content-text__inner\">\n<p class=\"has-text-align-center\">Zavolejte na <a href=\"tel:+420736416505\">+420 736 416 505<\/a> nebo po\u0161lete e-mail na <a href=\"mailto:darcovstvi@magna.org\">darcovstvi@magna.org<\/a> a my v\u00e1m r\u00e1di pom\u016f\u017eeme.<\/p>\n<\/div><\/div>","protected":false},"excerpt":{"rendered":"<p>Darujte ka\u017ed\u00fd m\u011bs\u00edc, zachr\u00e1n\u00edte v\u00edce \u017eivot\u016f. Pro\u010d se st\u00e1t pravideln\u00fdm d\u00e1rcem? Magna Partne\u0159i poskytuj\u00ed pravideln\u00fd opakuj\u00edc\u00ed se dar, kter\u00fd se automaticky p\u0159ev\u00e1d\u00ed kazd\u00fd m\u011bs\u00edc z kreditn\u00ed karty nebo bankovn\u00edho \u00fa\u010dtu a je mo\u017en\u00e9 ho kdykoliv upravit nebo pozastavit. Bez ohledu na \u010d\u00e1stku m\u00e1 v\u00e1\u0161 opakovan\u00fd dar velk\u00fd vliv. Pravideln\u00e9 dary n\u00e1m umo\u017e\u0148uj\u00ed rychle reagovat, kdy\u017e [&hellip;]<\/p>\n","protected":false},"author":2,"featured_media":0,"parent":10181,"menu_order":0,"comment_status":"closed","ping_status":"closed","template":"page-article.php","meta":{"_acf_changed":false,"inline_featured_image":false,"footnotes":""},"class_list":["post-10244","page","type-page","status-publish","hentry"],"acf":[],"yoast_head":"<!-- This site is optimized with the Yoast SEO plugin v24.3 - https:\/\/yoast.com\/wordpress\/plugins\/seo\/ -->\n<title>Sta\u0148te se pravideln\u00fdm d\u00e1rcem - Magna<\/title>\n<meta name=\"robots\" content=\"index, follow, max-snippet:-1, max-image-preview:large, max-video-preview:-1\" \/>\n<link rel=\"canonical\" href=\"https:\/\/www.magna.org\/fr\/cs\/zapojte-se\/stante-se-pravidelnym-darcem\/\" \/>\n<meta property=\"og:locale\" content=\"en_US\" \/>\n<meta property=\"og:type\" content=\"article\" \/>\n<meta property=\"og:title\" content=\"Sta\u0148te se pravideln\u00fdm d\u00e1rcem - Magna\" \/>\n<meta property=\"og:description\" content=\"Darujte ka\u017ed\u00fd m\u011bs\u00edc, zachr\u00e1n\u00edte v\u00edce \u017eivot\u016f. Pro\u010d se st\u00e1t pravideln\u00fdm d\u00e1rcem? Magna Partne\u0159i poskytuj\u00ed pravideln\u00fd opakuj\u00edc\u00ed se dar, kter\u00fd se automaticky p\u0159ev\u00e1d\u00ed kazd\u00fd m\u011bs\u00edc z kreditn\u00ed karty nebo bankovn\u00edho \u00fa\u010dtu a je mo\u017en\u00e9 ho kdykoliv upravit nebo pozastavit. Bez ohledu na \u010d\u00e1stku m\u00e1 v\u00e1\u0161 opakovan\u00fd dar velk\u00fd vliv. Pravideln\u00e9 dary n\u00e1m umo\u017e\u0148uj\u00ed rychle reagovat, kdy\u017e [&hellip;]\" \/>\n<meta property=\"og:url\" content=\"https:\/\/www.magna.org\/fr\/cs\/zapojte-se\/stante-se-pravidelnym-darcem\/\" \/>\n<meta property=\"og:site_name\" content=\"Magna\" \/>\n<meta property=\"article:modified_time\" content=\"2023-03-20T09:26:12+00:00\" \/>\n<meta name=\"twitter:card\" content=\"summary_large_image\" \/>\n<meta name=\"twitter:label1\" content=\"Est. reading time\" \/>\n\t<meta name=\"twitter:data1\" content=\"2 minutes\" \/>\n<script type=\"application\/ld+json\" class=\"yoast-schema-graph\">{\"@context\":\"https:\/\/schema.org\",\"@graph\":[{\"@type\":\"WebPage\",\"@id\":\"https:\/\/www.magna.org\/fr\/cs\/zapojte-se\/stante-se-pravidelnym-darcem\/\",\"url\":\"https:\/\/www.magna.org\/fr\/cs\/zapojte-se\/stante-se-pravidelnym-darcem\/\",\"name\":\"Sta\u0148te se pravideln\u00fdm d\u00e1rcem - Magna\",\"isPartOf\":{\"@id\":\"https:\/\/www.magna.org\/fr\/#website\"},\"datePublished\":\"2022-12-09T16:32:30+00:00\",\"dateModified\":\"2023-03-20T09:26:12+00:00\",\"breadcrumb\":{\"@id\":\"https:\/\/www.magna.org\/fr\/cs\/zapojte-se\/stante-se-pravidelnym-darcem\/#breadcrumb\"},\"inLanguage\":\"en-US\",\"potentialAction\":[{\"@type\":\"ReadAction\",\"target\":[\"https:\/\/www.magna.org\/fr\/cs\/zapojte-se\/stante-se-pravidelnym-darcem\/\"]}]},{\"@type\":\"BreadcrumbList\",\"@id\":\"https:\/\/www.magna.org\/fr\/cs\/zapojte-se\/stante-se-pravidelnym-darcem\/#breadcrumb\",\"itemListElement\":[{\"@type\":\"ListItem\",\"position\":1,\"name\":\"Home\",\"item\":\"https:\/\/www.magna.org\/fr\/sk\/\"},{\"@type\":\"ListItem\",\"position\":2,\"name\":\"Podpo\u0159te n\u00e1s\",\"item\":\"https:\/\/www.magna.org\/fr\/cs\/zapojte-se\/\"},{\"@type\":\"ListItem\",\"position\":3,\"name\":\"Sta\u0148te se pravideln\u00fdm d\u00e1rcem\"}]},{\"@type\":\"WebSite\",\"@id\":\"https:\/\/www.magna.org\/fr\/#website\",\"url\":\"https:\/\/www.magna.org\/fr\/\",\"name\":\"Magna\",\"description\":\"Just another WordPress site\",\"potentialAction\":[{\"@type\":\"SearchAction\",\"target\":{\"@type\":\"EntryPoint\",\"urlTemplate\":\"https:\/\/www.magna.org\/fr\/?s={search_term_string}\"},\"query-input\":{\"@type\":\"PropertyValueSpecification\",\"valueRequired\":true,\"valueName\":\"search_term_string\"}}],\"inLanguage\":\"en-US\"}]}<\/script>\n<!-- \/ Yoast SEO plugin. -->","yoast_head_json":{"title":"Sta\u0148te se pravideln\u00fdm d\u00e1rcem - Magna","robots":{"index":"index","follow":"follow","max-snippet":"max-snippet:-1","max-image-preview":"max-image-preview:large","max-video-preview":"max-video-preview:-1"},"canonical":"https:\/\/www.magna.org\/fr\/cs\/zapojte-se\/stante-se-pravidelnym-darcem\/","og_locale":"en_US","og_type":"article","og_title":"Sta\u0148te se pravideln\u00fdm d\u00e1rcem - Magna","og_description":"Darujte ka\u017ed\u00fd m\u011bs\u00edc, zachr\u00e1n\u00edte v\u00edce \u017eivot\u016f. Pro\u010d se st\u00e1t pravideln\u00fdm d\u00e1rcem? Magna Partne\u0159i poskytuj\u00ed pravideln\u00fd opakuj\u00edc\u00ed se dar, kter\u00fd se automaticky p\u0159ev\u00e1d\u00ed kazd\u00fd m\u011bs\u00edc z kreditn\u00ed karty nebo bankovn\u00edho \u00fa\u010dtu a je mo\u017en\u00e9 ho kdykoliv upravit nebo pozastavit. Bez ohledu na \u010d\u00e1stku m\u00e1 v\u00e1\u0161 opakovan\u00fd dar velk\u00fd vliv. Pravideln\u00e9 dary n\u00e1m umo\u017e\u0148uj\u00ed rychle reagovat, kdy\u017e [&hellip;]","og_url":"https:\/\/www.magna.org\/fr\/cs\/zapojte-se\/stante-se-pravidelnym-darcem\/","og_site_name":"Magna","article_modified_time":"2023-03-20T09:26:12+00:00","twitter_card":"summary_large_image","twitter_misc":{"Est. reading time":"2 minutes"},"schema":{"@context":"https:\/\/schema.org","@graph":[{"@type":"WebPage","@id":"https:\/\/www.magna.org\/fr\/cs\/zapojte-se\/stante-se-pravidelnym-darcem\/","url":"https:\/\/www.magna.org\/fr\/cs\/zapojte-se\/stante-se-pravidelnym-darcem\/","name":"Sta\u0148te se pravideln\u00fdm d\u00e1rcem - Magna","isPartOf":{"@id":"https:\/\/www.magna.org\/fr\/#website"},"datePublished":"2022-12-09T16:32:30+00:00","dateModified":"2023-03-20T09:26:12+00:00","breadcrumb":{"@id":"https:\/\/www.magna.org\/fr\/cs\/zapojte-se\/stante-se-pravidelnym-darcem\/#breadcrumb"},"inLanguage":"en-US","potentialAction":[{"@type":"ReadAction","target":["https:\/\/www.magna.org\/fr\/cs\/zapojte-se\/stante-se-pravidelnym-darcem\/"]}]},{"@type":"BreadcrumbList","@id":"https:\/\/www.magna.org\/fr\/cs\/zapojte-se\/stante-se-pravidelnym-darcem\/#breadcrumb","itemListElement":[{"@type":"ListItem","position":1,"name":"Home","item":"https:\/\/www.magna.org\/fr\/sk\/"},{"@type":"ListItem","position":2,"name":"Podpo\u0159te n\u00e1s","item":"https:\/\/www.magna.org\/fr\/cs\/zapojte-se\/"},{"@type":"ListItem","position":3,"name":"Sta\u0148te se pravideln\u00fdm d\u00e1rcem"}]},{"@type":"WebSite","@id":"https:\/\/www.magna.org\/fr\/#website","url":"https:\/\/www.magna.org\/fr\/","name":"Magna","description":"Just another WordPress site","potentialAction":[{"@type":"SearchAction","target":{"@type":"EntryPoint","urlTemplate":"https:\/\/www.magna.org\/fr\/?s={search_term_string}"},"query-input":{"@type":"PropertyValueSpecification","valueRequired":true,"valueName":"search_term_string"}}],"inLanguage":"en-US"}]}},"_links":{"self":[{"href":"https:\/\/www.magna.org\/fr\/wp-json\/wp\/v2\/pages\/10244","targetHints":{"allow":["GET"]}}],"collection":[{"href":"https:\/\/www.magna.org\/fr\/wp-json\/wp\/v2\/pages"}],"about":[{"href":"https:\/\/www.magna.org\/fr\/wp-json\/wp\/v2\/types\/page"}],"author":[{"embeddable":true,"href":"https:\/\/www.magna.org\/fr\/wp-json\/wp\/v2\/users\/2"}],"replies":[{"embeddable":true,"href":"https:\/\/www.magna.org\/fr\/wp-json\/wp\/v2\/comments?post=10244"}],"version-history":[{"count":17,"href":"https:\/\/www.magna.org\/fr\/wp-json\/wp\/v2\/pages\/10244\/revisions"}],"predecessor-version":[{"id":12771,"href":"https:\/\/www.magna.org\/fr\/wp-json\/wp\/v2\/pages\/10244\/revisions\/12771"}],"up":[{"embeddable":true,"href":"https:\/\/www.magna.org\/fr\/wp-json\/wp\/v2\/pages\/10181"}],"wp:attachment":[{"href":"https:\/\/www.magna.org\/fr\/wp-json\/wp\/v2\/media?parent=10244"}],"curies":[{"name":"wp","href":"https:\/\/api.w.org\/{rel}","templated":true}]}}