{"id":10246,"date":"2022-12-09T16:33:41","date_gmt":"2022-12-09T16:33:41","guid":{"rendered":"https:\/\/www.magna.org\/fr\/?page_id=10246"},"modified":"2022-12-13T15:25:54","modified_gmt":"2022-12-13T15:25:54","slug":"darujte-vkladem-na-ucet","status":"publish","type":"page","link":"https:\/\/www.magna.org\/fr\/cs\/zapojte-se\/darujte-vkladem-na-ucet\/","title":{"rendered":"Darujte vkladem na \u00fa\u010det"},"content":{"rendered":"<div class=\"e-content-text\"><div class=\"e-content-text__inner\">\n<p class=\"has-text-align-center\">D\u011bkujeme, \u017ee i d\u00edky va\u0161\u00ed finan\u010dn\u00ed podpo\u0159e m\u016f\u017eeme l\u00e9\u010dit d\u011bti a jejich rodiny v krizov\u00fdch oblastech sv\u011bta.<\/p>\n<\/div><\/div>\n\n<section class=\"s-home-hero s-home-hero--dark hc-section-space--normal\">\n    <div class=\"s-home-hero__inner\">\n        <div class=\"s-home-hero__media\">\n            <img loading=\"lazy\" decoding=\"async\" width=\"698\" height=\"524\" src=\"https:\/\/www.magna.org\/fr\/wp-content\/uploads\/2022\/11\/homepage-zdravie-matky-mb201811g0014-698x524.jpg\" class=\"attachment-magna-hero size-magna-hero\" alt=\"\" srcset=\"https:\/\/www.magna.org\/fr\/wp-content\/uploads\/2022\/11\/homepage-zdravie-matky-mb201811g0014-698x524.jpg 698w, https:\/\/www.magna.org\/fr\/wp-content\/uploads\/2022\/11\/homepage-zdravie-matky-mb201811g0014-1396x1048.jpg 1396w\" sizes=\"auto, (max-width: 698px) 100vw, 698px\" \/>\n        <\/div>\n        <div class=\"s-home-hero__content\">\n            <h2 class=\"s-home-hero__title\">Kam pos\u00edlat p\u0159\u00edsp\u011bvky?<\/h2>\n            <div class=\"s-home-hero__text\">\n                <p>Va\u0161e p\u0159\u00edsp\u011bvky n\u00e1m m\u016f\u017eete pos\u00edlat i bez jak\u00e9koli p\u0159edchoz\u00ed registrace na jeden z n\u00e1sleduj\u00edc\u00edch bankovn\u00edch \u00fa\u010dt\u016f.<\/p>\n            <\/div>\n        <\/div>\n    <\/div>\n<\/section>\n\n<div class=\"e-content-text\"><div class=\"e-content-text__inner\">\n<p class=\"has-vivid-red-color has-text-color has-medium-font-size\"><strong>HLAVN\u00cd DARCOVSK\u00dd \u00da\u010cET<\/strong><\/p>\n<\/div><\/div>\n\n<div class=\"e-content-text\"><div class=\"e-content-text__inner\">\n<p>Pen\u00edze, kter\u00e9 vybereme na tento \u00fa\u010det, pou\u017eijeme podle pot\u0159eby na pomoc lidem v r\u016fzn\u00fdch zem\u00edch a kriz\u00edch po cel\u00e9m sv\u011bt\u011b. D\u00edky dar\u016fm zaslan\u00fdm na tento \u00fa\u010det jsme p\u0159ipraveni zasahovat v\u0161ude, kde je pot\u0159eba. A z\u00e1rove\u0148 m\u016f\u017eeme financovat dlouhodob\u00e9 projekty v zanedb\u00e1van\u00fdch kriz\u00edch.<\/p>\n<\/div><\/div>\n\n<div class=\"e-content-text\"><div class=\"e-content-text__inner\">\n<p>MAGNA<br><strong>2111717679\/2700<\/strong>\u00a0<\/p>\n<\/div><\/div>\n\n<div class=\"e-content-text\"><div class=\"e-content-text__inner\">\n<p class=\"has-vivid-red-color has-text-color has-medium-font-size\"><strong>VE\u0158EJN\u00c1 SB\u00cdRKA<\/strong><\/p>\n<\/div><\/div>\n\n<div class=\"e-content-text\"><div class=\"e-content-text__inner\">\n<p>Dary, kter\u00e9 po\u0161lete v r\u00e1mci ve\u0159ejn\u00e9 sb\u00edrky vyu\u017e\u00edv\u00e1me jen za \u00fa\u010delem okam\u017eit\u011b zas\u00e1hnout a pomoci posti\u017een\u00e9mu m\u00edstn\u00edmu obyvatelstvu v p\u0159\u00edpad\u011b nouzov\u00e9 situace. M\u00e1te-li z\u00e1jem v\u00e1\u0161 dar sm\u011b\u0159ovat p\u0159\u00edmo na konkr\u00e9tn\u00ed krizi a operace, p\u0159i daru uve\u010fte variabiln\u00ed symbol, operace na kterou chcete p\u0159isp\u011bt.<\/p>\n<\/div><\/div>\n\n<div class=\"e-content-text\"><div class=\"e-content-text__inner\">\n<p>MAGNA<br><strong>2111717679\/2700<\/strong>\u00a0<\/p>\n<\/div><\/div>\n\n<div class=\"e-content-text\"><div class=\"e-content-text__inner\">\n<p><strong>VARIABILN\u00cd SYMBOL PRO POMOC D\u011aTEM V NOUZI<\/strong><br>VS<strong>: <\/strong>9999<\/p>\n<\/div><\/div>\n\n<div class=\"e-content-text\"><div class=\"e-content-text__inner\">\n<p><strong>VARIABILN\u00cd SYMBOL PRO UKRAJINU<\/strong><br>VS<strong>: <\/strong>1111<\/p>\n<\/div><\/div>\n\n<section class=\"s-help hc-section-space--normal\">\n    <div class=\"s-help__inner\">\n        <h2 class=\"s-help__title\">Pod\u00edvejte tak\u00e9<\/h2>\n        <div class=\"s-help__content\">\n            <div class=\"s-help__items\">\n                <div class=\"s-help__item\">\n                    <article class=\"a-help\">\n                        <a href=\"https:\/\/www.magna.org\/fr\/cs\/zapojte-se\/firmy-a-nadace\/\" target=\"\" class=\"a-help__link\"><\/a>\n                        <div class=\"a-help__content\">\n                            <h3 class=\"a-help__title\">Pom\u00e1hejte jako firma<\/h3>\n                            <div class=\"a-help__cta\">\n                                <a href=\"https:\/\/www.magna.org\/fr\/cs\/zapojte-se\/firmy-a-nadace\/\" target=\"\" >Zjistit v\u00edce<\/a>\n                            <\/div>\n                        <\/div>\n                    <\/article>\n                <\/div>\n                <div class=\"s-help__item\">\n                    <article class=\"a-help\">\n                        <a href=\"https:\/\/www.magna.org\/fr\/cs\/zapojte-se\/fond-urgentni-pomoci\/\" target=\"\" class=\"a-help__link\"><\/a>\n                        <div class=\"a-help__content\">\n                            <h3 class=\"a-help__title\">Fond urgentn\u00ed pomoci<\/h3>\n                            <div class=\"a-help__cta\">\n                                <a href=\"https:\/\/www.magna.org\/fr\/cs\/zapojte-se\/fond-urgentni-pomoci\/\" target=\"\" >Zjistit v\u00edce<\/a>\n                            <\/div>\n                        <\/div>\n                    <\/article>\n                <\/div>\n                <div class=\"s-help__item\">\n                    <article class=\"a-help\">\n                        <a href=\"https:\/\/www.magna.org\/fr\/cs\/zapojte-se\/stante-se-pravidelnym-darcem\/\" target=\"\" class=\"a-help__link\"><\/a>\n                        <div class=\"a-help__content\">\n                            <h3 class=\"a-help__title\">Pom\u00e1hejte ka\u017ed\u00fd m\u011bs\u00edc<\/h3>\n                            <div class=\"a-help__cta\">\n                                <a href=\"https:\/\/www.magna.org\/fr\/cs\/zapojte-se\/stante-se-pravidelnym-darcem\/\" target=\"\" >Zjistit v\u00edce<\/a>\n                            <\/div>\n                        <\/div>\n                    <\/article>\n                <\/div>\n                <div class=\"s-help__item\">\n                    <article class=\"a-help\">\n                        <a href=\"https:\/\/www.magna.org\/fr\/cs\/zapojte-se\/lecime-na-ukrajine\/\" target=\"\" class=\"a-help__link\"><\/a>\n                        <div class=\"a-help__content\">\n                            <h3 class=\"a-help__title\">L\u00e9\u010d\u00edme na Ukrajin\u011b<\/h3>\n                            <div class=\"a-help__cta\">\n                                <a href=\"https:\/\/www.magna.org\/fr\/cs\/zapojte-se\/lecime-na-ukrajine\/\" target=\"\" >Zjistit v\u00edce<\/a>\n                            <\/div>\n                        <\/div>\n                    <\/article>\n                <\/div>\n            <\/div>\n        <\/div>\n    <\/div>\n<\/section>\n\n<section class=\"s-support hc-section-space--normal\">\n    <div class=\"s-support__header\">\n        <h1 class=\"s-support__title\">M\u00e1te dal\u0161\u00ed dotazy?<\/h1>\n        <div class=\"s-support__intro\">\n            <p>Zavolajte na <a href=\"http:\/\/+421 917 827 827\">+421 917 827 827<\/a> alebo po\u0161lite e-mail na <a href=\"mailto:dar@magna.org\">dar@magna.org<\/a> a my v\u00e1m radi pom\u00f4\u017eeme.<\/p>\n\n        <\/div>\n    <\/div>\n    <div class=\"s-support__content\">\n        <div class=\"s-support__items\">\n        <\/div>\n    <\/div>\n<\/section>","protected":false},"excerpt":{"rendered":"<p>D\u011bkujeme, \u017ee i d\u00edky va\u0161\u00ed finan\u010dn\u00ed podpo\u0159e m\u016f\u017eeme l\u00e9\u010dit d\u011bti a jejich rodiny v krizov\u00fdch oblastech sv\u011bta. HLAVN\u00cd DARCOVSK\u00dd \u00da\u010cET Pen\u00edze, kter\u00e9 vybereme na tento \u00fa\u010det, pou\u017eijeme podle pot\u0159eby na pomoc lidem v r\u016fzn\u00fdch zem\u00edch a kriz\u00edch po cel\u00e9m sv\u011bt\u011b. D\u00edky dar\u016fm zaslan\u00fdm na tento \u00fa\u010det jsme p\u0159ipraveni zasahovat v\u0161ude, kde je pot\u0159eba. A z\u00e1rove\u0148 [&hellip;]<\/p>\n","protected":false},"author":2,"featured_media":780,"parent":10181,"menu_order":1,"comment_status":"closed","ping_status":"closed","template":"page-article.php","meta":{"_acf_changed":false,"inline_featured_image":false,"footnotes":""},"class_list":["post-10246","page","type-page","status-publish","has-post-thumbnail","hentry"],"acf":[],"yoast_head":"<!-- This site is optimized with the Yoast SEO plugin v24.3 - https:\/\/yoast.com\/wordpress\/plugins\/seo\/ -->\n<title>Darujte vkladem na \u00fa\u010det - Magna<\/title>\n<meta name=\"robots\" content=\"index, follow, max-snippet:-1, max-image-preview:large, max-video-preview:-1\" \/>\n<link rel=\"canonical\" href=\"https:\/\/www.magna.org\/fr\/cs\/zapojte-se\/darujte-vkladem-na-ucet\/\" \/>\n<meta property=\"og:locale\" content=\"en_US\" \/>\n<meta property=\"og:type\" content=\"article\" \/>\n<meta property=\"og:title\" content=\"Darujte vkladem na \u00fa\u010det - Magna\" \/>\n<meta property=\"og:description\" content=\"D\u011bkujeme, \u017ee i d\u00edky va\u0161\u00ed finan\u010dn\u00ed podpo\u0159e m\u016f\u017eeme l\u00e9\u010dit d\u011bti a jejich rodiny v krizov\u00fdch oblastech sv\u011bta. HLAVN\u00cd DARCOVSK\u00dd \u00da\u010cET Pen\u00edze, kter\u00e9 vybereme na tento \u00fa\u010det, pou\u017eijeme podle pot\u0159eby na pomoc lidem v r\u016fzn\u00fdch zem\u00edch a kriz\u00edch po cel\u00e9m sv\u011bt\u011b. D\u00edky dar\u016fm zaslan\u00fdm na tento \u00fa\u010det jsme p\u0159ipraveni zasahovat v\u0161ude, kde je pot\u0159eba. A z\u00e1rove\u0148 [&hellip;]\" \/>\n<meta property=\"og:url\" content=\"https:\/\/www.magna.org\/fr\/cs\/zapojte-se\/darujte-vkladem-na-ucet\/\" \/>\n<meta property=\"og:site_name\" content=\"Magna\" \/>\n<meta property=\"article:modified_time\" content=\"2022-12-13T15:25:54+00:00\" \/>\n<meta property=\"og:image\" content=\"https:\/\/www.magna.org\/fr\/wp-content\/uploads\/2022\/09\/homepage-kto-sme-mb2010010g0744-scaled-e1669891224183.jpg\" \/>\n\t<meta property=\"og:image:width\" content=\"2560\" \/>\n\t<meta property=\"og:image:height\" content=\"1266\" \/>\n\t<meta property=\"og:image:type\" content=\"image\/jpeg\" \/>\n<meta name=\"twitter:card\" content=\"summary_large_image\" \/>\n<meta name=\"twitter:label1\" content=\"Est. reading time\" \/>\n\t<meta name=\"twitter:data1\" content=\"1 minute\" \/>\n<script type=\"application\/ld+json\" class=\"yoast-schema-graph\">{\"@context\":\"https:\/\/schema.org\",\"@graph\":[{\"@type\":\"WebPage\",\"@id\":\"https:\/\/www.magna.org\/fr\/cs\/zapojte-se\/darujte-vkladem-na-ucet\/\",\"url\":\"https:\/\/www.magna.org\/fr\/cs\/zapojte-se\/darujte-vkladem-na-ucet\/\",\"name\":\"Darujte vkladem na \u00fa\u010det - Magna\",\"isPartOf\":{\"@id\":\"https:\/\/www.magna.org\/fr\/#website\"},\"primaryImageOfPage\":{\"@id\":\"https:\/\/www.magna.org\/fr\/cs\/zapojte-se\/darujte-vkladem-na-ucet\/#primaryimage\"},\"image\":{\"@id\":\"https:\/\/www.magna.org\/fr\/cs\/zapojte-se\/darujte-vkladem-na-ucet\/#primaryimage\"},\"thumbnailUrl\":\"https:\/\/www.magna.org\/fr\/wp-content\/uploads\/2022\/09\/homepage-kto-sme-mb2010010g0744-scaled-e1669891224183.jpg\",\"datePublished\":\"2022-12-09T16:33:41+00:00\",\"dateModified\":\"2022-12-13T15:25:54+00:00\",\"breadcrumb\":{\"@id\":\"https:\/\/www.magna.org\/fr\/cs\/zapojte-se\/darujte-vkladem-na-ucet\/#breadcrumb\"},\"inLanguage\":\"en-US\",\"potentialAction\":[{\"@type\":\"ReadAction\",\"target\":[\"https:\/\/www.magna.org\/fr\/cs\/zapojte-se\/darujte-vkladem-na-ucet\/\"]}]},{\"@type\":\"ImageObject\",\"inLanguage\":\"en-US\",\"@id\":\"https:\/\/www.magna.org\/fr\/cs\/zapojte-se\/darujte-vkladem-na-ucet\/#primaryimage\",\"url\":\"https:\/\/www.magna.org\/fr\/wp-content\/uploads\/2022\/09\/homepage-kto-sme-mb2010010g0744-scaled-e1669891224183.jpg\",\"contentUrl\":\"https:\/\/www.magna.org\/fr\/wp-content\/uploads\/2022\/09\/homepage-kto-sme-mb2010010g0744-scaled-e1669891224183.jpg\",\"width\":2560,\"height\":1266},{\"@type\":\"BreadcrumbList\",\"@id\":\"https:\/\/www.magna.org\/fr\/cs\/zapojte-se\/darujte-vkladem-na-ucet\/#breadcrumb\",\"itemListElement\":[{\"@type\":\"ListItem\",\"position\":1,\"name\":\"Home\",\"item\":\"https:\/\/www.magna.org\/fr\/sk\/\"},{\"@type\":\"ListItem\",\"position\":2,\"name\":\"Podpo\u0159te n\u00e1s\",\"item\":\"https:\/\/www.magna.org\/fr\/cs\/zapojte-se\/\"},{\"@type\":\"ListItem\",\"position\":3,\"name\":\"Darujte vkladem na \u00fa\u010det\"}]},{\"@type\":\"WebSite\",\"@id\":\"https:\/\/www.magna.org\/fr\/#website\",\"url\":\"https:\/\/www.magna.org\/fr\/\",\"name\":\"Magna\",\"description\":\"Just another WordPress site\",\"potentialAction\":[{\"@type\":\"SearchAction\",\"target\":{\"@type\":\"EntryPoint\",\"urlTemplate\":\"https:\/\/www.magna.org\/fr\/?s={search_term_string}\"},\"query-input\":{\"@type\":\"PropertyValueSpecification\",\"valueRequired\":true,\"valueName\":\"search_term_string\"}}],\"inLanguage\":\"en-US\"}]}<\/script>\n<!-- \/ Yoast SEO plugin. -->","yoast_head_json":{"title":"Darujte vkladem na \u00fa\u010det - Magna","robots":{"index":"index","follow":"follow","max-snippet":"max-snippet:-1","max-image-preview":"max-image-preview:large","max-video-preview":"max-video-preview:-1"},"canonical":"https:\/\/www.magna.org\/fr\/cs\/zapojte-se\/darujte-vkladem-na-ucet\/","og_locale":"en_US","og_type":"article","og_title":"Darujte vkladem na \u00fa\u010det - Magna","og_description":"D\u011bkujeme, \u017ee i d\u00edky va\u0161\u00ed finan\u010dn\u00ed podpo\u0159e m\u016f\u017eeme l\u00e9\u010dit d\u011bti a jejich rodiny v krizov\u00fdch oblastech sv\u011bta. HLAVN\u00cd DARCOVSK\u00dd \u00da\u010cET Pen\u00edze, kter\u00e9 vybereme na tento \u00fa\u010det, pou\u017eijeme podle pot\u0159eby na pomoc lidem v r\u016fzn\u00fdch zem\u00edch a kriz\u00edch po cel\u00e9m sv\u011bt\u011b. D\u00edky dar\u016fm zaslan\u00fdm na tento \u00fa\u010det jsme p\u0159ipraveni zasahovat v\u0161ude, kde je pot\u0159eba. A z\u00e1rove\u0148 [&hellip;]","og_url":"https:\/\/www.magna.org\/fr\/cs\/zapojte-se\/darujte-vkladem-na-ucet\/","og_site_name":"Magna","article_modified_time":"2022-12-13T15:25:54+00:00","og_image":[{"width":2560,"height":1266,"url":"https:\/\/www.magna.org\/fr\/wp-content\/uploads\/2022\/09\/homepage-kto-sme-mb2010010g0744-scaled-e1669891224183.jpg","type":"image\/jpeg"}],"twitter_card":"summary_large_image","twitter_misc":{"Est. reading time":"1 minute"},"schema":{"@context":"https:\/\/schema.org","@graph":[{"@type":"WebPage","@id":"https:\/\/www.magna.org\/fr\/cs\/zapojte-se\/darujte-vkladem-na-ucet\/","url":"https:\/\/www.magna.org\/fr\/cs\/zapojte-se\/darujte-vkladem-na-ucet\/","name":"Darujte vkladem na \u00fa\u010det - Magna","isPartOf":{"@id":"https:\/\/www.magna.org\/fr\/#website"},"primaryImageOfPage":{"@id":"https:\/\/www.magna.org\/fr\/cs\/zapojte-se\/darujte-vkladem-na-ucet\/#primaryimage"},"image":{"@id":"https:\/\/www.magna.org\/fr\/cs\/zapojte-se\/darujte-vkladem-na-ucet\/#primaryimage"},"thumbnailUrl":"https:\/\/www.magna.org\/fr\/wp-content\/uploads\/2022\/09\/homepage-kto-sme-mb2010010g0744-scaled-e1669891224183.jpg","datePublished":"2022-12-09T16:33:41+00:00","dateModified":"2022-12-13T15:25:54+00:00","breadcrumb":{"@id":"https:\/\/www.magna.org\/fr\/cs\/zapojte-se\/darujte-vkladem-na-ucet\/#breadcrumb"},"inLanguage":"en-US","potentialAction":[{"@type":"ReadAction","target":["https:\/\/www.magna.org\/fr\/cs\/zapojte-se\/darujte-vkladem-na-ucet\/"]}]},{"@type":"ImageObject","inLanguage":"en-US","@id":"https:\/\/www.magna.org\/fr\/cs\/zapojte-se\/darujte-vkladem-na-ucet\/#primaryimage","url":"https:\/\/www.magna.org\/fr\/wp-content\/uploads\/2022\/09\/homepage-kto-sme-mb2010010g0744-scaled-e1669891224183.jpg","contentUrl":"https:\/\/www.magna.org\/fr\/wp-content\/uploads\/2022\/09\/homepage-kto-sme-mb2010010g0744-scaled-e1669891224183.jpg","width":2560,"height":1266},{"@type":"BreadcrumbList","@id":"https:\/\/www.magna.org\/fr\/cs\/zapojte-se\/darujte-vkladem-na-ucet\/#breadcrumb","itemListElement":[{"@type":"ListItem","position":1,"name":"Home","item":"https:\/\/www.magna.org\/fr\/sk\/"},{"@type":"ListItem","position":2,"name":"Podpo\u0159te n\u00e1s","item":"https:\/\/www.magna.org\/fr\/cs\/zapojte-se\/"},{"@type":"ListItem","position":3,"name":"Darujte vkladem na \u00fa\u010det"}]},{"@type":"WebSite","@id":"https:\/\/www.magna.org\/fr\/#website","url":"https:\/\/www.magna.org\/fr\/","name":"Magna","description":"Just another WordPress site","potentialAction":[{"@type":"SearchAction","target":{"@type":"EntryPoint","urlTemplate":"https:\/\/www.magna.org\/fr\/?s={search_term_string}"},"query-input":{"@type":"PropertyValueSpecification","valueRequired":true,"valueName":"search_term_string"}}],"inLanguage":"en-US"}]}},"_links":{"self":[{"href":"https:\/\/www.magna.org\/fr\/wp-json\/wp\/v2\/pages\/10246","targetHints":{"allow":["GET"]}}],"collection":[{"href":"https:\/\/www.magna.org\/fr\/wp-json\/wp\/v2\/pages"}],"about":[{"href":"https:\/\/www.magna.org\/fr\/wp-json\/wp\/v2\/types\/page"}],"author":[{"embeddable":true,"href":"https:\/\/www.magna.org\/fr\/wp-json\/wp\/v2\/users\/2"}],"replies":[{"embeddable":true,"href":"https:\/\/www.magna.org\/fr\/wp-json\/wp\/v2\/comments?post=10246"}],"version-history":[{"count":8,"href":"https:\/\/www.magna.org\/fr\/wp-json\/wp\/v2\/pages\/10246\/revisions"}],"predecessor-version":[{"id":10803,"href":"https:\/\/www.magna.org\/fr\/wp-json\/wp\/v2\/pages\/10246\/revisions\/10803"}],"up":[{"embeddable":true,"href":"https:\/\/www.magna.org\/fr\/wp-json\/wp\/v2\/pages\/10181"}],"wp:featuredmedia":[{"embeddable":true,"href":"https:\/\/www.magna.org\/fr\/wp-json\/wp\/v2\/media\/780"}],"wp:attachment":[{"href":"https:\/\/www.magna.org\/fr\/wp-json\/wp\/v2\/media?parent=10246"}],"curies":[{"name":"wp","href":"https:\/\/api.w.org\/{rel}","templated":true}]}}