{"id":10248,"date":"2022-12-09T16:36:46","date_gmt":"2022-12-09T16:36:46","guid":{"rendered":"https:\/\/www.magna.org\/fr\/?page_id=10248"},"modified":"2022-12-13T21:38:58","modified_gmt":"2022-12-13T21:38:58","slug":"firmy-a-nadace","status":"publish","type":"page","link":"https:\/\/www.magna.org\/fr\/cs\/zapojte-se\/firmy-a-nadace\/","title":{"rendered":"Firmy a Nadace"},"content":{"rendered":"<section class=\"s-support hc-section-space--normal\">\n    <div class=\"s-support__header\">\n        <h1 class=\"s-support__title\">Pom\u00e1hejte jako firma<\/h1>\n        <div class=\"s-support__intro\">\n            <p>Udr\u017eitelnost na\u0161ich projekt\u016f, kter\u00e9 t\u00fdmy MAGNA dok\u00e1zaly realizovat, by nebyla mo\u017en\u00e1 bez spolupr\u00e1ce s firmami a nadacemi. Jsme z\u00e1visl\u00ed na na\u0161ich podporovatel\u00edch a jejich finan\u010dn\u00ed pomoci, bez kter\u00e9 by na\u0161e pr\u00e1ce zkr\u00e1tka nebyla mo\u017en\u00e1.<\/p>\n\n        <\/div>\n    <\/div>\n    <div class=\"s-support__content\">\n        <div class=\"s-support__items\">\n            <div class=\"s-support__item s-support__item--full\">\n                <article class=\"a-support\">\n    <a href=\"https:\/\/www.magna.org\/fr\/cs\/zapojte-se\/firmy-a-nadace\/spolecensky-zavazek-s-magna\/\" target=\"\" class=\"a-support__link\"><\/a>\n        <div class=\"a-support__image\">\n            <div class=\"a-support__img\" style=\"background-image:url('https:\/\/www.magna.org\/fr\/wp-content\/uploads\/2022\/12\/homepage-spolocensky-zavazok-s-magna-mb200927g0736-1740x980.jpg');\"><\/div>\n        <\/div>\n    <div class=\"a-support__content\">\n        <h3 class=\"a-support__title\">Spojte sv\u016fj spole\u010densk\u00fd z\u00e1vazek s MAGNA<\/h3>\n        <div class=\"a-support__text\"><p>Zapojte svou spole\u010dnost do zlep\u0161en\u00ed p\u0159\u00edstupu k zdravotn\u00ed p\u00e9\u010di na cel\u00e9m sv\u011bt\u011b.<\/p>\n<\/div>\n    <\/div>\n    <div class=\"a-support__footer\">\n        <div class=\"a-support__cta\">\n            <a href=\"https:\/\/www.magna.org\/fr\/cs\/zapojte-se\/firmy-a-nadace\/spolecensky-zavazek-s-magna\/\" target=\"\" class=\"e-btn e-btn--primary\"><span>Zjistit v\u00edce<\/span><i class=\"icon-heart\"><\/i><\/a>\n        <\/div>\n    <\/div>\n<\/article>\n            <\/div>\n            <div class=\"s-support__item \">\n                <article class=\"a-support\">\n    <a href=\"https:\/\/www.magna.org\/fr\/cs\/zapojte-se\/firmy-a-nadace\/mobilizujte-sve-zakazniky\/\" target=\"\" class=\"a-support__link\"><\/a>\n        <div class=\"a-support__image\">\n            <div class=\"a-support__img\" style=\"background-image:url('https:\/\/www.magna.org\/fr\/wp-content\/uploads\/2022\/12\/homepage-firmy-a-nadacie-mb200927g0619-850x478.jpg');\"><\/div>\n        <\/div>\n    <div class=\"a-support__content\">\n        <h3 class=\"a-support__title\">Mobilizujte sv\u00e9 klienty a z\u00e1kazn\u00edky<\/h3>\n        <div class=\"a-support__text\"><p>Objevte v\u00fdhody solid\u00e1rn\u00edho marketingu.<\/p>\n<\/div>\n    <\/div>\n    <div class=\"a-support__footer\">\n        <div class=\"a-support__cta\">\n            <a href=\"https:\/\/www.magna.org\/fr\/cs\/zapojte-se\/firmy-a-nadace\/mobilizujte-sve-zakazniky\/\" target=\"\" class=\"e-btn e-btn--primary\"><span>Zjistit v\u00edce<\/span><i class=\"icon-heart\"><\/i><\/a>\n        <\/div>\n    <\/div>\n<\/article>\n            <\/div>\n            <div class=\"s-support__item \">\n                <article class=\"a-support\">\n    <a href=\"https:\/\/www.magna.org\/fr\/cs\/zapojte-se\/firmy-a-nadace\/mobilizujte-vase-zamestnance\/\" target=\"\" class=\"a-support__link\"><\/a>\n        <div class=\"a-support__image\">\n            <div class=\"a-support__img\" style=\"background-image:url('https:\/\/www.magna.org\/fr\/wp-content\/uploads\/2022\/12\/homepage-firmy-a-nadacie-mb202010g00393-850x478.jpg');\"><\/div>\n        <\/div>\n    <div class=\"a-support__content\">\n        <h3 class=\"a-support__title\">Mobilizujte va\u0161e zam\u011bstnance<\/h3>\n        <div class=\"a-support__text\"><p>Objevte v\u00fdhody solid\u00e1rn\u00edho marketingu.<\/p>\n<\/div>\n    <\/div>\n    <div class=\"a-support__footer\">\n        <div class=\"a-support__cta\">\n            <a href=\"https:\/\/www.magna.org\/fr\/cs\/zapojte-se\/firmy-a-nadace\/mobilizujte-vase-zamestnance\/\" target=\"\" class=\"e-btn e-btn--primary\"><span>Zjistit v\u00edce<\/span><i class=\"icon-heart\"><\/i><\/a>\n        <\/div>\n    <\/div>\n<\/article>\n            <\/div>\n            <div class=\"s-support__item s-support__item--full\">\n                <article class=\"a-support\">\n    <a href=\"https:\/\/www.magna.org\/fr\/cs\/zapojte-se\/firmy-a-nadace\/podporte-konkretni-humanitarni-projekt\/\" target=\"\" class=\"a-support__link\"><\/a>\n        <div class=\"a-support__image\">\n            <div class=\"a-support__img\" style=\"background-image:url('https:\/\/www.magna.org\/fr\/wp-content\/uploads\/2022\/11\/homepage-kena-starostlivost-o-ludi-postihnutych-hivaids-v-msambweni-mb2011030m0001-1740x980.jpg');\"><\/div>\n        <\/div>\n    <div class=\"a-support__content\">\n        <h3 class=\"a-support__title\">Podpo\u0159te konkr\u00e9tn\u00ed projekt<\/h3>\n        <div class=\"a-support__text\"><p>Zapojte konkr\u00e9tn\u011b svou spole\u010dnost financov\u00e1n\u00edm na\u0161ich projekt\u016f.<\/p>\n<\/div>\n    <\/div>\n    <div class=\"a-support__footer\">\n        <div class=\"a-support__cta\">\n            <a href=\"https:\/\/www.magna.org\/fr\/cs\/zapojte-se\/firmy-a-nadace\/podporte-konkretni-humanitarni-projekt\/\" target=\"\" class=\"e-btn e-btn--primary\"><span>Zjistit v\u00edce<\/span><i class=\"icon-heart\"><\/i><\/a>\n        <\/div>\n    <\/div>\n<\/article>\n            <\/div>\n        <\/div>\n    <\/div>\n<\/section>\n\n<section class=\"s-stats s-stats--separate-rows hc-section-space--normal\">\n    <div class=\"s-stats__inner\">\n        <div class=\"s-stats__wrap\">\n            <div class=\"s-stats__header\">\n                <h2 class=\"s-stats__title\">Va\u0161e spole\u010dnost pom\u00e1h\u00e1 lidem, kte\u0159\u00ed jsou v ohro\u017een\u00ed \u017eivota nebo zdrav\u00ed<\/h2>\n            <\/div>\n            <div class=\"s-stats__content\">\n                <div class=\"s-stats__items\">\n                    <div class=\"s-stats__item\">\n                        <h4 class=\"s-stats__item-value\">P\u0158\u00cdMO<\/h4>\n                        <div class=\"s-stats__item-label\">Vyberete si projekt, kter\u00fd v\u00e1m vyhovuje<\/div>\n                    <\/div>\n                    <div class=\"s-stats__item\">\n                        <h4 class=\"s-stats__item-value\">TRANSPARENTNE<\/h4>\n                        <div class=\"s-stats__item-label\">V\u00edte v\u00fdsledky Va\u0161\u00ed anga\u017eovanosti<\/div>\n                    <\/div>\n                    <div class=\"s-stats__item\">\n                        <h4 class=\"s-stats__item-value\">ODPOV\u011aDN\u011a<\/h4>\n                        <div class=\"s-stats__item-label\">Zapojte va\u0161e zam\u011bstnance a z\u00e1kazn\u00edky<\/div>\n                    <\/div>\n                <\/div>\n            <\/div>\n        <\/div>\n    <\/div>\n<\/section>\n\n<section class=\"s-faq hc-section-space--normal\">\n    <div class=\"s-faq__inner\">\n        <h2 class=\"s-faq__title\">\u010casto kladen\u00e9 dotazy<\/h2>\n        <div class=\"s-faq__items js-accordion\">\n                <h3 class=\"s-faq__question js-accordion__title\">Co je sponzorstv\u00ed?<\/h3>\n                <div class=\"s-faq__answer\">\n                    <p>Sponzorstv\u00ed je nevratn\u00fd dar, kter\u00fd nevylu\u010duje nep\u0159\u00edm\u00fd zisk, zejm\u00e9na medializaci. M\u016f\u017ee m\u00edt t\u0159i formy: finan\u010dn\u00ed podpora, v\u011bcn\u00fd dar nebo sponzorstv\u00ed poskytov\u00e1n\u00ed slu\u017eeb.<\/p>\n\n                <\/div>\n                <h3 class=\"s-faq__question js-accordion__title\">M\u011bl by b\u00fdt sponzorsk\u00fd vztah smluvn\u011b dohodnut?<\/h3>\n                <div class=\"s-faq__answer\">\n                    <p>N\u00e1vrh sponzorsk\u00e9 smlouvy se vy\u017eaduje, kdy\u017e chce spole\u010dnost dohl\u00ed\u017eet na partnerstv\u00ed a efektivn\u011bji zajistit jeho n\u00e1sledn\u00e1 opat\u0159en\u00ed. Umo\u017e\u0148uje zejm\u00e9na definovat finan\u010dn\u00ed z\u00e1vazky spole\u010dnosti a podm\u00ednky pou\u017e\u00edv\u00e1n\u00ed n\u00e1zvu a loga MAGNA.<\/p>\n\n                <\/div>\n                <h3 class=\"s-faq__question js-accordion__title\">Jak\u00e1 partnerstv\u00ed chce MAGNA nav\u00e1zat se spole\u010dnostmi?<\/h3>\n                <div class=\"s-faq__answer\">\n                    <p>Partnerstv\u00ed spole\u010dnost\u00ed s MAGNA je \u010dasto poh\u00e1n\u011bno medi\u00e1ln\u00edm pokryt\u00edm ur\u010dit\u00fdch humanit\u00e1rn\u00edch katastrof. I kdy\u017e je tato podpora neoceniteln\u00e1, MAGNA chce j\u00edt d\u00e1l a nav\u00e1zat v\u00edceletou spolupr\u00e1ci, kter\u00e1 je smyslupln\u00e1 a vytv\u00e1\u0159\u00ed hodnotu pro ni a jej\u00ed partnery.<\/p>\n\n                <\/div>\n                <h3 class=\"s-faq__question js-accordion__title\">Existuje minim\u00e1ln\u00ed dar na vstup do partnerstv\u00ed s MAGNA?<\/h3>\n                <div class=\"s-faq__answer\">\n                    <p>MAGNA p\u0159ij\u00edm\u00e1 firemn\u00ed dary bez ohledu na jejich v\u00fd\u0161i.<\/p>\n\n                <\/div>\n                <h3 class=\"s-faq__question js-accordion__title\">Je mo\u017en\u00e9 p\u0159id\u011blit dar na konkr\u00e9tn\u00ed misi nebo projekt?<\/h3>\n                <div class=\"s-faq__answer\">\n                    <p>MAGNA shroma\u017e\u010fuje dary, aby mohla rychle a nez\u00e1visle zas\u00e1hnout tam, kde jsou pot\u0159eby nejv\u011bt\u0161\u00ed. Za ur\u010dit\u00fdch podm\u00ednek a v r\u00e1mci strategick\u00e9 spolupr\u00e1ce s partnerskou spole\u010dnost\u00ed nebo nadac\u00ed lze p\u0159id\u011blit finan\u010dn\u00ed p\u0159\u00edsp\u011bvek na konkr\u00e9tn\u00ed projekt.<\/p>\n\n                <\/div>\n                <h3 class=\"s-faq__question js-accordion__title\">P\u0159ij\u00edm\u00e1 MAGNA podporu od v\u0161ech spole\u010dnost\u00ed?<\/h3>\n                <div class=\"s-faq__answer\">\n                    <p>MAGNA se jako prioritu sna\u017e\u00ed o partnerstv\u00ed se spole\u010dnostmi, kter\u00e9 se zav\u00e1zaly k procesu spole\u010densk\u00e9 odpov\u011bdnosti a sna\u017e\u00ed se respektovat zejm\u00e9na lidsk\u00e1 pr\u00e1va, \u017eivotn\u00ed prost\u0159ed\u00ed, pracovn\u00ed vztahy a podm\u00ednky, f\u00e9rov\u00e9 praktiky, ot\u00e1zky souvisej\u00edc\u00ed s komunitn\u00edm a m\u00edstn\u00edm rozvojem, pr\u00e1va du\u0161evn\u00edho vlastnictv\u00ed a \u0159\u00edzen\u00ed.<\/p>\n\n                <\/div>\n        <\/div>\n    <\/div>\n<\/section>\n\n<section class=\"s-support hc-section-space--normal\">\n    <div class=\"s-support__header\">\n        <h1 class=\"s-support__title\">Firmy a nadace, kter\u00e9 s n\u00e1mi pom\u00e1haj\u00ed<\/h1>\n        <div class=\"s-support__intro\">\n            \n        <\/div>\n    <\/div>\n    <div class=\"s-support__content\">\n        <div class=\"s-support__items\">\n            <div class=\"s-support__item \">\n                <article class=\"a-support\">\n        <div class=\"a-support__image\">\n            <div class=\"a-support__img\" style=\"background-image:url('https:\/\/www.magna.org\/fr\/wp-content\/uploads\/2022\/11\/homepage-pilll-850x478.png');\"><\/div>\n        <\/div>\n    <div class=\"a-support__content\">\n        <h3 class=\"a-support__title\">Orange<\/h3>\n        <div class=\"a-support__text\"><p>Orange a nadace Orange dlouhodob\u011b podporuj\u00ed aktivitu MAGNA na z\u00e1chranu \u017eivot\u016f. Z pravideln\u00e9 SMS 806 n\u00e1m poskytuj\u00ed 100% v\u00fdnos, z\u00e1rove\u0148 financuj\u00ed na\u0161e operace v DR Kongo nebo aktu\u00e1ln\u011b i na Ukrajin\u011b.<\/p>\n<\/div>\n    <\/div>\n    <div class=\"a-support__footer\">\n    <\/div>\n<\/article>\n            <\/div>\n            <div class=\"s-support__item \">\n                <article class=\"a-support\">\n        <div class=\"a-support__image\">\n            <div class=\"a-support__img\" style=\"background-image:url('https:\/\/www.magna.org\/fr\/wp-content\/uploads\/2022\/11\/homepage-pilll-850x478.png');\"><\/div>\n        <\/div>\n    <div class=\"a-support__content\">\n        <h3 class=\"a-support__title\">Penta <\/h3>\n        <div class=\"a-support__text\"><p>Skupina Penta prost\u0159ednictv\u00edm sv\u00fdch spole\u010dnost\u00ed Dr. Max a s\u00edt\u011b nemocnic Sv\u011bt zdrav\u00ed a sv\u00e9 nadace poskytuje t\u00fdm\u016fm MAGNA l\u00e9ky a materi\u00e1l pro l\u00e9\u010dbu infek\u010dn\u00edch a jin\u00fdch onemocn\u011bn\u00ed v hodnot\u011b 750 tis\u00edc euro jen v roce 2022.<\/p>\n<\/div>\n    <\/div>\n    <div class=\"a-support__footer\">\n    <\/div>\n<\/article>\n            <\/div>\n            <div class=\"s-support__item \">\n                <article class=\"a-support\">\n        <div class=\"a-support__image\">\n            <div class=\"a-support__img\" style=\"background-image:url('https:\/\/www.magna.org\/fr\/wp-content\/uploads\/2022\/11\/homepage-pilll-850x478.png');\"><\/div>\n        <\/div>\n    <div class=\"a-support__content\">\n        <h3 class=\"a-support__title\">Bubo<\/h3>\n        <div class=\"a-support__text\"><p>Bubo a MAGNA spolupracuj\u00ed na lep\u0161\u00edm p\u0159\u00edstupu ke zdrav\u00ed pro v\u0161echny u\u017e 20 let. D\u00edky Bubo a jejich klient\u016fm jsme postavili nemocnici k l\u00e9\u010db\u011b infek\u010dn\u00edch pacient\u016f v Kambod\u017ei a akatu\u00e1ln\u011b podporuj\u00ed na\u0161e t\u00fdmy na Ukrajin\u011b.<\/p>\n<\/div>\n    <\/div>\n    <div class=\"a-support__footer\">\n    <\/div>\n<\/article>\n            <\/div>\n            <div class=\"s-support__item \">\n                <article class=\"a-support\">\n        <div class=\"a-support__image\">\n            <div class=\"a-support__img\" style=\"background-image:url('https:\/\/www.magna.org\/fr\/wp-content\/uploads\/2022\/11\/homepage-pilll-850x478.png');\"><\/div>\n        <\/div>\n    <div class=\"a-support__content\">\n        <h3 class=\"a-support__title\">Odyssey 44<\/h3>\n        <div class=\"a-support__text\"><p>Martin Ku\u0161ik se svou rodinou a prost\u0159ednictv\u00edm sv\u00e9 spole\u010dnosti Odyssey 44 podporuje aktivity MAGNA v \u010cesk\u00e9 republice v hodnot\u011b 1 mil. euro, kter\u00e9 pokr\u00fdvaj\u00ed provoz kancel\u00e1\u0159e a marketingov\u00fdch aktivit na z\u00edsk\u00e1v\u00e1n\u00ed d\u00e1rc\u016f ji\u017e n\u011bkolik let.<\/p>\n<\/div>\n    <\/div>\n    <div class=\"a-support__footer\">\n    <\/div>\n<\/article>\n            <\/div>\n            <div class=\"s-support__item \">\n                <article class=\"a-support\">\n        <div class=\"a-support__image\">\n            <div class=\"a-support__img\" style=\"background-image:url('https:\/\/www.magna.org\/fr\/wp-content\/uploads\/2022\/11\/homepage-pilll-850x478.png');\"><\/div>\n        <\/div>\n    <div class=\"a-support__content\">\n        <h3 class=\"a-support__title\">O2<\/h3>\n        <div class=\"a-support__text\"><p>O2 dlouhodob\u011b podporuje MAGNA 806 SMS sb\u00edrku a p\u0159ed\u00e1v\u00e1 100% v\u00fdnosu na na\u0161e zdravotnick\u00e9 aktivity. V dob\u011b humanit\u00e1rn\u00edch katastrof, jako je Ukrajina, je to pr\u00e1v\u011b O2, kter\u00e9 v\u00fdrazn\u011b podporuje na\u0161e t\u00fdmy v ter\u00e9nu.<\/p>\n<\/div>\n    <\/div>\n    <div class=\"a-support__footer\">\n    <\/div>\n<\/article>\n            <\/div>\n            <div class=\"s-support__item \">\n                <article class=\"a-support\">\n        <div class=\"a-support__image\">\n            <div class=\"a-support__img\" style=\"background-image:url('https:\/\/www.magna.org\/fr\/wp-content\/uploads\/2022\/11\/homepage-pilll-850x478.png');\"><\/div>\n        <\/div>\n    <div class=\"a-support__content\">\n        <h3 class=\"a-support__title\">Muziker<\/h3>\n    <\/div>\n    <div class=\"a-support__footer\">\n    <\/div>\n<\/article>\n            <\/div>\n            <div class=\"s-support__item \">\n                <article class=\"a-support\">\n        <div class=\"a-support__image\">\n            <div class=\"a-support__img\" style=\"background-image:url('https:\/\/www.magna.org\/fr\/wp-content\/uploads\/2022\/11\/homepage-pilll-850x478.png');\"><\/div>\n        <\/div>\n    <div class=\"a-support__content\">\n        <h3 class=\"a-support__title\">Lobkowitz<\/h3>\n    <\/div>\n    <div class=\"a-support__footer\">\n    <\/div>\n<\/article>\n            <\/div>\n            <div class=\"s-support__item \">\n                <article class=\"a-support\">\n        <div class=\"a-support__image\">\n            <div class=\"a-support__img\" style=\"background-image:url('https:\/\/www.magna.org\/fr\/wp-content\/uploads\/2022\/11\/homepage-pilll-850x478.png');\"><\/div>\n        <\/div>\n    <div class=\"a-support__content\">\n        <h3 class=\"a-support__title\">Nay<\/h3>\n        <div class=\"a-support__text\"><p>Spole\u010dnost Nay reagovala velmi rychle na v\u00e1lku na Ukrajin\u011b a podporuje na\u0161e \u201ezdeavotn\u00e9 t\u00fdmy\u201c v ter\u00e9nu. Z\u00e1rove\u0148 poskytuje materi\u00e1ln\u00ed vybaven\u00ed MAGNA humanit\u00e1rn\u00edho centra v Bratislav\u011b.<\/p>\n<\/div>\n    <\/div>\n    <div class=\"a-support__footer\">\n    <\/div>\n<\/article>\n            <\/div>\n            <div class=\"s-support__item \">\n                <article class=\"a-support\">\n        <div class=\"a-support__image\">\n            <div class=\"a-support__img\" style=\"background-image:url('https:\/\/www.magna.org\/fr\/wp-content\/uploads\/2022\/11\/homepage-pilll-850x478.png');\"><\/div>\n        <\/div>\n    <div class=\"a-support__content\">\n        <h3 class=\"a-support__title\">Slovak Telekom<\/h3>\n        <div class=\"a-support__text\"><p>Czech telekom dlouhodob\u011b podporuje MAGNA 806 SMS sb\u00edrku a p\u0159ed\u00e1v\u00e1 100% v\u00fdnosu na na\u0161e zdravotnick\u00e9 aktivity. V dob\u011b humanit\u00e1rn\u00edch katastrof jako je Ukrajina je to pr\u00e1v\u011b Slovak Telekom a jeho zam\u011bstnanci, kte\u0159\u00ed v\u00fdrazn\u011b podporuj\u00ed na\u0161e t\u00fdmy v ter\u00e9nu.<\/p>\n<\/div>\n    <\/div>\n    <div class=\"a-support__footer\">\n    <\/div>\n<\/article>\n            <\/div>\n            <div class=\"s-support__item \">\n                <article class=\"a-support\">\n        <div class=\"a-support__image\">\n            <div class=\"a-support__img\" style=\"background-image:url('https:\/\/www.magna.org\/fr\/wp-content\/uploads\/2022\/11\/homepage-pilll-850x478.png');\"><\/div>\n        <\/div>\n    <div class=\"a-support__content\">\n        <h3 class=\"a-support__title\">Deploy<\/h3>\n        <div class=\"a-support__text\"><p>Spole\u010dnost Deploy pro n\u00e1s provozuje v\u0161echny webov\u00e9 slu\u017eby jako je i vytv\u00e1\u0159en\u00ed str\u00e1nek bez n\u00e1roku na odm\u011bnu.<\/p>\n<\/div>\n    <\/div>\n    <div class=\"a-support__footer\">\n    <\/div>\n<\/article>\n            <\/div>\n        <\/div>\n    <\/div>\n<\/section>\n\n<section class=\"s-support hc-section-space--normal\">\n    <div class=\"s-support__header\">\n        <h1 class=\"s-support__title\">M\u00e1te dal\u0161\u00ed dotazy nebo se chcete zapojit?<\/h1>\n        <div class=\"s-support__intro\">\n            <p>Zavolejte na <a href=\"tel:+420736416505\">+420 736 416 505<\/a> nebo po\u0161lete e-mail na <a href=\"mailto:kancelar@magna.org\">kancelar@magna.org<\/a> a my v\u00e1m r\u00e1di pom\u016f\u017eeme.<\/p>\n\n        <\/div>\n    <\/div>\n    <div class=\"s-support__content\">\n        <div class=\"s-support__items\">\n        <\/div>\n    <\/div>\n<\/section>","protected":false},"excerpt":{"rendered":"","protected":false},"author":2,"featured_media":0,"parent":10181,"menu_order":0,"comment_status":"closed","ping_status":"closed","template":"page-full.php","meta":{"_acf_changed":false,"inline_featured_image":false,"footnotes":""},"class_list":["post-10248","page","type-page","status-publish","hentry"],"acf":[],"yoast_head":"<!-- This site is optimized with the Yoast SEO plugin v24.3 - https:\/\/yoast.com\/wordpress\/plugins\/seo\/ -->\n<title>Firmy a Nadace - Magna<\/title>\n<meta name=\"robots\" content=\"index, follow, max-snippet:-1, max-image-preview:large, max-video-preview:-1\" \/>\n<link rel=\"canonical\" href=\"https:\/\/www.magna.org\/fr\/cs\/zapojte-se\/firmy-a-nadace\/\" \/>\n<meta property=\"og:locale\" content=\"en_US\" \/>\n<meta property=\"og:type\" content=\"article\" \/>\n<meta property=\"og:title\" content=\"Firmy a Nadace - Magna\" \/>\n<meta property=\"og:url\" content=\"https:\/\/www.magna.org\/fr\/cs\/zapojte-se\/firmy-a-nadace\/\" \/>\n<meta property=\"og:site_name\" content=\"Magna\" \/>\n<meta property=\"article:modified_time\" content=\"2022-12-13T21:38:58+00:00\" \/>\n<meta name=\"twitter:card\" content=\"summary_large_image\" \/>\n<script type=\"application\/ld+json\" class=\"yoast-schema-graph\">{\"@context\":\"https:\/\/schema.org\",\"@graph\":[{\"@type\":\"WebPage\",\"@id\":\"https:\/\/www.magna.org\/fr\/cs\/zapojte-se\/firmy-a-nadace\/\",\"url\":\"https:\/\/www.magna.org\/fr\/cs\/zapojte-se\/firmy-a-nadace\/\",\"name\":\"Firmy a Nadace - Magna\",\"isPartOf\":{\"@id\":\"https:\/\/www.magna.org\/fr\/#website\"},\"datePublished\":\"2022-12-09T16:36:46+00:00\",\"dateModified\":\"2022-12-13T21:38:58+00:00\",\"breadcrumb\":{\"@id\":\"https:\/\/www.magna.org\/fr\/cs\/zapojte-se\/firmy-a-nadace\/#breadcrumb\"},\"inLanguage\":\"en-US\",\"potentialAction\":[{\"@type\":\"ReadAction\",\"target\":[\"https:\/\/www.magna.org\/fr\/cs\/zapojte-se\/firmy-a-nadace\/\"]}]},{\"@type\":\"BreadcrumbList\",\"@id\":\"https:\/\/www.magna.org\/fr\/cs\/zapojte-se\/firmy-a-nadace\/#breadcrumb\",\"itemListElement\":[{\"@type\":\"ListItem\",\"position\":1,\"name\":\"Home\",\"item\":\"https:\/\/www.magna.org\/fr\/sk\/\"},{\"@type\":\"ListItem\",\"position\":2,\"name\":\"Podpo\u0159te n\u00e1s\",\"item\":\"https:\/\/www.magna.org\/fr\/cs\/zapojte-se\/\"},{\"@type\":\"ListItem\",\"position\":3,\"name\":\"Firmy a Nadace\"}]},{\"@type\":\"WebSite\",\"@id\":\"https:\/\/www.magna.org\/fr\/#website\",\"url\":\"https:\/\/www.magna.org\/fr\/\",\"name\":\"Magna\",\"description\":\"Just another WordPress site\",\"potentialAction\":[{\"@type\":\"SearchAction\",\"target\":{\"@type\":\"EntryPoint\",\"urlTemplate\":\"https:\/\/www.magna.org\/fr\/?s={search_term_string}\"},\"query-input\":{\"@type\":\"PropertyValueSpecification\",\"valueRequired\":true,\"valueName\":\"search_term_string\"}}],\"inLanguage\":\"en-US\"}]}<\/script>\n<!-- \/ Yoast SEO plugin. -->","yoast_head_json":{"title":"Firmy a Nadace - Magna","robots":{"index":"index","follow":"follow","max-snippet":"max-snippet:-1","max-image-preview":"max-image-preview:large","max-video-preview":"max-video-preview:-1"},"canonical":"https:\/\/www.magna.org\/fr\/cs\/zapojte-se\/firmy-a-nadace\/","og_locale":"en_US","og_type":"article","og_title":"Firmy a Nadace - Magna","og_url":"https:\/\/www.magna.org\/fr\/cs\/zapojte-se\/firmy-a-nadace\/","og_site_name":"Magna","article_modified_time":"2022-12-13T21:38:58+00:00","twitter_card":"summary_large_image","schema":{"@context":"https:\/\/schema.org","@graph":[{"@type":"WebPage","@id":"https:\/\/www.magna.org\/fr\/cs\/zapojte-se\/firmy-a-nadace\/","url":"https:\/\/www.magna.org\/fr\/cs\/zapojte-se\/firmy-a-nadace\/","name":"Firmy a Nadace - Magna","isPartOf":{"@id":"https:\/\/www.magna.org\/fr\/#website"},"datePublished":"2022-12-09T16:36:46+00:00","dateModified":"2022-12-13T21:38:58+00:00","breadcrumb":{"@id":"https:\/\/www.magna.org\/fr\/cs\/zapojte-se\/firmy-a-nadace\/#breadcrumb"},"inLanguage":"en-US","potentialAction":[{"@type":"ReadAction","target":["https:\/\/www.magna.org\/fr\/cs\/zapojte-se\/firmy-a-nadace\/"]}]},{"@type":"BreadcrumbList","@id":"https:\/\/www.magna.org\/fr\/cs\/zapojte-se\/firmy-a-nadace\/#breadcrumb","itemListElement":[{"@type":"ListItem","position":1,"name":"Home","item":"https:\/\/www.magna.org\/fr\/sk\/"},{"@type":"ListItem","position":2,"name":"Podpo\u0159te n\u00e1s","item":"https:\/\/www.magna.org\/fr\/cs\/zapojte-se\/"},{"@type":"ListItem","position":3,"name":"Firmy a Nadace"}]},{"@type":"WebSite","@id":"https:\/\/www.magna.org\/fr\/#website","url":"https:\/\/www.magna.org\/fr\/","name":"Magna","description":"Just another WordPress site","potentialAction":[{"@type":"SearchAction","target":{"@type":"EntryPoint","urlTemplate":"https:\/\/www.magna.org\/fr\/?s={search_term_string}"},"query-input":{"@type":"PropertyValueSpecification","valueRequired":true,"valueName":"search_term_string"}}],"inLanguage":"en-US"}]}},"_links":{"self":[{"href":"https:\/\/www.magna.org\/fr\/wp-json\/wp\/v2\/pages\/10248","targetHints":{"allow":["GET"]}}],"collection":[{"href":"https:\/\/www.magna.org\/fr\/wp-json\/wp\/v2\/pages"}],"about":[{"href":"https:\/\/www.magna.org\/fr\/wp-json\/wp\/v2\/types\/page"}],"author":[{"embeddable":true,"href":"https:\/\/www.magna.org\/fr\/wp-json\/wp\/v2\/users\/2"}],"replies":[{"embeddable":true,"href":"https:\/\/www.magna.org\/fr\/wp-json\/wp\/v2\/comments?post=10248"}],"version-history":[{"count":7,"href":"https:\/\/www.magna.org\/fr\/wp-json\/wp\/v2\/pages\/10248\/revisions"}],"predecessor-version":[{"id":10945,"href":"https:\/\/www.magna.org\/fr\/wp-json\/wp\/v2\/pages\/10248\/revisions\/10945"}],"up":[{"embeddable":true,"href":"https:\/\/www.magna.org\/fr\/wp-json\/wp\/v2\/pages\/10181"}],"wp:attachment":[{"href":"https:\/\/www.magna.org\/fr\/wp-json\/wp\/v2\/media?parent=10248"}],"curies":[{"name":"wp","href":"https:\/\/api.w.org\/{rel}","templated":true}]}}