{"id":10250,"date":"2022-12-09T16:40:17","date_gmt":"2022-12-09T16:40:17","guid":{"rendered":"https:\/\/www.magna.org\/fr\/?page_id=10250"},"modified":"2023-03-20T09:12:47","modified_gmt":"2023-03-20T09:12:47","slug":"spolecensky-zavazek-s-magna","status":"publish","type":"page","link":"https:\/\/www.magna.org\/fr\/cs\/zapojte-se\/firmy-a-nadace\/spolecensky-zavazek-s-magna\/","title":{"rendered":"Spole\u010densk\u00fd z\u00e1vazek s MAGNA"},"content":{"rendered":"<div class=\"e-content-text\"><div class=\"e-content-text__inner\">\n<p class=\"has-text-align-center\">Chcete d\u00e1t svou filantropii do slu\u017eeb humanit\u00e1rn\u00edch operac\u00ed s vysokou efektivitou? Chcete dos\u00e1hnout sv\u00fdch c\u00edl\u016f spole\u010densk\u00e9 odpov\u011bdnosti? Objevte \u0159e\u0161en\u00ed, kter\u00e1 nab\u00edz\u00ed MAGNA, abyste se zapojili do na\u0161eho boje za p\u0159\u00edstup ke zdravotn\u00ed p\u00e9\u010di pro v\u0161echny doma i ve sv\u011bt\u011b.<\/p>\n<\/div><\/div>\n\n<section class=\"s-home-hero s-home-hero--dark hc-section-space--normal\">\n    <div class=\"s-home-hero__inner\">\n        <div class=\"s-home-hero__media\">\n            <img loading=\"lazy\" decoding=\"async\" width=\"698\" height=\"524\" src=\"https:\/\/www.magna.org\/fr\/wp-content\/uploads\/2022\/12\/homepage-spolocensky-zavazok-s-magna-mb200927g0736-698x524.jpg\" class=\"attachment-magna-hero size-magna-hero\" alt=\"\" srcset=\"https:\/\/www.magna.org\/fr\/wp-content\/uploads\/2022\/12\/homepage-spolocensky-zavazok-s-magna-mb200927g0736-698x524.jpg 698w, https:\/\/www.magna.org\/fr\/wp-content\/uploads\/2022\/12\/homepage-spolocensky-zavazok-s-magna-mb200927g0736-1396x1048.jpg 1396w\" sizes=\"auto, (max-width: 698px) 100vw, 698px\" \/>\n        <\/div>\n        <div class=\"s-home-hero__content\">\n            <h2 class=\"s-home-hero__title\">Pro\u010d MAGNA?<\/h2>\n            <div class=\"s-home-hero__text\">\n                <p>Spolu s n\u00e1mi zapoj\u00edte svoji spole\u010dnost do zlep\u0161en\u00ed p\u0159\u00edstupu ke zdravotn\u00ed p\u00e9\u010di na cel\u00e9m sv\u011bt\u011b. Vybudov\u00e1n\u00edm partnerstv\u00ed s MAGNA zalo\u017een\u00e9ho na d\u016fv\u011b\u0159e, efektivnosti a transparentnosti zv\u00fd\u0161\u00edte vliv sv\u00e9ho podnik\u00e1n\u00ed.<\/p>\n            <\/div>\n        <\/div>\n    <\/div>\n<\/section>\n\n<div class=\"e-content-text\"><div class=\"e-content-text__inner\">\n<h2 class=\"has-text-align-center has-white-color has-vivid-red-background-color has-text-color has-background wp-block-heading\">Zm\u011b\u0148te sv\u011bt s MAGNA. <br>Tady a te\u010f.<\/h2>\n<\/div><\/div>\n\n<section class=\"s-support hc-section-space--normal\">\n    <div class=\"s-support__header\">\n        <h1 class=\"s-support__title\">Zde jsou n\u011bkter\u00e9 z na\u0161ich sou\u010dasn\u00fdch priorit<\/h1>\n        <div class=\"s-support__intro\">\n            <p>MAGNA poskytuje zdravotn\u00ed pomoc t\u011bm, jejich\u017e \u017eivot nebo zdrav\u00ed ohro\u017euj\u00ed ozbrojen\u00e9 konflikty, epidemie nebo p\u0159\u00edrodn\u00ed katastrofy, Zdravotn\u00ed asistence v nejist\u00fdch kontextech je tedy j\u00e1drem \u010dinnosti MAGNA, kte\u0159\u00ed ve v\u00edce ne\u017e 15 zem\u00edch poskytuj\u00ed \u0161irokou \u0161k\u00e1lu p\u00e9\u010de: o\u010dkov\u00e1n\u00ed, l\u00e9\u010dba podv\u00fd\u017eivy, zdrav\u00ed \u017een, nemocni\u010dn\u00ed programy, management infek\u010dn\u00edch nebo chronick\u00fdch chorob, du\u0161evn\u00ed zdrav\u00ed\u2026<\/p>\n\n        <\/div>\n    <\/div>\n    <div class=\"s-support__content\">\n        <div class=\"s-support__items\">\n            <div class=\"s-support__item \">\n                <article class=\"a-support\">\n    <a href=\"https:\/\/www.magna.org\/fr\/cs\/podvyziva-2\/\" target=\"\" class=\"a-support__link\"><\/a>\n        <div class=\"a-support__image\">\n            <div class=\"a-support__img\" style=\"background-image:url('https:\/\/www.magna.org\/fr\/wp-content\/uploads\/2022\/08\/homepage-kto-sme-meracia-paska.jpg');\"><\/div>\n        <\/div>\n    <div class=\"a-support__content\">\n        <h3 class=\"a-support__title\">Podv\u00fd\u017eiva<\/h3>\n        <div class=\"a-support__text\"><p>Jedno ze 13 d\u011bt\u00ed na na\u0161\u00ed planet\u011b trp\u00ed hladem a podv\u00fd\u017eiva je pro medic\u00ednu v\u00edce\u00farov\u0148ov\u00fd probl\u00e9m. Ale u v\u011bt\u0161iny d\u011bt\u00ed akutn\u00ed podv\u00fd\u017eivu vyl\u00e9\u010d\u00edme bez komplikac\u00ed za 8-12 t\u00fddn\u016f.<\/p>\n<\/div>\n    <\/div>\n    <div class=\"a-support__footer\">\n        <div class=\"a-support__cta\">\n            <a href=\"https:\/\/www.magna.org\/fr\/cs\/podvyziva-2\/\" target=\"\" class=\"e-btn e-btn--primary\"><span>Zjistit v\u00edce<\/span><i class=\"icon-heart\"><\/i><\/a>\n        <\/div>\n    <\/div>\n<\/article>\n            <\/div>\n            <div class=\"s-support__item \">\n                <article class=\"a-support\">\n    <a href=\"mailto:komunikacia@magna.org\" target=\"\" class=\"a-support__link\"><\/a>\n        <div class=\"a-support__image\">\n            <div class=\"a-support__img\" style=\"background-image:url('https:\/\/www.magna.org\/fr\/wp-content\/uploads\/2022\/08\/homepage-kto-sme-06.jpg');\"><\/div>\n        <\/div>\n    <div class=\"a-support__content\">\n        <h3 class=\"a-support__title\">Uprchl\u00edci<\/h3>\n        <div class=\"a-support__text\"><p>Ve sv\u011bt\u011b, kde je jedna osoba n\u00e1siln\u011b vys\u00eddlena t\u00e9m\u011b\u0159 ka\u017ed\u00e9 dv\u011b sekundy v d\u016fsledku konfliktu nebo pron\u00e1sledov\u00e1n\u00ed, je pomoc vys\u00eddlen\u00fdm lidem a lidem bez domova d\u016fle\u017eit\u011bj\u0161\u00ed ne\u017e kdykoli p\u0159edt\u00edm.<\/p>\n<\/div>\n    <\/div>\n    <div class=\"a-support__footer\">\n        <div class=\"a-support__cta\">\n            <a href=\"mailto:komunikacia@magna.org\" target=\"\" class=\"e-btn e-btn--primary\"><span>Kontaktujte n\u00e1s<\/span><i class=\"icon-heart\"><\/i><\/a>\n        <\/div>\n    <\/div>\n<\/article>\n            <\/div>\n            <div class=\"s-support__item \">\n                <article class=\"a-support\">\n    <a href=\"https:\/\/www.magna.org\/fr\/cs\/ukrajina-473-ukrajinskych-deti-neprezilo-15-milionu-je-v-ohrozeni\/\" target=\"\" class=\"a-support__link\"><\/a>\n        <div class=\"a-support__image\">\n            <div class=\"a-support__img\" style=\"background-image:url('https:\/\/www.magna.org\/fr\/wp-content\/uploads\/2022\/10\/homepage-ukrajina-ua-mobile-clinic-kharkhiv-2022-01-850x478.jpg');\"><\/div>\n        <\/div>\n    <div class=\"a-support__content\">\n        <h3 class=\"a-support__title\">V\u00e1lka na Ukrajin\u011b<\/h3>\n        <div class=\"a-support__text\"><p>Od za\u010d\u00e1tku rusk\u00e9 vojensk\u00e9 agrese na Ukrajin\u011b zem\u0159elo 473 ukrajinsk\u00fdch d\u011bt\u00ed a dal\u0161\u00edch 1,5 milionu je ohro\u017eeno.<\/p>\n<\/div>\n    <\/div>\n    <div class=\"a-support__footer\">\n        <div class=\"a-support__cta\">\n            <a href=\"https:\/\/www.magna.org\/fr\/cs\/ukrajina-473-ukrajinskych-deti-neprezilo-15-milionu-je-v-ohrozeni\/\" target=\"\" class=\"e-btn e-btn--primary\"><span>Zjistit v\u00edce<\/span><i class=\"icon-heart\"><\/i><\/a>\n        <\/div>\n    <\/div>\n<\/article>\n            <\/div>\n            <div class=\"s-support__item \">\n                <article class=\"a-support\">\n    <a href=\"https:\/\/www.magna.org\/fr\/cs\/zdravi-matky\/\" target=\"\" class=\"a-support__link\"><\/a>\n        <div class=\"a-support__image\">\n            <div class=\"a-support__img\" style=\"background-image:url('https:\/\/www.magna.org\/fr\/wp-content\/uploads\/2022\/09\/homepage-co-robime-mb201911g6164.jpg');\"><\/div>\n        <\/div>\n    <div class=\"a-support__content\">\n        <h3 class=\"a-support__title\">Zdrav\u00ed matky<\/h3>\n        <div class=\"a-support__text\"><p>Odhaduje se, \u017ee 99 % \u017een, kter\u00e9 zem\u0159ou p\u0159i porodu nebo na komplikace souvisej\u00edc\u00ed s t\u011bhotenstv\u00edm, \u017eije v rozvojov\u00fdch zem\u00edch. V\u011bt\u0161in\u011b z t\u011bchto \u00famrt\u00ed lze p\u0159edej\u00edt.<\/p>\n<\/div>\n    <\/div>\n    <div class=\"a-support__footer\">\n        <div class=\"a-support__cta\">\n            <a href=\"https:\/\/www.magna.org\/fr\/cs\/zdravi-matky\/\" target=\"\" class=\"e-btn e-btn--primary\"><span>Zjistit v\u00edce<\/span><i class=\"icon-heart\"><\/i><\/a>\n        <\/div>\n    <\/div>\n<\/article>\n            <\/div>\n        <\/div>\n    <\/div>\n<\/section>\n\n<section class=\"s-home-focus hc-section-space--normal\">\n    <div class=\"s-home-focus__inner\">\n        <a href=\"mailto:komunikacia@magna.org\" class=\"s-home-focus__link\"><\/a>\n        <div class=\"s-home-focus__wrap\">\n            <div class=\"s-home-focus__image\">\n                <div class=\"s-home-focus__img\" style=\"background-image:url('https:\/\/www.magna.org\/fr\/wp-content\/uploads\/2022\/08\/homepage-kto-sme-lekar-1034x632.jpg')\"><\/div>\n            <\/div>\n            <div class=\"s-home-focus__content\">\n                <h2 class=\"s-home-focus__title\">Ud\u011blejte z p\u0159\u00edstupu ke zdravotn\u00ed p\u00e9\u010di jeden ze sv\u00fdch z\u00e1vazk\u016f<\/h2>\n                <div class=\"s-home-focus__text\">\n                    <p>V souladu s va\u0161\u00ed strategi\u00ed a orientac\u00ed m\u016f\u017eete podpo\u0159it \u010dinnost MAGNA v jedn\u00e9 nebo v\u00edce z t\u011bchto \u010detn\u00fdch oblast\u00ed intervence. T\u00edmto zp\u016fsobem se zdrav\u00ed, a zejm\u00e9na p\u0159\u00edstup ke zdravotn\u00ed p\u00e9\u010di pro v\u0161echny, st\u00e1v\u00e1 prioritou.<\/p>\n<p>Podpora program\u016f, kter\u00e9 provozuj\u00ed t\u00fdmy MAGNA v oblasti zdrav\u00ed, tak\u00e9 umo\u017e\u0148uje va\u0161\u00ed spole\u010dnosti zhmotnit sv\u016fj p\u0159\u00edstup k soci\u00e1ln\u00ed odpov\u011bdnosti t\u00edm, \u017ee se z\u00fa\u010dastn\u00ed humanit\u00e1rn\u00ed akce s vysok\u00fdm dopadem.<\/p>\n\n                <\/div>\n                <div class=\"s-home-focus__btn\">\n                    <a href=\"mailto:komunikacia@magna.org\" class=\"e-btn e-btn--primary target=\"\"\"\">Kontaktujte n\u00e1s<\/a>\n                <\/div>\n            <\/div>\n        <\/div>\n    <\/div>\n<\/section>\n\n<section class=\"s-help hc-section-space--normal\">\n    <div class=\"s-help__inner\">\n        <h2 class=\"s-help__title\">Pod\u00edvejte tak\u00e9<\/h2>\n        <div class=\"s-help__content\">\n            <div class=\"s-help__items\">\n                <div class=\"s-help__item\">\n                    <article class=\"a-help\">\n                        <a href=\"https:\/\/www.magna.org\/fr\/cs\/zapojte-se\/firmy-a-nadace\/podporte-konkretni-humanitarni-projekt\/\" target=\"\" class=\"a-help__link\"><\/a>\n                        <div class=\"a-help__content\">\n                            <h3 class=\"a-help__title\">Podpo\u0159te konkr\u00e9tn\u00ed projekt<\/h3>\n                            <div class=\"a-help__cta\">\n                                <a href=\"https:\/\/www.magna.org\/fr\/cs\/zapojte-se\/firmy-a-nadace\/podporte-konkretni-humanitarni-projekt\/\" target=\"\" >Zjistit v\u00edce<\/a>\n                            <\/div>\n                        <\/div>\n                    <\/article>\n                <\/div>\n                <div class=\"s-help__item\">\n                    <article class=\"a-help\">\n                        <a href=\"https:\/\/www.magna.org\/fr\/cs\/zapojte-se\/firmy-a-nadace\/mobilizujte-vase-zamestnance\/\" target=\"\" class=\"a-help__link\"><\/a>\n                        <div class=\"a-help__content\">\n                            <h3 class=\"a-help__title\">Mobilizujte va\u0161ich zamestnancov<\/h3>\n                            <div class=\"a-help__cta\">\n                                <a href=\"https:\/\/www.magna.org\/fr\/cs\/zapojte-se\/firmy-a-nadace\/mobilizujte-vase-zamestnance\/\" target=\"\" >Zjistit v\u00edce<\/a>\n                            <\/div>\n                        <\/div>\n                    <\/article>\n                <\/div>\n                <div class=\"s-help__item\">\n                    <article class=\"a-help\">\n                        <a href=\"https:\/\/www.magna.org\/fr\/cs\/zapojte-se\/firmy-a-nadace\/mobilizujte-sve-zakazniky\/\" target=\"\" class=\"a-help__link\"><\/a>\n                        <div class=\"a-help__content\">\n                            <h3 class=\"a-help__title\">Mobilzujte va\u0161ich z\u00e1kazn\u00edkov<\/h3>\n                            <div class=\"a-help__cta\">\n                                <a href=\"https:\/\/www.magna.org\/fr\/cs\/zapojte-se\/firmy-a-nadace\/mobilizujte-sve-zakazniky\/\" target=\"\" >Zjistit v\u00edce<\/a>\n                            <\/div>\n                        <\/div>\n                    <\/article>\n                <\/div>\n                <div class=\"s-help__item\">\n                    <article class=\"a-help\">\n                        <a href=\"https:\/\/www.magna.org\/fr\/cs\/zapojte-se\/fond-urgentni-pomoci\/\" target=\"\" class=\"a-help__link\"><\/a>\n                        <div class=\"a-help__content\">\n                            <h3 class=\"a-help__title\">Fond urgentn\u00ed pomoci<\/h3>\n                            <div class=\"a-help__cta\">\n                                <a href=\"https:\/\/www.magna.org\/fr\/cs\/zapojte-se\/fond-urgentni-pomoci\/\" target=\"\" >Zjistit v\u00edce<\/a>\n                            <\/div>\n                        <\/div>\n                    <\/article>\n                <\/div>\n            <\/div>\n        <\/div>\n    <\/div>\n<\/section>\n\n<div class=\"e-content-text\"><div class=\"e-content-text__inner\">\n<h2 class=\"has-text-align-center wp-block-heading\">M\u00e1te dal\u0161\u00ed dotazy nebo se chcete zapojit?<\/h2>\n<\/div><\/div>\n\n<div class=\"e-content-text\"><div class=\"e-content-text__inner\">\n<p class=\"has-text-align-center\">Zavolejte na <a href=\"tel:+420736416505\">+420 736 416 505<\/a> nebo po\u0161lete e-mail na <a href=\"mailto:kancelar@magna.org\">kancelar@magna.org<\/a> a my v\u00e1m r\u00e1di pom\u016f\u017eeme.<\/p>\n<\/div><\/div>","protected":false},"excerpt":{"rendered":"<p>Chcete d\u00e1t svou filantropii do slu\u017eeb humanit\u00e1rn\u00edch operac\u00ed s vysokou efektivitou? Chcete dos\u00e1hnout sv\u00fdch c\u00edl\u016f spole\u010densk\u00e9 odpov\u011bdnosti? Objevte \u0159e\u0161en\u00ed, kter\u00e1 nab\u00edz\u00ed MAGNA, abyste se zapojili do na\u0161eho boje za p\u0159\u00edstup ke zdravotn\u00ed p\u00e9\u010di pro v\u0161echny doma i ve sv\u011bt\u011b. Zm\u011b\u0148te sv\u011bt s MAGNA. Tady a te\u010f. M\u00e1te dal\u0161\u00ed dotazy nebo se chcete zapojit? Zavolejte na [&hellip;]<\/p>\n","protected":false},"author":2,"featured_media":0,"parent":10248,"menu_order":0,"comment_status":"closed","ping_status":"closed","template":"page-article.php","meta":{"_acf_changed":false,"inline_featured_image":false,"footnotes":""},"class_list":["post-10250","page","type-page","status-publish","hentry"],"acf":[],"yoast_head":"<!-- This site is optimized with the Yoast SEO plugin v24.3 - https:\/\/yoast.com\/wordpress\/plugins\/seo\/ -->\n<title>Spole\u010densk\u00fd z\u00e1vazek s MAGNA - Magna<\/title>\n<meta name=\"robots\" content=\"index, follow, max-snippet:-1, max-image-preview:large, max-video-preview:-1\" \/>\n<link rel=\"canonical\" href=\"https:\/\/www.magna.org\/fr\/cs\/zapojte-se\/firmy-a-nadace\/spolecensky-zavazek-s-magna\/\" \/>\n<meta property=\"og:locale\" content=\"en_US\" \/>\n<meta property=\"og:type\" content=\"article\" \/>\n<meta property=\"og:title\" content=\"Spole\u010densk\u00fd z\u00e1vazek s MAGNA - Magna\" \/>\n<meta property=\"og:description\" content=\"Chcete d\u00e1t svou filantropii do slu\u017eeb humanit\u00e1rn\u00edch operac\u00ed s vysokou efektivitou? Chcete dos\u00e1hnout sv\u00fdch c\u00edl\u016f spole\u010densk\u00e9 odpov\u011bdnosti? Objevte \u0159e\u0161en\u00ed, kter\u00e1 nab\u00edz\u00ed MAGNA, abyste se zapojili do na\u0161eho boje za p\u0159\u00edstup ke zdravotn\u00ed p\u00e9\u010di pro v\u0161echny doma i ve sv\u011bt\u011b. Zm\u011b\u0148te sv\u011bt s MAGNA. Tady a te\u010f. M\u00e1te dal\u0161\u00ed dotazy nebo se chcete zapojit? Zavolejte na [&hellip;]\" \/>\n<meta property=\"og:url\" content=\"https:\/\/www.magna.org\/fr\/cs\/zapojte-se\/firmy-a-nadace\/spolecensky-zavazek-s-magna\/\" \/>\n<meta property=\"og:site_name\" content=\"Magna\" \/>\n<meta property=\"article:modified_time\" content=\"2023-03-20T09:12:47+00:00\" \/>\n<meta name=\"twitter:card\" content=\"summary_large_image\" \/>\n<meta name=\"twitter:label1\" content=\"Est. reading time\" \/>\n\t<meta name=\"twitter:data1\" content=\"1 minute\" \/>\n<script type=\"application\/ld+json\" class=\"yoast-schema-graph\">{\"@context\":\"https:\/\/schema.org\",\"@graph\":[{\"@type\":\"WebPage\",\"@id\":\"https:\/\/www.magna.org\/fr\/cs\/zapojte-se\/firmy-a-nadace\/spolecensky-zavazek-s-magna\/\",\"url\":\"https:\/\/www.magna.org\/fr\/cs\/zapojte-se\/firmy-a-nadace\/spolecensky-zavazek-s-magna\/\",\"name\":\"Spole\u010densk\u00fd z\u00e1vazek s MAGNA - Magna\",\"isPartOf\":{\"@id\":\"https:\/\/www.magna.org\/fr\/#website\"},\"datePublished\":\"2022-12-09T16:40:17+00:00\",\"dateModified\":\"2023-03-20T09:12:47+00:00\",\"breadcrumb\":{\"@id\":\"https:\/\/www.magna.org\/fr\/cs\/zapojte-se\/firmy-a-nadace\/spolecensky-zavazek-s-magna\/#breadcrumb\"},\"inLanguage\":\"en-US\",\"potentialAction\":[{\"@type\":\"ReadAction\",\"target\":[\"https:\/\/www.magna.org\/fr\/cs\/zapojte-se\/firmy-a-nadace\/spolecensky-zavazek-s-magna\/\"]}]},{\"@type\":\"BreadcrumbList\",\"@id\":\"https:\/\/www.magna.org\/fr\/cs\/zapojte-se\/firmy-a-nadace\/spolecensky-zavazek-s-magna\/#breadcrumb\",\"itemListElement\":[{\"@type\":\"ListItem\",\"position\":1,\"name\":\"Home\",\"item\":\"https:\/\/www.magna.org\/fr\/sk\/\"},{\"@type\":\"ListItem\",\"position\":2,\"name\":\"Podpo\u0159te n\u00e1s\",\"item\":\"https:\/\/www.magna.org\/fr\/cs\/zapojte-se\/\"},{\"@type\":\"ListItem\",\"position\":3,\"name\":\"Firmy a Nadace\",\"item\":\"https:\/\/www.magna.org\/fr\/cs\/zapojte-se\/firmy-a-nadace\/\"},{\"@type\":\"ListItem\",\"position\":4,\"name\":\"Spole\u010densk\u00fd z\u00e1vazek s MAGNA\"}]},{\"@type\":\"WebSite\",\"@id\":\"https:\/\/www.magna.org\/fr\/#website\",\"url\":\"https:\/\/www.magna.org\/fr\/\",\"name\":\"Magna\",\"description\":\"Just another WordPress site\",\"potentialAction\":[{\"@type\":\"SearchAction\",\"target\":{\"@type\":\"EntryPoint\",\"urlTemplate\":\"https:\/\/www.magna.org\/fr\/?s={search_term_string}\"},\"query-input\":{\"@type\":\"PropertyValueSpecification\",\"valueRequired\":true,\"valueName\":\"search_term_string\"}}],\"inLanguage\":\"en-US\"}]}<\/script>\n<!-- \/ Yoast SEO plugin. -->","yoast_head_json":{"title":"Spole\u010densk\u00fd z\u00e1vazek s MAGNA - Magna","robots":{"index":"index","follow":"follow","max-snippet":"max-snippet:-1","max-image-preview":"max-image-preview:large","max-video-preview":"max-video-preview:-1"},"canonical":"https:\/\/www.magna.org\/fr\/cs\/zapojte-se\/firmy-a-nadace\/spolecensky-zavazek-s-magna\/","og_locale":"en_US","og_type":"article","og_title":"Spole\u010densk\u00fd z\u00e1vazek s MAGNA - Magna","og_description":"Chcete d\u00e1t svou filantropii do slu\u017eeb humanit\u00e1rn\u00edch operac\u00ed s vysokou efektivitou? Chcete dos\u00e1hnout sv\u00fdch c\u00edl\u016f spole\u010densk\u00e9 odpov\u011bdnosti? Objevte \u0159e\u0161en\u00ed, kter\u00e1 nab\u00edz\u00ed MAGNA, abyste se zapojili do na\u0161eho boje za p\u0159\u00edstup ke zdravotn\u00ed p\u00e9\u010di pro v\u0161echny doma i ve sv\u011bt\u011b. Zm\u011b\u0148te sv\u011bt s MAGNA. Tady a te\u010f. M\u00e1te dal\u0161\u00ed dotazy nebo se chcete zapojit? Zavolejte na [&hellip;]","og_url":"https:\/\/www.magna.org\/fr\/cs\/zapojte-se\/firmy-a-nadace\/spolecensky-zavazek-s-magna\/","og_site_name":"Magna","article_modified_time":"2023-03-20T09:12:47+00:00","twitter_card":"summary_large_image","twitter_misc":{"Est. reading time":"1 minute"},"schema":{"@context":"https:\/\/schema.org","@graph":[{"@type":"WebPage","@id":"https:\/\/www.magna.org\/fr\/cs\/zapojte-se\/firmy-a-nadace\/spolecensky-zavazek-s-magna\/","url":"https:\/\/www.magna.org\/fr\/cs\/zapojte-se\/firmy-a-nadace\/spolecensky-zavazek-s-magna\/","name":"Spole\u010densk\u00fd z\u00e1vazek s MAGNA - Magna","isPartOf":{"@id":"https:\/\/www.magna.org\/fr\/#website"},"datePublished":"2022-12-09T16:40:17+00:00","dateModified":"2023-03-20T09:12:47+00:00","breadcrumb":{"@id":"https:\/\/www.magna.org\/fr\/cs\/zapojte-se\/firmy-a-nadace\/spolecensky-zavazek-s-magna\/#breadcrumb"},"inLanguage":"en-US","potentialAction":[{"@type":"ReadAction","target":["https:\/\/www.magna.org\/fr\/cs\/zapojte-se\/firmy-a-nadace\/spolecensky-zavazek-s-magna\/"]}]},{"@type":"BreadcrumbList","@id":"https:\/\/www.magna.org\/fr\/cs\/zapojte-se\/firmy-a-nadace\/spolecensky-zavazek-s-magna\/#breadcrumb","itemListElement":[{"@type":"ListItem","position":1,"name":"Home","item":"https:\/\/www.magna.org\/fr\/sk\/"},{"@type":"ListItem","position":2,"name":"Podpo\u0159te n\u00e1s","item":"https:\/\/www.magna.org\/fr\/cs\/zapojte-se\/"},{"@type":"ListItem","position":3,"name":"Firmy a Nadace","item":"https:\/\/www.magna.org\/fr\/cs\/zapojte-se\/firmy-a-nadace\/"},{"@type":"ListItem","position":4,"name":"Spole\u010densk\u00fd z\u00e1vazek s MAGNA"}]},{"@type":"WebSite","@id":"https:\/\/www.magna.org\/fr\/#website","url":"https:\/\/www.magna.org\/fr\/","name":"Magna","description":"Just another WordPress site","potentialAction":[{"@type":"SearchAction","target":{"@type":"EntryPoint","urlTemplate":"https:\/\/www.magna.org\/fr\/?s={search_term_string}"},"query-input":{"@type":"PropertyValueSpecification","valueRequired":true,"valueName":"search_term_string"}}],"inLanguage":"en-US"}]}},"_links":{"self":[{"href":"https:\/\/www.magna.org\/fr\/wp-json\/wp\/v2\/pages\/10250","targetHints":{"allow":["GET"]}}],"collection":[{"href":"https:\/\/www.magna.org\/fr\/wp-json\/wp\/v2\/pages"}],"about":[{"href":"https:\/\/www.magna.org\/fr\/wp-json\/wp\/v2\/types\/page"}],"author":[{"embeddable":true,"href":"https:\/\/www.magna.org\/fr\/wp-json\/wp\/v2\/users\/2"}],"replies":[{"embeddable":true,"href":"https:\/\/www.magna.org\/fr\/wp-json\/wp\/v2\/comments?post=10250"}],"version-history":[{"count":14,"href":"https:\/\/www.magna.org\/fr\/wp-json\/wp\/v2\/pages\/10250\/revisions"}],"predecessor-version":[{"id":12765,"href":"https:\/\/www.magna.org\/fr\/wp-json\/wp\/v2\/pages\/10250\/revisions\/12765"}],"up":[{"embeddable":true,"href":"https:\/\/www.magna.org\/fr\/wp-json\/wp\/v2\/pages\/10248"}],"wp:attachment":[{"href":"https:\/\/www.magna.org\/fr\/wp-json\/wp\/v2\/media?parent=10250"}],"curies":[{"name":"wp","href":"https:\/\/api.w.org\/{rel}","templated":true}]}}