{"id":10252,"date":"2022-12-09T16:41:52","date_gmt":"2022-12-09T16:41:52","guid":{"rendered":"https:\/\/www.magna.org\/fr\/?page_id=10252"},"modified":"2022-12-13T21:54:08","modified_gmt":"2022-12-13T21:54:08","slug":"mobilizujte-sve-zakazniky","status":"publish","type":"page","link":"https:\/\/www.magna.org\/fr\/cs\/zapojte-se\/firmy-a-nadace\/mobilizujte-sve-zakazniky\/","title":{"rendered":"Mobilizujte sv\u00e9 z\u00e1kazn\u00edky"},"content":{"rendered":"<div class=\"e-content-text\"><div class=\"e-content-text__inner\">\n<p class=\"has-text-align-center\">Chcete d\u00e1t svoji filantropii do slu\u017eeb humanit\u00e1rn\u00edch akc\u00ed s vysok\u00fdm dosahem? Chcete dos\u00e1hnout sv\u00fdch c\u00edl\u016f spole\u010densk\u00e9 odpov\u011bdnosti? Objevte \u0159e\u0161en\u00ed, kter\u00e1 nab\u00edz\u00ed MAGNA, abyste se zapojili do na\u0161eho boje za p\u0159\u00edstup ke zdravotn\u00ed p\u00e9\u010di pro v\u0161echny doma i ve sv\u011bt\u011b.<\/p>\n<\/div><\/div>\n\n<section class=\"s-home-hero s-home-hero--dark hc-section-space--normal\">\n    <div class=\"s-home-hero__inner\">\n        <div class=\"s-home-hero__media\">\n            <img loading=\"lazy\" decoding=\"async\" width=\"698\" height=\"524\" src=\"https:\/\/www.magna.org\/fr\/wp-content\/uploads\/2022\/12\/homepage-firmy-a-nadacie-mb200927g0619-698x524.jpg\" class=\"attachment-magna-hero size-magna-hero\" alt=\"\" srcset=\"https:\/\/www.magna.org\/fr\/wp-content\/uploads\/2022\/12\/homepage-firmy-a-nadacie-mb200927g0619-698x524.jpg 698w, https:\/\/www.magna.org\/fr\/wp-content\/uploads\/2022\/12\/homepage-firmy-a-nadacie-mb200927g0619-1396x1048.jpg 1396w\" sizes=\"auto, (max-width: 698px) 100vw, 698px\" \/>\n        <\/div>\n        <div class=\"s-home-hero__content\">\n            <h2 class=\"s-home-hero__title\">Pro\u010d MAGNA?<\/h2>\n            <div class=\"s-home-hero__text\">\n                <p>Spolu s n\u00e1mi zapoj\u00edte svoji spole\u010dnost do zlep\u0161en\u00ed p\u0159\u00edstupu ke zdravotn\u00ed p\u00e9\u010di na cel\u00e9m sv\u011bt\u011b. Vybudov\u00e1n\u00edm partnerstv\u00ed s MAGNA zalo\u017een\u00e9ho na d\u016fv\u011b\u0159e, efektivnosti a transparentnosti zv\u00fd\u0161\u00edte vliv sv\u00e9ho podnik\u00e1n\u00ed.<\/p>\n            <\/div>\n        <\/div>\n    <\/div>\n<\/section>\n\n<div class=\"e-content-text\"><div class=\"e-content-text__inner\">\n<h2 class=\"wp-block-heading\">Pro\u010d mobilizovat va\u0161e z\u00e1kazn\u00edky?<\/h2>\n<\/div><\/div>\n\n<div class=\"e-content-text\"><div class=\"e-content-text__inner\">\n<p>Prost\u0159ednictv\u00edm sv\u00e9 marketingov\u00e9 komunikace sd\u00edl\u00edte se sv\u00fdmi z\u00e1kazn\u00edky sv\u016fj z\u00e1vazek spole\u010densk\u00e9 zodpov\u011bdnosti, kterou jste spojili s MAGNA. Pos\u00edlejte d\u016fv\u011bru a loajalitu sv\u00fdch z\u00e1kazn\u00edk\u016f.<\/p>\n<\/div><\/div>\n\n<div class=\"e-content-text\"><div class=\"e-content-text__inner\">\n<p>Nab\u00eddkou nov\u00fdch produkt\u016f, zv\u00fd\u0161\u00edte solidaritu a t\u00edm oslov\u00edte nov\u00e9 publikum.<\/p>\n<\/div><\/div>\n\n<div class=\"e-content-text\"><div class=\"e-content-text__inner\">\n<p>Spot\u0159ebitel\u00e9 st\u00e1le v\u00edce o\u010dek\u00e1vaj\u00ed od zna\u010dek konkr\u00e9tn\u00ed spole\u010densk\u00fd z\u00e1vazek. Nab\u00eddn\u011bte sv\u00fdm z\u00e1kazn\u00edk\u016fm p\u0159\u00edle\u017eitost k zodpov\u011bdn\u00fdm n\u00e1kup\u016fm, kter\u00e9 pom\u00e1haj\u00ed k z\u00e1chran\u011b \u017eivot\u016f s MAGNA.<\/p>\n<\/div><\/div>\n\n<div class=\"e-content-media e-content-media--md\">\n            <img loading=\"lazy\" decoding=\"async\" width=\"1058\" height=\"1058\" src=\"https:\/\/www.magna.org\/fr\/wp-content\/uploads\/2022\/12\/homepage-najdite-si-poziciu-mb2013012m0339-1058x1058.jpg\" class=\"attachment-magna-md size-magna-md\" alt=\"\" srcset=\"https:\/\/www.magna.org\/fr\/wp-content\/uploads\/2022\/12\/homepage-najdite-si-poziciu-mb2013012m0339-1058x1058.jpg 1058w, https:\/\/www.magna.org\/fr\/wp-content\/uploads\/2022\/12\/homepage-najdite-si-poziciu-mb2013012m0339-300x300.jpg 300w, https:\/\/www.magna.org\/fr\/wp-content\/uploads\/2022\/12\/homepage-najdite-si-poziciu-mb2013012m0339-1024x1024.jpg 1024w, https:\/\/www.magna.org\/fr\/wp-content\/uploads\/2022\/12\/homepage-najdite-si-poziciu-mb2013012m0339-150x150.jpg 150w, https:\/\/www.magna.org\/fr\/wp-content\/uploads\/2022\/12\/homepage-najdite-si-poziciu-mb2013012m0339-768x768.jpg 768w, https:\/\/www.magna.org\/fr\/wp-content\/uploads\/2022\/12\/homepage-najdite-si-poziciu-mb2013012m0339-552x552.jpg 552w, https:\/\/www.magna.org\/fr\/wp-content\/uploads\/2022\/12\/homepage-najdite-si-poziciu-mb2013012m0339-384x384.jpg 384w, https:\/\/www.magna.org\/fr\/wp-content\/uploads\/2022\/12\/homepage-najdite-si-poziciu-mb2013012m0339-676x676.jpg 676w, https:\/\/www.magna.org\/fr\/wp-content\/uploads\/2022\/12\/homepage-najdite-si-poziciu-mb2013012m0339-468x468.jpg 468w, https:\/\/www.magna.org\/fr\/wp-content\/uploads\/2022\/12\/homepage-najdite-si-poziciu-mb2013012m0339.jpg 1200w\" sizes=\"auto, (max-width: 1058px) 100vw, 1058px\" \/>\n    <div class=\"e-content-media__caption\">ZAMBIA. Copyright Martin Band\u017e\u00e1k\/MAGNA<\/div>\n<\/div>\n\n<div class=\"e-content-text\"><div class=\"e-content-text__inner\">\n<h2 class=\"wp-block-heading\">Spousta p\u0159\u00edle\u017eitost\u00ed jak se anga\u017eovat<\/h2>\n<\/div><\/div>\n\n<div class=\"e-content-text\"><div class=\"e-content-text__inner\">\n<p class=\"has-vivid-red-color has-text-color has-medium-font-size\">Rozv\u00edjejte sd\u00edlen\u00ed produkt\u016f<\/p>\n<\/div><\/div>\n\n<div class=\"e-content-text\"><div class=\"e-content-text__inner\">\n<p>B\u011bhem cel\u00e9ho roku nebo b\u011bhem dan\u00e9ho obdob\u00ed v\u011bnujete \u010d\u00e1st sv\u00fdch prodej\u016f MAGNA. M\u016f\u017ee se to t\u00fdkat cel\u00e9ho sortimentu nebo ur\u010dit\u00fdch produkt\u016f nebo slu\u017eeb. Pro va\u0161e z\u00e1kazn\u00edky je va\u0161e zna\u010dka o to atraktivn\u011bj\u0161\u00ed, \u017ee je anga\u017eovan\u00e1.<\/p>\n<\/div><\/div>\n\n<div class=\"e-content-text\"><div class=\"e-content-text__inner\">\n<p class=\"has-vivid-red-color has-text-color has-medium-font-size\">Nab\u00eddn\u011bte mikrod\u00e1rstv\u00ed<\/p>\n<\/div><\/div>\n\n<div class=\"e-content-text\"><div class=\"e-content-text__inner\">\n<p>D\u00edky technick\u00fdm \u0159e\u0161en\u00edm na kl\u00ed\u010d nab\u00edz\u00edte sv\u00fdm z\u00e1kazn\u00edk\u016fm mo\u017enost p\u0159id\u00e1n\u00ed daru ve v\u00fd\u0161i n\u011bkolika eur nebo cent\u016f p\u0159i platb\u011b u pokladny nebo online. Pro n\u011b je to mal\u00e1 \u010d\u00e1stka, pro t\u00fdmy MAGNA m\u016f\u017ee \u0159ada mal\u00fdch dar\u016f skute\u010dn\u011b financovat rozs\u00e1hl\u00fd projekt na pomoc p\u0159i z\u00e1chran\u011b \u017eivot\u016f.<\/p>\n<\/div><\/div>\n\n<div class=\"e-content-text\"><div class=\"e-content-text__inner\">\n<p class=\"has-vivid-red-color has-text-color has-medium-font-size\">Zn\u00e1sobte dary od va\u0161ich z\u00e1kazn\u00edk\u016f<\/p>\n<\/div><\/div>\n\n<div class=\"e-content-text\"><div class=\"e-content-text__inner\">\n<p>Zn\u00e1sobte z\u00edskan\u00e9 finan\u010dn\u00ed prost\u0159edky pro t\u00fdmy MAGNA a to dorovn\u00e1n\u00edm dar\u016f od va\u0161ich z\u00e1kazn\u00edk\u016f. Uka\u017ete jim, \u017ee skute\u010dnosti, na kter\u00fdch jim z\u00e1le\u017e\u00ed, jsou pro v\u00e1s d\u016fle\u017eit\u00e9.<\/p>\n<\/div><\/div>\n\n<div class=\"e-content-text\"><div class=\"e-content-text__inner\">\n<p class=\"has-vivid-red-color has-text-color has-medium-font-size\">Integrujte MAGNA do sv\u00fdch v\u011brnostn\u00edch program\u016f<\/p>\n<\/div><\/div>\n\n<div class=\"e-content-text\"><div class=\"e-content-text__inner\">\n<p>M\u00edsto toho, abyste je p\u0159em\u011bnili na d\u00e1rky nebo pouk\u00e1zky, nab\u00eddn\u011bte sv\u00fdm z\u00e1kazn\u00edk\u016fm, aby sv\u00e9 v\u011brnostn\u00ed body v\u011bnovali t\u00fdm\u016fm MAGNA a p\u0159em\u011bnili je na dar.<\/p>\n<\/div><\/div>\n\n<section class=\"s-articles s-articles--2 s-articles--container\">\n    <div class=\"s-articles__inner\">\n        <h2 class=\"s-articles__title\">Na\u0161e oblasti p\u016fsoben\u00ed<\/h2>\n        <div class=\"s-articles__content\">\n            <div class=\"s-articles__items\">\n                <div class=\"s-articles__item\">\n                    <article class=\"a-job\">\n    <div class=\"a-job__image\">\n        <div class=\"a-job__img\" style=\"background-image:url('https:\/\/www.magna.org\/fr\/wp-content\/uploads\/2022\/11\/homepage-zdravie-dietata-mb200806g0263.jpg');\"><\/div>\n    <\/div>\n    <div class=\"a-job__content\">\n        <h3 class=\"a-job__title\">Zdrav\u00ed d\u011bt\u00ed<\/h3>\n    <\/div>\n<\/article>\n                <\/div>\n                <div class=\"s-articles__item\">\n                    <article class=\"a-job\">\n    <div class=\"a-job__image\">\n        <div class=\"a-job__img\" style=\"background-image:url('https:\/\/www.magna.org\/fr\/wp-content\/uploads\/2022\/11\/homepage-sexualne-nasilie-mb2015008g0659-1.jpg');\"><\/div>\n    <\/div>\n    <div class=\"a-job__content\">\n        <h3 class=\"a-job__title\">N\u00e1sil\u00ed na \u017een\u00e1ch<\/h3>\n    <\/div>\n<\/article>\n                <\/div>\n                <div class=\"s-articles__item\">\n                    <article class=\"a-job\">\n    <div class=\"a-job__image\">\n        <div class=\"a-job__img\" style=\"background-image:url('https:\/\/www.magna.org\/fr\/wp-content\/uploads\/2022\/11\/homepage-podvyziva-mb201911g5555.jpg');\"><\/div>\n    <\/div>\n    <div class=\"a-job__content\">\n        <h3 class=\"a-job__title\">Hlad a podv\u00fd\u017eiva<\/h3>\n    <\/div>\n<\/article>\n                <\/div>\n                <div class=\"s-articles__item\">\n                    <article class=\"a-job\">\n    <div class=\"a-job__image\">\n        <div class=\"a-job__img\" style=\"background-image:url('https:\/\/www.magna.org\/fr\/wp-content\/uploads\/2006\/01\/homepage-kambodza-pediatricka-starostlivost-v-takhmau-mb200708g0088.jpg');\"><\/div>\n    <\/div>\n    <div class=\"a-job__content\">\n        <h3 class=\"a-job__title\">Inovace ve zdravotnictv\u00ed<\/h3>\n    <\/div>\n<\/article>\n                <\/div>\n            <\/div>\n        <\/div>\n    <\/div>\n<\/section>\n\n<div class=\"e-content-text\"><div class=\"e-content-text__inner\">\n<h2 class=\"has-text-align-left wp-block-heading\">P\u0159\u00edklad spolupr\u00e1ce &#8211; BUBO<\/h2>\n<\/div><\/div>\n\n<div class=\"e-content-text\"><div class=\"e-content-text__inner\">\n<p>V\u00e1\u0161 dar n\u00e1m pom\u016f\u017ee poskytnout j\u00eddlo, l\u00e9ka\u0159skou p\u00e9\u010di a nouzov\u00e9 podp\u016frn\u00e9 slu\u017eby rodin\u00e1m, jejich\u017e \u017eivoty jsou zni\u010deny konfliktem. \u00da\u010dast\u00ed na z\u00e1jezdu s BUBO m\u016f\u017eete podpo\u0159it tyto lidi \u010d\u00e1stkou 15 eur. Tato \u010d\u00e1stka jde p\u0159\u00edmo na pomoc Ukrajinc\u016fm v napaden\u00fdch oblastech, proto v\u00e1s pros\u00edme o pochopen\u00ed, \u017ee p\u0159\u00edsp\u011bvek MAGNA je nevratn\u00fd.<\/p>\n<\/div><\/div>\n\n<div class=\"e-content-cite\">\n    <blockquote class=\"e-content-cite__wrap\">\n        <div class=\"e-content-cite__text\">Martina a Denisu z MAGNA zn\u00e1m u\u017e 20 let jako neuv\u011b\u0159iteln\u011b \u0161lechetn\u00e9 a \u010destn\u00e9 lidi. Pom\u00e1haj\u00ed tam, kde je opravdu \u0161patn\u011b. I nyn\u00ed jejich t\u00fdm p\u016fsob\u00ed p\u0159\u00edmo v oblastech, kde se bojuje, a pom\u00e1h\u00e1 tak t\u011bm nejzraniteln\u011bj\u0161\u00edm. Pova\u017euji za svou \u010dest moci je v t\u00e9to udatn\u00e9 pr\u00e1ci podpo\u0159it.<\/div>\n        <div class=\"e-content-cite__author\">Lubo\u0161 Fellner, BUBO<\/div>\n    <\/blockquote>\n<\/div>\n\n<section class=\"s-help hc-section-space--normal\">\n    <div class=\"s-help__inner\">\n        <h2 class=\"s-help__title\">Pod\u00edvejte tak\u00e9<\/h2>\n        <div class=\"s-help__content\">\n            <div class=\"s-help__items\">\n                <div class=\"s-help__item\">\n                    <article class=\"a-help\">\n                        <a href=\"https:\/\/www.magna.org\/fr\/cs\/zapojte-se\/firmy-a-nadace\/podporte-konkretni-humanitarni-projekt\/\" target=\"\" class=\"a-help__link\"><\/a>\n                        <div class=\"a-help__content\">\n                            <h3 class=\"a-help__title\">Podpo\u0159te konkr\u00e9tn\u00ed projekt<\/h3>\n                            <div class=\"a-help__cta\">\n                                <a href=\"https:\/\/www.magna.org\/fr\/cs\/zapojte-se\/firmy-a-nadace\/podporte-konkretni-humanitarni-projekt\/\" target=\"\" >Zjistit v\u00edce<\/a>\n                            <\/div>\n                        <\/div>\n                    <\/article>\n                <\/div>\n                <div class=\"s-help__item\">\n                    <article class=\"a-help\">\n                        <a href=\"https:\/\/www.magna.org\/fr\/cs\/zapojte-se\/firmy-a-nadace\/spolecensky-zavazek-s-magna\/\" target=\"\" class=\"a-help__link\"><\/a>\n                        <div class=\"a-help__content\">\n                            <h3 class=\"a-help__title\">Zm\u011b\u0148te sv\u011bt s MAGNA<\/h3>\n                            <div class=\"a-help__cta\">\n                                <a href=\"https:\/\/www.magna.org\/fr\/cs\/zapojte-se\/firmy-a-nadace\/spolecensky-zavazek-s-magna\/\" target=\"\" >Zjistit v\u00edce<\/a>\n                            <\/div>\n                        <\/div>\n                    <\/article>\n                <\/div>\n                <div class=\"s-help__item\">\n                    <article class=\"a-help\">\n                        <a href=\"https:\/\/www.magna.org\/fr\/cs\/zapojte-se\/firmy-a-nadace\/mobilizujte-vase-zamestnance\/\" target=\"\" class=\"a-help__link\"><\/a>\n                        <div class=\"a-help__content\">\n                            <h3 class=\"a-help__title\">Mobilzujte va\u0161e zam\u011bstnance<\/h3>\n                            <div class=\"a-help__cta\">\n                                <a href=\"https:\/\/www.magna.org\/fr\/cs\/zapojte-se\/firmy-a-nadace\/mobilizujte-vase-zamestnance\/\" target=\"\" >Zjistit v\u00edce<\/a>\n                            <\/div>\n                        <\/div>\n                    <\/article>\n                <\/div>\n                <div class=\"s-help__item\">\n                    <article class=\"a-help\">\n                        <a href=\"https:\/\/www.magna.org\/fr\/cs\/zapojte-se\/fond-urgentni-pomoci\/\" target=\"\" class=\"a-help__link\"><\/a>\n                        <div class=\"a-help__content\">\n                            <h3 class=\"a-help__title\">Fond urgentn\u00ed pomoci<\/h3>\n                            <div class=\"a-help__cta\">\n                                <a href=\"https:\/\/www.magna.org\/fr\/cs\/zapojte-se\/fond-urgentni-pomoci\/\" target=\"\" >Zjistit v\u00edce<\/a>\n                            <\/div>\n                        <\/div>\n                    <\/article>\n                <\/div>\n            <\/div>\n        <\/div>\n    <\/div>\n<\/section>\n\n<div class=\"e-content-text\"><div class=\"e-content-text__inner\">\n<h2 class=\"has-text-align-center wp-block-heading\">M\u00e1te dal\u0161\u00ed dotazy nebo se chcete zapojit?<\/h2>\n<\/div><\/div>\n\n<div class=\"e-content-text\"><div class=\"e-content-text__inner\">\n<p class=\"has-text-align-center\">Zavolejte na\u00a0<a href=\"tel:+420736416505\">+420 736 416 505<\/a>\u00a0nebo po\u0161lete e-mail na\u00a0<a href=\"mailto:kancelar@magna.org\">kancelar@magna.org<\/a>\u00a0a my v\u00e1m r\u00e1di pom\u016f\u017eeme.<\/p>\n<\/div><\/div>","protected":false},"excerpt":{"rendered":"<p>Chcete d\u00e1t svoji filantropii do slu\u017eeb humanit\u00e1rn\u00edch akc\u00ed s vysok\u00fdm dosahem? Chcete dos\u00e1hnout sv\u00fdch c\u00edl\u016f spole\u010densk\u00e9 odpov\u011bdnosti? Objevte \u0159e\u0161en\u00ed, kter\u00e1 nab\u00edz\u00ed MAGNA, abyste se zapojili do na\u0161eho boje za p\u0159\u00edstup ke zdravotn\u00ed p\u00e9\u010di pro v\u0161echny doma i ve sv\u011bt\u011b. Pro\u010d mobilizovat va\u0161e z\u00e1kazn\u00edky? Prost\u0159ednictv\u00edm sv\u00e9 marketingov\u00e9 komunikace sd\u00edl\u00edte se sv\u00fdmi z\u00e1kazn\u00edky sv\u016fj z\u00e1vazek spole\u010densk\u00e9 zodpov\u011bdnosti, [&hellip;]<\/p>\n","protected":false},"author":2,"featured_media":0,"parent":10248,"menu_order":1,"comment_status":"closed","ping_status":"closed","template":"page-article.php","meta":{"_acf_changed":false,"inline_featured_image":false,"footnotes":""},"class_list":["post-10252","page","type-page","status-publish","hentry"],"acf":[],"yoast_head":"<!-- This site is optimized with the Yoast SEO plugin v24.3 - https:\/\/yoast.com\/wordpress\/plugins\/seo\/ -->\n<title>Mobilizujte sv\u00e9 z\u00e1kazn\u00edky - Magna<\/title>\n<meta name=\"robots\" content=\"index, follow, max-snippet:-1, max-image-preview:large, max-video-preview:-1\" \/>\n<link rel=\"canonical\" href=\"https:\/\/www.magna.org\/fr\/cs\/zapojte-se\/firmy-a-nadace\/mobilizujte-sve-zakazniky\/\" \/>\n<meta property=\"og:locale\" content=\"en_US\" \/>\n<meta property=\"og:type\" content=\"article\" \/>\n<meta property=\"og:title\" content=\"Mobilizujte sv\u00e9 z\u00e1kazn\u00edky - Magna\" \/>\n<meta property=\"og:description\" content=\"Chcete d\u00e1t svoji filantropii do slu\u017eeb humanit\u00e1rn\u00edch akc\u00ed s vysok\u00fdm dosahem? Chcete dos\u00e1hnout sv\u00fdch c\u00edl\u016f spole\u010densk\u00e9 odpov\u011bdnosti? Objevte \u0159e\u0161en\u00ed, kter\u00e1 nab\u00edz\u00ed MAGNA, abyste se zapojili do na\u0161eho boje za p\u0159\u00edstup ke zdravotn\u00ed p\u00e9\u010di pro v\u0161echny doma i ve sv\u011bt\u011b. Pro\u010d mobilizovat va\u0161e z\u00e1kazn\u00edky? Prost\u0159ednictv\u00edm sv\u00e9 marketingov\u00e9 komunikace sd\u00edl\u00edte se sv\u00fdmi z\u00e1kazn\u00edky sv\u016fj z\u00e1vazek spole\u010densk\u00e9 zodpov\u011bdnosti, [&hellip;]\" \/>\n<meta property=\"og:url\" content=\"https:\/\/www.magna.org\/fr\/cs\/zapojte-se\/firmy-a-nadace\/mobilizujte-sve-zakazniky\/\" \/>\n<meta property=\"og:site_name\" content=\"Magna\" \/>\n<meta property=\"article:modified_time\" content=\"2022-12-13T21:54:08+00:00\" \/>\n<meta name=\"twitter:card\" content=\"summary_large_image\" \/>\n<meta name=\"twitter:label1\" content=\"Est. reading time\" \/>\n\t<meta name=\"twitter:data1\" content=\"2 minutes\" \/>\n<script type=\"application\/ld+json\" class=\"yoast-schema-graph\">{\"@context\":\"https:\/\/schema.org\",\"@graph\":[{\"@type\":\"WebPage\",\"@id\":\"https:\/\/www.magna.org\/fr\/cs\/zapojte-se\/firmy-a-nadace\/mobilizujte-sve-zakazniky\/\",\"url\":\"https:\/\/www.magna.org\/fr\/cs\/zapojte-se\/firmy-a-nadace\/mobilizujte-sve-zakazniky\/\",\"name\":\"Mobilizujte sv\u00e9 z\u00e1kazn\u00edky - Magna\",\"isPartOf\":{\"@id\":\"https:\/\/www.magna.org\/fr\/#website\"},\"datePublished\":\"2022-12-09T16:41:52+00:00\",\"dateModified\":\"2022-12-13T21:54:08+00:00\",\"breadcrumb\":{\"@id\":\"https:\/\/www.magna.org\/fr\/cs\/zapojte-se\/firmy-a-nadace\/mobilizujte-sve-zakazniky\/#breadcrumb\"},\"inLanguage\":\"en-US\",\"potentialAction\":[{\"@type\":\"ReadAction\",\"target\":[\"https:\/\/www.magna.org\/fr\/cs\/zapojte-se\/firmy-a-nadace\/mobilizujte-sve-zakazniky\/\"]}]},{\"@type\":\"BreadcrumbList\",\"@id\":\"https:\/\/www.magna.org\/fr\/cs\/zapojte-se\/firmy-a-nadace\/mobilizujte-sve-zakazniky\/#breadcrumb\",\"itemListElement\":[{\"@type\":\"ListItem\",\"position\":1,\"name\":\"Home\",\"item\":\"https:\/\/www.magna.org\/fr\/sk\/\"},{\"@type\":\"ListItem\",\"position\":2,\"name\":\"Podpo\u0159te n\u00e1s\",\"item\":\"https:\/\/www.magna.org\/fr\/cs\/zapojte-se\/\"},{\"@type\":\"ListItem\",\"position\":3,\"name\":\"Firmy a Nadace\",\"item\":\"https:\/\/www.magna.org\/fr\/cs\/zapojte-se\/firmy-a-nadace\/\"},{\"@type\":\"ListItem\",\"position\":4,\"name\":\"Mobilizujte sv\u00e9 z\u00e1kazn\u00edky\"}]},{\"@type\":\"WebSite\",\"@id\":\"https:\/\/www.magna.org\/fr\/#website\",\"url\":\"https:\/\/www.magna.org\/fr\/\",\"name\":\"Magna\",\"description\":\"Just another WordPress site\",\"potentialAction\":[{\"@type\":\"SearchAction\",\"target\":{\"@type\":\"EntryPoint\",\"urlTemplate\":\"https:\/\/www.magna.org\/fr\/?s={search_term_string}\"},\"query-input\":{\"@type\":\"PropertyValueSpecification\",\"valueRequired\":true,\"valueName\":\"search_term_string\"}}],\"inLanguage\":\"en-US\"}]}<\/script>\n<!-- \/ Yoast SEO plugin. -->","yoast_head_json":{"title":"Mobilizujte sv\u00e9 z\u00e1kazn\u00edky - Magna","robots":{"index":"index","follow":"follow","max-snippet":"max-snippet:-1","max-image-preview":"max-image-preview:large","max-video-preview":"max-video-preview:-1"},"canonical":"https:\/\/www.magna.org\/fr\/cs\/zapojte-se\/firmy-a-nadace\/mobilizujte-sve-zakazniky\/","og_locale":"en_US","og_type":"article","og_title":"Mobilizujte sv\u00e9 z\u00e1kazn\u00edky - Magna","og_description":"Chcete d\u00e1t svoji filantropii do slu\u017eeb humanit\u00e1rn\u00edch akc\u00ed s vysok\u00fdm dosahem? Chcete dos\u00e1hnout sv\u00fdch c\u00edl\u016f spole\u010densk\u00e9 odpov\u011bdnosti? Objevte \u0159e\u0161en\u00ed, kter\u00e1 nab\u00edz\u00ed MAGNA, abyste se zapojili do na\u0161eho boje za p\u0159\u00edstup ke zdravotn\u00ed p\u00e9\u010di pro v\u0161echny doma i ve sv\u011bt\u011b. Pro\u010d mobilizovat va\u0161e z\u00e1kazn\u00edky? Prost\u0159ednictv\u00edm sv\u00e9 marketingov\u00e9 komunikace sd\u00edl\u00edte se sv\u00fdmi z\u00e1kazn\u00edky sv\u016fj z\u00e1vazek spole\u010densk\u00e9 zodpov\u011bdnosti, [&hellip;]","og_url":"https:\/\/www.magna.org\/fr\/cs\/zapojte-se\/firmy-a-nadace\/mobilizujte-sve-zakazniky\/","og_site_name":"Magna","article_modified_time":"2022-12-13T21:54:08+00:00","twitter_card":"summary_large_image","twitter_misc":{"Est. reading time":"2 minutes"},"schema":{"@context":"https:\/\/schema.org","@graph":[{"@type":"WebPage","@id":"https:\/\/www.magna.org\/fr\/cs\/zapojte-se\/firmy-a-nadace\/mobilizujte-sve-zakazniky\/","url":"https:\/\/www.magna.org\/fr\/cs\/zapojte-se\/firmy-a-nadace\/mobilizujte-sve-zakazniky\/","name":"Mobilizujte sv\u00e9 z\u00e1kazn\u00edky - Magna","isPartOf":{"@id":"https:\/\/www.magna.org\/fr\/#website"},"datePublished":"2022-12-09T16:41:52+00:00","dateModified":"2022-12-13T21:54:08+00:00","breadcrumb":{"@id":"https:\/\/www.magna.org\/fr\/cs\/zapojte-se\/firmy-a-nadace\/mobilizujte-sve-zakazniky\/#breadcrumb"},"inLanguage":"en-US","potentialAction":[{"@type":"ReadAction","target":["https:\/\/www.magna.org\/fr\/cs\/zapojte-se\/firmy-a-nadace\/mobilizujte-sve-zakazniky\/"]}]},{"@type":"BreadcrumbList","@id":"https:\/\/www.magna.org\/fr\/cs\/zapojte-se\/firmy-a-nadace\/mobilizujte-sve-zakazniky\/#breadcrumb","itemListElement":[{"@type":"ListItem","position":1,"name":"Home","item":"https:\/\/www.magna.org\/fr\/sk\/"},{"@type":"ListItem","position":2,"name":"Podpo\u0159te n\u00e1s","item":"https:\/\/www.magna.org\/fr\/cs\/zapojte-se\/"},{"@type":"ListItem","position":3,"name":"Firmy a Nadace","item":"https:\/\/www.magna.org\/fr\/cs\/zapojte-se\/firmy-a-nadace\/"},{"@type":"ListItem","position":4,"name":"Mobilizujte sv\u00e9 z\u00e1kazn\u00edky"}]},{"@type":"WebSite","@id":"https:\/\/www.magna.org\/fr\/#website","url":"https:\/\/www.magna.org\/fr\/","name":"Magna","description":"Just another WordPress site","potentialAction":[{"@type":"SearchAction","target":{"@type":"EntryPoint","urlTemplate":"https:\/\/www.magna.org\/fr\/?s={search_term_string}"},"query-input":{"@type":"PropertyValueSpecification","valueRequired":true,"valueName":"search_term_string"}}],"inLanguage":"en-US"}]}},"_links":{"self":[{"href":"https:\/\/www.magna.org\/fr\/wp-json\/wp\/v2\/pages\/10252","targetHints":{"allow":["GET"]}}],"collection":[{"href":"https:\/\/www.magna.org\/fr\/wp-json\/wp\/v2\/pages"}],"about":[{"href":"https:\/\/www.magna.org\/fr\/wp-json\/wp\/v2\/types\/page"}],"author":[{"embeddable":true,"href":"https:\/\/www.magna.org\/fr\/wp-json\/wp\/v2\/users\/2"}],"replies":[{"embeddable":true,"href":"https:\/\/www.magna.org\/fr\/wp-json\/wp\/v2\/comments?post=10252"}],"version-history":[{"count":5,"href":"https:\/\/www.magna.org\/fr\/wp-json\/wp\/v2\/pages\/10252\/revisions"}],"predecessor-version":[{"id":10958,"href":"https:\/\/www.magna.org\/fr\/wp-json\/wp\/v2\/pages\/10252\/revisions\/10958"}],"up":[{"embeddable":true,"href":"https:\/\/www.magna.org\/fr\/wp-json\/wp\/v2\/pages\/10248"}],"wp:attachment":[{"href":"https:\/\/www.magna.org\/fr\/wp-json\/wp\/v2\/media?parent=10252"}],"curies":[{"name":"wp","href":"https:\/\/api.w.org\/{rel}","templated":true}]}}