{"id":10254,"date":"2022-12-09T16:42:52","date_gmt":"2022-12-09T16:42:52","guid":{"rendered":"https:\/\/www.magna.org\/fr\/?page_id=10254"},"modified":"2022-12-13T21:51:01","modified_gmt":"2022-12-13T21:51:01","slug":"mobilizujte-vase-zamestnance","status":"publish","type":"page","link":"https:\/\/www.magna.org\/fr\/cs\/zapojte-se\/firmy-a-nadace\/mobilizujte-vase-zamestnance\/","title":{"rendered":"Mobilizujte va\u0161e zam\u011bstnance"},"content":{"rendered":"<div class=\"e-content-text\"><div class=\"e-content-text__inner\">\n<p class=\"has-text-align-center\">Chcete d\u00e1t svoji filantropii do slu\u017eeb humanit\u00e1rn\u00edch akc\u00ed s vysok\u00fdm dosahem? Chcete dos\u00e1hnout sv\u00fdch c\u00edl\u016f spole\u010densk\u00e9 odpov\u011bdnosti? Objevte \u0159e\u0161en\u00ed, kter\u00e1 nab\u00edz\u00ed MAGNA, abyste se zapojili do na\u0161eho boje za p\u0159\u00edstup ke zdravotn\u00ed p\u00e9\u010di pro v\u0161echny doma i ve sv\u011bt\u011b.<\/p>\n<\/div><\/div>\n\n<section class=\"s-home-hero s-home-hero--dark hc-section-space--normal\">\n    <div class=\"s-home-hero__inner\">\n        <div class=\"s-home-hero__media\">\n            <img loading=\"lazy\" decoding=\"async\" width=\"698\" height=\"524\" src=\"https:\/\/www.magna.org\/fr\/wp-content\/uploads\/2022\/12\/homepage-firmy-a-nadacie-mb202010g00393-698x524.jpg\" class=\"attachment-magna-hero size-magna-hero\" alt=\"\" srcset=\"https:\/\/www.magna.org\/fr\/wp-content\/uploads\/2022\/12\/homepage-firmy-a-nadacie-mb202010g00393-698x524.jpg 698w, https:\/\/www.magna.org\/fr\/wp-content\/uploads\/2022\/12\/homepage-firmy-a-nadacie-mb202010g00393-1396x1048.jpg 1396w\" sizes=\"auto, (max-width: 698px) 100vw, 698px\" \/>\n        <\/div>\n        <div class=\"s-home-hero__content\">\n            <h2 class=\"s-home-hero__title\">Pro\u010d MAGNA?<\/h2>\n            <div class=\"s-home-hero__text\">\n                <p>Spolu s n\u00e1mi zapoj\u00edte svoji spole\u010dnost do zlep\u0161en\u00ed p\u0159\u00edstupu ke zdravotn\u00ed p\u00e9\u010di na cel\u00e9m sv\u011bt\u011b. Vybudov\u00e1n\u00edm partnerstv\u00ed s MAGNA zalo\u017een\u00e9ho na d\u016fv\u011b\u0159e, efektivnosti a transparentnosti zv\u00fd\u0161\u00edte vliv sv\u00e9ho podnik\u00e1n\u00ed.<\/p>\n            <\/div>\n        <\/div>\n    <\/div>\n<\/section>\n\n<div class=\"e-content-text\"><div class=\"e-content-text__inner\">\n<h2 class=\"wp-block-heading\">Pro\u010d mobilizovat va\u0161e zam\u011bstnance?<\/h2>\n<\/div><\/div>\n\n<div class=\"e-content-text\"><div class=\"e-content-text__inner\">\n<p>Bez ohledu na v\u00e1\u0161 partnersk\u00fd projekt s MAGNA umo\u017en\u00edte sv\u00fdm zam\u011bstnanc\u016fm nab\u00eddnout pomoc k lep\u0161\u00edmu p\u0159\u00edstupu ke zdravotn\u00ed p\u00e9\u010di pro ty nejzraniteln\u011bj\u0161\u00ed.<\/p>\n<\/div><\/div>\n\n<div class=\"e-content-text\"><div class=\"e-content-text__inner\">\n<p>Sjednocen\u00edm sv\u00fdch zam\u011bstnanc\u016f povzbud\u00edte t\u00fdmov\u00e9ho ducha. Poskytnete jim p\u0159\u00edle\u017eitost \u00fa\u010dastnit se spole\u010dn\u011b konkr\u00e9tn\u00edch, vysoce efektivn\u00edch a \u017eivot zachran\u0148uj\u00edc\u00edch humanit\u00e1rn\u00edch operac\u00edch.<\/p>\n<\/div><\/div>\n\n<div class=\"e-content-text\"><div class=\"e-content-text__inner\">\n<p>\u00da\u010dast\u00ed na spole\u010dn\u00e9m projektu ud\u011bl\u00e1te sv\u00e9 zam\u011bstnance hrd\u00e9 na to, \u017ee pat\u0159\u00ed k zodpov\u011bdn\u00e9 a anga\u017eovan\u00e9 firm\u011b. Budou v\u011bd\u011bt p\u0159esn\u011b komu, kde a jak pom\u00e1haj\u00ed.<\/p>\n<\/div><\/div>\n\n<div class=\"e-content-media e-content-media--md\">\n            <img loading=\"lazy\" decoding=\"async\" width=\"1058\" height=\"1058\" src=\"https:\/\/www.magna.org\/fr\/wp-content\/uploads\/2022\/12\/homepage-najdite-si-poziciu-mb.nic-.12m-189-1058x1058.jpg\" class=\"attachment-magna-md size-magna-md\" alt=\"\" srcset=\"https:\/\/www.magna.org\/fr\/wp-content\/uploads\/2022\/12\/homepage-najdite-si-poziciu-mb.nic-.12m-189-1058x1058.jpg 1058w, https:\/\/www.magna.org\/fr\/wp-content\/uploads\/2022\/12\/homepage-najdite-si-poziciu-mb.nic-.12m-189-300x300.jpg 300w, https:\/\/www.magna.org\/fr\/wp-content\/uploads\/2022\/12\/homepage-najdite-si-poziciu-mb.nic-.12m-189-1024x1024.jpg 1024w, https:\/\/www.magna.org\/fr\/wp-content\/uploads\/2022\/12\/homepage-najdite-si-poziciu-mb.nic-.12m-189-150x150.jpg 150w, https:\/\/www.magna.org\/fr\/wp-content\/uploads\/2022\/12\/homepage-najdite-si-poziciu-mb.nic-.12m-189-768x768.jpg 768w, https:\/\/www.magna.org\/fr\/wp-content\/uploads\/2022\/12\/homepage-najdite-si-poziciu-mb.nic-.12m-189-552x552.jpg 552w, https:\/\/www.magna.org\/fr\/wp-content\/uploads\/2022\/12\/homepage-najdite-si-poziciu-mb.nic-.12m-189-384x384.jpg 384w, https:\/\/www.magna.org\/fr\/wp-content\/uploads\/2022\/12\/homepage-najdite-si-poziciu-mb.nic-.12m-189-676x676.jpg 676w, https:\/\/www.magna.org\/fr\/wp-content\/uploads\/2022\/12\/homepage-najdite-si-poziciu-mb.nic-.12m-189-468x468.jpg 468w, https:\/\/www.magna.org\/fr\/wp-content\/uploads\/2022\/12\/homepage-najdite-si-poziciu-mb.nic-.12m-189.jpg 1200w\" sizes=\"auto, (max-width: 1058px) 100vw, 1058px\" \/>\n    <div class=\"e-content-media__caption\">NIKARAGUA. Mobiln\u00ed klinika. Copyright Martin Band\u017e\u00e1k\/MAGNA<\/div>\n<\/div>\n\n<div class=\"e-content-text\"><div class=\"e-content-text__inner\">\n<h2 class=\"wp-block-heading\">Spousta p\u0159\u00edle\u017eitost\u00ed jak se anga\u017eovat<\/h2>\n<\/div><\/div>\n\n<div class=\"e-content-text\"><div class=\"e-content-text__inner\">\n<p class=\"has-vivid-red-color has-text-color has-medium-font-size\">Zorganizujte solid\u00e1rn\u00ed v\u00fdzvu<\/p>\n<\/div><\/div>\n\n<div class=\"e-content-text\"><div class=\"e-content-text__inner\">\n<p>P\u0159i p\u0159\u00edle\u017eitosti z\u00e1vodu p\u0159isp\u011bjte MAGNA za ka\u017ed\u00fd ujet\u00fd krok nebo km. Fyzickou aktivitu sv\u00fdch zam\u011bstnanc\u016f m\u016f\u017eete podpo\u0159it i odm\u011bnou za jejich po\u010det ujet\u00fdch krok\u016f ka\u017ed\u00fd den.<\/p>\n<\/div><\/div>\n\n<div class=\"e-content-text\"><div class=\"e-content-text__inner\">\n<p class=\"has-vivid-red-color has-text-color has-medium-font-size\">Navrhn\u011bte dar ve form\u011b mzdy nebo bonusu<\/p>\n<\/div><\/div>\n\n<div class=\"e-content-text\"><div class=\"e-content-text__inner\">\n<p>Va\u0161i zam\u011bstnanci se mohou rozhodnout, \u017ee ka\u017ed\u00fd m\u011bs\u00edc daruj\u00ed n\u011bkolik eur nebo cent\u016f t\u00fdm\u016fm MAGNA, kter\u00e9 se ode\u010d\u00edtaj\u00ed p\u0159\u00edmo z jejich platu. Bezbolestn\u00e9 gesto, kter\u00e9 umo\u017e\u0148uje t\u00fdm\u016fm MAGNA l\u00e9\u010dit ty nejzraniteln\u011bj\u0161\u00ed.<\/p>\n<\/div><\/div>\n\n<div class=\"e-content-text\"><div class=\"e-content-text__inner\">\n<p class=\"has-vivid-red-color has-text-color has-medium-font-size\">Rozhodn\u011bte se pro zaokrouhlov\u00e1n\u00ed v kav\u00e1rn\u011b<\/p>\n<\/div><\/div>\n\n<div class=\"e-content-text\"><div class=\"e-content-text__inner\">\n<p>M\u00e1 va\u0161e firma j\u00eddelnu, bufet nebo kav\u00e1rnu a denn\u011b se tam rozd\u00e1vaj\u00ed stovky j\u00eddel? Navrhn\u011bte sv\u00fdm zam\u011bstnanc\u016fm, aby zaokrouhlili cenu j\u00eddla vzh\u016fru. Mal\u00fd dar, kter\u00fd k ostatn\u00edm p\u0159isp\u011bje k z\u00e1chran\u011b dal\u0161\u00edch \u017eivot\u016f.<\/p>\n<\/div><\/div>\n\n<section class=\"s-articles s-articles--2 s-articles--container\">\n    <div class=\"s-articles__inner\">\n        <h2 class=\"s-articles__title\">Na\u0161e oblasti p\u016fsoben\u00ed<\/h2>\n        <div class=\"s-articles__content\">\n            <div class=\"s-articles__items\">\n                <div class=\"s-articles__item\">\n                    <article class=\"a-job\">\n    <div class=\"a-job__image\">\n        <div class=\"a-job__img\" style=\"background-image:url('https:\/\/www.magna.org\/fr\/wp-content\/uploads\/2022\/11\/homepage-zdravie-dietata-mb200806g0263.jpg');\"><\/div>\n    <\/div>\n    <div class=\"a-job__content\">\n        <h3 class=\"a-job__title\">Zdrav\u00ed d\u011bt\u00ed<\/h3>\n    <\/div>\n<\/article>\n                <\/div>\n                <div class=\"s-articles__item\">\n                    <article class=\"a-job\">\n    <div class=\"a-job__image\">\n        <div class=\"a-job__img\" style=\"background-image:url('https:\/\/www.magna.org\/fr\/wp-content\/uploads\/2022\/11\/homepage-sexualne-nasilie-mb2015008g0659-1.jpg');\"><\/div>\n    <\/div>\n    <div class=\"a-job__content\">\n        <h3 class=\"a-job__title\">N\u00e1sil\u00ed na \u017een\u00e1ch<\/h3>\n    <\/div>\n<\/article>\n                <\/div>\n                <div class=\"s-articles__item\">\n                    <article class=\"a-job\">\n    <div class=\"a-job__image\">\n        <div class=\"a-job__img\" style=\"background-image:url('https:\/\/www.magna.org\/fr\/wp-content\/uploads\/2022\/11\/homepage-podvyziva-mb201911g5555.jpg');\"><\/div>\n    <\/div>\n    <div class=\"a-job__content\">\n        <h3 class=\"a-job__title\">Hlad a podv\u00fd\u017eiva<\/h3>\n    <\/div>\n<\/article>\n                <\/div>\n                <div class=\"s-articles__item\">\n                    <article class=\"a-job\">\n    <div class=\"a-job__image\">\n        <div class=\"a-job__img\" style=\"background-image:url('https:\/\/www.magna.org\/fr\/wp-content\/uploads\/2006\/01\/homepage-kambodza-pediatricka-starostlivost-v-takhmau-mb200708g0088.jpg');\"><\/div>\n    <\/div>\n    <div class=\"a-job__content\">\n        <h3 class=\"a-job__title\">Inovace ve zdravotnictv\u00ed<\/h3>\n    <\/div>\n<\/article>\n                <\/div>\n            <\/div>\n        <\/div>\n    <\/div>\n<\/section>\n\n<section class=\"s-help hc-section-space--normal\">\n    <div class=\"s-help__inner\">\n        <h2 class=\"s-help__title\">Pod\u00edvejte tak\u00e9<\/h2>\n        <div class=\"s-help__content\">\n            <div class=\"s-help__items\">\n                <div class=\"s-help__item\">\n                    <article class=\"a-help\">\n                        <a href=\"https:\/\/www.magna.org\/fr\/cs\/zapojte-se\/firmy-a-nadace\/podporte-konkretni-humanitarni-projekt\/\" target=\"\" class=\"a-help__link\"><\/a>\n                        <div class=\"a-help__content\">\n                            <h3 class=\"a-help__title\">Podpo\u0159te konkr\u00e9tn\u00ed projekt<\/h3>\n                            <div class=\"a-help__cta\">\n                                <a href=\"https:\/\/www.magna.org\/fr\/cs\/zapojte-se\/firmy-a-nadace\/podporte-konkretni-humanitarni-projekt\/\" target=\"\" >Zjistit v\u00edce<\/a>\n                            <\/div>\n                        <\/div>\n                    <\/article>\n                <\/div>\n                <div class=\"s-help__item\">\n                    <article class=\"a-help\">\n                        <a href=\"https:\/\/www.magna.org\/fr\/cs\/zapojte-se\/firmy-a-nadace\/mobilizujte-sve-zakazniky\/\" target=\"\" class=\"a-help__link\"><\/a>\n                        <div class=\"a-help__content\">\n                            <h3 class=\"a-help__title\">Mobilzujte va\u0161e z\u00e1kazn\u00edky<\/h3>\n                            <div class=\"a-help__cta\">\n                                <a href=\"https:\/\/www.magna.org\/fr\/cs\/zapojte-se\/firmy-a-nadace\/mobilizujte-sve-zakazniky\/\" target=\"\" >Zjistit v\u00edce<\/a>\n                            <\/div>\n                        <\/div>\n                    <\/article>\n                <\/div>\n                <div class=\"s-help__item\">\n                    <article class=\"a-help\">\n                        <a href=\"https:\/\/www.magna.org\/fr\/cs\/zapojte-se\/firmy-a-nadace\/spolecensky-zavazek-s-magna\/\" target=\"\" class=\"a-help__link\"><\/a>\n                        <div class=\"a-help__content\">\n                            <h3 class=\"a-help__title\">Zm\u011b\u0148te sv\u011bt s MAGNA<\/h3>\n                            <div class=\"a-help__cta\">\n                                <a href=\"https:\/\/www.magna.org\/fr\/cs\/zapojte-se\/firmy-a-nadace\/spolecensky-zavazek-s-magna\/\" target=\"\" >Zjistit v\u00edce<\/a>\n                            <\/div>\n                        <\/div>\n                    <\/article>\n                <\/div>\n                <div class=\"s-help__item\">\n                    <article class=\"a-help\">\n                        <a href=\"https:\/\/www.magna.org\/fr\/cs\/zapojte-se\/fond-urgentni-pomoci\/\" target=\"\" class=\"a-help__link\"><\/a>\n                        <div class=\"a-help__content\">\n                            <h3 class=\"a-help__title\">Fond urgentn\u00ed pomoci<\/h3>\n                            <div class=\"a-help__cta\">\n                                <a href=\"https:\/\/www.magna.org\/fr\/cs\/zapojte-se\/fond-urgentni-pomoci\/\" target=\"\" >Zjistit v\u00edce<\/a>\n                            <\/div>\n                        <\/div>\n                    <\/article>\n                <\/div>\n            <\/div>\n        <\/div>\n    <\/div>\n<\/section>\n\n<div class=\"e-content-text\"><div class=\"e-content-text__inner\">\n<h2 class=\"has-text-align-center wp-block-heading\">M\u00e1te dal\u0161\u00ed dotazy?<\/h2>\n<\/div><\/div>\n\n<div class=\"e-content-text\"><div class=\"e-content-text__inner\">\n<p class=\"has-text-align-center\">Zavolejte na\u00a0<a href=\"tel:+420736416505\">+420 736 416 505<\/a>\u00a0nebo po\u0161lete e-mail na\u00a0<a href=\"mailto:kancelar@magna.org\">kancelar@magna.org<\/a>\u00a0a my v\u00e1m r\u00e1di pom\u016f\u017eeme.<\/p>\n<\/div><\/div>","protected":false},"excerpt":{"rendered":"<p>Chcete d\u00e1t svoji filantropii do slu\u017eeb humanit\u00e1rn\u00edch akc\u00ed s vysok\u00fdm dosahem? Chcete dos\u00e1hnout sv\u00fdch c\u00edl\u016f spole\u010densk\u00e9 odpov\u011bdnosti? Objevte \u0159e\u0161en\u00ed, kter\u00e1 nab\u00edz\u00ed MAGNA, abyste se zapojili do na\u0161eho boje za p\u0159\u00edstup ke zdravotn\u00ed p\u00e9\u010di pro v\u0161echny doma i ve sv\u011bt\u011b. Pro\u010d mobilizovat va\u0161e zam\u011bstnance? Bez ohledu na v\u00e1\u0161 partnersk\u00fd projekt s MAGNA umo\u017en\u00edte sv\u00fdm zam\u011bstnanc\u016fm nab\u00eddnout [&hellip;]<\/p>\n","protected":false},"author":2,"featured_media":0,"parent":10248,"menu_order":1,"comment_status":"closed","ping_status":"closed","template":"page-article.php","meta":{"_acf_changed":false,"inline_featured_image":false,"footnotes":""},"class_list":["post-10254","page","type-page","status-publish","hentry"],"acf":[],"yoast_head":"<!-- This site is optimized with the Yoast SEO plugin v24.3 - https:\/\/yoast.com\/wordpress\/plugins\/seo\/ -->\n<title>Mobilizujte va\u0161e zam\u011bstnance - Magna<\/title>\n<meta name=\"robots\" content=\"index, follow, max-snippet:-1, max-image-preview:large, max-video-preview:-1\" \/>\n<link rel=\"canonical\" href=\"https:\/\/www.magna.org\/fr\/cs\/zapojte-se\/firmy-a-nadace\/mobilizujte-vase-zamestnance\/\" \/>\n<meta property=\"og:locale\" content=\"en_US\" \/>\n<meta property=\"og:type\" content=\"article\" \/>\n<meta property=\"og:title\" content=\"Mobilizujte va\u0161e zam\u011bstnance - Magna\" \/>\n<meta property=\"og:description\" content=\"Chcete d\u00e1t svoji filantropii do slu\u017eeb humanit\u00e1rn\u00edch akc\u00ed s vysok\u00fdm dosahem? Chcete dos\u00e1hnout sv\u00fdch c\u00edl\u016f spole\u010densk\u00e9 odpov\u011bdnosti? Objevte \u0159e\u0161en\u00ed, kter\u00e1 nab\u00edz\u00ed MAGNA, abyste se zapojili do na\u0161eho boje za p\u0159\u00edstup ke zdravotn\u00ed p\u00e9\u010di pro v\u0161echny doma i ve sv\u011bt\u011b. Pro\u010d mobilizovat va\u0161e zam\u011bstnance? Bez ohledu na v\u00e1\u0161 partnersk\u00fd projekt s MAGNA umo\u017en\u00edte sv\u00fdm zam\u011bstnanc\u016fm nab\u00eddnout [&hellip;]\" \/>\n<meta property=\"og:url\" content=\"https:\/\/www.magna.org\/fr\/cs\/zapojte-se\/firmy-a-nadace\/mobilizujte-vase-zamestnance\/\" \/>\n<meta property=\"og:site_name\" content=\"Magna\" \/>\n<meta property=\"article:modified_time\" content=\"2022-12-13T21:51:01+00:00\" \/>\n<meta name=\"twitter:card\" content=\"summary_large_image\" \/>\n<meta name=\"twitter:label1\" content=\"Est. reading time\" \/>\n\t<meta name=\"twitter:data1\" content=\"2 minutes\" \/>\n<script type=\"application\/ld+json\" class=\"yoast-schema-graph\">{\"@context\":\"https:\/\/schema.org\",\"@graph\":[{\"@type\":\"WebPage\",\"@id\":\"https:\/\/www.magna.org\/fr\/cs\/zapojte-se\/firmy-a-nadace\/mobilizujte-vase-zamestnance\/\",\"url\":\"https:\/\/www.magna.org\/fr\/cs\/zapojte-se\/firmy-a-nadace\/mobilizujte-vase-zamestnance\/\",\"name\":\"Mobilizujte va\u0161e zam\u011bstnance - Magna\",\"isPartOf\":{\"@id\":\"https:\/\/www.magna.org\/fr\/#website\"},\"datePublished\":\"2022-12-09T16:42:52+00:00\",\"dateModified\":\"2022-12-13T21:51:01+00:00\",\"breadcrumb\":{\"@id\":\"https:\/\/www.magna.org\/fr\/cs\/zapojte-se\/firmy-a-nadace\/mobilizujte-vase-zamestnance\/#breadcrumb\"},\"inLanguage\":\"en-US\",\"potentialAction\":[{\"@type\":\"ReadAction\",\"target\":[\"https:\/\/www.magna.org\/fr\/cs\/zapojte-se\/firmy-a-nadace\/mobilizujte-vase-zamestnance\/\"]}]},{\"@type\":\"BreadcrumbList\",\"@id\":\"https:\/\/www.magna.org\/fr\/cs\/zapojte-se\/firmy-a-nadace\/mobilizujte-vase-zamestnance\/#breadcrumb\",\"itemListElement\":[{\"@type\":\"ListItem\",\"position\":1,\"name\":\"Home\",\"item\":\"https:\/\/www.magna.org\/fr\/sk\/\"},{\"@type\":\"ListItem\",\"position\":2,\"name\":\"Podpo\u0159te n\u00e1s\",\"item\":\"https:\/\/www.magna.org\/fr\/cs\/zapojte-se\/\"},{\"@type\":\"ListItem\",\"position\":3,\"name\":\"Firmy a Nadace\",\"item\":\"https:\/\/www.magna.org\/fr\/cs\/zapojte-se\/firmy-a-nadace\/\"},{\"@type\":\"ListItem\",\"position\":4,\"name\":\"Mobilizujte va\u0161e zam\u011bstnance\"}]},{\"@type\":\"WebSite\",\"@id\":\"https:\/\/www.magna.org\/fr\/#website\",\"url\":\"https:\/\/www.magna.org\/fr\/\",\"name\":\"Magna\",\"description\":\"Just another WordPress site\",\"potentialAction\":[{\"@type\":\"SearchAction\",\"target\":{\"@type\":\"EntryPoint\",\"urlTemplate\":\"https:\/\/www.magna.org\/fr\/?s={search_term_string}\"},\"query-input\":{\"@type\":\"PropertyValueSpecification\",\"valueRequired\":true,\"valueName\":\"search_term_string\"}}],\"inLanguage\":\"en-US\"}]}<\/script>\n<!-- \/ Yoast SEO plugin. -->","yoast_head_json":{"title":"Mobilizujte va\u0161e zam\u011bstnance - Magna","robots":{"index":"index","follow":"follow","max-snippet":"max-snippet:-1","max-image-preview":"max-image-preview:large","max-video-preview":"max-video-preview:-1"},"canonical":"https:\/\/www.magna.org\/fr\/cs\/zapojte-se\/firmy-a-nadace\/mobilizujte-vase-zamestnance\/","og_locale":"en_US","og_type":"article","og_title":"Mobilizujte va\u0161e zam\u011bstnance - Magna","og_description":"Chcete d\u00e1t svoji filantropii do slu\u017eeb humanit\u00e1rn\u00edch akc\u00ed s vysok\u00fdm dosahem? Chcete dos\u00e1hnout sv\u00fdch c\u00edl\u016f spole\u010densk\u00e9 odpov\u011bdnosti? Objevte \u0159e\u0161en\u00ed, kter\u00e1 nab\u00edz\u00ed MAGNA, abyste se zapojili do na\u0161eho boje za p\u0159\u00edstup ke zdravotn\u00ed p\u00e9\u010di pro v\u0161echny doma i ve sv\u011bt\u011b. Pro\u010d mobilizovat va\u0161e zam\u011bstnance? Bez ohledu na v\u00e1\u0161 partnersk\u00fd projekt s MAGNA umo\u017en\u00edte sv\u00fdm zam\u011bstnanc\u016fm nab\u00eddnout [&hellip;]","og_url":"https:\/\/www.magna.org\/fr\/cs\/zapojte-se\/firmy-a-nadace\/mobilizujte-vase-zamestnance\/","og_site_name":"Magna","article_modified_time":"2022-12-13T21:51:01+00:00","twitter_card":"summary_large_image","twitter_misc":{"Est. reading time":"2 minutes"},"schema":{"@context":"https:\/\/schema.org","@graph":[{"@type":"WebPage","@id":"https:\/\/www.magna.org\/fr\/cs\/zapojte-se\/firmy-a-nadace\/mobilizujte-vase-zamestnance\/","url":"https:\/\/www.magna.org\/fr\/cs\/zapojte-se\/firmy-a-nadace\/mobilizujte-vase-zamestnance\/","name":"Mobilizujte va\u0161e zam\u011bstnance - Magna","isPartOf":{"@id":"https:\/\/www.magna.org\/fr\/#website"},"datePublished":"2022-12-09T16:42:52+00:00","dateModified":"2022-12-13T21:51:01+00:00","breadcrumb":{"@id":"https:\/\/www.magna.org\/fr\/cs\/zapojte-se\/firmy-a-nadace\/mobilizujte-vase-zamestnance\/#breadcrumb"},"inLanguage":"en-US","potentialAction":[{"@type":"ReadAction","target":["https:\/\/www.magna.org\/fr\/cs\/zapojte-se\/firmy-a-nadace\/mobilizujte-vase-zamestnance\/"]}]},{"@type":"BreadcrumbList","@id":"https:\/\/www.magna.org\/fr\/cs\/zapojte-se\/firmy-a-nadace\/mobilizujte-vase-zamestnance\/#breadcrumb","itemListElement":[{"@type":"ListItem","position":1,"name":"Home","item":"https:\/\/www.magna.org\/fr\/sk\/"},{"@type":"ListItem","position":2,"name":"Podpo\u0159te n\u00e1s","item":"https:\/\/www.magna.org\/fr\/cs\/zapojte-se\/"},{"@type":"ListItem","position":3,"name":"Firmy a Nadace","item":"https:\/\/www.magna.org\/fr\/cs\/zapojte-se\/firmy-a-nadace\/"},{"@type":"ListItem","position":4,"name":"Mobilizujte va\u0161e zam\u011bstnance"}]},{"@type":"WebSite","@id":"https:\/\/www.magna.org\/fr\/#website","url":"https:\/\/www.magna.org\/fr\/","name":"Magna","description":"Just another WordPress site","potentialAction":[{"@type":"SearchAction","target":{"@type":"EntryPoint","urlTemplate":"https:\/\/www.magna.org\/fr\/?s={search_term_string}"},"query-input":{"@type":"PropertyValueSpecification","valueRequired":true,"valueName":"search_term_string"}}],"inLanguage":"en-US"}]}},"_links":{"self":[{"href":"https:\/\/www.magna.org\/fr\/wp-json\/wp\/v2\/pages\/10254","targetHints":{"allow":["GET"]}}],"collection":[{"href":"https:\/\/www.magna.org\/fr\/wp-json\/wp\/v2\/pages"}],"about":[{"href":"https:\/\/www.magna.org\/fr\/wp-json\/wp\/v2\/types\/page"}],"author":[{"embeddable":true,"href":"https:\/\/www.magna.org\/fr\/wp-json\/wp\/v2\/users\/2"}],"replies":[{"embeddable":true,"href":"https:\/\/www.magna.org\/fr\/wp-json\/wp\/v2\/comments?post=10254"}],"version-history":[{"count":5,"href":"https:\/\/www.magna.org\/fr\/wp-json\/wp\/v2\/pages\/10254\/revisions"}],"predecessor-version":[{"id":10955,"href":"https:\/\/www.magna.org\/fr\/wp-json\/wp\/v2\/pages\/10254\/revisions\/10955"}],"up":[{"embeddable":true,"href":"https:\/\/www.magna.org\/fr\/wp-json\/wp\/v2\/pages\/10248"}],"wp:attachment":[{"href":"https:\/\/www.magna.org\/fr\/wp-json\/wp\/v2\/media?parent=10254"}],"curies":[{"name":"wp","href":"https:\/\/api.w.org\/{rel}","templated":true}]}}