{"id":10256,"date":"2022-12-09T16:44:35","date_gmt":"2022-12-09T16:44:35","guid":{"rendered":"https:\/\/www.magna.org\/fr\/?page_id=10256"},"modified":"2023-03-20T09:11:53","modified_gmt":"2023-03-20T09:11:53","slug":"podporte-konkretni-humanitarni-projekt","status":"publish","type":"page","link":"https:\/\/www.magna.org\/fr\/cs\/zapojte-se\/firmy-a-nadace\/podporte-konkretni-humanitarni-projekt\/","title":{"rendered":"Podpo\u0159te konkr\u00e9tn\u00ed humanit\u00e1rn\u00ed projekt"},"content":{"rendered":"<div class=\"e-content-text\"><div class=\"e-content-text__inner\">\n<p class=\"has-text-align-center\">Chcete d\u00e1t svoji filantropii do slu\u017eeb humanit\u00e1rn\u00edch akc\u00ed s vysok\u00fdm dosahem? Chcete dos\u00e1hnout sv\u00fdch c\u00edl\u016f spole\u010densk\u00e9 odpov\u011bdnosti? Objevte \u0159e\u0161en\u00ed, kter\u00e1 nab\u00edz\u00ed MAGNA, abyste se zapojili do na\u0161eho boje za p\u0159\u00edstup ke zdravotn\u00ed p\u00e9\u010di pro v\u0161echny doma i ve sv\u011bt\u011b.<\/p>\n<\/div><\/div>\n\n<section class=\"s-home-hero s-home-hero--dark hc-section-space--normal\">\n    <div class=\"s-home-hero__inner\">\n        <div class=\"s-home-hero__media\">\n            <img loading=\"lazy\" decoding=\"async\" width=\"698\" height=\"524\" src=\"https:\/\/www.magna.org\/fr\/wp-content\/uploads\/2022\/11\/homepage-kena-starostlivost-o-ludi-postihnutych-hivaids-v-msambweni-mb2011030m0001-698x524.jpg\" class=\"attachment-magna-hero size-magna-hero\" alt=\"\" srcset=\"https:\/\/www.magna.org\/fr\/wp-content\/uploads\/2022\/11\/homepage-kena-starostlivost-o-ludi-postihnutych-hivaids-v-msambweni-mb2011030m0001-698x524.jpg 698w, https:\/\/www.magna.org\/fr\/wp-content\/uploads\/2022\/11\/homepage-kena-starostlivost-o-ludi-postihnutych-hivaids-v-msambweni-mb2011030m0001-1396x1048.jpg 1396w\" sizes=\"auto, (max-width: 698px) 100vw, 698px\" \/>\n        <\/div>\n        <div class=\"s-home-hero__content\">\n            <h2 class=\"s-home-hero__title\">Pro\u010d MAGNA?<\/h2>\n            <div class=\"s-home-hero__text\">\n                <p>Spolu s n\u00e1mi zapoj\u00edte svoji spole\u010dnost do zlep\u0161en\u00ed p\u0159\u00edstupu ke zdravotn\u00ed p\u00e9\u010di na cel\u00e9m sv\u011bt\u011b. Vybudov\u00e1n\u00edm partnerstv\u00ed s MAGNA zalo\u017een\u00e9ho na d\u016fv\u011b\u0159e, efektivnosti a transparentnosti zv\u00fd\u0161\u00edte vliv sv\u00e9ho podnik\u00e1n\u00ed.<\/p>\n            <\/div>\n        <\/div>\n    <\/div>\n<\/section>\n\n<section class=\"s-support hc-section-space--normal\">\n    <div class=\"s-support__header\">\n        <h1 class=\"s-support__title\">Sta\u0148te se sponzorem projektu<\/h1>\n        <div class=\"s-support__intro\">\n            <p>Spole\u010dn\u011b definujme partnersk\u00fd projekt, kter\u00fd odpov\u00edd\u00e1 va\u0161im p\u0159\u00e1n\u00edm o z\u00e1vazku: podporovan\u00fd program MAGNA, form\u00e1t z\u00e1vazku va\u0161\u00ed spole\u010dnosti a souvisej\u00edc\u00ed odm\u011bny. MAGNA v\u00e1s informuj\u00ed a pod\u00e1vaj\u00ed v\u00e1m zpr\u00e1vy o vlivu va\u0161\u00ed podpory.<\/p>\n<p><strong>Zde jsou n\u011bkter\u00e9 z na\u0161ich sou\u010dasn\u00fdch priorit.<\/strong><\/p>\n\n        <\/div>\n    <\/div>\n    <div class=\"s-support__content\">\n        <div class=\"s-support__items\">\n            <div class=\"s-support__item \">\n                <article class=\"a-support\">\n    <a href=\"mailto:kancelar@magna.org\" target=\"\" class=\"a-support__link\"><\/a>\n        <div class=\"a-support__image\">\n            <div class=\"a-support__img\" style=\"background-image:url('https:\/\/www.magna.org\/fr\/wp-content\/uploads\/2023\/02\/www.magna.org-syriaturecko-20-ton-humanitarnej-pomoci-liekov-a-jedla-smeruje-na-miesta-katastrofy-dscf0891-850x478.jpg');\"><\/div>\n        <\/div>\n    <div class=\"a-support__content\">\n        <h3 class=\"a-support__title\">Zem\u011bt\u0159esen\u00ed v S\u00fdrii<\/h3>\n        <div class=\"a-support__text\"><p>B\u011bhem jedin\u00e9ho dne se tis\u00edce Sy\u0159an\u016f op\u011bt ocitly bez domova. Zem\u011bt\u0159esen\u00ed v severn\u00edch provinci\u00edch Idlib a Aleppo vyhnali z domov\u016f 250 000 lid\u00ed.<\/p>\n<\/div>\n    <\/div>\n    <div class=\"a-support__footer\">\n        <div class=\"a-support__cta\">\n            <a href=\"mailto:kancelar@magna.org\" target=\"\" class=\"e-btn e-btn--primary\"><span>Zjistit v\u00edce<\/span><i class=\"icon-heart\"><\/i><\/a>\n        <\/div>\n    <\/div>\n<\/article>\n            <\/div>\n            <div class=\"s-support__item \">\n                <article class=\"a-support\">\n    <a href=\"mailto:kancelar@magna.org\" target=\"\" class=\"a-support__link\"><\/a>\n        <div class=\"a-support__image\">\n            <div class=\"a-support__img\" style=\"background-image:url('https:\/\/www.magna.org\/fr\/wp-content\/uploads\/2022\/11\/homepage-kambodza-nutricna-podpora-deti-a-zien-mb2016005g0140-850x478.jpg');\"><\/div>\n        <\/div>\n    <div class=\"a-support__content\">\n        <h3 class=\"a-support__title\">Boj s HIV\/AIDS v Kambod\u017ei<\/h3>\n        <div class=\"a-support__text\"><p>N\u00e1vrat infekc\u00ed m\u016f\u017ee b\u00fdt v\u00fdsledkem nev\u00fdrazn\u00e9ho postoje, proto\u017ee preventivn\u00ed opat\u0159en\u00ed proti \u0161\u00ed\u0159en\u00ed HIV\/AIDS v komunit\u011b do zna\u010dn\u00e9 m\u00edry zmizela z pov\u011bdom\u00ed ve\u0159ejnosti.<\/p>\n<\/div>\n    <\/div>\n    <div class=\"a-support__footer\">\n        <div class=\"a-support__cta\">\n            <a href=\"mailto:kancelar@magna.org\" target=\"\" class=\"e-btn e-btn--primary\"><span>Zjistit v\u00edce<\/span><i class=\"icon-heart\"><\/i><\/a>\n        <\/div>\n    <\/div>\n<\/article>\n            <\/div>\n            <div class=\"s-support__item \">\n                <article class=\"a-support\">\n    <a href=\"mailto:kancelar@magna.org\" target=\"\" class=\"a-support__link\"><\/a>\n        <div class=\"a-support__image\">\n            <div class=\"a-support__img\" style=\"background-image:url('https:\/\/www.magna.org\/fr\/wp-content\/uploads\/2022\/11\/homepage-libanon-primarna-starostlivost-pre-utecencov-v-taboroch-na-severe-krajiny-mb201814g0187-850x478.jpg');\"><\/div>\n        <\/div>\n    <div class=\"a-support__content\">\n        <h3 class=\"a-support__title\">Libanon v krizi<\/h3>\n        <div class=\"a-support__text\"><p>Rodi\u010de pos\u00edlaj\u00ed sv\u00e9 d\u011bti do d\u011btsk\u00fdch domov\u016f, proto\u017ee je nedok\u00e1\u017eou u\u017eivit. Nedostatek pitn\u00e9 vody p\u0159isp\u011bl k propuknut\u00ed chorob, v\u010detn\u011b prvn\u00edch p\u0159\u00edpad\u016f cholery po desetilet\u00edch.<\/p>\n<\/div>\n    <\/div>\n    <div class=\"a-support__footer\">\n        <div class=\"a-support__cta\">\n            <a href=\"mailto:kancelar@magna.org\" target=\"\" class=\"e-btn e-btn--primary\"><span>Zjistit v\u00edce<\/span><i class=\"icon-heart\"><\/i><\/a>\n        <\/div>\n    <\/div>\n<\/article>\n            <\/div>\n            <div class=\"s-support__item \">\n                <article class=\"a-support\">\n    <a href=\"mailto:kancelar@magna.org\" target=\"\" class=\"a-support__link\"><\/a>\n        <div class=\"a-support__image\">\n            <div class=\"a-support__img\" style=\"background-image:url('https:\/\/www.magna.org\/fr\/wp-content\/uploads\/2022\/08\/homepage-home-mb2022g0600713.jpg');\"><\/div>\n        <\/div>\n    <div class=\"a-support__content\">\n        <h3 class=\"a-support__title\">Chudoba v Afgh\u00e1nist\u00e1nu<\/h3>\n        <div class=\"a-support__text\"><p>Matky jsou tak podvy\u017eiven\u00e9, \u017ee nedok\u00e1\u017eou produkovat ml\u00e9ko pro sv\u00e9 d\u011bti. Nefunk\u010dn\u00ed zdravotn\u00ed syst\u00e9m, chudoba a omezen\u00ed uvalen\u00e1 na \u017eeny jsou j\u00e1drem sou\u010dasn\u00e9 humanit\u00e1rn\u00ed krize v Afgh\u00e1nist\u00e1nu,<\/p>\n<\/div>\n    <\/div>\n    <div class=\"a-support__footer\">\n        <div class=\"a-support__cta\">\n            <a href=\"mailto:kancelar@magna.org\" target=\"\" class=\"e-btn e-btn--primary\"><span>Zjistit v\u00edce<\/span><i class=\"icon-heart\"><\/i><\/a>\n        <\/div>\n    <\/div>\n<\/article>\n            <\/div>\n        <\/div>\n    <\/div>\n<\/section>\n\n<section class=\"s-help hc-section-space--normal\">\n    <div class=\"s-help__inner\">\n        <h2 class=\"s-help__title\">Pod\u00edvejte tak\u00e9<\/h2>\n        <div class=\"s-help__content\">\n            <div class=\"s-help__items\">\n                <div class=\"s-help__item\">\n                    <article class=\"a-help\">\n                        <a href=\"https:\/\/www.magna.org\/fr\/cs\/zapojte-se\/firmy-a-nadace\/mobilizujte-vase-zamestnance\/\" target=\"\" class=\"a-help__link\"><\/a>\n                        <div class=\"a-help__content\">\n                            <h3 class=\"a-help__title\">Mobilzujte va\u0161e zam\u011bstnance<\/h3>\n                            <div class=\"a-help__cta\">\n                                <a href=\"https:\/\/www.magna.org\/fr\/cs\/zapojte-se\/firmy-a-nadace\/mobilizujte-vase-zamestnance\/\" target=\"\" >Zjistit v\u00edce<\/a>\n                            <\/div>\n                        <\/div>\n                    <\/article>\n                <\/div>\n                <div class=\"s-help__item\">\n                    <article class=\"a-help\">\n                        <a href=\"https:\/\/www.magna.org\/fr\/cs\/zapojte-se\/firmy-a-nadace\/spolecensky-zavazek-s-magna\/\" target=\"\" class=\"a-help__link\"><\/a>\n                        <div class=\"a-help__content\">\n                            <h3 class=\"a-help__title\">Zm\u011b\u0148te sv\u011bt s MAGNA<\/h3>\n                            <div class=\"a-help__cta\">\n                                <a href=\"https:\/\/www.magna.org\/fr\/cs\/zapojte-se\/firmy-a-nadace\/spolecensky-zavazek-s-magna\/\" target=\"\" >Zjistit v\u00edce<\/a>\n                            <\/div>\n                        <\/div>\n                    <\/article>\n                <\/div>\n                <div class=\"s-help__item\">\n                    <article class=\"a-help\">\n                        <a href=\"https:\/\/www.magna.org\/fr\/cs\/zapojte-se\/firmy-a-nadace\/mobilizujte-sve-zakazniky\/\" target=\"\" class=\"a-help__link\"><\/a>\n                        <div class=\"a-help__content\">\n                            <h3 class=\"a-help__title\">Mobilzujte va\u0161e z\u00e1kazn\u00edky<\/h3>\n                            <div class=\"a-help__cta\">\n                                <a href=\"https:\/\/www.magna.org\/fr\/cs\/zapojte-se\/firmy-a-nadace\/mobilizujte-sve-zakazniky\/\" target=\"\" >Zjistit v\u00edce<\/a>\n                            <\/div>\n                        <\/div>\n                    <\/article>\n                <\/div>\n                <div class=\"s-help__item\">\n                    <article class=\"a-help\">\n                        <a href=\"https:\/\/www.magna.org\/fr\/cs\/zapojte-se\/fond-urgentni-pomoci\/\" target=\"\" class=\"a-help__link\"><\/a>\n                        <div class=\"a-help__content\">\n                            <h3 class=\"a-help__title\">Fond urgentn\u00ed pomoci<\/h3>\n                            <div class=\"a-help__cta\">\n                                <a href=\"https:\/\/www.magna.org\/fr\/cs\/zapojte-se\/fond-urgentni-pomoci\/\" target=\"\" >Zjistit v\u00edce<\/a>\n                            <\/div>\n                        <\/div>\n                    <\/article>\n                <\/div>\n            <\/div>\n        <\/div>\n    <\/div>\n<\/section>\n\n<div class=\"e-content-text\"><div class=\"e-content-text__inner\">\n<h2 class=\"has-text-align-center wp-block-heading\">M\u00e1te dal\u0161\u00ed dotazy nebo se chcete zapojit?<\/h2>\n<\/div><\/div>\n\n<div class=\"e-content-text\"><div class=\"e-content-text__inner\">\n<p class=\"has-text-align-center\">Zavolejte na&nbsp;<a href=\"tel:+420736416505\">+420 736 416 505<\/a>&nbsp;nebo po\u0161lete e-mail na&nbsp;<a href=\"mailto:kancelar@magna.org\">kancelar@magna.org<\/a>&nbsp;a my v\u00e1m r\u00e1di pom\u016f\u017eeme.<\/p>\n<\/div><\/div>","protected":false},"excerpt":{"rendered":"<p>Chcete d\u00e1t svoji filantropii do slu\u017eeb humanit\u00e1rn\u00edch akc\u00ed s vysok\u00fdm dosahem? Chcete dos\u00e1hnout sv\u00fdch c\u00edl\u016f spole\u010densk\u00e9 odpov\u011bdnosti? Objevte \u0159e\u0161en\u00ed, kter\u00e1 nab\u00edz\u00ed MAGNA, abyste se zapojili do na\u0161eho boje za p\u0159\u00edstup ke zdravotn\u00ed p\u00e9\u010di pro v\u0161echny doma i ve sv\u011bt\u011b. M\u00e1te dal\u0161\u00ed dotazy nebo se chcete zapojit? Zavolejte na&nbsp;+420 736 416 505&nbsp;nebo po\u0161lete e-mail na&nbsp;kancelar@magna.org&nbsp;a my [&hellip;]<\/p>\n","protected":false},"author":2,"featured_media":0,"parent":10248,"menu_order":2,"comment_status":"closed","ping_status":"closed","template":"page-article.php","meta":{"_acf_changed":false,"inline_featured_image":false,"footnotes":""},"class_list":["post-10256","page","type-page","status-publish","hentry"],"acf":[],"yoast_head":"<!-- This site is optimized with the Yoast SEO plugin v24.3 - https:\/\/yoast.com\/wordpress\/plugins\/seo\/ -->\n<title>Podpo\u0159te konkr\u00e9tn\u00ed humanit\u00e1rn\u00ed projekt - Magna<\/title>\n<meta name=\"robots\" content=\"index, follow, max-snippet:-1, max-image-preview:large, max-video-preview:-1\" \/>\n<link rel=\"canonical\" href=\"https:\/\/www.magna.org\/fr\/cs\/zapojte-se\/firmy-a-nadace\/podporte-konkretni-humanitarni-projekt\/\" \/>\n<meta property=\"og:locale\" content=\"en_US\" \/>\n<meta property=\"og:type\" content=\"article\" \/>\n<meta property=\"og:title\" content=\"Podpo\u0159te konkr\u00e9tn\u00ed humanit\u00e1rn\u00ed projekt - Magna\" \/>\n<meta property=\"og:description\" content=\"Chcete d\u00e1t svoji filantropii do slu\u017eeb humanit\u00e1rn\u00edch akc\u00ed s vysok\u00fdm dosahem? Chcete dos\u00e1hnout sv\u00fdch c\u00edl\u016f spole\u010densk\u00e9 odpov\u011bdnosti? Objevte \u0159e\u0161en\u00ed, kter\u00e1 nab\u00edz\u00ed MAGNA, abyste se zapojili do na\u0161eho boje za p\u0159\u00edstup ke zdravotn\u00ed p\u00e9\u010di pro v\u0161echny doma i ve sv\u011bt\u011b. M\u00e1te dal\u0161\u00ed dotazy nebo se chcete zapojit? Zavolejte na&nbsp;+420 736 416 505&nbsp;nebo po\u0161lete e-mail na&nbsp;kancelar@magna.org&nbsp;a my [&hellip;]\" \/>\n<meta property=\"og:url\" content=\"https:\/\/www.magna.org\/fr\/cs\/zapojte-se\/firmy-a-nadace\/podporte-konkretni-humanitarni-projekt\/\" \/>\n<meta property=\"og:site_name\" content=\"Magna\" \/>\n<meta property=\"article:modified_time\" content=\"2023-03-20T09:11:53+00:00\" \/>\n<meta name=\"twitter:card\" content=\"summary_large_image\" \/>\n<meta name=\"twitter:label1\" content=\"Est. reading time\" \/>\n\t<meta name=\"twitter:data1\" content=\"1 minute\" \/>\n<script type=\"application\/ld+json\" class=\"yoast-schema-graph\">{\"@context\":\"https:\/\/schema.org\",\"@graph\":[{\"@type\":\"WebPage\",\"@id\":\"https:\/\/www.magna.org\/fr\/cs\/zapojte-se\/firmy-a-nadace\/podporte-konkretni-humanitarni-projekt\/\",\"url\":\"https:\/\/www.magna.org\/fr\/cs\/zapojte-se\/firmy-a-nadace\/podporte-konkretni-humanitarni-projekt\/\",\"name\":\"Podpo\u0159te konkr\u00e9tn\u00ed humanit\u00e1rn\u00ed projekt - Magna\",\"isPartOf\":{\"@id\":\"https:\/\/www.magna.org\/fr\/#website\"},\"datePublished\":\"2022-12-09T16:44:35+00:00\",\"dateModified\":\"2023-03-20T09:11:53+00:00\",\"breadcrumb\":{\"@id\":\"https:\/\/www.magna.org\/fr\/cs\/zapojte-se\/firmy-a-nadace\/podporte-konkretni-humanitarni-projekt\/#breadcrumb\"},\"inLanguage\":\"en-US\",\"potentialAction\":[{\"@type\":\"ReadAction\",\"target\":[\"https:\/\/www.magna.org\/fr\/cs\/zapojte-se\/firmy-a-nadace\/podporte-konkretni-humanitarni-projekt\/\"]}]},{\"@type\":\"BreadcrumbList\",\"@id\":\"https:\/\/www.magna.org\/fr\/cs\/zapojte-se\/firmy-a-nadace\/podporte-konkretni-humanitarni-projekt\/#breadcrumb\",\"itemListElement\":[{\"@type\":\"ListItem\",\"position\":1,\"name\":\"Home\",\"item\":\"https:\/\/www.magna.org\/fr\/sk\/\"},{\"@type\":\"ListItem\",\"position\":2,\"name\":\"Podpo\u0159te n\u00e1s\",\"item\":\"https:\/\/www.magna.org\/fr\/cs\/zapojte-se\/\"},{\"@type\":\"ListItem\",\"position\":3,\"name\":\"Firmy a Nadace\",\"item\":\"https:\/\/www.magna.org\/fr\/cs\/zapojte-se\/firmy-a-nadace\/\"},{\"@type\":\"ListItem\",\"position\":4,\"name\":\"Podpo\u0159te konkr\u00e9tn\u00ed humanit\u00e1rn\u00ed projekt\"}]},{\"@type\":\"WebSite\",\"@id\":\"https:\/\/www.magna.org\/fr\/#website\",\"url\":\"https:\/\/www.magna.org\/fr\/\",\"name\":\"Magna\",\"description\":\"Just another WordPress site\",\"potentialAction\":[{\"@type\":\"SearchAction\",\"target\":{\"@type\":\"EntryPoint\",\"urlTemplate\":\"https:\/\/www.magna.org\/fr\/?s={search_term_string}\"},\"query-input\":{\"@type\":\"PropertyValueSpecification\",\"valueRequired\":true,\"valueName\":\"search_term_string\"}}],\"inLanguage\":\"en-US\"}]}<\/script>\n<!-- \/ Yoast SEO plugin. -->","yoast_head_json":{"title":"Podpo\u0159te konkr\u00e9tn\u00ed humanit\u00e1rn\u00ed projekt - Magna","robots":{"index":"index","follow":"follow","max-snippet":"max-snippet:-1","max-image-preview":"max-image-preview:large","max-video-preview":"max-video-preview:-1"},"canonical":"https:\/\/www.magna.org\/fr\/cs\/zapojte-se\/firmy-a-nadace\/podporte-konkretni-humanitarni-projekt\/","og_locale":"en_US","og_type":"article","og_title":"Podpo\u0159te konkr\u00e9tn\u00ed humanit\u00e1rn\u00ed projekt - Magna","og_description":"Chcete d\u00e1t svoji filantropii do slu\u017eeb humanit\u00e1rn\u00edch akc\u00ed s vysok\u00fdm dosahem? Chcete dos\u00e1hnout sv\u00fdch c\u00edl\u016f spole\u010densk\u00e9 odpov\u011bdnosti? Objevte \u0159e\u0161en\u00ed, kter\u00e1 nab\u00edz\u00ed MAGNA, abyste se zapojili do na\u0161eho boje za p\u0159\u00edstup ke zdravotn\u00ed p\u00e9\u010di pro v\u0161echny doma i ve sv\u011bt\u011b. M\u00e1te dal\u0161\u00ed dotazy nebo se chcete zapojit? Zavolejte na&nbsp;+420 736 416 505&nbsp;nebo po\u0161lete e-mail na&nbsp;kancelar@magna.org&nbsp;a my [&hellip;]","og_url":"https:\/\/www.magna.org\/fr\/cs\/zapojte-se\/firmy-a-nadace\/podporte-konkretni-humanitarni-projekt\/","og_site_name":"Magna","article_modified_time":"2023-03-20T09:11:53+00:00","twitter_card":"summary_large_image","twitter_misc":{"Est. reading time":"1 minute"},"schema":{"@context":"https:\/\/schema.org","@graph":[{"@type":"WebPage","@id":"https:\/\/www.magna.org\/fr\/cs\/zapojte-se\/firmy-a-nadace\/podporte-konkretni-humanitarni-projekt\/","url":"https:\/\/www.magna.org\/fr\/cs\/zapojte-se\/firmy-a-nadace\/podporte-konkretni-humanitarni-projekt\/","name":"Podpo\u0159te konkr\u00e9tn\u00ed humanit\u00e1rn\u00ed projekt - Magna","isPartOf":{"@id":"https:\/\/www.magna.org\/fr\/#website"},"datePublished":"2022-12-09T16:44:35+00:00","dateModified":"2023-03-20T09:11:53+00:00","breadcrumb":{"@id":"https:\/\/www.magna.org\/fr\/cs\/zapojte-se\/firmy-a-nadace\/podporte-konkretni-humanitarni-projekt\/#breadcrumb"},"inLanguage":"en-US","potentialAction":[{"@type":"ReadAction","target":["https:\/\/www.magna.org\/fr\/cs\/zapojte-se\/firmy-a-nadace\/podporte-konkretni-humanitarni-projekt\/"]}]},{"@type":"BreadcrumbList","@id":"https:\/\/www.magna.org\/fr\/cs\/zapojte-se\/firmy-a-nadace\/podporte-konkretni-humanitarni-projekt\/#breadcrumb","itemListElement":[{"@type":"ListItem","position":1,"name":"Home","item":"https:\/\/www.magna.org\/fr\/sk\/"},{"@type":"ListItem","position":2,"name":"Podpo\u0159te n\u00e1s","item":"https:\/\/www.magna.org\/fr\/cs\/zapojte-se\/"},{"@type":"ListItem","position":3,"name":"Firmy a Nadace","item":"https:\/\/www.magna.org\/fr\/cs\/zapojte-se\/firmy-a-nadace\/"},{"@type":"ListItem","position":4,"name":"Podpo\u0159te konkr\u00e9tn\u00ed humanit\u00e1rn\u00ed projekt"}]},{"@type":"WebSite","@id":"https:\/\/www.magna.org\/fr\/#website","url":"https:\/\/www.magna.org\/fr\/","name":"Magna","description":"Just another WordPress site","potentialAction":[{"@type":"SearchAction","target":{"@type":"EntryPoint","urlTemplate":"https:\/\/www.magna.org\/fr\/?s={search_term_string}"},"query-input":{"@type":"PropertyValueSpecification","valueRequired":true,"valueName":"search_term_string"}}],"inLanguage":"en-US"}]}},"_links":{"self":[{"href":"https:\/\/www.magna.org\/fr\/wp-json\/wp\/v2\/pages\/10256","targetHints":{"allow":["GET"]}}],"collection":[{"href":"https:\/\/www.magna.org\/fr\/wp-json\/wp\/v2\/pages"}],"about":[{"href":"https:\/\/www.magna.org\/fr\/wp-json\/wp\/v2\/types\/page"}],"author":[{"embeddable":true,"href":"https:\/\/www.magna.org\/fr\/wp-json\/wp\/v2\/users\/2"}],"replies":[{"embeddable":true,"href":"https:\/\/www.magna.org\/fr\/wp-json\/wp\/v2\/comments?post=10256"}],"version-history":[{"count":10,"href":"https:\/\/www.magna.org\/fr\/wp-json\/wp\/v2\/pages\/10256\/revisions"}],"predecessor-version":[{"id":12763,"href":"https:\/\/www.magna.org\/fr\/wp-json\/wp\/v2\/pages\/10256\/revisions\/12763"}],"up":[{"embeddable":true,"href":"https:\/\/www.magna.org\/fr\/wp-json\/wp\/v2\/pages\/10248"}],"wp:attachment":[{"href":"https:\/\/www.magna.org\/fr\/wp-json\/wp\/v2\/media?parent=10256"}],"curies":[{"name":"wp","href":"https:\/\/api.w.org\/{rel}","templated":true}]}}