{"id":1030,"date":"2022-10-13T05:36:59","date_gmt":"2022-10-13T05:36:59","guid":{"rendered":"https:\/\/www.magna.org\/fr\/?page_id=1030"},"modified":"2023-05-07T04:46:46","modified_gmt":"2023-05-07T04:46:46","slug":"najdite-si-poziciu","status":"publish","type":"page","link":"https:\/\/www.magna.org\/fr\/sk\/pracujte-s-nami\/najdite-si-poziciu\/","title":{"rendered":"N\u00e1jdite si poz\u00edciu"},"content":{"rendered":"<section class=\"s-panels hc-section-space--normal\">\n    <div class=\"s-panels__inner\">\n        <div class=\"s-panels__aside s-panels__aside--empty\"><\/div>\n        <div class=\"s-panels__content\">\n<article class=\"a-teaser\">\n    <div class=\"a-teaser__content\">\n        <h2 class=\"a-teaser__title\">Ste lek\u00e1r alebo logista?<\/h2>\n        <div class=\"a-teaser__text\">\n            <div class=\"hero-basicpage\">\n<div class=\"hero-basicpage__text-content with-sidebar bg--light-gray\">\n<div class=\"hero-basicpage__text-content-inner-container\">\n<p class=\"intro-paragraph hero-basicpage__description\">Pozrite si poz\u00edcie dostupn\u00e9 s MAGNA v ter\u00e9ne a zistite, ak\u00e9 to je ma\u0165 kari\u00e9ru v poskytovan\u00ed zdravotnej pomoci tam, kde je to najviac potrebn\u00e9. Spoliehame sa na siln\u00fa sie\u0165 odborn\u00edkov, ktor\u00ed zabezpe\u010duj\u00fa \u017eivot zachra\u0148uj\u00facu zdravitn\u00fa pomoc.<\/p>\n<p class=\"intro-paragraph hero-basicpage__description\">MAGNA ka\u017edoro\u010dne posiela \u013eud\u00ed zo Slovenska a in\u00fdch kraj\u00edn, aby spolu s viac ako 500 miestnymi zamestnancami vykon\u00e1vali \u00falohy, aby poskytli \u017eivot zachra\u0148uj\u00facu zdravotn\u00fa pomoc \u013eu\u010fom, ktor\u00ed by inak nemali pr\u00edstup k zdravotnej starostlivosti, \u010distej vode a pr\u00edstre\u0161ku.<\/p>\n<p class=\"intro-paragraph hero-basicpage__description\">MAGNA h\u013ead\u00e1 kvalifikovan\u00fdch medic\u00ednskych a nelek\u00e1rskych odborn\u00edkov, vr\u00e1tane koordin\u00e1torov, pre pr\u00e1cu v na\u0161ich ter\u00e9nnych projektoch.<\/p>\n<\/div>\n<\/div>\n<\/div>\n\n        <\/div>\n    <\/div>\n    <div class=\"a-teaser__image\">\n        <div class=\"a-teaser__img\" style=\"background-image:url('https\\:\\\/\\\/www\\.magna\\.org\\\/fr\\\/wp-content\\\/uploads\\\/2022\\\/12\\\/homepage-najdite-si-poziciu-mb2011045m0024\\.jpg')\"><\/div>\n    <\/div>\n<\/article>        <\/div>\n    <\/div>\n<\/section>\n\n<section class=\"s-article-full s-article-full--secondary s-article-full--right hc-section-space--normal\">\n    <div class=\"s-article-full__inner\">\n        <div class=\"s-article-full__content\">\n            <h2 class=\"s-article-full__title\">\u010co to znamen\u00e1 pracova\u0165 v ter\u00e9ne<\/h2>\n            <div class=\"s-article-full__text\">\n                <p>Po\u010das pr\u00e1ce v ter\u00e9ne m\u00f4\u017eete objavi\u0165 svoj skryt\u00fd talent, m\u00f4\u017ee V\u00e1s in\u0161pirova\u0165 a zmeni\u0165 V\u00e1\u0161 \u017eivot.<\/p>\n<p>Va\u0161e \u017eivotn\u00e9 podmienky na misii bud\u00fa \u010dasto \u00faplne z\u00e1kladn\u00e9. Budete sa riadi\u0165 bezpe\u010dnostn\u00fdmi pokynmi vo v\u0161etk\u00fdch situ\u00e1ci\u00e1ch. Nebudete m\u00f4c\u0165 vykon\u00e1va\u0165 aktivity, na ktor\u00e9 ste z domu zvyknut\u00fd \u2013 \u0161port, divadlo, kino a pod. Budete spolupracova\u0165 s \u013eu\u010fmi z r\u00f4znych kraj\u00edn, s miestnymi zamestnancami, ktor\u00ed takmer v\u017edy tvoria v\u00e4\u010d\u0161inu v t\u00edme, tak\u017ee budete musie\u0165 by\u0165 schopn\u00fd a ochotn\u00fd prisp\u00f4sobi\u0165 sa \u013eu\u010fom z in\u00fdch kult\u00far. <\/p>\n<p>Ste v priamom kontakte s \u013eu\u010fmi, ktor\u00fdm pom\u00e1hate, ale m\u00f4\u017ee sa sta\u0165, \u017ee zaka\u017ed\u00fdm nepoc\u00edtite ich v\u010faku. V projekte, krajine alebo oblasti, kde budete p\u00f4sobi\u0165 sa situ\u00e1cia m\u00f4\u017ee v okam\u017eiku zmeni\u0165, a t\u00fdm sa bude musie\u0165 zmeni\u0165 aj Va\u0161a pr\u00e1ca. Pru\u017enos\u0165 a prisp\u00f4sobivos\u0165 s\u00fa pre pr\u00e1cu v ter\u00e9ne z\u00e1sadn\u00e9.<\/p>\n\n            <\/div>\n        <\/div>\n        <div class=\"s-article-full__image\">\n            <div class=\"s-article-full__img\" style=\"background-image:url('https:\/\/www.magna.org\/fr\/wp-content\/uploads\/2022\/11\/homepage-juzny-sudan-zdravotna-a-nutricna-starostlivost-v-duk-paggak-mb201902g0351-e1669940997687-552x291.jpg')\"><\/div>\n        <\/div>\n    <\/div>\n<\/section>\n\n<section class=\"s-panels hc-section-space--normal\">\n    <div class=\"s-panels__inner\">\n        <div class=\"s-panels__aside s-panels__aside--empty\">\n        <\/div>\n        <div class=\"s-panels__content\">\n            <section class=\"s-articles s-articles--2\">\n                <div class=\"s-articles__inner\">\n                    <h2 class=\"s-articles__title\">Koho v ter\u00e9ne potrebujeme?<\/h2>\n                    <div class=\"s-articles__content\">\n                        <div class=\"s-articles__items\">\n                            <div class=\"s-articles__item\">\n                                <article class=\"a-job\">\n    <div class=\"a-job__image\">\n        <div class=\"a-job__img\" style=\"background-image:url('https:\/\/www.magna.org\/fr\/wp-content\/uploads\/2022\/09\/homepage-kto-sme-mb2011045m0156.jpg');\"><\/div>\n    <\/div>\n    <div class=\"a-job__content\">\n        <h3 class=\"a-job__title\">Administrator<\/h3>\n    <\/div>\n<\/article>\n                            <\/div>\n                            <div class=\"s-articles__item\">\n                                <article class=\"a-job\">\n    <div class=\"a-job__image\">\n        <div class=\"a-job__img\" style=\"background-image:url('https:\/\/www.magna.org\/fr\/wp-content\/uploads\/2022\/12\/homepage-najdite-si-poziciu-mb201902g0317.jpg');\"><\/div>\n    <\/div>\n    <div class=\"a-job__content\">\n        <h3 class=\"a-job__title\">Project Medical Referent<\/h3>\n    <\/div>\n<\/article>\n                            <\/div>\n                            <div class=\"s-articles__item\">\n                                <article class=\"a-job\">\n    <a href=\"https:\/\/www.magna.org\/fr\/job-offer\/project-coordinator-sk\/\" class=\"a-job__link\" target=\"\"><\/a>\n    <div class=\"a-job__image\">\n        <div class=\"a-job__img\" style=\"background-image:url('https:\/\/www.magna.org\/fr\/wp-content\/uploads\/2022\/12\/homepage-pracujte-s-nami-mb2010003g0074-e1669934794904.jpg');\"><\/div>\n    <\/div>\n    <div class=\"a-job__content\">\n        <h3 class=\"a-job__title\">Project Coordinator<\/h3>\n    <\/div>\n<\/article>\n                            <\/div>\n                            <div class=\"s-articles__item\">\n                                <article class=\"a-job\">\n    <a href=\"https:\/\/www.magna.org\/fr\/job-offer\/medical-coordinator-sk\/\" class=\"a-job__link\" target=\"\"><\/a>\n    <div class=\"a-job__image\">\n        <div class=\"a-job__img\" style=\"background-image:url('https:\/\/www.magna.org\/fr\/wp-content\/uploads\/2022\/09\/homepage-aktualne-mb2011031m0129.jpg');\"><\/div>\n    <\/div>\n    <div class=\"a-job__content\">\n        <h3 class=\"a-job__title\">Medical Coordinator<\/h3>\n    <\/div>\n<\/article>\n                            <\/div>\n                            <div class=\"s-articles__item\">\n                                <article class=\"a-job\">\n    <a href=\"https:\/\/www.magna.org\/fr\/job-offer\/finance-and-hr-coordinator-sk\/\" class=\"a-job__link\" target=\"\"><\/a>\n    <div class=\"a-job__image\">\n        <div class=\"a-job__img\" style=\"background-image:url('https:\/\/www.magna.org\/fr\/wp-content\/uploads\/2022\/12\/homepage-najdite-si-poziciu-mb201901g0010.jpg');\"><\/div>\n    <\/div>\n    <div class=\"a-job__content\">\n        <h3 class=\"a-job__title\">Finance HR Coordinator<\/h3>\n    <\/div>\n<\/article>\n                            <\/div>\n                            <div class=\"s-articles__item\">\n                                <article class=\"a-job\">\n    <div class=\"a-job__image\">\n        <div class=\"a-job__img\" style=\"background-image:url('https:\/\/www.magna.org\/fr\/wp-content\/uploads\/2022\/12\/homepage-najdite-si-poziciu-mb2011047m0065.jpg');\"><\/div>\n    <\/div>\n    <div class=\"a-job__content\">\n        <h3 class=\"a-job__title\">Logistician<\/h3>\n    <\/div>\n<\/article>\n                            <\/div>\n                            <div class=\"s-articles__item\">\n                                <article class=\"a-job\">\n    <div class=\"a-job__image\">\n        <div class=\"a-job__img\" style=\"background-image:url('https:\/\/www.magna.org\/fr\/wp-content\/uploads\/2022\/09\/homepage-kto-sme-mb2011045m0156.jpg');\"><\/div>\n    <\/div>\n    <div class=\"a-job__content\">\n        <h3 class=\"a-job__title\">Communication Officer<\/h3>\n    <\/div>\n<\/article>\n                            <\/div>\n                            <div class=\"s-articles__item\">\n                                <article class=\"a-job\">\n    <div class=\"a-job__image\">\n        <div class=\"a-job__img\" style=\"background-image:url('https:\/\/www.magna.org\/fr\/wp-content\/uploads\/2022\/09\/homepage-kto-sme-mb2010010g0744-scaled-e1669891224183.jpg');\"><\/div>\n    <\/div>\n    <div class=\"a-job__content\">\n        <h3 class=\"a-job__title\">Nurse<\/h3>\n    <\/div>\n<\/article>\n                            <\/div>\n                        <\/div>\n                    <\/div>\n                <\/div>\n            <\/section>\n        <\/div>\n    <\/div>\n<\/section>","protected":false},"excerpt":{"rendered":"","protected":false},"author":2,"featured_media":6143,"parent":1151,"menu_order":0,"comment_status":"closed","ping_status":"closed","template":"page-subpage.php","meta":{"_acf_changed":false,"inline_featured_image":false,"footnotes":""},"class_list":["post-1030","page","type-page","status-publish","has-post-thumbnail","hentry"],"acf":[],"yoast_head":"<!-- This site is optimized with the Yoast SEO plugin v24.3 - https:\/\/yoast.com\/wordpress\/plugins\/seo\/ -->\n<title>N\u00e1jdite si poz\u00edciu - Magna<\/title>\n<meta name=\"robots\" content=\"index, follow, max-snippet:-1, max-image-preview:large, max-video-preview:-1\" \/>\n<link rel=\"canonical\" href=\"https:\/\/www.magna.org\/fr\/sk\/pracujte-s-nami\/najdite-si-poziciu\/\" \/>\n<meta property=\"og:locale\" content=\"en_US\" \/>\n<meta property=\"og:type\" content=\"article\" \/>\n<meta property=\"og:title\" content=\"N\u00e1jdite si poz\u00edciu - Magna\" \/>\n<meta property=\"og:url\" content=\"https:\/\/www.magna.org\/fr\/sk\/pracujte-s-nami\/najdite-si-poziciu\/\" \/>\n<meta property=\"og:site_name\" content=\"Magna\" \/>\n<meta property=\"article:modified_time\" content=\"2023-05-07T04:46:46+00:00\" \/>\n<meta property=\"og:image\" content=\"https:\/\/www.magna.org\/fr\/wp-content\/uploads\/2022\/12\/homepage-najdite-si-poziciu-mb2015009g0131.jpg\" \/>\n\t<meta property=\"og:image:width\" content=\"1800\" \/>\n\t<meta property=\"og:image:height\" content=\"1200\" \/>\n\t<meta property=\"og:image:type\" content=\"image\/jpeg\" \/>\n<meta name=\"twitter:card\" content=\"summary_large_image\" \/>\n<script type=\"application\/ld+json\" class=\"yoast-schema-graph\">{\"@context\":\"https:\/\/schema.org\",\"@graph\":[{\"@type\":\"WebPage\",\"@id\":\"https:\/\/www.magna.org\/fr\/sk\/pracujte-s-nami\/najdite-si-poziciu\/\",\"url\":\"https:\/\/www.magna.org\/fr\/sk\/pracujte-s-nami\/najdite-si-poziciu\/\",\"name\":\"N\u00e1jdite si poz\u00edciu - Magna\",\"isPartOf\":{\"@id\":\"https:\/\/www.magna.org\/fr\/#website\"},\"primaryImageOfPage\":{\"@id\":\"https:\/\/www.magna.org\/fr\/sk\/pracujte-s-nami\/najdite-si-poziciu\/#primaryimage\"},\"image\":{\"@id\":\"https:\/\/www.magna.org\/fr\/sk\/pracujte-s-nami\/najdite-si-poziciu\/#primaryimage\"},\"thumbnailUrl\":\"https:\/\/www.magna.org\/fr\/wp-content\/uploads\/2022\/12\/homepage-najdite-si-poziciu-mb2015009g0131.jpg\",\"datePublished\":\"2022-10-13T05:36:59+00:00\",\"dateModified\":\"2023-05-07T04:46:46+00:00\",\"breadcrumb\":{\"@id\":\"https:\/\/www.magna.org\/fr\/sk\/pracujte-s-nami\/najdite-si-poziciu\/#breadcrumb\"},\"inLanguage\":\"en-US\",\"potentialAction\":[{\"@type\":\"ReadAction\",\"target\":[\"https:\/\/www.magna.org\/fr\/sk\/pracujte-s-nami\/najdite-si-poziciu\/\"]}]},{\"@type\":\"ImageObject\",\"inLanguage\":\"en-US\",\"@id\":\"https:\/\/www.magna.org\/fr\/sk\/pracujte-s-nami\/najdite-si-poziciu\/#primaryimage\",\"url\":\"https:\/\/www.magna.org\/fr\/wp-content\/uploads\/2022\/12\/homepage-najdite-si-poziciu-mb2015009g0131.jpg\",\"contentUrl\":\"https:\/\/www.magna.org\/fr\/wp-content\/uploads\/2022\/12\/homepage-najdite-si-poziciu-mb2015009g0131.jpg\",\"width\":1800,\"height\":1200},{\"@type\":\"BreadcrumbList\",\"@id\":\"https:\/\/www.magna.org\/fr\/sk\/pracujte-s-nami\/najdite-si-poziciu\/#breadcrumb\",\"itemListElement\":[{\"@type\":\"ListItem\",\"position\":1,\"name\":\"Home\",\"item\":\"https:\/\/www.magna.org\/fr\/sk\/\"},{\"@type\":\"ListItem\",\"position\":2,\"name\":\"Pracujte s nami\",\"item\":\"https:\/\/www.magna.org\/fr\/sk\/pracujte-s-nami\/\"},{\"@type\":\"ListItem\",\"position\":3,\"name\":\"N\u00e1jdite si poz\u00edciu\"}]},{\"@type\":\"WebSite\",\"@id\":\"https:\/\/www.magna.org\/fr\/#website\",\"url\":\"https:\/\/www.magna.org\/fr\/\",\"name\":\"Magna\",\"description\":\"Just another WordPress site\",\"potentialAction\":[{\"@type\":\"SearchAction\",\"target\":{\"@type\":\"EntryPoint\",\"urlTemplate\":\"https:\/\/www.magna.org\/fr\/?s={search_term_string}\"},\"query-input\":{\"@type\":\"PropertyValueSpecification\",\"valueRequired\":true,\"valueName\":\"search_term_string\"}}],\"inLanguage\":\"en-US\"}]}<\/script>\n<!-- \/ Yoast SEO plugin. -->","yoast_head_json":{"title":"N\u00e1jdite si poz\u00edciu - Magna","robots":{"index":"index","follow":"follow","max-snippet":"max-snippet:-1","max-image-preview":"max-image-preview:large","max-video-preview":"max-video-preview:-1"},"canonical":"https:\/\/www.magna.org\/fr\/sk\/pracujte-s-nami\/najdite-si-poziciu\/","og_locale":"en_US","og_type":"article","og_title":"N\u00e1jdite si poz\u00edciu - Magna","og_url":"https:\/\/www.magna.org\/fr\/sk\/pracujte-s-nami\/najdite-si-poziciu\/","og_site_name":"Magna","article_modified_time":"2023-05-07T04:46:46+00:00","og_image":[{"width":1800,"height":1200,"url":"https:\/\/www.magna.org\/fr\/wp-content\/uploads\/2022\/12\/homepage-najdite-si-poziciu-mb2015009g0131.jpg","type":"image\/jpeg"}],"twitter_card":"summary_large_image","schema":{"@context":"https:\/\/schema.org","@graph":[{"@type":"WebPage","@id":"https:\/\/www.magna.org\/fr\/sk\/pracujte-s-nami\/najdite-si-poziciu\/","url":"https:\/\/www.magna.org\/fr\/sk\/pracujte-s-nami\/najdite-si-poziciu\/","name":"N\u00e1jdite si poz\u00edciu - Magna","isPartOf":{"@id":"https:\/\/www.magna.org\/fr\/#website"},"primaryImageOfPage":{"@id":"https:\/\/www.magna.org\/fr\/sk\/pracujte-s-nami\/najdite-si-poziciu\/#primaryimage"},"image":{"@id":"https:\/\/www.magna.org\/fr\/sk\/pracujte-s-nami\/najdite-si-poziciu\/#primaryimage"},"thumbnailUrl":"https:\/\/www.magna.org\/fr\/wp-content\/uploads\/2022\/12\/homepage-najdite-si-poziciu-mb2015009g0131.jpg","datePublished":"2022-10-13T05:36:59+00:00","dateModified":"2023-05-07T04:46:46+00:00","breadcrumb":{"@id":"https:\/\/www.magna.org\/fr\/sk\/pracujte-s-nami\/najdite-si-poziciu\/#breadcrumb"},"inLanguage":"en-US","potentialAction":[{"@type":"ReadAction","target":["https:\/\/www.magna.org\/fr\/sk\/pracujte-s-nami\/najdite-si-poziciu\/"]}]},{"@type":"ImageObject","inLanguage":"en-US","@id":"https:\/\/www.magna.org\/fr\/sk\/pracujte-s-nami\/najdite-si-poziciu\/#primaryimage","url":"https:\/\/www.magna.org\/fr\/wp-content\/uploads\/2022\/12\/homepage-najdite-si-poziciu-mb2015009g0131.jpg","contentUrl":"https:\/\/www.magna.org\/fr\/wp-content\/uploads\/2022\/12\/homepage-najdite-si-poziciu-mb2015009g0131.jpg","width":1800,"height":1200},{"@type":"BreadcrumbList","@id":"https:\/\/www.magna.org\/fr\/sk\/pracujte-s-nami\/najdite-si-poziciu\/#breadcrumb","itemListElement":[{"@type":"ListItem","position":1,"name":"Home","item":"https:\/\/www.magna.org\/fr\/sk\/"},{"@type":"ListItem","position":2,"name":"Pracujte s nami","item":"https:\/\/www.magna.org\/fr\/sk\/pracujte-s-nami\/"},{"@type":"ListItem","position":3,"name":"N\u00e1jdite si poz\u00edciu"}]},{"@type":"WebSite","@id":"https:\/\/www.magna.org\/fr\/#website","url":"https:\/\/www.magna.org\/fr\/","name":"Magna","description":"Just another WordPress site","potentialAction":[{"@type":"SearchAction","target":{"@type":"EntryPoint","urlTemplate":"https:\/\/www.magna.org\/fr\/?s={search_term_string}"},"query-input":{"@type":"PropertyValueSpecification","valueRequired":true,"valueName":"search_term_string"}}],"inLanguage":"en-US"}]}},"_links":{"self":[{"href":"https:\/\/www.magna.org\/fr\/wp-json\/wp\/v2\/pages\/1030","targetHints":{"allow":["GET"]}}],"collection":[{"href":"https:\/\/www.magna.org\/fr\/wp-json\/wp\/v2\/pages"}],"about":[{"href":"https:\/\/www.magna.org\/fr\/wp-json\/wp\/v2\/types\/page"}],"author":[{"embeddable":true,"href":"https:\/\/www.magna.org\/fr\/wp-json\/wp\/v2\/users\/2"}],"replies":[{"embeddable":true,"href":"https:\/\/www.magna.org\/fr\/wp-json\/wp\/v2\/comments?post=1030"}],"version-history":[{"count":127,"href":"https:\/\/www.magna.org\/fr\/wp-json\/wp\/v2\/pages\/1030\/revisions"}],"predecessor-version":[{"id":12993,"href":"https:\/\/www.magna.org\/fr\/wp-json\/wp\/v2\/pages\/1030\/revisions\/12993"}],"up":[{"embeddable":true,"href":"https:\/\/www.magna.org\/fr\/wp-json\/wp\/v2\/pages\/1151"}],"wp:featuredmedia":[{"embeddable":true,"href":"https:\/\/www.magna.org\/fr\/wp-json\/wp\/v2\/media\/6143"}],"wp:attachment":[{"href":"https:\/\/www.magna.org\/fr\/wp-json\/wp\/v2\/media?parent=1030"}],"curies":[{"name":"wp","href":"https:\/\/api.w.org\/{rel}","templated":true}]}}