{"id":10831,"date":"2022-12-13T17:26:47","date_gmt":"2022-12-13T17:26:47","guid":{"rendered":"https:\/\/www.magna.org\/fr\/?page_id=10831"},"modified":"2022-12-14T17:17:07","modified_gmt":"2022-12-14T17:17:07","slug":"kontakt","status":"publish","type":"page","link":"https:\/\/www.magna.org\/fr\/cs\/kontakt\/","title":{"rendered":"Kontaktujte n\u00e1s"},"content":{"rendered":"<div class=\"e-content-text\"><div class=\"e-content-text__inner\">\n<p class=\"has-text-align-center\">\u00dakolem t\u00fdmu MAGNA v \u010cesk\u00e9 republice je z\u00edsk\u00e1vat materi\u00e1ln\u00ed a finan\u010dn\u00ed prost\u0159edky pro humanit\u00e1rn\u00ed zdravotnick\u00e9 projekty, pracovn\u00edky do ter\u00e9nu, realizovat eduka\u010dn\u00ed projekty a informa\u010dn\u00ed kampan\u011b, spolupracovat s m\u00e9dii a informovat ve\u0159ejnost o probl\u00e9mech lid\u00ed a d\u011bt\u00ed \u017eij\u00edc\u00edch v krizov\u00fdch oblastech sv\u011bta.<\/p>\n<\/div><\/div>\n\n<section class=\"s-home-hero s-home-hero--white hc-section-space--normal\">\n    <div class=\"s-home-hero__inner\">\n        <div class=\"s-home-hero__media\">\n            <img loading=\"lazy\" decoding=\"async\" width=\"698\" height=\"524\" src=\"https:\/\/www.magna.org\/fr\/wp-content\/uploads\/2022\/11\/homepage-juzny-sudan-zdravotna-a-nutricna-starostlivost-v-duk-paggak-mb201902g0351-e1669940997687-698x524.jpg\" class=\"attachment-magna-hero size-magna-hero\" alt=\"\" srcset=\"https:\/\/www.magna.org\/fr\/wp-content\/uploads\/2022\/11\/homepage-juzny-sudan-zdravotna-a-nutricna-starostlivost-v-duk-paggak-mb201902g0351-e1669940997687-698x524.jpg 698w, https:\/\/www.magna.org\/fr\/wp-content\/uploads\/2022\/11\/homepage-juzny-sudan-zdravotna-a-nutricna-starostlivost-v-duk-paggak-mb201902g0351-e1669940997687-1396x1048.jpg 1396w\" sizes=\"auto, (max-width: 698px) 100vw, 698px\" \/>\n        <\/div>\n        <div class=\"s-home-hero__content\">\n            <h2 class=\"s-home-hero__title\">M\u00e1te dotazy?<\/h2>\n            <div class=\"s-home-hero__text\">\n                <p>Pokud pot\u0159ebujete pomoc, kontaktujte n\u00e1s mailem nebo zavolejte na \u010d\u00edslo +420 736 416 505 denn\u011b od 9:00 do 17:00.<\/p>\n            <\/div>\n            <div class=\"s-home-hero__cta\">\n                <a href=\"mailto:kancelar@magna.org\" target=\"\" class=\"e-btn e-btn--dark\">Kontaktujte n\u00e1s<\/a>\n            <\/div>\n        <\/div>\n    <\/div>\n<\/section>\n\n<div class=\"e-content-text\"><div class=\"e-content-text__inner\">\n<p class=\"has-vivid-red-color has-text-color has-medium-font-size\"><strong>ADRESA ORGANIZACE V PRAZE<\/strong><\/p>\n<\/div><\/div>\n\n<div class=\"e-content-text\"><div class=\"e-content-text__inner\">\n<p><strong>S\u00eddlo<\/strong><br>Na Pet\u0159in\u00e1ch 2, Praha 6<\/p>\n<\/div><\/div>\n\n<div class=\"e-content-text\"><div class=\"e-content-text__inner\">\n<p><strong>Kancel\u00e1\u0159<\/strong><br>Belgick\u00e1 23, Praha 2<\/p>\n<\/div><\/div>\n\n<div class=\"e-content-text\"><div class=\"e-content-text__inner\">\n<p class=\"has-vivid-red-color has-text-color has-medium-font-size\"><strong>DAL\u0160\u00cd KONTAKTY<\/strong><\/p>\n<\/div><\/div>\n\n<div class=\"e-content-text\"><div class=\"e-content-text__inner\">\n<p><strong>Pro d\u00e1rce<\/strong><br>V p\u0159\u00edpad\u011b ot\u00e1zek t\u00fdkaj\u00edc\u00edch se d\u00e1rcovstv\u00ed n\u00e1s pros\u00edm kontaktujte na n\u00ed\u017ee uveden\u00e9m emailu nebo telefonn\u00edm \u010d\u00edsle.<\/p>\n<\/div><\/div>\n\n<div class=\"e-content-text\"><div class=\"e-content-text__inner\">\n<p><a href=\"tel:+420736416505\">+420 736 416 505<\/a><br><a href=\"mailto:darcovstvi@magna.org\">darcovstvi@magna.org<\/a><\/p>\n<\/div><\/div>\n\n<div class=\"e-content-text\"><div class=\"e-content-text__inner\">\n<p><strong>Pro sponzorstv\u00ed a komunikaci<\/strong><br>V p\u0159\u00edpad\u011b z\u00e1jmu o podporu a formy spolupr\u00e1ce nebo v p\u0159\u00edpad\u011b ot\u00e1zek t\u00fdkaj\u00edc\u00edch se humanit\u00e1rn\u00ed \u010dinnosti \u010di situace v krizov\u00fdch oblastech n\u00e1s pros\u00edm kontaktujte na n\u00ed\u017ee uveden\u00e9m emailu nebo telefonn\u00edm \u010d\u00edsle.<\/p>\n<\/div><\/div>\n\n<div class=\"e-content-text\"><div class=\"e-content-text__inner\">\n<p><a href=\"tel:+420736416505\">+420 736 416 505<\/a><br><a href=\"mailto:kancelar@magna.org\">kancelar@magna.org<\/a><\/p>\n<\/div><\/div>\n\n<div class=\"e-content-support\">\n    <div class=\"e-content-support__box\" style=\"background-image:url('https:\/\/www.magna.org\/fr\/wp-content\/uploads\/2022\/08\/homepage-kazde-novonarodene-babatko-je-ako-maly-vychod-slnka-mb201911g6509.-desktop-v01jpg-e1664093677272.jpg')\">\n        <div class=\"e-content-support__content\">\n            <h3 class=\"e-content-support__title\">L\u00e9\u010d\u00edme d\u00edky V\u00e1m<\/h3>\n            <div class=\"e-content-support__text\">Va\u0161e podpora hraje v\u00fdznamnou roli v na\u0161\u00ed pr\u00e1ci na z\u00e1chranu \u017eivot\u016f.<\/div>\n        <\/div>\n        <div class=\"e-content-support__donate\">\n        <\/div>\n    <\/div>\n<\/div>","protected":false},"excerpt":{"rendered":"<p>\u00dakolem t\u00fdmu MAGNA v \u010cesk\u00e9 republice je z\u00edsk\u00e1vat materi\u00e1ln\u00ed a finan\u010dn\u00ed prost\u0159edky pro humanit\u00e1rn\u00ed zdravotnick\u00e9 projekty, pracovn\u00edky do ter\u00e9nu, realizovat eduka\u010dn\u00ed projekty a informa\u010dn\u00ed kampan\u011b, spolupracovat s m\u00e9dii a informovat ve\u0159ejnost o probl\u00e9mech lid\u00ed a d\u011bt\u00ed \u017eij\u00edc\u00edch v krizov\u00fdch oblastech sv\u011bta. ADRESA ORGANIZACE V PRAZE S\u00eddloNa Pet\u0159in\u00e1ch 2, Praha 6 Kancel\u00e1\u0159Belgick\u00e1 23, Praha 2 DAL\u0160\u00cd [&hellip;]<\/p>\n","protected":false},"author":2,"featured_media":780,"parent":0,"menu_order":1,"comment_status":"closed","ping_status":"closed","template":"page-article.php","meta":{"_acf_changed":false,"inline_featured_image":false,"footnotes":""},"class_list":["post-10831","page","type-page","status-publish","has-post-thumbnail","hentry"],"acf":[],"yoast_head":"<!-- This site is optimized with the Yoast SEO plugin v24.3 - https:\/\/yoast.com\/wordpress\/plugins\/seo\/ -->\n<title>Kontaktujte n\u00e1s - Magna<\/title>\n<meta name=\"robots\" content=\"index, follow, max-snippet:-1, max-image-preview:large, max-video-preview:-1\" \/>\n<link rel=\"canonical\" href=\"https:\/\/www.magna.org\/fr\/cs\/kontakt\/\" \/>\n<meta property=\"og:locale\" content=\"en_US\" \/>\n<meta property=\"og:type\" content=\"article\" \/>\n<meta property=\"og:title\" content=\"Kontaktujte n\u00e1s - Magna\" \/>\n<meta property=\"og:description\" content=\"\u00dakolem t\u00fdmu MAGNA v \u010cesk\u00e9 republice je z\u00edsk\u00e1vat materi\u00e1ln\u00ed a finan\u010dn\u00ed prost\u0159edky pro humanit\u00e1rn\u00ed zdravotnick\u00e9 projekty, pracovn\u00edky do ter\u00e9nu, realizovat eduka\u010dn\u00ed projekty a informa\u010dn\u00ed kampan\u011b, spolupracovat s m\u00e9dii a informovat ve\u0159ejnost o probl\u00e9mech lid\u00ed a d\u011bt\u00ed \u017eij\u00edc\u00edch v krizov\u00fdch oblastech sv\u011bta. ADRESA ORGANIZACE V PRAZE S\u00eddloNa Pet\u0159in\u00e1ch 2, Praha 6 Kancel\u00e1\u0159Belgick\u00e1 23, Praha 2 DAL\u0160\u00cd [&hellip;]\" \/>\n<meta property=\"og:url\" content=\"https:\/\/www.magna.org\/fr\/cs\/kontakt\/\" \/>\n<meta property=\"og:site_name\" content=\"Magna\" \/>\n<meta property=\"article:modified_time\" content=\"2022-12-14T17:17:07+00:00\" \/>\n<meta property=\"og:image\" content=\"https:\/\/www.magna.org\/fr\/wp-content\/uploads\/2022\/09\/homepage-kto-sme-mb2010010g0744-scaled-e1669891224183.jpg\" \/>\n\t<meta property=\"og:image:width\" content=\"2560\" \/>\n\t<meta property=\"og:image:height\" content=\"1266\" \/>\n\t<meta property=\"og:image:type\" content=\"image\/jpeg\" \/>\n<meta name=\"twitter:card\" content=\"summary_large_image\" \/>\n<meta name=\"twitter:label1\" content=\"Est. reading time\" \/>\n\t<meta name=\"twitter:data1\" content=\"1 minute\" \/>\n<script type=\"application\/ld+json\" class=\"yoast-schema-graph\">{\"@context\":\"https:\/\/schema.org\",\"@graph\":[{\"@type\":\"WebPage\",\"@id\":\"https:\/\/www.magna.org\/fr\/cs\/kontakt\/\",\"url\":\"https:\/\/www.magna.org\/fr\/cs\/kontakt\/\",\"name\":\"Kontaktujte n\u00e1s - Magna\",\"isPartOf\":{\"@id\":\"https:\/\/www.magna.org\/fr\/#website\"},\"primaryImageOfPage\":{\"@id\":\"https:\/\/www.magna.org\/fr\/cs\/kontakt\/#primaryimage\"},\"image\":{\"@id\":\"https:\/\/www.magna.org\/fr\/cs\/kontakt\/#primaryimage\"},\"thumbnailUrl\":\"https:\/\/www.magna.org\/fr\/wp-content\/uploads\/2022\/09\/homepage-kto-sme-mb2010010g0744-scaled-e1669891224183.jpg\",\"datePublished\":\"2022-12-13T17:26:47+00:00\",\"dateModified\":\"2022-12-14T17:17:07+00:00\",\"breadcrumb\":{\"@id\":\"https:\/\/www.magna.org\/fr\/cs\/kontakt\/#breadcrumb\"},\"inLanguage\":\"en-US\",\"potentialAction\":[{\"@type\":\"ReadAction\",\"target\":[\"https:\/\/www.magna.org\/fr\/cs\/kontakt\/\"]}]},{\"@type\":\"ImageObject\",\"inLanguage\":\"en-US\",\"@id\":\"https:\/\/www.magna.org\/fr\/cs\/kontakt\/#primaryimage\",\"url\":\"https:\/\/www.magna.org\/fr\/wp-content\/uploads\/2022\/09\/homepage-kto-sme-mb2010010g0744-scaled-e1669891224183.jpg\",\"contentUrl\":\"https:\/\/www.magna.org\/fr\/wp-content\/uploads\/2022\/09\/homepage-kto-sme-mb2010010g0744-scaled-e1669891224183.jpg\",\"width\":2560,\"height\":1266},{\"@type\":\"BreadcrumbList\",\"@id\":\"https:\/\/www.magna.org\/fr\/cs\/kontakt\/#breadcrumb\",\"itemListElement\":[{\"@type\":\"ListItem\",\"position\":1,\"name\":\"Home\",\"item\":\"https:\/\/www.magna.org\/fr\/sk\/\"},{\"@type\":\"ListItem\",\"position\":2,\"name\":\"Kontaktujte n\u00e1s\"}]},{\"@type\":\"WebSite\",\"@id\":\"https:\/\/www.magna.org\/fr\/#website\",\"url\":\"https:\/\/www.magna.org\/fr\/\",\"name\":\"Magna\",\"description\":\"Just another WordPress site\",\"potentialAction\":[{\"@type\":\"SearchAction\",\"target\":{\"@type\":\"EntryPoint\",\"urlTemplate\":\"https:\/\/www.magna.org\/fr\/?s={search_term_string}\"},\"query-input\":{\"@type\":\"PropertyValueSpecification\",\"valueRequired\":true,\"valueName\":\"search_term_string\"}}],\"inLanguage\":\"en-US\"}]}<\/script>\n<!-- \/ Yoast SEO plugin. -->","yoast_head_json":{"title":"Kontaktujte n\u00e1s - Magna","robots":{"index":"index","follow":"follow","max-snippet":"max-snippet:-1","max-image-preview":"max-image-preview:large","max-video-preview":"max-video-preview:-1"},"canonical":"https:\/\/www.magna.org\/fr\/cs\/kontakt\/","og_locale":"en_US","og_type":"article","og_title":"Kontaktujte n\u00e1s - Magna","og_description":"\u00dakolem t\u00fdmu MAGNA v \u010cesk\u00e9 republice je z\u00edsk\u00e1vat materi\u00e1ln\u00ed a finan\u010dn\u00ed prost\u0159edky pro humanit\u00e1rn\u00ed zdravotnick\u00e9 projekty, pracovn\u00edky do ter\u00e9nu, realizovat eduka\u010dn\u00ed projekty a informa\u010dn\u00ed kampan\u011b, spolupracovat s m\u00e9dii a informovat ve\u0159ejnost o probl\u00e9mech lid\u00ed a d\u011bt\u00ed \u017eij\u00edc\u00edch v krizov\u00fdch oblastech sv\u011bta. ADRESA ORGANIZACE V PRAZE S\u00eddloNa Pet\u0159in\u00e1ch 2, Praha 6 Kancel\u00e1\u0159Belgick\u00e1 23, Praha 2 DAL\u0160\u00cd [&hellip;]","og_url":"https:\/\/www.magna.org\/fr\/cs\/kontakt\/","og_site_name":"Magna","article_modified_time":"2022-12-14T17:17:07+00:00","og_image":[{"width":2560,"height":1266,"url":"https:\/\/www.magna.org\/fr\/wp-content\/uploads\/2022\/09\/homepage-kto-sme-mb2010010g0744-scaled-e1669891224183.jpg","type":"image\/jpeg"}],"twitter_card":"summary_large_image","twitter_misc":{"Est. reading time":"1 minute"},"schema":{"@context":"https:\/\/schema.org","@graph":[{"@type":"WebPage","@id":"https:\/\/www.magna.org\/fr\/cs\/kontakt\/","url":"https:\/\/www.magna.org\/fr\/cs\/kontakt\/","name":"Kontaktujte n\u00e1s - Magna","isPartOf":{"@id":"https:\/\/www.magna.org\/fr\/#website"},"primaryImageOfPage":{"@id":"https:\/\/www.magna.org\/fr\/cs\/kontakt\/#primaryimage"},"image":{"@id":"https:\/\/www.magna.org\/fr\/cs\/kontakt\/#primaryimage"},"thumbnailUrl":"https:\/\/www.magna.org\/fr\/wp-content\/uploads\/2022\/09\/homepage-kto-sme-mb2010010g0744-scaled-e1669891224183.jpg","datePublished":"2022-12-13T17:26:47+00:00","dateModified":"2022-12-14T17:17:07+00:00","breadcrumb":{"@id":"https:\/\/www.magna.org\/fr\/cs\/kontakt\/#breadcrumb"},"inLanguage":"en-US","potentialAction":[{"@type":"ReadAction","target":["https:\/\/www.magna.org\/fr\/cs\/kontakt\/"]}]},{"@type":"ImageObject","inLanguage":"en-US","@id":"https:\/\/www.magna.org\/fr\/cs\/kontakt\/#primaryimage","url":"https:\/\/www.magna.org\/fr\/wp-content\/uploads\/2022\/09\/homepage-kto-sme-mb2010010g0744-scaled-e1669891224183.jpg","contentUrl":"https:\/\/www.magna.org\/fr\/wp-content\/uploads\/2022\/09\/homepage-kto-sme-mb2010010g0744-scaled-e1669891224183.jpg","width":2560,"height":1266},{"@type":"BreadcrumbList","@id":"https:\/\/www.magna.org\/fr\/cs\/kontakt\/#breadcrumb","itemListElement":[{"@type":"ListItem","position":1,"name":"Home","item":"https:\/\/www.magna.org\/fr\/sk\/"},{"@type":"ListItem","position":2,"name":"Kontaktujte n\u00e1s"}]},{"@type":"WebSite","@id":"https:\/\/www.magna.org\/fr\/#website","url":"https:\/\/www.magna.org\/fr\/","name":"Magna","description":"Just another WordPress site","potentialAction":[{"@type":"SearchAction","target":{"@type":"EntryPoint","urlTemplate":"https:\/\/www.magna.org\/fr\/?s={search_term_string}"},"query-input":{"@type":"PropertyValueSpecification","valueRequired":true,"valueName":"search_term_string"}}],"inLanguage":"en-US"}]}},"_links":{"self":[{"href":"https:\/\/www.magna.org\/fr\/wp-json\/wp\/v2\/pages\/10831","targetHints":{"allow":["GET"]}}],"collection":[{"href":"https:\/\/www.magna.org\/fr\/wp-json\/wp\/v2\/pages"}],"about":[{"href":"https:\/\/www.magna.org\/fr\/wp-json\/wp\/v2\/types\/page"}],"author":[{"embeddable":true,"href":"https:\/\/www.magna.org\/fr\/wp-json\/wp\/v2\/users\/2"}],"replies":[{"embeddable":true,"href":"https:\/\/www.magna.org\/fr\/wp-json\/wp\/v2\/comments?post=10831"}],"version-history":[{"count":9,"href":"https:\/\/www.magna.org\/fr\/wp-json\/wp\/v2\/pages\/10831\/revisions"}],"predecessor-version":[{"id":11008,"href":"https:\/\/www.magna.org\/fr\/wp-json\/wp\/v2\/pages\/10831\/revisions\/11008"}],"wp:featuredmedia":[{"embeddable":true,"href":"https:\/\/www.magna.org\/fr\/wp-json\/wp\/v2\/media\/780"}],"wp:attachment":[{"href":"https:\/\/www.magna.org\/fr\/wp-json\/wp\/v2\/media?parent=10831"}],"curies":[{"name":"wp","href":"https:\/\/api.w.org\/{rel}","templated":true}]}}