{"id":10847,"date":"2022-12-13T17:47:30","date_gmt":"2022-12-13T17:47:30","guid":{"rendered":"https:\/\/www.magna.org\/fr\/?page_id=10847"},"modified":"2023-05-25T19:49:55","modified_gmt":"2023-05-25T19:49:55","slug":"pracujte-s-nama","status":"publish","type":"page","link":"https:\/\/www.magna.org\/fr\/cs\/pracujte-s-nama\/","title":{"rendered":"Pracujte s n\u00e1mi"},"content":{"rendered":"<section class=\"s-support hc-section-space--normal\">\n    <div class=\"s-support__header\">\n        <h1 class=\"s-support__title\">P\u0159idejte se k na\u0161im t\u00fdm\u016fm<\/h1>\n        <div class=\"s-support__intro\">\n            <p>MAGNA z\u00e1vis\u00ed na odhodl\u00e1n\u00ed, ob\u011btavosti a tvrd\u00e9 pr\u00e1ci t\u011bch, kte\u0159\u00ed se pod\u00edlej\u00ed na v\u00fdsledc\u00edch projekt\u016f, v ter\u00e9nu i v kancel\u00e1\u0159i. A\u0165 u\u017e jste odborn\u00edk na zdravotnictv\u00ed, finance, logistiku nebo jakoukoli jinou oblast, budete sou\u010d\u00e1st\u00ed na\u0161\u00ed spole\u010dn\u00e9 mise. Zde se m\u016f\u017eete uch\u00e1zet bu\u010f o konkr\u00e9tn\u00ed inzerovanou pozici, nebo o vstup do na\u0161\u00ed mezin\u00e1rodn\u00ed datab\u00e1ze humanit\u00e1rn\u00edch pracovn\u00edk\u016f.<\/p>\n\n        <\/div>\n    <\/div>\n    <div class=\"s-support__content\">\n        <div class=\"s-support__items\">\n        <\/div>\n    <\/div>\n<\/section>\n\n<section class=\"s-home-hero s-home-hero--white hc-section-space--normal\">\n    <div class=\"s-home-hero__inner\">\n        <div class=\"s-home-hero__media\">\n            <img loading=\"lazy\" decoding=\"async\" width=\"698\" height=\"524\" src=\"https:\/\/www.magna.org\/fr\/wp-content\/uploads\/2022\/12\/homepage-pracujte-s-nami-mb2011031m0196-e1669938110466-698x524.jpg\" class=\"attachment-magna-hero size-magna-hero\" alt=\"\" srcset=\"https:\/\/www.magna.org\/fr\/wp-content\/uploads\/2022\/12\/homepage-pracujte-s-nami-mb2011031m0196-e1669938110466-698x524.jpg 698w, https:\/\/www.magna.org\/fr\/wp-content\/uploads\/2022\/12\/homepage-pracujte-s-nami-mb2011031m0196-e1669938110466-1396x1048.jpg 1396w\" sizes=\"auto, (max-width: 698px) 100vw, 698px\" \/>\n        <\/div>\n        <div class=\"s-home-hero__content\">\n            <h2 class=\"s-home-hero__title\">Na\u0161e nal\u00e9hav\u00e9 pot\u0159eby v ter\u00e9nu<\/h2>\n            <div class=\"s-home-hero__text\">\n                <p>Kl\u00ed\u010dovou prioritou MAGNA je udr\u017eet na\u0161e dlouhodob\u00e9 zdravotnick\u00e9 programy v provozu pro tis\u00edce pacient\u016f, kter\u00e9 pom\u00e1h\u00e1me l\u00e9\u010dit a z\u00e1rove\u0148 b\u00fdt schopni reagovat na nouzov\u00e9 situace ohro\u017euj\u00edc\u00ed \u017eivoty lid\u00ed na cel\u00e9m sv\u011bt\u011b a to s v\u011bt\u0161\u00edm d\u016frazem na zem\u011b s nestabiln\u00ed situac\u00ed nebo se slab\u00fdm zdravotn\u00edm syst\u00e9mem.<\/p>\n            <\/div>\n            <div class=\"s-home-hero__cta\">\n                <a href=\"https:\/\/www.magna.org\/fr\/cs\/pracujte-s-nama\/pridejte-se-k-nam-do-terenu\/\" target=\"\" class=\"e-btn e-btn--dark\">P\u0159idejte se<\/a>\n            <\/div>\n        <\/div>\n    <\/div>\n<\/section>\n\n<section class=\"s-home-focus hc-section-space--normal\">\n    <div class=\"s-home-focus__inner\">\n        <div class=\"s-home-focus__wrap\">\n            <div class=\"s-home-focus__image\">\n                <div class=\"s-home-focus__img\" style=\"background-image:url('https:\/\/www.magna.org\/fr\/wp-content\/uploads\/2022\/12\/homepage-pracujte-s-nami-mb2015009g0291-1034x632.jpg')\"><\/div>\n            <\/div>\n            <div class=\"s-home-focus__content\">\n                <h2 class=\"s-home-focus__title\">Na\u0161e z\u00e1vazky t\u00fdkaj\u00edc\u00ed se chov\u00e1n\u00ed<\/h2>\n                <div class=\"s-home-focus__text\">\n                    <p>Integrita na\u0161\u00ed organizace je podporov\u00e1na dobr\u00fdm chov\u00e1n\u00edm ka\u017ed\u00e9ho jednotliv\u00e9ho zam\u011bstnance na jak\u00e9mkoli m\u00edst\u011b s pln\u00fdm respektem v\u016f\u010di komunit\u00e1m, kter\u00fdm pom\u00e1h\u00e1me. Pro n\u00e1s to znamen\u00e1 netolerovat \u017e\u00e1dn\u00e9 chov\u00e1n\u00ed na\u0161ich zam\u011bstnanc\u016f, kter\u00e9 zneu\u017e\u00edv\u00e1 zranitelnosti jin\u00fdch nebo zam\u011bstnanc\u016f, kte\u0159\u00ed vyu\u017e\u00edvaj\u00ed sv\u00e9 pozice pro osobn\u00ed zisk. Netolerujeme \u017e\u00e1dn\u00e9 fyzick\u00e9 nebo psychick\u00e9 t\u00fdr\u00e1n\u00ed jednotlivc\u016f, sexu\u00e1ln\u00ed obt\u011b\u017eov\u00e1n\u00ed, sexu\u00e1ln\u00ed vztahy s nezletil\u00fdmi nebo jak\u00e9koli chov\u00e1n\u00ed, kter\u00e9 nerespektuje lidskou d\u016fstojnost.<\/p>\n<p>MAGNA podporuje pracovn\u00ed prost\u0159ed\u00ed bez obt\u011b\u017eov\u00e1n\u00ed a zneu\u017e\u00edv\u00e1n\u00ed. Jsme jednozna\u010dn\u011b zav\u00e1z\u00e1ni bojovat proti zneu\u017e\u00edv\u00e1n\u00ed a posilovat mechanismy a postupy pro jeho p\u0159edch\u00e1zen\u00ed a \u0159e\u0161en\u00ed.<\/p>\n\n                <\/div>\n            <\/div>\n        <\/div>\n    <\/div>\n<\/section>\n\n<section class=\"s-support hc-section-space--normal\">\n    <div class=\"s-support__header\">\n        <h1 class=\"s-support__title\">MAGNA ter\u00e9nn\u00ed projekty<\/h1>\n        <div class=\"s-support__intro\">\n            <p>Ka\u017ed\u00fd rok v\u00edce ne\u017e 20 mezin\u00e1rodn\u00edch zam\u011bstnanc\u016f odch\u00e1z\u00ed na projekty v ter\u00e9nu a p\u0159ipojuje se k t\u00e9m\u011b\u0159 500 m\u00edstn\u00edm pracovn\u00edk\u016fm v na\u0161ich mis\u00edch. T\u00fdmy MAGNA z\u016fst\u00e1vaj\u00ed b\u011bhem sv\u00e9 pr\u00e1ce v ter\u00e9nu p\u0159\u00edsn\u011b neutr\u00e1ln\u00ed a nestrann\u00e9 a p\u0159i pln\u011bn\u00ed sv\u00fdch povinnost\u00ed mus\u00ed m\u00edt \u00faplnou autonomii.<\/p>\n\n        <\/div>\n    <\/div>\n    <div class=\"s-support__content\">\n        <div class=\"s-support__items\">\n            <div class=\"s-support__item \">\n                <article class=\"a-support\">\n    <a href=\"https:\/\/www.magna.org\/fr\/cs\/pracujte-s-nama\/najdete-si-pozici\/\" target=\"\" class=\"a-support__link\"><\/a>\n        <div class=\"a-support__image\">\n            <div class=\"a-support__img\" style=\"background-image:url('https:\/\/www.magna.org\/fr\/wp-content\/uploads\/2022\/12\/homepage-najdite-si-poziciu-mb2015009g0131-850x478.jpg');\"><\/div>\n        <\/div>\n    <div class=\"a-support__content\">\n        <h3 class=\"a-support__title\">Najd\u011bte si pozici<\/h3>\n        <div class=\"a-support__text\"><p>MAGNA hled\u00e1 kvalifikovan\u00e9 l\u00e9ka\u0159sk\u00e9 a nemedic\u00ednsk\u00e9 odborn\u00edky, v\u010detn\u011b koordin\u00e1tor\u016f, pro pr\u00e1ci v na\u0161ich ter\u00e9nn\u00edch projektech.<\/p>\n<\/div>\n    <\/div>\n    <div class=\"a-support__footer\">\n        <div class=\"a-support__cta\">\n            <a href=\"https:\/\/www.magna.org\/fr\/cs\/pracujte-s-nama\/najdete-si-pozici\/\" target=\"\" class=\"e-btn e-btn--primary\"><span>Zjistit v\u00edce<\/span><i class=\"icon-heart\"><\/i><\/a>\n        <\/div>\n    <\/div>\n<\/article>\n            <\/div>\n            <div class=\"s-support__item \">\n                <article class=\"a-support\">\n    <a href=\"https:\/\/www.magna.org\/fr\/cs\/pracujte-s-nama\/kariera-a-benefity\/\" target=\"\" class=\"a-support__link\"><\/a>\n        <div class=\"a-support__image\">\n            <div class=\"a-support__img\" style=\"background-image:url('https:\/\/www.magna.org\/fr\/wp-content\/uploads\/2022\/12\/homepage-pracujte-s-nami-mb2010001g1826-850x478.jpg');\"><\/div>\n        <\/div>\n    <div class=\"a-support__content\">\n        <h3 class=\"a-support__title\">Kari\u00e9ra a benefity<\/h3>\n        <div class=\"a-support__text\"><p>Up\u0159ednostn\u011bni budou kandid\u00e1ti, kte\u0159\u00ed se zav\u00e1\u017e\u00ed k dlouhodob\u00e9 kari\u00e9\u0159e v oblasti humanit\u00e1rn\u00ed pomoci.<\/p>\n<\/div>\n    <\/div>\n    <div class=\"a-support__footer\">\n        <div class=\"a-support__cta\">\n            <a href=\"https:\/\/www.magna.org\/fr\/cs\/pracujte-s-nama\/kariera-a-benefity\/\" target=\"\" class=\"e-btn e-btn--primary\"><span>Zjistit v\u00edce<\/span><i class=\"icon-heart\"><\/i><\/a>\n        <\/div>\n    <\/div>\n<\/article>\n            <\/div>\n        <\/div>\n    <\/div>\n<\/section>\n\n<section class=\"s-faq hc-section-space--normal\">\n    <div class=\"s-faq__inner\">\n        <h2 class=\"s-faq__title\">Znalosti a dovednosti, kter\u00e9 m\u00e1te, my pot\u0159ebujeme<\/h2>\n        <div class=\"s-faq__items js-accordion\">\n                <h3 class=\"s-faq__question js-accordion__title\">Dostupnost 9 a\u017e 12 m\u011bs\u00edc\u016f<\/h3>\n                <div class=\"s-faq__answer\">\n                    <p>Vzhledem k m\u00ed\u0159e odpov\u011bdnosti, kterou maj\u00ed pracovn\u00edci MAGNA p\u0159evz\u00edt, \u010das pot\u0159ebn\u00fd na aklimatizaci, pochopen\u00ed kontextu a pot\u0159ebu kontinuity ve prosp\u011bch na\u0161eho lok\u00e1ln\u011b najat\u00e9ho person\u00e1lu a pacient\u016f budou <strong>up\u0159ednostn\u011bni kandid\u00e1ti, kte\u0159\u00ed se zav\u00e1\u017e\u00ed k dlouhodob\u00e9 kari\u00e9\u0159e v oblasti humanit\u00e1rn\u00ed pomoci.<\/strong><\/p>\n\n                <\/div>\n                <h3 class=\"s-faq__question js-accordion__title\">Zku\u0161enosti z rozvojov\u00fdch zem\u00ed<\/h3>\n                <div class=\"s-faq__answer\">\n                    <p><strong>P\u0159ednost se d\u00e1v\u00e1 t\u011bm, kte\u0159\u00ed maj\u00ed zku\u0161enosti s prac\u00ed v humanit\u00e1rn\u00edm kontextu.<\/strong><br \/>\nJeliko\u017e MAGNA p\u016fsob\u00ed v\u011bt\u0161inou v rozvojov\u00fdch zem\u00edch a nestabiln\u00edch podm\u00ednk\u00e1ch, od v\u0161ech uchaze\u010d\u016f se vy\u017eaduj\u00ed p\u0159edchoz\u00ed pracovn\u00ed zku\u0161enosti s n\u00edzk\u00fdmi p\u0159\u00edjmem. Up\u0159ednost\u0148uj\u00ed se ti, kte\u0159\u00ed maj\u00ed zku\u0161enosti s prac\u00ed v humanit\u00e1rn\u00edm kontextu, a to je podm\u00ednkou pro ur\u010dit\u00e9 profily.<\/p>\n\n                <\/div>\n                <h3 class=\"s-faq__question js-accordion__title\">Profesion\u00e1ln\u00ed zku\u0161enosti<\/h3>\n                <div class=\"s-faq__answer\">\n                    <p><strong>Minim\u00e1ln\u011b 2 roky relevantn\u00ed odborn\u00e9 praxe.<\/strong><br \/>\nOd v\u0161ech pozic se vy\u017eaduje, aby m\u011bli alespo\u0148 dva roky relevantn\u00edch odborn\u00fdch zku\u0161enost\u00ed po absolvov\u00e1n\u00ed \u0161koly.<\/p>\n\n                <\/div>\n                <h3 class=\"s-faq__question js-accordion__title\">Schopnost pracovat s r\u016fznorod\u00fdm t\u00fdmem<\/h3>\n                <div class=\"s-faq__answer\">\n                    <p><strong>Zku\u0161enosti jako supervizor, mana\u017eer nebo u\u010ditel\/a<\/strong><br \/>\nV\u011bt\u0161ina humanit\u00e1rn\u00edch pracovn\u00edk\u016f MAGNA bude v ter\u00e9nu zast\u00e1vat dozor\u010d\u00ed nebo \u0159\u00edd\u00edc\u00ed pozici a \u010dasto str\u00e1v\u00ed v\u00edce \u010dasu dozorem a \u0161kolen\u00edm jin\u00fdch, ne\u017e praktickou prac\u00ed. Od ka\u017ed\u00e9ho uchaze\u010de v MAGNA se vy\u017eaduje p\u0159edchoz\u00ed zku\u0161enost s dohledem, \u0159\u00edzen\u00edm, vyu\u010dov\u00e1n\u00edm a\/nebo \u0161kolen\u00edm jin\u00fdch.<\/p>\n\n                <\/div>\n                <h3 class=\"s-faq__question js-accordion__title\">Flexibilita a p\u0159izp\u016fsobivost<\/h3>\n                <div class=\"s-faq__answer\">\n                    <p><strong>Schopnost pracovat a \u017e\u00edt v r\u016fznorod\u00e9m t\u00fdmu.<\/strong><br \/>\nT\u00fdm MAGNA se skl\u00e1d\u00e1 z l\u00e9ka\u0159sk\u00fdch a nel\u00e9ka\u0159sk\u00fdch odborn\u00edk\u016f z r\u016fzn\u00fdch n\u00e1rodnost\u00ed a kulturn\u00edch prost\u0159ed\u00ed. Je v\u00fdzvou pracovat, \u017e\u00edt a komunikovat s jednotlivci, jejich\u017e jazyk nebo zvyky jsou odli\u0161n\u00e9 od va\u0161eho. Va\u0161e schopnost a ochota zapojit se do t\u00e9to rozmanitosti je nezbytn\u00e1.<\/p>\n\n                <\/div>\n                <h3 class=\"s-faq__question js-accordion__title\">Po\u010d\u00edta\u010dov\u00e9 dovednosti<\/h3>\n                <div class=\"s-faq__answer\">\n                    <p><strong>V\u0161ichni pomocn\u00ed pracovn\u00edci MAGNA p\u00ed\u0161\u00ed a p\u0159edkl\u00e1daj\u00ed zpr\u00e1vy a mnoz\u00ed jsou zapojeni do sb\u011bru dat.<\/strong> Abyste se mohli p\u0159ihl\u00e1sit do MAGNA, mus\u00edte m\u00edt z\u00e1kladn\u00ed po\u010d\u00edta\u010dov\u00e9 dovednosti a mus\u00edte um\u011bt pohodln\u011b pou\u017e\u00edvat aplikace Microsoft Office (Word, Excel a PowerPoint). A\u010dkoli se to nevy\u017eaduje, p\u0159edchoz\u00ed zku\u0161enosti s pou\u017e\u00edv\u00e1n\u00edm datab\u00e1zov\u00e9ho softwaru jsou v\u00fdhodou.<\/p>\n\n                <\/div>\n                <h3 class=\"s-faq__question js-accordion__title\">Dodr\u017eov\u00e1n\u00ed princip\u016f MAGNA<\/h3>\n                <div class=\"s-faq__answer\">\n                    <p><strong>MAGNA p\u016fsob\u00ed\u00a0nez\u00e1visle na jak\u00e9koli politick\u00e9, vojensk\u00e9 nebo n\u00e1bo\u017eensk\u00e9 agend\u011b,\u00a0<\/strong>Dodr\u017euje neutralitu a\u00a0poskytuje\u00a0nestrannou p\u00e9\u010di poskytovanou v\u00fdlu\u010dn\u011b na z\u00e1klad\u011b pot\u0159eby. Kvalifikovan\u00ed uchaze\u010di jsou posuzov\u00e1ni pro p\u0159ijet\u00ed do zam\u011bstn\u00e1n\u00ed bez ohledu na v\u011bk, rasu, barvu pleti, n\u00e1bo\u017eenstv\u00ed, pohlav\u00ed, n\u00e1rodnostn\u00ed p\u016fvod, sexu\u00e1ln\u00ed orientaci nebo zdravotn\u00ed posti\u017een\u00ed.<\/p>\n\n                <\/div>\n                <h3 class=\"s-faq__question js-accordion__title\">Jazykov\u00e9 znalosti<\/h3>\n                <div class=\"s-faq__answer\">\n                    <p><strong>Znalost anglick\u00e9ho jazyka je nezbytnost\u00ed pro ka\u017edou pozici.<\/strong> Zna\u010dn\u00fd po\u010det mis\u00ed MAGNA je ve frankofonn\u00edch (frankofonn\u00edch) zem\u00edch, a proto jsou znalosti francouzsk\u00e9ho jazyka velmi \u017e\u00e1douc\u00ed, proto\u017ee umo\u017e\u0148uj\u00ed v\u00edce p\u0159\u00edle\u017eitost\u00ed k um\u00edst\u011bn\u00ed. Plynulost je cenn\u00e1, ale ne nezbytn\u00e1 \u2013 d\u016fle\u017eit\u011bj\u0161\u00ed je kompetentn\u00ed \u00farove\u0148 mluven\u00e9 francouz\u0161tiny. Znalosti v jin\u00fdch jazyc\u00edch, ne\u017e je arab\u0161tina, jsou sice m\u00e9n\u011b nal\u00e9hav\u00e9, ale mohou b\u00fdt v\u00fdhodou.<\/p>\n\n                <\/div>\n        <\/div>\n    <\/div>\n<\/section>\n\n<section class=\"s-support hc-section-space--normal\">\n    <div class=\"s-support__header\">\n        <h1 class=\"s-support__title\">Pr\u00e1ce v centr\u00e1le<\/h1>\n        <div class=\"s-support__intro\">\n            <p>N\u011bkte\u0159\u00ed lid\u00e9 pracuj\u00ed v centr\u00e1le MAGNA na podpo\u0159e na\u0161ich humanit\u00e1rn\u00edch zdravotnick\u00fdch program\u016f ve sv\u011bt\u011b.<\/p>\n<p><strong>Aktu\u00e1ln\u011b nem\u00e1me \u017e\u00e1dn\u00e9 voln\u00e9 pozice.<\/strong><\/p>\n\n        <\/div>\n    <\/div>\n    <div class=\"s-support__content\">\n        <div class=\"s-support__items\">\n        <\/div>\n    <\/div>\n<\/section>","protected":false},"excerpt":{"rendered":"","protected":false},"author":2,"featured_media":0,"parent":0,"menu_order":0,"comment_status":"closed","ping_status":"closed","template":"page-full.php","meta":{"_acf_changed":false,"inline_featured_image":false,"footnotes":""},"class_list":["post-10847","page","type-page","status-publish","hentry"],"acf":[],"yoast_head":"<!-- This site is optimized with the Yoast SEO plugin v24.3 - https:\/\/yoast.com\/wordpress\/plugins\/seo\/ -->\n<title>Pracujte s n\u00e1mi - Magna<\/title>\n<meta name=\"robots\" content=\"index, follow, max-snippet:-1, max-image-preview:large, max-video-preview:-1\" \/>\n<link rel=\"canonical\" href=\"https:\/\/www.magna.org\/fr\/cs\/pracujte-s-nama\/\" \/>\n<meta property=\"og:locale\" content=\"en_US\" \/>\n<meta property=\"og:type\" content=\"article\" \/>\n<meta property=\"og:title\" content=\"Pracujte s n\u00e1mi - Magna\" \/>\n<meta property=\"og:url\" content=\"https:\/\/www.magna.org\/fr\/cs\/pracujte-s-nama\/\" \/>\n<meta property=\"og:site_name\" content=\"Magna\" \/>\n<meta property=\"article:modified_time\" content=\"2023-05-25T19:49:55+00:00\" \/>\n<meta name=\"twitter:card\" content=\"summary_large_image\" \/>\n<script type=\"application\/ld+json\" class=\"yoast-schema-graph\">{\"@context\":\"https:\/\/schema.org\",\"@graph\":[{\"@type\":\"WebPage\",\"@id\":\"https:\/\/www.magna.org\/fr\/cs\/pracujte-s-nama\/\",\"url\":\"https:\/\/www.magna.org\/fr\/cs\/pracujte-s-nama\/\",\"name\":\"Pracujte s n\u00e1mi - Magna\",\"isPartOf\":{\"@id\":\"https:\/\/www.magna.org\/fr\/#website\"},\"datePublished\":\"2022-12-13T17:47:30+00:00\",\"dateModified\":\"2023-05-25T19:49:55+00:00\",\"breadcrumb\":{\"@id\":\"https:\/\/www.magna.org\/fr\/cs\/pracujte-s-nama\/#breadcrumb\"},\"inLanguage\":\"en-US\",\"potentialAction\":[{\"@type\":\"ReadAction\",\"target\":[\"https:\/\/www.magna.org\/fr\/cs\/pracujte-s-nama\/\"]}]},{\"@type\":\"BreadcrumbList\",\"@id\":\"https:\/\/www.magna.org\/fr\/cs\/pracujte-s-nama\/#breadcrumb\",\"itemListElement\":[{\"@type\":\"ListItem\",\"position\":1,\"name\":\"Home\",\"item\":\"https:\/\/www.magna.org\/fr\/sk\/\"},{\"@type\":\"ListItem\",\"position\":2,\"name\":\"Pracujte s n\u00e1mi\"}]},{\"@type\":\"WebSite\",\"@id\":\"https:\/\/www.magna.org\/fr\/#website\",\"url\":\"https:\/\/www.magna.org\/fr\/\",\"name\":\"Magna\",\"description\":\"Just another WordPress site\",\"potentialAction\":[{\"@type\":\"SearchAction\",\"target\":{\"@type\":\"EntryPoint\",\"urlTemplate\":\"https:\/\/www.magna.org\/fr\/?s={search_term_string}\"},\"query-input\":{\"@type\":\"PropertyValueSpecification\",\"valueRequired\":true,\"valueName\":\"search_term_string\"}}],\"inLanguage\":\"en-US\"}]}<\/script>\n<!-- \/ Yoast SEO plugin. -->","yoast_head_json":{"title":"Pracujte s n\u00e1mi - Magna","robots":{"index":"index","follow":"follow","max-snippet":"max-snippet:-1","max-image-preview":"max-image-preview:large","max-video-preview":"max-video-preview:-1"},"canonical":"https:\/\/www.magna.org\/fr\/cs\/pracujte-s-nama\/","og_locale":"en_US","og_type":"article","og_title":"Pracujte s n\u00e1mi - Magna","og_url":"https:\/\/www.magna.org\/fr\/cs\/pracujte-s-nama\/","og_site_name":"Magna","article_modified_time":"2023-05-25T19:49:55+00:00","twitter_card":"summary_large_image","schema":{"@context":"https:\/\/schema.org","@graph":[{"@type":"WebPage","@id":"https:\/\/www.magna.org\/fr\/cs\/pracujte-s-nama\/","url":"https:\/\/www.magna.org\/fr\/cs\/pracujte-s-nama\/","name":"Pracujte s n\u00e1mi - Magna","isPartOf":{"@id":"https:\/\/www.magna.org\/fr\/#website"},"datePublished":"2022-12-13T17:47:30+00:00","dateModified":"2023-05-25T19:49:55+00:00","breadcrumb":{"@id":"https:\/\/www.magna.org\/fr\/cs\/pracujte-s-nama\/#breadcrumb"},"inLanguage":"en-US","potentialAction":[{"@type":"ReadAction","target":["https:\/\/www.magna.org\/fr\/cs\/pracujte-s-nama\/"]}]},{"@type":"BreadcrumbList","@id":"https:\/\/www.magna.org\/fr\/cs\/pracujte-s-nama\/#breadcrumb","itemListElement":[{"@type":"ListItem","position":1,"name":"Home","item":"https:\/\/www.magna.org\/fr\/sk\/"},{"@type":"ListItem","position":2,"name":"Pracujte s n\u00e1mi"}]},{"@type":"WebSite","@id":"https:\/\/www.magna.org\/fr\/#website","url":"https:\/\/www.magna.org\/fr\/","name":"Magna","description":"Just another WordPress site","potentialAction":[{"@type":"SearchAction","target":{"@type":"EntryPoint","urlTemplate":"https:\/\/www.magna.org\/fr\/?s={search_term_string}"},"query-input":{"@type":"PropertyValueSpecification","valueRequired":true,"valueName":"search_term_string"}}],"inLanguage":"en-US"}]}},"_links":{"self":[{"href":"https:\/\/www.magna.org\/fr\/wp-json\/wp\/v2\/pages\/10847","targetHints":{"allow":["GET"]}}],"collection":[{"href":"https:\/\/www.magna.org\/fr\/wp-json\/wp\/v2\/pages"}],"about":[{"href":"https:\/\/www.magna.org\/fr\/wp-json\/wp\/v2\/types\/page"}],"author":[{"embeddable":true,"href":"https:\/\/www.magna.org\/fr\/wp-json\/wp\/v2\/users\/2"}],"replies":[{"embeddable":true,"href":"https:\/\/www.magna.org\/fr\/wp-json\/wp\/v2\/comments?post=10847"}],"version-history":[{"count":11,"href":"https:\/\/www.magna.org\/fr\/wp-json\/wp\/v2\/pages\/10847\/revisions"}],"predecessor-version":[{"id":13310,"href":"https:\/\/www.magna.org\/fr\/wp-json\/wp\/v2\/pages\/10847\/revisions\/13310"}],"wp:attachment":[{"href":"https:\/\/www.magna.org\/fr\/wp-json\/wp\/v2\/media?parent=10847"}],"curies":[{"name":"wp","href":"https:\/\/api.w.org\/{rel}","templated":true}]}}