{"id":10853,"date":"2022-12-13T18:00:06","date_gmt":"2022-12-13T18:00:06","guid":{"rendered":"https:\/\/www.magna.org\/fr\/?page_id=10853"},"modified":"2023-05-07T04:47:37","modified_gmt":"2023-05-07T04:47:37","slug":"najdete-si-pozici","status":"publish","type":"page","link":"https:\/\/www.magna.org\/fr\/cs\/pracujte-s-nama\/najdete-si-pozici\/","title":{"rendered":"Najd\u011bte si pozici"},"content":{"rendered":"<section class=\"s-panels hc-section-space--normal\">\n    <div class=\"s-panels__inner\">\n        <div class=\"s-panels__aside s-panels__aside--empty\"><\/div>\n        <div class=\"s-panels__content\">\n<article class=\"a-teaser\">\n    <div class=\"a-teaser__content\">\n        <h2 class=\"a-teaser__title\">Jste l\u00e9ka\u0159 nebo logista?<\/h2>\n        <div class=\"a-teaser__text\">\n            <div class=\"hero-basicpage\">\n<div class=\"hero-basicpage__text-content with-sidebar bg--light-gray\">\n<div class=\"hero-basicpage__text-content-inner-container\">\n<p>Prohl\u00e9dn\u011bte si pozice dostupn\u00e9 s MAGNA v ter\u00e9nu a zjist\u011bte, jak\u00e9 to je m\u00edt kari\u00e9ru v poskytov\u00e1n\u00ed zdravotn\u00ed pomoci tam, kde je to nejv\u00edce zapot\u0159eb\u00ed. Spol\u00e9h\u00e1me na silnou s\u00ed\u0165 odborn\u00edk\u016f, kte\u0159\u00ed zabezpe\u010duj\u00ed \u017eivot zachra\u0148uj\u00edc\u00ed zdravitn\u00ed pomoc.<\/p>\n<p>MAGNA ka\u017edoro\u010dn\u011b pos\u00edl\u00e1 lidi ze Slovenska a jin\u00fdch zem\u00ed, aby spolu s v\u00edce ne\u017e 500 m\u00edstn\u00edmi zam\u011bstnanci vykon\u00e1vali \u00fakoly, aby poskytli \u017eivot zachra\u0148uj\u00edc\u00ed zdravotn\u00ed pomoc lidem, kte\u0159\u00ed by jinak nem\u011bli p\u0159\u00edstup ke zdravotn\u00ed p\u00e9\u010di, \u010dist\u00e9 vod\u011b a p\u0159\u00edst\u0159e\u0161ku.<\/p>\n<p>MAGNA hled\u00e1 kvalifikovan\u00e9 medic\u00ednsk\u00e9 a nel\u00e9ka\u0159sk\u00e9 odborn\u00edky, v\u010detn\u011b koordin\u00e1tor\u016f, pro pr\u00e1ci v na\u0161ich ter\u00e9nn\u00edch projektech.<\/p>\n<\/div>\n<\/div>\n<\/div>\n\n        <\/div>\n    <\/div>\n    <div class=\"a-teaser__image\">\n        <div class=\"a-teaser__img\" style=\"background-image:url('https\\:\\\/\\\/www\\.magna\\.org\\\/fr\\\/wp-content\\\/uploads\\\/2022\\\/12\\\/homepage-najdite-si-poziciu-mb2011045m0024\\.jpg')\"><\/div>\n    <\/div>\n<\/article>        <\/div>\n    <\/div>\n<\/section>\n\n<section class=\"s-article-full s-article-full--secondary s-article-full--right hc-section-space--normal\">\n    <div class=\"s-article-full__inner\">\n        <div class=\"s-article-full__content\">\n            <h2 class=\"s-article-full__title\">Co to znamen\u00e1 pracovat v ter\u00e9nu<\/h2>\n            <div class=\"s-article-full__text\">\n                <p>B\u011bhem pr\u00e1ce v ter\u00e9nu m\u016f\u017eete objevit sv\u016fj skryt\u00fd talent, m\u016f\u017ee v\u00e1s inspirovat a zm\u011bnit v\u00e1\u0161 \u017eivot.<\/p>\n<p>Va\u0161e \u017eivotn\u00ed podm\u00ednky na misi budou \u010dasto zcela z\u00e1kladn\u00ed. Budete se \u0159\u00eddit bezpe\u010dnostn\u00edmi pokyny ve v\u0161ech situac\u00edch. Nebudete moci prov\u00e1d\u011bt aktivity, na kter\u00e9 jste z domova zvykl\u00ed &#8211; sport, divadlo, kino a pod. Budete spolupracovat s lidmi z r\u016fzn\u00fdch zem\u00ed, s m\u00edstn\u00edmi zam\u011bstnanci, kte\u0159\u00ed t\u00e9m\u011b\u0159 v\u017edy tvo\u0159\u00ed v\u011bt\u0161inu v t\u00fdmu, tak\u017ee budete muset b\u00fdt schopni a ochotni p\u0159izp\u016fsobit se lidem z jin\u00fdch kultur.<\/p>\n<p>Jste v p\u0159\u00edm\u00e9m kontaktu s lidmi, kter\u00fdm pom\u00e1h\u00e1te, ale m\u016f\u017ee se st\u00e1t, \u017ee poka\u017ed\u00e9 nepoc\u00edt\u00edte jejich vd\u011bk. V projektu, zemi nebo oblasti, kde budete p\u016fsobit, se situace m\u016f\u017ee v okam\u017eiku zm\u011bnit, a t\u00edm se bude muset zm\u011bnit i Va\u0161e pr\u00e1ce. Pru\u017enost a p\u0159izp\u016fsobivost jsou pro pr\u00e1ci v ter\u00e9nu z\u00e1sadn\u00ed.<\/p>\n\n            <\/div>\n        <\/div>\n        <div class=\"s-article-full__image\">\n            <div class=\"s-article-full__img\" style=\"background-image:url('https:\/\/www.magna.org\/fr\/wp-content\/uploads\/2022\/11\/homepage-juzny-sudan-zdravotna-a-nutricna-starostlivost-v-duk-paggak-mb201902g0351-e1669940997687-552x291.jpg')\"><\/div>\n        <\/div>\n    <\/div>\n<\/section>\n\n<section class=\"s-panels hc-section-space--normal\">\n    <div class=\"s-panels__inner\">\n        <div class=\"s-panels__aside s-panels__aside--empty\">\n        <\/div>\n        <div class=\"s-panels__content\">\n            <section class=\"s-articles s-articles--2\">\n                <div class=\"s-articles__inner\">\n                    <h2 class=\"s-articles__title\">Koho v ter\u00e9nu pot\u0159ebujeme?<\/h2>\n                    <div class=\"s-articles__content\">\n                        <div class=\"s-articles__items\">\n                            <div class=\"s-articles__item\">\n                                <article class=\"a-job\">\n    <div class=\"a-job__image\">\n        <div class=\"a-job__img\" style=\"background-image:url('https:\/\/www.magna.org\/fr\/wp-content\/uploads\/2022\/09\/homepage-kto-sme-mb2011045m0156.jpg');\"><\/div>\n    <\/div>\n    <div class=\"a-job__content\">\n        <h3 class=\"a-job__title\">Finan\u010dn\u00ed a administrativn\u00ed pracovn\u00edk<\/h3>\n    <\/div>\n<\/article>\n                            <\/div>\n                            <div class=\"s-articles__item\">\n                                <article class=\"a-job\">\n    <div class=\"a-job__image\">\n        <div class=\"a-job__img\" style=\"background-image:url('https:\/\/www.magna.org\/fr\/wp-content\/uploads\/2022\/12\/homepage-najdite-si-poziciu-mb201902g0317.jpg');\"><\/div>\n    <\/div>\n    <div class=\"a-job__content\">\n        <h3 class=\"a-job__title\">Zdravotn\u00ed referent<\/h3>\n    <\/div>\n<\/article>\n                            <\/div>\n                            <div class=\"s-articles__item\">\n                                <article class=\"a-job\">\n    <a href=\"https:\/\/www.magna.org\/fr\/cs\/job-offer\/project-coordinator-cs\/\" class=\"a-job__link\" target=\"\"><\/a>\n    <div class=\"a-job__image\">\n        <div class=\"a-job__img\" style=\"background-image:url('https:\/\/www.magna.org\/fr\/wp-content\/uploads\/2022\/12\/homepage-pracujte-s-nami-mb2010003g0074-e1669934794904.jpg');\"><\/div>\n    <\/div>\n    <div class=\"a-job__content\">\n        <h3 class=\"a-job__title\">Koordin\u00e1tor projektu<\/h3>\n    <\/div>\n<\/article>\n                            <\/div>\n                            <div class=\"s-articles__item\">\n                                <article class=\"a-job\">\n    <a href=\"https:\/\/www.magna.org\/fr\/cs\/job-offer\/medical-coordinator-cs\/\" class=\"a-job__link\" target=\"\"><\/a>\n    <div class=\"a-job__image\">\n        <div class=\"a-job__img\" style=\"background-image:url('https:\/\/www.magna.org\/fr\/wp-content\/uploads\/2022\/09\/homepage-aktualne-mb2011031m0129.jpg');\"><\/div>\n    <\/div>\n    <div class=\"a-job__content\">\n        <h3 class=\"a-job__title\">L\u00e9ka\u0159sk\u00fd koordin\u00e1tor<\/h3>\n    <\/div>\n<\/article>\n                            <\/div>\n                            <div class=\"s-articles__item\">\n                                <article class=\"a-job\">\n    <a href=\"https:\/\/www.magna.org\/fr\/cs\/job-offer\/finance-and-hr-coordinator-cs\/\" class=\"a-job__link\" target=\"\"><\/a>\n    <div class=\"a-job__image\">\n        <div class=\"a-job__img\" style=\"background-image:url('https:\/\/www.magna.org\/fr\/wp-content\/uploads\/2022\/12\/homepage-najdite-si-poziciu-mb201901g0010.jpg');\"><\/div>\n    <\/div>\n    <div class=\"a-job__content\">\n        <h3 class=\"a-job__title\">Finan\u010dn\u00ed a person\u00e1ln\u00ed koordin\u00e1tor<\/h3>\n    <\/div>\n<\/article>\n                            <\/div>\n                            <div class=\"s-articles__item\">\n                                <article class=\"a-job\">\n    <div class=\"a-job__image\">\n        <div class=\"a-job__img\" style=\"background-image:url('https:\/\/www.magna.org\/fr\/wp-content\/uploads\/2022\/12\/homepage-najdite-si-poziciu-mb2011047m0065.jpg');\"><\/div>\n    <\/div>\n    <div class=\"a-job__content\">\n        <h3 class=\"a-job__title\">Logistic pracovn\u00edk<\/h3>\n    <\/div>\n<\/article>\n                            <\/div>\n                            <div class=\"s-articles__item\">\n                                <article class=\"a-job\">\n    <div class=\"a-job__image\">\n        <div class=\"a-job__img\" style=\"background-image:url('https:\/\/www.magna.org\/fr\/wp-content\/uploads\/2022\/09\/homepage-kto-sme-mb2011045m0156.jpg');\"><\/div>\n    <\/div>\n    <div class=\"a-job__content\">\n        <h3 class=\"a-job__title\">Komunika\u010dn\u00ed pracovn\u00edk<\/h3>\n    <\/div>\n<\/article>\n                            <\/div>\n                            <div class=\"s-articles__item\">\n                                <article class=\"a-job\">\n    <div class=\"a-job__image\">\n        <div class=\"a-job__img\" style=\"background-image:url('https:\/\/www.magna.org\/fr\/wp-content\/uploads\/2022\/09\/homepage-kto-sme-mb2010010g0744-scaled-e1669891224183.jpg');\"><\/div>\n    <\/div>\n    <div class=\"a-job__content\">\n        <h3 class=\"a-job__title\">Zdravotn\u00ed sestra<\/h3>\n    <\/div>\n<\/article>\n                            <\/div>\n                        <\/div>\n                    <\/div>\n                <\/div>\n            <\/section>\n        <\/div>\n    <\/div>\n<\/section>","protected":false},"excerpt":{"rendered":"","protected":false},"author":2,"featured_media":6143,"parent":10847,"menu_order":0,"comment_status":"closed","ping_status":"closed","template":"page-subpage.php","meta":{"_acf_changed":false,"inline_featured_image":false,"footnotes":""},"class_list":["post-10853","page","type-page","status-publish","has-post-thumbnail","hentry"],"acf":[],"yoast_head":"<!-- This site is optimized with the Yoast SEO plugin v24.3 - https:\/\/yoast.com\/wordpress\/plugins\/seo\/ -->\n<title>Najd\u011bte si pozici - Magna<\/title>\n<meta name=\"robots\" content=\"index, follow, max-snippet:-1, max-image-preview:large, max-video-preview:-1\" \/>\n<link rel=\"canonical\" href=\"https:\/\/www.magna.org\/fr\/cs\/pracujte-s-nama\/najdete-si-pozici\/\" \/>\n<meta property=\"og:locale\" content=\"en_US\" \/>\n<meta property=\"og:type\" content=\"article\" \/>\n<meta property=\"og:title\" content=\"Najd\u011bte si pozici - Magna\" \/>\n<meta property=\"og:url\" content=\"https:\/\/www.magna.org\/fr\/cs\/pracujte-s-nama\/najdete-si-pozici\/\" \/>\n<meta property=\"og:site_name\" content=\"Magna\" \/>\n<meta property=\"article:modified_time\" content=\"2023-05-07T04:47:37+00:00\" \/>\n<meta property=\"og:image\" content=\"https:\/\/www.magna.org\/fr\/wp-content\/uploads\/2022\/12\/homepage-najdite-si-poziciu-mb2015009g0131.jpg\" \/>\n\t<meta property=\"og:image:width\" content=\"1800\" \/>\n\t<meta property=\"og:image:height\" content=\"1200\" \/>\n\t<meta property=\"og:image:type\" content=\"image\/jpeg\" \/>\n<meta name=\"twitter:card\" content=\"summary_large_image\" \/>\n<script type=\"application\/ld+json\" class=\"yoast-schema-graph\">{\"@context\":\"https:\/\/schema.org\",\"@graph\":[{\"@type\":\"WebPage\",\"@id\":\"https:\/\/www.magna.org\/fr\/cs\/pracujte-s-nama\/najdete-si-pozici\/\",\"url\":\"https:\/\/www.magna.org\/fr\/cs\/pracujte-s-nama\/najdete-si-pozici\/\",\"name\":\"Najd\u011bte si pozici - Magna\",\"isPartOf\":{\"@id\":\"https:\/\/www.magna.org\/fr\/#website\"},\"primaryImageOfPage\":{\"@id\":\"https:\/\/www.magna.org\/fr\/cs\/pracujte-s-nama\/najdete-si-pozici\/#primaryimage\"},\"image\":{\"@id\":\"https:\/\/www.magna.org\/fr\/cs\/pracujte-s-nama\/najdete-si-pozici\/#primaryimage\"},\"thumbnailUrl\":\"https:\/\/www.magna.org\/fr\/wp-content\/uploads\/2022\/12\/homepage-najdite-si-poziciu-mb2015009g0131.jpg\",\"datePublished\":\"2022-12-13T18:00:06+00:00\",\"dateModified\":\"2023-05-07T04:47:37+00:00\",\"breadcrumb\":{\"@id\":\"https:\/\/www.magna.org\/fr\/cs\/pracujte-s-nama\/najdete-si-pozici\/#breadcrumb\"},\"inLanguage\":\"en-US\",\"potentialAction\":[{\"@type\":\"ReadAction\",\"target\":[\"https:\/\/www.magna.org\/fr\/cs\/pracujte-s-nama\/najdete-si-pozici\/\"]}]},{\"@type\":\"ImageObject\",\"inLanguage\":\"en-US\",\"@id\":\"https:\/\/www.magna.org\/fr\/cs\/pracujte-s-nama\/najdete-si-pozici\/#primaryimage\",\"url\":\"https:\/\/www.magna.org\/fr\/wp-content\/uploads\/2022\/12\/homepage-najdite-si-poziciu-mb2015009g0131.jpg\",\"contentUrl\":\"https:\/\/www.magna.org\/fr\/wp-content\/uploads\/2022\/12\/homepage-najdite-si-poziciu-mb2015009g0131.jpg\",\"width\":1800,\"height\":1200},{\"@type\":\"BreadcrumbList\",\"@id\":\"https:\/\/www.magna.org\/fr\/cs\/pracujte-s-nama\/najdete-si-pozici\/#breadcrumb\",\"itemListElement\":[{\"@type\":\"ListItem\",\"position\":1,\"name\":\"Home\",\"item\":\"https:\/\/www.magna.org\/fr\/sk\/\"},{\"@type\":\"ListItem\",\"position\":2,\"name\":\"Pracujte s n\u00e1mi\",\"item\":\"https:\/\/www.magna.org\/fr\/cs\/pracujte-s-nama\/\"},{\"@type\":\"ListItem\",\"position\":3,\"name\":\"Najd\u011bte si pozici\"}]},{\"@type\":\"WebSite\",\"@id\":\"https:\/\/www.magna.org\/fr\/#website\",\"url\":\"https:\/\/www.magna.org\/fr\/\",\"name\":\"Magna\",\"description\":\"Just another WordPress site\",\"potentialAction\":[{\"@type\":\"SearchAction\",\"target\":{\"@type\":\"EntryPoint\",\"urlTemplate\":\"https:\/\/www.magna.org\/fr\/?s={search_term_string}\"},\"query-input\":{\"@type\":\"PropertyValueSpecification\",\"valueRequired\":true,\"valueName\":\"search_term_string\"}}],\"inLanguage\":\"en-US\"}]}<\/script>\n<!-- \/ Yoast SEO plugin. -->","yoast_head_json":{"title":"Najd\u011bte si pozici - Magna","robots":{"index":"index","follow":"follow","max-snippet":"max-snippet:-1","max-image-preview":"max-image-preview:large","max-video-preview":"max-video-preview:-1"},"canonical":"https:\/\/www.magna.org\/fr\/cs\/pracujte-s-nama\/najdete-si-pozici\/","og_locale":"en_US","og_type":"article","og_title":"Najd\u011bte si pozici - Magna","og_url":"https:\/\/www.magna.org\/fr\/cs\/pracujte-s-nama\/najdete-si-pozici\/","og_site_name":"Magna","article_modified_time":"2023-05-07T04:47:37+00:00","og_image":[{"width":1800,"height":1200,"url":"https:\/\/www.magna.org\/fr\/wp-content\/uploads\/2022\/12\/homepage-najdite-si-poziciu-mb2015009g0131.jpg","type":"image\/jpeg"}],"twitter_card":"summary_large_image","schema":{"@context":"https:\/\/schema.org","@graph":[{"@type":"WebPage","@id":"https:\/\/www.magna.org\/fr\/cs\/pracujte-s-nama\/najdete-si-pozici\/","url":"https:\/\/www.magna.org\/fr\/cs\/pracujte-s-nama\/najdete-si-pozici\/","name":"Najd\u011bte si pozici - Magna","isPartOf":{"@id":"https:\/\/www.magna.org\/fr\/#website"},"primaryImageOfPage":{"@id":"https:\/\/www.magna.org\/fr\/cs\/pracujte-s-nama\/najdete-si-pozici\/#primaryimage"},"image":{"@id":"https:\/\/www.magna.org\/fr\/cs\/pracujte-s-nama\/najdete-si-pozici\/#primaryimage"},"thumbnailUrl":"https:\/\/www.magna.org\/fr\/wp-content\/uploads\/2022\/12\/homepage-najdite-si-poziciu-mb2015009g0131.jpg","datePublished":"2022-12-13T18:00:06+00:00","dateModified":"2023-05-07T04:47:37+00:00","breadcrumb":{"@id":"https:\/\/www.magna.org\/fr\/cs\/pracujte-s-nama\/najdete-si-pozici\/#breadcrumb"},"inLanguage":"en-US","potentialAction":[{"@type":"ReadAction","target":["https:\/\/www.magna.org\/fr\/cs\/pracujte-s-nama\/najdete-si-pozici\/"]}]},{"@type":"ImageObject","inLanguage":"en-US","@id":"https:\/\/www.magna.org\/fr\/cs\/pracujte-s-nama\/najdete-si-pozici\/#primaryimage","url":"https:\/\/www.magna.org\/fr\/wp-content\/uploads\/2022\/12\/homepage-najdite-si-poziciu-mb2015009g0131.jpg","contentUrl":"https:\/\/www.magna.org\/fr\/wp-content\/uploads\/2022\/12\/homepage-najdite-si-poziciu-mb2015009g0131.jpg","width":1800,"height":1200},{"@type":"BreadcrumbList","@id":"https:\/\/www.magna.org\/fr\/cs\/pracujte-s-nama\/najdete-si-pozici\/#breadcrumb","itemListElement":[{"@type":"ListItem","position":1,"name":"Home","item":"https:\/\/www.magna.org\/fr\/sk\/"},{"@type":"ListItem","position":2,"name":"Pracujte s n\u00e1mi","item":"https:\/\/www.magna.org\/fr\/cs\/pracujte-s-nama\/"},{"@type":"ListItem","position":3,"name":"Najd\u011bte si pozici"}]},{"@type":"WebSite","@id":"https:\/\/www.magna.org\/fr\/#website","url":"https:\/\/www.magna.org\/fr\/","name":"Magna","description":"Just another WordPress site","potentialAction":[{"@type":"SearchAction","target":{"@type":"EntryPoint","urlTemplate":"https:\/\/www.magna.org\/fr\/?s={search_term_string}"},"query-input":{"@type":"PropertyValueSpecification","valueRequired":true,"valueName":"search_term_string"}}],"inLanguage":"en-US"}]}},"_links":{"self":[{"href":"https:\/\/www.magna.org\/fr\/wp-json\/wp\/v2\/pages\/10853","targetHints":{"allow":["GET"]}}],"collection":[{"href":"https:\/\/www.magna.org\/fr\/wp-json\/wp\/v2\/pages"}],"about":[{"href":"https:\/\/www.magna.org\/fr\/wp-json\/wp\/v2\/types\/page"}],"author":[{"embeddable":true,"href":"https:\/\/www.magna.org\/fr\/wp-json\/wp\/v2\/users\/2"}],"replies":[{"embeddable":true,"href":"https:\/\/www.magna.org\/fr\/wp-json\/wp\/v2\/comments?post=10853"}],"version-history":[{"count":14,"href":"https:\/\/www.magna.org\/fr\/wp-json\/wp\/v2\/pages\/10853\/revisions"}],"predecessor-version":[{"id":12995,"href":"https:\/\/www.magna.org\/fr\/wp-json\/wp\/v2\/pages\/10853\/revisions\/12995"}],"up":[{"embeddable":true,"href":"https:\/\/www.magna.org\/fr\/wp-json\/wp\/v2\/pages\/10847"}],"wp:featuredmedia":[{"embeddable":true,"href":"https:\/\/www.magna.org\/fr\/wp-json\/wp\/v2\/media\/6143"}],"wp:attachment":[{"href":"https:\/\/www.magna.org\/fr\/wp-json\/wp\/v2\/media?parent=10853"}],"curies":[{"name":"wp","href":"https:\/\/api.w.org\/{rel}","templated":true}]}}