{"id":10863,"date":"2022-12-13T18:08:46","date_gmt":"2022-12-13T18:08:46","guid":{"rendered":"https:\/\/www.magna.org\/fr\/?page_id=10863"},"modified":"2022-12-13T18:34:42","modified_gmt":"2022-12-13T18:34:42","slug":"kariera-a-benefity","status":"publish","type":"page","link":"https:\/\/www.magna.org\/fr\/cs\/pracujte-s-nama\/kariera-a-benefity\/","title":{"rendered":"Kari\u00e9ra a benefity"},"content":{"rendered":"<section class=\"s-panels hc-section-space--normal\">\n    <div class=\"s-panels__inner\">\n        <div class=\"s-panels__aside s-panels__aside--empty\"><\/div>\n        <div class=\"s-panels__content\">\n<article class=\"a-teaser\">\n    <div class=\"a-teaser__content\">\n        <h2 class=\"a-teaser__title\">Podm\u00ednky<\/h2>\n        <div class=\"a-teaser__text\">\n            <p>J\u00edt na humanit\u00e1rn\u00ed misi vy\u017eaduje vysokou \u00farove\u0148 osobn\u00edho nasazen\u00ed. Motivace, schopnost p\u0159izp\u016fsobit se a pracovat v multidisciplin\u00e1rn\u00edch a multikulturn\u00edch t\u00fdmech, zv\u011bdavost a otev\u0159enost v\u016f\u010di jin\u00fdm kultur\u00e1m jsou vlastnosti, kter\u00e9 jsou pro t\u00fdm MAGNA nezbytn\u00e9.<\/p>\n<p><strong>MAGNA pos\u00edl\u00e1 do sv\u00fdch ter\u00e9nn\u00edch projekt\u016f zku\u0161en\u00e9 odborn\u00edky. V r\u00e1mci MAGNA, bez ohledu na va\u0161i pozici, budete m\u00edt placenou smlouvu.<\/strong><\/p>\n<p>Organizace nab\u00edz\u00ed stipendium nebo pracovn\u00ed smlouvu na dobu ur\u010ditou podle m\u00edsta bydli\u0161t\u011b a zku\u0161enost\u00ed osoby. V\u0161em mezin\u00e1rodn\u00edm zam\u011bstnanc\u016fm se poskytuje zdravotn\u00ed poji\u0161t\u011bn\u00ed.<\/p>\n\n        <\/div>\n    <\/div>\n    <div class=\"a-teaser__image\">\n        <div class=\"a-teaser__img\" style=\"background-image:url('https\\:\\\/\\\/www\\.magna\\.org\\\/fr\\\/wp-content\\\/uploads\\\/2006\\\/01\\\/homepage-kambodza-pediatricka-starostlivost-v-takhmau-mb200708g0046\\.jpg')\"><\/div>\n    <\/div>\n<\/article>        <\/div>\n    <\/div>\n<\/section>\n\n<section class=\"s-article-full s-article-full--secondary s-article-full--left hc-section-space--normal\">\n    <div class=\"s-article-full__inner\">\n        <div class=\"s-article-full__content\">\n            <h2 class=\"s-article-full__title\">Jak budu placen\u00fd?<\/h2>\n            <div class=\"s-article-full__text\">\n                <p>Va\u0161e smlouva a kompenzace z\u00e1vis\u00ed na zemi va\u0161eho pobytu a va\u0161ich zku\u0161enostech:<\/p>\n<p><strong>Standardn\u00ed smlouva na dobu ur\u010ditou:<\/strong> smlouva na dobu ur\u010ditou s platem od 1 550 EUR do 3 277 EUR v hrub\u00e9m v z\u00e1vislosti na roli zam\u011bstnance a jeho relevantn\u00edch zku\u0161enost\u00ed. Tato mzda podl\u00e9h\u00e1 zdan\u011bn\u00ed.<\/p>\n<p><strong>Zahrani\u010dn\u00ed dobrovoln\u00edk:<\/strong> dobrovolnick\u00e1 dohoda s odm\u011bnou 1 120 \u20ac v \u010dist\u00e9m.<\/p>\n<p><strong>Zahrani\u010dn\u00ed zam\u011bstnanec:<\/strong> smlouva na dobu ur\u010ditou s platem od 1 550 EUR do 3 277 EUR v \u010dist\u00e9m v z\u00e1vislosti na roli zam\u011bstnance a jeho relevantn\u00edch zku\u0161enost\u00ed na dan\u00e9 pozici.<\/p>\n\n            <\/div>\n        <\/div>\n        <div class=\"s-article-full__image\">\n            <div class=\"s-article-full__img\" style=\"background-image:url('https:\/\/www.magna.org\/fr\/wp-content\/uploads\/2022\/12\/homepage-pracujte-s-nami-mb2010010g0890-e1669940163353-552x352.jpg')\"><\/div>\n        <\/div>\n    <\/div>\n<\/section>\n\n<section class=\"s-panels hc-section-space--normal\">\n    <div class=\"s-panels__inner\">\n        <div class=\"s-panels__aside s-panels__aside--empty\"><\/div>\n        <div class=\"s-panels__content\">\n            <section class=\"s-faq hc-section-space--normal\">\n                <div class=\"s-faq__inner\">\n                    <h2 class=\"s-faq__title\">Jak\u00e9 v\u00fdhody dost\u00e1v\u00e1m?<\/h2>\n                    <div class=\"s-faq__items js-accordion\">\n                            <h3 class=\"s-faq__question js-accordion__title\">DOPRAVA<\/h3>\n                            <div class=\"s-faq__answer\">\n                                <p><strong>MAGNA hrad\u00ed zp\u00e1te\u010dn\u00ed cestu z va\u0161eho bydli\u0161t\u011b na misi.<\/strong> U kontrakt\u016f nad 12 m\u011bs\u00edc\u016f m\u00e1te mo\u017enost dostat extra cestu do va\u0161eho bydli\u0161t\u011b.<\/p>\n\n                            <\/div>\n                            <h3 class=\"s-faq__question js-accordion__title\">STRAVN\u00cd<\/h3>\n                            <div class=\"s-faq__answer\">\n                                <p><strong>Ka\u017ed\u00fd m\u011bs\u00edc se v ter\u00e9nu poskytuje m\u011bs\u00ed\u010dn\u00ed p\u0159\u00edsp\u011bvek na \u017eivotn\u00ed n\u00e1klady zvan\u00fd \u201estravn\u00ed\u201c<\/strong> na pokryt\u00ed n\u00e1klad\u016f na stravu a osobn\u00ed v\u00fddaje. Stejn\u00e1 \u010d\u00e1stka a p\u0159izn\u00e1v\u00e1 v\u0161em mezin\u00e1rodn\u00edm zam\u011bstnanc\u016fm pracuj\u00edc\u00edm ve stejn\u00e9 zemi p\u0159id\u011blen\u00ed bez ohledu na jejich um\u00edst\u011bn\u00ed.<\/p>\n\n                            <\/div>\n                            <h3 class=\"s-faq__question js-accordion__title\">VOLN\u00c9 DNY A DOVOLEN\u00c1<\/h3>\n                            <div class=\"s-faq__answer\">\n                                <p><strong>PLACEN\u00c9 VOLNO:<\/strong> MAGNA se rozhodla poskytnout a zaplatit 25 pracovn\u00edch dn\u016f dovolen\u00e9 za ka\u017ed\u00fd rok mise. P\u0159i smlouv\u00e1ch nad 12 m\u011bs\u00edc\u016f jsou tyto dny vy\u0161\u0161\u00ed a to v z\u00e1vislosti na d\u00e9lce kontraktu.<\/p>\n<p><strong>BREAK:<\/strong> Pou\u017eiteln\u00e9 pouze pro projektov\u00e9 pozici (ne koordina\u010dn\u00ed v hlavn\u00edm m\u011bst\u011b) a v n\u00e1ro\u010dn\u00fdch mis\u00edch. Ka\u017ed\u00e9 t\u0159i m\u011bs\u00edce m\u00e1te povolen jeden t\u00fdden volna. B\u011bhem t\u011bchto pr\u00e1zdnin MAGNA do ur\u010dit\u00e9 m\u00edry financuje cesty do sousedn\u00edch zem\u00ed.<\/p>\n\n                            <\/div>\n                            <h3 class=\"s-faq__question js-accordion__title\">UBYTOV\u00c1N\u00cd V TER\u00c9NU<\/h3>\n                            <div class=\"s-faq__answer\">\n                                <p><strong>B\u011bhem trv\u00e1n\u00ed va\u0161eho p\u0159id\u011blen\u00ed v\u00e1m bude poskytnuto ubytov\u00e1n\u00ed v rezidenci schv\u00e1len\u00e9 MAGNA.<\/strong><\/p>\n<p>Ubytov\u00e1n\u00ed se m\u016f\u017ee zna\u010dn\u011b li\u0161it od projektu k projektu v z\u00e1vislosti na \u017eivotn\u00edch podm\u00ednk\u00e1ch v r\u00e1mci misijn\u00ed zem\u011b nebo oblasti projektu. V n\u011bkter\u00fdch oblastech bude ubytov\u00e1n\u00ed dobrovoln\u00edk\u016f a projektov\u00e1 kancel\u00e1\u0159 MAGNA ve stejn\u00e9 budov\u011b.<\/p>\n<p>Jedn\u00edm z na\u0161ich z\u00e1kladn\u00edch princip\u016f je, \u017ee v\u0161ichni ter\u00e9nn\u00ed dobrovoln\u00edci by m\u011bli \u017e\u00edt spole\u010dn\u011b. Z\u00e1rove\u0148 ch\u00e1peme, \u017ee rodinn\u00e1 a osobn\u00ed situace ter\u00e9nn\u00edho dobrovoln\u00edka m\u016f\u017ee zt\u00ed\u017eit spole\u010dn\u00e9 bydlen\u00ed, zejm\u00e9na v dlouhodob\u011bj\u0161\u00edch projektech. Z t\u011bchto d\u016fvod\u016f, pokud je to mo\u017en\u00e9, MAGNA hrad\u00ed individu\u00e1ln\u00ed ubytov\u00e1n\u00ed.<\/p>\n\n                            <\/div>\n                            <h3 class=\"s-faq__question js-accordion__title\">POJI\u0160T\u011aN\u00cd<\/h3>\n                            <div class=\"s-faq__answer\">\n                                <p>MAGNA poskytuje poji\u0161t\u011bn\u00ed zdravotn\u00ed p\u00e9\u010de a l\u00e9ka\u0159sk\u00e9 evakuace.<\/p>\n\n                            <\/div>\n                            <h3 class=\"s-faq__question js-accordion__title\">HOME CHILD ALLOWANCES<\/h3>\n                            <div class=\"s-faq__answer\">\n                                <p>M\u011bs\u00ed\u010dn\u00ed \u010d\u00e1stka vypl\u00e1cen\u00e1 spolu s platem za nezaopat\u0159en\u00e9 d\u011bti, kter\u00e9 z\u016fst\u00e1vaj\u00ed v zemi sv\u00e9ho bydli\u0161t\u011b. Poskytuje se pouze pro zam\u011bstnance pracuj\u00edc\u00ed s MAGNA v\u00edce ne\u017e 12 m\u011bs\u00edc\u016f a na koordina\u010dn\u00ed pozici.<\/p>\n\n                            <\/div>\n                    <\/div>\n                <\/div>\n            <\/section>\n        <\/div>\n    <\/div>\n<\/section>\n\n<section class=\"s-article-full s-article-full--yellow s-article-full--right hc-section-space--normal\">\n    <div class=\"s-article-full__inner\">\n        <div class=\"s-article-full__content\">\n            <h2 class=\"s-article-full__title\">M\u016f\u017eu j\u00edt na misi se svou rodinou?<\/h2>\n            <div class=\"s-article-full__text\">\n                <p><strong>Na sv\u016fj prvn\u00ed \u00fakol v ter\u00e9nu si s sebou nem\u016f\u017eete vz\u00edt sv\u00e9ho partnera nebo rodinu.<\/strong><\/p>\n<p>To by bylo mo\u017en\u00e9 jen tehdy, pokud zast\u00e1v\u00e1te koordina\u010dn\u00ed pozici, obvykle v centr\u00e1le mise v hlavn\u00edm m\u011bst\u011b zem\u011b, a pouze pokud MAGNA povol\u00ed rodinu na tomto m\u00edst\u011b.<\/p>\n<p>Bezpe\u010dnostn\u00ed hlediska, nedostatek pracovn\u00edch p\u0159\u00edle\u017eitost\u00ed mimo MAGNA, omezen\u00e9 mo\u017enosti ubytov\u00e1n\u00ed, nedostatek pot\u0159ebn\u00e9ho vzd\u011bl\u00e1v\u00e1n\u00ed a zdravotnick\u00fdch syst\u00e9m\u016f atp. znamenaj\u00ed, \u017ee mo\u017enosti m\u00edt rodiny na ter\u00e9nn\u00edch projektech jsou omezen\u00e9.<\/p>\n\n            <\/div>\n        <\/div>\n        <div class=\"s-article-full__image\">\n            <div class=\"s-article-full__img\" style=\"background-image:url('https:\/\/www.magna.org\/fr\/wp-content\/uploads\/2022\/12\/homepage-kariera-a-benefity-mb201811g3269-552x368.jpg')\"><\/div>\n        <\/div>\n    <\/div>\n<\/section>\n\n<section class=\"s-panels hc-section-space--normal\">\n    <div class=\"s-panels__inner\">\n        <div class=\"s-panels__aside s-panels__aside--empty\"><\/div>\n        <div class=\"s-panels__content\">\n<article class=\"a-teaser\">\n    <div class=\"a-teaser__content\">\n        <h2 class=\"a-teaser__title\">\u017divot a pr\u00e1ce v ter\u00e9nu<\/h2>\n        <div class=\"a-teaser__text\">\n            <p><strong>B\u011bhem pr\u00e1ce v ter\u00e9nu m\u016f\u017eete objevit sv\u016fj skryt\u00fd talent, m\u016f\u017ee v\u00e1s inspirovat a zm\u011bnit v\u00e1\u0161 \u017eivot.<\/strong><\/p>\n<p>Va\u0161e \u017eivotn\u00ed podm\u00ednky na misi budou \u010dasto zcela z\u00e1kladn\u00ed. Budete se \u0159\u00eddit bezpe\u010dnostn\u00edmi pokyny ve v\u0161ech situac\u00edch. Nebudete moci prov\u00e1d\u011bt aktivity, na kter\u00e9 jste z domova zvykl\u00ed &#8211; sport, divadlo, kino a pod. Budete spolupracovat s lidmi z r\u016fzn\u00fdch zem\u00ed, s m\u00edstn\u00edmi zam\u011bstnanci, kte\u0159\u00ed t\u00e9m\u011b\u0159 v\u017edy tvo\u0159\u00ed v\u011bt\u0161inu v t\u00fdmu, tak\u017ee budete muset b\u00fdt schopni a ochotni p\u0159izp\u016fsobit se lidem z jin\u00fdch kultur. Jste v p\u0159\u00edm\u00e9m kontaktu s lidmi, kter\u00fdm pom\u00e1h\u00e1te, ale m\u016f\u017ee se st\u00e1t, \u017ee poka\u017ed\u00e9 nepoc\u00edt\u00edte jejich vd\u011bk. V projektu, zemi nebo oblasti, kde budete p\u016fsobit, se situace m\u016f\u017ee v okam\u017eiku zm\u011bnit, a t\u00edm se bude muset zm\u011bnit i Va\u0161e pr\u00e1ce. Pru\u017enost a p\u0159izp\u016fsobivost jsou pro pr\u00e1ci v ter\u00e9nu z\u00e1sadn\u00ed.<\/p>\n\n        <\/div>\n    <\/div>\n    <div class=\"a-teaser__image\">\n        <div class=\"a-teaser__img\" style=\"background-image:url('https\\:\\\/\\\/www\\.magna\\.org\\\/fr\\\/wp-content\\\/uploads\\\/2022\\\/11\\\/homepage-haiti-mb2010001g0046\\.jpg')\"><\/div>\n    <\/div>\n<\/article>        <\/div>\n    <\/div>\n<\/section>\n\n<section class=\"s-panels hc-section-space--normal\">\n    <div class=\"s-panels__inner\">\n        <div class=\"s-panels__aside s-panels__aside--empty\"><\/div>\n        <div class=\"s-panels__content\">\n<section class=\"s-articles js-carousel\">\n    <div class=\"s-articles__inner\">\n        <h2 class=\"s-articles__title\">Hlasy z ter\u00e9nu<\/h2>\n        <div class=\"s-articles__content\">\n            <div class=\"s-articles__items js-carousel__items\">\n                <div class=\"s-articles__item js-carousel__item\">\n                    \n<article class=\"a-news\">\n    <a href=\"https:\/\/www.magna.org\/fr\/sk\/spravy-sk\/libanon-kazde-novonarodene-babatko-je-ako-maly-vychod-slnka\/\" class=\"a-news__link\"><\/a>\n    <div class=\"a-news__image\">\n        <div class=\"a-news__img\" style=\"background-image:url('https:\/\/www.magna.org\/fr\/wp-content\/uploads\/2022\/12\/ln_midwiwe-and-newbornbaalbeckjune-lell-e1656040427405-468x468.jpg');\"><\/div>\n    <\/div>\n    <div class=\"a-news__content\">\n        <h5 class=\"a-news__subtitle\">Spr\u00e1vy<\/h5>\n        <h3 class=\"a-news__title\">Libanon: ka\u017ed\u00e9 novonaroden\u00e9 b\u00e1b\u00e4tko je ako mal\u00fd v\u00fdchod Slnka<\/h3>\n    <\/div>\n    <div class=\"a-news__footer\">\n        <div class=\"a-news__tags\">Hlasy z ter\u00e9nu<\/div>\n        <div class=\"a-news__date\">24. 06. 2022<\/div>\n    <\/div>\n<\/article>                <\/div>\n                <div class=\"s-articles__item js-carousel__item\">\n                    \n<article class=\"a-news\">\n    <a href=\"https:\/\/www.magna.org\/fr\/sk\/spravy-sk\/libanon-mala-enal-symbolizuje-nadej\/\" class=\"a-news__link\"><\/a>\n    <div class=\"a-news__image\">\n        <div class=\"a-news__img\" style=\"background-image:url('https:\/\/www.magna.org\/fr\/wp-content\/uploads\/2022\/12\/enel1-e1643702301295-468x468.jpeg');\"><\/div>\n    <\/div>\n    <div class=\"a-news__content\">\n        <h5 class=\"a-news__subtitle\">Spr\u00e1vy<\/h5>\n        <h3 class=\"a-news__title\">Libanon: mal\u00e1 Enal symbolizuje n\u00e1dej<\/h3>\n    <\/div>\n    <div class=\"a-news__footer\">\n        <div class=\"a-news__tags\">Hlasy z ter\u00e9nu<\/div>\n        <div class=\"a-news__date\">01. 02. 2022<\/div>\n    <\/div>\n<\/article>                <\/div>\n            <\/div>\n        <\/div>\n    <\/div>\n<\/section>        <\/div>\n    <\/div>\n<\/section>","protected":false},"excerpt":{"rendered":"","protected":false},"author":2,"featured_media":6151,"parent":10847,"menu_order":0,"comment_status":"closed","ping_status":"closed","template":"page-subpage.php","meta":{"_acf_changed":false,"inline_featured_image":false,"footnotes":""},"class_list":["post-10863","page","type-page","status-publish","has-post-thumbnail","hentry"],"acf":[],"yoast_head":"<!-- This site is optimized with the Yoast SEO plugin v24.3 - https:\/\/yoast.com\/wordpress\/plugins\/seo\/ -->\n<title>Kari\u00e9ra a benefity - Magna<\/title>\n<meta name=\"robots\" content=\"index, follow, max-snippet:-1, max-image-preview:large, max-video-preview:-1\" \/>\n<link rel=\"canonical\" href=\"https:\/\/www.magna.org\/fr\/cs\/pracujte-s-nama\/kariera-a-benefity\/\" \/>\n<meta property=\"og:locale\" content=\"en_US\" \/>\n<meta property=\"og:type\" content=\"article\" \/>\n<meta property=\"og:title\" content=\"Kari\u00e9ra a benefity - Magna\" \/>\n<meta property=\"og:url\" content=\"https:\/\/www.magna.org\/fr\/cs\/pracujte-s-nama\/kariera-a-benefity\/\" \/>\n<meta property=\"og:site_name\" content=\"Magna\" \/>\n<meta property=\"article:modified_time\" content=\"2022-12-13T18:34:42+00:00\" \/>\n<meta property=\"og:image\" content=\"https:\/\/www.magna.org\/fr\/wp-content\/uploads\/2022\/12\/homepage-pracujte-s-nami-mb2010001g1826.jpg\" \/>\n\t<meta property=\"og:image:width\" content=\"1800\" \/>\n\t<meta property=\"og:image:height\" content=\"1200\" \/>\n\t<meta property=\"og:image:type\" content=\"image\/jpeg\" \/>\n<meta name=\"twitter:card\" content=\"summary_large_image\" \/>\n<script type=\"application\/ld+json\" class=\"yoast-schema-graph\">{\"@context\":\"https:\/\/schema.org\",\"@graph\":[{\"@type\":\"WebPage\",\"@id\":\"https:\/\/www.magna.org\/fr\/cs\/pracujte-s-nama\/kariera-a-benefity\/\",\"url\":\"https:\/\/www.magna.org\/fr\/cs\/pracujte-s-nama\/kariera-a-benefity\/\",\"name\":\"Kari\u00e9ra a benefity - Magna\",\"isPartOf\":{\"@id\":\"https:\/\/www.magna.org\/fr\/#website\"},\"primaryImageOfPage\":{\"@id\":\"https:\/\/www.magna.org\/fr\/cs\/pracujte-s-nama\/kariera-a-benefity\/#primaryimage\"},\"image\":{\"@id\":\"https:\/\/www.magna.org\/fr\/cs\/pracujte-s-nama\/kariera-a-benefity\/#primaryimage\"},\"thumbnailUrl\":\"https:\/\/www.magna.org\/fr\/wp-content\/uploads\/2022\/12\/homepage-pracujte-s-nami-mb2010001g1826.jpg\",\"datePublished\":\"2022-12-13T18:08:46+00:00\",\"dateModified\":\"2022-12-13T18:34:42+00:00\",\"breadcrumb\":{\"@id\":\"https:\/\/www.magna.org\/fr\/cs\/pracujte-s-nama\/kariera-a-benefity\/#breadcrumb\"},\"inLanguage\":\"en-US\",\"potentialAction\":[{\"@type\":\"ReadAction\",\"target\":[\"https:\/\/www.magna.org\/fr\/cs\/pracujte-s-nama\/kariera-a-benefity\/\"]}]},{\"@type\":\"ImageObject\",\"inLanguage\":\"en-US\",\"@id\":\"https:\/\/www.magna.org\/fr\/cs\/pracujte-s-nama\/kariera-a-benefity\/#primaryimage\",\"url\":\"https:\/\/www.magna.org\/fr\/wp-content\/uploads\/2022\/12\/homepage-pracujte-s-nami-mb2010001g1826.jpg\",\"contentUrl\":\"https:\/\/www.magna.org\/fr\/wp-content\/uploads\/2022\/12\/homepage-pracujte-s-nami-mb2010001g1826.jpg\",\"width\":1800,\"height\":1200},{\"@type\":\"BreadcrumbList\",\"@id\":\"https:\/\/www.magna.org\/fr\/cs\/pracujte-s-nama\/kariera-a-benefity\/#breadcrumb\",\"itemListElement\":[{\"@type\":\"ListItem\",\"position\":1,\"name\":\"Home\",\"item\":\"https:\/\/www.magna.org\/fr\/sk\/\"},{\"@type\":\"ListItem\",\"position\":2,\"name\":\"Pracujte s n\u00e1mi\",\"item\":\"https:\/\/www.magna.org\/fr\/cs\/pracujte-s-nama\/\"},{\"@type\":\"ListItem\",\"position\":3,\"name\":\"Kari\u00e9ra a benefity\"}]},{\"@type\":\"WebSite\",\"@id\":\"https:\/\/www.magna.org\/fr\/#website\",\"url\":\"https:\/\/www.magna.org\/fr\/\",\"name\":\"Magna\",\"description\":\"Just another WordPress site\",\"potentialAction\":[{\"@type\":\"SearchAction\",\"target\":{\"@type\":\"EntryPoint\",\"urlTemplate\":\"https:\/\/www.magna.org\/fr\/?s={search_term_string}\"},\"query-input\":{\"@type\":\"PropertyValueSpecification\",\"valueRequired\":true,\"valueName\":\"search_term_string\"}}],\"inLanguage\":\"en-US\"}]}<\/script>\n<!-- \/ Yoast SEO plugin. -->","yoast_head_json":{"title":"Kari\u00e9ra a benefity - Magna","robots":{"index":"index","follow":"follow","max-snippet":"max-snippet:-1","max-image-preview":"max-image-preview:large","max-video-preview":"max-video-preview:-1"},"canonical":"https:\/\/www.magna.org\/fr\/cs\/pracujte-s-nama\/kariera-a-benefity\/","og_locale":"en_US","og_type":"article","og_title":"Kari\u00e9ra a benefity - Magna","og_url":"https:\/\/www.magna.org\/fr\/cs\/pracujte-s-nama\/kariera-a-benefity\/","og_site_name":"Magna","article_modified_time":"2022-12-13T18:34:42+00:00","og_image":[{"width":1800,"height":1200,"url":"https:\/\/www.magna.org\/fr\/wp-content\/uploads\/2022\/12\/homepage-pracujte-s-nami-mb2010001g1826.jpg","type":"image\/jpeg"}],"twitter_card":"summary_large_image","schema":{"@context":"https:\/\/schema.org","@graph":[{"@type":"WebPage","@id":"https:\/\/www.magna.org\/fr\/cs\/pracujte-s-nama\/kariera-a-benefity\/","url":"https:\/\/www.magna.org\/fr\/cs\/pracujte-s-nama\/kariera-a-benefity\/","name":"Kari\u00e9ra a benefity - Magna","isPartOf":{"@id":"https:\/\/www.magna.org\/fr\/#website"},"primaryImageOfPage":{"@id":"https:\/\/www.magna.org\/fr\/cs\/pracujte-s-nama\/kariera-a-benefity\/#primaryimage"},"image":{"@id":"https:\/\/www.magna.org\/fr\/cs\/pracujte-s-nama\/kariera-a-benefity\/#primaryimage"},"thumbnailUrl":"https:\/\/www.magna.org\/fr\/wp-content\/uploads\/2022\/12\/homepage-pracujte-s-nami-mb2010001g1826.jpg","datePublished":"2022-12-13T18:08:46+00:00","dateModified":"2022-12-13T18:34:42+00:00","breadcrumb":{"@id":"https:\/\/www.magna.org\/fr\/cs\/pracujte-s-nama\/kariera-a-benefity\/#breadcrumb"},"inLanguage":"en-US","potentialAction":[{"@type":"ReadAction","target":["https:\/\/www.magna.org\/fr\/cs\/pracujte-s-nama\/kariera-a-benefity\/"]}]},{"@type":"ImageObject","inLanguage":"en-US","@id":"https:\/\/www.magna.org\/fr\/cs\/pracujte-s-nama\/kariera-a-benefity\/#primaryimage","url":"https:\/\/www.magna.org\/fr\/wp-content\/uploads\/2022\/12\/homepage-pracujte-s-nami-mb2010001g1826.jpg","contentUrl":"https:\/\/www.magna.org\/fr\/wp-content\/uploads\/2022\/12\/homepage-pracujte-s-nami-mb2010001g1826.jpg","width":1800,"height":1200},{"@type":"BreadcrumbList","@id":"https:\/\/www.magna.org\/fr\/cs\/pracujte-s-nama\/kariera-a-benefity\/#breadcrumb","itemListElement":[{"@type":"ListItem","position":1,"name":"Home","item":"https:\/\/www.magna.org\/fr\/sk\/"},{"@type":"ListItem","position":2,"name":"Pracujte s n\u00e1mi","item":"https:\/\/www.magna.org\/fr\/cs\/pracujte-s-nama\/"},{"@type":"ListItem","position":3,"name":"Kari\u00e9ra a benefity"}]},{"@type":"WebSite","@id":"https:\/\/www.magna.org\/fr\/#website","url":"https:\/\/www.magna.org\/fr\/","name":"Magna","description":"Just another WordPress site","potentialAction":[{"@type":"SearchAction","target":{"@type":"EntryPoint","urlTemplate":"https:\/\/www.magna.org\/fr\/?s={search_term_string}"},"query-input":{"@type":"PropertyValueSpecification","valueRequired":true,"valueName":"search_term_string"}}],"inLanguage":"en-US"}]}},"_links":{"self":[{"href":"https:\/\/www.magna.org\/fr\/wp-json\/wp\/v2\/pages\/10863","targetHints":{"allow":["GET"]}}],"collection":[{"href":"https:\/\/www.magna.org\/fr\/wp-json\/wp\/v2\/pages"}],"about":[{"href":"https:\/\/www.magna.org\/fr\/wp-json\/wp\/v2\/types\/page"}],"author":[{"embeddable":true,"href":"https:\/\/www.magna.org\/fr\/wp-json\/wp\/v2\/users\/2"}],"replies":[{"embeddable":true,"href":"https:\/\/www.magna.org\/fr\/wp-json\/wp\/v2\/comments?post=10863"}],"version-history":[{"count":6,"href":"https:\/\/www.magna.org\/fr\/wp-json\/wp\/v2\/pages\/10863\/revisions"}],"predecessor-version":[{"id":10889,"href":"https:\/\/www.magna.org\/fr\/wp-json\/wp\/v2\/pages\/10863\/revisions\/10889"}],"up":[{"embeddable":true,"href":"https:\/\/www.magna.org\/fr\/wp-json\/wp\/v2\/pages\/10847"}],"wp:featuredmedia":[{"embeddable":true,"href":"https:\/\/www.magna.org\/fr\/wp-json\/wp\/v2\/media\/6151"}],"wp:attachment":[{"href":"https:\/\/www.magna.org\/fr\/wp-json\/wp\/v2\/media?parent=10863"}],"curies":[{"name":"wp","href":"https:\/\/api.w.org\/{rel}","templated":true}]}}