{"id":10868,"date":"2022-12-13T18:14:59","date_gmt":"2022-12-13T18:14:59","guid":{"rendered":"https:\/\/www.magna.org\/fr\/?page_id=10868"},"modified":"2023-05-25T20:00:29","modified_gmt":"2023-05-25T20:00:29","slug":"pridejte-se-k-nam-do-terenu","status":"publish","type":"page","link":"https:\/\/www.magna.org\/fr\/cs\/pracujte-s-nama\/pridejte-se-k-nam-do-terenu\/","title":{"rendered":"P\u0159idejte se k n\u00e1m do ter\u00e9nu"},"content":{"rendered":"<section class=\"s-panels hc-section-space--normal\">\n    <div class=\"s-panels__inner\">\n        <div class=\"s-panels__aside s-panels__aside--empty\"><\/div>\n        <div class=\"s-panels__content\">\n<article class=\"a-teaser\">\n    <div class=\"a-teaser__content\">\n        <h2 class=\"a-teaser__title\">Cht\u011bli byste se p\u0159idat do na\u0161eho t\u00fdmu?<\/h2>\n        <div class=\"a-teaser__text\">\n            <p>Kdy\u017e se k n\u00e1m p\u0159ipoj\u00edte, o\u010dek\u00e1v\u00e1me, \u017ee se zav\u00e1\u017eete k na\u0161emu posl\u00e1n\u00ed; pomoc p\u0159i poskytov\u00e1n\u00ed zdravotn\u00ed pomoci obyvatelstvu v nouzi a lidem posti\u017een\u00fdm p\u0159\u00edrodn\u00edmi katastrofami nebo katastrofami zp\u016fsoben\u00fdmi lidskou \u010dinnost\u00ed.<\/p>\n<p>P\u0159ed odesl\u00e1n\u00edm va\u0161\u00ed online p\u0159ihl\u00e1\u0161ky se pros\u00edm ujist\u011bte, \u017ee v\u00e1\u0161 profesion\u00e1ln\u00ed profil spl\u0148uje po\u017eadavky MAGNA v ter\u00e9nu. N\u011bkter\u00e1 krit\u00e9ria \u2013 v\u010detn\u011b po\u017eadovan\u00e9 dostupnosti \u2013 se mohou mezi profily li\u0161it.<\/p>\n<p>Zde se m\u016f\u017eete uch\u00e1zet bu\u010f o konkr\u00e9tn\u00ed inzerovanou pozici, nebo chcete-li se uch\u00e1zet o vstup do na\u0161\u00ed mezin\u00e1rodn\u00ed datab\u00e1ze ter\u00e9nn\u00edch pracovn\u00edk\u016f.<\/p>\n\n        <\/div>\n    <\/div>\n    <div class=\"a-teaser__image\">\n        <div class=\"a-teaser__img\" style=\"background-image:url('https\\:\\\/\\\/www\\.magna\\.org\\\/fr\\\/wp-content\\\/uploads\\\/2022\\\/11\\\/homepage-juzny-sudan-ockovanie-a-osveta-v-taboroch-pre-vysidlenych-ludi-v-juba-mb201807g0852\\.jpg')\"><\/div>\n    <\/div>\n<\/article>        <\/div>\n    <\/div>\n<\/section>\n\n<section class=\"s-panels hc-section-space--normal\">\n    <div class=\"s-panels__inner\">\n        <div class=\"s-panels__aside s-panels__aside--empty\"><\/div>\n        <div class=\"s-panels__content\">\n            <section class=\"s-articles\">\n                <div class=\"s-articles__inner\">\n                    <h2 class=\"s-articles__title\">Aktu\u00e1ln\u011b otev\u0159en\u00e9 konkr\u00e9tn\u00ed lokalizovan\u00e9 pozice<\/h2>\n                    <div class=\"s-articles__content\">\n                        <div class=\"s-articles__items\">\n                            <div class=\"s-articles__item\">\n                                <article class=\"a-vacancy\">\n    <a href=\"https:\/\/www.magna.org\/fr\/cs\/job-offer\/head-of-mission-drc-cs\/\" target=\"\" class=\"a-vacancy__link\"><\/a>\n    <div class=\"a-vacancy__content\">\n        <h5 class=\"a-vacancy__subtitle\">DR Congo<\/h5>\n        <h3 class=\"a-vacancy__title\">Head of Mission<\/h3>\n    <\/div>\n    <div class=\"a-vacancy__footer\">\n        <div class=\"a-vacancy__cta\">\n            <a href=\"https:\/\/www.magna.org\/fr\/cs\/job-offer\/head-of-mission-drc-cs\/\" target=\"\" class=\"e-link e-link--light\">Apply now<\/a>\n        <\/div>\n    <\/div>\n<\/article>\n                            <\/div>\n                            <div class=\"s-articles__item\">\n                                <article class=\"a-vacancy\">\n    <a href=\"https:\/\/www.magna.org\/fr\/cs\/job-offer\/logistic-and-supply-coordinator-drc-cs\/\" target=\"\" class=\"a-vacancy__link\"><\/a>\n    <div class=\"a-vacancy__content\">\n        <h5 class=\"a-vacancy__subtitle\">DR Congo<\/h5>\n        <h3 class=\"a-vacancy__title\">Logistic and Supply Coordinator<\/h3>\n    <\/div>\n    <div class=\"a-vacancy__footer\">\n        <div class=\"a-vacancy__cta\">\n            <a href=\"https:\/\/www.magna.org\/fr\/cs\/job-offer\/logistic-and-supply-coordinator-drc-cs\/\" target=\"\" class=\"e-link e-link--light\">Apply now<\/a>\n        <\/div>\n    <\/div>\n<\/article>\n                            <\/div>\n                            <div class=\"s-articles__item\">\n                                <article class=\"a-vacancy\">\n    <a href=\"https:\/\/www.magna.org\/fr\/cs\/job-offer\/medical-coordinator-cs\/\" target=\"\" class=\"a-vacancy__link\"><\/a>\n    <div class=\"a-vacancy__content\">\n        <h5 class=\"a-vacancy__subtitle\">DR Congo<\/h5>\n        <h3 class=\"a-vacancy__title\">Medical Coordinator<\/h3>\n    <\/div>\n    <div class=\"a-vacancy__footer\">\n        <div class=\"a-vacancy__cta\">\n            <a href=\"https:\/\/www.magna.org\/fr\/cs\/job-offer\/medical-coordinator-cs\/\" target=\"\" class=\"e-link e-link--light\">Apply now<\/a>\n        <\/div>\n    <\/div>\n<\/article>\n                            <\/div>\n                        <\/div>\n                    <\/div>\n                <\/div>\n            <\/section>\n        <\/div>\n    <\/div>\n<\/section>\n\n<section class=\"s-interventions hc-section-space--normal\">\n    <div class=\"s-interventions__inner\">\n        <h2 class=\"s-interventions__title\">Z\u00e1kladn\u00ed krit\u00e9ria<\/h2>\n        <div class=\"s-interventions__content\">\n            <div class=\"s-interventions__items s-interventions__items--4\">\n                <div class=\"s-interventions__item\">\n                    <div class=\"s-interventions__item-wrap\">\n                        <div class=\"s-interventions__item-image\">\n                            <img loading=\"lazy\" decoding=\"async\" width=\"128\" height=\"122\" src=\"https:\/\/www.magna.org\/fr\/wp-content\/uploads\/2022\/11\/homepage-pilll-128x122.png\" class=\"attachment-magna-icons size-magna-icons\" alt=\"\" srcset=\"https:\/\/www.magna.org\/fr\/wp-content\/uploads\/2022\/11\/homepage-pilll-128x122.png 128w, https:\/\/www.magna.org\/fr\/wp-content\/uploads\/2022\/11\/homepage-pilll-256x244.png 256w\" sizes=\"auto, (max-width: 128px) 100vw, 128px\" \/>\n                        <\/div>\n                        <h4 class=\"s-interventions__item-title\">Jste zku\u0161en\u00fd profesion\u00e1l ve sv\u00e9m oboru.<\/h4>\n                    <\/div>\n                <\/div>\n                <div class=\"s-interventions__item\">\n                    <div class=\"s-interventions__item-wrap\">\n                        <div class=\"s-interventions__item-image\">\n                            <img loading=\"lazy\" decoding=\"async\" width=\"128\" height=\"122\" src=\"https:\/\/www.magna.org\/fr\/wp-content\/uploads\/2022\/11\/homepage-pilll-128x122.png\" class=\"attachment-magna-icons size-magna-icons\" alt=\"\" srcset=\"https:\/\/www.magna.org\/fr\/wp-content\/uploads\/2022\/11\/homepage-pilll-128x122.png 128w, https:\/\/www.magna.org\/fr\/wp-content\/uploads\/2022\/11\/homepage-pilll-256x244.png 256w\" sizes=\"auto, (max-width: 128px) 100vw, 128px\" \/>\n                        <\/div>\n                        <h4 class=\"s-interventions__item-title\">Jste k dispozici 1 a\u017e 12 m\u011bs\u00edc\u016f (v z\u00e1vislosti na va\u0161\u00ed roli).<\/h4>\n                    <\/div>\n                <\/div>\n                <div class=\"s-interventions__item\">\n                    <div class=\"s-interventions__item-wrap\">\n                        <div class=\"s-interventions__item-image\">\n                            <img loading=\"lazy\" decoding=\"async\" width=\"128\" height=\"122\" src=\"https:\/\/www.magna.org\/fr\/wp-content\/uploads\/2022\/11\/homepage-pilll-128x122.png\" class=\"attachment-magna-icons size-magna-icons\" alt=\"\" srcset=\"https:\/\/www.magna.org\/fr\/wp-content\/uploads\/2022\/11\/homepage-pilll-128x122.png 128w, https:\/\/www.magna.org\/fr\/wp-content\/uploads\/2022\/11\/homepage-pilll-256x244.png 256w\" sizes=\"auto, (max-width: 128px) 100vw, 128px\" \/>\n                        <\/div>\n                        <h4 class=\"s-interventions__item-title\">Angli\u010dtinu ovl\u00e1d\u00e1te na min. st\u0159edn\u011b pokro\u010dil\u00e9 \u00farovni.<\/h4>\n                    <\/div>\n                <\/div>\n                <div class=\"s-interventions__item\">\n                    <div class=\"s-interventions__item-wrap\">\n                        <div class=\"s-interventions__item-image\">\n                            <img loading=\"lazy\" decoding=\"async\" width=\"128\" height=\"122\" src=\"https:\/\/www.magna.org\/fr\/wp-content\/uploads\/2022\/11\/homepage-pilll-128x122.png\" class=\"attachment-magna-icons size-magna-icons\" alt=\"\" srcset=\"https:\/\/www.magna.org\/fr\/wp-content\/uploads\/2022\/11\/homepage-pilll-128x122.png 128w, https:\/\/www.magna.org\/fr\/wp-content\/uploads\/2022\/11\/homepage-pilll-256x244.png 256w\" sizes=\"auto, (max-width: 128px) 100vw, 128px\" \/>\n                        <\/div>\n                        <h4 class=\"s-interventions__item-title\">M\u00e1te zku\u0161enosti s prac\u00ed v humanit\u00e1rn\u00edm kontextu.<\/h4>\n                    <\/div>\n                <\/div>\n            <\/div>\n        <\/div>\n        <div class=\"s-interventions__cta\">\n            <a href=\"https:\/\/www.magna.org\/fr\/cs\/pracujte-s-nama\/najdete-si-pozici\/\" target=\"\" class=\"e-link e-link--dark\">V\u00edce informac\u00ed naleznete v na\u0161ich PRACOVN\u00cdCH PROFILECH .<\/a>\n        <\/div>\n    <\/div>\n<\/section>\n\n<section class=\"s-panels hc-section-space--normal\">\n    <div class=\"s-panels__inner\">\n        <div class=\"s-panels__aside s-panels__aside--empty\">\n        <\/div>\n        <div class=\"s-panels__content\">\n            <section class=\"s-articles s-articles--2\">\n                <div class=\"s-articles__inner\">\n                    <h2 class=\"s-articles__title\">Urgentn\u011b pot\u0159ebujeme na na\u0161e mise tyto pozice<\/h2>\n                    <div class=\"s-articles__content\">\n                        <div class=\"s-articles__items\">\n                            <div class=\"s-articles__item\">\n                                <article class=\"a-job\">\n    <a href=\"https:\/\/www.magna.org\/fr\/cs\/job-offer\/project-finance-and-hr-manager-cs\/\" class=\"a-job__link\" target=\"\"><\/a>\n    <div class=\"a-job__image\">\n        <div class=\"a-job__img\" style=\"background-image:url('https:\/\/www.magna.org\/fr\/wp-content\/uploads\/2022\/08\/example-photo02.jpg');\"><\/div>\n    <\/div>\n    <div class=\"a-job__content\">\n        <h3 class=\"a-job__title\">Ter\u00e9nn\u00ed administr\u00e1tor<\/h3>\n    <\/div>\n<\/article>\n                            <\/div>\n                            <div class=\"s-articles__item\">\n                                <article class=\"a-job\">\n    <a href=\"https:\/\/www.magna.org\/fr\/cs\/job-offer\/project-supply-chain-and-logistics-manager-cs\/\" class=\"a-job__link\" target=\"\"><\/a>\n    <div class=\"a-job__image\">\n        <div class=\"a-job__img\" style=\"background-image:url('https:\/\/www.magna.org\/fr\/wp-content\/uploads\/2022\/11\/magna.makes.website-ukrajina-zasobovanie-nemocnic-liekmi-a-materialom-v-case-vojny-ua-photo-2022-05-25-06-55-37.jpg');\"><\/div>\n    <\/div>\n    <div class=\"a-job__content\">\n        <h3 class=\"a-job__title\">Logistick\u00fd pracovn\u00edk<\/h3>\n    <\/div>\n<\/article>\n                            <\/div>\n                        <\/div>\n                    <\/div>\n                <\/div>\n            <\/section>\n        <\/div>\n    <\/div>\n<\/section>\n\n<section class=\"s-article-full s-article-full--red s-article-full--right hc-section-space--normal\">\n    <div class=\"s-article-full__inner\">\n        <div class=\"s-article-full__content\">\n            <h2 class=\"s-article-full__title\">P\u0159idejte se k na\u0161\u00ed skupin\u011b ter\u00e9nn\u00edch pracovn\u00edk\u016f<\/h2>\n            <div class=\"s-article-full__text\">\n                <p>Odjezd do ter\u00e9nu z MAGNA by mohl b\u00fdt va\u0161\u00edm za\u010d\u00e1tkem dlouh\u00e9 kari\u00e9ry v r\u00e1mci organizace. MAGNA podporuje dlouhodob\u00fd z\u00e1vazek zam\u011bstnanc\u016f t\u00edm, \u017ee jim nab\u00edz\u00ed mo\u017enost rozv\u00edjet sv\u00e9 dovednosti a znalosti, aby mohli p\u0159evz\u00edt zodpov\u011bdnost v ter\u00e9nu nebo na centr\u00e1le.<\/p>\n<p>P\u0159ed odesl\u00e1n\u00edm va\u0161\u00ed online p\u0159ihl\u00e1\u0161ky se pros\u00edm ujist\u011bte, \u017ee v\u00e1\u0161 profesion\u00e1ln\u00ed profil spl\u0148uje po\u017eadavky MAGNA v ter\u00e9nu. N\u011bkter\u00e1 krit\u00e9ria \u2013 v\u010detn\u011b po\u017eadovan\u00e9 dostupnosti \u2013 se mohou mezi profily li\u0161it.<\/p>\n\n            <\/div>\n            <div class=\"s-article-full__cta\">\n                <a href=\"https:\/\/www.magna.org\/fr\/pracujte-s-nami\/apply-for-field-work\/\" target=\"\" class=\"e-link e-link--inv\">ZAPOJTE SA ONLINE. TU A TERAZ.<\/a>\n            <\/div>\n        <\/div>\n        <div class=\"s-article-full__image\">\n            <div class=\"s-article-full__img\" style=\"background-image:url('https:\/\/www.magna.org\/fr\/wp-content\/uploads\/2022\/11\/homepage-libanon-primarna-starostlivost-pre-utecencov-v-taboroch-na-severe-krajiny-mb201814g0099-552x368.jpg')\"><\/div>\n        <\/div>\n    <\/div>\n<\/section>\n\n<section class=\"s-panels hc-section-space--normal\">\n    <div class=\"s-panels__inner\">\n        <div class=\"s-panels__aside s-panels__aside--empty\"><\/div>\n        <div class=\"s-panels__content\">\n            <section class=\"s-faq hc-section-space--normal\">\n                <div class=\"s-faq__inner\">\n                    <h2 class=\"s-faq__title\">N\u00e1\u0161 n\u00e1borov\u00fd proces ve zkratce<\/h2>\n                    <div class=\"s-faq__items js-accordion\">\n                            <h3 class=\"s-faq__question js-accordion__title\">Krok n\u00b0 1<\/h3>\n                            <div class=\"s-faq__answer\">\n                                <p>Prohl\u00e9dn\u011bte si sv\u016fj profil na webov\u00e9 str\u00e1nce magna.org.<\/p>\n\n                            <\/div>\n                            <h3 class=\"s-faq__question js-accordion__title\">Krok n\u00b0 2<\/h3>\n                            <div class=\"s-faq__answer\">\n                                <p>P\u0159ipravte si \u017e\u00e1dost a p\u0159ihlaste se online.<\/p>\n\n                            <\/div>\n                            <h3 class=\"s-faq__question js-accordion__title\">Krok n\u00b0 3<\/h3>\n                            <div class=\"s-faq__answer\">\n                                <p>My zkontrolujeme va\u0161i \u017e\u00e1dost.<\/p>\n\n                            <\/div>\n                            <h3 class=\"s-faq__question js-accordion__title\">Krok n\u00b0 4<\/h3>\n                            <div class=\"s-faq__answer\">\n                                <p>P\u0159izveme v\u00e1s k pohovoru.<\/p>\n\n                            <\/div>\n                            <h3 class=\"s-faq__question js-accordion__title\">Krok n\u00b0 5<\/h3>\n                            <div class=\"s-faq__answer\">\n                                <p>Budete informov\u00e1ni o pozici a kontextu projektu.<\/p>\n\n                            <\/div>\n                    <\/div>\n                <\/div>\n            <\/section>\n        <\/div>\n    <\/div>\n<\/section>","protected":false},"excerpt":{"rendered":"","protected":false},"author":2,"featured_media":6127,"parent":10847,"menu_order":0,"comment_status":"closed","ping_status":"closed","template":"page-subpage.php","meta":{"_acf_changed":false,"inline_featured_image":false,"footnotes":""},"class_list":["post-10868","page","type-page","status-publish","has-post-thumbnail","hentry"],"acf":[],"yoast_head":"<!-- This site is optimized with the Yoast SEO plugin v24.3 - https:\/\/yoast.com\/wordpress\/plugins\/seo\/ -->\n<title>P\u0159idejte se k n\u00e1m do ter\u00e9nu - Magna<\/title>\n<meta name=\"robots\" content=\"index, follow, max-snippet:-1, max-image-preview:large, max-video-preview:-1\" \/>\n<link rel=\"canonical\" href=\"https:\/\/www.magna.org\/fr\/cs\/pracujte-s-nama\/pridejte-se-k-nam-do-terenu\/\" \/>\n<meta property=\"og:locale\" content=\"en_US\" \/>\n<meta property=\"og:type\" content=\"article\" \/>\n<meta property=\"og:title\" content=\"P\u0159idejte se k n\u00e1m do ter\u00e9nu - Magna\" \/>\n<meta property=\"og:url\" content=\"https:\/\/www.magna.org\/fr\/cs\/pracujte-s-nama\/pridejte-se-k-nam-do-terenu\/\" \/>\n<meta property=\"og:site_name\" content=\"Magna\" \/>\n<meta property=\"article:modified_time\" content=\"2023-05-25T20:00:29+00:00\" \/>\n<meta property=\"og:image\" content=\"https:\/\/www.magna.org\/fr\/wp-content\/uploads\/2022\/12\/homepage-pracujte-s-nami-mb2011031m0196-e1669938110466.jpg\" \/>\n\t<meta property=\"og:image:width\" content=\"1200\" \/>\n\t<meta property=\"og:image:height\" content=\"846\" \/>\n\t<meta property=\"og:image:type\" content=\"image\/jpeg\" \/>\n<meta name=\"twitter:card\" content=\"summary_large_image\" \/>\n<script type=\"application\/ld+json\" class=\"yoast-schema-graph\">{\"@context\":\"https:\/\/schema.org\",\"@graph\":[{\"@type\":\"WebPage\",\"@id\":\"https:\/\/www.magna.org\/fr\/cs\/pracujte-s-nama\/pridejte-se-k-nam-do-terenu\/\",\"url\":\"https:\/\/www.magna.org\/fr\/cs\/pracujte-s-nama\/pridejte-se-k-nam-do-terenu\/\",\"name\":\"P\u0159idejte se k n\u00e1m do ter\u00e9nu - Magna\",\"isPartOf\":{\"@id\":\"https:\/\/www.magna.org\/fr\/#website\"},\"primaryImageOfPage\":{\"@id\":\"https:\/\/www.magna.org\/fr\/cs\/pracujte-s-nama\/pridejte-se-k-nam-do-terenu\/#primaryimage\"},\"image\":{\"@id\":\"https:\/\/www.magna.org\/fr\/cs\/pracujte-s-nama\/pridejte-se-k-nam-do-terenu\/#primaryimage\"},\"thumbnailUrl\":\"https:\/\/www.magna.org\/fr\/wp-content\/uploads\/2022\/12\/homepage-pracujte-s-nami-mb2011031m0196-e1669938110466.jpg\",\"datePublished\":\"2022-12-13T18:14:59+00:00\",\"dateModified\":\"2023-05-25T20:00:29+00:00\",\"breadcrumb\":{\"@id\":\"https:\/\/www.magna.org\/fr\/cs\/pracujte-s-nama\/pridejte-se-k-nam-do-terenu\/#breadcrumb\"},\"inLanguage\":\"en-US\",\"potentialAction\":[{\"@type\":\"ReadAction\",\"target\":[\"https:\/\/www.magna.org\/fr\/cs\/pracujte-s-nama\/pridejte-se-k-nam-do-terenu\/\"]}]},{\"@type\":\"ImageObject\",\"inLanguage\":\"en-US\",\"@id\":\"https:\/\/www.magna.org\/fr\/cs\/pracujte-s-nama\/pridejte-se-k-nam-do-terenu\/#primaryimage\",\"url\":\"https:\/\/www.magna.org\/fr\/wp-content\/uploads\/2022\/12\/homepage-pracujte-s-nami-mb2011031m0196-e1669938110466.jpg\",\"contentUrl\":\"https:\/\/www.magna.org\/fr\/wp-content\/uploads\/2022\/12\/homepage-pracujte-s-nami-mb2011031m0196-e1669938110466.jpg\",\"width\":1200,\"height\":846},{\"@type\":\"BreadcrumbList\",\"@id\":\"https:\/\/www.magna.org\/fr\/cs\/pracujte-s-nama\/pridejte-se-k-nam-do-terenu\/#breadcrumb\",\"itemListElement\":[{\"@type\":\"ListItem\",\"position\":1,\"name\":\"Home\",\"item\":\"https:\/\/www.magna.org\/fr\/sk\/\"},{\"@type\":\"ListItem\",\"position\":2,\"name\":\"Pracujte s n\u00e1mi\",\"item\":\"https:\/\/www.magna.org\/fr\/cs\/pracujte-s-nama\/\"},{\"@type\":\"ListItem\",\"position\":3,\"name\":\"P\u0159idejte se k n\u00e1m do ter\u00e9nu\"}]},{\"@type\":\"WebSite\",\"@id\":\"https:\/\/www.magna.org\/fr\/#website\",\"url\":\"https:\/\/www.magna.org\/fr\/\",\"name\":\"Magna\",\"description\":\"Just another WordPress site\",\"potentialAction\":[{\"@type\":\"SearchAction\",\"target\":{\"@type\":\"EntryPoint\",\"urlTemplate\":\"https:\/\/www.magna.org\/fr\/?s={search_term_string}\"},\"query-input\":{\"@type\":\"PropertyValueSpecification\",\"valueRequired\":true,\"valueName\":\"search_term_string\"}}],\"inLanguage\":\"en-US\"}]}<\/script>\n<!-- \/ Yoast SEO plugin. -->","yoast_head_json":{"title":"P\u0159idejte se k n\u00e1m do ter\u00e9nu - Magna","robots":{"index":"index","follow":"follow","max-snippet":"max-snippet:-1","max-image-preview":"max-image-preview:large","max-video-preview":"max-video-preview:-1"},"canonical":"https:\/\/www.magna.org\/fr\/cs\/pracujte-s-nama\/pridejte-se-k-nam-do-terenu\/","og_locale":"en_US","og_type":"article","og_title":"P\u0159idejte se k n\u00e1m do ter\u00e9nu - Magna","og_url":"https:\/\/www.magna.org\/fr\/cs\/pracujte-s-nama\/pridejte-se-k-nam-do-terenu\/","og_site_name":"Magna","article_modified_time":"2023-05-25T20:00:29+00:00","og_image":[{"width":1200,"height":846,"url":"https:\/\/www.magna.org\/fr\/wp-content\/uploads\/2022\/12\/homepage-pracujte-s-nami-mb2011031m0196-e1669938110466.jpg","type":"image\/jpeg"}],"twitter_card":"summary_large_image","schema":{"@context":"https:\/\/schema.org","@graph":[{"@type":"WebPage","@id":"https:\/\/www.magna.org\/fr\/cs\/pracujte-s-nama\/pridejte-se-k-nam-do-terenu\/","url":"https:\/\/www.magna.org\/fr\/cs\/pracujte-s-nama\/pridejte-se-k-nam-do-terenu\/","name":"P\u0159idejte se k n\u00e1m do ter\u00e9nu - Magna","isPartOf":{"@id":"https:\/\/www.magna.org\/fr\/#website"},"primaryImageOfPage":{"@id":"https:\/\/www.magna.org\/fr\/cs\/pracujte-s-nama\/pridejte-se-k-nam-do-terenu\/#primaryimage"},"image":{"@id":"https:\/\/www.magna.org\/fr\/cs\/pracujte-s-nama\/pridejte-se-k-nam-do-terenu\/#primaryimage"},"thumbnailUrl":"https:\/\/www.magna.org\/fr\/wp-content\/uploads\/2022\/12\/homepage-pracujte-s-nami-mb2011031m0196-e1669938110466.jpg","datePublished":"2022-12-13T18:14:59+00:00","dateModified":"2023-05-25T20:00:29+00:00","breadcrumb":{"@id":"https:\/\/www.magna.org\/fr\/cs\/pracujte-s-nama\/pridejte-se-k-nam-do-terenu\/#breadcrumb"},"inLanguage":"en-US","potentialAction":[{"@type":"ReadAction","target":["https:\/\/www.magna.org\/fr\/cs\/pracujte-s-nama\/pridejte-se-k-nam-do-terenu\/"]}]},{"@type":"ImageObject","inLanguage":"en-US","@id":"https:\/\/www.magna.org\/fr\/cs\/pracujte-s-nama\/pridejte-se-k-nam-do-terenu\/#primaryimage","url":"https:\/\/www.magna.org\/fr\/wp-content\/uploads\/2022\/12\/homepage-pracujte-s-nami-mb2011031m0196-e1669938110466.jpg","contentUrl":"https:\/\/www.magna.org\/fr\/wp-content\/uploads\/2022\/12\/homepage-pracujte-s-nami-mb2011031m0196-e1669938110466.jpg","width":1200,"height":846},{"@type":"BreadcrumbList","@id":"https:\/\/www.magna.org\/fr\/cs\/pracujte-s-nama\/pridejte-se-k-nam-do-terenu\/#breadcrumb","itemListElement":[{"@type":"ListItem","position":1,"name":"Home","item":"https:\/\/www.magna.org\/fr\/sk\/"},{"@type":"ListItem","position":2,"name":"Pracujte s n\u00e1mi","item":"https:\/\/www.magna.org\/fr\/cs\/pracujte-s-nama\/"},{"@type":"ListItem","position":3,"name":"P\u0159idejte se k n\u00e1m do ter\u00e9nu"}]},{"@type":"WebSite","@id":"https:\/\/www.magna.org\/fr\/#website","url":"https:\/\/www.magna.org\/fr\/","name":"Magna","description":"Just another WordPress site","potentialAction":[{"@type":"SearchAction","target":{"@type":"EntryPoint","urlTemplate":"https:\/\/www.magna.org\/fr\/?s={search_term_string}"},"query-input":{"@type":"PropertyValueSpecification","valueRequired":true,"valueName":"search_term_string"}}],"inLanguage":"en-US"}]}},"_links":{"self":[{"href":"https:\/\/www.magna.org\/fr\/wp-json\/wp\/v2\/pages\/10868","targetHints":{"allow":["GET"]}}],"collection":[{"href":"https:\/\/www.magna.org\/fr\/wp-json\/wp\/v2\/pages"}],"about":[{"href":"https:\/\/www.magna.org\/fr\/wp-json\/wp\/v2\/types\/page"}],"author":[{"embeddable":true,"href":"https:\/\/www.magna.org\/fr\/wp-json\/wp\/v2\/users\/2"}],"replies":[{"embeddable":true,"href":"https:\/\/www.magna.org\/fr\/wp-json\/wp\/v2\/comments?post=10868"}],"version-history":[{"count":19,"href":"https:\/\/www.magna.org\/fr\/wp-json\/wp\/v2\/pages\/10868\/revisions"}],"predecessor-version":[{"id":13325,"href":"https:\/\/www.magna.org\/fr\/wp-json\/wp\/v2\/pages\/10868\/revisions\/13325"}],"up":[{"embeddable":true,"href":"https:\/\/www.magna.org\/fr\/wp-json\/wp\/v2\/pages\/10847"}],"wp:featuredmedia":[{"embeddable":true,"href":"https:\/\/www.magna.org\/fr\/wp-json\/wp\/v2\/media\/6127"}],"wp:attachment":[{"href":"https:\/\/www.magna.org\/fr\/wp-json\/wp\/v2\/media?parent=10868"}],"curies":[{"name":"wp","href":"https:\/\/api.w.org\/{rel}","templated":true}]}}