{"id":11165,"date":"2023-02-09T17:51:30","date_gmt":"2023-02-09T17:51:30","guid":{"rendered":"https:\/\/www.magna.org\/fr\/?page_id=11165"},"modified":"2023-03-18T21:52:37","modified_gmt":"2023-03-18T21:52:37","slug":"reportages","status":"publish","type":"page","link":"https:\/\/www.magna.org\/fr\/en\/what-we-do\/reportages\/","title":{"rendered":"Reportages"},"content":{"rendered":"<section class=\"s-panels hc-section-space--normal\">\n    <div class=\"s-panels__inner\">\n        <div class=\"s-panels__aside s-panels__aside--empty\"><\/div>\n        <div class=\"s-panels__content\">\n<article class=\"a-teaser\">\n    <div class=\"a-teaser__content\">\n        <h2 class=\"a-teaser__title\">Ukraine: the war is here and now<\/h2>\n        <div class=\"a-teaser__text\">\n            <p>In the summer of 2022, the photographer and director of MAGNA, Martin Band\u017e\u00e1k, embarked on a journey of several thousand kilometers through war-torn Ukraine, all the way to Kharkiv, a city on the eastern flank of the country that was destroyed by Russian shelling.<\/p>\n<p>The stops along the way were grim. Destroyed residential buildings in Borodyanka. Bombed hospital in Mykolaiv. A man in his destroyed apartment in Kharkiv. People hiding in fallout shelters for a months.<\/p>\n\n        <\/div>\n            <div class=\"a-teaser__cta\">\n                <a href=\"https:\/\/www.magna.org\/fr\/en\/ukraine-war-is-here-and-now\/\" target=\"\" class=\"e-link e-link--dark\">Read more<\/a>\n            <\/div>\n    <\/div>\n    <div class=\"a-teaser__image\">\n        <div class=\"a-teaser__img\" style=\"background-image:url('https\\:\\\/\\\/www\\.magna\\.org\\\/fr\\\/wp-content\\\/uploads\\\/2022\\\/11\\\/homepage-ukrajina-vojna-je-tu-a-teraz-shevcenko\\.jpg')\"><\/div>\n    <\/div>\n<\/article>        <\/div>\n    <\/div>\n<\/section>\n\n<section class=\"s-panels hc-section-space--normal\">\n    <div class=\"s-panels__inner\">\n        <div class=\"s-panels__aside s-panels__aside--empty\"><\/div>\n        <div class=\"s-panels__content\">\n<section class=\"s-articles\">\n    <div class=\"s-articles__inner\">\n        <h2 class=\"s-articles__title\">Reportages<\/h2>\n        <div class=\"s-articles__content\">\n            <div class=\"s-articles__items\">\n                <div class=\"s-articles__item js-carousel__item\">\n                    \n<article class=\"a-news\">\n    <a href=\"https:\/\/www.magna.org\/fr\/sk\/reportaze\/deti-bez-mena-a-rodicov-zemetrasenie-v-turecku-a-syrii\/\" class=\"a-news__link\"><\/a>\n    <div class=\"a-news__image\">\n        <div class=\"a-news__img\" style=\"background-image:url('https:\/\/www.magna.org\/fr\/wp-content\/uploads\/2023\/02\/www.magna.org-deti-bez-mena-a-rodicov-zemetrasenie-v-turecku-a-syrii-mb2023g00705-468x468.jpg');\"><\/div>\n    <\/div>\n    <div class=\"a-news__content\">\n        <h5 class=\"a-news__subtitle\">Report\u00e1\u017ee<\/h5>\n        <h3 class=\"a-news__title\">Deti bez mena a rodi\u010dov &#8211; zemetrasenie v Turecku a S\u00fdrii<\/h3>\n    <\/div>\n    <div class=\"a-news__footer\">\n        <div class=\"a-news__tags\"><\/div>\n        <div class=\"a-news__date\">16. 02. 2023<\/div>\n    <\/div>\n<\/article>                <\/div>\n                <div class=\"s-articles__item js-carousel__item\">\n                    \n<article class=\"a-news\">\n    <a href=\"https:\/\/www.magna.org\/fr\/sk\/reportaze\/libanon-krajina-kde-zhaslo-svetlo\/\" class=\"a-news__link\"><\/a>\n    <div class=\"a-news__image\">\n        <div class=\"a-news__img\" style=\"background-image:url('https:\/\/www.magna.org\/fr\/wp-content\/uploads\/2022\/09\/homepage-co-robime-mb2015014g0280-scaled-e1669890521465-468x468.jpg');\"><\/div>\n    <\/div>\n    <div class=\"a-news__content\">\n        <h5 class=\"a-news__subtitle\">Report\u00e1\u017ee<\/h5>\n        <h3 class=\"a-news__title\">Libanon: krajina, kde zhaslo svetlo<\/h3>\n    <\/div>\n    <div class=\"a-news__footer\">\n        <div class=\"a-news__tags\"><\/div>\n        <div class=\"a-news__date\">16. 11. 2022<\/div>\n    <\/div>\n<\/article>                <\/div>\n                <div class=\"s-articles__item js-carousel__item\">\n                    \n<article class=\"a-news\">\n    <a href=\"https:\/\/www.magna.org\/fr\/sk\/reportaze\/haiti-zivot-v-stanoch\/\" class=\"a-news__link\"><\/a>\n    <div class=\"a-news__image\">\n        <div class=\"a-news__img\" style=\"background-image:url('https:\/\/www.magna.org\/fr\/wp-content\/uploads\/2022\/09\/homepage-co-robime-mb2015014g0280-scaled-e1669890521465-468x468.jpg');\"><\/div>\n    <\/div>\n    <div class=\"a-news__content\">\n        <h5 class=\"a-news__subtitle\">Report\u00e1\u017ee<\/h5>\n        <h3 class=\"a-news__title\">Haiti: \u017eivot v stanoch<\/h3>\n    <\/div>\n    <div class=\"a-news__footer\">\n        <div class=\"a-news__tags\"><\/div>\n        <div class=\"a-news__date\">16. 11. 2022<\/div>\n    <\/div>\n<\/article>                <\/div>\n                <div class=\"s-articles__item js-carousel__item\">\n                    \n<article class=\"a-news\">\n    <a href=\"https:\/\/www.magna.org\/fr\/sk\/reportaze\/irak-dalsia-genocida-jezidov\/\" class=\"a-news__link\"><\/a>\n    <div class=\"a-news__image\">\n        <div class=\"a-news__img\" style=\"background-image:url('https:\/\/www.magna.org\/fr\/wp-content\/uploads\/2022\/09\/homepage-co-robime-mb2015014g0280-scaled-e1669890521465-468x468.jpg');\"><\/div>\n    <\/div>\n    <div class=\"a-news__content\">\n        <h5 class=\"a-news__subtitle\">Report\u00e1\u017ee<\/h5>\n        <h3 class=\"a-news__title\">Irak: \u010fa\u013esia genoc\u00edda Jez\u00eddov<\/h3>\n    <\/div>\n    <div class=\"a-news__footer\">\n        <div class=\"a-news__tags\"><\/div>\n        <div class=\"a-news__date\">10. 11. 2022<\/div>\n    <\/div>\n<\/article>                <\/div>\n                <div class=\"s-articles__item js-carousel__item\">\n                    \n<article class=\"a-news\">\n    <a href=\"https:\/\/www.magna.org\/fr\/sk\/reportaze\/dr-kongo-znasilnenie-alebo-smrt\/\" class=\"a-news__link\"><\/a>\n    <div class=\"a-news__image\">\n        <div class=\"a-news__img\" style=\"background-image:url('https:\/\/www.magna.org\/fr\/wp-content\/uploads\/2022\/09\/homepage-co-robime-mb2015014g0280-scaled-e1669890521465-468x468.jpg');\"><\/div>\n    <\/div>\n    <div class=\"a-news__content\">\n        <h5 class=\"a-news__subtitle\">Report\u00e1\u017ee<\/h5>\n        <h3 class=\"a-news__title\">DR Kongo: zn\u00e1silnenie alebo smr\u0165<\/h3>\n    <\/div>\n    <div class=\"a-news__footer\">\n        <div class=\"a-news__tags\"><\/div>\n        <div class=\"a-news__date\">10. 11. 2022<\/div>\n    <\/div>\n<\/article>                <\/div>\n                <div class=\"s-articles__item js-carousel__item\">\n                    \n<article class=\"a-news\">\n    <a href=\"https:\/\/www.magna.org\/fr\/sk\/reportaze\/juzny-sudan-najmladsi-stat-na-svete\/\" class=\"a-news__link\"><\/a>\n    <div class=\"a-news__image\">\n        <div class=\"a-news__img\" style=\"background-image:url('https:\/\/www.magna.org\/fr\/wp-content\/uploads\/2022\/09\/homepage-co-robime-mb2015014g0280-scaled-e1669890521465-468x468.jpg');\"><\/div>\n    <\/div>\n    <div class=\"a-news__content\">\n        <h5 class=\"a-news__subtitle\">Report\u00e1\u017ee<\/h5>\n        <h3 class=\"a-news__title\">Ju\u017en\u00fd Sud\u00e1n: najmlad\u0161\u00ed \u0161t\u00e1t na svete<\/h3>\n    <\/div>\n    <div class=\"a-news__footer\">\n        <div class=\"a-news__tags\"><\/div>\n        <div class=\"a-news__date\">10. 11. 2022<\/div>\n    <\/div>\n<\/article>                <\/div>\n                <div class=\"s-articles__item js-carousel__item\">\n                    \n<article class=\"a-news\">\n    <a href=\"https:\/\/www.magna.org\/fr\/sk\/reportaze\/irak-dva-roky-bez-dazda\/\" class=\"a-news__link\"><\/a>\n    <div class=\"a-news__image\">\n        <div class=\"a-news__img\" style=\"background-image:url('https:\/\/www.magna.org\/fr\/wp-content\/uploads\/2022\/11\/homepage-irak-2-roky-bez-dazda-l1005119-468x468.jpg');\"><\/div>\n    <\/div>\n    <div class=\"a-news__content\">\n        <h5 class=\"a-news__subtitle\">Report\u00e1\u017ee<\/h5>\n        <h3 class=\"a-news__title\">Irak: dva roky bez da\u017e\u010fa<\/h3>\n    <\/div>\n    <div class=\"a-news__footer\">\n        <div class=\"a-news__tags\"><\/div>\n        <div class=\"a-news__date\">10. 11. 2022<\/div>\n    <\/div>\n<\/article>                <\/div>\n                <div class=\"s-articles__item js-carousel__item\">\n                    \n<article class=\"a-news\">\n    <a href=\"https:\/\/www.magna.org\/fr\/sk\/reportaze\/nikaragua\/\" class=\"a-news__link\"><\/a>\n    <div class=\"a-news__image\">\n        <div class=\"a-news__img\" style=\"background-image:url('https:\/\/www.magna.org\/fr\/wp-content\/uploads\/2022\/09\/homepage-co-robime-mb2015014g0280-scaled-e1669890521465-468x468.jpg');\"><\/div>\n    <\/div>\n    <div class=\"a-news__content\">\n        <h5 class=\"a-news__subtitle\">Report\u00e1\u017ee<\/h5>\n        <h3 class=\"a-news__title\">Nikaragua: deti maj\u00fa deti<\/h3>\n    <\/div>\n    <div class=\"a-news__footer\">\n        <div class=\"a-news__tags\"><\/div>\n        <div class=\"a-news__date\">10. 11. 2022<\/div>\n    <\/div>\n<\/article>                <\/div>\n                <div class=\"s-articles__item js-carousel__item\">\n                    \n<article class=\"a-news\">\n    <a href=\"https:\/\/www.magna.org\/fr\/sk\/reportaze\/utecenci-transport-do-europy\/\" class=\"a-news__link\"><\/a>\n    <div class=\"a-news__image\">\n        <div class=\"a-news__img\" style=\"background-image:url('https:\/\/www.magna.org\/fr\/wp-content\/uploads\/2022\/09\/homepage-co-robime-mb2015014g0280-scaled-e1669890521465-468x468.jpg');\"><\/div>\n    <\/div>\n    <div class=\"a-news__content\">\n        <h5 class=\"a-news__subtitle\">Report\u00e1\u017ee<\/h5>\n        <h3 class=\"a-news__title\">Ute\u010denci: transport do Eur\u00f3py<\/h3>\n    <\/div>\n    <div class=\"a-news__footer\">\n        <div class=\"a-news__tags\"><\/div>\n        <div class=\"a-news__date\">10. 11. 2022<\/div>\n    <\/div>\n<\/article>                <\/div>\n                <div class=\"s-articles__item js-carousel__item\">\n                    \n<article class=\"a-news\">\n    <a href=\"https:\/\/www.magna.org\/fr\/sk\/reportaze\/vojna-na-ukrajine\/\" class=\"a-news__link\"><\/a>\n    <div class=\"a-news__image\">\n        <div class=\"a-news__img\" style=\"background-image:url('https:\/\/www.magna.org\/fr\/wp-content\/uploads\/2022\/11\/homepage-ukrajina-vojna-je-tu-a-teraz-shevcenko-468x468.jpg');\"><\/div>\n    <\/div>\n    <div class=\"a-news__content\">\n        <h5 class=\"a-news__subtitle\">Report\u00e1\u017ee<\/h5>\n        <h3 class=\"a-news__title\">Ukrajina: vojna je tu a teraz<\/h3>\n    <\/div>\n    <div class=\"a-news__footer\">\n        <div class=\"a-news__tags\"><\/div>\n        <div class=\"a-news__date\">10. 11. 2022<\/div>\n    <\/div>\n<\/article>                <\/div>\n            <\/div>\n        <\/div>\n    <\/div>\n<\/section>        <\/div>\n    <\/div>\n<\/section>","protected":false},"excerpt":{"rendered":"","protected":false},"author":2,"featured_media":824,"parent":11149,"menu_order":4,"comment_status":"closed","ping_status":"closed","template":"page-subpage.php","meta":{"_acf_changed":false,"inline_featured_image":false,"footnotes":""},"class_list":["post-11165","page","type-page","status-publish","has-post-thumbnail","hentry"],"acf":[],"yoast_head":"<!-- This site is optimized with the Yoast SEO plugin v24.3 - https:\/\/yoast.com\/wordpress\/plugins\/seo\/ -->\n<title>Reportages - Magna<\/title>\n<meta name=\"robots\" content=\"index, follow, max-snippet:-1, max-image-preview:large, max-video-preview:-1\" \/>\n<link rel=\"canonical\" href=\"https:\/\/www.magna.org\/fr\/en\/what-we-do\/reportages\/\" \/>\n<meta property=\"og:locale\" content=\"en_US\" \/>\n<meta property=\"og:type\" content=\"article\" \/>\n<meta property=\"og:title\" content=\"Reportages - Magna\" \/>\n<meta property=\"og:url\" content=\"https:\/\/www.magna.org\/fr\/en\/what-we-do\/reportages\/\" \/>\n<meta property=\"og:site_name\" content=\"Magna\" \/>\n<meta property=\"article:modified_time\" content=\"2023-03-18T21:52:37+00:00\" \/>\n<meta property=\"og:image\" content=\"https:\/\/www.magna.org\/fr\/wp-content\/uploads\/2022\/09\/homepage-co-robime-mb2015014g0280-scaled-e1669890521465.jpg\" \/>\n\t<meta property=\"og:image:width\" content=\"2560\" \/>\n\t<meta property=\"og:image:height\" content=\"1504\" \/>\n\t<meta property=\"og:image:type\" content=\"image\/jpeg\" \/>\n<meta name=\"twitter:card\" content=\"summary_large_image\" \/>\n<script type=\"application\/ld+json\" class=\"yoast-schema-graph\">{\"@context\":\"https:\/\/schema.org\",\"@graph\":[{\"@type\":\"WebPage\",\"@id\":\"https:\/\/www.magna.org\/fr\/en\/what-we-do\/reportages\/\",\"url\":\"https:\/\/www.magna.org\/fr\/en\/what-we-do\/reportages\/\",\"name\":\"Reportages - Magna\",\"isPartOf\":{\"@id\":\"https:\/\/www.magna.org\/fr\/#website\"},\"primaryImageOfPage\":{\"@id\":\"https:\/\/www.magna.org\/fr\/en\/what-we-do\/reportages\/#primaryimage\"},\"image\":{\"@id\":\"https:\/\/www.magna.org\/fr\/en\/what-we-do\/reportages\/#primaryimage\"},\"thumbnailUrl\":\"https:\/\/www.magna.org\/fr\/wp-content\/uploads\/2022\/09\/homepage-co-robime-mb2015014g0280-scaled-e1669890521465.jpg\",\"datePublished\":\"2023-02-09T17:51:30+00:00\",\"dateModified\":\"2023-03-18T21:52:37+00:00\",\"breadcrumb\":{\"@id\":\"https:\/\/www.magna.org\/fr\/en\/what-we-do\/reportages\/#breadcrumb\"},\"inLanguage\":\"en-US\",\"potentialAction\":[{\"@type\":\"ReadAction\",\"target\":[\"https:\/\/www.magna.org\/fr\/en\/what-we-do\/reportages\/\"]}]},{\"@type\":\"ImageObject\",\"inLanguage\":\"en-US\",\"@id\":\"https:\/\/www.magna.org\/fr\/en\/what-we-do\/reportages\/#primaryimage\",\"url\":\"https:\/\/www.magna.org\/fr\/wp-content\/uploads\/2022\/09\/homepage-co-robime-mb2015014g0280-scaled-e1669890521465.jpg\",\"contentUrl\":\"https:\/\/www.magna.org\/fr\/wp-content\/uploads\/2022\/09\/homepage-co-robime-mb2015014g0280-scaled-e1669890521465.jpg\",\"width\":2560,\"height\":1504},{\"@type\":\"BreadcrumbList\",\"@id\":\"https:\/\/www.magna.org\/fr\/en\/what-we-do\/reportages\/#breadcrumb\",\"itemListElement\":[{\"@type\":\"ListItem\",\"position\":1,\"name\":\"Home\",\"item\":\"https:\/\/www.magna.org\/fr\/sk\/\"},{\"@type\":\"ListItem\",\"position\":2,\"name\":\"What we do\",\"item\":\"https:\/\/www.magna.org\/fr\/en\/what-we-do\/\"},{\"@type\":\"ListItem\",\"position\":3,\"name\":\"Reportages\"}]},{\"@type\":\"WebSite\",\"@id\":\"https:\/\/www.magna.org\/fr\/#website\",\"url\":\"https:\/\/www.magna.org\/fr\/\",\"name\":\"Magna\",\"description\":\"Just another WordPress site\",\"potentialAction\":[{\"@type\":\"SearchAction\",\"target\":{\"@type\":\"EntryPoint\",\"urlTemplate\":\"https:\/\/www.magna.org\/fr\/?s={search_term_string}\"},\"query-input\":{\"@type\":\"PropertyValueSpecification\",\"valueRequired\":true,\"valueName\":\"search_term_string\"}}],\"inLanguage\":\"en-US\"}]}<\/script>\n<!-- \/ Yoast SEO plugin. -->","yoast_head_json":{"title":"Reportages - Magna","robots":{"index":"index","follow":"follow","max-snippet":"max-snippet:-1","max-image-preview":"max-image-preview:large","max-video-preview":"max-video-preview:-1"},"canonical":"https:\/\/www.magna.org\/fr\/en\/what-we-do\/reportages\/","og_locale":"en_US","og_type":"article","og_title":"Reportages - Magna","og_url":"https:\/\/www.magna.org\/fr\/en\/what-we-do\/reportages\/","og_site_name":"Magna","article_modified_time":"2023-03-18T21:52:37+00:00","og_image":[{"width":2560,"height":1504,"url":"https:\/\/www.magna.org\/fr\/wp-content\/uploads\/2022\/09\/homepage-co-robime-mb2015014g0280-scaled-e1669890521465.jpg","type":"image\/jpeg"}],"twitter_card":"summary_large_image","schema":{"@context":"https:\/\/schema.org","@graph":[{"@type":"WebPage","@id":"https:\/\/www.magna.org\/fr\/en\/what-we-do\/reportages\/","url":"https:\/\/www.magna.org\/fr\/en\/what-we-do\/reportages\/","name":"Reportages - Magna","isPartOf":{"@id":"https:\/\/www.magna.org\/fr\/#website"},"primaryImageOfPage":{"@id":"https:\/\/www.magna.org\/fr\/en\/what-we-do\/reportages\/#primaryimage"},"image":{"@id":"https:\/\/www.magna.org\/fr\/en\/what-we-do\/reportages\/#primaryimage"},"thumbnailUrl":"https:\/\/www.magna.org\/fr\/wp-content\/uploads\/2022\/09\/homepage-co-robime-mb2015014g0280-scaled-e1669890521465.jpg","datePublished":"2023-02-09T17:51:30+00:00","dateModified":"2023-03-18T21:52:37+00:00","breadcrumb":{"@id":"https:\/\/www.magna.org\/fr\/en\/what-we-do\/reportages\/#breadcrumb"},"inLanguage":"en-US","potentialAction":[{"@type":"ReadAction","target":["https:\/\/www.magna.org\/fr\/en\/what-we-do\/reportages\/"]}]},{"@type":"ImageObject","inLanguage":"en-US","@id":"https:\/\/www.magna.org\/fr\/en\/what-we-do\/reportages\/#primaryimage","url":"https:\/\/www.magna.org\/fr\/wp-content\/uploads\/2022\/09\/homepage-co-robime-mb2015014g0280-scaled-e1669890521465.jpg","contentUrl":"https:\/\/www.magna.org\/fr\/wp-content\/uploads\/2022\/09\/homepage-co-robime-mb2015014g0280-scaled-e1669890521465.jpg","width":2560,"height":1504},{"@type":"BreadcrumbList","@id":"https:\/\/www.magna.org\/fr\/en\/what-we-do\/reportages\/#breadcrumb","itemListElement":[{"@type":"ListItem","position":1,"name":"Home","item":"https:\/\/www.magna.org\/fr\/sk\/"},{"@type":"ListItem","position":2,"name":"What we do","item":"https:\/\/www.magna.org\/fr\/en\/what-we-do\/"},{"@type":"ListItem","position":3,"name":"Reportages"}]},{"@type":"WebSite","@id":"https:\/\/www.magna.org\/fr\/#website","url":"https:\/\/www.magna.org\/fr\/","name":"Magna","description":"Just another WordPress site","potentialAction":[{"@type":"SearchAction","target":{"@type":"EntryPoint","urlTemplate":"https:\/\/www.magna.org\/fr\/?s={search_term_string}"},"query-input":{"@type":"PropertyValueSpecification","valueRequired":true,"valueName":"search_term_string"}}],"inLanguage":"en-US"}]}},"_links":{"self":[{"href":"https:\/\/www.magna.org\/fr\/wp-json\/wp\/v2\/pages\/11165","targetHints":{"allow":["GET"]}}],"collection":[{"href":"https:\/\/www.magna.org\/fr\/wp-json\/wp\/v2\/pages"}],"about":[{"href":"https:\/\/www.magna.org\/fr\/wp-json\/wp\/v2\/types\/page"}],"author":[{"embeddable":true,"href":"https:\/\/www.magna.org\/fr\/wp-json\/wp\/v2\/users\/2"}],"replies":[{"embeddable":true,"href":"https:\/\/www.magna.org\/fr\/wp-json\/wp\/v2\/comments?post=11165"}],"version-history":[{"count":7,"href":"https:\/\/www.magna.org\/fr\/wp-json\/wp\/v2\/pages\/11165\/revisions"}],"predecessor-version":[{"id":12324,"href":"https:\/\/www.magna.org\/fr\/wp-json\/wp\/v2\/pages\/11165\/revisions\/12324"}],"up":[{"embeddable":true,"href":"https:\/\/www.magna.org\/fr\/wp-json\/wp\/v2\/pages\/11149"}],"wp:featuredmedia":[{"embeddable":true,"href":"https:\/\/www.magna.org\/fr\/wp-json\/wp\/v2\/media\/824"}],"wp:attachment":[{"href":"https:\/\/www.magna.org\/fr\/wp-json\/wp\/v2\/media?parent=11165"}],"curies":[{"name":"wp","href":"https:\/\/api.w.org\/{rel}","templated":true}]}}