{"id":11219,"date":"2023-02-09T18:58:38","date_gmt":"2023-02-09T18:58:38","guid":{"rendered":"https:\/\/www.magna.org\/fr\/?page_id=11219"},"modified":"2023-05-02T01:02:14","modified_gmt":"2023-05-02T01:02:14","slug":"career-and-benefits","status":"publish","type":"page","link":"https:\/\/www.magna.org\/fr\/en\/work-with-us\/career-and-benefits\/","title":{"rendered":"Career and benefits"},"content":{"rendered":"<section class=\"s-panels hc-section-space--normal\">\n    <div class=\"s-panels__inner\">\n        <div class=\"s-panels__aside s-panels__aside--empty\"><\/div>\n        <div class=\"s-panels__content\">\n<article class=\"a-teaser\">\n    <div class=\"a-teaser__content\">\n        <h2 class=\"a-teaser__title\">Conditions<\/h2>\n        <div class=\"a-teaser__text\">\n            <p>Going on a humanitarian mission requires a high level of personal commitment. Motivation, the ability to adapt and work in multidisciplinary and multicultural teams, curiosity and openness to other cultures are qualities that are essential for the MAGNA team.<\/p>\n<p><strong>MAGNA sends experienced experts to its field projects. Within MAGNA, regardless of your position, you will have a paid contract.<\/strong><\/p>\n<p>The organization offers a scholarship or a fixed-term employment contract depending on the person&#8217;s place of residence and experience. All international employees are provided with health insurance.<\/p>\n\n        <\/div>\n    <\/div>\n    <div class=\"a-teaser__image\">\n        <div class=\"a-teaser__img\" style=\"background-image:url('https\\:\\\/\\\/www\\.magna\\.org\\\/fr\\\/wp-content\\\/uploads\\\/2006\\\/01\\\/homepage-kambodza-pediatricka-starostlivost-v-takhmau-mb200708g0046\\.jpg')\"><\/div>\n    <\/div>\n<\/article>        <\/div>\n    <\/div>\n<\/section>\n\n<section class=\"s-article-full s-article-full--secondary s-article-full--left hc-section-space--normal\">\n    <div class=\"s-article-full__inner\">\n        <div class=\"s-article-full__content\">\n            <h2 class=\"s-article-full__title\">How will I be paid?<\/h2>\n            <div class=\"s-article-full__text\">\n                <p>Your contract and compensation depends on your country of residence and your experience:<\/p>\n<p><strong>Standard fixed-term contract:<\/strong> a fixed-term contract with a salary from \u20ac1,709 to \u20ac3,483 gross, depending on the employee&#8217;s role and relevant experience. This salary is subject to taxation.<\/p>\n<p><strong>Foreign volunteer:<\/strong> volunteer agreement with a reward of \u20ac1,120 net.<\/p>\n<p><strong>Foreign employee:<\/strong> fixed-term contract with a salary from \u20ac1,709 to \u20ac3,483 net, depending on the employee&#8217;s role and relevant experience in the position.<\/p>\n\n            <\/div>\n        <\/div>\n        <div class=\"s-article-full__image\">\n            <div class=\"s-article-full__img\" style=\"background-image:url('https:\/\/www.magna.org\/fr\/wp-content\/uploads\/2022\/12\/homepage-pracujte-s-nami-mb2010010g0890-e1669940163353-552x352.jpg')\"><\/div>\n        <\/div>\n    <\/div>\n<\/section>\n\n<section class=\"s-panels hc-section-space--normal\">\n    <div class=\"s-panels__inner\">\n        <div class=\"s-panels__aside s-panels__aside--empty\"><\/div>\n        <div class=\"s-panels__content\">\n            <section class=\"s-faq hc-section-space--normal\">\n                <div class=\"s-faq__inner\">\n                    <h2 class=\"s-faq__title\">What benefits do I receive?<\/h2>\n                    <div class=\"s-faq__items js-accordion\">\n                            <h3 class=\"s-faq__question js-accordion__title\">TRANSPORTATION<\/h3>\n                            <div class=\"s-faq__answer\">\n                                <p><strong>MAGNA pays for the return trip from your residence to the mission.<\/strong> With contracts over 12 months, you have the option of getting an extra trip to your place of residence.<\/p>\n\n                            <\/div>\n                            <h3 class=\"s-faq__question js-accordion__title\">PER DIEM<\/h3>\n                            <div class=\"s-faq__answer\">\n                                <p><strong>Each month in the field, a monthly living allowance called a &#8220;meal allowance&#8221; is provided to cover the cost of food and personal expenses.<\/strong> The same amount and grants all international employees working in the same country allocations regardless of their location.<\/p>\n\n                            <\/div>\n                            <h3 class=\"s-faq__question js-accordion__title\">DAYS OFF AND HOLIDAYS<\/h3>\n                            <div class=\"s-faq__answer\">\n                                <p><strong>PAID LEAVE:<\/strong> MAGNA has decided to provide and pay 25 working days of leave for each mission year. For contracts over 12 months, these days are higher, depending on the length of the contract.<\/p>\n<p><strong>BREAK:<\/strong> Usable only for the project position (not coordination in the capital) and in difficult missions. You are allowed one week off every three months. During these holidays, MAGNA finances trips to neighboring countries to some extent.<\/p>\n\n                            <\/div>\n                            <h3 class=\"s-faq__question js-accordion__title\">ACCOMMODATION IN THE FIELD<\/h3>\n                            <div class=\"s-faq__answer\">\n                                <p><strong>For the duration of your assignment, you will be provided accommodation in a MAGNA-approved residence.<\/strong><\/p>\n<p>Accommodation can vary greatly from project to project depending on living conditions within the mission country or project area. In some areas, volunteer accommodation and the MAGNA project office will be in the same building.<\/p>\n<p>One of our basic principles is that all field volunteers should live together. At the same time, we understand that the family and personal situation of a field volunteer can make living together difficult, especially in longer-term projects. For these reasons, if possible, MAGNA pays for individual accommodation.<\/p>\n\n                            <\/div>\n                            <h3 class=\"s-faq__question js-accordion__title\">INSURANCE<\/h3>\n                            <div class=\"s-faq__answer\">\n                                <p>MAGNA provides health care and medical evacuation insurance.<\/p>\n\n                            <\/div>\n                            <h3 class=\"s-faq__question js-accordion__title\">HOME CHILD ALLOWANCES<\/h3>\n                            <div class=\"s-faq__answer\">\n                                <p>A monthly amount paid together with the salary for dependent children who remain in their country of residence. It is provided only for employees working with MAGNA for more than 12 months and in a coordination position.<\/p>\n\n                            <\/div>\n                    <\/div>\n                <\/div>\n            <\/section>\n        <\/div>\n    <\/div>\n<\/section>\n\n<section class=\"s-article-full s-article-full--yellow s-article-full--right hc-section-space--normal\">\n    <div class=\"s-article-full__inner\">\n        <div class=\"s-article-full__content\">\n            <h2 class=\"s-article-full__title\">Can I go on a mission with my family?<\/h2>\n            <div class=\"s-article-full__text\">\n                <p><strong>You cannot bring your partner or family with you on your first field assignment.<\/strong><\/p>\n<p>This would only be possible if you hold a coordination position, usually at mission headquarters in the nation&#8217;s capital, and only if MAGNA allows the family to be in that location.<\/p>\n<p>Security considerations, lack of job opportunities outside of MAGNA, limited accommodation options, lack of necessary education and health systems, etc. mean that opportunities to have families on field projects are limited.<\/p>\n\n            <\/div>\n        <\/div>\n        <div class=\"s-article-full__image\">\n            <div class=\"s-article-full__img\" style=\"background-image:url('https:\/\/www.magna.org\/fr\/wp-content\/uploads\/2022\/12\/homepage-kariera-a-benefity-mb201811g3269-552x368.jpg')\"><\/div>\n        <\/div>\n    <\/div>\n<\/section>\n\n<section class=\"s-panels hc-section-space--normal\">\n    <div class=\"s-panels__inner\">\n        <div class=\"s-panels__aside s-panels__aside--empty\"><\/div>\n        <div class=\"s-panels__content\">\n<article class=\"a-teaser\">\n    <div class=\"a-teaser__content\">\n        <h2 class=\"a-teaser__title\">Life and work in the field<\/h2>\n        <div class=\"a-teaser__text\">\n            <p><strong>While working in the field, you can discover your hidden talent, it can inspire you and change your life.<\/strong><\/p>\n<p>Your living conditions on the mission will often be very basic. You will follow safety instructions in all situations. You will not be able to do the activities you are used to from home &#8211; sports, theater, cinema, etc. You will be working with people from different countries, with local employees almost always making up the majority of the team, so you will need to be able and willing to adapt to people from other cultures. You are in direct contact with the people you help, but it may happen that you do not feel their gratitude every time. In the project, country or area where you will operate, the situation can change in an instant, and thus your work will have to change as well. Flexibility and adaptability are essential for field work.<\/p>\n\n        <\/div>\n    <\/div>\n    <div class=\"a-teaser__image\">\n        <div class=\"a-teaser__img\" style=\"background-image:url('https\\:\\\/\\\/www\\.magna\\.org\\\/fr\\\/wp-content\\\/uploads\\\/2022\\\/11\\\/homepage-haiti-mb2010001g0046\\.jpg')\"><\/div>\n    <\/div>\n<\/article>        <\/div>\n    <\/div>\n<\/section>\n\n<section class=\"s-panels hc-section-space--normal\">\n    <div class=\"s-panels__inner\">\n        <div class=\"s-panels__aside s-panels__aside--empty\"><\/div>\n        <div class=\"s-panels__content\">\n<section class=\"s-articles js-carousel\">\n    <div class=\"s-articles__inner\">\n        <h2 class=\"s-articles__title\">Voices from the field<\/h2>\n        <div class=\"s-articles__content\">\n            <div class=\"s-articles__items js-carousel__items\">\n                <div class=\"s-articles__item js-carousel__item\">\n                    \n<article class=\"a-news\">\n    <a href=\"https:\/\/www.magna.org\/fr\/sk\/spravy-sk\/libanon-kazde-novonarodene-babatko-je-ako-maly-vychod-slnka\/\" class=\"a-news__link\"><\/a>\n    <div class=\"a-news__image\">\n        <div class=\"a-news__img\" style=\"background-image:url('https:\/\/www.magna.org\/fr\/wp-content\/uploads\/2022\/12\/ln_midwiwe-and-newbornbaalbeckjune-lell-e1656040427405-468x468.jpg');\"><\/div>\n    <\/div>\n    <div class=\"a-news__content\">\n        <h5 class=\"a-news__subtitle\">Spr\u00e1vy<\/h5>\n        <h3 class=\"a-news__title\">Libanon: ka\u017ed\u00e9 novonaroden\u00e9 b\u00e1b\u00e4tko je ako mal\u00fd v\u00fdchod Slnka<\/h3>\n    <\/div>\n    <div class=\"a-news__footer\">\n        <div class=\"a-news__tags\">Hlasy z ter\u00e9nu<\/div>\n        <div class=\"a-news__date\">24. 06. 2022<\/div>\n    <\/div>\n<\/article>                <\/div>\n                <div class=\"s-articles__item js-carousel__item\">\n                    \n<article class=\"a-news\">\n    <a href=\"https:\/\/www.magna.org\/fr\/sk\/spravy-sk\/libanon-mala-enal-symbolizuje-nadej\/\" class=\"a-news__link\"><\/a>\n    <div class=\"a-news__image\">\n        <div class=\"a-news__img\" style=\"background-image:url('https:\/\/www.magna.org\/fr\/wp-content\/uploads\/2022\/12\/enel1-e1643702301295-468x468.jpeg');\"><\/div>\n    <\/div>\n    <div class=\"a-news__content\">\n        <h5 class=\"a-news__subtitle\">Spr\u00e1vy<\/h5>\n        <h3 class=\"a-news__title\">Libanon: mal\u00e1 Enal symbolizuje n\u00e1dej<\/h3>\n    <\/div>\n    <div class=\"a-news__footer\">\n        <div class=\"a-news__tags\">Hlasy z ter\u00e9nu<\/div>\n        <div class=\"a-news__date\">01. 02. 2022<\/div>\n    <\/div>\n<\/article>                <\/div>\n            <\/div>\n        <\/div>\n    <\/div>\n<\/section>        <\/div>\n    <\/div>\n<\/section>","protected":false},"excerpt":{"rendered":"","protected":false},"author":2,"featured_media":6151,"parent":11201,"menu_order":0,"comment_status":"closed","ping_status":"closed","template":"page-subpage.php","meta":{"_acf_changed":false,"inline_featured_image":false,"footnotes":""},"class_list":["post-11219","page","type-page","status-publish","has-post-thumbnail","hentry"],"acf":[],"yoast_head":"<!-- This site is optimized with the Yoast SEO plugin v24.3 - https:\/\/yoast.com\/wordpress\/plugins\/seo\/ -->\n<title>Career and benefits - Magna<\/title>\n<meta name=\"robots\" content=\"index, follow, max-snippet:-1, max-image-preview:large, max-video-preview:-1\" \/>\n<link rel=\"canonical\" href=\"https:\/\/www.magna.org\/fr\/en\/work-with-us\/career-and-benefits\/\" \/>\n<meta property=\"og:locale\" content=\"en_US\" \/>\n<meta property=\"og:type\" content=\"article\" \/>\n<meta property=\"og:title\" content=\"Career and benefits - Magna\" \/>\n<meta property=\"og:url\" content=\"https:\/\/www.magna.org\/fr\/en\/work-with-us\/career-and-benefits\/\" \/>\n<meta property=\"og:site_name\" content=\"Magna\" \/>\n<meta property=\"article:modified_time\" content=\"2023-05-02T01:02:14+00:00\" \/>\n<meta property=\"og:image\" content=\"https:\/\/www.magna.org\/fr\/wp-content\/uploads\/2022\/12\/homepage-pracujte-s-nami-mb2010001g1826.jpg\" \/>\n\t<meta property=\"og:image:width\" content=\"1800\" \/>\n\t<meta property=\"og:image:height\" content=\"1200\" \/>\n\t<meta property=\"og:image:type\" content=\"image\/jpeg\" \/>\n<meta name=\"twitter:card\" content=\"summary_large_image\" \/>\n<script type=\"application\/ld+json\" class=\"yoast-schema-graph\">{\"@context\":\"https:\/\/schema.org\",\"@graph\":[{\"@type\":\"WebPage\",\"@id\":\"https:\/\/www.magna.org\/fr\/en\/work-with-us\/career-and-benefits\/\",\"url\":\"https:\/\/www.magna.org\/fr\/en\/work-with-us\/career-and-benefits\/\",\"name\":\"Career and benefits - Magna\",\"isPartOf\":{\"@id\":\"https:\/\/www.magna.org\/fr\/#website\"},\"primaryImageOfPage\":{\"@id\":\"https:\/\/www.magna.org\/fr\/en\/work-with-us\/career-and-benefits\/#primaryimage\"},\"image\":{\"@id\":\"https:\/\/www.magna.org\/fr\/en\/work-with-us\/career-and-benefits\/#primaryimage\"},\"thumbnailUrl\":\"https:\/\/www.magna.org\/fr\/wp-content\/uploads\/2022\/12\/homepage-pracujte-s-nami-mb2010001g1826.jpg\",\"datePublished\":\"2023-02-09T18:58:38+00:00\",\"dateModified\":\"2023-05-02T01:02:14+00:00\",\"breadcrumb\":{\"@id\":\"https:\/\/www.magna.org\/fr\/en\/work-with-us\/career-and-benefits\/#breadcrumb\"},\"inLanguage\":\"en-US\",\"potentialAction\":[{\"@type\":\"ReadAction\",\"target\":[\"https:\/\/www.magna.org\/fr\/en\/work-with-us\/career-and-benefits\/\"]}]},{\"@type\":\"ImageObject\",\"inLanguage\":\"en-US\",\"@id\":\"https:\/\/www.magna.org\/fr\/en\/work-with-us\/career-and-benefits\/#primaryimage\",\"url\":\"https:\/\/www.magna.org\/fr\/wp-content\/uploads\/2022\/12\/homepage-pracujte-s-nami-mb2010001g1826.jpg\",\"contentUrl\":\"https:\/\/www.magna.org\/fr\/wp-content\/uploads\/2022\/12\/homepage-pracujte-s-nami-mb2010001g1826.jpg\",\"width\":1800,\"height\":1200},{\"@type\":\"BreadcrumbList\",\"@id\":\"https:\/\/www.magna.org\/fr\/en\/work-with-us\/career-and-benefits\/#breadcrumb\",\"itemListElement\":[{\"@type\":\"ListItem\",\"position\":1,\"name\":\"Home\",\"item\":\"https:\/\/www.magna.org\/fr\/sk\/\"},{\"@type\":\"ListItem\",\"position\":2,\"name\":\"Work with us\",\"item\":\"https:\/\/www.magna.org\/fr\/en\/work-with-us\/\"},{\"@type\":\"ListItem\",\"position\":3,\"name\":\"Career and benefits\"}]},{\"@type\":\"WebSite\",\"@id\":\"https:\/\/www.magna.org\/fr\/#website\",\"url\":\"https:\/\/www.magna.org\/fr\/\",\"name\":\"Magna\",\"description\":\"Just another WordPress site\",\"potentialAction\":[{\"@type\":\"SearchAction\",\"target\":{\"@type\":\"EntryPoint\",\"urlTemplate\":\"https:\/\/www.magna.org\/fr\/?s={search_term_string}\"},\"query-input\":{\"@type\":\"PropertyValueSpecification\",\"valueRequired\":true,\"valueName\":\"search_term_string\"}}],\"inLanguage\":\"en-US\"}]}<\/script>\n<!-- \/ Yoast SEO plugin. -->","yoast_head_json":{"title":"Career and benefits - Magna","robots":{"index":"index","follow":"follow","max-snippet":"max-snippet:-1","max-image-preview":"max-image-preview:large","max-video-preview":"max-video-preview:-1"},"canonical":"https:\/\/www.magna.org\/fr\/en\/work-with-us\/career-and-benefits\/","og_locale":"en_US","og_type":"article","og_title":"Career and benefits - Magna","og_url":"https:\/\/www.magna.org\/fr\/en\/work-with-us\/career-and-benefits\/","og_site_name":"Magna","article_modified_time":"2023-05-02T01:02:14+00:00","og_image":[{"width":1800,"height":1200,"url":"https:\/\/www.magna.org\/fr\/wp-content\/uploads\/2022\/12\/homepage-pracujte-s-nami-mb2010001g1826.jpg","type":"image\/jpeg"}],"twitter_card":"summary_large_image","schema":{"@context":"https:\/\/schema.org","@graph":[{"@type":"WebPage","@id":"https:\/\/www.magna.org\/fr\/en\/work-with-us\/career-and-benefits\/","url":"https:\/\/www.magna.org\/fr\/en\/work-with-us\/career-and-benefits\/","name":"Career and benefits - Magna","isPartOf":{"@id":"https:\/\/www.magna.org\/fr\/#website"},"primaryImageOfPage":{"@id":"https:\/\/www.magna.org\/fr\/en\/work-with-us\/career-and-benefits\/#primaryimage"},"image":{"@id":"https:\/\/www.magna.org\/fr\/en\/work-with-us\/career-and-benefits\/#primaryimage"},"thumbnailUrl":"https:\/\/www.magna.org\/fr\/wp-content\/uploads\/2022\/12\/homepage-pracujte-s-nami-mb2010001g1826.jpg","datePublished":"2023-02-09T18:58:38+00:00","dateModified":"2023-05-02T01:02:14+00:00","breadcrumb":{"@id":"https:\/\/www.magna.org\/fr\/en\/work-with-us\/career-and-benefits\/#breadcrumb"},"inLanguage":"en-US","potentialAction":[{"@type":"ReadAction","target":["https:\/\/www.magna.org\/fr\/en\/work-with-us\/career-and-benefits\/"]}]},{"@type":"ImageObject","inLanguage":"en-US","@id":"https:\/\/www.magna.org\/fr\/en\/work-with-us\/career-and-benefits\/#primaryimage","url":"https:\/\/www.magna.org\/fr\/wp-content\/uploads\/2022\/12\/homepage-pracujte-s-nami-mb2010001g1826.jpg","contentUrl":"https:\/\/www.magna.org\/fr\/wp-content\/uploads\/2022\/12\/homepage-pracujte-s-nami-mb2010001g1826.jpg","width":1800,"height":1200},{"@type":"BreadcrumbList","@id":"https:\/\/www.magna.org\/fr\/en\/work-with-us\/career-and-benefits\/#breadcrumb","itemListElement":[{"@type":"ListItem","position":1,"name":"Home","item":"https:\/\/www.magna.org\/fr\/sk\/"},{"@type":"ListItem","position":2,"name":"Work with us","item":"https:\/\/www.magna.org\/fr\/en\/work-with-us\/"},{"@type":"ListItem","position":3,"name":"Career and benefits"}]},{"@type":"WebSite","@id":"https:\/\/www.magna.org\/fr\/#website","url":"https:\/\/www.magna.org\/fr\/","name":"Magna","description":"Just another WordPress site","potentialAction":[{"@type":"SearchAction","target":{"@type":"EntryPoint","urlTemplate":"https:\/\/www.magna.org\/fr\/?s={search_term_string}"},"query-input":{"@type":"PropertyValueSpecification","valueRequired":true,"valueName":"search_term_string"}}],"inLanguage":"en-US"}]}},"_links":{"self":[{"href":"https:\/\/www.magna.org\/fr\/wp-json\/wp\/v2\/pages\/11219","targetHints":{"allow":["GET"]}}],"collection":[{"href":"https:\/\/www.magna.org\/fr\/wp-json\/wp\/v2\/pages"}],"about":[{"href":"https:\/\/www.magna.org\/fr\/wp-json\/wp\/v2\/types\/page"}],"author":[{"embeddable":true,"href":"https:\/\/www.magna.org\/fr\/wp-json\/wp\/v2\/users\/2"}],"replies":[{"embeddable":true,"href":"https:\/\/www.magna.org\/fr\/wp-json\/wp\/v2\/comments?post=11219"}],"version-history":[{"count":6,"href":"https:\/\/www.magna.org\/fr\/wp-json\/wp\/v2\/pages\/11219\/revisions"}],"predecessor-version":[{"id":12841,"href":"https:\/\/www.magna.org\/fr\/wp-json\/wp\/v2\/pages\/11219\/revisions\/12841"}],"up":[{"embeddable":true,"href":"https:\/\/www.magna.org\/fr\/wp-json\/wp\/v2\/pages\/11201"}],"wp:featuredmedia":[{"embeddable":true,"href":"https:\/\/www.magna.org\/fr\/wp-json\/wp\/v2\/media\/6151"}],"wp:attachment":[{"href":"https:\/\/www.magna.org\/fr\/wp-json\/wp\/v2\/media?parent=11219"}],"curies":[{"name":"wp","href":"https:\/\/api.w.org\/{rel}","templated":true}]}}