{"id":1151,"date":"2022-10-13T16:45:10","date_gmt":"2022-10-13T16:45:10","guid":{"rendered":"https:\/\/www.magna.org\/fr\/?page_id=1151"},"modified":"2023-05-25T19:49:35","modified_gmt":"2023-05-25T19:49:35","slug":"pracujte-s-nami","status":"publish","type":"page","link":"https:\/\/www.magna.org\/fr\/sk\/pracujte-s-nami\/","title":{"rendered":"Pracujte s nami"},"content":{"rendered":"<section class=\"s-support hc-section-space--normal\">\n    <div class=\"s-support__header\">\n        <h1 class=\"s-support__title\">Pridajte sa k na\u0161im t\u00edmom<\/h1>\n        <div class=\"s-support__intro\">\n            <p>MAGNA z\u00e1vis\u00ed od odhodlania, obetavosti a tvrdej pr\u00e1ce t\u00fdch, ktor\u00ed sa podie\u013eaj\u00fa na v\u00fdsledkoch projektov, v ter\u00e9ne aj v kancel\u00e1rii. \u010ci u\u017e ste odborn\u00edk na zdravotn\u00edctvo, financie, logistiku alebo ak\u00fako\u013evek in\u00fa oblas\u0165, budete s\u00fa\u010das\u0165ou na\u0161ej spolo\u010dnej misie. Tu sa m\u00f4\u017eete uch\u00e1dza\u0165 bu\u010f o konkr\u00e9tnu inzerovan\u00fa poz\u00edciu, alebo  o vstup do na\u0161ej medzin\u00e1rodnej datab\u00e1zy humanit\u00e1rnych pracovn\u00edkov.<\/p>\n\n        <\/div>\n    <\/div>\n    <div class=\"s-support__content\">\n        <div class=\"s-support__items\">\n        <\/div>\n    <\/div>\n<\/section>\n\n<section class=\"s-home-hero s-home-hero--white hc-section-space--normal\">\n    <div class=\"s-home-hero__inner\">\n        <div class=\"s-home-hero__media\">\n            <img loading=\"lazy\" decoding=\"async\" width=\"698\" height=\"524\" src=\"https:\/\/www.magna.org\/fr\/wp-content\/uploads\/2022\/12\/homepage-pracujte-s-nami-mb2011031m0196-e1669938110466-698x524.jpg\" class=\"attachment-magna-hero size-magna-hero\" alt=\"\" srcset=\"https:\/\/www.magna.org\/fr\/wp-content\/uploads\/2022\/12\/homepage-pracujte-s-nami-mb2011031m0196-e1669938110466-698x524.jpg 698w, https:\/\/www.magna.org\/fr\/wp-content\/uploads\/2022\/12\/homepage-pracujte-s-nami-mb2011031m0196-e1669938110466-1396x1048.jpg 1396w\" sizes=\"auto, (max-width: 698px) 100vw, 698px\" \/>\n        <\/div>\n        <div class=\"s-home-hero__content\">\n            <h2 class=\"s-home-hero__title\">Na\u0161e naliehav\u00e9 potreby v ter\u00e9ne<\/h2>\n            <div class=\"s-home-hero__text\">\n                <p>K\u013e\u00fa\u010dovou prioritou MAGNA je udr\u017ea\u0165 na\u0161e dlhodob\u00e9 zdravotn\u00edcke programy v prev\u00e1dzke pre tis\u00edce pacientov, ktor\u00fdch pom\u00e1hame lie\u010di\u0165 a z\u00e1rove\u0148 by\u0165 schopn\u00ed reagova\u0165 na n\u00fadzov\u00e9 situ\u00e1cie ohrozuj\u00face \u017eivoty \u013eud\u00ed na celom svete a to s v\u00e4\u010d\u0161\u00edm d\u00f4razom na krajiny s nestabilnou situ\u00e1ciou alebo so slab\u00fdm zdravotn\u00fdm syst\u00e9mom.<\/p>\n            <\/div>\n            <div class=\"s-home-hero__cta\">\n                <a href=\"https:\/\/www.magna.org\/fr\/pracujte-s-nami\/pridajte-sa-k-nam-do-terenu\/\" target=\"\" class=\"e-btn e-btn--dark\">Pridajte sa<\/a>\n            <\/div>\n        <\/div>\n    <\/div>\n<\/section>\n\n<section class=\"s-home-focus hc-section-space--normal\">\n    <div class=\"s-home-focus__inner\">\n        <div class=\"s-home-focus__wrap\">\n            <div class=\"s-home-focus__image\">\n                <div class=\"s-home-focus__img\" style=\"background-image:url('https:\/\/www.magna.org\/fr\/wp-content\/uploads\/2022\/12\/homepage-pracujte-s-nami-mb2015009g0291-1034x632.jpg')\"><\/div>\n            <\/div>\n            <div class=\"s-home-focus__content\">\n                <h2 class=\"s-home-focus__title\">Na\u0161e z\u00e1v\u00e4zky t\u00fdkaj\u00face sa spr\u00e1vania<\/h2>\n                <div class=\"s-home-focus__text\">\n                    <p>Integrita na\u0161ej organiz\u00e1cie je podporovan\u00e1 dobr\u00fdm spr\u00e1van\u00edm ka\u017ed\u00e9ho jednotliv\u00e9ho zamestnanca na akomko\u013evek mieste s pln\u00fdm re\u0161pektom vo\u010di komunit\u00e1m, ktor\u00fdm pom\u00e1hame.\u00a0Pre n\u00e1s to znamen\u00e1 netolerova\u0165 \u017eiadne spr\u00e1vanie na\u0161ich zamestnancov, ktor\u00e9 zneu\u017e\u00edva zranite\u013enos\u0165 in\u00fdch alebo zamestnancov, ktor\u00ed vyu\u017e\u00edvaj\u00fa svoju poz\u00edciu na osobn\u00fd zisk.\u00a0Netolerujeme \u017eiadne fyzick\u00e9 alebo psychick\u00e9 t\u00fdranie jednotlivcov, sexu\u00e1lne ob\u0165a\u017eovanie, sexu\u00e1lne vz\u0165ahy s malolet\u00fdmi alebo ak\u00e9ko\u013evek spr\u00e1vanie, ktor\u00e9 nere\u0161pektuje \u013eudsk\u00fa d\u00f4stojnos\u0165.<\/p>\n<p>MAGNA podporuje pracovn\u00e9 prostredie bez ob\u0165a\u017eovania a zneu\u017e\u00edvania. Sme jednozna\u010dne zaviazan\u00ed bojova\u0165 proti zneu\u017e\u00edvaniu a posil\u0148ova\u0165 mechanizmy a postupy na jeho predch\u00e1dzanie a rie\u0161enie.<\/p>\n\n                <\/div>\n            <\/div>\n        <\/div>\n    <\/div>\n<\/section>\n\n<section class=\"s-support hc-section-space--normal\">\n    <div class=\"s-support__header\">\n        <h1 class=\"s-support__title\">MAGNA ter\u00e9nne projekty<\/h1>\n        <div class=\"s-support__intro\">\n            <p>Ka\u017ed\u00fd rok viac ako 20 medzin\u00e1rodn\u00fdch zamestnancov odch\u00e1dza na projekty v ter\u00e9ne a prip\u00e1ja sa k takmer 500 miestnym pracovn\u00edkom v na\u0161ich misi\u00e1ch. T\u00edmy MAGNA ost\u00e1vaj\u00fa po\u010das svojej pr\u00e1ce v ter\u00e9ne pr\u00edsne neutr\u00e1lne a nestrann\u00e9 a pri plnen\u00ed svojich povinnost\u00ed musia ma\u0165 \u00fapln\u00fa auton\u00f3miu.<\/p>\n\n        <\/div>\n    <\/div>\n    <div class=\"s-support__content\">\n        <div class=\"s-support__items\">\n            <div class=\"s-support__item \">\n                <article class=\"a-support\">\n    <a href=\"https:\/\/www.magna.org\/fr\/pracujte-s-nami\/najdite-si-poziciu\/\" target=\"\" class=\"a-support__link\"><\/a>\n        <div class=\"a-support__image\">\n            <div class=\"a-support__img\" style=\"background-image:url('https:\/\/www.magna.org\/fr\/wp-content\/uploads\/2022\/12\/homepage-najdite-si-poziciu-mb2015009g0131-850x478.jpg');\"><\/div>\n        <\/div>\n    <div class=\"a-support__content\">\n        <h3 class=\"a-support__title\">N\u00e1jdite si poz\u00edciu<\/h3>\n        <div class=\"a-support__text\"><p>MAGNA h\u013ead\u00e1 kvalifikovan\u00fdch medic\u00ednskych a nemedic\u00ednd\u015bkych odborn\u00edkov, vr\u00e1tane koordin\u00e1torov, pre pr\u00e1cu v na\u0161ich ter\u00e9nnych projektoch.<\/p>\n<\/div>\n    <\/div>\n    <div class=\"a-support__footer\">\n        <div class=\"a-support__cta\">\n            <a href=\"https:\/\/www.magna.org\/fr\/pracujte-s-nami\/najdite-si-poziciu\/\" target=\"\" class=\"e-btn e-btn--primary\"><span>Zisti\u0165 viac<\/span><i class=\"icon-heart\"><\/i><\/a>\n        <\/div>\n    <\/div>\n<\/article>\n            <\/div>\n            <div class=\"s-support__item \">\n                <article class=\"a-support\">\n    <a href=\"https:\/\/www.magna.org\/fr\/pracujte-s-nami\/kariera-a-benefity\/\" target=\"\" class=\"a-support__link\"><\/a>\n        <div class=\"a-support__image\">\n            <div class=\"a-support__img\" style=\"background-image:url('https:\/\/www.magna.org\/fr\/wp-content\/uploads\/2022\/12\/homepage-pracujte-s-nami-mb2010001g1826-850x478.jpg');\"><\/div>\n        <\/div>\n    <div class=\"a-support__content\">\n        <h3 class=\"a-support__title\">Kari\u00e9ra a benefity<\/h3>\n        <div class=\"a-support__text\"><p>Uprednostnen\u00ed bud\u00fa kandid\u00e1ti, ktor\u00ed sa zavia\u017e\u00fa k dlhodobej kari\u00e9re v oblasti humanit\u00e1rnej pomoci.<\/p>\n<\/div>\n    <\/div>\n    <div class=\"a-support__footer\">\n        <div class=\"a-support__cta\">\n            <a href=\"https:\/\/www.magna.org\/fr\/pracujte-s-nami\/kariera-a-benefity\/\" target=\"\" class=\"e-btn e-btn--primary\"><span>Zisti\u0165 viac<\/span><i class=\"icon-heart\"><\/i><\/a>\n        <\/div>\n    <\/div>\n<\/article>\n            <\/div>\n        <\/div>\n    <\/div>\n<\/section>\n\n<section class=\"s-faq hc-section-space--normal\">\n    <div class=\"s-faq__inner\">\n        <h2 class=\"s-faq__title\">Znalosti a zru\u010dnosti, ktor\u00e9 m\u00e1te, my potrebujeme<\/h2>\n        <div class=\"s-faq__items js-accordion\">\n                <h3 class=\"s-faq__question js-accordion__title\">Dostupnos\u0165 9\u00a0a\u017e 12\u00a0mesiacov<\/h3>\n                <div class=\"s-faq__answer\">\n                    <p>Vzh\u013eadom na mieru zodpovednosti, ktor\u00fa maj\u00fa pracovn\u00edci MAGNA prevzia\u0165, \u010das potrebn\u00fd na aklimatiz\u00e1ciu, pochopenie kontextu a potrebu kontinuity v prospech n\u00e1\u0161ho lok\u00e1lne najat\u00e9ho person\u00e1lu \u00a0a pacientov b\u00fad\u00fa u<strong>prednostnen\u00ed kandid\u00e1ti, ktor\u00ed sa zavia\u017eu k dlhodobej kari\u00e9re v oblasti humanit\u00e1rnej pomoci.<\/strong><\/p>\n\n                <\/div>\n                <h3 class=\"s-faq__question js-accordion__title\">Sk\u00fasenosti z rozvojov\u00fdch kraj\u00edn<\/h3>\n                <div class=\"s-faq__answer\">\n                    <p><strong>Prednos\u0165 sa d\u00e1va t\u00fdm, ktor\u00ed maj\u00fa sk\u00fasenosti s pr\u00e1cou v humanit\u00e1rnom kontexte.<\/strong><br \/>\nKe\u010f\u017ee MAGNA p\u00f4sob\u00ed v\u00e4\u010d\u0161inou v\u00a0rozvojov\u00fdch krajin\u00e1ch a\u00a0nestabiln\u00fdch podmienkach, od v\u0161etk\u00fdch uch\u00e1dza\u010dov sa vy\u017eaduj\u00fa predch\u00e1dzaj\u00face pracovn\u00e9 sk\u00fasenosti s\u00a0n\u00edzkymi pr\u00edjmom. Uprednost\u0148uj\u00fa sa t\u00ed, ktor\u00ed maj\u00fa sk\u00fasenosti s pr\u00e1cou v\u00a0humanit\u00e1rnom kontexte, a\u00a0to je podmienkou pre ur\u010dit\u00e9 profily.<\/p>\n\n                <\/div>\n                <h3 class=\"s-faq__question js-accordion__title\">Profesion\u00e1lne sk\u00fasenosti<\/h3>\n                <div class=\"s-faq__answer\">\n                    <p><strong>Minim\u00e1lne 2\u00a0roky relevantnej odbornej praxe.<\/strong><br \/>\nOd v\u0161etk\u00fdch poz\u00edci\u00ed sa vy\u017eaduje, aby mali aspo\u0148 dva roky relevantn\u00fdch odborn\u00fdch sk\u00fasenost\u00ed po absolvovan\u00ed \u0161koly.<\/p>\n\n                <\/div>\n                <h3 class=\"s-faq__question js-accordion__title\">Schopnos\u0165 pracova\u0165 s r\u00f4znorod\u00fdm t\u00edmom<\/h3>\n                <div class=\"s-faq__answer\">\n                    <p><strong>Sk\u00fasenosti ako superv\u00edzor, mana\u017e\u00e9r alebo u\u010dite\u013e\/a<\/strong><br \/>\nV\u00e4\u010d\u0161ina humanit\u00e1rnych pracovn\u00edkov MAGNA bude v ter\u00e9ne zast\u00e1va\u0165 dozorn\u00fa alebo riadiacu poz\u00edciu a \u010dasto str\u00e1vi viac \u010dasu dozorom a \u0161kolen\u00edm in\u00fdch, ne\u017e praktickou pr\u00e1cou. Od ka\u017ed\u00e9ho uch\u00e1dza\u010da v MAGNA sa vy\u017eaduje predch\u00e1dzaj\u00faca sk\u00fasenos\u0165 s doh\u013eadom, riaden\u00edm, vyu\u010dovan\u00edm a\/alebo \u0161kolen\u00edm in\u00fdch.<\/p>\n\n                <\/div>\n                <h3 class=\"s-faq__question js-accordion__title\">Flexibilita a prisp\u00f4sobivos\u0165<\/h3>\n                <div class=\"s-faq__answer\">\n                    <p><strong>Schopnos\u0165 pracova\u0165 a \u017ei\u0165 v r\u00f4znorodom t\u00edme.<\/strong><br \/>\nT\u00edm MAGNA sa sklad\u00e1 z lek\u00e1rskych a nelek\u00e1rskych odborn\u00edkov z r\u00f4znych n\u00e1rodnost\u00ed a kult\u00farnych prostred\u00ed. Je v\u00fdzvou pracova\u0165, \u017ei\u0165 a komunikova\u0165 s jednotlivcami, ktor\u00fdch jazyk alebo zvyky s\u00fa odli\u0161n\u00e9 od v\u00e1\u0161ho. Va\u0161a schopnos\u0165 a ochota zapoji\u0165 sa do tejto rozmanitosti je nevyhnutn\u00e1.<\/p>\n\n                <\/div>\n                <h3 class=\"s-faq__question js-accordion__title\">Po\u010d\u00edta\u010dov\u00e9 zru\u010dnosti<\/h3>\n                <div class=\"s-faq__answer\">\n                    <p><strong>V\u0161etci pomocn\u00ed pracovn\u00edci MAGNA p\u00ed\u0161u a predkladaj\u00fa spr\u00e1vy a mnoh\u00ed s\u00fa zapojen\u00ed do zberu d\u00e1t.<\/strong> Aby ste sa mohli prihl\u00e1si\u0165 do MAGNA, mus\u00edte ma\u0165 z\u00e1kladn\u00e9 po\u010d\u00edta\u010dov\u00e9 zru\u010dnosti a mus\u00edte vedie\u0165 pohodlne pou\u017e\u00edva\u0165 aplik\u00e1cie Microsoft Office (Word, Excel a PowerPoint). Hoci sa to nevy\u017eaduje, predch\u00e1dzaj\u00face sk\u00fasenosti s pou\u017e\u00edvan\u00edm datab\u00e1zov\u00e9ho softv\u00e9ru s\u00fa v\u00fdhodou.<\/p>\n\n                <\/div>\n                <h3 class=\"s-faq__question js-accordion__title\">Dodr\u017eiavanie princ\u00edpov MAGNA<\/h3>\n                <div class=\"s-faq__answer\">\n                    <p><strong>MAGNA p\u00f4sob\u00ed\u00a0nez\u00e1visle od akejko\u013evek politickej, vojenskej alebo n\u00e1bo\u017eenskej agendy,<\/strong>\u00a0Dodr\u017eiava neutralitu a\u00a0poskytuje\u00a0nestrann\u00fa starostlivos\u0165 poskytovan\u00fa v\u00fdlu\u010dne na z\u00e1klade potreby. Kvalifikovan\u00ed uch\u00e1dza\u010di s\u00fa posudzovan\u00ed pre prijatie do zamestnania bez oh\u013eadu na vek, rasu, farbu pleti, n\u00e1bo\u017eenstvo, pohlavie, n\u00e1rodnostn\u00fd p\u00f4vod, sexu\u00e1lnu orient\u00e1ciu alebo zdravotn\u00e9 postihnutie.<\/p>\n\n                <\/div>\n                <h3 class=\"s-faq__question js-accordion__title\">Jazykov\u00e9 znalosti<\/h3>\n                <div class=\"s-faq__answer\">\n                    <p><strong>Znalos\u0165 anglick\u00e9ho jazyka je nevyhnutnos\u0165ou pre ka\u017ed\u00fa poz\u00edciu.\u00a0<\/strong>Zna\u010dn\u00fd po\u010det misi\u00ed MAGNA je vo frankof\u00f3nnych (frankof\u00f3nnych) krajin\u00e1ch, a preto s\u00fa znalosti franc\u00fazskeho jazyka ve\u013emi \u017eiaduce, preto\u017ee umo\u017e\u0148uj\u00fa viac pr\u00edle\u017eitost\u00ed na umiestnenie. Plynulos\u0165 je cenn\u00e1, ale nie nevyhnutn\u00e1 \u2013 d\u00f4le\u017eitej\u0161ia je kompetentn\u00e1 \u00farove\u0148 hovorenej franc\u00faz\u0161tiny. Znalosti v in\u00fdch jazykoch, ako je arab\u010dina, s\u00fa s\u00edce menej naliehav\u00e9, ale m\u00f4\u017eu by\u0165 v\u00fdhodou.<\/p>\n\n                <\/div>\n        <\/div>\n    <\/div>\n<\/section>\n\n<section class=\"s-support hc-section-space--normal\">\n    <div class=\"s-support__header\">\n        <h1 class=\"s-support__title\">Pr\u00e1ca v centr\u00e1le<\/h1>\n        <div class=\"s-support__intro\">\n            <p>Niektor\u00ed \u013eudia pracuj\u00fa v centr\u00e1le MAGNA na podpore na\u0161ich humanit\u00e1rnych zdravotn\u00edckych programoch vo svete.<\/p>\n\n        <\/div>\n    <\/div>\n    <div class=\"s-support__content\">\n        <div class=\"s-support__items\">\n        <\/div>\n    <\/div>\n<\/section>\n\n<section class=\"s-articles s-articles--container\">\n    <div class=\"s-articles__inner\">\n        <h2 class=\"s-articles__title\"><\/h2>\n        <div class=\"s-articles__content\">\n            <div class=\"s-articles__items\">\n                <div class=\"s-articles__item\">\n                    <article class=\"a-vacancy\">\n    <a href=\"https:\/\/www.magna.org\/fr\/sk\/job-offer\/specialista-na-starostlivost-a-angazovanost-darcov\/\" target=\"\" class=\"a-vacancy__link\"><\/a>\n    <div class=\"a-vacancy__content\">\n        <h5 class=\"a-vacancy__subtitle\">Slovensko\/ \u010cesk\u00e1 republika<\/h5>\n        <h3 class=\"a-vacancy__title\">\u0160pecialista na starostlivos\u0165 a anga\u017eovanos\u0165 darcov<\/h3>\n    <\/div>\n    <div class=\"a-vacancy__footer\">\n        <div class=\"a-vacancy__cta\">\n            <a href=\"https:\/\/www.magna.org\/fr\/sk\/job-offer\/specialista-na-starostlivost-a-angazovanost-darcov\/\" target=\"\" class=\"e-link e-link--light\">Apply now<\/a>\n        <\/div>\n    <\/div>\n<\/article>\n                <\/div>\n            <\/div>\n        <\/div>\n    <\/div>\n<\/section>","protected":false},"excerpt":{"rendered":"","protected":false},"author":2,"featured_media":0,"parent":0,"menu_order":0,"comment_status":"closed","ping_status":"closed","template":"page-full.php","meta":{"_acf_changed":false,"inline_featured_image":false,"footnotes":""},"class_list":["post-1151","page","type-page","status-publish","hentry"],"acf":[],"yoast_head":"<!-- This site is optimized with the Yoast SEO plugin v24.3 - https:\/\/yoast.com\/wordpress\/plugins\/seo\/ -->\n<title>Pracujte s nami - Magna<\/title>\n<meta name=\"robots\" content=\"index, follow, max-snippet:-1, max-image-preview:large, max-video-preview:-1\" \/>\n<link rel=\"canonical\" href=\"https:\/\/www.magna.org\/fr\/sk\/pracujte-s-nami\/\" \/>\n<meta property=\"og:locale\" content=\"en_US\" \/>\n<meta property=\"og:type\" content=\"article\" \/>\n<meta property=\"og:title\" content=\"Pracujte s nami - Magna\" \/>\n<meta property=\"og:url\" content=\"https:\/\/www.magna.org\/fr\/sk\/pracujte-s-nami\/\" \/>\n<meta property=\"og:site_name\" content=\"Magna\" \/>\n<meta property=\"article:modified_time\" content=\"2023-05-25T19:49:35+00:00\" \/>\n<meta name=\"twitter:card\" content=\"summary_large_image\" \/>\n<script type=\"application\/ld+json\" class=\"yoast-schema-graph\">{\"@context\":\"https:\/\/schema.org\",\"@graph\":[{\"@type\":\"WebPage\",\"@id\":\"https:\/\/www.magna.org\/fr\/sk\/pracujte-s-nami\/\",\"url\":\"https:\/\/www.magna.org\/fr\/sk\/pracujte-s-nami\/\",\"name\":\"Pracujte s nami - Magna\",\"isPartOf\":{\"@id\":\"https:\/\/www.magna.org\/fr\/#website\"},\"datePublished\":\"2022-10-13T16:45:10+00:00\",\"dateModified\":\"2023-05-25T19:49:35+00:00\",\"breadcrumb\":{\"@id\":\"https:\/\/www.magna.org\/fr\/sk\/pracujte-s-nami\/#breadcrumb\"},\"inLanguage\":\"en-US\",\"potentialAction\":[{\"@type\":\"ReadAction\",\"target\":[\"https:\/\/www.magna.org\/fr\/sk\/pracujte-s-nami\/\"]}]},{\"@type\":\"BreadcrumbList\",\"@id\":\"https:\/\/www.magna.org\/fr\/sk\/pracujte-s-nami\/#breadcrumb\",\"itemListElement\":[{\"@type\":\"ListItem\",\"position\":1,\"name\":\"Home\",\"item\":\"https:\/\/www.magna.org\/fr\/sk\/\"},{\"@type\":\"ListItem\",\"position\":2,\"name\":\"Pracujte s nami\"}]},{\"@type\":\"WebSite\",\"@id\":\"https:\/\/www.magna.org\/fr\/#website\",\"url\":\"https:\/\/www.magna.org\/fr\/\",\"name\":\"Magna\",\"description\":\"Just another WordPress site\",\"potentialAction\":[{\"@type\":\"SearchAction\",\"target\":{\"@type\":\"EntryPoint\",\"urlTemplate\":\"https:\/\/www.magna.org\/fr\/?s={search_term_string}\"},\"query-input\":{\"@type\":\"PropertyValueSpecification\",\"valueRequired\":true,\"valueName\":\"search_term_string\"}}],\"inLanguage\":\"en-US\"}]}<\/script>\n<!-- \/ Yoast SEO plugin. -->","yoast_head_json":{"title":"Pracujte s nami - Magna","robots":{"index":"index","follow":"follow","max-snippet":"max-snippet:-1","max-image-preview":"max-image-preview:large","max-video-preview":"max-video-preview:-1"},"canonical":"https:\/\/www.magna.org\/fr\/sk\/pracujte-s-nami\/","og_locale":"en_US","og_type":"article","og_title":"Pracujte s nami - Magna","og_url":"https:\/\/www.magna.org\/fr\/sk\/pracujte-s-nami\/","og_site_name":"Magna","article_modified_time":"2023-05-25T19:49:35+00:00","twitter_card":"summary_large_image","schema":{"@context":"https:\/\/schema.org","@graph":[{"@type":"WebPage","@id":"https:\/\/www.magna.org\/fr\/sk\/pracujte-s-nami\/","url":"https:\/\/www.magna.org\/fr\/sk\/pracujte-s-nami\/","name":"Pracujte s nami - Magna","isPartOf":{"@id":"https:\/\/www.magna.org\/fr\/#website"},"datePublished":"2022-10-13T16:45:10+00:00","dateModified":"2023-05-25T19:49:35+00:00","breadcrumb":{"@id":"https:\/\/www.magna.org\/fr\/sk\/pracujte-s-nami\/#breadcrumb"},"inLanguage":"en-US","potentialAction":[{"@type":"ReadAction","target":["https:\/\/www.magna.org\/fr\/sk\/pracujte-s-nami\/"]}]},{"@type":"BreadcrumbList","@id":"https:\/\/www.magna.org\/fr\/sk\/pracujte-s-nami\/#breadcrumb","itemListElement":[{"@type":"ListItem","position":1,"name":"Home","item":"https:\/\/www.magna.org\/fr\/sk\/"},{"@type":"ListItem","position":2,"name":"Pracujte s nami"}]},{"@type":"WebSite","@id":"https:\/\/www.magna.org\/fr\/#website","url":"https:\/\/www.magna.org\/fr\/","name":"Magna","description":"Just another WordPress site","potentialAction":[{"@type":"SearchAction","target":{"@type":"EntryPoint","urlTemplate":"https:\/\/www.magna.org\/fr\/?s={search_term_string}"},"query-input":{"@type":"PropertyValueSpecification","valueRequired":true,"valueName":"search_term_string"}}],"inLanguage":"en-US"}]}},"_links":{"self":[{"href":"https:\/\/www.magna.org\/fr\/wp-json\/wp\/v2\/pages\/1151","targetHints":{"allow":["GET"]}}],"collection":[{"href":"https:\/\/www.magna.org\/fr\/wp-json\/wp\/v2\/pages"}],"about":[{"href":"https:\/\/www.magna.org\/fr\/wp-json\/wp\/v2\/types\/page"}],"author":[{"embeddable":true,"href":"https:\/\/www.magna.org\/fr\/wp-json\/wp\/v2\/users\/2"}],"replies":[{"embeddable":true,"href":"https:\/\/www.magna.org\/fr\/wp-json\/wp\/v2\/comments?post=1151"}],"version-history":[{"count":213,"href":"https:\/\/www.magna.org\/fr\/wp-json\/wp\/v2\/pages\/1151\/revisions"}],"predecessor-version":[{"id":13308,"href":"https:\/\/www.magna.org\/fr\/wp-json\/wp\/v2\/pages\/1151\/revisions\/13308"}],"wp:attachment":[{"href":"https:\/\/www.magna.org\/fr\/wp-json\/wp\/v2\/media?parent=1151"}],"curies":[{"name":"wp","href":"https:\/\/api.w.org\/{rel}","templated":true}]}}