{"id":12304,"date":"2023-03-18T21:23:29","date_gmt":"2023-03-18T21:23:29","guid":{"rendered":"https:\/\/www.magna.org\/fr\/?page_id=12304"},"modified":"2023-03-19T07:45:28","modified_gmt":"2023-03-19T07:45:28","slug":"donate-by-depositing-into-the-account","status":"publish","type":"page","link":"https:\/\/www.magna.org\/fr\/en\/get-involved\/donate-by-depositing-into-the-account\/","title":{"rendered":"Donate by depositing into the account"},"content":{"rendered":"<div class=\"e-content-text\"><div class=\"e-content-text__inner\">\n<p class=\"has-text-align-center\">We thank you that thanks to your financial support we can treat children and their families in crisis areas of the world.<\/p>\n<\/div><\/div>\n\n<section class=\"s-home-hero s-home-hero--dark hc-section-space--normal\">\n    <div class=\"s-home-hero__inner\">\n        <div class=\"s-home-hero__media\">\n            <img loading=\"lazy\" decoding=\"async\" width=\"698\" height=\"524\" src=\"https:\/\/www.magna.org\/fr\/wp-content\/uploads\/2022\/11\/homepage-zdravie-matky-mb201811g0014-698x524.jpg\" class=\"attachment-magna-hero size-magna-hero\" alt=\"\" srcset=\"https:\/\/www.magna.org\/fr\/wp-content\/uploads\/2022\/11\/homepage-zdravie-matky-mb201811g0014-698x524.jpg 698w, https:\/\/www.magna.org\/fr\/wp-content\/uploads\/2022\/11\/homepage-zdravie-matky-mb201811g0014-1396x1048.jpg 1396w\" sizes=\"auto, (max-width: 698px) 100vw, 698px\" \/>\n        <\/div>\n        <div class=\"s-home-hero__content\">\n            <h2 class=\"s-home-hero__title\">Where to send contributions?<\/h2>\n            <div class=\"s-home-hero__text\">\n                <p>You can also send us your contributions without any previous registration to one of the following bank accounts in Slovakia.<\/p>\n            <\/div>\n        <\/div>\n    <\/div>\n<\/section>\n\n<div class=\"e-content-text\"><div class=\"e-content-text__inner\">\n<p class=\"has-vivid-red-color has-text-color has-medium-font-size\"><strong>MAIN DONOR ACCOUNT<\/strong><\/p>\n<\/div><\/div>\n\n<div class=\"e-content-text\"><div class=\"e-content-text__inner\">\n<p>The money we collect in this account will be used as needed to help people in different countries and crises around the world. Thanks to the donations sent to this account, we are ready to intervene wherever it is needed. And at the same time, we can finance long-term projects in neglected crises.<\/p>\n<\/div><\/div>\n\n<div class=\"e-content-text\"><div class=\"e-content-text__inner\">\n<p><strong>UniCredit Bank Slovakia<br>IBAN: SK87 1111 0000 00133 179 3900<br>SWIFT: UNCRSKBX<\/strong><\/p>\n<\/div><\/div>\n\n<section class=\"s-help hc-section-space--normal\">\n    <div class=\"s-help__inner\">\n        <h2 class=\"s-help__title\">Pozrite tie\u017e<\/h2>\n        <div class=\"s-help__content\">\n            <div class=\"s-help__items\">\n                <div class=\"s-help__item\">\n                    <article class=\"a-help\">\n                        <a href=\"https:\/\/www.magna.org\/fr\/podporte-nas\/firmy-a-nadacie\/\" target=\"\" class=\"a-help__link\"><\/a>\n                        <div class=\"a-help__content\">\n                            <h3 class=\"a-help__title\">Pom\u00e1hajte ako firma<\/h3>\n                            <div class=\"a-help__cta\">\n                                <a href=\"https:\/\/www.magna.org\/fr\/podporte-nas\/firmy-a-nadacie\/\" target=\"\" >Zisti\u0165 viac<\/a>\n                            <\/div>\n                        <\/div>\n                    <\/article>\n                <\/div>\n                <div class=\"s-help__item\">\n                    <article class=\"a-help\">\n                        <a href=\"https:\/\/www.magna.org\/fr\/podporte-nas\/fond-urgentnej-pomoci\/\" target=\"\" class=\"a-help__link\"><\/a>\n                        <div class=\"a-help__content\">\n                            <h3 class=\"a-help__title\">Fond urgentnej pomoci<\/h3>\n                            <div class=\"a-help__cta\">\n                                <a href=\"https:\/\/www.magna.org\/fr\/podporte-nas\/fond-urgentnej-pomoci\/\" target=\"\" >Zisti\u0165 viac<\/a>\n                            <\/div>\n                        <\/div>\n                    <\/article>\n                <\/div>\n                <div class=\"s-help__item\">\n                    <article class=\"a-help\">\n                        <a href=\"https:\/\/www.magna.org\/fr\/podporte-nas\/stante-sa-pravidelnym-darcom\/\" target=\"\" class=\"a-help__link\"><\/a>\n                        <div class=\"a-help__content\">\n                            <h3 class=\"a-help__title\">Pom\u00e1hajte ka\u017ed\u00fd mesiac<\/h3>\n                            <div class=\"a-help__cta\">\n                                <a href=\"https:\/\/www.magna.org\/fr\/podporte-nas\/stante-sa-pravidelnym-darcom\/\" target=\"\" >Zisti\u0165 viac<\/a>\n                            <\/div>\n                        <\/div>\n                    <\/article>\n                <\/div>\n                <div class=\"s-help__item\">\n                    <article class=\"a-help\">\n                        <a href=\"https:\/\/www.magna.org\/fr\/podporte-nas\/liecime-na-ukrajine\/\" target=\"\" class=\"a-help__link\"><\/a>\n                        <div class=\"a-help__content\">\n                            <h3 class=\"a-help__title\">Lie\u010dime na Ukrajine<\/h3>\n                            <div class=\"a-help__cta\">\n                                <a href=\"https:\/\/www.magna.org\/fr\/podporte-nas\/liecime-na-ukrajine\/\" target=\"\" >Zisti\u0165 viac<\/a>\n                            <\/div>\n                        <\/div>\n                    <\/article>\n                <\/div>\n            <\/div>\n        <\/div>\n    <\/div>\n<\/section>\n\n<section class=\"s-support hc-section-space--normal\">\n    <div class=\"s-support__header\">\n        <h1 class=\"s-support__title\">Do you have further questions?<\/h1>\n        <div class=\"s-support__intro\">\n            <p>Call +421 917 827 827 or send an email to <a href=\"mailto:dar@magna.org\">dar@magna.org<\/a> and we will be happy to help.<\/p>\n\n        <\/div>\n    <\/div>\n    <div class=\"s-support__content\">\n        <div class=\"s-support__items\">\n        <\/div>\n    <\/div>\n<\/section>","protected":false},"excerpt":{"rendered":"<p>We thank you that thanks to your financial support we can treat children and their families in crisis areas of the world. MAIN DONOR ACCOUNT The money we collect in this account will be used as needed to help people in different countries and crises around the world. Thanks to the donations sent to this [&hellip;]<\/p>\n","protected":false},"author":2,"featured_media":780,"parent":12077,"menu_order":1,"comment_status":"closed","ping_status":"closed","template":"page-article.php","meta":{"_acf_changed":false,"inline_featured_image":false,"footnotes":""},"class_list":["post-12304","page","type-page","status-publish","has-post-thumbnail","hentry"],"acf":[],"yoast_head":"<!-- This site is optimized with the Yoast SEO plugin v24.3 - https:\/\/yoast.com\/wordpress\/plugins\/seo\/ -->\n<title>Donate by depositing into the account - Magna<\/title>\n<meta name=\"robots\" content=\"index, follow, max-snippet:-1, max-image-preview:large, max-video-preview:-1\" \/>\n<link rel=\"canonical\" href=\"https:\/\/www.magna.org\/fr\/en\/get-involved\/donate-by-depositing-into-the-account\/\" \/>\n<meta property=\"og:locale\" content=\"en_US\" \/>\n<meta property=\"og:type\" content=\"article\" \/>\n<meta property=\"og:title\" content=\"Donate by depositing into the account - Magna\" \/>\n<meta property=\"og:description\" content=\"We thank you that thanks to your financial support we can treat children and their families in crisis areas of the world. MAIN DONOR ACCOUNT The money we collect in this account will be used as needed to help people in different countries and crises around the world. Thanks to the donations sent to this [&hellip;]\" \/>\n<meta property=\"og:url\" content=\"https:\/\/www.magna.org\/fr\/en\/get-involved\/donate-by-depositing-into-the-account\/\" \/>\n<meta property=\"og:site_name\" content=\"Magna\" \/>\n<meta property=\"article:modified_time\" content=\"2023-03-19T07:45:28+00:00\" \/>\n<meta property=\"og:image\" content=\"https:\/\/www.magna.org\/fr\/wp-content\/uploads\/2022\/09\/homepage-kto-sme-mb2010010g0744-scaled-e1669891224183.jpg\" \/>\n\t<meta property=\"og:image:width\" content=\"2560\" \/>\n\t<meta property=\"og:image:height\" content=\"1266\" \/>\n\t<meta property=\"og:image:type\" content=\"image\/jpeg\" \/>\n<meta name=\"twitter:card\" content=\"summary_large_image\" \/>\n<meta name=\"twitter:label1\" content=\"Est. reading time\" \/>\n\t<meta name=\"twitter:data1\" content=\"1 minute\" \/>\n<script type=\"application\/ld+json\" class=\"yoast-schema-graph\">{\"@context\":\"https:\/\/schema.org\",\"@graph\":[{\"@type\":\"WebPage\",\"@id\":\"https:\/\/www.magna.org\/fr\/en\/get-involved\/donate-by-depositing-into-the-account\/\",\"url\":\"https:\/\/www.magna.org\/fr\/en\/get-involved\/donate-by-depositing-into-the-account\/\",\"name\":\"Donate by depositing into the account - Magna\",\"isPartOf\":{\"@id\":\"https:\/\/www.magna.org\/fr\/#website\"},\"primaryImageOfPage\":{\"@id\":\"https:\/\/www.magna.org\/fr\/en\/get-involved\/donate-by-depositing-into-the-account\/#primaryimage\"},\"image\":{\"@id\":\"https:\/\/www.magna.org\/fr\/en\/get-involved\/donate-by-depositing-into-the-account\/#primaryimage\"},\"thumbnailUrl\":\"https:\/\/www.magna.org\/fr\/wp-content\/uploads\/2022\/09\/homepage-kto-sme-mb2010010g0744-scaled-e1669891224183.jpg\",\"datePublished\":\"2023-03-18T21:23:29+00:00\",\"dateModified\":\"2023-03-19T07:45:28+00:00\",\"breadcrumb\":{\"@id\":\"https:\/\/www.magna.org\/fr\/en\/get-involved\/donate-by-depositing-into-the-account\/#breadcrumb\"},\"inLanguage\":\"en-US\",\"potentialAction\":[{\"@type\":\"ReadAction\",\"target\":[\"https:\/\/www.magna.org\/fr\/en\/get-involved\/donate-by-depositing-into-the-account\/\"]}]},{\"@type\":\"ImageObject\",\"inLanguage\":\"en-US\",\"@id\":\"https:\/\/www.magna.org\/fr\/en\/get-involved\/donate-by-depositing-into-the-account\/#primaryimage\",\"url\":\"https:\/\/www.magna.org\/fr\/wp-content\/uploads\/2022\/09\/homepage-kto-sme-mb2010010g0744-scaled-e1669891224183.jpg\",\"contentUrl\":\"https:\/\/www.magna.org\/fr\/wp-content\/uploads\/2022\/09\/homepage-kto-sme-mb2010010g0744-scaled-e1669891224183.jpg\",\"width\":2560,\"height\":1266},{\"@type\":\"BreadcrumbList\",\"@id\":\"https:\/\/www.magna.org\/fr\/en\/get-involved\/donate-by-depositing-into-the-account\/#breadcrumb\",\"itemListElement\":[{\"@type\":\"ListItem\",\"position\":1,\"name\":\"Home\",\"item\":\"https:\/\/www.magna.org\/fr\/sk\/\"},{\"@type\":\"ListItem\",\"position\":2,\"name\":\"Get involved\",\"item\":\"https:\/\/www.magna.org\/fr\/en\/get-involved\/\"},{\"@type\":\"ListItem\",\"position\":3,\"name\":\"Donate by depositing into the account\"}]},{\"@type\":\"WebSite\",\"@id\":\"https:\/\/www.magna.org\/fr\/#website\",\"url\":\"https:\/\/www.magna.org\/fr\/\",\"name\":\"Magna\",\"description\":\"Just another WordPress site\",\"potentialAction\":[{\"@type\":\"SearchAction\",\"target\":{\"@type\":\"EntryPoint\",\"urlTemplate\":\"https:\/\/www.magna.org\/fr\/?s={search_term_string}\"},\"query-input\":{\"@type\":\"PropertyValueSpecification\",\"valueRequired\":true,\"valueName\":\"search_term_string\"}}],\"inLanguage\":\"en-US\"}]}<\/script>\n<!-- \/ Yoast SEO plugin. -->","yoast_head_json":{"title":"Donate by depositing into the account - Magna","robots":{"index":"index","follow":"follow","max-snippet":"max-snippet:-1","max-image-preview":"max-image-preview:large","max-video-preview":"max-video-preview:-1"},"canonical":"https:\/\/www.magna.org\/fr\/en\/get-involved\/donate-by-depositing-into-the-account\/","og_locale":"en_US","og_type":"article","og_title":"Donate by depositing into the account - Magna","og_description":"We thank you that thanks to your financial support we can treat children and their families in crisis areas of the world. MAIN DONOR ACCOUNT The money we collect in this account will be used as needed to help people in different countries and crises around the world. Thanks to the donations sent to this [&hellip;]","og_url":"https:\/\/www.magna.org\/fr\/en\/get-involved\/donate-by-depositing-into-the-account\/","og_site_name":"Magna","article_modified_time":"2023-03-19T07:45:28+00:00","og_image":[{"width":2560,"height":1266,"url":"https:\/\/www.magna.org\/fr\/wp-content\/uploads\/2022\/09\/homepage-kto-sme-mb2010010g0744-scaled-e1669891224183.jpg","type":"image\/jpeg"}],"twitter_card":"summary_large_image","twitter_misc":{"Est. reading time":"1 minute"},"schema":{"@context":"https:\/\/schema.org","@graph":[{"@type":"WebPage","@id":"https:\/\/www.magna.org\/fr\/en\/get-involved\/donate-by-depositing-into-the-account\/","url":"https:\/\/www.magna.org\/fr\/en\/get-involved\/donate-by-depositing-into-the-account\/","name":"Donate by depositing into the account - Magna","isPartOf":{"@id":"https:\/\/www.magna.org\/fr\/#website"},"primaryImageOfPage":{"@id":"https:\/\/www.magna.org\/fr\/en\/get-involved\/donate-by-depositing-into-the-account\/#primaryimage"},"image":{"@id":"https:\/\/www.magna.org\/fr\/en\/get-involved\/donate-by-depositing-into-the-account\/#primaryimage"},"thumbnailUrl":"https:\/\/www.magna.org\/fr\/wp-content\/uploads\/2022\/09\/homepage-kto-sme-mb2010010g0744-scaled-e1669891224183.jpg","datePublished":"2023-03-18T21:23:29+00:00","dateModified":"2023-03-19T07:45:28+00:00","breadcrumb":{"@id":"https:\/\/www.magna.org\/fr\/en\/get-involved\/donate-by-depositing-into-the-account\/#breadcrumb"},"inLanguage":"en-US","potentialAction":[{"@type":"ReadAction","target":["https:\/\/www.magna.org\/fr\/en\/get-involved\/donate-by-depositing-into-the-account\/"]}]},{"@type":"ImageObject","inLanguage":"en-US","@id":"https:\/\/www.magna.org\/fr\/en\/get-involved\/donate-by-depositing-into-the-account\/#primaryimage","url":"https:\/\/www.magna.org\/fr\/wp-content\/uploads\/2022\/09\/homepage-kto-sme-mb2010010g0744-scaled-e1669891224183.jpg","contentUrl":"https:\/\/www.magna.org\/fr\/wp-content\/uploads\/2022\/09\/homepage-kto-sme-mb2010010g0744-scaled-e1669891224183.jpg","width":2560,"height":1266},{"@type":"BreadcrumbList","@id":"https:\/\/www.magna.org\/fr\/en\/get-involved\/donate-by-depositing-into-the-account\/#breadcrumb","itemListElement":[{"@type":"ListItem","position":1,"name":"Home","item":"https:\/\/www.magna.org\/fr\/sk\/"},{"@type":"ListItem","position":2,"name":"Get involved","item":"https:\/\/www.magna.org\/fr\/en\/get-involved\/"},{"@type":"ListItem","position":3,"name":"Donate by depositing into the account"}]},{"@type":"WebSite","@id":"https:\/\/www.magna.org\/fr\/#website","url":"https:\/\/www.magna.org\/fr\/","name":"Magna","description":"Just another WordPress site","potentialAction":[{"@type":"SearchAction","target":{"@type":"EntryPoint","urlTemplate":"https:\/\/www.magna.org\/fr\/?s={search_term_string}"},"query-input":{"@type":"PropertyValueSpecification","valueRequired":true,"valueName":"search_term_string"}}],"inLanguage":"en-US"}]}},"_links":{"self":[{"href":"https:\/\/www.magna.org\/fr\/wp-json\/wp\/v2\/pages\/12304","targetHints":{"allow":["GET"]}}],"collection":[{"href":"https:\/\/www.magna.org\/fr\/wp-json\/wp\/v2\/pages"}],"about":[{"href":"https:\/\/www.magna.org\/fr\/wp-json\/wp\/v2\/types\/page"}],"author":[{"embeddable":true,"href":"https:\/\/www.magna.org\/fr\/wp-json\/wp\/v2\/users\/2"}],"replies":[{"embeddable":true,"href":"https:\/\/www.magna.org\/fr\/wp-json\/wp\/v2\/comments?post=12304"}],"version-history":[{"count":6,"href":"https:\/\/www.magna.org\/fr\/wp-json\/wp\/v2\/pages\/12304\/revisions"}],"predecessor-version":[{"id":12380,"href":"https:\/\/www.magna.org\/fr\/wp-json\/wp\/v2\/pages\/12304\/revisions\/12380"}],"up":[{"embeddable":true,"href":"https:\/\/www.magna.org\/fr\/wp-json\/wp\/v2\/pages\/12077"}],"wp:featuredmedia":[{"embeddable":true,"href":"https:\/\/www.magna.org\/fr\/wp-json\/wp\/v2\/media\/780"}],"wp:attachment":[{"href":"https:\/\/www.magna.org\/fr\/wp-json\/wp\/v2\/media?parent=12304"}],"curies":[{"name":"wp","href":"https:\/\/api.w.org\/{rel}","templated":true}]}}