{"id":12336,"date":"2023-03-18T22:04:06","date_gmt":"2023-03-18T22:04:06","guid":{"rendered":"https:\/\/www.magna.org\/fr\/?page_id=12336"},"modified":"2023-03-19T07:53:41","modified_gmt":"2023-03-19T07:53:41","slug":"become-a-regular-donor","status":"publish","type":"page","link":"https:\/\/www.magna.org\/fr\/en\/get-involved\/become-a-regular-donor\/","title":{"rendered":"Become a regular donor"},"content":{"rendered":"<div class=\"e-content-text\"><div class=\"e-content-text__inner\">\n<h4 class=\"has-text-align-center wp-block-heading\">Donate every month, you will save more lives.<\/h4>\n<\/div><\/div>\n\n<section class=\"s-home-hero s-home-hero--red hc-section-space--normal\">\n    <div class=\"s-home-hero__inner\">\n        <div class=\"s-home-hero__media\">\n            <img loading=\"lazy\" decoding=\"async\" width=\"698\" height=\"524\" src=\"https:\/\/www.magna.org\/fr\/wp-content\/uploads\/2022\/09\/homepage-financie-a-reporty-yumbi-advert-rgb-desktop-698x524.jpg\" class=\"attachment-magna-hero size-magna-hero\" alt=\"\" srcset=\"https:\/\/www.magna.org\/fr\/wp-content\/uploads\/2022\/09\/homepage-financie-a-reporty-yumbi-advert-rgb-desktop-698x524.jpg 698w, https:\/\/www.magna.org\/fr\/wp-content\/uploads\/2022\/09\/homepage-financie-a-reporty-yumbi-advert-rgb-desktop-1396x1048.jpg 1396w\" sizes=\"auto, (max-width: 698px) 100vw, 698px\" \/>\n        <\/div>\n        <div class=\"s-home-hero__content\">\n            <h2 class=\"s-home-hero__title\">Donate online<\/h2>\n            <div class=\"s-home-hero__text\">\n                <p>As a regular donor, you play an important role in our work. Thanks to you, we are ready to save lives in the shortest possible time.<\/p>\n            <\/div>\n            <div class=\"s-home-hero__cta\">\n                <a href=\"https:\/\/donate.magna.org\/en\" target=\"\" class=\"e-btn e-btn--dark\">Donate now<\/a>\n            <\/div>\n        <\/div>\n    <\/div>\n<\/section>\n\n<div class=\"e-content-text\"><div class=\"e-content-text__inner\">\n<h2 class=\"wp-block-heading\">Why become a regular donor?<\/h2>\n<\/div><\/div>\n\n<div class=\"e-content-text\"><div class=\"e-content-text__inner\">\n<p>Magna Partners provide a regular recurring donation that is automatically transferred every month from a credit card or bank account and can be modified or suspended at any time. No matter the amount, your recurring donation makes a big impact.<\/p>\n<\/div><\/div>\n\n<div class=\"e-content-text\"><div class=\"e-content-text__inner\">\n<p>Regular donations allow us to respond quickly when a crisis occurs. Thanks to your loyalty, we can intervene now without waiting for new donations to arrive.<\/p>\n<\/div><\/div>\n\n<div class=\"e-content-text\"><div class=\"e-content-text__inner\">\n<p>Knowing we can count on receiving your recurring donation means we can prepare for any emergency or crisis we respond to.<\/p>\n<\/div><\/div>\n\n<div class=\"e-content-text\"><div class=\"e-content-text__inner\">\n<p>Our field teams often encounter unexpected crises. Regular donations allow us to respond quickly and effectively in times of need.<\/p>\n<\/div><\/div>\n\n<div class=\"e-content-text\"><div class=\"e-content-text__inner\">\n<p>Support from Magna partners in the field also allows us to minimize our fundraising costs so that we can invest more of our resources directly in providing healthcare to those who need us most.<\/p>\n<\/div><\/div>\n\n<div class=\"e-content-text\"><div class=\"e-content-text__inner\">\n<p>As a regular donor, you have access to events within our humanitarian center, exhibition openings, etc. You also receive our magazine, which includes photos and stories about the help you make possible around the world.<\/p>\n<\/div><\/div>\n\n<div class=\"e-content-cite\">\n    <blockquote class=\"e-content-cite__wrap\">\n        <div class=\"e-content-cite__text\">In our country, every person has the right to health care enshrined in the constitution. If someone in Cambodia is born on the fringes of society, in dirt, poverty, or a slum, there is little chance that they will get out of there without a helping hand from the outside.<\/div>\n        <div class=\"e-content-cite__author\">J\u00falia Hor\u00e1kov\u00e1, MAGNA medical doctor<\/div>\n    <\/blockquote>\n<\/div>\n\n<section class=\"s-stats hc-section-space--normal\">\n    <div class=\"s-stats__inner\">\n        <div class=\"s-stats__wrap\">\n            <div class=\"s-stats__header\">\n                <h2 class=\"s-stats__title\">Our intervention<\/h2>\n                <div class=\"s-stats__aside\">\n                    <a href=\"https:\/\/donate.magna.org\/sk\/pomahajte-kazdy-mesiac\/\" target=\"\" class=\"e-link e-link--primary\">Chcem darova\u0165<\/a>\n                <\/div>\n            <\/div>\n            <div class=\"s-stats__content\">\n                <div class=\"s-stats__items\">\n                    <div class=\"s-stats__item\">\n                        <h4 class=\"s-stats__item-value\">300.000<\/h4>\n                        <div class=\"s-stats__item-label\">PEOPLE TREATED IN UKRAINE<\/div>\n                    <\/div>\n                    <div class=\"s-stats__item\">\n                        <h4 class=\"s-stats__item-value\">12.000<\/h4>\n                        <div class=\"s-stats__item-label\">WOMEN CONSULTATIONS IN LEBANON<\/div>\n                    <\/div>\n                    <div class=\"s-stats__item\">\n                        <h4 class=\"s-stats__item-value\">25.000<\/h4>\n                        <div class=\"s-stats__item-label\">CHILDREN TREATED FOR MALNUTRITION IN DR CONGO<\/div>\n                    <\/div>\n                    <div class=\"s-stats__item\">\n                        <h4 class=\"s-stats__item-value\">3.500<\/h4>\n                        <div class=\"s-stats__item-label\">CHILDREN TREATED WITH HIV\/AIDS IN CAMBODIA<\/div>\n                    <\/div>\n                <\/div>\n            <\/div>\n        <\/div>\n    <\/div>\n<\/section>\n\n<div class=\"e-content-text\"><div class=\"e-content-text__inner\">\n<h2 class=\"wp-block-heading\">How does regular donation work?<\/h2>\n<\/div><\/div>\n\n<div class=\"e-content-text\"><div class=\"e-content-text__inner\">\n<p class=\"has-vivid-red-color has-text-color\"><strong>It&#8217;s easy: Every month your donation is automatically transferred from your credit card or bank account. an account of the MAGNA organization You can increase, decrease or suspend your donation at any time.<\/strong><\/p>\n<\/div><\/div>\n\n<div class=\"e-content-text\"><div class=\"e-content-text__inner\">\n<h3 class=\"wp-block-heading\">Advantages of a recurring donation<\/h3>\n<\/div><\/div>\n\n<div class=\"e-content-text\"><div class=\"e-content-text__inner\">\n<p><strong>Convenience.<\/strong> Once a month, your donation is automatically transferred from your credit card or bank account to the account of the MAGNA organization. You don&#8217;t have to worry about anything, just help save children&#8217;s lives from the comfort of your living room.<\/p>\n<\/div><\/div>\n\n<div class=\"e-content-text\"><div class=\"e-content-text__inner\">\n<p><strong>Control.<\/strong> You have 100 percent control over your donation. You can increase, decrease or pause your donation at any time.<\/p>\n<\/div><\/div>\n\n<div class=\"e-content-text\"><div class=\"e-content-text__inner\">\n<p><strong>You are part of a community.<\/strong> As a Magna Partner, you have access to exclusive events in our humanitarian center, invitations to exhibitions, live inputs from the field or various other events.<\/p>\n<\/div><\/div>\n\n<div class=\"e-content-text\"><div class=\"e-content-text__inner\">\n<p><strong>Communication.<\/strong> You receive our magazine, which contains powerful stories and photographs that capture what we do together in the field. At the same time, every month you know where, whom and how you help.<\/p>\n<\/div><\/div>\n\n<div class=\"e-content-support\">\n    <div class=\"e-content-support__box\" style=\"background-image:url('https:\/\/www.magna.org\/fr\/wp-content\/uploads\/2022\/09\/homepage-financie-a-reporty-yumbi-advert-rgb-desktop.jpg')\">\n        <div class=\"e-content-support__content\">\n            <h3 class=\"e-content-support__title\"><\/h3>\n        <\/div>\n        <div class=\"e-content-support__donate\">\n<article class=\"a-donate js-donate\">\n    <div class=\"a-donate__content\">\n        <h3 class=\"a-donate__title\">Sta\u0148te sa Magna partner<\/h3>\n        <div class=\"a-donate__select\">\n            <div class=\"a-donate__select-item\">\n                <input type=\"radio\" name=\"f-donate\" class=\"js-donate__radio\" id=\"f-donate-input-dfb372a37d5acf543cba4d6addd0c94a\" data-amounts=\"#f-donate-amounts-dfb372a37d5acf543cba4d6addd0c94a\" checked>\n                <label for=\"f-donate-input-dfb372a37d5acf543cba4d6addd0c94a\">Pom\u00e1hajte ka\u017ed\u00fd mesiac<\/label>\n            <\/div>\n        <\/div>\n    <\/div>\n    <div class=\"a-donate__footer\">\n            <div id=\"f-donate-amounts-dfb372a37d5acf543cba4d6addd0c94a\" class=\"a-donate__choose js-donate__amounts\">\n                <select class=\"js-selectric js-donate__select\">\n                    <option value=\"https:\/\/donate.magna.org\/sk\/pomahajte-kazdy-mesiac\/?type=regular&amp;amount=9\">9 \u20ac<\/option>\n                    <option value=\"https:\/\/donate.magna.org\/sk\/pomahajte-kazdy-mesiac\/?type=regular&amp;amount=15\">15 \u20ac<\/option>\n                    <option value=\"https:\/\/donate.magna.org\/sk\/pomahajte-kazdy-mesiac\/?type=regular&amp;amount=30\">30 \u20ac<\/option>\n                <\/select>\n                <button class=\"e-btn e-btn--primary e-btn--full js-donate__submit\"><span>Donate<\/span><i class=\"icon-heart\"><\/i><\/button>\n            <\/div>\n    <\/div>\n<\/article>        <\/div>\n    <\/div>\n<\/div>\n\n<section class=\"s-help hc-section-space--normal\">\n    <div class=\"s-help__inner\">\n        <h2 class=\"s-help__title\">Other ways to give<\/h2>\n        <div class=\"s-help__content\">\n            <div class=\"s-help__items\">\n                <div class=\"s-help__item\">\n                    <article class=\"a-help\">\n                        <a href=\"https:\/\/www.magna.org\/fr\/en\/get-involved\/our-emergency-fund\/\" target=\"\" class=\"a-help__link\"><\/a>\n                        <div class=\"a-help__content\">\n                            <h3 class=\"a-help__title\">Emergency fund<\/h3>\n                            <div class=\"a-help__cta\">\n                                <a href=\"https:\/\/www.magna.org\/fr\/en\/get-involved\/our-emergency-fund\/\" target=\"\" >Learn more<\/a>\n                            <\/div>\n                        <\/div>\n                    <\/article>\n                <\/div>\n                <div class=\"s-help__item\">\n                    <article class=\"a-help\">\n                        <a href=\"http:\/\/donate.magna.org\/en\" target=\"\" class=\"a-help__link\"><\/a>\n                        <div class=\"a-help__content\">\n                            <h3 class=\"a-help__title\">Donate online<\/h3>\n                            <div class=\"a-help__cta\">\n                                <a href=\"http:\/\/donate.magna.org\/en\" target=\"\" >Donate now<\/a>\n                            <\/div>\n                        <\/div>\n                    <\/article>\n                <\/div>\n                <div class=\"s-help__item\">\n                    <article class=\"a-help\">\n                        <a href=\"https:\/\/hospital.magna.org\/en\" target=\"\" class=\"a-help__link\"><\/a>\n                        <div class=\"a-help__content\">\n                            <h3 class=\"a-help__title\">Buy a gift<\/h3>\n                            <div class=\"a-help__cta\">\n                                <a href=\"https:\/\/hospital.magna.org\/en\" target=\"\" >Buy now<\/a>\n                            <\/div>\n                        <\/div>\n                    <\/article>\n                <\/div>\n                <div class=\"s-help__item\">\n                    <article class=\"a-help\">\n                        <a href=\"http:\/\/donate.magna.org\/en\/ukraine\" target=\"\" class=\"a-help__link\"><\/a>\n                        <div class=\"a-help__content\">\n                            <h3 class=\"a-help__title\">Ukraine appeal<\/h3>\n                            <div class=\"a-help__cta\">\n                                <a href=\"http:\/\/donate.magna.org\/en\/ukraine\" target=\"\" >Donate now<\/a>\n                            <\/div>\n                        <\/div>\n                    <\/article>\n                <\/div>\n            <\/div>\n        <\/div>\n    <\/div>\n<\/section>\n\n<div class=\"e-content-text\"><div class=\"e-content-text__inner\">\n<h2 class=\"has-text-align-center wp-block-heading\">Have more questions or want to get involved?<\/h2>\n<\/div><\/div>\n\n<div class=\"e-content-text\"><div class=\"e-content-text__inner\">\n<p class=\"has-text-align-center\">Call +421 917 827 827 or send an email to <a href=\"mailto:dar@magna.org\">dar@magna.org<\/a> and we will be happy to help.<\/p>\n<\/div><\/div>","protected":false},"excerpt":{"rendered":"<p>Donate every month, you will save more lives. Why become a regular donor? Magna Partners provide a regular recurring donation that is automatically transferred every month from a credit card or bank account and can be modified or suspended at any time. No matter the amount, your recurring donation makes a big impact. Regular donations [&hellip;]<\/p>\n","protected":false},"author":2,"featured_media":0,"parent":12077,"menu_order":0,"comment_status":"closed","ping_status":"closed","template":"page-article.php","meta":{"_acf_changed":false,"inline_featured_image":false,"footnotes":""},"class_list":["post-12336","page","type-page","status-publish","hentry"],"acf":[],"yoast_head":"<!-- This site is optimized with the Yoast SEO plugin v24.3 - https:\/\/yoast.com\/wordpress\/plugins\/seo\/ -->\n<title>Become a regular donor - Magna<\/title>\n<meta name=\"robots\" content=\"index, follow, max-snippet:-1, max-image-preview:large, max-video-preview:-1\" \/>\n<link rel=\"canonical\" href=\"https:\/\/www.magna.org\/fr\/en\/get-involved\/become-a-regular-donor\/\" \/>\n<meta property=\"og:locale\" content=\"en_US\" \/>\n<meta property=\"og:type\" content=\"article\" \/>\n<meta property=\"og:title\" content=\"Become a regular donor - Magna\" \/>\n<meta property=\"og:description\" content=\"Donate every month, you will save more lives. Why become a regular donor? Magna Partners provide a regular recurring donation that is automatically transferred every month from a credit card or bank account and can be modified or suspended at any time. No matter the amount, your recurring donation makes a big impact. Regular donations [&hellip;]\" \/>\n<meta property=\"og:url\" content=\"https:\/\/www.magna.org\/fr\/en\/get-involved\/become-a-regular-donor\/\" \/>\n<meta property=\"og:site_name\" content=\"Magna\" \/>\n<meta property=\"article:modified_time\" content=\"2023-03-19T07:53:41+00:00\" \/>\n<meta name=\"twitter:card\" content=\"summary_large_image\" \/>\n<meta name=\"twitter:label1\" content=\"Est. reading time\" \/>\n\t<meta name=\"twitter:data1\" content=\"2 minutes\" \/>\n<script type=\"application\/ld+json\" class=\"yoast-schema-graph\">{\"@context\":\"https:\/\/schema.org\",\"@graph\":[{\"@type\":\"WebPage\",\"@id\":\"https:\/\/www.magna.org\/fr\/en\/get-involved\/become-a-regular-donor\/\",\"url\":\"https:\/\/www.magna.org\/fr\/en\/get-involved\/become-a-regular-donor\/\",\"name\":\"Become a regular donor - Magna\",\"isPartOf\":{\"@id\":\"https:\/\/www.magna.org\/fr\/#website\"},\"datePublished\":\"2023-03-18T22:04:06+00:00\",\"dateModified\":\"2023-03-19T07:53:41+00:00\",\"breadcrumb\":{\"@id\":\"https:\/\/www.magna.org\/fr\/en\/get-involved\/become-a-regular-donor\/#breadcrumb\"},\"inLanguage\":\"en-US\",\"potentialAction\":[{\"@type\":\"ReadAction\",\"target\":[\"https:\/\/www.magna.org\/fr\/en\/get-involved\/become-a-regular-donor\/\"]}]},{\"@type\":\"BreadcrumbList\",\"@id\":\"https:\/\/www.magna.org\/fr\/en\/get-involved\/become-a-regular-donor\/#breadcrumb\",\"itemListElement\":[{\"@type\":\"ListItem\",\"position\":1,\"name\":\"Home\",\"item\":\"https:\/\/www.magna.org\/fr\/sk\/\"},{\"@type\":\"ListItem\",\"position\":2,\"name\":\"Get involved\",\"item\":\"https:\/\/www.magna.org\/fr\/en\/get-involved\/\"},{\"@type\":\"ListItem\",\"position\":3,\"name\":\"Become a regular donor\"}]},{\"@type\":\"WebSite\",\"@id\":\"https:\/\/www.magna.org\/fr\/#website\",\"url\":\"https:\/\/www.magna.org\/fr\/\",\"name\":\"Magna\",\"description\":\"Just another WordPress site\",\"potentialAction\":[{\"@type\":\"SearchAction\",\"target\":{\"@type\":\"EntryPoint\",\"urlTemplate\":\"https:\/\/www.magna.org\/fr\/?s={search_term_string}\"},\"query-input\":{\"@type\":\"PropertyValueSpecification\",\"valueRequired\":true,\"valueName\":\"search_term_string\"}}],\"inLanguage\":\"en-US\"}]}<\/script>\n<!-- \/ Yoast SEO plugin. -->","yoast_head_json":{"title":"Become a regular donor - Magna","robots":{"index":"index","follow":"follow","max-snippet":"max-snippet:-1","max-image-preview":"max-image-preview:large","max-video-preview":"max-video-preview:-1"},"canonical":"https:\/\/www.magna.org\/fr\/en\/get-involved\/become-a-regular-donor\/","og_locale":"en_US","og_type":"article","og_title":"Become a regular donor - Magna","og_description":"Donate every month, you will save more lives. Why become a regular donor? Magna Partners provide a regular recurring donation that is automatically transferred every month from a credit card or bank account and can be modified or suspended at any time. No matter the amount, your recurring donation makes a big impact. Regular donations [&hellip;]","og_url":"https:\/\/www.magna.org\/fr\/en\/get-involved\/become-a-regular-donor\/","og_site_name":"Magna","article_modified_time":"2023-03-19T07:53:41+00:00","twitter_card":"summary_large_image","twitter_misc":{"Est. reading time":"2 minutes"},"schema":{"@context":"https:\/\/schema.org","@graph":[{"@type":"WebPage","@id":"https:\/\/www.magna.org\/fr\/en\/get-involved\/become-a-regular-donor\/","url":"https:\/\/www.magna.org\/fr\/en\/get-involved\/become-a-regular-donor\/","name":"Become a regular donor - Magna","isPartOf":{"@id":"https:\/\/www.magna.org\/fr\/#website"},"datePublished":"2023-03-18T22:04:06+00:00","dateModified":"2023-03-19T07:53:41+00:00","breadcrumb":{"@id":"https:\/\/www.magna.org\/fr\/en\/get-involved\/become-a-regular-donor\/#breadcrumb"},"inLanguage":"en-US","potentialAction":[{"@type":"ReadAction","target":["https:\/\/www.magna.org\/fr\/en\/get-involved\/become-a-regular-donor\/"]}]},{"@type":"BreadcrumbList","@id":"https:\/\/www.magna.org\/fr\/en\/get-involved\/become-a-regular-donor\/#breadcrumb","itemListElement":[{"@type":"ListItem","position":1,"name":"Home","item":"https:\/\/www.magna.org\/fr\/sk\/"},{"@type":"ListItem","position":2,"name":"Get involved","item":"https:\/\/www.magna.org\/fr\/en\/get-involved\/"},{"@type":"ListItem","position":3,"name":"Become a regular donor"}]},{"@type":"WebSite","@id":"https:\/\/www.magna.org\/fr\/#website","url":"https:\/\/www.magna.org\/fr\/","name":"Magna","description":"Just another WordPress site","potentialAction":[{"@type":"SearchAction","target":{"@type":"EntryPoint","urlTemplate":"https:\/\/www.magna.org\/fr\/?s={search_term_string}"},"query-input":{"@type":"PropertyValueSpecification","valueRequired":true,"valueName":"search_term_string"}}],"inLanguage":"en-US"}]}},"_links":{"self":[{"href":"https:\/\/www.magna.org\/fr\/wp-json\/wp\/v2\/pages\/12336","targetHints":{"allow":["GET"]}}],"collection":[{"href":"https:\/\/www.magna.org\/fr\/wp-json\/wp\/v2\/pages"}],"about":[{"href":"https:\/\/www.magna.org\/fr\/wp-json\/wp\/v2\/types\/page"}],"author":[{"embeddable":true,"href":"https:\/\/www.magna.org\/fr\/wp-json\/wp\/v2\/users\/2"}],"replies":[{"embeddable":true,"href":"https:\/\/www.magna.org\/fr\/wp-json\/wp\/v2\/comments?post=12336"}],"version-history":[{"count":5,"href":"https:\/\/www.magna.org\/fr\/wp-json\/wp\/v2\/pages\/12336\/revisions"}],"predecessor-version":[{"id":12391,"href":"https:\/\/www.magna.org\/fr\/wp-json\/wp\/v2\/pages\/12336\/revisions\/12391"}],"up":[{"embeddable":true,"href":"https:\/\/www.magna.org\/fr\/wp-json\/wp\/v2\/pages\/12077"}],"wp:attachment":[{"href":"https:\/\/www.magna.org\/fr\/wp-json\/wp\/v2\/media?parent=12336"}],"curies":[{"name":"wp","href":"https:\/\/api.w.org\/{rel}","templated":true}]}}