{"id":1253,"date":"2022-10-14T09:03:19","date_gmt":"2022-10-14T09:03:19","guid":{"rendered":"https:\/\/www.magna.org\/fr\/?page_id=1253"},"modified":"2022-12-13T18:44:32","modified_gmt":"2022-12-13T18:44:32","slug":"kariera-a-benefity","status":"publish","type":"page","link":"https:\/\/www.magna.org\/fr\/sk\/pracujte-s-nami\/kariera-a-benefity\/","title":{"rendered":"Kari\u00e9ra a benefity"},"content":{"rendered":"<section class=\"s-panels hc-section-space--normal\">\n    <div class=\"s-panels__inner\">\n        <div class=\"s-panels__aside s-panels__aside--empty\"><\/div>\n        <div class=\"s-panels__content\">\n<article class=\"a-teaser\">\n    <div class=\"a-teaser__content\">\n        <h2 class=\"a-teaser__title\">Podmienky<\/h2>\n        <div class=\"a-teaser__text\">\n            <p>\u00cds\u0165 na humanit\u00e1rnu misiu si vy\u017eaduje vysok\u00fa \u00farove\u0148 osobn\u00e9ho nasadenia. Motiv\u00e1cia, schopnos\u0165 prisp\u00f4sobi\u0165 sa a pracova\u0165 v multidisciplin\u00e1rnych a multikult\u00farnych t\u00edmoch, zvedavos\u0165 a otvorenos\u0165 vo\u010di in\u00fdm kult\u00faram s\u00fa vlastnosti, ktor\u00e9 s\u00fa pre t\u00edm MAGNA nevyhnutn\u00e9.<\/p>\n<p><strong>MAGNA posiela do svojich ter\u00e9nnych projektov sk\u00fasen\u00fdch odborn\u00edkov. V r\u00e1mci MAGNA, bez oh\u013eadu na va\u0161u poz\u00edciu, budete ma\u0165 platen\u00fa zmluvu.<\/strong><\/p>\n<p>Organiz\u00e1cia pon\u00faka \u0161tipendium alebo pracovn\u00fa zmluvu na dobu ur\u010dit\u00fa pod\u013ea miesta bydliska a sk\u00fasenost\u00ed osoby. V\u0161etk\u00fdm medzin\u00e1rodn\u00fdm zamestnancom sa poskytuje zdravotn\u00e9 poistenie.<\/p>\n\n        <\/div>\n    <\/div>\n    <div class=\"a-teaser__image\">\n        <div class=\"a-teaser__img\" style=\"background-image:url('https\\:\\\/\\\/www\\.magna\\.org\\\/fr\\\/wp-content\\\/uploads\\\/2006\\\/01\\\/homepage-kambodza-pediatricka-starostlivost-v-takhmau-mb200708g0046\\.jpg')\"><\/div>\n    <\/div>\n<\/article>        <\/div>\n    <\/div>\n<\/section>\n\n<section class=\"s-article-full s-article-full--secondary s-article-full--left hc-section-space--normal\">\n    <div class=\"s-article-full__inner\">\n        <div class=\"s-article-full__content\">\n            <h2 class=\"s-article-full__title\">Ako budem platen\u00fd?<\/h2>\n            <div class=\"s-article-full__text\">\n                <p>Va\u0161a zmluva a kompenz\u00e1cia z\u00e1visia od krajiny v\u00e1\u0161ho pobytu a va\u0161ich sk\u00fasenost\u00ed:<\/p>\n<p><strong>\u0160tandardn\u00e1 zmluva na dobu ur\u010dit\u00fa:<\/strong> zmluva na dobu ur\u010dit\u00fa s platom od 1 550 EUR do 3 277 EUR v hrubom v z\u00e1vislosti od \u00falohy zamestnanca a jeho relevantn\u00fdch sk\u00fasenost\u00ed. T\u00e1to mzda podlieha zdaneniu.<\/p>\n<p><strong>Zahrani\u010dn\u00fd dobrovo\u013en\u00edk:<\/strong> dobrovo\u013en\u00edcka dohoda s odmenou 1 120 \u20ac v \u010distom.<\/p>\n<p><strong>Zahrani\u010dn\u00fd zamestnanec:<\/strong> zmluva na dobu ur\u010dit\u00fa s platom od 1 550 EUR do 3 277 EUR v \u010distom v z\u00e1vislosti od \u00falohy zamestnanca a jeho relevantn\u00fdch sk\u00fasenost\u00ed na danej poz\u00edcii.<\/p>\n\n            <\/div>\n        <\/div>\n        <div class=\"s-article-full__image\">\n            <div class=\"s-article-full__img\" style=\"background-image:url('https:\/\/www.magna.org\/fr\/wp-content\/uploads\/2022\/12\/homepage-pracujte-s-nami-mb2010010g0890-e1669940163353-552x352.jpg')\"><\/div>\n        <\/div>\n    <\/div>\n<\/section>\n\n<section class=\"s-panels hc-section-space--normal\">\n    <div class=\"s-panels__inner\">\n        <div class=\"s-panels__aside s-panels__aside--empty\"><\/div>\n        <div class=\"s-panels__content\">\n            <section class=\"s-faq hc-section-space--normal\">\n                <div class=\"s-faq__inner\">\n                    <h2 class=\"s-faq__title\">Ak\u00e9 v\u00fdhody dost\u00e1vam?<\/h2>\n                    <div class=\"s-faq__items js-accordion\">\n                            <h3 class=\"s-faq__question js-accordion__title\">DOPRAVA<\/h3>\n                            <div class=\"s-faq__answer\">\n                                <p><strong>MAGNA hrad\u00ed spiato\u010dn\u00fa cestu z v\u00e1\u0161ho bydliska na misiu.<\/strong> Pri kontraktoch nad 12 mesiacov m\u00e1te mo\u017enos\u0165 dosta\u0165 extra cestu do v\u00e1\u0161ho bydliska.<\/p>\n\n                            <\/div>\n                            <h3 class=\"s-faq__question js-accordion__title\">STRAVN\u00c9<\/h3>\n                            <div class=\"s-faq__answer\">\n                                <p><strong>Ka\u017ed\u00fd mesiac sa v ter\u00e9ne poskytuje mesa\u010dn\u00fd pr\u00edspevok na \u017eivotn\u00e9 n\u00e1klady naz\u00fdvan\u00fd \u201estravn\u00e9\u201c<\/strong> na pokrytie n\u00e1kladov na stravu a osobn\u00e9 v\u00fddavky. Rovnak\u00e1 suma a prizn\u00e1va v\u0161etk\u00fdm medzin\u00e1rodn\u00fdm zamestnancom pracuj\u00facim v rovnakej krajine pridelenia bez oh\u013eadu na ich umiestnenie.<\/p>\n\n                            <\/div>\n                            <h3 class=\"s-faq__question js-accordion__title\">VO\u013dN\u00c9 DNI A DOVOLENKA<\/h3>\n                            <div class=\"s-faq__answer\">\n                                <p><strong>PLATEN\u00c9 VO\u013dNO: <\/strong>MAGNA sa rozhodla poskytn\u00fa\u0165 a zaplati\u0165 25 pracovn\u00fdch dn\u00ed dovolenky za ka\u017ed\u00fd rok misie. Pri zmluv\u00e1ch nad 12 mesicov s\u00fa tieto dni vy\u0161\u0161i a to v z\u00e1vislosti od d\u013a\u017eky kontraktu.<\/p>\n<p><strong>BREAK<\/strong>: Pou\u017eite\u013en\u00e9 len pre projektov\u00e9 poz\u00edciu (nie koordina\u010dn\u00e9 v hlavnom meste) a v n\u00e1ro\u010dn\u00fdch misi\u00e1ch. Ka\u017ed\u00e9 tri mesiace m\u00e1te povolen\u00fd jeden t\u00fd\u017ede\u0148 vo\u013ena. Po\u010das t\u00fdchto pr\u00e1zdnin MAGNA do ur\u010ditej miery financuje cesty do susedn\u00fdch kraj\u00edn.<\/p>\n\n                            <\/div>\n                            <h3 class=\"s-faq__question js-accordion__title\">UBYTOVANIE V TER\u00c9NE<\/h3>\n                            <div class=\"s-faq__answer\">\n                                <p><strong>Po\u010das trvania v\u00e1\u0161ho pridelenia v\u00e1m bude poskytnut\u00e9 ubytovanie v rezidencii schv\u00e1lenej MAGNA.<\/strong><\/p>\n<p>Ubytovanie sa m\u00f4\u017ee zna\u010dne l\u00ed\u0161i\u0165 od projektu k projektu v z\u00e1vislosti od \u017eivotn\u00fdch podmienok v r\u00e1mci misijnej krajiny alebo oblasti projektu. V niektor\u00fdch oblastiach bude ubytovanie dobrovo\u013en\u00edkov a projektov\u00e1 kancel\u00e1ria MAGNA v tej istej budove.<\/p>\n<p>Jedn\u00fdm z na\u0161ich z\u00e1kladn\u00fdch princ\u00edpov je, \u017ee v\u0161etci ter\u00e9nni dobrovo\u013en\u00edci by mali \u017ei\u0165 spolo\u010dne. Z\u00e1rove\u0148 ch\u00e1peme, \u017ee rodinn\u00e1 a osobn\u00e1 situ\u00e1cia ter\u00e9nneho dobrovo\u013en\u00edka m\u00f4\u017ee s\u0165a\u017ei\u0165 spolo\u010dn\u00e9 b\u00fdvanie, najm\u00e4 v dlhodobej\u0161\u00edch projektoch. Z t\u00fdchto d\u00f4vodov, ak je to mo\u017en\u00e9 MAGNA hrad\u00ed individu\u00e1lne ubytovanie.<\/p>\n\n                            <\/div>\n                            <h3 class=\"s-faq__question js-accordion__title\">POISTENIE<\/h3>\n                            <div class=\"s-faq__answer\">\n                                <p>MAGNA poskytuje poistenie zdravotnej starostlivosti a lek\u00e1rskej evaku\u00e1cie.<\/p>\n\n                            <\/div>\n                            <h3 class=\"s-faq__question js-accordion__title\">HOME CHILD ALLOWANCES<\/h3>\n                            <div class=\"s-faq__answer\">\n                                <p>Mesa\u010dn\u00e1 suma vypl\u00e1can\u00e1 spolu s platom za nezaopatren\u00e9 deti, ktor\u00e9 zost\u00e1vaj\u00fa v krajine svojho bydliska. Poskytuje sa len pre zamestnancov pracuj\u00facich s MAGNA viac ako 12 mesiacov a na koordina\u010dnej poz\u00edcii.<\/p>\n\n                            <\/div>\n                    <\/div>\n                <\/div>\n            <\/section>\n        <\/div>\n    <\/div>\n<\/section>\n\n<section class=\"s-article-full s-article-full--yellow s-article-full--right hc-section-space--normal\">\n    <div class=\"s-article-full__inner\">\n        <div class=\"s-article-full__content\">\n            <h2 class=\"s-article-full__title\">M\u00f4\u017eem \u00eds\u0165 na misiu so svojou rodinou?<\/h2>\n            <div class=\"s-article-full__text\">\n                <p><strong>Na svoju prv\u00fa \u00falohu v ter\u00e9ne si so sebou nem\u00f4\u017eete vzia\u0165 svojho partnera alebo rodinu.<\/strong><\/p>\n<p>To by bolo mo\u017en\u00e9 len vtedy, ak zast\u00e1vate koordina\u010dn\u00fa poz\u00edciu, zvy\u010dajne v centr\u00e1le misie v hlavnom meste krajiny, a iba ak MAGNA povol\u00ed rodinu na tomto mieste.<\/p>\n<p>Bezpe\u010dnostn\u00e9 h\u013eadisk\u00e1, nedostatok pracovn\u00fdch pr\u00edle\u017eitost\u00ed mimo MAGNA, obmedzen\u00e9 mo\u017enosti ubytovania, nedostatok potrebn\u00e9ho vzdel\u00e1vania a zdravotn\u00edckych syst\u00e9mov at\u010f. znamenaj\u00fa, \u017ee mo\u017enosti ma\u0165 rodiny na ter\u00e9nnych projektoch s\u00fa obmedzen\u00e9.<\/p>\n\n            <\/div>\n        <\/div>\n        <div class=\"s-article-full__image\">\n            <div class=\"s-article-full__img\" style=\"background-image:url('https:\/\/www.magna.org\/fr\/wp-content\/uploads\/2022\/12\/homepage-kariera-a-benefity-mb201811g3269-552x368.jpg')\"><\/div>\n        <\/div>\n    <\/div>\n<\/section>\n\n<section class=\"s-panels hc-section-space--normal\">\n    <div class=\"s-panels__inner\">\n        <div class=\"s-panels__aside s-panels__aside--empty\"><\/div>\n        <div class=\"s-panels__content\">\n<article class=\"a-teaser\">\n    <div class=\"a-teaser__content\">\n        <h2 class=\"a-teaser__title\">\u017divot a pr\u00e1ca v ter\u00e9ne<\/h2>\n        <div class=\"a-teaser__text\">\n            <p><strong>Po\u010das pr\u00e1ce v ter\u00e9ne m\u00f4\u017eete objavi\u0165 svoj skryt\u00fd talent, m\u00f4\u017ee V\u00e1s in\u0161pirova\u0165 a zmeni\u0165 V\u00e1\u0161 \u017eivot.<\/strong><\/p>\n<p>Va\u0161e \u017eivotn\u00e9 podmienky na misii bud\u00fa \u010dasto \u00faplne z\u00e1kladn\u00e9. Budete sa riadi\u0165 bezpe\u010dnostn\u00fdmi pokynmi vo v\u0161etk\u00fdch situ\u00e1ci\u00e1ch. Nebudete m\u00f4c\u0165 vykon\u00e1va\u0165 aktivity, na ktor\u00e9 ste z domu zvyknut\u00fd \u2013 \u0161port, divadlo, kino a pod. Budete spolupracova\u0165 s \u013eu\u010fmi z r\u00f4znych kraj\u00edn, s miestnymi zamestnancami, ktor\u00ed takmer v\u017edy tvoria v\u00e4\u010d\u0161inu v t\u00edme, tak\u017ee budete musie\u0165 by\u0165 schopn\u00fd a ochotn\u00fd prisp\u00f4sobi\u0165 sa \u013eu\u010fom z in\u00fdch kult\u00far. Ste v priamom kontakte s \u013eu\u010fmi, ktor\u00fdm pom\u00e1hate, ale m\u00f4\u017ee sa sta\u0165, \u017ee zaka\u017ed\u00fdm nepoc\u00edtite ich v\u010faku. V projekte, krajine alebo oblasti, kde budete p\u00f4sobi\u0165 sa situ\u00e1cia m\u00f4\u017ee v okam\u017eiku zmeni\u0165, a t\u00fdm sa bude musie\u0165 zmeni\u0165 aj Va\u0161a pr\u00e1ca. Pru\u017enos\u0165 a prisp\u00f4sobivos\u0165 s\u00fa pre pr\u00e1cu v ter\u00e9ne z\u00e1sadn\u00e9.<\/p>\n\n        <\/div>\n    <\/div>\n    <div class=\"a-teaser__image\">\n        <div class=\"a-teaser__img\" style=\"background-image:url('https\\:\\\/\\\/www\\.magna\\.org\\\/fr\\\/wp-content\\\/uploads\\\/2022\\\/11\\\/homepage-haiti-mb2010001g0046\\.jpg')\"><\/div>\n    <\/div>\n<\/article>        <\/div>\n    <\/div>\n<\/section>\n\n<section class=\"s-panels hc-section-space--normal\">\n    <div class=\"s-panels__inner\">\n        <div class=\"s-panels__aside s-panels__aside--empty\"><\/div>\n        <div class=\"s-panels__content\">\n<section class=\"s-articles js-carousel\">\n    <div class=\"s-articles__inner\">\n        <h2 class=\"s-articles__title\">Hlasy z ter\u00e9nu<\/h2>\n        <div class=\"s-articles__content\">\n            <div class=\"s-articles__items js-carousel__items\">\n                <div class=\"s-articles__item js-carousel__item\">\n                    \n<article class=\"a-news\">\n    <a href=\"https:\/\/www.magna.org\/fr\/sk\/spravy-sk\/libanon-kazde-novonarodene-babatko-je-ako-maly-vychod-slnka\/\" class=\"a-news__link\"><\/a>\n    <div class=\"a-news__image\">\n        <div class=\"a-news__img\" style=\"background-image:url('https:\/\/www.magna.org\/fr\/wp-content\/uploads\/2022\/12\/ln_midwiwe-and-newbornbaalbeckjune-lell-e1656040427405-468x468.jpg');\"><\/div>\n    <\/div>\n    <div class=\"a-news__content\">\n        <h5 class=\"a-news__subtitle\">Spr\u00e1vy<\/h5>\n        <h3 class=\"a-news__title\">Libanon: ka\u017ed\u00e9 novonaroden\u00e9 b\u00e1b\u00e4tko je ako mal\u00fd v\u00fdchod Slnka<\/h3>\n    <\/div>\n    <div class=\"a-news__footer\">\n        <div class=\"a-news__tags\">Hlasy z ter\u00e9nu<\/div>\n        <div class=\"a-news__date\">24. 06. 2022<\/div>\n    <\/div>\n<\/article>                <\/div>\n                <div class=\"s-articles__item js-carousel__item\">\n                    \n<article class=\"a-news\">\n    <a href=\"https:\/\/www.magna.org\/fr\/sk\/spravy-sk\/libanon-mala-enal-symbolizuje-nadej\/\" class=\"a-news__link\"><\/a>\n    <div class=\"a-news__image\">\n        <div class=\"a-news__img\" style=\"background-image:url('https:\/\/www.magna.org\/fr\/wp-content\/uploads\/2022\/12\/enel1-e1643702301295-468x468.jpeg');\"><\/div>\n    <\/div>\n    <div class=\"a-news__content\">\n        <h5 class=\"a-news__subtitle\">Spr\u00e1vy<\/h5>\n        <h3 class=\"a-news__title\">Libanon: mal\u00e1 Enal symbolizuje n\u00e1dej<\/h3>\n    <\/div>\n    <div class=\"a-news__footer\">\n        <div class=\"a-news__tags\">Hlasy z ter\u00e9nu<\/div>\n        <div class=\"a-news__date\">01. 02. 2022<\/div>\n    <\/div>\n<\/article>                <\/div>\n            <\/div>\n        <\/div>\n    <\/div>\n<\/section>        <\/div>\n    <\/div>\n<\/section>","protected":false},"excerpt":{"rendered":"","protected":false},"author":2,"featured_media":6151,"parent":1151,"menu_order":0,"comment_status":"closed","ping_status":"closed","template":"page-subpage.php","meta":{"_acf_changed":false,"inline_featured_image":false,"footnotes":""},"class_list":["post-1253","page","type-page","status-publish","has-post-thumbnail","hentry"],"acf":[],"yoast_head":"<!-- This site is optimized with the Yoast SEO plugin v24.3 - https:\/\/yoast.com\/wordpress\/plugins\/seo\/ -->\n<title>Kari\u00e9ra a benefity - Magna<\/title>\n<meta name=\"robots\" content=\"index, follow, max-snippet:-1, max-image-preview:large, max-video-preview:-1\" \/>\n<link rel=\"canonical\" href=\"https:\/\/www.magna.org\/fr\/sk\/pracujte-s-nami\/kariera-a-benefity\/\" \/>\n<meta property=\"og:locale\" content=\"en_US\" \/>\n<meta property=\"og:type\" content=\"article\" \/>\n<meta property=\"og:title\" content=\"Kari\u00e9ra a benefity - Magna\" \/>\n<meta property=\"og:url\" content=\"https:\/\/www.magna.org\/fr\/sk\/pracujte-s-nami\/kariera-a-benefity\/\" \/>\n<meta property=\"og:site_name\" content=\"Magna\" \/>\n<meta property=\"article:modified_time\" content=\"2022-12-13T18:44:32+00:00\" \/>\n<meta property=\"og:image\" content=\"https:\/\/www.magna.org\/fr\/wp-content\/uploads\/2022\/12\/homepage-pracujte-s-nami-mb2010001g1826.jpg\" \/>\n\t<meta property=\"og:image:width\" content=\"1800\" \/>\n\t<meta property=\"og:image:height\" content=\"1200\" \/>\n\t<meta property=\"og:image:type\" content=\"image\/jpeg\" \/>\n<meta name=\"twitter:card\" content=\"summary_large_image\" \/>\n<script type=\"application\/ld+json\" class=\"yoast-schema-graph\">{\"@context\":\"https:\/\/schema.org\",\"@graph\":[{\"@type\":\"WebPage\",\"@id\":\"https:\/\/www.magna.org\/fr\/sk\/pracujte-s-nami\/kariera-a-benefity\/\",\"url\":\"https:\/\/www.magna.org\/fr\/sk\/pracujte-s-nami\/kariera-a-benefity\/\",\"name\":\"Kari\u00e9ra a benefity - Magna\",\"isPartOf\":{\"@id\":\"https:\/\/www.magna.org\/fr\/#website\"},\"primaryImageOfPage\":{\"@id\":\"https:\/\/www.magna.org\/fr\/sk\/pracujte-s-nami\/kariera-a-benefity\/#primaryimage\"},\"image\":{\"@id\":\"https:\/\/www.magna.org\/fr\/sk\/pracujte-s-nami\/kariera-a-benefity\/#primaryimage\"},\"thumbnailUrl\":\"https:\/\/www.magna.org\/fr\/wp-content\/uploads\/2022\/12\/homepage-pracujte-s-nami-mb2010001g1826.jpg\",\"datePublished\":\"2022-10-14T09:03:19+00:00\",\"dateModified\":\"2022-12-13T18:44:32+00:00\",\"breadcrumb\":{\"@id\":\"https:\/\/www.magna.org\/fr\/sk\/pracujte-s-nami\/kariera-a-benefity\/#breadcrumb\"},\"inLanguage\":\"en-US\",\"potentialAction\":[{\"@type\":\"ReadAction\",\"target\":[\"https:\/\/www.magna.org\/fr\/sk\/pracujte-s-nami\/kariera-a-benefity\/\"]}]},{\"@type\":\"ImageObject\",\"inLanguage\":\"en-US\",\"@id\":\"https:\/\/www.magna.org\/fr\/sk\/pracujte-s-nami\/kariera-a-benefity\/#primaryimage\",\"url\":\"https:\/\/www.magna.org\/fr\/wp-content\/uploads\/2022\/12\/homepage-pracujte-s-nami-mb2010001g1826.jpg\",\"contentUrl\":\"https:\/\/www.magna.org\/fr\/wp-content\/uploads\/2022\/12\/homepage-pracujte-s-nami-mb2010001g1826.jpg\",\"width\":1800,\"height\":1200},{\"@type\":\"BreadcrumbList\",\"@id\":\"https:\/\/www.magna.org\/fr\/sk\/pracujte-s-nami\/kariera-a-benefity\/#breadcrumb\",\"itemListElement\":[{\"@type\":\"ListItem\",\"position\":1,\"name\":\"Home\",\"item\":\"https:\/\/www.magna.org\/fr\/sk\/\"},{\"@type\":\"ListItem\",\"position\":2,\"name\":\"Pracujte s nami\",\"item\":\"https:\/\/www.magna.org\/fr\/sk\/pracujte-s-nami\/\"},{\"@type\":\"ListItem\",\"position\":3,\"name\":\"Kari\u00e9ra a benefity\"}]},{\"@type\":\"WebSite\",\"@id\":\"https:\/\/www.magna.org\/fr\/#website\",\"url\":\"https:\/\/www.magna.org\/fr\/\",\"name\":\"Magna\",\"description\":\"Just another WordPress site\",\"potentialAction\":[{\"@type\":\"SearchAction\",\"target\":{\"@type\":\"EntryPoint\",\"urlTemplate\":\"https:\/\/www.magna.org\/fr\/?s={search_term_string}\"},\"query-input\":{\"@type\":\"PropertyValueSpecification\",\"valueRequired\":true,\"valueName\":\"search_term_string\"}}],\"inLanguage\":\"en-US\"}]}<\/script>\n<!-- \/ Yoast SEO plugin. -->","yoast_head_json":{"title":"Kari\u00e9ra a benefity - Magna","robots":{"index":"index","follow":"follow","max-snippet":"max-snippet:-1","max-image-preview":"max-image-preview:large","max-video-preview":"max-video-preview:-1"},"canonical":"https:\/\/www.magna.org\/fr\/sk\/pracujte-s-nami\/kariera-a-benefity\/","og_locale":"en_US","og_type":"article","og_title":"Kari\u00e9ra a benefity - Magna","og_url":"https:\/\/www.magna.org\/fr\/sk\/pracujte-s-nami\/kariera-a-benefity\/","og_site_name":"Magna","article_modified_time":"2022-12-13T18:44:32+00:00","og_image":[{"width":1800,"height":1200,"url":"https:\/\/www.magna.org\/fr\/wp-content\/uploads\/2022\/12\/homepage-pracujte-s-nami-mb2010001g1826.jpg","type":"image\/jpeg"}],"twitter_card":"summary_large_image","schema":{"@context":"https:\/\/schema.org","@graph":[{"@type":"WebPage","@id":"https:\/\/www.magna.org\/fr\/sk\/pracujte-s-nami\/kariera-a-benefity\/","url":"https:\/\/www.magna.org\/fr\/sk\/pracujte-s-nami\/kariera-a-benefity\/","name":"Kari\u00e9ra a benefity - Magna","isPartOf":{"@id":"https:\/\/www.magna.org\/fr\/#website"},"primaryImageOfPage":{"@id":"https:\/\/www.magna.org\/fr\/sk\/pracujte-s-nami\/kariera-a-benefity\/#primaryimage"},"image":{"@id":"https:\/\/www.magna.org\/fr\/sk\/pracujte-s-nami\/kariera-a-benefity\/#primaryimage"},"thumbnailUrl":"https:\/\/www.magna.org\/fr\/wp-content\/uploads\/2022\/12\/homepage-pracujte-s-nami-mb2010001g1826.jpg","datePublished":"2022-10-14T09:03:19+00:00","dateModified":"2022-12-13T18:44:32+00:00","breadcrumb":{"@id":"https:\/\/www.magna.org\/fr\/sk\/pracujte-s-nami\/kariera-a-benefity\/#breadcrumb"},"inLanguage":"en-US","potentialAction":[{"@type":"ReadAction","target":["https:\/\/www.magna.org\/fr\/sk\/pracujte-s-nami\/kariera-a-benefity\/"]}]},{"@type":"ImageObject","inLanguage":"en-US","@id":"https:\/\/www.magna.org\/fr\/sk\/pracujte-s-nami\/kariera-a-benefity\/#primaryimage","url":"https:\/\/www.magna.org\/fr\/wp-content\/uploads\/2022\/12\/homepage-pracujte-s-nami-mb2010001g1826.jpg","contentUrl":"https:\/\/www.magna.org\/fr\/wp-content\/uploads\/2022\/12\/homepage-pracujte-s-nami-mb2010001g1826.jpg","width":1800,"height":1200},{"@type":"BreadcrumbList","@id":"https:\/\/www.magna.org\/fr\/sk\/pracujte-s-nami\/kariera-a-benefity\/#breadcrumb","itemListElement":[{"@type":"ListItem","position":1,"name":"Home","item":"https:\/\/www.magna.org\/fr\/sk\/"},{"@type":"ListItem","position":2,"name":"Pracujte s nami","item":"https:\/\/www.magna.org\/fr\/sk\/pracujte-s-nami\/"},{"@type":"ListItem","position":3,"name":"Kari\u00e9ra a benefity"}]},{"@type":"WebSite","@id":"https:\/\/www.magna.org\/fr\/#website","url":"https:\/\/www.magna.org\/fr\/","name":"Magna","description":"Just another WordPress site","potentialAction":[{"@type":"SearchAction","target":{"@type":"EntryPoint","urlTemplate":"https:\/\/www.magna.org\/fr\/?s={search_term_string}"},"query-input":{"@type":"PropertyValueSpecification","valueRequired":true,"valueName":"search_term_string"}}],"inLanguage":"en-US"}]}},"_links":{"self":[{"href":"https:\/\/www.magna.org\/fr\/wp-json\/wp\/v2\/pages\/1253","targetHints":{"allow":["GET"]}}],"collection":[{"href":"https:\/\/www.magna.org\/fr\/wp-json\/wp\/v2\/pages"}],"about":[{"href":"https:\/\/www.magna.org\/fr\/wp-json\/wp\/v2\/types\/page"}],"author":[{"embeddable":true,"href":"https:\/\/www.magna.org\/fr\/wp-json\/wp\/v2\/users\/2"}],"replies":[{"embeddable":true,"href":"https:\/\/www.magna.org\/fr\/wp-json\/wp\/v2\/comments?post=1253"}],"version-history":[{"count":120,"href":"https:\/\/www.magna.org\/fr\/wp-json\/wp\/v2\/pages\/1253\/revisions"}],"predecessor-version":[{"id":10900,"href":"https:\/\/www.magna.org\/fr\/wp-json\/wp\/v2\/pages\/1253\/revisions\/10900"}],"up":[{"embeddable":true,"href":"https:\/\/www.magna.org\/fr\/wp-json\/wp\/v2\/pages\/1151"}],"wp:featuredmedia":[{"embeddable":true,"href":"https:\/\/www.magna.org\/fr\/wp-json\/wp\/v2\/media\/6151"}],"wp:attachment":[{"href":"https:\/\/www.magna.org\/fr\/wp-json\/wp\/v2\/media?parent=1253"}],"curies":[{"name":"wp","href":"https:\/\/api.w.org\/{rel}","templated":true}]}}