{"id":1722,"date":"2022-10-19T18:45:56","date_gmt":"2022-10-19T18:45:56","guid":{"rendered":"https:\/\/www.magna.org\/fr\/?page_id=1722"},"modified":"2022-12-07T20:05:19","modified_gmt":"2022-12-07T20:05:19","slug":"darujte-vkladom-na-ucet","status":"publish","type":"page","link":"https:\/\/www.magna.org\/fr\/sk\/podporte-nas\/darujte-vkladom-na-ucet\/","title":{"rendered":"Darujte vkladom na \u00fa\u010det"},"content":{"rendered":"<div class=\"e-content-text\"><div class=\"e-content-text__inner\">\n<p class=\"has-text-align-center\">\u010eakujeme, \u017ee aj v\u010faka va\u0161ej finan\u010dnej podpore m\u00f4\u017eeme lie\u010di\u0165 deti a ich rodiny v kr\u00edzov\u00fdch oblastiach sveta.<\/p>\n<\/div><\/div>\n\n<section class=\"s-home-hero s-home-hero--dark hc-section-space--normal\">\n    <div class=\"s-home-hero__inner\">\n        <div class=\"s-home-hero__media\">\n            <img loading=\"lazy\" decoding=\"async\" width=\"698\" height=\"524\" src=\"https:\/\/www.magna.org\/fr\/wp-content\/uploads\/2022\/11\/homepage-zdravie-matky-mb201811g0014-698x524.jpg\" class=\"attachment-magna-hero size-magna-hero\" alt=\"\" srcset=\"https:\/\/www.magna.org\/fr\/wp-content\/uploads\/2022\/11\/homepage-zdravie-matky-mb201811g0014-698x524.jpg 698w, https:\/\/www.magna.org\/fr\/wp-content\/uploads\/2022\/11\/homepage-zdravie-matky-mb201811g0014-1396x1048.jpg 1396w\" sizes=\"auto, (max-width: 698px) 100vw, 698px\" \/>\n        <\/div>\n        <div class=\"s-home-hero__content\">\n            <h2 class=\"s-home-hero__title\">Kam posiela\u0165 pr\u00edspevky?<\/h2>\n            <div class=\"s-home-hero__text\">\n                <p>Va\u0161e pr\u00edspevky n\u00e1m m\u00f4\u017eete posiela\u0165 aj bez akejko\u013evek predch\u00e1dzaj\u00facej registr\u00e1cie na jeden z nasleduj\u00facich bankov\u00fdch \u00fa\u010dtov.<\/p>\n            <\/div>\n        <\/div>\n    <\/div>\n<\/section>\n\n<div class=\"e-content-text\"><div class=\"e-content-text__inner\">\n<p class=\"has-vivid-red-color has-text-color has-medium-font-size\"><strong>HLAVN\u00dd DARCOVSK\u00dd \u00da\u010cET<\/strong><\/p>\n<\/div><\/div>\n\n<div class=\"e-content-text\"><div class=\"e-content-text__inner\">\n<p>Peniaze, ktor\u00e9 vyberieme na tento \u00fa\u010det, pou\u017eijeme pod\u013ea potreby na pomoc \u013eu\u010fom v r\u00f4znych krajin\u00e1ch a kr\u00edzach po celom svete. V\u010faka darom zaslan\u00fdm na tento \u00fa\u010det sme pripraven\u00ed zasahova\u0165 v\u0161ade, kde je to potrebn\u00e9. A z\u00e1rove\u0148 m\u00f4\u017eeme financova\u0165 dlhodob\u00e9 projekty v zanedb\u00e1van\u00fdch kr\u00edzach. <\/p>\n<\/div><\/div>\n\n<div class=\"e-content-text\"><div class=\"e-content-text__inner\">\n<p><strong>UniCredit Bank Slovakia<br>IBAN: SK87 1111 0000 00133 179 3900<br>SWIFT: UNCRSKBX<\/strong><\/p>\n<\/div><\/div>\n\n<div class=\"e-content-text\"><div class=\"e-content-text__inner\">\n<p class=\"has-vivid-red-color has-text-color has-medium-font-size\"><strong>VEREJN\u00c1 ZBIERKA<\/strong><\/p>\n<\/div><\/div>\n\n<div class=\"e-content-text\"><div class=\"e-content-text__inner\">\n<p>Dary, ktor\u00e9 po\u0161lete v r\u00e1mci verejnej zbierky vyu\u017e\u00edvame len za \u00fa\u010delom okam\u017eite zasiahnu\u0165 a pom\u00f4c\u0165 postihnut\u00e9mu miestnemu obyvate\u013estvu v pr\u00edpade n\u00fadzovej situ\u00e1cie. Ak m\u00e1te z\u00e1ujem v\u00e1\u0161 dar smerova\u0165 priamo na konkr\u00e9tnu kr\u00edzu a oper\u00e1ciie, pri dare uve\u010fte variabiln\u00fd symbol, oper\u00e1cie na ktor\u00fa chcete prispie\u0165. <\/p>\n<\/div><\/div>\n\n<div class=\"e-content-text\"><div class=\"e-content-text__inner\">\n<p><strong>Tatra banka a.s.<\/strong><br><strong>IBAN: SK58 1100 0000 0029 4300 4292<\/strong><br><strong>SWIFT: TATRSKBX<\/strong><\/p>\n<\/div><\/div>\n\n<div class=\"e-content-text\"><div class=\"e-content-text__inner\">\n<p><strong>VARIABILN\u00dd SYMBOL PRE POMOC DE\u0164OM V N\u00daDZI <br><\/strong>VS<strong>: <\/strong>9999<\/p>\n<\/div><\/div>\n\n<div class=\"e-content-text\"><div class=\"e-content-text__inner\">\n<p><strong>VARIABILN\u00dd SYMBOL PRE UKRAJINU<br><\/strong>VS<strong>: <\/strong>1111<\/p>\n<\/div><\/div>\n\n<div class=\"e-content-text\"><div class=\"e-content-text__inner\">\n<p><em>Verejn\u00e1 zbierka&nbsp;je registrovan\u00e1 na Ministerstve vn\u00fatra SR pod spisov\u00fdm \u010d\u00edslom&nbsp;SVS-OVS2-2021\/040494-004.&nbsp;Zbierka sa kon\u00e1 od 01.02.2022 do 15.01.2023 na \u00fazem\u00ed Slovenskej repubiky a je ur\u010den\u00e1 pre humanit\u00e1rnu pomoc mimo \u00fazemia SR.&nbsp;<a href=\"https:\/\/www.magna.org\/fr\/wp-content\/uploads\/2022\/02\/MAGNA-povolenie-VZ22-23_000-2021-040494.pdf\">Povolenie zbierky<\/a>.<\/em><\/p>\n<\/div><\/div>\n\n<section class=\"s-help hc-section-space--normal\">\n    <div class=\"s-help__inner\">\n        <h2 class=\"s-help__title\">Pozrite tie\u017e<\/h2>\n        <div class=\"s-help__content\">\n            <div class=\"s-help__items\">\n                <div class=\"s-help__item\">\n                    <article class=\"a-help\">\n                        <a href=\"https:\/\/www.magna.org\/fr\/podporte-nas\/firmy-a-nadacie\/\" target=\"\" class=\"a-help__link\"><\/a>\n                        <div class=\"a-help__content\">\n                            <h3 class=\"a-help__title\">Pom\u00e1hajte ako firma<\/h3>\n                            <div class=\"a-help__cta\">\n                                <a href=\"https:\/\/www.magna.org\/fr\/podporte-nas\/firmy-a-nadacie\/\" target=\"\" >Zisti\u0165 viac<\/a>\n                            <\/div>\n                        <\/div>\n                    <\/article>\n                <\/div>\n                <div class=\"s-help__item\">\n                    <article class=\"a-help\">\n                        <a href=\"https:\/\/www.magna.org\/fr\/podporte-nas\/fond-urgentnej-pomoci\/\" target=\"\" class=\"a-help__link\"><\/a>\n                        <div class=\"a-help__content\">\n                            <h3 class=\"a-help__title\">Fond urgentnej pomoci<\/h3>\n                            <div class=\"a-help__cta\">\n                                <a href=\"https:\/\/www.magna.org\/fr\/podporte-nas\/fond-urgentnej-pomoci\/\" target=\"\" >Zisti\u0165 viac<\/a>\n                            <\/div>\n                        <\/div>\n                    <\/article>\n                <\/div>\n                <div class=\"s-help__item\">\n                    <article class=\"a-help\">\n                        <a href=\"https:\/\/www.magna.org\/fr\/podporte-nas\/stante-sa-pravidelnym-darcom\/\" target=\"\" class=\"a-help__link\"><\/a>\n                        <div class=\"a-help__content\">\n                            <h3 class=\"a-help__title\">Pom\u00e1hajte ka\u017ed\u00fd mesiac<\/h3>\n                            <div class=\"a-help__cta\">\n                                <a href=\"https:\/\/www.magna.org\/fr\/podporte-nas\/stante-sa-pravidelnym-darcom\/\" target=\"\" >Zisti\u0165 viac<\/a>\n                            <\/div>\n                        <\/div>\n                    <\/article>\n                <\/div>\n                <div class=\"s-help__item\">\n                    <article class=\"a-help\">\n                        <a href=\"https:\/\/www.magna.org\/fr\/podporte-nas\/liecime-na-ukrajine\/\" target=\"\" class=\"a-help__link\"><\/a>\n                        <div class=\"a-help__content\">\n                            <h3 class=\"a-help__title\">Lie\u010dime na Ukrajine<\/h3>\n                            <div class=\"a-help__cta\">\n                                <a href=\"https:\/\/www.magna.org\/fr\/podporte-nas\/liecime-na-ukrajine\/\" target=\"\" >Zisti\u0165 viac<\/a>\n                            <\/div>\n                        <\/div>\n                    <\/article>\n                <\/div>\n            <\/div>\n        <\/div>\n    <\/div>\n<\/section>\n\n<section class=\"s-support hc-section-space--normal\">\n    <div class=\"s-support__header\">\n        <h1 class=\"s-support__title\">M\u00e1te \u010fa\u013e\u0161ie ot\u00e1zky?\u00a0<\/h1>\n        <div class=\"s-support__intro\">\n            <p>Zavolajte na <a href=\"http:\/\/+421 917 827 827\">+421 917 827 827<\/a> alebo po\u0161lite e-mail na <a href=\"mailto:dar@magna.org\">dar@magna.org<\/a> a my v\u00e1m radi pom\u00f4\u017eeme.<\/p>\n\n        <\/div>\n    <\/div>\n    <div class=\"s-support__content\">\n        <div class=\"s-support__items\">\n        <\/div>\n    <\/div>\n<\/section>","protected":false},"excerpt":{"rendered":"<p>\u010eakujeme, \u017ee aj v\u010faka va\u0161ej finan\u010dnej podpore m\u00f4\u017eeme lie\u010di\u0165 deti a ich rodiny v kr\u00edzov\u00fdch oblastiach sveta. HLAVN\u00dd DARCOVSK\u00dd \u00da\u010cET Peniaze, ktor\u00e9 vyberieme na tento \u00fa\u010det, pou\u017eijeme pod\u013ea potreby na pomoc \u013eu\u010fom v r\u00f4znych krajin\u00e1ch a kr\u00edzach po celom svete. V\u010faka darom zaslan\u00fdm na tento \u00fa\u010det sme pripraven\u00ed zasahova\u0165 v\u0161ade, kde je to potrebn\u00e9. A [&hellip;]<\/p>\n","protected":false},"author":2,"featured_media":780,"parent":862,"menu_order":1,"comment_status":"closed","ping_status":"closed","template":"page-article.php","meta":{"_acf_changed":false,"inline_featured_image":false,"footnotes":""},"class_list":["post-1722","page","type-page","status-publish","has-post-thumbnail","hentry"],"acf":[],"yoast_head":"<!-- This site is optimized with the Yoast SEO plugin v24.3 - https:\/\/yoast.com\/wordpress\/plugins\/seo\/ -->\n<title>Darujte vkladom na \u00fa\u010det - Magna<\/title>\n<meta name=\"robots\" content=\"index, follow, max-snippet:-1, max-image-preview:large, max-video-preview:-1\" \/>\n<link rel=\"canonical\" href=\"https:\/\/www.magna.org\/fr\/sk\/podporte-nas\/darujte-vkladom-na-ucet\/\" \/>\n<meta property=\"og:locale\" content=\"en_US\" \/>\n<meta property=\"og:type\" content=\"article\" \/>\n<meta property=\"og:title\" content=\"Darujte vkladom na \u00fa\u010det - Magna\" \/>\n<meta property=\"og:description\" content=\"\u010eakujeme, \u017ee aj v\u010faka va\u0161ej finan\u010dnej podpore m\u00f4\u017eeme lie\u010di\u0165 deti a ich rodiny v kr\u00edzov\u00fdch oblastiach sveta. HLAVN\u00dd DARCOVSK\u00dd \u00da\u010cET Peniaze, ktor\u00e9 vyberieme na tento \u00fa\u010det, pou\u017eijeme pod\u013ea potreby na pomoc \u013eu\u010fom v r\u00f4znych krajin\u00e1ch a kr\u00edzach po celom svete. V\u010faka darom zaslan\u00fdm na tento \u00fa\u010det sme pripraven\u00ed zasahova\u0165 v\u0161ade, kde je to potrebn\u00e9. A [&hellip;]\" \/>\n<meta property=\"og:url\" content=\"https:\/\/www.magna.org\/fr\/sk\/podporte-nas\/darujte-vkladom-na-ucet\/\" \/>\n<meta property=\"og:site_name\" content=\"Magna\" \/>\n<meta property=\"article:modified_time\" content=\"2022-12-07T20:05:19+00:00\" \/>\n<meta property=\"og:image\" content=\"https:\/\/www.magna.org\/fr\/wp-content\/uploads\/2022\/09\/homepage-kto-sme-mb2010010g0744-scaled-e1669891224183.jpg\" \/>\n\t<meta property=\"og:image:width\" content=\"2560\" \/>\n\t<meta property=\"og:image:height\" content=\"1266\" \/>\n\t<meta property=\"og:image:type\" content=\"image\/jpeg\" \/>\n<meta name=\"twitter:card\" content=\"summary_large_image\" \/>\n<meta name=\"twitter:label1\" content=\"Est. reading time\" \/>\n\t<meta name=\"twitter:data1\" content=\"1 minute\" \/>\n<script type=\"application\/ld+json\" class=\"yoast-schema-graph\">{\"@context\":\"https:\/\/schema.org\",\"@graph\":[{\"@type\":\"WebPage\",\"@id\":\"https:\/\/www.magna.org\/fr\/sk\/podporte-nas\/darujte-vkladom-na-ucet\/\",\"url\":\"https:\/\/www.magna.org\/fr\/sk\/podporte-nas\/darujte-vkladom-na-ucet\/\",\"name\":\"Darujte vkladom na \u00fa\u010det - Magna\",\"isPartOf\":{\"@id\":\"https:\/\/www.magna.org\/fr\/#website\"},\"primaryImageOfPage\":{\"@id\":\"https:\/\/www.magna.org\/fr\/sk\/podporte-nas\/darujte-vkladom-na-ucet\/#primaryimage\"},\"image\":{\"@id\":\"https:\/\/www.magna.org\/fr\/sk\/podporte-nas\/darujte-vkladom-na-ucet\/#primaryimage\"},\"thumbnailUrl\":\"https:\/\/www.magna.org\/fr\/wp-content\/uploads\/2022\/09\/homepage-kto-sme-mb2010010g0744-scaled-e1669891224183.jpg\",\"datePublished\":\"2022-10-19T18:45:56+00:00\",\"dateModified\":\"2022-12-07T20:05:19+00:00\",\"breadcrumb\":{\"@id\":\"https:\/\/www.magna.org\/fr\/sk\/podporte-nas\/darujte-vkladom-na-ucet\/#breadcrumb\"},\"inLanguage\":\"en-US\",\"potentialAction\":[{\"@type\":\"ReadAction\",\"target\":[\"https:\/\/www.magna.org\/fr\/sk\/podporte-nas\/darujte-vkladom-na-ucet\/\"]}]},{\"@type\":\"ImageObject\",\"inLanguage\":\"en-US\",\"@id\":\"https:\/\/www.magna.org\/fr\/sk\/podporte-nas\/darujte-vkladom-na-ucet\/#primaryimage\",\"url\":\"https:\/\/www.magna.org\/fr\/wp-content\/uploads\/2022\/09\/homepage-kto-sme-mb2010010g0744-scaled-e1669891224183.jpg\",\"contentUrl\":\"https:\/\/www.magna.org\/fr\/wp-content\/uploads\/2022\/09\/homepage-kto-sme-mb2010010g0744-scaled-e1669891224183.jpg\",\"width\":2560,\"height\":1266},{\"@type\":\"BreadcrumbList\",\"@id\":\"https:\/\/www.magna.org\/fr\/sk\/podporte-nas\/darujte-vkladom-na-ucet\/#breadcrumb\",\"itemListElement\":[{\"@type\":\"ListItem\",\"position\":1,\"name\":\"Home\",\"item\":\"https:\/\/www.magna.org\/fr\/sk\/\"},{\"@type\":\"ListItem\",\"position\":2,\"name\":\"Podporte n\u00e1s\",\"item\":\"https:\/\/www.magna.org\/fr\/sk\/podporte-nas\/\"},{\"@type\":\"ListItem\",\"position\":3,\"name\":\"Darujte vkladom na \u00fa\u010det\"}]},{\"@type\":\"WebSite\",\"@id\":\"https:\/\/www.magna.org\/fr\/#website\",\"url\":\"https:\/\/www.magna.org\/fr\/\",\"name\":\"Magna\",\"description\":\"Just another WordPress site\",\"potentialAction\":[{\"@type\":\"SearchAction\",\"target\":{\"@type\":\"EntryPoint\",\"urlTemplate\":\"https:\/\/www.magna.org\/fr\/?s={search_term_string}\"},\"query-input\":{\"@type\":\"PropertyValueSpecification\",\"valueRequired\":true,\"valueName\":\"search_term_string\"}}],\"inLanguage\":\"en-US\"}]}<\/script>\n<!-- \/ Yoast SEO plugin. -->","yoast_head_json":{"title":"Darujte vkladom na \u00fa\u010det - Magna","robots":{"index":"index","follow":"follow","max-snippet":"max-snippet:-1","max-image-preview":"max-image-preview:large","max-video-preview":"max-video-preview:-1"},"canonical":"https:\/\/www.magna.org\/fr\/sk\/podporte-nas\/darujte-vkladom-na-ucet\/","og_locale":"en_US","og_type":"article","og_title":"Darujte vkladom na \u00fa\u010det - Magna","og_description":"\u010eakujeme, \u017ee aj v\u010faka va\u0161ej finan\u010dnej podpore m\u00f4\u017eeme lie\u010di\u0165 deti a ich rodiny v kr\u00edzov\u00fdch oblastiach sveta. HLAVN\u00dd DARCOVSK\u00dd \u00da\u010cET Peniaze, ktor\u00e9 vyberieme na tento \u00fa\u010det, pou\u017eijeme pod\u013ea potreby na pomoc \u013eu\u010fom v r\u00f4znych krajin\u00e1ch a kr\u00edzach po celom svete. V\u010faka darom zaslan\u00fdm na tento \u00fa\u010det sme pripraven\u00ed zasahova\u0165 v\u0161ade, kde je to potrebn\u00e9. A [&hellip;]","og_url":"https:\/\/www.magna.org\/fr\/sk\/podporte-nas\/darujte-vkladom-na-ucet\/","og_site_name":"Magna","article_modified_time":"2022-12-07T20:05:19+00:00","og_image":[{"width":2560,"height":1266,"url":"https:\/\/www.magna.org\/fr\/wp-content\/uploads\/2022\/09\/homepage-kto-sme-mb2010010g0744-scaled-e1669891224183.jpg","type":"image\/jpeg"}],"twitter_card":"summary_large_image","twitter_misc":{"Est. reading time":"1 minute"},"schema":{"@context":"https:\/\/schema.org","@graph":[{"@type":"WebPage","@id":"https:\/\/www.magna.org\/fr\/sk\/podporte-nas\/darujte-vkladom-na-ucet\/","url":"https:\/\/www.magna.org\/fr\/sk\/podporte-nas\/darujte-vkladom-na-ucet\/","name":"Darujte vkladom na \u00fa\u010det - Magna","isPartOf":{"@id":"https:\/\/www.magna.org\/fr\/#website"},"primaryImageOfPage":{"@id":"https:\/\/www.magna.org\/fr\/sk\/podporte-nas\/darujte-vkladom-na-ucet\/#primaryimage"},"image":{"@id":"https:\/\/www.magna.org\/fr\/sk\/podporte-nas\/darujte-vkladom-na-ucet\/#primaryimage"},"thumbnailUrl":"https:\/\/www.magna.org\/fr\/wp-content\/uploads\/2022\/09\/homepage-kto-sme-mb2010010g0744-scaled-e1669891224183.jpg","datePublished":"2022-10-19T18:45:56+00:00","dateModified":"2022-12-07T20:05:19+00:00","breadcrumb":{"@id":"https:\/\/www.magna.org\/fr\/sk\/podporte-nas\/darujte-vkladom-na-ucet\/#breadcrumb"},"inLanguage":"en-US","potentialAction":[{"@type":"ReadAction","target":["https:\/\/www.magna.org\/fr\/sk\/podporte-nas\/darujte-vkladom-na-ucet\/"]}]},{"@type":"ImageObject","inLanguage":"en-US","@id":"https:\/\/www.magna.org\/fr\/sk\/podporte-nas\/darujte-vkladom-na-ucet\/#primaryimage","url":"https:\/\/www.magna.org\/fr\/wp-content\/uploads\/2022\/09\/homepage-kto-sme-mb2010010g0744-scaled-e1669891224183.jpg","contentUrl":"https:\/\/www.magna.org\/fr\/wp-content\/uploads\/2022\/09\/homepage-kto-sme-mb2010010g0744-scaled-e1669891224183.jpg","width":2560,"height":1266},{"@type":"BreadcrumbList","@id":"https:\/\/www.magna.org\/fr\/sk\/podporte-nas\/darujte-vkladom-na-ucet\/#breadcrumb","itemListElement":[{"@type":"ListItem","position":1,"name":"Home","item":"https:\/\/www.magna.org\/fr\/sk\/"},{"@type":"ListItem","position":2,"name":"Podporte n\u00e1s","item":"https:\/\/www.magna.org\/fr\/sk\/podporte-nas\/"},{"@type":"ListItem","position":3,"name":"Darujte vkladom na \u00fa\u010det"}]},{"@type":"WebSite","@id":"https:\/\/www.magna.org\/fr\/#website","url":"https:\/\/www.magna.org\/fr\/","name":"Magna","description":"Just another WordPress site","potentialAction":[{"@type":"SearchAction","target":{"@type":"EntryPoint","urlTemplate":"https:\/\/www.magna.org\/fr\/?s={search_term_string}"},"query-input":{"@type":"PropertyValueSpecification","valueRequired":true,"valueName":"search_term_string"}}],"inLanguage":"en-US"}]}},"_links":{"self":[{"href":"https:\/\/www.magna.org\/fr\/wp-json\/wp\/v2\/pages\/1722","targetHints":{"allow":["GET"]}}],"collection":[{"href":"https:\/\/www.magna.org\/fr\/wp-json\/wp\/v2\/pages"}],"about":[{"href":"https:\/\/www.magna.org\/fr\/wp-json\/wp\/v2\/types\/page"}],"author":[{"embeddable":true,"href":"https:\/\/www.magna.org\/fr\/wp-json\/wp\/v2\/users\/2"}],"replies":[{"embeddable":true,"href":"https:\/\/www.magna.org\/fr\/wp-json\/wp\/v2\/comments?post=1722"}],"version-history":[{"count":84,"href":"https:\/\/www.magna.org\/fr\/wp-json\/wp\/v2\/pages\/1722\/revisions"}],"predecessor-version":[{"id":10209,"href":"https:\/\/www.magna.org\/fr\/wp-json\/wp\/v2\/pages\/1722\/revisions\/10209"}],"up":[{"embeddable":true,"href":"https:\/\/www.magna.org\/fr\/wp-json\/wp\/v2\/pages\/862"}],"wp:featuredmedia":[{"embeddable":true,"href":"https:\/\/www.magna.org\/fr\/wp-json\/wp\/v2\/media\/780"}],"wp:attachment":[{"href":"https:\/\/www.magna.org\/fr\/wp-json\/wp\/v2\/media?parent=1722"}],"curies":[{"name":"wp","href":"https:\/\/api.w.org\/{rel}","templated":true}]}}