{"id":1841,"date":"2022-10-20T05:12:57","date_gmt":"2022-10-20T05:12:57","guid":{"rendered":"https:\/\/www.magna.org\/fr\/?page_id=1841"},"modified":"2023-03-20T09:13:22","modified_gmt":"2023-03-20T09:13:22","slug":"spolocensky-zavazok-s-magna","status":"publish","type":"page","link":"https:\/\/www.magna.org\/fr\/sk\/podporte-nas\/firmy-a-nadacie\/spolocensky-zavazok-s-magna\/","title":{"rendered":"Spolo\u010densk\u00fd z\u00e1v\u00e4zok s MAGNA"},"content":{"rendered":"<div class=\"e-content-text\"><div class=\"e-content-text__inner\">\n<p class=\"has-text-align-center\">Chcete da\u0165 svoju filantropiu do slu\u017eieb humanit\u00e1rnych oper\u00e1ci\u00ed s vyskou efektivitou? Chcete dosiahnu\u0165 svoje ciele spolo\u010denskej zodpovednosti? Objavte rie\u0161enia, ktor\u00e9 pon\u00faka MAGNA, aby ste sa zapojili do n\u00e1\u0161ho boja za pr\u00edstup k zdravotnej starostlivosti pre v\u0161etk\u00fdch doma aj vo svete.<\/p>\n<\/div><\/div>\n\n<section class=\"s-home-hero s-home-hero--dark hc-section-space--normal\">\n    <div class=\"s-home-hero__inner\">\n        <div class=\"s-home-hero__media\">\n            <img loading=\"lazy\" decoding=\"async\" width=\"698\" height=\"524\" src=\"https:\/\/www.magna.org\/fr\/wp-content\/uploads\/2022\/12\/homepage-spolocensky-zavazok-s-magna-mb200927g0736-698x524.jpg\" class=\"attachment-magna-hero size-magna-hero\" alt=\"\" srcset=\"https:\/\/www.magna.org\/fr\/wp-content\/uploads\/2022\/12\/homepage-spolocensky-zavazok-s-magna-mb200927g0736-698x524.jpg 698w, https:\/\/www.magna.org\/fr\/wp-content\/uploads\/2022\/12\/homepage-spolocensky-zavazok-s-magna-mb200927g0736-1396x1048.jpg 1396w\" sizes=\"auto, (max-width: 698px) 100vw, 698px\" \/>\n        <\/div>\n        <div class=\"s-home-hero__content\">\n            <h2 class=\"s-home-hero__title\">Pre\u010do MAGNA?<\/h2>\n            <div class=\"s-home-hero__text\">\n                <p>Spolu s nami zapoj\u00edte svoju spolo\u010dnos\u0165 do zlep\u0161enia pr\u00edstupu k zdravotnej starostlivosti na celom svete. Vybudovan\u00edm partnerstva s MAGNA zalo\u017een\u00e9ho na d\u00f4vere, efekt\u00edvnosti a transparentnosti zv\u00fd\u0161ite vplyv svojho podnikania. <\/p>\n            <\/div>\n        <\/div>\n    <\/div>\n<\/section>\n\n<div class=\"e-content-text\"><div class=\"e-content-text__inner\">\n<h2 class=\"has-text-align-center has-white-color has-vivid-red-background-color has-text-color has-background wp-block-heading\">Zme\u0148te svet s MAGNA. <br>Tu a teraz.<\/h2>\n<\/div><\/div>\n\n<section class=\"s-support hc-section-space--normal\">\n    <div class=\"s-support__header\">\n        <h1 class=\"s-support__title\">Tu s\u00fa niektor\u00e9 z na\u0161ich s\u00fa\u010dasn\u00fdch prior\u00edt<\/h1>\n        <div class=\"s-support__intro\">\n            <p>MAGNA poskytuje zdravotn\u00fa pomoc t\u00fdm, ktor\u00fdch \u017eivot alebo zdravie ohrozuj\u00fa ozbrojen\u00e9 konflikty, epid\u00e9mie alebo pr\u00edrodn\u00e9 katastrofy, Zdravotn\u00e1 asistencia v neist\u00fdch kontextoch je teda jadrom \u010dinnosti MAGNA, ktor\u00ed vo viac ako 15 krajin\u00e1ch poskytuj\u00fa \u0161irok\u00fa \u0161k\u00e1lu starostlivosti: o\u010dkovanie, lie\u010dba podv\u00fd\u017eivy, zdravie \u017eien, nemocni\u010dn\u00e9 programy, mana\u017ement infek\u010dn\u00fdch alebo chronick\u00fdch chor\u00f4b, du\u0161evn\u00e9 zdravie\u2026<\/p>\n\n        <\/div>\n    <\/div>\n    <div class=\"s-support__content\">\n        <div class=\"s-support__items\">\n            <div class=\"s-support__item \">\n                <article class=\"a-support\">\n    <a href=\"https:\/\/www.magna.org\/fr\/podvyziva\/\" target=\"\" class=\"a-support__link\"><\/a>\n        <div class=\"a-support__image\">\n            <div class=\"a-support__img\" style=\"background-image:url('https:\/\/www.magna.org\/fr\/wp-content\/uploads\/2022\/08\/homepage-kto-sme-meracia-paska.jpg');\"><\/div>\n        <\/div>\n    <div class=\"a-support__content\">\n        <h3 class=\"a-support__title\">Podv\u00fd\u017eiva<\/h3>\n        <div class=\"a-support__text\"><p>Jedno z 13 det\u00ed na na\u0161ej plan\u00e9te trp\u00ed hladom a podv\u00fd\u017eiva je pre medic\u00ednu viac\u00farov\u0148ov\u00fd probl\u00e9m. Ale u v\u00e4\u010d\u0161iny det\u00ed ak\u00fatnu podv\u00fd\u017eivu vylie\u010dime bez komplik\u00e1ci\u00ed za 8-12 t\u00fd\u017ed\u0148ov.<\/p>\n<\/div>\n    <\/div>\n    <div class=\"a-support__footer\">\n        <div class=\"a-support__cta\">\n            <a href=\"https:\/\/www.magna.org\/fr\/podvyziva\/\" target=\"\" class=\"e-btn e-btn--primary\"><span>Zisti\u0165 viac<\/span><i class=\"icon-heart\"><\/i><\/a>\n        <\/div>\n    <\/div>\n<\/article>\n            <\/div>\n            <div class=\"s-support__item \">\n                <article class=\"a-support\">\n    <a href=\"mailto:komunikacia@magna.org\" target=\"\" class=\"a-support__link\"><\/a>\n        <div class=\"a-support__image\">\n            <div class=\"a-support__img\" style=\"background-image:url('https:\/\/www.magna.org\/fr\/wp-content\/uploads\/2022\/08\/homepage-kto-sme-06.jpg');\"><\/div>\n        <\/div>\n    <div class=\"a-support__content\">\n        <h3 class=\"a-support__title\">Ute\u010denci<\/h3>\n        <div class=\"a-support__text\"><p>Vo svete, kde je jedna osoba n\u00e1silne vys\u00eddlen\u00e1 takmer ka\u017ed\u00e9 dve sekundy v d\u00f4sledku konfliktu alebo prenasledovania, je pomoc vys\u00eddlen\u00fdm \u013eu\u010fom a \u013eu\u010fom bez domova d\u00f4le\u017eitej\u0161ia ako kedyko\u013evek predt\u00fdm.<\/p>\n<\/div>\n    <\/div>\n    <div class=\"a-support__footer\">\n        <div class=\"a-support__cta\">\n            <a href=\"mailto:komunikacia@magna.org\" target=\"\" class=\"e-btn e-btn--primary\"><span>Kontaktujte n\u00e1s<\/span><i class=\"icon-heart\"><\/i><\/a>\n        <\/div>\n    <\/div>\n<\/article>\n            <\/div>\n            <div class=\"s-support__item \">\n                <article class=\"a-support\">\n    <a href=\"https:\/\/www.magna.org\/fr\/473-ukrajinskych-deti-neprezilo-15-miliona-je-v-ohrozeni-rok-vojny-na-ukrajine-co-robi-magna-co-mozete-spravit-vy\/\" target=\"\" class=\"a-support__link\"><\/a>\n        <div class=\"a-support__image\">\n            <div class=\"a-support__img\" style=\"background-image:url('https:\/\/www.magna.org\/fr\/wp-content\/uploads\/2022\/10\/homepage-ukrajina-ua-mobile-clinic-kharkhiv-2022-01-850x478.jpg');\"><\/div>\n        <\/div>\n    <div class=\"a-support__content\">\n        <h3 class=\"a-support__title\">Vojna na Ukrajine<\/h3>\n        <div class=\"a-support__text\"><p>Od za\u010diatku ruskej vojenskej agresie na Ukrajine zomrelo 473 ukrajinsk\u00fdch det\u00ed a \u010fal\u0161\u00edch 1,5 mili\u00f3na je ohrozen\u00fdch.<\/p>\n<\/div>\n    <\/div>\n    <div class=\"a-support__footer\">\n        <div class=\"a-support__cta\">\n            <a href=\"https:\/\/www.magna.org\/fr\/473-ukrajinskych-deti-neprezilo-15-miliona-je-v-ohrozeni-rok-vojny-na-ukrajine-co-robi-magna-co-mozete-spravit-vy\/\" target=\"\" class=\"e-btn e-btn--primary\"><span>Zisti\u0165 viac<\/span><i class=\"icon-heart\"><\/i><\/a>\n        <\/div>\n    <\/div>\n<\/article>\n            <\/div>\n            <div class=\"s-support__item \">\n                <article class=\"a-support\">\n    <a href=\"https:\/\/www.magna.org\/fr\/zdravie-matky\/\" target=\"\" class=\"a-support__link\"><\/a>\n        <div class=\"a-support__image\">\n            <div class=\"a-support__img\" style=\"background-image:url('https:\/\/www.magna.org\/fr\/wp-content\/uploads\/2022\/09\/homepage-co-robime-mb201911g6164.jpg');\"><\/div>\n        <\/div>\n    <div class=\"a-support__content\">\n        <h3 class=\"a-support__title\">Zdravie matky<\/h3>\n        <div class=\"a-support__text\"><p>Odhaduje sa, \u017ee 99 % \u017eien, ktor\u00e9 zomr\u00fa pri p\u00f4rode alebo na komplik\u00e1cie s\u00favisiace s tehotenstvom, \u017eije v rozvojov\u00fdch krajin\u00e1ch. V\u00e4\u010d\u0161ine z t\u00fdchto \u00famrt\u00ed sa d\u00e1 pred\u00eds\u0165.<\/p>\n<\/div>\n    <\/div>\n    <div class=\"a-support__footer\">\n        <div class=\"a-support__cta\">\n            <a href=\"https:\/\/www.magna.org\/fr\/zdravie-matky\/\" target=\"\" class=\"e-btn e-btn--primary\"><span>Zisti\u0165 viac<\/span><i class=\"icon-heart\"><\/i><\/a>\n        <\/div>\n    <\/div>\n<\/article>\n            <\/div>\n        <\/div>\n    <\/div>\n<\/section>\n\n<section class=\"s-home-focus hc-section-space--normal\">\n    <div class=\"s-home-focus__inner\">\n        <a href=\"mailto:komunikacia@magna.org\" class=\"s-home-focus__link\"><\/a>\n        <div class=\"s-home-focus__wrap\">\n            <div class=\"s-home-focus__image\">\n                <div class=\"s-home-focus__img\" style=\"background-image:url('https:\/\/www.magna.org\/fr\/wp-content\/uploads\/2022\/08\/homepage-kto-sme-lekar-1034x632.jpg')\"><\/div>\n            <\/div>\n            <div class=\"s-home-focus__content\">\n                <h2 class=\"s-home-focus__title\">Urobte z pr\u00edstupu k zdravotnej starostlivosti jeden zo svojich z\u00e1v\u00e4zkov<\/h2>\n                <div class=\"s-home-focus__text\">\n                    <p>V s\u00falade s va\u0161ou strat\u00e9giou a orient\u00e1ciou m\u00f4\u017eete podpori\u0165 \u010dinnos\u0165 MAGNA v jednej alebo viacer\u00fdch z t\u00fdchto po\u010detn\u00fdch oblast\u00ed intervencie. T\u00fdmto sp\u00f4sobom sa zdravie, a najm\u00e4 pr\u00edstup k zdravotnej starostlivosti pre v\u0161etk\u00fdch, st\u00e1va prioritou.<\/p>\n<p>Podpora programov, ktor\u00e9 prev\u00e1dzkuj\u00fa t\u00edmy MAGNA v oblasti zdravia, tie\u017e umo\u017e\u0148uje va\u0161ej spolo\u010dnosti zhmotni\u0165 svoj pr\u00edstup k soci\u00e1lnej zodpovednosti t\u00fdm, \u017ee sa z\u00fa\u010dastn\u00ed na humanit\u00e1rnej akcii s vysok\u00fdm dopadom.<\/p>\n\n                <\/div>\n                <div class=\"s-home-focus__btn\">\n                    <a href=\"mailto:komunikacia@magna.org\" class=\"e-btn e-btn--primary target=\"\"\"\">Kontaktujte n\u00e1s<\/a>\n                <\/div>\n            <\/div>\n        <\/div>\n    <\/div>\n<\/section>\n\n<section class=\"s-help hc-section-space--normal\">\n    <div class=\"s-help__inner\">\n        <h2 class=\"s-help__title\">Pozrite tie\u017e<\/h2>\n        <div class=\"s-help__content\">\n            <div class=\"s-help__items\">\n                <div class=\"s-help__item\">\n                    <article class=\"a-help\">\n                        <a href=\"https:\/\/www.magna.org\/fr\/podporte-nas\/firmy-a-nadacie\/podporte-konkretny-humanitarny-projekt\/\" target=\"\" class=\"a-help__link\"><\/a>\n                        <div class=\"a-help__content\">\n                            <h3 class=\"a-help__title\">Podporte konkr\u00e9tny projekt<\/h3>\n                            <div class=\"a-help__cta\">\n                                <a href=\"https:\/\/www.magna.org\/fr\/podporte-nas\/firmy-a-nadacie\/podporte-konkretny-humanitarny-projekt\/\" target=\"\" >Zisti\u0165 viac<\/a>\n                            <\/div>\n                        <\/div>\n                    <\/article>\n                <\/div>\n                <div class=\"s-help__item\">\n                    <article class=\"a-help\">\n                        <a href=\"https:\/\/www.magna.org\/fr\/podporte-nas\/firmy-a-nadacie\/mobilizujte-vasich-zamestnancov\/\" target=\"\" class=\"a-help__link\"><\/a>\n                        <div class=\"a-help__content\">\n                            <h3 class=\"a-help__title\">Mobilizujte va\u0161ich zamestnancov<\/h3>\n                            <div class=\"a-help__cta\">\n                                <a href=\"https:\/\/www.magna.org\/fr\/podporte-nas\/firmy-a-nadacie\/mobilizujte-vasich-zamestnancov\/\" target=\"\" >Zisti\u0165 viac<\/a>\n                            <\/div>\n                        <\/div>\n                    <\/article>\n                <\/div>\n                <div class=\"s-help__item\">\n                    <article class=\"a-help\">\n                        <a href=\"https:\/\/www.magna.org\/fr\/podporte-nas\/2-z-dane\/\" target=\"\" class=\"a-help__link\"><\/a>\n                        <div class=\"a-help__content\">\n                            <h3 class=\"a-help__title\">Darujte 2% z dane<\/h3>\n                            <div class=\"a-help__cta\">\n                                <a href=\"https:\/\/www.magna.org\/fr\/podporte-nas\/2-z-dane\/\" target=\"\" >Zisti\u0165 viac<\/a>\n                            <\/div>\n                        <\/div>\n                    <\/article>\n                <\/div>\n                <div class=\"s-help__item\">\n                    <article class=\"a-help\">\n                        <a href=\"https:\/\/www.magna.org\/fr\/podporte-nas\/firmy-a-nadacie\/mobilizujte-svojich-zakaznikov\/\" target=\"\" class=\"a-help__link\"><\/a>\n                        <div class=\"a-help__content\">\n                            <h3 class=\"a-help__title\">Mobilzujte va\u0161ich z\u00e1kazn\u00edkov<\/h3>\n                            <div class=\"a-help__cta\">\n                                <a href=\"https:\/\/www.magna.org\/fr\/podporte-nas\/firmy-a-nadacie\/mobilizujte-svojich-zakaznikov\/\" target=\"\" >Zisti\u0165 viac<\/a>\n                            <\/div>\n                        <\/div>\n                    <\/article>\n                <\/div>\n            <\/div>\n        <\/div>\n    <\/div>\n<\/section>\n\n<div class=\"e-content-text\"><div class=\"e-content-text__inner\">\n<h2 class=\"has-text-align-center wp-block-heading\">M\u00e1te \u010fa\u013e\u0161ie ot\u00e1zky alebo sa chcete zapoji\u0165?<\/h2>\n<\/div><\/div>\n\n<div class=\"e-content-text\"><div class=\"e-content-text__inner\">\n<p class=\"has-text-align-center\">Zavolajte na &nbsp;<a href=\"tel:+421907863612\">+421 907 863 612<\/a> alebo po\u0161lite e-mail na <a href=\"mailto:komunikacia@magna.org\">komunikacia@magna.or<\/a><a href=\"mailto:dar@magna.org\">g<\/a> a my v\u00e1m radi pom\u00f4\u017eeme.<\/p>\n<\/div><\/div>","protected":false},"excerpt":{"rendered":"<p>Chcete da\u0165 svoju filantropiu do slu\u017eieb humanit\u00e1rnych oper\u00e1ci\u00ed s vyskou efektivitou? Chcete dosiahnu\u0165 svoje ciele spolo\u010denskej zodpovednosti? Objavte rie\u0161enia, ktor\u00e9 pon\u00faka MAGNA, aby ste sa zapojili do n\u00e1\u0161ho boja za pr\u00edstup k zdravotnej starostlivosti pre v\u0161etk\u00fdch doma aj vo svete. Zme\u0148te svet s MAGNA. Tu a teraz. M\u00e1te \u010fa\u013e\u0161ie ot\u00e1zky alebo sa chcete zapoji\u0165? Zavolajte [&hellip;]<\/p>\n","protected":false},"author":2,"featured_media":0,"parent":2502,"menu_order":0,"comment_status":"closed","ping_status":"closed","template":"page-article.php","meta":{"_acf_changed":false,"inline_featured_image":false,"footnotes":""},"class_list":["post-1841","page","type-page","status-publish","hentry"],"acf":[],"yoast_head":"<!-- This site is optimized with the Yoast SEO plugin v24.3 - https:\/\/yoast.com\/wordpress\/plugins\/seo\/ -->\n<title>Spolo\u010densk\u00fd z\u00e1v\u00e4zok s MAGNA - Magna<\/title>\n<meta name=\"robots\" content=\"index, follow, max-snippet:-1, max-image-preview:large, max-video-preview:-1\" \/>\n<link rel=\"canonical\" href=\"https:\/\/www.magna.org\/fr\/sk\/podporte-nas\/firmy-a-nadacie\/spolocensky-zavazok-s-magna\/\" \/>\n<meta property=\"og:locale\" content=\"en_US\" \/>\n<meta property=\"og:type\" content=\"article\" \/>\n<meta property=\"og:title\" content=\"Spolo\u010densk\u00fd z\u00e1v\u00e4zok s MAGNA - Magna\" \/>\n<meta property=\"og:description\" content=\"Chcete da\u0165 svoju filantropiu do slu\u017eieb humanit\u00e1rnych oper\u00e1ci\u00ed s vyskou efektivitou? Chcete dosiahnu\u0165 svoje ciele spolo\u010denskej zodpovednosti? Objavte rie\u0161enia, ktor\u00e9 pon\u00faka MAGNA, aby ste sa zapojili do n\u00e1\u0161ho boja za pr\u00edstup k zdravotnej starostlivosti pre v\u0161etk\u00fdch doma aj vo svete. Zme\u0148te svet s MAGNA. Tu a teraz. M\u00e1te \u010fa\u013e\u0161ie ot\u00e1zky alebo sa chcete zapoji\u0165? Zavolajte [&hellip;]\" \/>\n<meta property=\"og:url\" content=\"https:\/\/www.magna.org\/fr\/sk\/podporte-nas\/firmy-a-nadacie\/spolocensky-zavazok-s-magna\/\" \/>\n<meta property=\"og:site_name\" content=\"Magna\" \/>\n<meta property=\"article:modified_time\" content=\"2023-03-20T09:13:22+00:00\" \/>\n<meta name=\"twitter:card\" content=\"summary_large_image\" \/>\n<meta name=\"twitter:label1\" content=\"Est. reading time\" \/>\n\t<meta name=\"twitter:data1\" content=\"1 minute\" \/>\n<script type=\"application\/ld+json\" class=\"yoast-schema-graph\">{\"@context\":\"https:\/\/schema.org\",\"@graph\":[{\"@type\":\"WebPage\",\"@id\":\"https:\/\/www.magna.org\/fr\/sk\/podporte-nas\/firmy-a-nadacie\/spolocensky-zavazok-s-magna\/\",\"url\":\"https:\/\/www.magna.org\/fr\/sk\/podporte-nas\/firmy-a-nadacie\/spolocensky-zavazok-s-magna\/\",\"name\":\"Spolo\u010densk\u00fd z\u00e1v\u00e4zok s MAGNA - Magna\",\"isPartOf\":{\"@id\":\"https:\/\/www.magna.org\/fr\/#website\"},\"datePublished\":\"2022-10-20T05:12:57+00:00\",\"dateModified\":\"2023-03-20T09:13:22+00:00\",\"breadcrumb\":{\"@id\":\"https:\/\/www.magna.org\/fr\/sk\/podporte-nas\/firmy-a-nadacie\/spolocensky-zavazok-s-magna\/#breadcrumb\"},\"inLanguage\":\"en-US\",\"potentialAction\":[{\"@type\":\"ReadAction\",\"target\":[\"https:\/\/www.magna.org\/fr\/sk\/podporte-nas\/firmy-a-nadacie\/spolocensky-zavazok-s-magna\/\"]}]},{\"@type\":\"BreadcrumbList\",\"@id\":\"https:\/\/www.magna.org\/fr\/sk\/podporte-nas\/firmy-a-nadacie\/spolocensky-zavazok-s-magna\/#breadcrumb\",\"itemListElement\":[{\"@type\":\"ListItem\",\"position\":1,\"name\":\"Home\",\"item\":\"https:\/\/www.magna.org\/fr\/sk\/\"},{\"@type\":\"ListItem\",\"position\":2,\"name\":\"Podporte n\u00e1s\",\"item\":\"https:\/\/www.magna.org\/fr\/sk\/podporte-nas\/\"},{\"@type\":\"ListItem\",\"position\":3,\"name\":\"Firmy a Nad\u00e1cie\",\"item\":\"https:\/\/www.magna.org\/fr\/sk\/podporte-nas\/firmy-a-nadacie\/\"},{\"@type\":\"ListItem\",\"position\":4,\"name\":\"Spolo\u010densk\u00fd z\u00e1v\u00e4zok s MAGNA\"}]},{\"@type\":\"WebSite\",\"@id\":\"https:\/\/www.magna.org\/fr\/#website\",\"url\":\"https:\/\/www.magna.org\/fr\/\",\"name\":\"Magna\",\"description\":\"Just another WordPress site\",\"potentialAction\":[{\"@type\":\"SearchAction\",\"target\":{\"@type\":\"EntryPoint\",\"urlTemplate\":\"https:\/\/www.magna.org\/fr\/?s={search_term_string}\"},\"query-input\":{\"@type\":\"PropertyValueSpecification\",\"valueRequired\":true,\"valueName\":\"search_term_string\"}}],\"inLanguage\":\"en-US\"}]}<\/script>\n<!-- \/ Yoast SEO plugin. -->","yoast_head_json":{"title":"Spolo\u010densk\u00fd z\u00e1v\u00e4zok s MAGNA - Magna","robots":{"index":"index","follow":"follow","max-snippet":"max-snippet:-1","max-image-preview":"max-image-preview:large","max-video-preview":"max-video-preview:-1"},"canonical":"https:\/\/www.magna.org\/fr\/sk\/podporte-nas\/firmy-a-nadacie\/spolocensky-zavazok-s-magna\/","og_locale":"en_US","og_type":"article","og_title":"Spolo\u010densk\u00fd z\u00e1v\u00e4zok s MAGNA - Magna","og_description":"Chcete da\u0165 svoju filantropiu do slu\u017eieb humanit\u00e1rnych oper\u00e1ci\u00ed s vyskou efektivitou? Chcete dosiahnu\u0165 svoje ciele spolo\u010denskej zodpovednosti? Objavte rie\u0161enia, ktor\u00e9 pon\u00faka MAGNA, aby ste sa zapojili do n\u00e1\u0161ho boja za pr\u00edstup k zdravotnej starostlivosti pre v\u0161etk\u00fdch doma aj vo svete. Zme\u0148te svet s MAGNA. Tu a teraz. M\u00e1te \u010fa\u013e\u0161ie ot\u00e1zky alebo sa chcete zapoji\u0165? Zavolajte [&hellip;]","og_url":"https:\/\/www.magna.org\/fr\/sk\/podporte-nas\/firmy-a-nadacie\/spolocensky-zavazok-s-magna\/","og_site_name":"Magna","article_modified_time":"2023-03-20T09:13:22+00:00","twitter_card":"summary_large_image","twitter_misc":{"Est. reading time":"1 minute"},"schema":{"@context":"https:\/\/schema.org","@graph":[{"@type":"WebPage","@id":"https:\/\/www.magna.org\/fr\/sk\/podporte-nas\/firmy-a-nadacie\/spolocensky-zavazok-s-magna\/","url":"https:\/\/www.magna.org\/fr\/sk\/podporte-nas\/firmy-a-nadacie\/spolocensky-zavazok-s-magna\/","name":"Spolo\u010densk\u00fd z\u00e1v\u00e4zok s MAGNA - Magna","isPartOf":{"@id":"https:\/\/www.magna.org\/fr\/#website"},"datePublished":"2022-10-20T05:12:57+00:00","dateModified":"2023-03-20T09:13:22+00:00","breadcrumb":{"@id":"https:\/\/www.magna.org\/fr\/sk\/podporte-nas\/firmy-a-nadacie\/spolocensky-zavazok-s-magna\/#breadcrumb"},"inLanguage":"en-US","potentialAction":[{"@type":"ReadAction","target":["https:\/\/www.magna.org\/fr\/sk\/podporte-nas\/firmy-a-nadacie\/spolocensky-zavazok-s-magna\/"]}]},{"@type":"BreadcrumbList","@id":"https:\/\/www.magna.org\/fr\/sk\/podporte-nas\/firmy-a-nadacie\/spolocensky-zavazok-s-magna\/#breadcrumb","itemListElement":[{"@type":"ListItem","position":1,"name":"Home","item":"https:\/\/www.magna.org\/fr\/sk\/"},{"@type":"ListItem","position":2,"name":"Podporte n\u00e1s","item":"https:\/\/www.magna.org\/fr\/sk\/podporte-nas\/"},{"@type":"ListItem","position":3,"name":"Firmy a Nad\u00e1cie","item":"https:\/\/www.magna.org\/fr\/sk\/podporte-nas\/firmy-a-nadacie\/"},{"@type":"ListItem","position":4,"name":"Spolo\u010densk\u00fd z\u00e1v\u00e4zok s MAGNA"}]},{"@type":"WebSite","@id":"https:\/\/www.magna.org\/fr\/#website","url":"https:\/\/www.magna.org\/fr\/","name":"Magna","description":"Just another WordPress site","potentialAction":[{"@type":"SearchAction","target":{"@type":"EntryPoint","urlTemplate":"https:\/\/www.magna.org\/fr\/?s={search_term_string}"},"query-input":{"@type":"PropertyValueSpecification","valueRequired":true,"valueName":"search_term_string"}}],"inLanguage":"en-US"}]}},"_links":{"self":[{"href":"https:\/\/www.magna.org\/fr\/wp-json\/wp\/v2\/pages\/1841","targetHints":{"allow":["GET"]}}],"collection":[{"href":"https:\/\/www.magna.org\/fr\/wp-json\/wp\/v2\/pages"}],"about":[{"href":"https:\/\/www.magna.org\/fr\/wp-json\/wp\/v2\/types\/page"}],"author":[{"embeddable":true,"href":"https:\/\/www.magna.org\/fr\/wp-json\/wp\/v2\/users\/2"}],"replies":[{"embeddable":true,"href":"https:\/\/www.magna.org\/fr\/wp-json\/wp\/v2\/comments?post=1841"}],"version-history":[{"count":296,"href":"https:\/\/www.magna.org\/fr\/wp-json\/wp\/v2\/pages\/1841\/revisions"}],"predecessor-version":[{"id":12767,"href":"https:\/\/www.magna.org\/fr\/wp-json\/wp\/v2\/pages\/1841\/revisions\/12767"}],"up":[{"embeddable":true,"href":"https:\/\/www.magna.org\/fr\/wp-json\/wp\/v2\/pages\/2502"}],"wp:attachment":[{"href":"https:\/\/www.magna.org\/fr\/wp-json\/wp\/v2\/media?parent=1841"}],"curies":[{"name":"wp","href":"https:\/\/api.w.org\/{rel}","templated":true}]}}