{"id":2529,"date":"2022-11-06T09:44:10","date_gmt":"2022-11-06T09:44:10","guid":{"rendered":"https:\/\/www.magna.org\/fr\/?page_id=2529"},"modified":"2022-12-05T17:52:21","modified_gmt":"2022-12-05T17:52:21","slug":"mobilizujte-svojich-zakaznikov","status":"publish","type":"page","link":"https:\/\/www.magna.org\/fr\/sk\/podporte-nas\/firmy-a-nadacie\/mobilizujte-svojich-zakaznikov\/","title":{"rendered":"Mobilizujte svojich z\u00e1kazn\u00edkov"},"content":{"rendered":"<div class=\"e-content-text\"><div class=\"e-content-text__inner\">\n<p class=\"has-text-align-center\">Chcete da\u0165 svoju filantropiu do slu\u017eieb humanit\u00e1rnych akci\u00ed s vysok\u00fdm dosahom? Chcete dosiahnu\u0165 svoje ciele spolo\u010denskej zodpovednosti? Objavte rie\u0161enia, ktor\u00e9 pon\u00faka MAGNA, aby ste sa zapojili do n\u00e1\u0161ho boja za pr\u00edstup k zdravotnej starostlivosti pre v\u0161etk\u00fdch doma aj vo svete.<\/p>\n<\/div><\/div>\n\n<section class=\"s-home-hero s-home-hero--dark hc-section-space--normal\">\n    <div class=\"s-home-hero__inner\">\n        <div class=\"s-home-hero__media\">\n            <img loading=\"lazy\" decoding=\"async\" width=\"698\" height=\"524\" src=\"https:\/\/www.magna.org\/fr\/wp-content\/uploads\/2022\/12\/homepage-firmy-a-nadacie-mb200927g0619-698x524.jpg\" class=\"attachment-magna-hero size-magna-hero\" alt=\"\" srcset=\"https:\/\/www.magna.org\/fr\/wp-content\/uploads\/2022\/12\/homepage-firmy-a-nadacie-mb200927g0619-698x524.jpg 698w, https:\/\/www.magna.org\/fr\/wp-content\/uploads\/2022\/12\/homepage-firmy-a-nadacie-mb200927g0619-1396x1048.jpg 1396w\" sizes=\"auto, (max-width: 698px) 100vw, 698px\" \/>\n        <\/div>\n        <div class=\"s-home-hero__content\">\n            <h2 class=\"s-home-hero__title\">Pre\u010do MAGNA?<\/h2>\n            <div class=\"s-home-hero__text\">\n                <p>Spolu s nami zapoj\u00edte svoju spolo\u010dnos\u0165 do zlep\u0161enia pr\u00edstupu k zdravotnej starostlivosti na celom svete. Vybudovan\u00edm partnerstva s MAGNA zalo\u017een\u00e9ho na d\u00f4vere, efekt\u00edvnosti a transparentnosti zv\u00fd\u0161ite vplyv svojho podnikania. <\/p>\n            <\/div>\n        <\/div>\n    <\/div>\n<\/section>\n\n<div class=\"e-content-text\"><div class=\"e-content-text__inner\">\n<h2 class=\"wp-block-heading\">Pre\u010do mobilizova\u0165 va\u0161ich z\u00e1kazn\u00edkov?<\/h2>\n<\/div><\/div>\n\n<div class=\"e-content-text\"><div class=\"e-content-text__inner\">\n<p>Prostredn\u00edctvom svojej marketingovej komunik\u00e1cie zdie\u013eate so svojimi z\u00e1kazn\u00edkmi svoj z\u00e1v\u00e4zok spolo\u010denskej zodpovednosti, ktor\u00fa ste spojili s MAGNA. Posilnite d\u00f4veru a lojalitu svojich z\u00e1kazn\u00edkov.<\/p>\n<\/div><\/div>\n\n<div class=\"e-content-text\"><div class=\"e-content-text__inner\">\n<p>Ponukou nov\u00fdch produktov, zv\u00fd\u0161ite solidaritu a t\u00fdm oslov\u00edte nov\u00e9 publikum.<\/p>\n<\/div><\/div>\n\n<div class=\"e-content-text\"><div class=\"e-content-text__inner\">\n<p>Spotrebitelia \u010doraz viac o\u010dak\u00e1vaj\u00fa od zna\u010diek konkr\u00e9tny spolo\u010densk\u00fd z\u00e1v\u00e4zok. Pon\u00faknite svojim z\u00e1kazn\u00edkom pr\u00edle\u017eitos\u0165 na zodpovedn\u00e9 n\u00e1kupy, ktor\u00e9 pom\u00e1haju k z\u00e1chrane \u017eivotov s MAGNA.<\/p>\n<\/div><\/div>\n\n<div class=\"e-content-media e-content-media--md\">\n            <img loading=\"lazy\" decoding=\"async\" width=\"1058\" height=\"1058\" src=\"https:\/\/www.magna.org\/fr\/wp-content\/uploads\/2022\/12\/homepage-najdite-si-poziciu-mb2013012m0339-1058x1058.jpg\" class=\"attachment-magna-md size-magna-md\" alt=\"\" srcset=\"https:\/\/www.magna.org\/fr\/wp-content\/uploads\/2022\/12\/homepage-najdite-si-poziciu-mb2013012m0339-1058x1058.jpg 1058w, https:\/\/www.magna.org\/fr\/wp-content\/uploads\/2022\/12\/homepage-najdite-si-poziciu-mb2013012m0339-300x300.jpg 300w, https:\/\/www.magna.org\/fr\/wp-content\/uploads\/2022\/12\/homepage-najdite-si-poziciu-mb2013012m0339-1024x1024.jpg 1024w, https:\/\/www.magna.org\/fr\/wp-content\/uploads\/2022\/12\/homepage-najdite-si-poziciu-mb2013012m0339-150x150.jpg 150w, https:\/\/www.magna.org\/fr\/wp-content\/uploads\/2022\/12\/homepage-najdite-si-poziciu-mb2013012m0339-768x768.jpg 768w, https:\/\/www.magna.org\/fr\/wp-content\/uploads\/2022\/12\/homepage-najdite-si-poziciu-mb2013012m0339-552x552.jpg 552w, https:\/\/www.magna.org\/fr\/wp-content\/uploads\/2022\/12\/homepage-najdite-si-poziciu-mb2013012m0339-384x384.jpg 384w, https:\/\/www.magna.org\/fr\/wp-content\/uploads\/2022\/12\/homepage-najdite-si-poziciu-mb2013012m0339-676x676.jpg 676w, https:\/\/www.magna.org\/fr\/wp-content\/uploads\/2022\/12\/homepage-najdite-si-poziciu-mb2013012m0339-468x468.jpg 468w, https:\/\/www.magna.org\/fr\/wp-content\/uploads\/2022\/12\/homepage-najdite-si-poziciu-mb2013012m0339.jpg 1200w\" sizes=\"auto, (max-width: 1058px) 100vw, 1058px\" \/>\n    <div class=\"e-content-media__caption\">ZAMBIA. Copyright Martin Band\u017e\u00e1k\/MAGNA<\/div>\n<\/div>\n\n<div class=\"e-content-text\"><div class=\"e-content-text__inner\">\n<h2 class=\"wp-block-heading\">Ve\u013ea pr\u00edle\u017eitost\u00ed ako sa anga\u017eova\u0165<\/h2>\n<\/div><\/div>\n\n<div class=\"e-content-text\"><div class=\"e-content-text__inner\">\n<p class=\"has-vivid-red-color has-text-color has-medium-font-size\">Rozv\u00edjajte zdie\u013eanie produktov<\/p>\n<\/div><\/div>\n\n<div class=\"e-content-text\"><div class=\"e-content-text__inner\">\n<p>Po\u010das cel\u00e9ho roka alebo po\u010das dan\u00e9ho obdobia venujete \u010das\u0165 svojich predajov MAGNA. M\u00f4\u017ee sa to t\u00fdka\u0165 cel\u00e9ho sortimentu alebo ur\u010dit\u00fdch produktov alebo slu\u017eieb. Pre va\u0161ich z\u00e1kazn\u00edkov je va\u0161a zna\u010dka o to atrakt\u00edvnej\u0161ia, \u017ee je anga\u017eovan\u00e1.<\/p>\n<\/div><\/div>\n\n<div class=\"e-content-text\"><div class=\"e-content-text__inner\">\n<p class=\"has-vivid-red-color has-text-color has-medium-font-size\">Pon\u00faknite mikrodarcovstvo<\/p>\n<\/div><\/div>\n\n<div class=\"e-content-text\"><div class=\"e-content-text__inner\">\n<p>V\u010faka technick\u00fdm rie\u0161eniam na k\u013e\u00fa\u010d pon\u00fakate svojim z\u00e1kazn\u00edkom mo\u017enos\u0165 pridania daru vo v\u00fd\u0161ke nieko\u013ek\u00fdch eur alebo centov pri platbe pri pokladni alebo online. Pre nich je to mal\u00e1 suma, pre t\u00edmy MAGNA m\u00f4\u017ee mno\u017estvo mal\u00fdch darov skuto\u010dne financova\u0165 rozsiahly projekt na pomoc pri z\u00e1chrane \u017eivotov.<\/p>\n<\/div><\/div>\n\n<div class=\"e-content-text\"><div class=\"e-content-text__inner\">\n<p class=\"has-vivid-red-color has-text-color has-medium-font-size\">Zn\u00e1sobte dary od va\u0161ich z\u00e1kazn\u00edkov<\/p>\n<\/div><\/div>\n\n<div class=\"e-content-text\"><div class=\"e-content-text__inner\">\n<p>Zn\u00e1sobte z\u00edskan\u00e9 finan\u010dn\u00e9 prostriedky pre t\u00edmy MAGNA a to dorovnan\u00edm darov od va\u0161ich z\u00e1kazn\u00edkov. Uk\u00e1\u017ete im, \u017ee skuto\u010dnosti, na ktor\u00fdch im z\u00e1le\u017e\u00ed, s\u00fa pre v\u00e1s d\u00f4le\u017eit\u00e9.<\/p>\n<\/div><\/div>\n\n<div class=\"e-content-text\"><div class=\"e-content-text__inner\">\n<p class=\"has-vivid-red-color has-text-color has-medium-font-size\">Integrujte MAGNA do svojich vernostn\u00fdch programov<\/p>\n<\/div><\/div>\n\n<div class=\"e-content-text\"><div class=\"e-content-text__inner\">\n<p>Namiesto toho, aby ste ich premenili na dar\u010deky alebo pouk\u00e1\u017eky, pon\u00faknite svojim z\u00e1kazn\u00edkom, aby svoje vernostn\u00e9 body venovali t\u00edmom MAGNA a premenili ich na dar.<\/p>\n<\/div><\/div>\n\n<section class=\"s-articles s-articles--2 s-articles--container\">\n    <div class=\"s-articles__inner\">\n        <h2 class=\"s-articles__title\">Na\u0161e oblasti p\u00f4sobenia<\/h2>\n        <div class=\"s-articles__content\">\n            <div class=\"s-articles__items\">\n                <div class=\"s-articles__item\">\n                    <article class=\"a-job\">\n    <div class=\"a-job__image\">\n        <div class=\"a-job__img\" style=\"background-image:url('https:\/\/www.magna.org\/fr\/wp-content\/uploads\/2022\/11\/homepage-zdravie-dietata-mb200806g0263.jpg');\"><\/div>\n    <\/div>\n    <div class=\"a-job__content\">\n        <h3 class=\"a-job__title\">Zdravie det\u00ed<\/h3>\n    <\/div>\n<\/article>\n                <\/div>\n                <div class=\"s-articles__item\">\n                    <article class=\"a-job\">\n    <div class=\"a-job__image\">\n        <div class=\"a-job__img\" style=\"background-image:url('https:\/\/www.magna.org\/fr\/wp-content\/uploads\/2022\/11\/homepage-sexualne-nasilie-mb2015008g0659-1.jpg');\"><\/div>\n    <\/div>\n    <div class=\"a-job__content\">\n        <h3 class=\"a-job__title\">N\u00e1silie na \u017een\u00e1ch<\/h3>\n    <\/div>\n<\/article>\n                <\/div>\n                <div class=\"s-articles__item\">\n                    <article class=\"a-job\">\n    <div class=\"a-job__image\">\n        <div class=\"a-job__img\" style=\"background-image:url('https:\/\/www.magna.org\/fr\/wp-content\/uploads\/2022\/11\/homepage-podvyziva-mb201911g5555.jpg');\"><\/div>\n    <\/div>\n    <div class=\"a-job__content\">\n        <h3 class=\"a-job__title\">Hlad a podv\u00fd\u017eiva<\/h3>\n    <\/div>\n<\/article>\n                <\/div>\n                <div class=\"s-articles__item\">\n                    <article class=\"a-job\">\n    <div class=\"a-job__image\">\n        <div class=\"a-job__img\" style=\"background-image:url('https:\/\/www.magna.org\/fr\/wp-content\/uploads\/2006\/01\/homepage-kambodza-pediatricka-starostlivost-v-takhmau-mb200708g0088.jpg');\"><\/div>\n    <\/div>\n    <div class=\"a-job__content\">\n        <h3 class=\"a-job__title\">Inov\u00e1cie v zdravotn\u00edctve<\/h3>\n    <\/div>\n<\/article>\n                <\/div>\n            <\/div>\n        <\/div>\n    <\/div>\n<\/section>\n\n<div class=\"e-content-text\"><div class=\"e-content-text__inner\">\n<h2 class=\"has-text-align-left wp-block-heading\">Pr\u00edklad spolupr\u00e1ce &#8211; BUBO<\/h2>\n<\/div><\/div>\n\n<div class=\"e-content-text\"><div class=\"e-content-text__inner\">\n<p>V\u00e1\u0161 dar n\u00e1m pom\u00f4\u017ee poskytn\u00fa\u0165 jedlo, lek\u00e1rsku starostlivos\u0165 a n\u00fadzov\u00e9 podporn\u00e9 slu\u017eby rodin\u00e1m, ktor\u00fdch \u017eivoty s\u00fa zni\u010den\u00e9 konfliktom. \u00da\u010das\u0165ou na z\u00e1jazde s BUBO m\u00f4\u017eete podpori\u0165 t\u00fdchto \u013eud\u00ed sumou 15 eur. T\u00e1to suma ide priamo na pomoc Ukrajincom v napadnut\u00fdch oblastiach, preto v\u00e1s pros\u00edme o pochopenie, \u017ee pr\u00edspevok MAGNA je nevratn\u00fd.<\/p>\n<\/div><\/div>\n\n<div class=\"e-content-cite\">\n    <blockquote class=\"e-content-cite__wrap\">\n        <div class=\"e-content-cite__text\">Martina a Denisu z MAGNA pozn\u00e1m u\u017e 20 rokov ako neuverite\u013ene \u0161\u013eachetn\u00fdch a \u010destn\u00fdch \u013eud\u00ed. Pom\u00e1haj\u00fa tam, kde je naozaj zle. Aj teraz ich t\u00edm p\u00f4sob\u00ed priamo v oblastiach, kde sa bojuje, a pom\u00e1ha tak t\u00fdm najzranite\u013enej\u0161\u00edm. Pova\u017eujem za svoju \u010des\u0165 m\u00f4c\u0165 ich v tejto udatnej pr\u00e1ci podpori\u0165.<\/div>\n        <div class=\"e-content-cite__author\">Lubo\u0161 Fellner, BUBO<\/div>\n    <\/blockquote>\n<\/div>\n\n<section class=\"s-help hc-section-space--normal\">\n    <div class=\"s-help__inner\">\n        <h2 class=\"s-help__title\">Pozrite tie\u017e<\/h2>\n        <div class=\"s-help__content\">\n            <div class=\"s-help__items\">\n                <div class=\"s-help__item\">\n                    <article class=\"a-help\">\n                        <a href=\"https:\/\/www.magna.org\/fr\/podporte-nas\/firmy-a-nadacie\/podporte-konkretny-humanitarny-projekt\/\" target=\"\" class=\"a-help__link\"><\/a>\n                        <div class=\"a-help__content\">\n                            <h3 class=\"a-help__title\">Podporte konkr\u00e9tny projekt<\/h3>\n                            <div class=\"a-help__cta\">\n                                <a href=\"https:\/\/www.magna.org\/fr\/podporte-nas\/firmy-a-nadacie\/podporte-konkretny-humanitarny-projekt\/\" target=\"\" >Zisti\u0165 viac<\/a>\n                            <\/div>\n                        <\/div>\n                    <\/article>\n                <\/div>\n                <div class=\"s-help__item\">\n                    <article class=\"a-help\">\n                        <a href=\"https:\/\/www.magna.org\/fr\/podporte-nas\/firmy-a-nadacie\/spolocensky-zavazok-s-magna\/\" target=\"\" class=\"a-help__link\"><\/a>\n                        <div class=\"a-help__content\">\n                            <h3 class=\"a-help__title\">Zme\u0148te svet s MAGNA<\/h3>\n                            <div class=\"a-help__cta\">\n                                <a href=\"https:\/\/www.magna.org\/fr\/podporte-nas\/firmy-a-nadacie\/spolocensky-zavazok-s-magna\/\" target=\"\" >Zisti\u0165 viac<\/a>\n                            <\/div>\n                        <\/div>\n                    <\/article>\n                <\/div>\n                <div class=\"s-help__item\">\n                    <article class=\"a-help\">\n                        <a href=\"https:\/\/www.magna.org\/fr\/podporte-nas\/2-z-dane\/\" target=\"\" class=\"a-help__link\"><\/a>\n                        <div class=\"a-help__content\">\n                            <h3 class=\"a-help__title\">Darujte 2% z dane<\/h3>\n                            <div class=\"a-help__cta\">\n                                <a href=\"https:\/\/www.magna.org\/fr\/podporte-nas\/2-z-dane\/\" target=\"\" >Zisti\u0165 viac<\/a>\n                            <\/div>\n                        <\/div>\n                    <\/article>\n                <\/div>\n                <div class=\"s-help__item\">\n                    <article class=\"a-help\">\n                        <a href=\"https:\/\/www.magna.org\/fr\/podporte-nas\/firmy-a-nadacie\/mobilizujte-vasich-zamestnancov\/\" target=\"\" class=\"a-help__link\"><\/a>\n                        <div class=\"a-help__content\">\n                            <h3 class=\"a-help__title\">Mobilzujte va\u0161ich zamestnancov<\/h3>\n                            <div class=\"a-help__cta\">\n                                <a href=\"https:\/\/www.magna.org\/fr\/podporte-nas\/firmy-a-nadacie\/mobilizujte-vasich-zamestnancov\/\" target=\"\" >Zisti\u0165 viac<\/a>\n                            <\/div>\n                        <\/div>\n                    <\/article>\n                <\/div>\n            <\/div>\n        <\/div>\n    <\/div>\n<\/section>\n\n<div class=\"e-content-text\"><div class=\"e-content-text__inner\">\n<h2 class=\"has-text-align-center wp-block-heading\">M\u00e1te \u010fa\u013e\u0161ie ot\u00e1zky alebo sa chcete zapoji\u0165?<\/h2>\n<\/div><\/div>\n\n<div class=\"e-content-text\"><div class=\"e-content-text__inner\">\n<p class=\"has-text-align-center\">Zavolajte na \u00a0<a href=\"tel:+421907863612\">+421 907 863 612<\/a> alebo po\u0161lite e-mail na <a href=\"mailto:komunikacia@magna.org\">komunikacia@magna.org<\/a> a my v\u00e1m radi pom\u00f4\u017eeme.<\/p>\n<\/div><\/div>","protected":false},"excerpt":{"rendered":"<p>Chcete da\u0165 svoju filantropiu do slu\u017eieb humanit\u00e1rnych akci\u00ed s vysok\u00fdm dosahom? Chcete dosiahnu\u0165 svoje ciele spolo\u010denskej zodpovednosti? Objavte rie\u0161enia, ktor\u00e9 pon\u00faka MAGNA, aby ste sa zapojili do n\u00e1\u0161ho boja za pr\u00edstup k zdravotnej starostlivosti pre v\u0161etk\u00fdch doma aj vo svete. Pre\u010do mobilizova\u0165 va\u0161ich z\u00e1kazn\u00edkov? Prostredn\u00edctvom svojej marketingovej komunik\u00e1cie zdie\u013eate so svojimi z\u00e1kazn\u00edkmi svoj z\u00e1v\u00e4zok spolo\u010denskej [&hellip;]<\/p>\n","protected":false},"author":2,"featured_media":0,"parent":2502,"menu_order":1,"comment_status":"closed","ping_status":"closed","template":"page-article.php","meta":{"_acf_changed":false,"inline_featured_image":false,"footnotes":""},"class_list":["post-2529","page","type-page","status-publish","hentry"],"acf":[],"yoast_head":"<!-- This site is optimized with the Yoast SEO plugin v24.3 - https:\/\/yoast.com\/wordpress\/plugins\/seo\/ -->\n<title>Mobilizujte svojich z\u00e1kazn\u00edkov - Magna<\/title>\n<meta name=\"robots\" content=\"index, follow, max-snippet:-1, max-image-preview:large, max-video-preview:-1\" \/>\n<link rel=\"canonical\" href=\"https:\/\/www.magna.org\/fr\/sk\/podporte-nas\/firmy-a-nadacie\/mobilizujte-svojich-zakaznikov\/\" \/>\n<meta property=\"og:locale\" content=\"en_US\" \/>\n<meta property=\"og:type\" content=\"article\" \/>\n<meta property=\"og:title\" content=\"Mobilizujte svojich z\u00e1kazn\u00edkov - Magna\" \/>\n<meta property=\"og:description\" content=\"Chcete da\u0165 svoju filantropiu do slu\u017eieb humanit\u00e1rnych akci\u00ed s vysok\u00fdm dosahom? Chcete dosiahnu\u0165 svoje ciele spolo\u010denskej zodpovednosti? Objavte rie\u0161enia, ktor\u00e9 pon\u00faka MAGNA, aby ste sa zapojili do n\u00e1\u0161ho boja za pr\u00edstup k zdravotnej starostlivosti pre v\u0161etk\u00fdch doma aj vo svete. Pre\u010do mobilizova\u0165 va\u0161ich z\u00e1kazn\u00edkov? Prostredn\u00edctvom svojej marketingovej komunik\u00e1cie zdie\u013eate so svojimi z\u00e1kazn\u00edkmi svoj z\u00e1v\u00e4zok spolo\u010denskej [&hellip;]\" \/>\n<meta property=\"og:url\" content=\"https:\/\/www.magna.org\/fr\/sk\/podporte-nas\/firmy-a-nadacie\/mobilizujte-svojich-zakaznikov\/\" \/>\n<meta property=\"og:site_name\" content=\"Magna\" \/>\n<meta property=\"article:modified_time\" content=\"2022-12-05T17:52:21+00:00\" \/>\n<meta name=\"twitter:card\" content=\"summary_large_image\" \/>\n<meta name=\"twitter:label1\" content=\"Est. reading time\" \/>\n\t<meta name=\"twitter:data1\" content=\"2 minutes\" \/>\n<script type=\"application\/ld+json\" class=\"yoast-schema-graph\">{\"@context\":\"https:\/\/schema.org\",\"@graph\":[{\"@type\":\"WebPage\",\"@id\":\"https:\/\/www.magna.org\/fr\/sk\/podporte-nas\/firmy-a-nadacie\/mobilizujte-svojich-zakaznikov\/\",\"url\":\"https:\/\/www.magna.org\/fr\/sk\/podporte-nas\/firmy-a-nadacie\/mobilizujte-svojich-zakaznikov\/\",\"name\":\"Mobilizujte svojich z\u00e1kazn\u00edkov - Magna\",\"isPartOf\":{\"@id\":\"https:\/\/www.magna.org\/fr\/#website\"},\"datePublished\":\"2022-11-06T09:44:10+00:00\",\"dateModified\":\"2022-12-05T17:52:21+00:00\",\"breadcrumb\":{\"@id\":\"https:\/\/www.magna.org\/fr\/sk\/podporte-nas\/firmy-a-nadacie\/mobilizujte-svojich-zakaznikov\/#breadcrumb\"},\"inLanguage\":\"en-US\",\"potentialAction\":[{\"@type\":\"ReadAction\",\"target\":[\"https:\/\/www.magna.org\/fr\/sk\/podporte-nas\/firmy-a-nadacie\/mobilizujte-svojich-zakaznikov\/\"]}]},{\"@type\":\"BreadcrumbList\",\"@id\":\"https:\/\/www.magna.org\/fr\/sk\/podporte-nas\/firmy-a-nadacie\/mobilizujte-svojich-zakaznikov\/#breadcrumb\",\"itemListElement\":[{\"@type\":\"ListItem\",\"position\":1,\"name\":\"Home\",\"item\":\"https:\/\/www.magna.org\/fr\/sk\/\"},{\"@type\":\"ListItem\",\"position\":2,\"name\":\"Podporte n\u00e1s\",\"item\":\"https:\/\/www.magna.org\/fr\/sk\/podporte-nas\/\"},{\"@type\":\"ListItem\",\"position\":3,\"name\":\"Firmy a Nad\u00e1cie\",\"item\":\"https:\/\/www.magna.org\/fr\/sk\/podporte-nas\/firmy-a-nadacie\/\"},{\"@type\":\"ListItem\",\"position\":4,\"name\":\"Mobilizujte svojich z\u00e1kazn\u00edkov\"}]},{\"@type\":\"WebSite\",\"@id\":\"https:\/\/www.magna.org\/fr\/#website\",\"url\":\"https:\/\/www.magna.org\/fr\/\",\"name\":\"Magna\",\"description\":\"Just another WordPress site\",\"potentialAction\":[{\"@type\":\"SearchAction\",\"target\":{\"@type\":\"EntryPoint\",\"urlTemplate\":\"https:\/\/www.magna.org\/fr\/?s={search_term_string}\"},\"query-input\":{\"@type\":\"PropertyValueSpecification\",\"valueRequired\":true,\"valueName\":\"search_term_string\"}}],\"inLanguage\":\"en-US\"}]}<\/script>\n<!-- \/ Yoast SEO plugin. -->","yoast_head_json":{"title":"Mobilizujte svojich z\u00e1kazn\u00edkov - Magna","robots":{"index":"index","follow":"follow","max-snippet":"max-snippet:-1","max-image-preview":"max-image-preview:large","max-video-preview":"max-video-preview:-1"},"canonical":"https:\/\/www.magna.org\/fr\/sk\/podporte-nas\/firmy-a-nadacie\/mobilizujte-svojich-zakaznikov\/","og_locale":"en_US","og_type":"article","og_title":"Mobilizujte svojich z\u00e1kazn\u00edkov - Magna","og_description":"Chcete da\u0165 svoju filantropiu do slu\u017eieb humanit\u00e1rnych akci\u00ed s vysok\u00fdm dosahom? Chcete dosiahnu\u0165 svoje ciele spolo\u010denskej zodpovednosti? Objavte rie\u0161enia, ktor\u00e9 pon\u00faka MAGNA, aby ste sa zapojili do n\u00e1\u0161ho boja za pr\u00edstup k zdravotnej starostlivosti pre v\u0161etk\u00fdch doma aj vo svete. Pre\u010do mobilizova\u0165 va\u0161ich z\u00e1kazn\u00edkov? Prostredn\u00edctvom svojej marketingovej komunik\u00e1cie zdie\u013eate so svojimi z\u00e1kazn\u00edkmi svoj z\u00e1v\u00e4zok spolo\u010denskej [&hellip;]","og_url":"https:\/\/www.magna.org\/fr\/sk\/podporte-nas\/firmy-a-nadacie\/mobilizujte-svojich-zakaznikov\/","og_site_name":"Magna","article_modified_time":"2022-12-05T17:52:21+00:00","twitter_card":"summary_large_image","twitter_misc":{"Est. reading time":"2 minutes"},"schema":{"@context":"https:\/\/schema.org","@graph":[{"@type":"WebPage","@id":"https:\/\/www.magna.org\/fr\/sk\/podporte-nas\/firmy-a-nadacie\/mobilizujte-svojich-zakaznikov\/","url":"https:\/\/www.magna.org\/fr\/sk\/podporte-nas\/firmy-a-nadacie\/mobilizujte-svojich-zakaznikov\/","name":"Mobilizujte svojich z\u00e1kazn\u00edkov - Magna","isPartOf":{"@id":"https:\/\/www.magna.org\/fr\/#website"},"datePublished":"2022-11-06T09:44:10+00:00","dateModified":"2022-12-05T17:52:21+00:00","breadcrumb":{"@id":"https:\/\/www.magna.org\/fr\/sk\/podporte-nas\/firmy-a-nadacie\/mobilizujte-svojich-zakaznikov\/#breadcrumb"},"inLanguage":"en-US","potentialAction":[{"@type":"ReadAction","target":["https:\/\/www.magna.org\/fr\/sk\/podporte-nas\/firmy-a-nadacie\/mobilizujte-svojich-zakaznikov\/"]}]},{"@type":"BreadcrumbList","@id":"https:\/\/www.magna.org\/fr\/sk\/podporte-nas\/firmy-a-nadacie\/mobilizujte-svojich-zakaznikov\/#breadcrumb","itemListElement":[{"@type":"ListItem","position":1,"name":"Home","item":"https:\/\/www.magna.org\/fr\/sk\/"},{"@type":"ListItem","position":2,"name":"Podporte n\u00e1s","item":"https:\/\/www.magna.org\/fr\/sk\/podporte-nas\/"},{"@type":"ListItem","position":3,"name":"Firmy a Nad\u00e1cie","item":"https:\/\/www.magna.org\/fr\/sk\/podporte-nas\/firmy-a-nadacie\/"},{"@type":"ListItem","position":4,"name":"Mobilizujte svojich z\u00e1kazn\u00edkov"}]},{"@type":"WebSite","@id":"https:\/\/www.magna.org\/fr\/#website","url":"https:\/\/www.magna.org\/fr\/","name":"Magna","description":"Just another WordPress site","potentialAction":[{"@type":"SearchAction","target":{"@type":"EntryPoint","urlTemplate":"https:\/\/www.magna.org\/fr\/?s={search_term_string}"},"query-input":{"@type":"PropertyValueSpecification","valueRequired":true,"valueName":"search_term_string"}}],"inLanguage":"en-US"}]}},"_links":{"self":[{"href":"https:\/\/www.magna.org\/fr\/wp-json\/wp\/v2\/pages\/2529","targetHints":{"allow":["GET"]}}],"collection":[{"href":"https:\/\/www.magna.org\/fr\/wp-json\/wp\/v2\/pages"}],"about":[{"href":"https:\/\/www.magna.org\/fr\/wp-json\/wp\/v2\/types\/page"}],"author":[{"embeddable":true,"href":"https:\/\/www.magna.org\/fr\/wp-json\/wp\/v2\/users\/2"}],"replies":[{"embeddable":true,"href":"https:\/\/www.magna.org\/fr\/wp-json\/wp\/v2\/comments?post=2529"}],"version-history":[{"count":72,"href":"https:\/\/www.magna.org\/fr\/wp-json\/wp\/v2\/pages\/2529\/revisions"}],"predecessor-version":[{"id":10044,"href":"https:\/\/www.magna.org\/fr\/wp-json\/wp\/v2\/pages\/2529\/revisions\/10044"}],"up":[{"embeddable":true,"href":"https:\/\/www.magna.org\/fr\/wp-json\/wp\/v2\/pages\/2502"}],"wp:attachment":[{"href":"https:\/\/www.magna.org\/fr\/wp-json\/wp\/v2\/media?parent=2529"}],"curies":[{"name":"wp","href":"https:\/\/api.w.org\/{rel}","templated":true}]}}