{"id":2534,"date":"2022-11-06T09:46:07","date_gmt":"2022-11-06T09:46:07","guid":{"rendered":"https:\/\/www.magna.org\/fr\/?page_id=2534"},"modified":"2023-03-20T09:08:11","modified_gmt":"2023-03-20T09:08:11","slug":"podporte-konkretny-humanitarny-projekt","status":"publish","type":"page","link":"https:\/\/www.magna.org\/fr\/sk\/podporte-nas\/firmy-a-nadacie\/podporte-konkretny-humanitarny-projekt\/","title":{"rendered":"Podporte konkr\u00e9tny humanit\u00e1rny projekt"},"content":{"rendered":"<div class=\"e-content-text\"><div class=\"e-content-text__inner\">\n<p class=\"has-text-align-center\">Chcete da\u0165 svoju filantropiu do slu\u017eieb humanit\u00e1rnych akci\u00ed s vysok\u00fdm dosahom? Chcete dosiahnu\u0165 svoje ciele spolo\u010denskej zodpovednosti? Objavte rie\u0161enia, ktor\u00e9 pon\u00faka MAGNA, aby ste sa zapojili do n\u00e1\u0161ho boja za pr\u00edstup k zdravotnej starostlivosti pre v\u0161etk\u00fdch doma aj vo svete.<\/p>\n<\/div><\/div>\n\n<section class=\"s-home-hero s-home-hero--dark hc-section-space--normal\">\n    <div class=\"s-home-hero__inner\">\n        <div class=\"s-home-hero__media\">\n            <img loading=\"lazy\" decoding=\"async\" width=\"698\" height=\"524\" src=\"https:\/\/www.magna.org\/fr\/wp-content\/uploads\/2022\/11\/homepage-kena-starostlivost-o-ludi-postihnutych-hivaids-v-msambweni-mb2011030m0001-698x524.jpg\" class=\"attachment-magna-hero size-magna-hero\" alt=\"\" srcset=\"https:\/\/www.magna.org\/fr\/wp-content\/uploads\/2022\/11\/homepage-kena-starostlivost-o-ludi-postihnutych-hivaids-v-msambweni-mb2011030m0001-698x524.jpg 698w, https:\/\/www.magna.org\/fr\/wp-content\/uploads\/2022\/11\/homepage-kena-starostlivost-o-ludi-postihnutych-hivaids-v-msambweni-mb2011030m0001-1396x1048.jpg 1396w\" sizes=\"auto, (max-width: 698px) 100vw, 698px\" \/>\n        <\/div>\n        <div class=\"s-home-hero__content\">\n            <h2 class=\"s-home-hero__title\">Pre\u010do MAGNA?<\/h2>\n            <div class=\"s-home-hero__text\">\n                <p>Spolu s nami zapoj\u00edte svoju spolo\u010dnos\u0165 do zlep\u0161enia pr\u00edstupu k zdravotnej starostlivosti na celom svete. Vybudovan\u00edm partnerstva s MAGNA zalo\u017een\u00e9ho na d\u00f4vere, efekt\u00edvnosti a transparentnosti zv\u00fd\u0161ite vplyv svojho podnikania.<\/p>\n            <\/div>\n        <\/div>\n    <\/div>\n<\/section>\n\n<section class=\"s-support hc-section-space--normal\">\n    <div class=\"s-support__header\">\n        <h1 class=\"s-support__title\">Sta\u0148te sa sponzorom projektu<\/h1>\n        <div class=\"s-support__intro\">\n            <p>Spolo\u010dne definujme partnersk\u00fd projekt, ktor\u00fd zodpoved\u00e1 va\u0161im \u017eelaniam o z\u00e1v\u00e4zku: podporovan\u00fd program MAGNA, form\u00e1t z\u00e1v\u00e4zku va\u0161ej spolo\u010dnosti a s\u00favisiace odmeny. MAGNA v\u00e1s informuj\u00fa a pod\u00e1vaj\u00fa v\u00e1m spr\u00e1vy o vplyve va\u0161ej podpory.<\/p>\n<p><strong>Tu s\u00fa niektor\u00e9 z na\u0161ich s\u00fa\u010dasn\u00fdch prior\u00edt.<\/strong><\/p>\n\n        <\/div>\n    <\/div>\n    <div class=\"s-support__content\">\n        <div class=\"s-support__items\">\n            <div class=\"s-support__item \">\n                <article class=\"a-support\">\n    <a href=\"mailto:komunikacia@magna.org\" target=\"\" class=\"a-support__link\"><\/a>\n        <div class=\"a-support__image\">\n            <div class=\"a-support__img\" style=\"background-image:url('https:\/\/www.magna.org\/fr\/wp-content\/uploads\/2023\/02\/www.magna.org-syriaturecko-20-ton-humanitarnej-pomoci-liekov-a-jedla-smeruje-na-miesta-katastrofy-dscf0891-850x478.jpg');\"><\/div>\n        <\/div>\n    <div class=\"a-support__content\">\n        <h3 class=\"a-support__title\">Zemetrasenie v S\u00fdrii<\/h3>\n        <div class=\"a-support__text\"><p>V priebehu jedin\u00e9ho d\u0148a sa tis\u00edce S\u00fdr\u010danov op\u00e4\u0165 ocitli bez domova. Zemetrasenia v severn\u00fdch provinci\u00e1ch Idlib a Aleppo vyhnali z domovov 250 000 \u013eud\u00ed.<\/p>\n<\/div>\n    <\/div>\n    <div class=\"a-support__footer\">\n        <div class=\"a-support__cta\">\n            <a href=\"mailto:komunikacia@magna.org\" target=\"\" class=\"e-btn e-btn--primary\"><span>Zisti\u0165 viac<\/span><i class=\"icon-heart\"><\/i><\/a>\n        <\/div>\n    <\/div>\n<\/article>\n            <\/div>\n            <div class=\"s-support__item \">\n                <article class=\"a-support\">\n    <a href=\"mailto:komunikacia@magna.org\" target=\"\" class=\"a-support__link\"><\/a>\n        <div class=\"a-support__image\">\n            <div class=\"a-support__img\" style=\"background-image:url('https:\/\/www.magna.org\/fr\/wp-content\/uploads\/2022\/11\/homepage-kambodza-nutricna-podpora-deti-a-zien-mb2016005g0140-850x478.jpg');\"><\/div>\n        <\/div>\n    <div class=\"a-support__content\">\n        <h3 class=\"a-support__title\">Boj s HIV\/AIDS v Kambod\u017ei<\/h3>\n        <div class=\"a-support__text\"><p>N\u00e1vrat infekci\u00ed m\u00f4\u017ee by\u0165 v\u00fdsledkom nev\u00fdrazn\u00e9ho postoja, preto\u017ee prevent\u00edvne opatrenia proti \u0161\u00edreniu HIV\/AIDS v komunite do zna\u010dnej miery zmizli z povedomia verejnosti.<\/p>\n<\/div>\n    <\/div>\n    <div class=\"a-support__footer\">\n        <div class=\"a-support__cta\">\n            <a href=\"mailto:komunikacia@magna.org\" target=\"\" class=\"e-btn e-btn--primary\"><span>Zisti\u0165 viac<\/span><i class=\"icon-heart\"><\/i><\/a>\n        <\/div>\n    <\/div>\n<\/article>\n            <\/div>\n            <div class=\"s-support__item \">\n                <article class=\"a-support\">\n    <a href=\"mailto:komunikacia@magna.org\" target=\"\" class=\"a-support__link\"><\/a>\n        <div class=\"a-support__image\">\n            <div class=\"a-support__img\" style=\"background-image:url('https:\/\/www.magna.org\/fr\/wp-content\/uploads\/2022\/11\/homepage-libanon-primarna-starostlivost-pre-utecencov-v-taboroch-na-severe-krajiny-mb201814g0187-850x478.jpg');\"><\/div>\n        <\/div>\n    <div class=\"a-support__content\">\n        <h3 class=\"a-support__title\">Libanon v kr\u00edze<\/h3>\n        <div class=\"a-support__text\"><p>Rodi\u010dia posielaj\u00fa svoje deti do detsk\u00fdch domovov, preto\u017ee ich nedok\u00e1\u017eu u\u017eivi\u0165. Nedostatok pitnej vody prispel k prepuknutiu chor\u00f4b, vr\u00e1tane prv\u00fdch pr\u00edpadov cholery po desa\u0165ro\u010diach.<\/p>\n<\/div>\n    <\/div>\n    <div class=\"a-support__footer\">\n        <div class=\"a-support__cta\">\n            <a href=\"mailto:komunikacia@magna.org\" target=\"\" class=\"e-btn e-btn--primary\"><span>Zisti\u0165 viac<\/span><i class=\"icon-heart\"><\/i><\/a>\n        <\/div>\n    <\/div>\n<\/article>\n            <\/div>\n            <div class=\"s-support__item \">\n                <article class=\"a-support\">\n    <a href=\"mailto:komunikacia@magna.org\" target=\"\" class=\"a-support__link\"><\/a>\n        <div class=\"a-support__image\">\n            <div class=\"a-support__img\" style=\"background-image:url('https:\/\/www.magna.org\/fr\/wp-content\/uploads\/2022\/08\/homepage-home-mb2022g0600713.jpg');\"><\/div>\n        <\/div>\n    <div class=\"a-support__content\">\n        <h3 class=\"a-support__title\">Chudoba v Afganistane<\/h3>\n        <div class=\"a-support__text\"><p>Matky s\u00fa tak podvy\u017eiven\u00e9, \u017ee nedok\u00e1\u017eu produkova\u0165 mlieko pre svoje deti. Nefunk\u010dn\u00fd zdravotn\u00fd syst\u00e9m, chudoba a obmedzenia uvalen\u00e9 na \u017eeny s\u00fa jadrom s\u00fa\u010dasnej humanit\u00e1rnej kr\u00edzy v Afganistane,<\/p>\n<\/div>\n    <\/div>\n    <div class=\"a-support__footer\">\n        <div class=\"a-support__cta\">\n            <a href=\"mailto:komunikacia@magna.org\" target=\"\" class=\"e-btn e-btn--primary\"><span>Zisti\u0165 viac<\/span><i class=\"icon-heart\"><\/i><\/a>\n        <\/div>\n    <\/div>\n<\/article>\n            <\/div>\n        <\/div>\n    <\/div>\n<\/section>\n\n<section class=\"s-help hc-section-space--normal\">\n    <div class=\"s-help__inner\">\n        <h2 class=\"s-help__title\">Pozrite tie\u017e<\/h2>\n        <div class=\"s-help__content\">\n            <div class=\"s-help__items\">\n                <div class=\"s-help__item\">\n                    <article class=\"a-help\">\n                        <a href=\"https:\/\/www.magna.org\/fr\/podporte-nas\/firmy-a-nadacie\/mobilizujte-vasich-zamestnancov\/\" target=\"\" class=\"a-help__link\"><\/a>\n                        <div class=\"a-help__content\">\n                            <h3 class=\"a-help__title\">Mobilzujte va\u0161ich zamestnancov<\/h3>\n                            <div class=\"a-help__cta\">\n                                <a href=\"https:\/\/www.magna.org\/fr\/podporte-nas\/firmy-a-nadacie\/mobilizujte-vasich-zamestnancov\/\" target=\"\" >Zisti\u0165 viac<\/a>\n                            <\/div>\n                        <\/div>\n                    <\/article>\n                <\/div>\n                <div class=\"s-help__item\">\n                    <article class=\"a-help\">\n                        <a href=\"https:\/\/www.magna.org\/fr\/podporte-nas\/firmy-a-nadacie\/spolocensky-zavazok-s-magna\/\" target=\"\" class=\"a-help__link\"><\/a>\n                        <div class=\"a-help__content\">\n                            <h3 class=\"a-help__title\">Zme\u0148te svet s MAGNA<\/h3>\n                            <div class=\"a-help__cta\">\n                                <a href=\"https:\/\/www.magna.org\/fr\/podporte-nas\/firmy-a-nadacie\/spolocensky-zavazok-s-magna\/\" target=\"\" >Zisti\u0165 viac<\/a>\n                            <\/div>\n                        <\/div>\n                    <\/article>\n                <\/div>\n                <div class=\"s-help__item\">\n                    <article class=\"a-help\">\n                        <a href=\"https:\/\/www.magna.org\/fr\/podporte-nas\/2-z-dane\/\" target=\"\" class=\"a-help__link\"><\/a>\n                        <div class=\"a-help__content\">\n                            <h3 class=\"a-help__title\">Darujte 2% z dane<\/h3>\n                            <div class=\"a-help__cta\">\n                                <a href=\"https:\/\/www.magna.org\/fr\/podporte-nas\/2-z-dane\/\" target=\"\" >Zisti\u0165 viac<\/a>\n                            <\/div>\n                        <\/div>\n                    <\/article>\n                <\/div>\n                <div class=\"s-help__item\">\n                    <article class=\"a-help\">\n                        <a href=\"https:\/\/www.magna.org\/fr\/podporte-nas\/firmy-a-nadacie\/mobilizujte-svojich-zakaznikov\/\" target=\"\" class=\"a-help__link\"><\/a>\n                        <div class=\"a-help__content\">\n                            <h3 class=\"a-help__title\">Mobilzujte va\u0161ich z\u00e1kazn\u00edkov<\/h3>\n                            <div class=\"a-help__cta\">\n                                <a href=\"https:\/\/www.magna.org\/fr\/podporte-nas\/firmy-a-nadacie\/mobilizujte-svojich-zakaznikov\/\" target=\"\" >Zisti\u0165 viac<\/a>\n                            <\/div>\n                        <\/div>\n                    <\/article>\n                <\/div>\n            <\/div>\n        <\/div>\n    <\/div>\n<\/section>\n\n<div class=\"e-content-text\"><div class=\"e-content-text__inner\">\n<h2 class=\"has-text-align-center wp-block-heading\">M\u00e1te \u010fa\u013e\u0161ie ot\u00e1zky alebo sa chcete zapoji\u0165?<\/h2>\n<\/div><\/div>\n\n<div class=\"e-content-text\"><div class=\"e-content-text__inner\">\n<p class=\"has-text-align-center\">Zavolajte na &nbsp;<a href=\"tel:+421907863612\">+421 907 863 612<\/a> alebo po\u0161lite e-mail na <a href=\"mailto:komunikacia@magna.org\">komunikacia@<\/a><a href=\"mailto:dar@magna.org\">magna.org<\/a> a my v\u00e1m radi pom\u00f4\u017eeme.<\/p>\n<\/div><\/div>","protected":false},"excerpt":{"rendered":"<p>Chcete da\u0165 svoju filantropiu do slu\u017eieb humanit\u00e1rnych akci\u00ed s vysok\u00fdm dosahom? Chcete dosiahnu\u0165 svoje ciele spolo\u010denskej zodpovednosti? Objavte rie\u0161enia, ktor\u00e9 pon\u00faka MAGNA, aby ste sa zapojili do n\u00e1\u0161ho boja za pr\u00edstup k zdravotnej starostlivosti pre v\u0161etk\u00fdch doma aj vo svete. M\u00e1te \u010fa\u013e\u0161ie ot\u00e1zky alebo sa chcete zapoji\u0165? Zavolajte na &nbsp;+421 907 863 612 alebo po\u0161lite [&hellip;]<\/p>\n","protected":false},"author":2,"featured_media":0,"parent":2502,"menu_order":2,"comment_status":"closed","ping_status":"closed","template":"page-article.php","meta":{"_acf_changed":false,"inline_featured_image":false,"footnotes":""},"class_list":["post-2534","page","type-page","status-publish","hentry"],"acf":[],"yoast_head":"<!-- This site is optimized with the Yoast SEO plugin v24.3 - https:\/\/yoast.com\/wordpress\/plugins\/seo\/ -->\n<title>Podporte konkr\u00e9tny humanit\u00e1rny projekt - Magna<\/title>\n<meta name=\"robots\" content=\"index, follow, max-snippet:-1, max-image-preview:large, max-video-preview:-1\" \/>\n<link rel=\"canonical\" href=\"https:\/\/www.magna.org\/fr\/sk\/podporte-nas\/firmy-a-nadacie\/podporte-konkretny-humanitarny-projekt\/\" \/>\n<meta property=\"og:locale\" content=\"en_US\" \/>\n<meta property=\"og:type\" content=\"article\" \/>\n<meta property=\"og:title\" content=\"Podporte konkr\u00e9tny humanit\u00e1rny projekt - Magna\" \/>\n<meta property=\"og:description\" content=\"Chcete da\u0165 svoju filantropiu do slu\u017eieb humanit\u00e1rnych akci\u00ed s vysok\u00fdm dosahom? Chcete dosiahnu\u0165 svoje ciele spolo\u010denskej zodpovednosti? Objavte rie\u0161enia, ktor\u00e9 pon\u00faka MAGNA, aby ste sa zapojili do n\u00e1\u0161ho boja za pr\u00edstup k zdravotnej starostlivosti pre v\u0161etk\u00fdch doma aj vo svete. M\u00e1te \u010fa\u013e\u0161ie ot\u00e1zky alebo sa chcete zapoji\u0165? Zavolajte na &nbsp;+421 907 863 612 alebo po\u0161lite [&hellip;]\" \/>\n<meta property=\"og:url\" content=\"https:\/\/www.magna.org\/fr\/sk\/podporte-nas\/firmy-a-nadacie\/podporte-konkretny-humanitarny-projekt\/\" \/>\n<meta property=\"og:site_name\" content=\"Magna\" \/>\n<meta property=\"article:modified_time\" content=\"2023-03-20T09:08:11+00:00\" \/>\n<meta name=\"twitter:card\" content=\"summary_large_image\" \/>\n<meta name=\"twitter:label1\" content=\"Est. reading time\" \/>\n\t<meta name=\"twitter:data1\" content=\"1 minute\" \/>\n<script type=\"application\/ld+json\" class=\"yoast-schema-graph\">{\"@context\":\"https:\/\/schema.org\",\"@graph\":[{\"@type\":\"WebPage\",\"@id\":\"https:\/\/www.magna.org\/fr\/sk\/podporte-nas\/firmy-a-nadacie\/podporte-konkretny-humanitarny-projekt\/\",\"url\":\"https:\/\/www.magna.org\/fr\/sk\/podporte-nas\/firmy-a-nadacie\/podporte-konkretny-humanitarny-projekt\/\",\"name\":\"Podporte konkr\u00e9tny humanit\u00e1rny projekt - Magna\",\"isPartOf\":{\"@id\":\"https:\/\/www.magna.org\/fr\/#website\"},\"datePublished\":\"2022-11-06T09:46:07+00:00\",\"dateModified\":\"2023-03-20T09:08:11+00:00\",\"breadcrumb\":{\"@id\":\"https:\/\/www.magna.org\/fr\/sk\/podporte-nas\/firmy-a-nadacie\/podporte-konkretny-humanitarny-projekt\/#breadcrumb\"},\"inLanguage\":\"en-US\",\"potentialAction\":[{\"@type\":\"ReadAction\",\"target\":[\"https:\/\/www.magna.org\/fr\/sk\/podporte-nas\/firmy-a-nadacie\/podporte-konkretny-humanitarny-projekt\/\"]}]},{\"@type\":\"BreadcrumbList\",\"@id\":\"https:\/\/www.magna.org\/fr\/sk\/podporte-nas\/firmy-a-nadacie\/podporte-konkretny-humanitarny-projekt\/#breadcrumb\",\"itemListElement\":[{\"@type\":\"ListItem\",\"position\":1,\"name\":\"Home\",\"item\":\"https:\/\/www.magna.org\/fr\/sk\/\"},{\"@type\":\"ListItem\",\"position\":2,\"name\":\"Podporte n\u00e1s\",\"item\":\"https:\/\/www.magna.org\/fr\/sk\/podporte-nas\/\"},{\"@type\":\"ListItem\",\"position\":3,\"name\":\"Firmy a Nad\u00e1cie\",\"item\":\"https:\/\/www.magna.org\/fr\/sk\/podporte-nas\/firmy-a-nadacie\/\"},{\"@type\":\"ListItem\",\"position\":4,\"name\":\"Podporte konkr\u00e9tny humanit\u00e1rny projekt\"}]},{\"@type\":\"WebSite\",\"@id\":\"https:\/\/www.magna.org\/fr\/#website\",\"url\":\"https:\/\/www.magna.org\/fr\/\",\"name\":\"Magna\",\"description\":\"Just another WordPress site\",\"potentialAction\":[{\"@type\":\"SearchAction\",\"target\":{\"@type\":\"EntryPoint\",\"urlTemplate\":\"https:\/\/www.magna.org\/fr\/?s={search_term_string}\"},\"query-input\":{\"@type\":\"PropertyValueSpecification\",\"valueRequired\":true,\"valueName\":\"search_term_string\"}}],\"inLanguage\":\"en-US\"}]}<\/script>\n<!-- \/ Yoast SEO plugin. -->","yoast_head_json":{"title":"Podporte konkr\u00e9tny humanit\u00e1rny projekt - Magna","robots":{"index":"index","follow":"follow","max-snippet":"max-snippet:-1","max-image-preview":"max-image-preview:large","max-video-preview":"max-video-preview:-1"},"canonical":"https:\/\/www.magna.org\/fr\/sk\/podporte-nas\/firmy-a-nadacie\/podporte-konkretny-humanitarny-projekt\/","og_locale":"en_US","og_type":"article","og_title":"Podporte konkr\u00e9tny humanit\u00e1rny projekt - Magna","og_description":"Chcete da\u0165 svoju filantropiu do slu\u017eieb humanit\u00e1rnych akci\u00ed s vysok\u00fdm dosahom? Chcete dosiahnu\u0165 svoje ciele spolo\u010denskej zodpovednosti? Objavte rie\u0161enia, ktor\u00e9 pon\u00faka MAGNA, aby ste sa zapojili do n\u00e1\u0161ho boja za pr\u00edstup k zdravotnej starostlivosti pre v\u0161etk\u00fdch doma aj vo svete. M\u00e1te \u010fa\u013e\u0161ie ot\u00e1zky alebo sa chcete zapoji\u0165? Zavolajte na &nbsp;+421 907 863 612 alebo po\u0161lite [&hellip;]","og_url":"https:\/\/www.magna.org\/fr\/sk\/podporte-nas\/firmy-a-nadacie\/podporte-konkretny-humanitarny-projekt\/","og_site_name":"Magna","article_modified_time":"2023-03-20T09:08:11+00:00","twitter_card":"summary_large_image","twitter_misc":{"Est. reading time":"1 minute"},"schema":{"@context":"https:\/\/schema.org","@graph":[{"@type":"WebPage","@id":"https:\/\/www.magna.org\/fr\/sk\/podporte-nas\/firmy-a-nadacie\/podporte-konkretny-humanitarny-projekt\/","url":"https:\/\/www.magna.org\/fr\/sk\/podporte-nas\/firmy-a-nadacie\/podporte-konkretny-humanitarny-projekt\/","name":"Podporte konkr\u00e9tny humanit\u00e1rny projekt - Magna","isPartOf":{"@id":"https:\/\/www.magna.org\/fr\/#website"},"datePublished":"2022-11-06T09:46:07+00:00","dateModified":"2023-03-20T09:08:11+00:00","breadcrumb":{"@id":"https:\/\/www.magna.org\/fr\/sk\/podporte-nas\/firmy-a-nadacie\/podporte-konkretny-humanitarny-projekt\/#breadcrumb"},"inLanguage":"en-US","potentialAction":[{"@type":"ReadAction","target":["https:\/\/www.magna.org\/fr\/sk\/podporte-nas\/firmy-a-nadacie\/podporte-konkretny-humanitarny-projekt\/"]}]},{"@type":"BreadcrumbList","@id":"https:\/\/www.magna.org\/fr\/sk\/podporte-nas\/firmy-a-nadacie\/podporte-konkretny-humanitarny-projekt\/#breadcrumb","itemListElement":[{"@type":"ListItem","position":1,"name":"Home","item":"https:\/\/www.magna.org\/fr\/sk\/"},{"@type":"ListItem","position":2,"name":"Podporte n\u00e1s","item":"https:\/\/www.magna.org\/fr\/sk\/podporte-nas\/"},{"@type":"ListItem","position":3,"name":"Firmy a Nad\u00e1cie","item":"https:\/\/www.magna.org\/fr\/sk\/podporte-nas\/firmy-a-nadacie\/"},{"@type":"ListItem","position":4,"name":"Podporte konkr\u00e9tny humanit\u00e1rny projekt"}]},{"@type":"WebSite","@id":"https:\/\/www.magna.org\/fr\/#website","url":"https:\/\/www.magna.org\/fr\/","name":"Magna","description":"Just another WordPress site","potentialAction":[{"@type":"SearchAction","target":{"@type":"EntryPoint","urlTemplate":"https:\/\/www.magna.org\/fr\/?s={search_term_string}"},"query-input":{"@type":"PropertyValueSpecification","valueRequired":true,"valueName":"search_term_string"}}],"inLanguage":"en-US"}]}},"_links":{"self":[{"href":"https:\/\/www.magna.org\/fr\/wp-json\/wp\/v2\/pages\/2534","targetHints":{"allow":["GET"]}}],"collection":[{"href":"https:\/\/www.magna.org\/fr\/wp-json\/wp\/v2\/pages"}],"about":[{"href":"https:\/\/www.magna.org\/fr\/wp-json\/wp\/v2\/types\/page"}],"author":[{"embeddable":true,"href":"https:\/\/www.magna.org\/fr\/wp-json\/wp\/v2\/users\/2"}],"replies":[{"embeddable":true,"href":"https:\/\/www.magna.org\/fr\/wp-json\/wp\/v2\/comments?post=2534"}],"version-history":[{"count":42,"href":"https:\/\/www.magna.org\/fr\/wp-json\/wp\/v2\/pages\/2534\/revisions"}],"predecessor-version":[{"id":12759,"href":"https:\/\/www.magna.org\/fr\/wp-json\/wp\/v2\/pages\/2534\/revisions\/12759"}],"up":[{"embeddable":true,"href":"https:\/\/www.magna.org\/fr\/wp-json\/wp\/v2\/pages\/2502"}],"wp:attachment":[{"href":"https:\/\/www.magna.org\/fr\/wp-json\/wp\/v2\/media?parent=2534"}],"curies":[{"name":"wp","href":"https:\/\/api.w.org\/{rel}","templated":true}]}}