{"id":3013,"date":"2022-11-10T07:35:30","date_gmt":"2022-11-10T07:35:30","guid":{"rendered":"https:\/\/www.magna.org\/fr\/?page_id=3013"},"modified":"2022-11-30T22:20:51","modified_gmt":"2022-11-30T22:20:51","slug":"zdravotne-aktivity","status":"publish","type":"page","link":"https:\/\/www.magna.org\/fr\/sk\/nasa-praca\/zdravotne-aktivity\/","title":{"rendered":"Zdravotn\u00e9 aktivity"},"content":{"rendered":"<section class=\"s-panels hc-section-space--normal\">\n    <div class=\"s-panels__inner\">\n        <div class=\"s-panels__aside s-panels__aside--empty\"><\/div>\n        <div class=\"s-panels__content\">\n<article class=\"a-teaser\">\n    <div class=\"a-teaser__content\">\n        <h2 class=\"a-teaser__title\">Jedno z 13 det\u00ed na na\u0161ej plan\u00e9te trp\u00ed hladom<\/h2>\n        <div class=\"a-teaser__text\">\n            <p>Na svete na podv\u00fd\u017eivu ka\u017edoro\u010dne zomr\u00fa 2 mili\u00f3ny det\u00ed. Najviac det\u00ed ohrozen\u00fdch podv\u00fd\u017eivou je v \u00c1zii a Afrike. Nemaj\u00fa pr\u00edstup k dostato\u010dne kalorickej strave na to, aby sa ich telo malo mo\u017enos\u0165 riadne rozv\u00edja\u0165.<\/p>\n<p>MAGNA pom\u00e1ha v boji s podv\u00fd\u017eivou prostredn\u00edctvom svojich programov zameran\u00fdch na jej lie\u010dbu a prevenciu, v\u010faka ktor\u00fdm u\u017e zachr\u00e1nila tis\u00edce det\u00ed. Podv\u00fd\u017eiva m\u00f4\u017ee vies\u0165 k oslaben\u00e9mu imunitn\u00e9mu syst\u00e9mu. To sp\u00f4sobuje v\u00e4\u010d\u0161iu n\u00e1chylnos\u0165 det\u00ed k r\u00f4znym chorob\u00e1m, ktor\u00e9 m\u00f4\u017eu n\u00e1sledne vies\u0165 k \u010fal\u0161ej podv\u00fd\u017eive, \u010do vytv\u00e1ra ak\u00fdsi bl\u00fadny kruh.<\/p>\n\n        <\/div>\n            <div class=\"a-teaser__cta\">\n                <a href=\"https:\/\/www.magna.org\/fr\/podvyziva\/\" target=\"\" class=\"e-link e-link--dark\">Zisti\u0165 viac o podv\u00fd\u017eive<\/a>\n            <\/div>\n    <\/div>\n    <div class=\"a-teaser__image\">\n        <div class=\"a-teaser__img\" style=\"background-image:url('https\\:\\\/\\\/www\\.magna\\.org\\\/fr\\\/wp-content\\\/uploads\\\/2022\\\/11\\\/homepage-podvyziva-mb201911g5555\\.jpg')\"><\/div>\n    <\/div>\n<\/article>        <\/div>\n    <\/div>\n<\/section>\n\n<section class=\"s-panels hc-section-space--normal\">\n    <div class=\"s-panels__inner\">\n        <div class=\"s-panels__aside s-panels__aside--empty\"><\/div>\n        <div class=\"s-panels__content\">\n<section class=\"s-articles\">\n    <div class=\"s-articles__inner\">\n        <h2 class=\"s-articles__title\">Zdravotn\u00e9 aktivity<\/h2>\n        <div class=\"s-articles__content\">\n            <div class=\"s-articles__items\">\n                <div class=\"s-articles__item js-carousel__item\">\n                    \n<article class=\"a-news\">\n    <a href=\"https:\/\/www.magna.org\/fr\/sk\/zdravotne-aktivity\/urgentna-zdravotna-pomoc\/\" class=\"a-news__link\"><\/a>\n    <div class=\"a-news__image\">\n        <div class=\"a-news__img\" style=\"background-image:url('https:\/\/www.magna.org\/fr\/wp-content\/uploads\/2022\/12\/homepage-urgentna-zdravotna-humanitarna-pomoc-img-0387-e1670067060691-468x468.jpg');\"><\/div>\n    <\/div>\n    <div class=\"a-news__content\">\n        <h5 class=\"a-news__subtitle\">Zdravotn\u00e9 aktivity<\/h5>\n        <h3 class=\"a-news__title\">Urgentn\u00e1 zdravotn\u00e1 humanit\u00e1rna pomoc<\/h3>\n    <\/div>\n    <div class=\"a-news__footer\">\n        <div class=\"a-news__tags\"><\/div>\n        <div class=\"a-news__date\">03. 12. 2022<\/div>\n    <\/div>\n<\/article>                <\/div>\n                <div class=\"s-articles__item js-carousel__item\">\n                    \n<article class=\"a-news\">\n    <a href=\"https:\/\/www.magna.org\/fr\/sk\/zdravotne-aktivity\/zdravotna-infrastruktura\/\" class=\"a-news__link\"><\/a>\n    <div class=\"a-news__image\">\n        <div class=\"a-news__img\" style=\"background-image:url('https:\/\/www.magna.org\/fr\/wp-content\/uploads\/2022\/11\/homepage-haiti-vystavba-centra-pre-ludi-s-hivaids-mb2011019m0062-468x468.jpg');\"><\/div>\n    <\/div>\n    <div class=\"a-news__content\">\n        <h5 class=\"a-news__subtitle\">Zdravotn\u00e9 aktivity<\/h5>\n        <h3 class=\"a-news__title\">Zdravotn\u00e1 infra\u0161trukt\u00fara<\/h3>\n    <\/div>\n    <div class=\"a-news__footer\">\n        <div class=\"a-news__tags\"><\/div>\n        <div class=\"a-news__date\">01. 12. 2022<\/div>\n    <\/div>\n<\/article>                <\/div>\n                <div class=\"s-articles__item js-carousel__item\">\n                    \n<article class=\"a-news\">\n    <a href=\"https:\/\/www.magna.org\/fr\/sk\/zdravotne-aktivity\/ockovanie\/\" class=\"a-news__link\"><\/a>\n    <div class=\"a-news__image\">\n        <div class=\"a-news__img\" style=\"background-image:url('https:\/\/www.magna.org\/fr\/wp-content\/uploads\/2022\/09\/homepage-kto-sme-mb2010010g0744-scaled-e1669891224183-468x468.jpg');\"><\/div>\n    <\/div>\n    <div class=\"a-news__content\">\n        <h5 class=\"a-news__subtitle\">Zdravotn\u00e9 aktivity<\/h5>\n        <h3 class=\"a-news__title\">O\u010dkovanie<\/h3>\n    <\/div>\n    <div class=\"a-news__footer\">\n        <div class=\"a-news__tags\"><\/div>\n        <div class=\"a-news__date\">01. 12. 2022<\/div>\n    <\/div>\n<\/article>                <\/div>\n                <div class=\"s-articles__item js-carousel__item\">\n                    \n<article class=\"a-news\">\n    <a href=\"https:\/\/www.magna.org\/fr\/sk\/zdravotne-aktivity\/cholera\/\" class=\"a-news__link\"><\/a>\n    <div class=\"a-news__image\">\n        <div class=\"a-news__img\" style=\"background-image:url('https:\/\/www.magna.org\/fr\/wp-content\/uploads\/2022\/11\/homepage-cholera-mb2010029g0724-468x468.jpg');\"><\/div>\n    <\/div>\n    <div class=\"a-news__content\">\n        <h5 class=\"a-news__subtitle\">Zdravotn\u00e9 aktivity<\/h5>\n        <h3 class=\"a-news__title\">Cholera<\/h3>\n    <\/div>\n    <div class=\"a-news__footer\">\n        <div class=\"a-news__tags\"><\/div>\n        <div class=\"a-news__date\">10. 11. 2022<\/div>\n    <\/div>\n<\/article>                <\/div>\n                <div class=\"s-articles__item js-carousel__item\">\n                    \n<article class=\"a-news\">\n    <a href=\"https:\/\/www.magna.org\/fr\/sk\/zdravotne-aktivity\/chirurgia-a-trauma\/\" class=\"a-news__link\"><\/a>\n    <div class=\"a-news__image\">\n        <div class=\"a-news__img\" style=\"background-image:url('https:\/\/www.magna.org\/fr\/wp-content\/uploads\/2022\/08\/homepage-kto-sme-chirurg-468x468.jpg');\"><\/div>\n    <\/div>\n    <div class=\"a-news__content\">\n        <h5 class=\"a-news__subtitle\">Zdravotn\u00e9 aktivity<\/h5>\n        <h3 class=\"a-news__title\">Chirurgia a trauma<\/h3>\n    <\/div>\n    <div class=\"a-news__footer\">\n        <div class=\"a-news__tags\"><\/div>\n        <div class=\"a-news__date\">10. 11. 2022<\/div>\n    <\/div>\n<\/article>                <\/div>\n                <div class=\"s-articles__item js-carousel__item\">\n                    \n<article class=\"a-news\">\n    <a href=\"https:\/\/www.magna.org\/fr\/sk\/zdravotne-aktivity\/neprenosne-choroby\/\" class=\"a-news__link\"><\/a>\n    <div class=\"a-news__image\">\n        <div class=\"a-news__img\" style=\"background-image:url('https:\/\/www.magna.org\/fr\/wp-content\/uploads\/2022\/11\/homepage-neprenosne-choroby-mb201909g0264-468x468.jpg');\"><\/div>\n    <\/div>\n    <div class=\"a-news__content\">\n        <h5 class=\"a-news__subtitle\">Zdravotn\u00e9 aktivity<\/h5>\n        <h3 class=\"a-news__title\">Neprenosn\u00e9 choroby<\/h3>\n    <\/div>\n    <div class=\"a-news__footer\">\n        <div class=\"a-news__tags\"><\/div>\n        <div class=\"a-news__date\">10. 11. 2022<\/div>\n    <\/div>\n<\/article>                <\/div>\n                <div class=\"s-articles__item js-carousel__item\">\n                    \n<article class=\"a-news\">\n    <a href=\"https:\/\/www.magna.org\/fr\/sk\/zdravotne-aktivity\/zdravie-dietata\/\" class=\"a-news__link\"><\/a>\n    <div class=\"a-news__image\">\n        <div class=\"a-news__img\" style=\"background-image:url('https:\/\/www.magna.org\/fr\/wp-content\/uploads\/2022\/11\/homepage-zdravie-dietata-mb200806g0263-468x468.jpg');\"><\/div>\n    <\/div>\n    <div class=\"a-news__content\">\n        <h5 class=\"a-news__subtitle\">Zdravotn\u00e9 aktivity<\/h5>\n        <h3 class=\"a-news__title\">Zdravie die\u0165a\u0165a<\/h3>\n    <\/div>\n    <div class=\"a-news__footer\">\n        <div class=\"a-news__tags\"><\/div>\n        <div class=\"a-news__date\">10. 11. 2022<\/div>\n    <\/div>\n<\/article>                <\/div>\n                <div class=\"s-articles__item js-carousel__item\">\n                    \n<article class=\"a-news\">\n    <a href=\"https:\/\/www.magna.org\/fr\/sk\/zdravotne-aktivity\/dusevne-zdravie\/\" class=\"a-news__link\"><\/a>\n    <div class=\"a-news__image\">\n        <div class=\"a-news__img\" style=\"background-image:url('https:\/\/www.magna.org\/fr\/wp-content\/uploads\/2022\/11\/homepage-dusevne-zdravie-mb2015010g2806-468x468.jpg');\"><\/div>\n    <\/div>\n    <div class=\"a-news__content\">\n        <h5 class=\"a-news__subtitle\">Zdravotn\u00e9 aktivity<\/h5>\n        <h3 class=\"a-news__title\">Du\u0161evn\u00e9 zdravie<\/h3>\n    <\/div>\n    <div class=\"a-news__footer\">\n        <div class=\"a-news__tags\"><\/div>\n        <div class=\"a-news__date\">10. 11. 2022<\/div>\n    <\/div>\n<\/article>                <\/div>\n                <div class=\"s-articles__item js-carousel__item\">\n                    \n<article class=\"a-news\">\n    <a href=\"https:\/\/www.magna.org\/fr\/sk\/zdravotne-aktivity\/osypky\/\" class=\"a-news__link\"><\/a>\n    <div class=\"a-news__image\">\n        <div class=\"a-news__img\" style=\"background-image:url('https:\/\/www.magna.org\/fr\/wp-content\/uploads\/2022\/11\/homepage-podvyziva-mb201911g6541-e1669838361668-468x468.jpg');\"><\/div>\n    <\/div>\n    <div class=\"a-news__content\">\n        <h5 class=\"a-news__subtitle\">Zdravotn\u00e9 aktivity<\/h5>\n        <h3 class=\"a-news__title\">Os\u00fdpky<\/h3>\n    <\/div>\n    <div class=\"a-news__footer\">\n        <div class=\"a-news__tags\"><\/div>\n        <div class=\"a-news__date\">10. 11. 2022<\/div>\n    <\/div>\n<\/article>                <\/div>\n                <div class=\"s-articles__item js-carousel__item\">\n                    \n<article class=\"a-news\">\n    <a href=\"https:\/\/www.magna.org\/fr\/sk\/zdravotne-aktivity\/zdravie-matky\/\" class=\"a-news__link\"><\/a>\n    <div class=\"a-news__image\">\n        <div class=\"a-news__img\" style=\"background-image:url('https:\/\/www.magna.org\/fr\/wp-content\/uploads\/2022\/11\/homepage-zdravie-matky-mb201811g1571-468x468.jpg');\"><\/div>\n    <\/div>\n    <div class=\"a-news__content\">\n        <h5 class=\"a-news__subtitle\">Zdravotn\u00e9 aktivity<\/h5>\n        <h3 class=\"a-news__title\">Zdravie matky<\/h3>\n    <\/div>\n    <div class=\"a-news__footer\">\n        <div class=\"a-news__tags\"><\/div>\n        <div class=\"a-news__date\">10. 11. 2022<\/div>\n    <\/div>\n<\/article>                <\/div>\n                <div class=\"s-articles__item js-carousel__item\">\n                    \n<article class=\"a-news\">\n    <a href=\"https:\/\/www.magna.org\/fr\/sk\/zdravotne-aktivity\/covid-19\/\" class=\"a-news__link\"><\/a>\n    <div class=\"a-news__image\">\n        <div class=\"a-news__img\" style=\"background-image:url('https:\/\/www.magna.org\/fr\/wp-content\/uploads\/2022\/09\/homepage-financie-a-reporty-ochranny-material-468x468.jpg');\"><\/div>\n    <\/div>\n    <div class=\"a-news__content\">\n        <h5 class=\"a-news__subtitle\">Zdravotn\u00e9 aktivity<\/h5>\n        <h3 class=\"a-news__title\">Covid &#8211; 19<\/h3>\n    <\/div>\n    <div class=\"a-news__footer\">\n        <div class=\"a-news__tags\"><\/div>\n        <div class=\"a-news__date\">10. 11. 2022<\/div>\n    <\/div>\n<\/article>                <\/div>\n                <div class=\"s-articles__item js-carousel__item\">\n                    \n<article class=\"a-news\">\n    <a href=\"https:\/\/www.magna.org\/fr\/sk\/zdravotne-aktivity\/sexualne-nasilie\/\" class=\"a-news__link\"><\/a>\n    <div class=\"a-news__image\">\n        <div class=\"a-news__img\" style=\"background-image:url('https:\/\/www.magna.org\/fr\/wp-content\/uploads\/2022\/11\/homepage-sexualne-nasilie-mb2015008g0659-1-468x468.jpg');\"><\/div>\n    <\/div>\n    <div class=\"a-news__content\">\n        <h5 class=\"a-news__subtitle\">Zdravotn\u00e9 aktivity<\/h5>\n        <h3 class=\"a-news__title\">Sexu\u00e1lne n\u00e1silie<\/h3>\n    <\/div>\n    <div class=\"a-news__footer\">\n        <div class=\"a-news__tags\"><\/div>\n        <div class=\"a-news__date\">10. 11. 2022<\/div>\n    <\/div>\n<\/article>                <\/div>\n                <div class=\"s-articles__item js-carousel__item\">\n                    \n<article class=\"a-news\">\n    <a href=\"https:\/\/www.magna.org\/fr\/sk\/zdravotne-aktivity\/hiv-aids\/\" class=\"a-news__link\"><\/a>\n    <div class=\"a-news__image\">\n        <div class=\"a-news__img\" style=\"background-image:url('https:\/\/www.magna.org\/fr\/wp-content\/uploads\/2022\/11\/homepage-hivaids-mb200801g0552-e1679069014229-468x468.jpg');\"><\/div>\n    <\/div>\n    <div class=\"a-news__content\">\n        <h5 class=\"a-news__subtitle\">Zdravotn\u00e9 aktivity<\/h5>\n        <h3 class=\"a-news__title\">HIV\/AIDS<\/h3>\n    <\/div>\n    <div class=\"a-news__footer\">\n        <div class=\"a-news__tags\"><\/div>\n        <div class=\"a-news__date\">10. 11. 2022<\/div>\n    <\/div>\n<\/article>                <\/div>\n                <div class=\"s-articles__item js-carousel__item\">\n                    \n<article class=\"a-news\">\n    <a href=\"https:\/\/www.magna.org\/fr\/sk\/zdravotne-aktivity\/podvyziva\/\" class=\"a-news__link\"><\/a>\n    <div class=\"a-news__image\">\n        <div class=\"a-news__img\" style=\"background-image:url('https:\/\/www.magna.org\/fr\/wp-content\/uploads\/2022\/11\/homepage-podvyziva-mb201911g5555-468x468.jpg');\"><\/div>\n    <\/div>\n    <div class=\"a-news__content\">\n        <h5 class=\"a-news__subtitle\">Zdravotn\u00e9 aktivity<\/h5>\n        <h3 class=\"a-news__title\">Podv\u00fd\u017eiva<\/h3>\n    <\/div>\n    <div class=\"a-news__footer\">\n        <div class=\"a-news__tags\"><\/div>\n        <div class=\"a-news__date\">10. 11. 2022<\/div>\n    <\/div>\n<\/article>                <\/div>\n                <div class=\"s-articles__item js-carousel__item\">\n                    \n<article class=\"a-news\">\n    <a href=\"https:\/\/www.magna.org\/fr\/sk\/zdravotne-aktivity\/malaria\/\" class=\"a-news__link\"><\/a>\n    <div class=\"a-news__image\">\n        <div class=\"a-news__img\" style=\"background-image:url('https:\/\/www.magna.org\/fr\/wp-content\/uploads\/2022\/11\/homepage-malaria-mb200802g1030-e1669842886494-468x468.jpg');\"><\/div>\n    <\/div>\n    <div class=\"a-news__content\">\n        <h5 class=\"a-news__subtitle\">Zdravotn\u00e9 aktivity<\/h5>\n        <h3 class=\"a-news__title\">Mal\u00e1ria<\/h3>\n    <\/div>\n    <div class=\"a-news__footer\">\n        <div class=\"a-news__tags\"><\/div>\n        <div class=\"a-news__date\">10. 11. 2022<\/div>\n    <\/div>\n<\/article>                <\/div>\n            <\/div>\n        <\/div>\n    <\/div>\n<\/section>        <\/div>\n    <\/div>\n<\/section>","protected":false},"excerpt":{"rendered":"","protected":false},"author":2,"featured_media":807,"parent":411,"menu_order":3,"comment_status":"closed","ping_status":"closed","template":"page-subpage.php","meta":{"_acf_changed":false,"inline_featured_image":false,"footnotes":""},"class_list":["post-3013","page","type-page","status-publish","has-post-thumbnail","hentry"],"acf":[],"yoast_head":"<!-- This site is optimized with the Yoast SEO plugin v24.3 - https:\/\/yoast.com\/wordpress\/plugins\/seo\/ -->\n<title>Zdravotn\u00e9 aktivity - Magna<\/title>\n<meta name=\"robots\" content=\"index, follow, max-snippet:-1, max-image-preview:large, max-video-preview:-1\" \/>\n<link rel=\"canonical\" href=\"https:\/\/www.magna.org\/fr\/sk\/nasa-praca\/zdravotne-aktivity\/\" \/>\n<meta property=\"og:locale\" content=\"en_US\" \/>\n<meta property=\"og:type\" content=\"article\" \/>\n<meta property=\"og:title\" content=\"Zdravotn\u00e9 aktivity - Magna\" \/>\n<meta property=\"og:url\" content=\"https:\/\/www.magna.org\/fr\/sk\/nasa-praca\/zdravotne-aktivity\/\" \/>\n<meta property=\"og:site_name\" content=\"Magna\" \/>\n<meta property=\"article:modified_time\" content=\"2022-11-30T22:20:51+00:00\" \/>\n<meta property=\"og:image\" content=\"https:\/\/www.magna.org\/fr\/wp-content\/uploads\/2022\/09\/homepage-co-robime-mb2010029g0547-edit-e1669846842869.jpg\" \/>\n\t<meta property=\"og:image:width\" content=\"1885\" \/>\n\t<meta property=\"og:image:height\" content=\"1100\" \/>\n\t<meta property=\"og:image:type\" content=\"image\/jpeg\" \/>\n<meta name=\"twitter:card\" content=\"summary_large_image\" \/>\n<script type=\"application\/ld+json\" class=\"yoast-schema-graph\">{\"@context\":\"https:\/\/schema.org\",\"@graph\":[{\"@type\":\"WebPage\",\"@id\":\"https:\/\/www.magna.org\/fr\/sk\/nasa-praca\/zdravotne-aktivity\/\",\"url\":\"https:\/\/www.magna.org\/fr\/sk\/nasa-praca\/zdravotne-aktivity\/\",\"name\":\"Zdravotn\u00e9 aktivity - Magna\",\"isPartOf\":{\"@id\":\"https:\/\/www.magna.org\/fr\/#website\"},\"primaryImageOfPage\":{\"@id\":\"https:\/\/www.magna.org\/fr\/sk\/nasa-praca\/zdravotne-aktivity\/#primaryimage\"},\"image\":{\"@id\":\"https:\/\/www.magna.org\/fr\/sk\/nasa-praca\/zdravotne-aktivity\/#primaryimage\"},\"thumbnailUrl\":\"https:\/\/www.magna.org\/fr\/wp-content\/uploads\/2022\/09\/homepage-co-robime-mb2010029g0547-edit-e1669846842869.jpg\",\"datePublished\":\"2022-11-10T07:35:30+00:00\",\"dateModified\":\"2022-11-30T22:20:51+00:00\",\"breadcrumb\":{\"@id\":\"https:\/\/www.magna.org\/fr\/sk\/nasa-praca\/zdravotne-aktivity\/#breadcrumb\"},\"inLanguage\":\"en-US\",\"potentialAction\":[{\"@type\":\"ReadAction\",\"target\":[\"https:\/\/www.magna.org\/fr\/sk\/nasa-praca\/zdravotne-aktivity\/\"]}]},{\"@type\":\"ImageObject\",\"inLanguage\":\"en-US\",\"@id\":\"https:\/\/www.magna.org\/fr\/sk\/nasa-praca\/zdravotne-aktivity\/#primaryimage\",\"url\":\"https:\/\/www.magna.org\/fr\/wp-content\/uploads\/2022\/09\/homepage-co-robime-mb2010029g0547-edit-e1669846842869.jpg\",\"contentUrl\":\"https:\/\/www.magna.org\/fr\/wp-content\/uploads\/2022\/09\/homepage-co-robime-mb2010029g0547-edit-e1669846842869.jpg\",\"width\":1885,\"height\":1100},{\"@type\":\"BreadcrumbList\",\"@id\":\"https:\/\/www.magna.org\/fr\/sk\/nasa-praca\/zdravotne-aktivity\/#breadcrumb\",\"itemListElement\":[{\"@type\":\"ListItem\",\"position\":1,\"name\":\"Home\",\"item\":\"https:\/\/www.magna.org\/fr\/sk\/\"},{\"@type\":\"ListItem\",\"position\":2,\"name\":\"\u010co rob\u00edme\",\"item\":\"https:\/\/www.magna.org\/fr\/sk\/nasa-praca\/\"},{\"@type\":\"ListItem\",\"position\":3,\"name\":\"Zdravotn\u00e9 aktivity\"}]},{\"@type\":\"WebSite\",\"@id\":\"https:\/\/www.magna.org\/fr\/#website\",\"url\":\"https:\/\/www.magna.org\/fr\/\",\"name\":\"Magna\",\"description\":\"Just another WordPress site\",\"potentialAction\":[{\"@type\":\"SearchAction\",\"target\":{\"@type\":\"EntryPoint\",\"urlTemplate\":\"https:\/\/www.magna.org\/fr\/?s={search_term_string}\"},\"query-input\":{\"@type\":\"PropertyValueSpecification\",\"valueRequired\":true,\"valueName\":\"search_term_string\"}}],\"inLanguage\":\"en-US\"}]}<\/script>\n<!-- \/ Yoast SEO plugin. -->","yoast_head_json":{"title":"Zdravotn\u00e9 aktivity - Magna","robots":{"index":"index","follow":"follow","max-snippet":"max-snippet:-1","max-image-preview":"max-image-preview:large","max-video-preview":"max-video-preview:-1"},"canonical":"https:\/\/www.magna.org\/fr\/sk\/nasa-praca\/zdravotne-aktivity\/","og_locale":"en_US","og_type":"article","og_title":"Zdravotn\u00e9 aktivity - Magna","og_url":"https:\/\/www.magna.org\/fr\/sk\/nasa-praca\/zdravotne-aktivity\/","og_site_name":"Magna","article_modified_time":"2022-11-30T22:20:51+00:00","og_image":[{"width":1885,"height":1100,"url":"https:\/\/www.magna.org\/fr\/wp-content\/uploads\/2022\/09\/homepage-co-robime-mb2010029g0547-edit-e1669846842869.jpg","type":"image\/jpeg"}],"twitter_card":"summary_large_image","schema":{"@context":"https:\/\/schema.org","@graph":[{"@type":"WebPage","@id":"https:\/\/www.magna.org\/fr\/sk\/nasa-praca\/zdravotne-aktivity\/","url":"https:\/\/www.magna.org\/fr\/sk\/nasa-praca\/zdravotne-aktivity\/","name":"Zdravotn\u00e9 aktivity - Magna","isPartOf":{"@id":"https:\/\/www.magna.org\/fr\/#website"},"primaryImageOfPage":{"@id":"https:\/\/www.magna.org\/fr\/sk\/nasa-praca\/zdravotne-aktivity\/#primaryimage"},"image":{"@id":"https:\/\/www.magna.org\/fr\/sk\/nasa-praca\/zdravotne-aktivity\/#primaryimage"},"thumbnailUrl":"https:\/\/www.magna.org\/fr\/wp-content\/uploads\/2022\/09\/homepage-co-robime-mb2010029g0547-edit-e1669846842869.jpg","datePublished":"2022-11-10T07:35:30+00:00","dateModified":"2022-11-30T22:20:51+00:00","breadcrumb":{"@id":"https:\/\/www.magna.org\/fr\/sk\/nasa-praca\/zdravotne-aktivity\/#breadcrumb"},"inLanguage":"en-US","potentialAction":[{"@type":"ReadAction","target":["https:\/\/www.magna.org\/fr\/sk\/nasa-praca\/zdravotne-aktivity\/"]}]},{"@type":"ImageObject","inLanguage":"en-US","@id":"https:\/\/www.magna.org\/fr\/sk\/nasa-praca\/zdravotne-aktivity\/#primaryimage","url":"https:\/\/www.magna.org\/fr\/wp-content\/uploads\/2022\/09\/homepage-co-robime-mb2010029g0547-edit-e1669846842869.jpg","contentUrl":"https:\/\/www.magna.org\/fr\/wp-content\/uploads\/2022\/09\/homepage-co-robime-mb2010029g0547-edit-e1669846842869.jpg","width":1885,"height":1100},{"@type":"BreadcrumbList","@id":"https:\/\/www.magna.org\/fr\/sk\/nasa-praca\/zdravotne-aktivity\/#breadcrumb","itemListElement":[{"@type":"ListItem","position":1,"name":"Home","item":"https:\/\/www.magna.org\/fr\/sk\/"},{"@type":"ListItem","position":2,"name":"\u010co rob\u00edme","item":"https:\/\/www.magna.org\/fr\/sk\/nasa-praca\/"},{"@type":"ListItem","position":3,"name":"Zdravotn\u00e9 aktivity"}]},{"@type":"WebSite","@id":"https:\/\/www.magna.org\/fr\/#website","url":"https:\/\/www.magna.org\/fr\/","name":"Magna","description":"Just another WordPress site","potentialAction":[{"@type":"SearchAction","target":{"@type":"EntryPoint","urlTemplate":"https:\/\/www.magna.org\/fr\/?s={search_term_string}"},"query-input":{"@type":"PropertyValueSpecification","valueRequired":true,"valueName":"search_term_string"}}],"inLanguage":"en-US"}]}},"_links":{"self":[{"href":"https:\/\/www.magna.org\/fr\/wp-json\/wp\/v2\/pages\/3013","targetHints":{"allow":["GET"]}}],"collection":[{"href":"https:\/\/www.magna.org\/fr\/wp-json\/wp\/v2\/pages"}],"about":[{"href":"https:\/\/www.magna.org\/fr\/wp-json\/wp\/v2\/types\/page"}],"author":[{"embeddable":true,"href":"https:\/\/www.magna.org\/fr\/wp-json\/wp\/v2\/users\/2"}],"replies":[{"embeddable":true,"href":"https:\/\/www.magna.org\/fr\/wp-json\/wp\/v2\/comments?post=3013"}],"version-history":[{"count":41,"href":"https:\/\/www.magna.org\/fr\/wp-json\/wp\/v2\/pages\/3013\/revisions"}],"predecessor-version":[{"id":5899,"href":"https:\/\/www.magna.org\/fr\/wp-json\/wp\/v2\/pages\/3013\/revisions\/5899"}],"up":[{"embeddable":true,"href":"https:\/\/www.magna.org\/fr\/wp-json\/wp\/v2\/pages\/411"}],"wp:featuredmedia":[{"embeddable":true,"href":"https:\/\/www.magna.org\/fr\/wp-json\/wp\/v2\/media\/807"}],"wp:attachment":[{"href":"https:\/\/www.magna.org\/fr\/wp-json\/wp\/v2\/media?parent=3013"}],"curies":[{"name":"wp","href":"https:\/\/api.w.org\/{rel}","templated":true}]}}