{"id":346,"date":"2022-09-08T16:14:15","date_gmt":"2022-09-08T16:14:15","guid":{"rendered":"https:\/\/www.magna.org\/fr\/?page_id=346"},"modified":"2022-12-01T10:17:45","modified_gmt":"2022-12-01T10:17:45","slug":"nasa-historia","status":"publish","type":"page","link":"https:\/\/www.magna.org\/fr\/sk\/o-nas\/nasa-historia\/","title":{"rendered":"Na\u0161a hist\u00f3ria"},"content":{"rendered":"<section class=\"s-panels hc-section-space--normal\">\n    <div class=\"s-panels__inner\">\n        <div class=\"s-panels__aside s-panels__aside--empty\"><\/div>\n        <div class=\"s-panels__content\">\n<article class=\"a-teaser\">\n    <div class=\"a-teaser__content\">\n        <h2 class=\"a-teaser__title\">Ako vznikla MAGNA<\/h2>\n        <div class=\"a-teaser__text\">\n            <p>My\u0161lienka zalo\u017eenia organiz\u00e1cie, ktor\u00e1 bude prin\u00e1\u0161a\u0165 svedectv\u00e1 a poskytova\u0165 zdravotn\u00fa pomoc \u013eu\u010fom v \u010dase humanit\u00e1rnych katastrof, pri\u0161la v roku 2000. Vtedy sa fotograf <strong>Martin Band\u017e\u00e1k<\/strong> a psychologi\u010dka\u00a0<strong>Denisa August\u00ednov\u00e1<\/strong> vr\u00e1tili zo zdravotn\u00edckeho zariadenia pre obete \u010dernobylskej katastrofy na Kube. Na mieste str\u00e1vili nieko\u013eko mesiacov, zdokumentovali pr\u00edbehy det\u00ed z Ukrajiny a Bieloruska, ktor\u00e9 i 15 rokov po trag\u00e9dii trpeli r\u00f4znymi anom\u00e1liami a z\u00e1va\u017en\u00fdmi chorobami. Zariadenie \u201eTarara\u201c sa nach\u00e1dzalo nieko\u013eko kilometrov od hlavn\u00e9ho mesta Havana a sl\u00fa\u017eilo na ukrytie t\u00fdchto det\u00ed pred svetom. Ich pr\u00edbehy vtedy \u0161okovali verejnos\u0165 a boli publikovan\u00e9 v mnoh\u00fdch slovensk\u00fdch i \u010desk\u00fdch m\u00e9di\u00e1ch.<\/p>\n<p>Na z\u00e1klade tejto sk\u00fasenosti do\u0161lo k zalo\u017eeniu organiz\u00e1cie MAGNA, ktorej z\u00e1kladn\u00e9 piliere s\u00fa:<\/p>\n<ul>\n<li>Slobodne si m\u00f4c\u0165 vybra\u0165 miesto na poskytnutie zdravotnej a soci\u00e1lnej pomoci.<\/li>\n<li>V dobe humanit\u00e1rnych kr\u00edz r\u00fdchlo zasiahn\u00fa\u0165 tam, kde je to najviac potrebn\u00e9, a pom\u00f4c\u0165 \u013eu\u010fom, bez oh\u013eadu na ich etnick\u00e9, n\u00e1bo\u017eensk\u00e9 alebo politick\u00e9 z\u00e1ujmy.<\/li>\n<li>Vytv\u00e1ra\u0165 inovativn\u00e9 zdravotn\u00edcke projekty na pomoc jednotlivcom.<\/li>\n<li>Dokumentova\u0165 osudy obet\u00ed katastrof a prin\u00e1\u0161a\u0165 svedectv\u00e1 zo zabudnut\u00fdch \u010dast\u00ed sveta, ktor\u00e9 by sa k \u0161irokej verejnosti inak nedostali.<\/li>\n<\/ul>\n<p><strong>MAGNA bola zalo\u017een\u00e1 na Slovensku v roku 2001.<\/strong><\/p>\n\n        <\/div>\n    <\/div>\n    <div class=\"a-teaser__image\">\n        <div class=\"a-teaser__img\" style=\"background-image:url('https\\:\\\/\\\/www\\.magna\\.org\\\/fr\\\/wp-content\\\/uploads\\\/2022\\\/09\\\/homepage-nasa-historia-mb2000002-w003-02\\.jpg')\"><\/div>\n    <\/div>\n<\/article>        <\/div>\n    <\/div>\n<\/section>\n\n<section class=\"s-article-full s-article-full--secondary s-article-full--right hc-section-space--normal\">\n    <div class=\"s-article-full__inner\">\n        <div class=\"s-article-full__content\">\n            <h2 class=\"s-article-full__title\">Prv\u00e1 misia<\/h2>\n            <div class=\"s-article-full__text\">\n                <p>AIDS v Kambod\u017ei \u2013 V roku 2002 sa tis\u00edce \u013eud\u00ed stali obe\u0165ami pand\u00e9mie AIDS, ktor\u00e1 zasiahla krajinu a sp\u00f4sobila obrovsk\u00e9 straty na \u017eivotoch. Po rodi\u010doch, ktor\u00ed n\u00e1kaze pod\u013eahli &#8211; uv\u00e1dza sa, \u017ee v tomto obdob\u00ed na ochorenia spojen\u00e9 s AIDS zomrelo a\u017e 250 000 \u013eud\u00ed &#8211; zostali siroty, z ktor\u00fdch mnoh\u00e9 boli nakazen\u00e9 u\u017e pri naroden\u00ed a umierali na uliciach bez akejko\u013evek lek\u00e1rskej pomoci. V zemi neexistovala zdravotn\u00e1 pomoc, medzin\u00e1rodn\u00e9 organiz\u00e1cie ako Lek\u00e1ri bez hran\u00edc alebo Lek\u00e1ri sveta postupne za\u010dali s lie\u010dbou dospel\u00fdch, ostatn\u00ed sa len prizerali. Nefunk\u010dn\u00fd zdravotn\u00fd syst\u00e9m a extr\u00e9mna chudoba rod\u00edn, z ktor\u00fdch deti poch\u00e1dzali, im neumo\u017e\u0148ovali sa o ne postara\u0165. Nakazen\u00fdm de\u0165om, tzv. \u201edruhej vlne\u201c, nemal kto poskytn\u00fa\u0165 potrebn\u00fa lie\u010dbu a starostlivos\u0165.<\/p>\n<p>Martin Band\u017e\u00e1k a Denisa August\u00ednov\u00e1 sa stali o\u010dit\u00fdmi svedkami tejto trag\u00e9die. Pragmaticky a s ve\u013ek\u00fdm nasaden\u00edm za\u010dali situ\u00e1ciu rie\u0161i\u0165 a otvorili zariadenie pre lie\u010dbu nakazen\u00fdch det\u00ed v hlavnom meste Phnom Penh. Zabezpe\u010dili im antiretrovir\u00e1lnu (ARV) lie\u010dbu, ktor\u00e1 mnoh\u00fdm zachr\u00e1nila \u017eivot. Povolali do krajiny t\u00edmy zdravotn\u00edkov zo Slovenska, miestnych lek\u00e1rov zau\u010dili a zapojili ich do pr\u00e1ce. Za p\u00e1r mesiacov MAGNA nastavila na lie\u010dbu svojho prv\u00e9ho pacienta a stala se tak jednou z prv\u00fdch organiz\u00e1ci\u00ed, ktor\u00e1 za\u010dala lie\u010di\u0165 HIV\/AIDS detsk\u00fdch pacientov.<\/p>\n\n            <\/div>\n        <\/div>\n        <div class=\"s-article-full__image\">\n            <div class=\"s-article-full__img\" style=\"background-image:url('https:\/\/www.magna.org\/fr\/wp-content\/uploads\/2022\/08\/homepage-kto-sme-mb2005003w00417-552x373.jpg')\"><\/div>\n        <\/div>\n    <\/div>\n<\/section>\n\n<section class=\"s-panels hc-section-space--normal\">\n    <div class=\"s-panels__inner\">\n        <div class=\"s-panels__aside s-panels__aside--empty\"><\/div>\n        <div class=\"s-panels__content\">\n<article class=\"a-teaser\">\n    <div class=\"a-teaser__content\">\n        <h2 class=\"a-teaser__title\">MAGNA dnes &#8211; glob\u00e1lna organizacia<\/h2>\n        <div class=\"a-teaser__text\">\n            <p>Za posledn\u00e9 dve desa\u0165ro\u010dia sa MAGNA rozr\u00e1stla zo skupiny nieko\u013ek\u00fdch dobrovo\u013en\u00edkov na medzin\u00e1rodn\u00fa organiz\u00e1ciu so stovkami pracovn\u00edkov v ter\u00e9ne, ktor\u00ed ka\u017edoro\u010dne poskytuj\u00fa viac ako 300 tis\u00edc zdravotn\u00fdch konzult\u00e1ci\u00ed v desiatkach nemocn\u00edc po celom svete.<\/p>\n<p>Z\u00e1kladn\u00e9 hodnoty humanizmu, nez\u00e1vislosti, neutrality a nestrannosti, ktor\u00e9 spojili prv\u00fdch \u010dlenov a dobrovo\u013en\u00edkov v roku 2001, na\u010falej poh\u00e1\u0148aj\u00fa na\u0161u pr\u00e1cu.<\/p>\n\n        <\/div>\n            <div class=\"a-teaser__cta\">\n                <a href=\"http:\/\/20rokov.magna.org\" target=\"_blank\" class=\"e-link e-link--dark\">20 rokov MAGNA<\/a>\n            <\/div>\n    <\/div>\n    <div class=\"a-teaser__image\">\n        <div class=\"a-teaser__img\" style=\"background-image:url('https\\:\\\/\\\/www\\.magna\\.org\\\/fr\\\/wp-content\\\/uploads\\\/2022\\\/09\\\/homepage-nasa-historia-img-8342\\.jpg')\"><\/div>\n    <\/div>\n<\/article>        <\/div>\n    <\/div>\n<\/section>","protected":false},"excerpt":{"rendered":"","protected":false},"author":2,"featured_media":370,"parent":25,"menu_order":2,"comment_status":"closed","ping_status":"closed","template":"page-subpage.php","meta":{"_acf_changed":false,"inline_featured_image":false,"footnotes":""},"class_list":["post-346","page","type-page","status-publish","has-post-thumbnail","hentry"],"acf":[],"yoast_head":"<!-- This site is optimized with the Yoast SEO plugin v24.3 - https:\/\/yoast.com\/wordpress\/plugins\/seo\/ -->\n<title>Na\u0161a hist\u00f3ria - Magna<\/title>\n<meta name=\"robots\" content=\"index, follow, max-snippet:-1, max-image-preview:large, max-video-preview:-1\" \/>\n<link rel=\"canonical\" href=\"https:\/\/www.magna.org\/fr\/sk\/o-nas\/nasa-historia\/\" \/>\n<meta property=\"og:locale\" content=\"en_US\" \/>\n<meta property=\"og:type\" content=\"article\" \/>\n<meta property=\"og:title\" content=\"Na\u0161a hist\u00f3ria - Magna\" \/>\n<meta property=\"og:url\" content=\"https:\/\/www.magna.org\/fr\/sk\/o-nas\/nasa-historia\/\" \/>\n<meta property=\"og:site_name\" content=\"Magna\" \/>\n<meta property=\"article:modified_time\" content=\"2022-12-01T10:17:45+00:00\" \/>\n<meta property=\"og:image\" content=\"https:\/\/www.magna.org\/fr\/wp-content\/uploads\/2022\/09\/homepage-nasa-historia-mb2005011w02704-e1669889852791.jpg\" \/>\n\t<meta property=\"og:image:width\" content=\"1154\" \/>\n\t<meta property=\"og:image:height\" content=\"666\" \/>\n\t<meta property=\"og:image:type\" content=\"image\/jpeg\" \/>\n<meta name=\"twitter:card\" content=\"summary_large_image\" \/>\n<script type=\"application\/ld+json\" class=\"yoast-schema-graph\">{\"@context\":\"https:\/\/schema.org\",\"@graph\":[{\"@type\":\"WebPage\",\"@id\":\"https:\/\/www.magna.org\/fr\/sk\/o-nas\/nasa-historia\/\",\"url\":\"https:\/\/www.magna.org\/fr\/sk\/o-nas\/nasa-historia\/\",\"name\":\"Na\u0161a hist\u00f3ria - Magna\",\"isPartOf\":{\"@id\":\"https:\/\/www.magna.org\/fr\/#website\"},\"primaryImageOfPage\":{\"@id\":\"https:\/\/www.magna.org\/fr\/sk\/o-nas\/nasa-historia\/#primaryimage\"},\"image\":{\"@id\":\"https:\/\/www.magna.org\/fr\/sk\/o-nas\/nasa-historia\/#primaryimage\"},\"thumbnailUrl\":\"https:\/\/www.magna.org\/fr\/wp-content\/uploads\/2022\/09\/homepage-nasa-historia-mb2005011w02704-e1669889852791.jpg\",\"datePublished\":\"2022-09-08T16:14:15+00:00\",\"dateModified\":\"2022-12-01T10:17:45+00:00\",\"breadcrumb\":{\"@id\":\"https:\/\/www.magna.org\/fr\/sk\/o-nas\/nasa-historia\/#breadcrumb\"},\"inLanguage\":\"en-US\",\"potentialAction\":[{\"@type\":\"ReadAction\",\"target\":[\"https:\/\/www.magna.org\/fr\/sk\/o-nas\/nasa-historia\/\"]}]},{\"@type\":\"ImageObject\",\"inLanguage\":\"en-US\",\"@id\":\"https:\/\/www.magna.org\/fr\/sk\/o-nas\/nasa-historia\/#primaryimage\",\"url\":\"https:\/\/www.magna.org\/fr\/wp-content\/uploads\/2022\/09\/homepage-nasa-historia-mb2005011w02704-e1669889852791.jpg\",\"contentUrl\":\"https:\/\/www.magna.org\/fr\/wp-content\/uploads\/2022\/09\/homepage-nasa-historia-mb2005011w02704-e1669889852791.jpg\",\"width\":1154,\"height\":666},{\"@type\":\"BreadcrumbList\",\"@id\":\"https:\/\/www.magna.org\/fr\/sk\/o-nas\/nasa-historia\/#breadcrumb\",\"itemListElement\":[{\"@type\":\"ListItem\",\"position\":1,\"name\":\"Home\",\"item\":\"https:\/\/www.magna.org\/fr\/sk\/\"},{\"@type\":\"ListItem\",\"position\":2,\"name\":\"Kto sme\",\"item\":\"https:\/\/www.magna.org\/fr\/sk\/o-nas\/\"},{\"@type\":\"ListItem\",\"position\":3,\"name\":\"Na\u0161a hist\u00f3ria\"}]},{\"@type\":\"WebSite\",\"@id\":\"https:\/\/www.magna.org\/fr\/#website\",\"url\":\"https:\/\/www.magna.org\/fr\/\",\"name\":\"Magna\",\"description\":\"Just another WordPress site\",\"potentialAction\":[{\"@type\":\"SearchAction\",\"target\":{\"@type\":\"EntryPoint\",\"urlTemplate\":\"https:\/\/www.magna.org\/fr\/?s={search_term_string}\"},\"query-input\":{\"@type\":\"PropertyValueSpecification\",\"valueRequired\":true,\"valueName\":\"search_term_string\"}}],\"inLanguage\":\"en-US\"}]}<\/script>\n<!-- \/ Yoast SEO plugin. -->","yoast_head_json":{"title":"Na\u0161a hist\u00f3ria - Magna","robots":{"index":"index","follow":"follow","max-snippet":"max-snippet:-1","max-image-preview":"max-image-preview:large","max-video-preview":"max-video-preview:-1"},"canonical":"https:\/\/www.magna.org\/fr\/sk\/o-nas\/nasa-historia\/","og_locale":"en_US","og_type":"article","og_title":"Na\u0161a hist\u00f3ria - Magna","og_url":"https:\/\/www.magna.org\/fr\/sk\/o-nas\/nasa-historia\/","og_site_name":"Magna","article_modified_time":"2022-12-01T10:17:45+00:00","og_image":[{"width":1154,"height":666,"url":"https:\/\/www.magna.org\/fr\/wp-content\/uploads\/2022\/09\/homepage-nasa-historia-mb2005011w02704-e1669889852791.jpg","type":"image\/jpeg"}],"twitter_card":"summary_large_image","schema":{"@context":"https:\/\/schema.org","@graph":[{"@type":"WebPage","@id":"https:\/\/www.magna.org\/fr\/sk\/o-nas\/nasa-historia\/","url":"https:\/\/www.magna.org\/fr\/sk\/o-nas\/nasa-historia\/","name":"Na\u0161a hist\u00f3ria - Magna","isPartOf":{"@id":"https:\/\/www.magna.org\/fr\/#website"},"primaryImageOfPage":{"@id":"https:\/\/www.magna.org\/fr\/sk\/o-nas\/nasa-historia\/#primaryimage"},"image":{"@id":"https:\/\/www.magna.org\/fr\/sk\/o-nas\/nasa-historia\/#primaryimage"},"thumbnailUrl":"https:\/\/www.magna.org\/fr\/wp-content\/uploads\/2022\/09\/homepage-nasa-historia-mb2005011w02704-e1669889852791.jpg","datePublished":"2022-09-08T16:14:15+00:00","dateModified":"2022-12-01T10:17:45+00:00","breadcrumb":{"@id":"https:\/\/www.magna.org\/fr\/sk\/o-nas\/nasa-historia\/#breadcrumb"},"inLanguage":"en-US","potentialAction":[{"@type":"ReadAction","target":["https:\/\/www.magna.org\/fr\/sk\/o-nas\/nasa-historia\/"]}]},{"@type":"ImageObject","inLanguage":"en-US","@id":"https:\/\/www.magna.org\/fr\/sk\/o-nas\/nasa-historia\/#primaryimage","url":"https:\/\/www.magna.org\/fr\/wp-content\/uploads\/2022\/09\/homepage-nasa-historia-mb2005011w02704-e1669889852791.jpg","contentUrl":"https:\/\/www.magna.org\/fr\/wp-content\/uploads\/2022\/09\/homepage-nasa-historia-mb2005011w02704-e1669889852791.jpg","width":1154,"height":666},{"@type":"BreadcrumbList","@id":"https:\/\/www.magna.org\/fr\/sk\/o-nas\/nasa-historia\/#breadcrumb","itemListElement":[{"@type":"ListItem","position":1,"name":"Home","item":"https:\/\/www.magna.org\/fr\/sk\/"},{"@type":"ListItem","position":2,"name":"Kto sme","item":"https:\/\/www.magna.org\/fr\/sk\/o-nas\/"},{"@type":"ListItem","position":3,"name":"Na\u0161a hist\u00f3ria"}]},{"@type":"WebSite","@id":"https:\/\/www.magna.org\/fr\/#website","url":"https:\/\/www.magna.org\/fr\/","name":"Magna","description":"Just another WordPress site","potentialAction":[{"@type":"SearchAction","target":{"@type":"EntryPoint","urlTemplate":"https:\/\/www.magna.org\/fr\/?s={search_term_string}"},"query-input":{"@type":"PropertyValueSpecification","valueRequired":true,"valueName":"search_term_string"}}],"inLanguage":"en-US"}]}},"_links":{"self":[{"href":"https:\/\/www.magna.org\/fr\/wp-json\/wp\/v2\/pages\/346","targetHints":{"allow":["GET"]}}],"collection":[{"href":"https:\/\/www.magna.org\/fr\/wp-json\/wp\/v2\/pages"}],"about":[{"href":"https:\/\/www.magna.org\/fr\/wp-json\/wp\/v2\/types\/page"}],"author":[{"embeddable":true,"href":"https:\/\/www.magna.org\/fr\/wp-json\/wp\/v2\/users\/2"}],"replies":[{"embeddable":true,"href":"https:\/\/www.magna.org\/fr\/wp-json\/wp\/v2\/comments?post=346"}],"version-history":[{"count":43,"href":"https:\/\/www.magna.org\/fr\/wp-json\/wp\/v2\/pages\/346\/revisions"}],"predecessor-version":[{"id":800,"href":"https:\/\/www.magna.org\/fr\/wp-json\/wp\/v2\/pages\/346\/revisions\/800"}],"up":[{"embeddable":true,"href":"https:\/\/www.magna.org\/fr\/wp-json\/wp\/v2\/pages\/25"}],"wp:featuredmedia":[{"embeddable":true,"href":"https:\/\/www.magna.org\/fr\/wp-json\/wp\/v2\/media\/370"}],"wp:attachment":[{"href":"https:\/\/www.magna.org\/fr\/wp-json\/wp\/v2\/media?parent=346"}],"curies":[{"name":"wp","href":"https:\/\/api.w.org\/{rel}","templated":true}]}}