{"id":3725,"date":"2022-11-14T19:29:15","date_gmt":"2022-11-14T19:29:15","guid":{"rendered":"https:\/\/www.magna.org\/fr\/?page_id=3725"},"modified":"2023-03-17T13:10:19","modified_gmt":"2023-03-17T13:10:19","slug":"stante-sa-pravidelnym-darcom","status":"publish","type":"page","link":"https:\/\/www.magna.org\/fr\/sk\/podporte-nas\/stante-sa-pravidelnym-darcom\/","title":{"rendered":"Sta\u0148te sa pravideln\u00fdm darcom"},"content":{"rendered":"<div class=\"e-content-text\"><div class=\"e-content-text__inner\">\n<h4 class=\"has-text-align-center wp-block-heading\">Darujte ka\u017ed\u00fd mesiac, zachr\u00e1nite viac \u017eivotov.<\/h4>\n<\/div><\/div>\n\n<section class=\"s-home-hero s-home-hero--red hc-section-space--normal\">\n    <div class=\"s-home-hero__inner\">\n        <div class=\"s-home-hero__media\">\n            <img loading=\"lazy\" decoding=\"async\" width=\"698\" height=\"524\" src=\"https:\/\/www.magna.org\/fr\/wp-content\/uploads\/2022\/09\/homepage-financie-a-reporty-yumbi-advert-rgb-desktop-698x524.jpg\" class=\"attachment-magna-hero size-magna-hero\" alt=\"\" srcset=\"https:\/\/www.magna.org\/fr\/wp-content\/uploads\/2022\/09\/homepage-financie-a-reporty-yumbi-advert-rgb-desktop-698x524.jpg 698w, https:\/\/www.magna.org\/fr\/wp-content\/uploads\/2022\/09\/homepage-financie-a-reporty-yumbi-advert-rgb-desktop-1396x1048.jpg 1396w\" sizes=\"auto, (max-width: 698px) 100vw, 698px\" \/>\n        <\/div>\n        <div class=\"s-home-hero__content\">\n            <h2 class=\"s-home-hero__title\">Darujte online<\/h2>\n            <div class=\"s-home-hero__text\">\n                <p>Ako pravideln\u00fd darca zohr\u00e1vate d\u00f4le\u017eit\u00fa \u00falohu pri na\u0161ej pr\u00e1ci. V\u010faka v\u00e1m sme pripraven\u00ed zachra\u0148ova\u0165 \u017eivoty v \u010do najkrat\u0161om \u010dase.<\/p>\n            <\/div>\n            <div class=\"s-home-hero__cta\">\n                <a href=\"https:\/\/donate.magna.org\/\" target=\"\" class=\"e-btn e-btn--dark\">Chcem darova\u0165<\/a>\n            <\/div>\n        <\/div>\n    <\/div>\n<\/section>\n\n<div class=\"e-content-text\"><div class=\"e-content-text__inner\">\n<h2 class=\"wp-block-heading\">Pre\u010do sa sta\u0165 pravideln\u00fdm darcom?<\/h2>\n<\/div><\/div>\n\n<div class=\"e-content-text\"><div class=\"e-content-text__inner\">\n<p>Magna Partneri poskytuj\u00fa pravideln\u00fd opakuj\u00faci sa dar, ktor\u00fd sa automaticky prev\u00e1dza kazd\u00fd mesiac z kreditnej karty alebo bankov\u00e9ho \u00fa\u010dtu a je mo\u017en\u00e9 ho kedyko\u013evek upravi\u0165 alebo pozastavi\u0165. Bez oh\u013eadu na sumu m\u00e1 v\u00e1\u0161 opakovan\u00fd dar ve\u013ek\u00fd vplyv. <\/p>\n<\/div><\/div>\n\n<div class=\"e-content-text\"><div class=\"e-content-text__inner\">\n<p>Pravideln\u00e9 dary n\u00e1m umo\u017e\u0148uj\u00fa r\u00fdchlo reagova\u0165, ke\u010f nastane kr\u00edza. V\u010faka va\u0161ej lojalite m\u00f4\u017eeme zasiahnu\u0165 hne\u010f bez toho, aby sme \u010dakali na doru\u010denie nov\u00fdch darov. <\/p>\n<\/div><\/div>\n\n<div class=\"e-content-text\"><div class=\"e-content-text__inner\">\n<p>Ke\u010f\u017ee vieme, \u017ee sa m\u00f4\u017eeme spo\u013eahn\u00fa\u0165 na to, \u017ee dostaneme v\u00e1\u0161 opakuj\u00faci sa dar, vieme sa pripravi\u0165  na ak\u00fako\u013evek n\u00fadzov\u00fa situ\u00e1ciu alebo kr\u00edzu, na ktor\u00fa zareagujeme.<\/p>\n<\/div><\/div>\n\n<div class=\"e-content-text\"><div class=\"e-content-text__inner\">\n<p>Na\u0161e t\u00edmy na mieste sa \u010dasto stret\u00e1vaj\u00fa s neo\u010dak\u00e1van\u00fdmi kr\u00edzami. Pravideln\u00e9 dary n\u00e1m umo\u017e\u0148uj\u00fa r\u00fdchlo a efekt\u00edvne zasiahnu\u0165 v \u010dase n\u00fadze.<\/p>\n<\/div><\/div>\n\n<div class=\"e-content-text\"><div class=\"e-content-text__inner\">\n<ul class=\"wp-block-list\">\n<li><strong><a href=\"https:\/\/donate.magna.org\/sk\/pomahajte-kazdy-mesiac\/\">Darujte online<\/a><\/strong><\/li>\n\n\n\n<li><strong><a href=\"https:\/\/sms.magna.org\">Darujte cez SMS<\/a><\/strong><\/li>\n<\/ul>\n<\/div><\/div>\n\n<div class=\"e-content-text\"><div class=\"e-content-text__inner\">\n<p><strong>SMS darovanie je alternat\u00edvou k online darcovstvu. Umo\u017e\u0148uje v\u00e1m r\u00fdchlo a efekt\u00edvne poskytn\u00fa\u0165 pravideln\u00fd dar. Sta\u010d\u00ed posla\u0165 SMS v tvare MAGNA na \u010d\u00edslo 806 a nastav\u00edte si pravideln\u00e9 prispievanievo v\u00fd\u0161ke 6,-Eur\/mesa\u010dne.<\/strong><\/p>\n<\/div><\/div>\n\n<div class=\"e-content-text\"><div class=\"e-content-text__inner\">\n<p>Podpora od Magna partnerov v ter\u00e9ne n\u00e1m tie\u017e umo\u017e\u0148uje minimalizova\u0165 na\u0161e n\u00e1klady na z\u00edskavanie finan\u010dn\u00fdch prostriedkov, aby sme mohli viac na\u0161ich zdrojov investova\u0165 priamo do poskytovania zdravotnej starostlivosti t\u00fdm, ktor\u00ed n\u00e1s najviac potrebuj\u00fa.<\/p>\n<\/div><\/div>\n\n<div class=\"e-content-text\"><div class=\"e-content-text__inner\">\n<p>Ako pravideln\u00fd darca m\u00e1te pr\u00edstup na podujatia v r\u00e1mci na\u0161ho humanit\u00e1rneho centra, vernis\u00e1\u017ee v\u00fdstav a pod. Dost\u00e1vate aj n\u00e1\u0161 \u010dasopis, ktor\u00fd obsahuje fotografie a pr\u00edbehy o pomoci, ktor\u00fa umo\u017e\u0148ujete po celom svete.<\/p>\n<\/div><\/div>\n\n<div class=\"e-content-cite\">\n    <blockquote class=\"e-content-cite__wrap\">\n        <div class=\"e-content-cite__text\">U n\u00e1s m\u00e1 ka\u017ed\u00fd \u010dlovek pr\u00e1vo na zdravotn\u00fa starostlivos\u0165 zakotven\u00fa v \u00fastave. Ak sa v Kambod\u017ei niekto narod\u00ed na okraji spolo\u010dnosti, v \u0161pine, v biede, \u010di slume, je len mal\u00e1 \u0161anca, \u017ee sa sa odtia\u013e dostane bez pomocnej ruky zvonka.<\/div>\n        <div class=\"e-content-cite__author\">J\u00falia Hor\u00e1kov\u00e1, MAGNA lek\u00e1rka<\/div>\n    <\/blockquote>\n<\/div>\n\n<section class=\"s-stats hc-section-space--normal\">\n    <div class=\"s-stats__inner\">\n        <div class=\"s-stats__wrap\">\n            <div class=\"s-stats__header\">\n                <h2 class=\"s-stats__title\">N\u00e1\u0161 z\u00e1sah<\/h2>\n                <div class=\"s-stats__aside\">\n                    <a href=\"https:\/\/donate.magna.org\/sk\/pomahajte-kazdy-mesiac\/\" target=\"\" class=\"e-link e-link--primary\">Chcem darova\u0165<\/a>\n                <\/div>\n            <\/div>\n            <div class=\"s-stats__content\">\n                <div class=\"s-stats__items\">\n                    <div class=\"s-stats__item\">\n                        <h4 class=\"s-stats__item-value\">300.000<\/h4>\n                        <div class=\"s-stats__item-label\">\u013dUD\u00cd LIE\u010cEN\u00ddCH NA UKRAJINE<\/div>\n                    <\/div>\n                    <div class=\"s-stats__item\">\n                        <h4 class=\"s-stats__item-value\">12.000<\/h4>\n                        <div class=\"s-stats__item-label\">MATERSK\u00ddCH KONZULT\u00c1CI\u00cd V LIBANONE<\/div>\n                    <\/div>\n                    <div class=\"s-stats__item\">\n                        <h4 class=\"s-stats__item-value\">25.000<\/h4>\n                        <div class=\"s-stats__item-label\">DET\u00cd LIE\u010cEN\u00ddCH NA PODV\u00dd\u017dIVU V KONGU<\/div>\n                    <\/div>\n                    <div class=\"s-stats__item\">\n                        <h4 class=\"s-stats__item-value\">3.500<\/h4>\n                        <div class=\"s-stats__item-label\">LIE\u010cEN\u00ddCH DET\u00cd S HIV\/AIDS V KAMBOD\u017dI<\/div>\n                    <\/div>\n                <\/div>\n            <\/div>\n        <\/div>\n    <\/div>\n<\/section>\n\n<div class=\"e-content-text\"><div class=\"e-content-text__inner\">\n<h2 class=\"wp-block-heading\">Ako funguje pravideln\u00e9 darcovstvo?<\/h2>\n<\/div><\/div>\n\n<div class=\"e-content-text\"><div class=\"e-content-text__inner\">\n<p class=\"has-vivid-red-color has-text-color\"><strong>Je to jednoduch\u00e9: <\/strong>Ka\u017ed\u00fd mesiac je v\u00e1\u0161 dar automaticky preveden\u00fd z va\u0161ej kreditnej karty alebo bankov\u00e9ho \u00fa\u010dtu. an \u00fa\u010det organiz\u00e1cie MAGNA Svoj dar m\u00f4\u017eete kedyko\u013evek zv\u00fd\u0161i\u0165, zn\u00ed\u017ei\u0165 alebo pozastavi\u0165.<\/p>\n<\/div><\/div>\n\n<div class=\"e-content-text\"><div class=\"e-content-text__inner\">\n<h3 class=\"wp-block-heading\">V\u00fdhody opakovan\u00e9ho daru<\/h3>\n<\/div><\/div>\n\n<div class=\"e-content-text\"><div class=\"e-content-text__inner\">\n<p><strong>Pohodlie<\/strong>. Raz za mesiac sa v\u00e1\u0161 dar automaticky prevedie z va\u0161ej kreditnej karty alebo bankov\u00e9ho \u00fa\u010dtu na \u00fa\u010det organiz\u00e1cie MAGNA. Nemus\u00edte sa stara\u0165 o ni\u010d, len z pohodlia va\u0161ej obyva\u010dky pom\u00e1hate zachra\u0148ova\u0165 \u017eivoty det\u00ed.<\/p>\n<\/div><\/div>\n\n<div class=\"e-content-text\"><div class=\"e-content-text__inner\">\n<p><strong>Kontrola<\/strong>. Nad va\u0161im darom m\u00e1te 100 percentn\u00fa kontrolu. Svoj dar m\u00f4\u017eete kedyko\u013evek zv\u00fd\u0161i\u0165, zn\u00ed\u017ei\u0165 alebo pozastavi\u0165.<\/p>\n<\/div><\/div>\n\n<div class=\"e-content-text\"><div class=\"e-content-text__inner\">\n<p><strong>Ste s\u00fa\u010das\u0165ou komunity<\/strong>. Ako Magna Partner m\u00e1te pr\u00edstup k exkluz\u00edvnym udalostiam v na\u0161om humanit\u00e1rnom centre, pozv\u00e1nkam na v\u00fdstavy, \u017eiv\u00e9 vstupy z ter\u00e9nu alebo r\u00f4zne \u010fa\u013e\u0161ie udalosti.<\/p>\n<\/div><\/div>\n\n<div class=\"e-content-text\"><div class=\"e-content-text__inner\">\n<p><strong>Komunik\u00e1cia<\/strong>. Dost\u00e1vate n\u00e1\u0161 \u010dasopis, ktor\u00fd obsahuje siln\u00e9 pr\u00edbehy a fotografie, ktor\u00e9 zachyt\u00e1vaj\u00fa to, \u010do spolu v ter\u00e9ne rob\u00edme. Zarove\u0148 ka\u017ed\u00fd mesiac viete kde, komu a ako pom\u00e1hate.<\/p>\n<\/div><\/div>\n\n<div class=\"e-content-support\">\n    <div class=\"e-content-support__box\" style=\"background-image:url('https:\/\/www.magna.org\/fr\/wp-content\/uploads\/2022\/09\/homepage-financie-a-reporty-yumbi-advert-rgb-desktop.jpg')\">\n        <div class=\"e-content-support__content\">\n            <h3 class=\"e-content-support__title\"><\/h3>\n        <\/div>\n        <div class=\"e-content-support__donate\">\n<article class=\"a-donate js-donate\">\n    <div class=\"a-donate__content\">\n        <h3 class=\"a-donate__title\">Sta\u0148te sa Magna partner<\/h3>\n        <div class=\"a-donate__select\">\n            <div class=\"a-donate__select-item\">\n                <input type=\"radio\" name=\"f-donate\" class=\"js-donate__radio\" id=\"f-donate-input-657230824218011775d0ea7350927267\" data-amounts=\"#f-donate-amounts-657230824218011775d0ea7350927267\" checked>\n                <label for=\"f-donate-input-657230824218011775d0ea7350927267\">Pom\u00e1hajte ka\u017ed\u00fd mesiac<\/label>\n            <\/div>\n        <\/div>\n    <\/div>\n    <div class=\"a-donate__footer\">\n            <div id=\"f-donate-amounts-657230824218011775d0ea7350927267\" class=\"a-donate__choose js-donate__amounts\">\n                <select class=\"js-selectric js-donate__select\">\n                    <option value=\"https:\/\/donate.magna.org\/sk\/pomahajte-kazdy-mesiac\/?type=regular&amp;amount=9\">9 \u20ac<\/option>\n                    <option value=\"https:\/\/donate.magna.org\/sk\/pomahajte-kazdy-mesiac\/?type=regular&amp;amount=15\">15 \u20ac<\/option>\n                    <option value=\"https:\/\/donate.magna.org\/sk\/pomahajte-kazdy-mesiac\/?type=regular&amp;amount=30\">30 \u20ac<\/option>\n                <\/select>\n                <button class=\"e-btn e-btn--primary e-btn--full js-donate__submit\"><span>Donate<\/span><i class=\"icon-heart\"><\/i><\/button>\n            <\/div>\n    <\/div>\n<\/article>        <\/div>\n    <\/div>\n<\/div>\n\n<section class=\"s-help hc-section-space--normal\">\n    <div class=\"s-help__inner\">\n        <h2 class=\"s-help__title\">Pozrite tie\u017e<\/h2>\n        <div class=\"s-help__content\">\n            <div class=\"s-help__items\">\n                <div class=\"s-help__item\">\n                    <article class=\"a-help\">\n                        <a href=\"https:\/\/www.magna.org\/fr\/podporte-nas\/fond-urgentnej-pomoci\/\" target=\"\" class=\"a-help__link\"><\/a>\n                        <div class=\"a-help__content\">\n                            <h3 class=\"a-help__title\">Fond urgentnej pomoci<\/h3>\n                            <div class=\"a-help__cta\">\n                                <a href=\"https:\/\/www.magna.org\/fr\/podporte-nas\/fond-urgentnej-pomoci\/\" target=\"\" >Zisti\u0165 viac<\/a>\n                            <\/div>\n                        <\/div>\n                    <\/article>\n                <\/div>\n                <div class=\"s-help__item\">\n                    <article class=\"a-help\">\n                        <a href=\"https:\/\/sms.magna.org\" target=\"\" class=\"a-help__link\"><\/a>\n                        <div class=\"a-help__content\">\n                            <h3 class=\"a-help__title\">Darujte cez SMS<\/h3>\n                            <div class=\"a-help__cta\">\n                                <a href=\"https:\/\/sms.magna.org\" target=\"\" >Zisti\u0165 viac<\/a>\n                            <\/div>\n                        <\/div>\n                    <\/article>\n                <\/div>\n                <div class=\"s-help__item\">\n                    <article class=\"a-help\">\n                        <a href=\"https:\/\/hospital.magna.org\" target=\"\" class=\"a-help__link\"><\/a>\n                        <div class=\"a-help__content\">\n                            <h3 class=\"a-help__title\">Dar\u010dek, ktor\u00fd lie\u010di<\/h3>\n                            <div class=\"a-help__cta\">\n                                <a href=\"https:\/\/hospital.magna.org\" target=\"\" >Zis\u0165it viac<\/a>\n                            <\/div>\n                        <\/div>\n                    <\/article>\n                <\/div>\n                <div class=\"s-help__item\">\n                    <article class=\"a-help\">\n                        <a href=\"https:\/\/www.magna.org\/fr\/podporte-nas\/liecime-na-ukrajine\/\" target=\"\" class=\"a-help__link\"><\/a>\n                        <div class=\"a-help__content\">\n                            <h3 class=\"a-help__title\">Lie\u010dime na Ukrajine<\/h3>\n                            <div class=\"a-help__cta\">\n                                <a href=\"https:\/\/www.magna.org\/fr\/podporte-nas\/liecime-na-ukrajine\/\" target=\"\" >Zisti\u0165 viac<\/a>\n                            <\/div>\n                        <\/div>\n                    <\/article>\n                <\/div>\n            <\/div>\n        <\/div>\n    <\/div>\n<\/section>\n\n<div class=\"e-content-text\"><div class=\"e-content-text__inner\">\n<h2 class=\"has-text-align-center wp-block-heading\">M\u00e1te \u010fa\u013e\u0161ie ot\u00e1zky alebo sa chcete zapoji\u0165?<\/h2>\n<\/div><\/div>\n\n<div class=\"e-content-text\"><div class=\"e-content-text__inner\">\n<p class=\"has-text-align-center\">Zavolajte na <a href=\"tel:+421 917 827 827\">+421 917 827 827<\/a> alebo po\u0161lite e-mail na&nbsp;<a href=\"mailto:dar@magna.org\">dar@magna.org<\/a>&nbsp;a my v\u00e1m radi pom\u00f4\u017eeme.<\/p>\n<\/div><\/div>","protected":false},"excerpt":{"rendered":"<p>Darujte ka\u017ed\u00fd mesiac, zachr\u00e1nite viac \u017eivotov. Pre\u010do sa sta\u0165 pravideln\u00fdm darcom? Magna Partneri poskytuj\u00fa pravideln\u00fd opakuj\u00faci sa dar, ktor\u00fd sa automaticky prev\u00e1dza kazd\u00fd mesiac z kreditnej karty alebo bankov\u00e9ho \u00fa\u010dtu a je mo\u017en\u00e9 ho kedyko\u013evek upravi\u0165 alebo pozastavi\u0165. Bez oh\u013eadu na sumu m\u00e1 v\u00e1\u0161 opakovan\u00fd dar ve\u013ek\u00fd vplyv. Pravideln\u00e9 dary n\u00e1m umo\u017e\u0148uj\u00fa r\u00fdchlo reagova\u0165, ke\u010f [&hellip;]<\/p>\n","protected":false},"author":2,"featured_media":0,"parent":862,"menu_order":0,"comment_status":"closed","ping_status":"closed","template":"page-article.php","meta":{"_acf_changed":false,"inline_featured_image":false,"footnotes":""},"class_list":["post-3725","page","type-page","status-publish","hentry"],"acf":[],"yoast_head":"<!-- This site is optimized with the Yoast SEO plugin v24.3 - https:\/\/yoast.com\/wordpress\/plugins\/seo\/ -->\n<title>Sta\u0148te sa pravideln\u00fdm darcom - Magna<\/title>\n<meta name=\"robots\" content=\"index, follow, max-snippet:-1, max-image-preview:large, max-video-preview:-1\" \/>\n<link rel=\"canonical\" href=\"https:\/\/www.magna.org\/fr\/sk\/podporte-nas\/stante-sa-pravidelnym-darcom\/\" \/>\n<meta property=\"og:locale\" content=\"en_US\" \/>\n<meta property=\"og:type\" content=\"article\" \/>\n<meta property=\"og:title\" content=\"Sta\u0148te sa pravideln\u00fdm darcom - Magna\" \/>\n<meta property=\"og:description\" content=\"Darujte ka\u017ed\u00fd mesiac, zachr\u00e1nite viac \u017eivotov. Pre\u010do sa sta\u0165 pravideln\u00fdm darcom? Magna Partneri poskytuj\u00fa pravideln\u00fd opakuj\u00faci sa dar, ktor\u00fd sa automaticky prev\u00e1dza kazd\u00fd mesiac z kreditnej karty alebo bankov\u00e9ho \u00fa\u010dtu a je mo\u017en\u00e9 ho kedyko\u013evek upravi\u0165 alebo pozastavi\u0165. Bez oh\u013eadu na sumu m\u00e1 v\u00e1\u0161 opakovan\u00fd dar ve\u013ek\u00fd vplyv. Pravideln\u00e9 dary n\u00e1m umo\u017e\u0148uj\u00fa r\u00fdchlo reagova\u0165, ke\u010f [&hellip;]\" \/>\n<meta property=\"og:url\" content=\"https:\/\/www.magna.org\/fr\/sk\/podporte-nas\/stante-sa-pravidelnym-darcom\/\" \/>\n<meta property=\"og:site_name\" content=\"Magna\" \/>\n<meta property=\"article:modified_time\" content=\"2023-03-17T13:10:19+00:00\" \/>\n<meta name=\"twitter:card\" content=\"summary_large_image\" \/>\n<meta name=\"twitter:label1\" content=\"Est. reading time\" \/>\n\t<meta name=\"twitter:data1\" content=\"2 minutes\" \/>\n<script type=\"application\/ld+json\" class=\"yoast-schema-graph\">{\"@context\":\"https:\/\/schema.org\",\"@graph\":[{\"@type\":\"WebPage\",\"@id\":\"https:\/\/www.magna.org\/fr\/sk\/podporte-nas\/stante-sa-pravidelnym-darcom\/\",\"url\":\"https:\/\/www.magna.org\/fr\/sk\/podporte-nas\/stante-sa-pravidelnym-darcom\/\",\"name\":\"Sta\u0148te sa pravideln\u00fdm darcom - Magna\",\"isPartOf\":{\"@id\":\"https:\/\/www.magna.org\/fr\/#website\"},\"datePublished\":\"2022-11-14T19:29:15+00:00\",\"dateModified\":\"2023-03-17T13:10:19+00:00\",\"breadcrumb\":{\"@id\":\"https:\/\/www.magna.org\/fr\/sk\/podporte-nas\/stante-sa-pravidelnym-darcom\/#breadcrumb\"},\"inLanguage\":\"en-US\",\"potentialAction\":[{\"@type\":\"ReadAction\",\"target\":[\"https:\/\/www.magna.org\/fr\/sk\/podporte-nas\/stante-sa-pravidelnym-darcom\/\"]}]},{\"@type\":\"BreadcrumbList\",\"@id\":\"https:\/\/www.magna.org\/fr\/sk\/podporte-nas\/stante-sa-pravidelnym-darcom\/#breadcrumb\",\"itemListElement\":[{\"@type\":\"ListItem\",\"position\":1,\"name\":\"Home\",\"item\":\"https:\/\/www.magna.org\/fr\/sk\/\"},{\"@type\":\"ListItem\",\"position\":2,\"name\":\"Podporte n\u00e1s\",\"item\":\"https:\/\/www.magna.org\/fr\/sk\/podporte-nas\/\"},{\"@type\":\"ListItem\",\"position\":3,\"name\":\"Sta\u0148te sa pravideln\u00fdm darcom\"}]},{\"@type\":\"WebSite\",\"@id\":\"https:\/\/www.magna.org\/fr\/#website\",\"url\":\"https:\/\/www.magna.org\/fr\/\",\"name\":\"Magna\",\"description\":\"Just another WordPress site\",\"potentialAction\":[{\"@type\":\"SearchAction\",\"target\":{\"@type\":\"EntryPoint\",\"urlTemplate\":\"https:\/\/www.magna.org\/fr\/?s={search_term_string}\"},\"query-input\":{\"@type\":\"PropertyValueSpecification\",\"valueRequired\":true,\"valueName\":\"search_term_string\"}}],\"inLanguage\":\"en-US\"}]}<\/script>\n<!-- \/ Yoast SEO plugin. -->","yoast_head_json":{"title":"Sta\u0148te sa pravideln\u00fdm darcom - Magna","robots":{"index":"index","follow":"follow","max-snippet":"max-snippet:-1","max-image-preview":"max-image-preview:large","max-video-preview":"max-video-preview:-1"},"canonical":"https:\/\/www.magna.org\/fr\/sk\/podporte-nas\/stante-sa-pravidelnym-darcom\/","og_locale":"en_US","og_type":"article","og_title":"Sta\u0148te sa pravideln\u00fdm darcom - Magna","og_description":"Darujte ka\u017ed\u00fd mesiac, zachr\u00e1nite viac \u017eivotov. Pre\u010do sa sta\u0165 pravideln\u00fdm darcom? Magna Partneri poskytuj\u00fa pravideln\u00fd opakuj\u00faci sa dar, ktor\u00fd sa automaticky prev\u00e1dza kazd\u00fd mesiac z kreditnej karty alebo bankov\u00e9ho \u00fa\u010dtu a je mo\u017en\u00e9 ho kedyko\u013evek upravi\u0165 alebo pozastavi\u0165. Bez oh\u013eadu na sumu m\u00e1 v\u00e1\u0161 opakovan\u00fd dar ve\u013ek\u00fd vplyv. Pravideln\u00e9 dary n\u00e1m umo\u017e\u0148uj\u00fa r\u00fdchlo reagova\u0165, ke\u010f [&hellip;]","og_url":"https:\/\/www.magna.org\/fr\/sk\/podporte-nas\/stante-sa-pravidelnym-darcom\/","og_site_name":"Magna","article_modified_time":"2023-03-17T13:10:19+00:00","twitter_card":"summary_large_image","twitter_misc":{"Est. reading time":"2 minutes"},"schema":{"@context":"https:\/\/schema.org","@graph":[{"@type":"WebPage","@id":"https:\/\/www.magna.org\/fr\/sk\/podporte-nas\/stante-sa-pravidelnym-darcom\/","url":"https:\/\/www.magna.org\/fr\/sk\/podporte-nas\/stante-sa-pravidelnym-darcom\/","name":"Sta\u0148te sa pravideln\u00fdm darcom - Magna","isPartOf":{"@id":"https:\/\/www.magna.org\/fr\/#website"},"datePublished":"2022-11-14T19:29:15+00:00","dateModified":"2023-03-17T13:10:19+00:00","breadcrumb":{"@id":"https:\/\/www.magna.org\/fr\/sk\/podporte-nas\/stante-sa-pravidelnym-darcom\/#breadcrumb"},"inLanguage":"en-US","potentialAction":[{"@type":"ReadAction","target":["https:\/\/www.magna.org\/fr\/sk\/podporte-nas\/stante-sa-pravidelnym-darcom\/"]}]},{"@type":"BreadcrumbList","@id":"https:\/\/www.magna.org\/fr\/sk\/podporte-nas\/stante-sa-pravidelnym-darcom\/#breadcrumb","itemListElement":[{"@type":"ListItem","position":1,"name":"Home","item":"https:\/\/www.magna.org\/fr\/sk\/"},{"@type":"ListItem","position":2,"name":"Podporte n\u00e1s","item":"https:\/\/www.magna.org\/fr\/sk\/podporte-nas\/"},{"@type":"ListItem","position":3,"name":"Sta\u0148te sa pravideln\u00fdm darcom"}]},{"@type":"WebSite","@id":"https:\/\/www.magna.org\/fr\/#website","url":"https:\/\/www.magna.org\/fr\/","name":"Magna","description":"Just another WordPress site","potentialAction":[{"@type":"SearchAction","target":{"@type":"EntryPoint","urlTemplate":"https:\/\/www.magna.org\/fr\/?s={search_term_string}"},"query-input":{"@type":"PropertyValueSpecification","valueRequired":true,"valueName":"search_term_string"}}],"inLanguage":"en-US"}]}},"_links":{"self":[{"href":"https:\/\/www.magna.org\/fr\/wp-json\/wp\/v2\/pages\/3725","targetHints":{"allow":["GET"]}}],"collection":[{"href":"https:\/\/www.magna.org\/fr\/wp-json\/wp\/v2\/pages"}],"about":[{"href":"https:\/\/www.magna.org\/fr\/wp-json\/wp\/v2\/types\/page"}],"author":[{"embeddable":true,"href":"https:\/\/www.magna.org\/fr\/wp-json\/wp\/v2\/users\/2"}],"replies":[{"embeddable":true,"href":"https:\/\/www.magna.org\/fr\/wp-json\/wp\/v2\/comments?post=3725"}],"version-history":[{"count":71,"href":"https:\/\/www.magna.org\/fr\/wp-json\/wp\/v2\/pages\/3725\/revisions"}],"predecessor-version":[{"id":11992,"href":"https:\/\/www.magna.org\/fr\/wp-json\/wp\/v2\/pages\/3725\/revisions\/11992"}],"up":[{"embeddable":true,"href":"https:\/\/www.magna.org\/fr\/wp-json\/wp\/v2\/pages\/862"}],"wp:attachment":[{"href":"https:\/\/www.magna.org\/fr\/wp-json\/wp\/v2\/media?parent=3725"}],"curies":[{"name":"wp","href":"https:\/\/api.w.org\/{rel}","templated":true}]}}