{"id":4388,"date":"2022-11-18T21:45:42","date_gmt":"2022-11-18T21:45:42","guid":{"rendered":"https:\/\/www.magna.org\/fr\/?page_id=4388"},"modified":"2023-03-17T21:06:51","modified_gmt":"2023-03-17T21:06:51","slug":"liecime-na-ukrajine","status":"publish","type":"page","link":"https:\/\/www.magna.org\/fr\/sk\/podporte-nas\/liecime-na-ukrajine\/","title":{"rendered":"Lie\u010dime na Ukrajine"},"content":{"rendered":"<div class=\"e-content-text\"><div class=\"e-content-text__inner\">\n<p class=\"has-text-align-center\">Rozsah vojny vyvolal jednoducho obrovsk\u00e9 utrpenie pre v\u0161etk\u00fdch \u013eud\u00ed na Ukrajine. Neust\u00e1le bombardovanie, \u017eiadny alebo ve\u013emi obmedzen\u00fd pr\u00edstup k&nbsp;z\u00e1kladn\u00fdm potreb\u00e1m, neistota a&nbsp;strach. Denn\u00e1 realita 37 mili\u00f3nov \u013eud\u00ed, ktor\u00ed ostali doma na Ukrajine.<\/p>\n<\/div><\/div>\n\n<section class=\"s-home-hero s-home-hero-- hc-section-space--normal\">\n    <div class=\"s-home-hero__inner\">\n        <div class=\"s-home-hero__media\">\n            <img loading=\"lazy\" decoding=\"async\" width=\"698\" height=\"524\" src=\"https:\/\/www.magna.org\/fr\/wp-content\/uploads\/2022\/11\/homepage-ukrajina-vojna-je-tu-a-teraz-b228c01b-f8ee-409f-8473-c432b8b1b3d6-e1670092994730-698x524.jpg\" class=\"attachment-magna-hero size-magna-hero\" alt=\"\" srcset=\"https:\/\/www.magna.org\/fr\/wp-content\/uploads\/2022\/11\/homepage-ukrajina-vojna-je-tu-a-teraz-b228c01b-f8ee-409f-8473-c432b8b1b3d6-e1670092994730-698x524.jpg 698w, https:\/\/www.magna.org\/fr\/wp-content\/uploads\/2022\/11\/homepage-ukrajina-vojna-je-tu-a-teraz-b228c01b-f8ee-409f-8473-c432b8b1b3d6-e1670092994730-1396x1048.jpg 1396w\" sizes=\"auto, (max-width: 698px) 100vw, 698px\" \/>\n        <\/div>\n        <div class=\"s-home-hero__content\">\n            <h2 class=\"s-home-hero__title\">Zdravotn\u00e1 asistencia pre 300 tis\u00edc \u013eud\u00ed<\/h2>\n            <div class=\"s-home-hero__text\">\n                <p>MAGNA t\u00edmy na Ukrajine intervenuj\u00fa v ak\u00fatnych kritick\u00fdch stavoch, pri traum\u00e1ch, zabezpe\u010dujeme lie\u010dbu chronick\u00fdch ochoren\u00ed a star\u00e1me sa o \u017eeny a deti aj seniorov.<\/p>\n            <\/div>\n            <div class=\"s-home-hero__cta\">\n                <a href=\"https:\/\/www.magna.org\/fr\/ukrajina-v-prvych-6-mesiacoch-vojny-sme-pomohli-300-tisic-ludom\/\" target=\"\" class=\"e-btn e-btn--dark\">Zisti\u0165 viac<\/a>\n            <\/div>\n        <\/div>\n    <\/div>\n<\/section>\n\n<div class=\"e-content-text\"><div class=\"e-content-text__inner\">\n<p>V\u010faka \u013eu\u010fom ako ste aj Vy a&nbsp;ich pravidelnej pomoci sme mohli by\u0165 na mieste od prv\u00e9ho d\u0148a konfliktu. Od za\u010diatku bola jasn\u00e9, \u017ee najv\u00e4\u010d\u0161ia potreba je dosta\u0165 urgentn\u00fd zdravotn\u00edcky materi\u00e1l do spr\u00e1vnych nemocn\u00edc. V poslednom \u010dase sa rozsah tejto pomoci roz\u0161\u00edril o lieky na chronick\u00e9 ochorenia, astmu a&nbsp;podobne.<\/p>\n<\/div><\/div>\n\n<div class=\"e-content-text\"><div class=\"e-content-text__inner\">\n<p><strong>Aktu\u00e1lne MAGNA na Ukrajine distribuuje zdravotn\u00ed materi\u00e1l a lieky do 15 nemocn\u00edc v krajine. Z\u00e1rove\u0148 v oblasti Kharkova p\u00f4sobi 6 na\u0161ich zdravotn\u00edckych t\u00edmov \u2013 4 trauma t\u00edmy a 2 mobiln\u00e9 t\u00edmy, ktor\u00e9 poskytuj\u00fa v\u0161eobecn\u00fa zdravotn\u00fa asistenciu. Skladaj\u00fa sa z lek\u00e1rov, zdravotn\u00fdch sestier a terapeutov, ktor\u00ed sa staraj\u00fa du\u0161evn\u00e9 zdravie det\u00ed a ich rod\u00edn v n\u00fadzi. Na Ukrajinu st\u00e1le posielame lieky a zdravotn\u00edcky materi\u00e1l.<\/strong><\/p>\n<\/div><\/div>\n\n<section class=\"s-donate hc-section-space--normal\">\n    <div class=\"s-donate__inner\">\n        <div class=\"s-donate__items\">\n            <div class=\"s-donate__item\">\n                <h2 class=\"s-donate__title\">Lie\u010dime na Ukrajine.<\/h2>\n                <div class=\"s-donate__text\">\n                    <p>Priama, transparentn\u00e1 a odborn\u00e1 zdravotn\u00e1 humanit\u00e1rna pomoc.<\/p>\n                <\/div>\n            <\/div>\n            <div class=\"s-donate__item\">\n<article class=\"a-donate js-donate\">\n    <div class=\"a-donate__content\">\n        <h3 class=\"a-donate__title\">Darujte online<\/h3>\n        <div class=\"a-donate__select\">\n            <div class=\"a-donate__select-item\">\n                <input type=\"radio\" name=\"f-donate\" class=\"js-donate__radio\" id=\"f-donate-input-23ab91377b007afe3e857dc1d819a2b1\" data-amounts=\"#f-donate-amounts-23ab91377b007afe3e857dc1d819a2b1\" checked>\n                <label for=\"f-donate-input-23ab91377b007afe3e857dc1d819a2b1\">Tu a teraz pom\u00f4\u017eete zachr\u00e1ni\u0165 \u017eivot<\/label>\n            <\/div>\n        <\/div>\n    <\/div>\n    <div class=\"a-donate__footer\">\n            <div id=\"f-donate-amounts-23ab91377b007afe3e857dc1d819a2b1\" class=\"a-donate__choose js-donate__amounts\">\n                <select class=\"js-selectric js-donate__select\">\n                    <option value=\"https:\/\/donate.magna.org\/sk\/ukrajina\/?type=single&amp;amount=30\">30 \u20ac<\/option>\n                    <option value=\"https:\/\/donate.magna.org\/sk\/ukrajina\/?type=single&amp;amount=50\">50 \u20ac<\/option>\n                    <option value=\"https:\/\/donate.magna.org\/sk\/ukrajina\/?type=single&amp;amount=50\">150 \u20ac<\/option>\n                <\/select>\n                <button class=\"e-btn e-btn--primary e-btn--full js-donate__submit\"><span>Donate<\/span><i class=\"icon-heart\"><\/i><\/button>\n            <\/div>\n    <\/div>\n<\/article>            <\/div>\n            <div class=\"s-donate__item\">\n                <article class=\"a-donate\">\n                    <div class=\"a-donate__content\">\n                        <h3 class=\"a-donate__title\">Po\u0161lite SMS<\/h3>\n                        <div class=\"a-donate__text\">\n                            <p>Poslan\u00edm SMS v tvare MAGNA na \u010d\u00edslo 836 a prispejete vo v\u00fd\u0161ke 10,-Eur.<\/p>\n                        <\/div>\n                    <\/div>\n                    <div class=\"a-donate__footer\">\n                        <a href=\"http:\/\/3\" target=\"\" class=\"e-btn e-btn--dark\">Posla\u0165 SMS<\/a>\n                    <\/div>\n                <\/article>\n            <\/div>\n            <div class=\"s-donate__item\">\n                <article class=\"a-donate\">\n                    <div class=\"a-donate__content\">\n                        <h3 class=\"a-donate__title\">Pracujte s nami<\/h3>\n                        <div class=\"a-donate__text\">\n                            <p> \u010ci u\u017e ste odborn\u00edk na zdravie, financie alebo logistiku budete s\u00fa\u010das\u0165ou na\u0161ej spolo\u010dnej misie.<\/p>\n                        <\/div>\n                    <\/div>\n                    <div class=\"a-donate__footer\">\n                        <a href=\"https:\/\/www.magna.org\/fr\/ukrajina-v-prvych-6-mesiacoch-vojny-sme-pomohli-300-tisic-ludom\/\" target=\"\" class=\"e-btn e-btn--dark\">Zisti\u0165 viac<\/a>\n                    <\/div>\n                <\/article>\n            <\/div>\n        <\/div>\n    <\/div>\n<\/section>\n\n<div class=\"e-content-text\"><div class=\"e-content-text__inner\">\n<p>\u010eakujeme, \u017ee poskytujete \u017eivotne d\u00f4le\u017eit\u00fa pomoc de\u0165om a ich rodin\u00e1m v n\u00fadzi. MAGNA je plne z\u00e1visl\u00e1 od s\u00fakrom\u00fdch darcov ako ste aj vy. 100 % finan\u010dn\u00fdch prostriedkov MAGNA z\u00edskan\u00fdch na Slovensku na poskytovanie zdravotnej a humanitarnej pomoci poch\u00e1dza zo s\u00fakromn\u00fdch darov.<\/p>\n<\/div><\/div>\n\n<section class=\"s-news hc-section-space--normal\">\n    <div class=\"s-news__inner\">\n        <div class=\"s-news__header\">\n            <h2 class=\"s-news__title\">Aktu\u00e1lne z Ukrajiny<\/h2>\n            <div class=\"s-news__text\">\n                <p>Spoznajte na\u0161e oper\u00e1cie a pre\u010d\u00edtajte si v\u0161etky spr\u00e1vy a report\u00e1\u017ee z krajiny.<\/p>\n            <\/div>\n            <div class=\"s-news__social\">\n                <ul class=\"e-social\">\n<\/ul>\n            <\/div>\n        <\/div>\n        <div class=\"s-news__content js-carousel\">\n            <div class=\"s-news__items js-carousel__items\">\n                <div class=\"s-news__item js-carousel__item\">\n                    \n<article class=\"a-news\">\n    <a href=\"https:\/\/www.magna.org\/fr\/sk\/spravy-sk\/ukrajina\/473-ukrajinskych-deti-neprezilo-15-miliona-je-v-ohrozeni-rok-vojny-na-ukrajine-co-robi-magna-co-mozete-spravit-vy\/\" class=\"a-news__link\"><\/a>\n    <div class=\"a-news__image\">\n        <div class=\"a-news__img\" style=\"background-image:url('https:\/\/www.magna.org\/fr\/wp-content\/uploads\/2023\/02\/www.magna.org-domov-27525-magna-vyrocie-vojny-na-ukrajine-landing-page-foto-ciste-e1677203413481-468x468.jpg');\"><\/div>\n    <\/div>\n    <div class=\"a-news__content\">\n        <h5 class=\"a-news__subtitle\">Ukrajina<\/h5>\n        <h3 class=\"a-news__title\">Ukrajina: 473 ukrajinskych det\u00ed nepre\u017eilo, 1,5 mili\u00f3na je v\u00a0ohrozen\u00ed.<\/h3>\n    <\/div>\n    <div class=\"a-news__footer\">\n        <div class=\"a-news__tags\">Aktualiz\u00e1cia kr\u00edzy<\/div>\n        <div class=\"a-news__date\">24. 02. 2023<\/div>\n    <\/div>\n<\/article>                <\/div>\n                <div class=\"s-news__item js-carousel__item\">\n                    \n<article class=\"a-news\">\n    <a href=\"https:\/\/www.magna.org\/fr\/sk\/operacie\/ukrajina-mobilna-zdravotna-starostlivost-pre-obete-vojny\/\" class=\"a-news__link\"><\/a>\n    <div class=\"a-news__image\">\n        <div class=\"a-news__img\" style=\"background-image:url('https:\/\/www.magna.org\/fr\/wp-content\/uploads\/2022\/12\/magna.makes.website-ukrajina-mobilna-zdravotna-starostlivost-pre-obete-vojny-ua-photo-2022-10-29-16-44-44-468x468.jpg');\"><\/div>\n    <\/div>\n    <div class=\"a-news__content\">\n        <h5 class=\"a-news__subtitle\">Oper\u00e1cie<\/h5>\n        <h3 class=\"a-news__title\">Ukrajina: mobiln\u00e1 zdravotn\u00e1 starostlivos\u0165 pre obete vojny<\/h3>\n    <\/div>\n    <div class=\"a-news__footer\">\n        <div class=\"a-news__tags\">Urgentn\u00e1 zdravotn\u00e1 humanit\u00e1rna pomoc<\/div>\n        <div class=\"a-news__date\">02. 12. 2022<\/div>\n    <\/div>\n<\/article>                <\/div>\n                <div class=\"s-news__item js-carousel__item\">\n                    \n<article class=\"a-news\">\n    <a href=\"https:\/\/www.magna.org\/fr\/sk\/operacie\/ukrajina-zdravotna-asistencia-na-vojnovej-linii-v-donetsku\/\" class=\"a-news__link\"><\/a>\n    <div class=\"a-news__image\">\n        <div class=\"a-news__img\" style=\"background-image:url('https:\/\/www.magna.org\/fr\/wp-content\/uploads\/2022\/12\/homepage-kontaktujte-nas-mb202110g00025-468x468.jpg');\"><\/div>\n    <\/div>\n    <div class=\"a-news__content\">\n        <h5 class=\"a-news__subtitle\">Oper\u00e1cie<\/h5>\n        <h3 class=\"a-news__title\">Ukrajina: zdravotn\u00e1 asistencia na vojnovej l\u00ednii v Donetsku<\/h3>\n    <\/div>\n    <div class=\"a-news__footer\">\n        <div class=\"a-news__tags\">Zdravie die\u0165a\u0165a<\/div>\n        <div class=\"a-news__date\">20. 11. 2022<\/div>\n    <\/div>\n<\/article>                <\/div>\n                <div class=\"s-news__item js-carousel__item\">\n                    \n<article class=\"a-news\">\n    <a href=\"https:\/\/www.magna.org\/fr\/sk\/spravy-sk\/ukrajina\/ukrajina-v-prvych-6-mesiacoch-vojny-sme-pomohli-300-tisic-ludom\/\" class=\"a-news__link\"><\/a>\n    <div class=\"a-news__image\">\n        <div class=\"a-news__img\" style=\"background-image:url('https:\/\/www.magna.org\/fr\/wp-content\/uploads\/2022\/11\/homepage-ukrajina-vojna-je-tu-a-teraz-b228c01b-f8ee-409f-8473-c432b8b1b3d6-e1670092994730-468x468.jpg');\"><\/div>\n    <\/div>\n    <div class=\"a-news__content\">\n        <h5 class=\"a-news__subtitle\">Ukrajina<\/h5>\n        <h3 class=\"a-news__title\">Ukrajina: v prv\u00fdch 6 mesiacoch vojny sme poskytli zdravotn\u00fa pomoc 300 tis\u00edc \u013eu\u010fom<\/h3>\n    <\/div>\n    <div class=\"a-news__footer\">\n        <div class=\"a-news__tags\">Aktualiz\u00e1cia projektu<\/div>\n        <div class=\"a-news__date\">15. 11. 2022<\/div>\n    <\/div>\n<\/article>                <\/div>\n                <div class=\"s-news__item js-carousel__item\">\n                    \n<article class=\"a-news\">\n    <a href=\"https:\/\/www.magna.org\/fr\/sk\/operacie\/ukrajina-zasobovanie-nemocnic-liekmi-a-materialom-v-case-vojny\/\" class=\"a-news__link\"><\/a>\n    <div class=\"a-news__image\">\n        <div class=\"a-news__img\" style=\"background-image:url('https:\/\/www.magna.org\/fr\/wp-content\/uploads\/2022\/11\/homepage-ukrajina-zdravotnicky-material-a-vybavenie-pre-nemocnice-napriec-krajinou-pastedgraphic-4-468x468.png');\"><\/div>\n    <\/div>\n    <div class=\"a-news__content\">\n        <h5 class=\"a-news__subtitle\">Oper\u00e1cie<\/h5>\n        <h3 class=\"a-news__title\">Ukrajina: z\u00e1sobovanie nemocn\u00edc liekmi a materi\u00e1lom v \u010dase vojny<\/h3>\n    <\/div>\n    <div class=\"a-news__footer\">\n        <div class=\"a-news__tags\">Urgentn\u00e1 zdravotn\u00e1 humanit\u00e1rna pomoc<\/div>\n        <div class=\"a-news__date\">12. 11. 2022<\/div>\n    <\/div>\n<\/article>                <\/div>\n            <\/div>\n        <\/div>\n    <\/div>\n<\/section>\n\n<section class=\"s-help hc-section-space--normal\">\n    <div class=\"s-help__inner\">\n        <h2 class=\"s-help__title\">Pozrite tie\u017e<\/h2>\n        <div class=\"s-help__content\">\n            <div class=\"s-help__items\">\n                <div class=\"s-help__item\">\n                    <article class=\"a-help\">\n                        <a href=\"https:\/\/www.magna.org\/fr\/podporte-nas\/firmy-a-nadacie\/\" target=\"\" class=\"a-help__link\"><\/a>\n                        <div class=\"a-help__content\">\n                            <h3 class=\"a-help__title\">Pom\u00e1hajte ako firma<\/h3>\n                            <div class=\"a-help__cta\">\n                                <a href=\"https:\/\/www.magna.org\/fr\/podporte-nas\/firmy-a-nadacie\/\" target=\"\" >Zisti\u0165 viac<\/a>\n                            <\/div>\n                        <\/div>\n                    <\/article>\n                <\/div>\n                <div class=\"s-help__item\">\n                    <article class=\"a-help\">\n                        <a href=\"https:\/\/www.magna.org\/fr\/podporte-nas\/fond-urgentnej-pomoci\/\" target=\"\" class=\"a-help__link\"><\/a>\n                        <div class=\"a-help__content\">\n                            <h3 class=\"a-help__title\">Fond urgentnej pomoci<\/h3>\n                            <div class=\"a-help__cta\">\n                                <a href=\"https:\/\/www.magna.org\/fr\/podporte-nas\/fond-urgentnej-pomoci\/\" target=\"\" >Zisti\u0165 viac<\/a>\n                            <\/div>\n                        <\/div>\n                    <\/article>\n                <\/div>\n                <div class=\"s-help__item\">\n                    <article class=\"a-help\">\n                        <a href=\"https:\/\/www.magna.org\/fr\/podporte-nas\/stante-sa-pravidelnym-darcom\/\" target=\"\" class=\"a-help__link\"><\/a>\n                        <div class=\"a-help__content\">\n                            <h3 class=\"a-help__title\">Pom\u00e1hajte ka\u017ed\u00fd mesiac<\/h3>\n                            <div class=\"a-help__cta\">\n                                <a href=\"https:\/\/www.magna.org\/fr\/podporte-nas\/stante-sa-pravidelnym-darcom\/\" target=\"\" >Zisti\u0165 viac<\/a>\n                            <\/div>\n                        <\/div>\n                    <\/article>\n                <\/div>\n                <div class=\"s-help__item\">\n                    <article class=\"a-help\">\n                        <a href=\"http:\/\/3\" target=\"\" class=\"a-help__link\"><\/a>\n                        <div class=\"a-help__content\">\n                            <h3 class=\"a-help__title\">Dar\u010dek, ktor\u00fd lie\u010di<\/h3>\n                            <div class=\"a-help__cta\">\n                                <a href=\"http:\/\/3\" target=\"\" >Zisti\u0165 viac<\/a>\n                            <\/div>\n                        <\/div>\n                    <\/article>\n                <\/div>\n            <\/div>\n        <\/div>\n    <\/div>\n<\/section>\n\n<section class=\"s-support hc-section-space--normal\">\n    <div class=\"s-support__header\">\n        <h1 class=\"s-support__title\">M\u00e1te \u010fa\u013e\u0161ie ot\u00e1zky?\u00a0<\/h1>\n        <div class=\"s-support__intro\">\n            <p>Zavolajte na <a href=\"tel:+421 917 827 827\">+421 917 827 827<\/a> alebo po\u0161lite e-mail na <a href=\"mailto:dar@magna.org\">dar@magna.org<\/a> a my v\u00e1m radi pom\u00f4\u017eeme.<\/p>\n\n        <\/div>\n    <\/div>\n    <div class=\"s-support__content\">\n        <div class=\"s-support__items\">\n        <\/div>\n    <\/div>\n<\/section>","protected":false},"excerpt":{"rendered":"<p>Rozsah vojny vyvolal jednoducho obrovsk\u00e9 utrpenie pre v\u0161etk\u00fdch \u013eud\u00ed na Ukrajine. Neust\u00e1le bombardovanie, \u017eiadny alebo ve\u013emi obmedzen\u00fd pr\u00edstup k&nbsp;z\u00e1kladn\u00fdm potreb\u00e1m, neistota a&nbsp;strach. Denn\u00e1 realita 37 mili\u00f3nov \u013eud\u00ed, ktor\u00ed ostali doma na Ukrajine. V\u010faka \u013eu\u010fom ako ste aj Vy a&nbsp;ich pravidelnej pomoci sme mohli by\u0165 na mieste od prv\u00e9ho d\u0148a konfliktu. Od za\u010diatku bola jasn\u00e9, \u017ee [&hellip;]<\/p>\n","protected":false},"author":2,"featured_media":3751,"parent":862,"menu_order":0,"comment_status":"closed","ping_status":"closed","template":"page-article.php","meta":{"_acf_changed":false,"inline_featured_image":false,"footnotes":""},"class_list":["post-4388","page","type-page","status-publish","has-post-thumbnail","hentry"],"acf":[],"yoast_head":"<!-- This site is optimized with the Yoast SEO plugin v24.3 - https:\/\/yoast.com\/wordpress\/plugins\/seo\/ -->\n<title>Lie\u010dime na Ukrajine - Magna<\/title>\n<meta name=\"robots\" content=\"index, follow, max-snippet:-1, max-image-preview:large, max-video-preview:-1\" \/>\n<link rel=\"canonical\" href=\"https:\/\/www.magna.org\/fr\/sk\/podporte-nas\/liecime-na-ukrajine\/\" \/>\n<meta property=\"og:locale\" content=\"en_US\" \/>\n<meta property=\"og:type\" content=\"article\" \/>\n<meta property=\"og:title\" content=\"Lie\u010dime na Ukrajine - Magna\" \/>\n<meta property=\"og:description\" content=\"Rozsah vojny vyvolal jednoducho obrovsk\u00e9 utrpenie pre v\u0161etk\u00fdch \u013eud\u00ed na Ukrajine. Neust\u00e1le bombardovanie, \u017eiadny alebo ve\u013emi obmedzen\u00fd pr\u00edstup k&nbsp;z\u00e1kladn\u00fdm potreb\u00e1m, neistota a&nbsp;strach. Denn\u00e1 realita 37 mili\u00f3nov \u013eud\u00ed, ktor\u00ed ostali doma na Ukrajine. V\u010faka \u013eu\u010fom ako ste aj Vy a&nbsp;ich pravidelnej pomoci sme mohli by\u0165 na mieste od prv\u00e9ho d\u0148a konfliktu. Od za\u010diatku bola jasn\u00e9, \u017ee [&hellip;]\" \/>\n<meta property=\"og:url\" content=\"https:\/\/www.magna.org\/fr\/sk\/podporte-nas\/liecime-na-ukrajine\/\" \/>\n<meta property=\"og:site_name\" content=\"Magna\" \/>\n<meta property=\"article:modified_time\" content=\"2023-03-17T21:06:51+00:00\" \/>\n<meta property=\"og:image\" content=\"https:\/\/www.magna.org\/fr\/wp-content\/uploads\/2022\/11\/homepage-ukrajina-vojna-je-tu-a-teraz-b228c01b-f8ee-409f-8473-c432b8b1b3d6-e1670092994730.jpg\" \/>\n\t<meta property=\"og:image:width\" content=\"694\" \/>\n\t<meta property=\"og:image:height\" content=\"739\" \/>\n\t<meta property=\"og:image:type\" content=\"image\/jpeg\" \/>\n<meta name=\"twitter:card\" content=\"summary_large_image\" \/>\n<meta name=\"twitter:label1\" content=\"Est. reading time\" \/>\n\t<meta name=\"twitter:data1\" content=\"1 minute\" \/>\n<script type=\"application\/ld+json\" class=\"yoast-schema-graph\">{\"@context\":\"https:\/\/schema.org\",\"@graph\":[{\"@type\":\"WebPage\",\"@id\":\"https:\/\/www.magna.org\/fr\/sk\/podporte-nas\/liecime-na-ukrajine\/\",\"url\":\"https:\/\/www.magna.org\/fr\/sk\/podporte-nas\/liecime-na-ukrajine\/\",\"name\":\"Lie\u010dime na Ukrajine - Magna\",\"isPartOf\":{\"@id\":\"https:\/\/www.magna.org\/fr\/#website\"},\"primaryImageOfPage\":{\"@id\":\"https:\/\/www.magna.org\/fr\/sk\/podporte-nas\/liecime-na-ukrajine\/#primaryimage\"},\"image\":{\"@id\":\"https:\/\/www.magna.org\/fr\/sk\/podporte-nas\/liecime-na-ukrajine\/#primaryimage\"},\"thumbnailUrl\":\"https:\/\/www.magna.org\/fr\/wp-content\/uploads\/2022\/11\/homepage-ukrajina-vojna-je-tu-a-teraz-b228c01b-f8ee-409f-8473-c432b8b1b3d6-e1670092994730.jpg\",\"datePublished\":\"2022-11-18T21:45:42+00:00\",\"dateModified\":\"2023-03-17T21:06:51+00:00\",\"breadcrumb\":{\"@id\":\"https:\/\/www.magna.org\/fr\/sk\/podporte-nas\/liecime-na-ukrajine\/#breadcrumb\"},\"inLanguage\":\"en-US\",\"potentialAction\":[{\"@type\":\"ReadAction\",\"target\":[\"https:\/\/www.magna.org\/fr\/sk\/podporte-nas\/liecime-na-ukrajine\/\"]}]},{\"@type\":\"ImageObject\",\"inLanguage\":\"en-US\",\"@id\":\"https:\/\/www.magna.org\/fr\/sk\/podporte-nas\/liecime-na-ukrajine\/#primaryimage\",\"url\":\"https:\/\/www.magna.org\/fr\/wp-content\/uploads\/2022\/11\/homepage-ukrajina-vojna-je-tu-a-teraz-b228c01b-f8ee-409f-8473-c432b8b1b3d6-e1670092994730.jpg\",\"contentUrl\":\"https:\/\/www.magna.org\/fr\/wp-content\/uploads\/2022\/11\/homepage-ukrajina-vojna-je-tu-a-teraz-b228c01b-f8ee-409f-8473-c432b8b1b3d6-e1670092994730.jpg\",\"width\":694,\"height\":739},{\"@type\":\"BreadcrumbList\",\"@id\":\"https:\/\/www.magna.org\/fr\/sk\/podporte-nas\/liecime-na-ukrajine\/#breadcrumb\",\"itemListElement\":[{\"@type\":\"ListItem\",\"position\":1,\"name\":\"Home\",\"item\":\"https:\/\/www.magna.org\/fr\/sk\/\"},{\"@type\":\"ListItem\",\"position\":2,\"name\":\"Podporte n\u00e1s\",\"item\":\"https:\/\/www.magna.org\/fr\/sk\/podporte-nas\/\"},{\"@type\":\"ListItem\",\"position\":3,\"name\":\"Lie\u010dime na Ukrajine\"}]},{\"@type\":\"WebSite\",\"@id\":\"https:\/\/www.magna.org\/fr\/#website\",\"url\":\"https:\/\/www.magna.org\/fr\/\",\"name\":\"Magna\",\"description\":\"Just another WordPress site\",\"potentialAction\":[{\"@type\":\"SearchAction\",\"target\":{\"@type\":\"EntryPoint\",\"urlTemplate\":\"https:\/\/www.magna.org\/fr\/?s={search_term_string}\"},\"query-input\":{\"@type\":\"PropertyValueSpecification\",\"valueRequired\":true,\"valueName\":\"search_term_string\"}}],\"inLanguage\":\"en-US\"}]}<\/script>\n<!-- \/ Yoast SEO plugin. -->","yoast_head_json":{"title":"Lie\u010dime na Ukrajine - Magna","robots":{"index":"index","follow":"follow","max-snippet":"max-snippet:-1","max-image-preview":"max-image-preview:large","max-video-preview":"max-video-preview:-1"},"canonical":"https:\/\/www.magna.org\/fr\/sk\/podporte-nas\/liecime-na-ukrajine\/","og_locale":"en_US","og_type":"article","og_title":"Lie\u010dime na Ukrajine - Magna","og_description":"Rozsah vojny vyvolal jednoducho obrovsk\u00e9 utrpenie pre v\u0161etk\u00fdch \u013eud\u00ed na Ukrajine. Neust\u00e1le bombardovanie, \u017eiadny alebo ve\u013emi obmedzen\u00fd pr\u00edstup k&nbsp;z\u00e1kladn\u00fdm potreb\u00e1m, neistota a&nbsp;strach. Denn\u00e1 realita 37 mili\u00f3nov \u013eud\u00ed, ktor\u00ed ostali doma na Ukrajine. V\u010faka \u013eu\u010fom ako ste aj Vy a&nbsp;ich pravidelnej pomoci sme mohli by\u0165 na mieste od prv\u00e9ho d\u0148a konfliktu. Od za\u010diatku bola jasn\u00e9, \u017ee [&hellip;]","og_url":"https:\/\/www.magna.org\/fr\/sk\/podporte-nas\/liecime-na-ukrajine\/","og_site_name":"Magna","article_modified_time":"2023-03-17T21:06:51+00:00","og_image":[{"width":694,"height":739,"url":"https:\/\/www.magna.org\/fr\/wp-content\/uploads\/2022\/11\/homepage-ukrajina-vojna-je-tu-a-teraz-b228c01b-f8ee-409f-8473-c432b8b1b3d6-e1670092994730.jpg","type":"image\/jpeg"}],"twitter_card":"summary_large_image","twitter_misc":{"Est. reading time":"1 minute"},"schema":{"@context":"https:\/\/schema.org","@graph":[{"@type":"WebPage","@id":"https:\/\/www.magna.org\/fr\/sk\/podporte-nas\/liecime-na-ukrajine\/","url":"https:\/\/www.magna.org\/fr\/sk\/podporte-nas\/liecime-na-ukrajine\/","name":"Lie\u010dime na Ukrajine - Magna","isPartOf":{"@id":"https:\/\/www.magna.org\/fr\/#website"},"primaryImageOfPage":{"@id":"https:\/\/www.magna.org\/fr\/sk\/podporte-nas\/liecime-na-ukrajine\/#primaryimage"},"image":{"@id":"https:\/\/www.magna.org\/fr\/sk\/podporte-nas\/liecime-na-ukrajine\/#primaryimage"},"thumbnailUrl":"https:\/\/www.magna.org\/fr\/wp-content\/uploads\/2022\/11\/homepage-ukrajina-vojna-je-tu-a-teraz-b228c01b-f8ee-409f-8473-c432b8b1b3d6-e1670092994730.jpg","datePublished":"2022-11-18T21:45:42+00:00","dateModified":"2023-03-17T21:06:51+00:00","breadcrumb":{"@id":"https:\/\/www.magna.org\/fr\/sk\/podporte-nas\/liecime-na-ukrajine\/#breadcrumb"},"inLanguage":"en-US","potentialAction":[{"@type":"ReadAction","target":["https:\/\/www.magna.org\/fr\/sk\/podporte-nas\/liecime-na-ukrajine\/"]}]},{"@type":"ImageObject","inLanguage":"en-US","@id":"https:\/\/www.magna.org\/fr\/sk\/podporte-nas\/liecime-na-ukrajine\/#primaryimage","url":"https:\/\/www.magna.org\/fr\/wp-content\/uploads\/2022\/11\/homepage-ukrajina-vojna-je-tu-a-teraz-b228c01b-f8ee-409f-8473-c432b8b1b3d6-e1670092994730.jpg","contentUrl":"https:\/\/www.magna.org\/fr\/wp-content\/uploads\/2022\/11\/homepage-ukrajina-vojna-je-tu-a-teraz-b228c01b-f8ee-409f-8473-c432b8b1b3d6-e1670092994730.jpg","width":694,"height":739},{"@type":"BreadcrumbList","@id":"https:\/\/www.magna.org\/fr\/sk\/podporte-nas\/liecime-na-ukrajine\/#breadcrumb","itemListElement":[{"@type":"ListItem","position":1,"name":"Home","item":"https:\/\/www.magna.org\/fr\/sk\/"},{"@type":"ListItem","position":2,"name":"Podporte n\u00e1s","item":"https:\/\/www.magna.org\/fr\/sk\/podporte-nas\/"},{"@type":"ListItem","position":3,"name":"Lie\u010dime na Ukrajine"}]},{"@type":"WebSite","@id":"https:\/\/www.magna.org\/fr\/#website","url":"https:\/\/www.magna.org\/fr\/","name":"Magna","description":"Just another WordPress site","potentialAction":[{"@type":"SearchAction","target":{"@type":"EntryPoint","urlTemplate":"https:\/\/www.magna.org\/fr\/?s={search_term_string}"},"query-input":{"@type":"PropertyValueSpecification","valueRequired":true,"valueName":"search_term_string"}}],"inLanguage":"en-US"}]}},"_links":{"self":[{"href":"https:\/\/www.magna.org\/fr\/wp-json\/wp\/v2\/pages\/4388","targetHints":{"allow":["GET"]}}],"collection":[{"href":"https:\/\/www.magna.org\/fr\/wp-json\/wp\/v2\/pages"}],"about":[{"href":"https:\/\/www.magna.org\/fr\/wp-json\/wp\/v2\/types\/page"}],"author":[{"embeddable":true,"href":"https:\/\/www.magna.org\/fr\/wp-json\/wp\/v2\/users\/2"}],"replies":[{"embeddable":true,"href":"https:\/\/www.magna.org\/fr\/wp-json\/wp\/v2\/comments?post=4388"}],"version-history":[{"count":103,"href":"https:\/\/www.magna.org\/fr\/wp-json\/wp\/v2\/pages\/4388\/revisions"}],"predecessor-version":[{"id":12071,"href":"https:\/\/www.magna.org\/fr\/wp-json\/wp\/v2\/pages\/4388\/revisions\/12071"}],"up":[{"embeddable":true,"href":"https:\/\/www.magna.org\/fr\/wp-json\/wp\/v2\/pages\/862"}],"wp:featuredmedia":[{"embeddable":true,"href":"https:\/\/www.magna.org\/fr\/wp-json\/wp\/v2\/media\/3751"}],"wp:attachment":[{"href":"https:\/\/www.magna.org\/fr\/wp-json\/wp\/v2\/media?parent=4388"}],"curies":[{"name":"wp","href":"https:\/\/api.w.org\/{rel}","templated":true}]}}