{"id":4530,"date":"2022-11-19T10:34:13","date_gmt":"2022-11-19T10:34:13","guid":{"rendered":"https:\/\/www.magna.org\/fr\/?page_id=4530"},"modified":"2022-12-06T07:19:05","modified_gmt":"2022-12-06T07:19:05","slug":"mobilizujte-vasich-zamestnancov","status":"publish","type":"page","link":"https:\/\/www.magna.org\/fr\/sk\/podporte-nas\/firmy-a-nadacie\/mobilizujte-vasich-zamestnancov\/","title":{"rendered":"Mobilizujte va\u0161ich zamestnancov"},"content":{"rendered":"<div class=\"e-content-text\"><div class=\"e-content-text__inner\">\n<p class=\"has-text-align-center\">Chcete da\u0165 svoju filantropiu do slu\u017eieb humanit\u00e1rnych akci\u00ed s vysok\u00fdm dosahom? Chcete dosiahnu\u0165 svoje ciele spolo\u010denskej zodpovednosti? Objavte rie\u0161enia, ktor\u00e9 pon\u00faka MAGNA, aby ste sa zapojili do n\u00e1\u0161ho boja za pr\u00edstup k zdravotnej starostlivosti pre v\u0161etk\u00fdch doma aj vo svete.<\/p>\n<\/div><\/div>\n\n<section class=\"s-home-hero s-home-hero--dark hc-section-space--normal\">\n    <div class=\"s-home-hero__inner\">\n        <div class=\"s-home-hero__media\">\n            <img loading=\"lazy\" decoding=\"async\" width=\"698\" height=\"524\" src=\"https:\/\/www.magna.org\/fr\/wp-content\/uploads\/2022\/12\/homepage-firmy-a-nadacie-mb202010g00393-698x524.jpg\" class=\"attachment-magna-hero size-magna-hero\" alt=\"\" srcset=\"https:\/\/www.magna.org\/fr\/wp-content\/uploads\/2022\/12\/homepage-firmy-a-nadacie-mb202010g00393-698x524.jpg 698w, https:\/\/www.magna.org\/fr\/wp-content\/uploads\/2022\/12\/homepage-firmy-a-nadacie-mb202010g00393-1396x1048.jpg 1396w\" sizes=\"auto, (max-width: 698px) 100vw, 698px\" \/>\n        <\/div>\n        <div class=\"s-home-hero__content\">\n            <h2 class=\"s-home-hero__title\">Pre\u010do MAGNA?<\/h2>\n            <div class=\"s-home-hero__text\">\n                <p>Spolu s nami zapoj\u00edte svoju spolo\u010dnos\u0165 do zlep\u0161enia pr\u00edstupu k zdravotnej starostlivosti na celom svete. Vybudovan\u00edm partnerstva s MAGNA zalo\u017een\u00e9ho na d\u00f4vere, efekt\u00edvnosti a transparentnosti zv\u00fd\u0161ite vplyv svojho podnikania.<\/p>\n            <\/div>\n        <\/div>\n    <\/div>\n<\/section>\n\n<div class=\"e-content-text\"><div class=\"e-content-text__inner\">\n<h2 class=\"wp-block-heading\">Pre\u010do mobilizova\u0165 va\u0161ich zamestnancov?<\/h2>\n<\/div><\/div>\n\n<div class=\"e-content-text\"><div class=\"e-content-text__inner\">\n<p>Bez oh\u013eadu na v\u00e1\u0161 partnersk\u00fd projekt s MAGNA umo\u017en\u00edte svojim zamestnancom pon\u00faknu\u0165 pomoc k lep\u0161iemu pr\u00edstupu k zdravotnej starostlivosti pre t\u00fdch najzranite\u013enej\u0161\u00edm. <\/p>\n<\/div><\/div>\n\n<div class=\"e-content-text\"><div class=\"e-content-text__inner\">\n<p>Zjednoten\u00edm svojich zamestnancov povzbud\u00edte t\u00edmov\u00e9ho ducha. Poskytnete im pr\u00edle\u017eitos\u0165 z\u00fa\u010dastni\u0165 sa spolo\u010dne na konkr\u00e9tnych, vysoko efekt\u00edvnych a \u017e\u00edvot zachran\u0148uj\u00facich humanit\u00e1rnych oper\u00e1ciach.<\/p>\n<\/div><\/div>\n\n<div class=\"e-content-text\"><div class=\"e-content-text__inner\">\n<p>\u00da\u010das\u0165ou na spolo\u010dnom projekte sprav\u00edte svojich zamestnancov hrd\u00fdch na to, \u017ee patria k zodpovednej a anga\u017eovanej firme. Bud\u00fa vedie\u0165 presne komu, kde a ako pom\u00e1haj\u00fa.<\/p>\n<\/div><\/div>\n\n<div class=\"e-content-media e-content-media--md\">\n            <img loading=\"lazy\" decoding=\"async\" width=\"1058\" height=\"1058\" src=\"https:\/\/www.magna.org\/fr\/wp-content\/uploads\/2022\/12\/homepage-najdite-si-poziciu-mb.nic-.12m-189-1058x1058.jpg\" class=\"attachment-magna-md size-magna-md\" alt=\"\" srcset=\"https:\/\/www.magna.org\/fr\/wp-content\/uploads\/2022\/12\/homepage-najdite-si-poziciu-mb.nic-.12m-189-1058x1058.jpg 1058w, https:\/\/www.magna.org\/fr\/wp-content\/uploads\/2022\/12\/homepage-najdite-si-poziciu-mb.nic-.12m-189-300x300.jpg 300w, https:\/\/www.magna.org\/fr\/wp-content\/uploads\/2022\/12\/homepage-najdite-si-poziciu-mb.nic-.12m-189-1024x1024.jpg 1024w, https:\/\/www.magna.org\/fr\/wp-content\/uploads\/2022\/12\/homepage-najdite-si-poziciu-mb.nic-.12m-189-150x150.jpg 150w, https:\/\/www.magna.org\/fr\/wp-content\/uploads\/2022\/12\/homepage-najdite-si-poziciu-mb.nic-.12m-189-768x768.jpg 768w, https:\/\/www.magna.org\/fr\/wp-content\/uploads\/2022\/12\/homepage-najdite-si-poziciu-mb.nic-.12m-189-552x552.jpg 552w, https:\/\/www.magna.org\/fr\/wp-content\/uploads\/2022\/12\/homepage-najdite-si-poziciu-mb.nic-.12m-189-384x384.jpg 384w, https:\/\/www.magna.org\/fr\/wp-content\/uploads\/2022\/12\/homepage-najdite-si-poziciu-mb.nic-.12m-189-676x676.jpg 676w, https:\/\/www.magna.org\/fr\/wp-content\/uploads\/2022\/12\/homepage-najdite-si-poziciu-mb.nic-.12m-189-468x468.jpg 468w, https:\/\/www.magna.org\/fr\/wp-content\/uploads\/2022\/12\/homepage-najdite-si-poziciu-mb.nic-.12m-189.jpg 1200w\" sizes=\"auto, (max-width: 1058px) 100vw, 1058px\" \/>\n    <div class=\"e-content-media__caption\">\u0147IKARAGUA. Mobiln\u00e1 klinika. Copyright Martin Band\u017e\u00e1k\/MAGNA<\/div>\n<\/div>\n\n<div class=\"e-content-text\"><div class=\"e-content-text__inner\">\n<h2 class=\"wp-block-heading\">Ve\u013ea pr\u00edle\u017eitost\u00ed ako sa anga\u017eova\u0165<\/h2>\n<\/div><\/div>\n\n<div class=\"e-content-text\"><div class=\"e-content-text__inner\">\n<p class=\"has-vivid-red-color has-text-color has-medium-font-size\">Zorganizujte solid\u00e1rnu v\u00fdzvu<\/p>\n<\/div><\/div>\n\n<div class=\"e-content-text\"><div class=\"e-content-text__inner\">\n<p>Pri pr\u00edle\u017eitosti pretekov prispejte MAGNA za ka\u017ed\u00fd prejden\u00fd krok alebo km. Fyzick\u00fa aktivitu svojich zamestnancov m\u00f4\u017eete podpori\u0165 aj odmenou za ich po\u010det prejden\u00fdch krokov ka\u017ed\u00fd de\u0148. <\/p>\n<\/div><\/div>\n\n<div class=\"e-content-text\"><div class=\"e-content-text__inner\">\n<p class=\"has-vivid-red-color has-text-color has-medium-font-size\">Navrhnite dar vo forme mzdy alebo bonusu<\/p>\n<\/div><\/div>\n\n<div class=\"e-content-text\"><div class=\"e-content-text__inner\">\n<p>Va\u0161i zamestnanci sa m\u00f4\u017eu rozhodn\u00fa\u0165, \u017ee ka\u017ed\u00fd mesiac daruj\u00fa nieko\u013eko eur alebo centov t\u00edmom MAGNA, ktor\u00e9 sa odpo\u010d\u00edtaj\u00fa priamo z ich platu. Bezbolestn\u00e9 gesto, ktor\u00e9 umo\u017e\u0148uje t\u00edmom MAGNA lie\u010di\u0165 t\u00fdch najzranite\u013enej\u0161\u00edch.<\/p>\n<\/div><\/div>\n\n<div class=\"e-content-text\"><div class=\"e-content-text__inner\">\n<p class=\"has-vivid-red-color has-text-color has-medium-font-size\">Rozhodnite sa pre zaokr\u00fah\u013eovanie v kaviarni<\/p>\n<\/div><\/div>\n\n<div class=\"e-content-text\"><div class=\"e-content-text__inner\">\n<p>M\u00e1 va\u0161a firma jed\u00e1le\u0148, bufet alebo kaviare\u0148 a denne sa tam rozd\u00e1vaj\u00fa stovky jed\u00e1l? Navrhnite svojim zamestnancom, aby zaokr\u00fahlili cenu jedla nahor. Mal\u00fd dar, ktor\u00fd k ostatn\u00fdm prispeje k z\u00e1chrane \u010fal\u0161\u00edch \u017eivotov.<\/p>\n<\/div><\/div>\n\n<section class=\"s-articles s-articles--2 s-articles--container\">\n    <div class=\"s-articles__inner\">\n        <h2 class=\"s-articles__title\">Na\u0161e oblasti p\u00f4sobenia<\/h2>\n        <div class=\"s-articles__content\">\n            <div class=\"s-articles__items\">\n                <div class=\"s-articles__item\">\n                    <article class=\"a-job\">\n    <div class=\"a-job__image\">\n        <div class=\"a-job__img\" style=\"background-image:url('https:\/\/www.magna.org\/fr\/wp-content\/uploads\/2022\/11\/homepage-zdravie-dietata-mb200806g0263.jpg');\"><\/div>\n    <\/div>\n    <div class=\"a-job__content\">\n        <h3 class=\"a-job__title\">Zdravie det\u00ed<\/h3>\n    <\/div>\n<\/article>\n                <\/div>\n                <div class=\"s-articles__item\">\n                    <article class=\"a-job\">\n    <div class=\"a-job__image\">\n        <div class=\"a-job__img\" style=\"background-image:url('https:\/\/www.magna.org\/fr\/wp-content\/uploads\/2022\/11\/homepage-sexualne-nasilie-mb2015008g0659-1.jpg');\"><\/div>\n    <\/div>\n    <div class=\"a-job__content\">\n        <h3 class=\"a-job__title\">N\u00e1silie na \u017een\u00e1ch<\/h3>\n    <\/div>\n<\/article>\n                <\/div>\n                <div class=\"s-articles__item\">\n                    <article class=\"a-job\">\n    <div class=\"a-job__image\">\n        <div class=\"a-job__img\" style=\"background-image:url('https:\/\/www.magna.org\/fr\/wp-content\/uploads\/2022\/11\/homepage-podvyziva-mb201911g5555.jpg');\"><\/div>\n    <\/div>\n    <div class=\"a-job__content\">\n        <h3 class=\"a-job__title\">Hlad a podv\u00fd\u017eiva<\/h3>\n    <\/div>\n<\/article>\n                <\/div>\n                <div class=\"s-articles__item\">\n                    <article class=\"a-job\">\n    <div class=\"a-job__image\">\n        <div class=\"a-job__img\" style=\"background-image:url('https:\/\/www.magna.org\/fr\/wp-content\/uploads\/2006\/01\/homepage-kambodza-pediatricka-starostlivost-v-takhmau-mb200708g0088.jpg');\"><\/div>\n    <\/div>\n    <div class=\"a-job__content\">\n        <h3 class=\"a-job__title\">Inov\u00e1cie v zdravotn\u00edctve<\/h3>\n    <\/div>\n<\/article>\n                <\/div>\n            <\/div>\n        <\/div>\n    <\/div>\n<\/section>\n\n<section class=\"s-help hc-section-space--normal\">\n    <div class=\"s-help__inner\">\n        <h2 class=\"s-help__title\">Pozrite tie\u017e<\/h2>\n        <div class=\"s-help__content\">\n            <div class=\"s-help__items\">\n                <div class=\"s-help__item\">\n                    <article class=\"a-help\">\n                        <a href=\"https:\/\/www.magna.org\/fr\/podporte-nas\/firmy-a-nadacie\/podporte-konkretny-humanitarny-projekt\/\" target=\"\" class=\"a-help__link\"><\/a>\n                        <div class=\"a-help__content\">\n                            <h3 class=\"a-help__title\">Podporte konkr\u00e9tny projekt<\/h3>\n                            <div class=\"a-help__cta\">\n                                <a href=\"https:\/\/www.magna.org\/fr\/podporte-nas\/firmy-a-nadacie\/podporte-konkretny-humanitarny-projekt\/\" target=\"\" >Zisti\u0165 viac<\/a>\n                            <\/div>\n                        <\/div>\n                    <\/article>\n                <\/div>\n                <div class=\"s-help__item\">\n                    <article class=\"a-help\">\n                        <a href=\"https:\/\/www.magna.org\/fr\/podporte-nas\/firmy-a-nadacie\/mobilizujte-svojich-zakaznikov\/\" target=\"\" class=\"a-help__link\"><\/a>\n                        <div class=\"a-help__content\">\n                            <h3 class=\"a-help__title\">Mobilzujte va\u0161ich z\u00e1kazn\u00edkov<\/h3>\n                            <div class=\"a-help__cta\">\n                                <a href=\"https:\/\/www.magna.org\/fr\/podporte-nas\/firmy-a-nadacie\/mobilizujte-svojich-zakaznikov\/\" target=\"\" >Zisti\u0165 viac<\/a>\n                            <\/div>\n                        <\/div>\n                    <\/article>\n                <\/div>\n                <div class=\"s-help__item\">\n                    <article class=\"a-help\">\n                        <a href=\"https:\/\/www.magna.org\/fr\/podporte-nas\/2-z-dane\/\" target=\"\" class=\"a-help__link\"><\/a>\n                        <div class=\"a-help__content\">\n                            <h3 class=\"a-help__title\">Darujte 2% z dane<\/h3>\n                            <div class=\"a-help__cta\">\n                                <a href=\"https:\/\/www.magna.org\/fr\/podporte-nas\/2-z-dane\/\" target=\"\" >Zisti\u0165 viac<\/a>\n                            <\/div>\n                        <\/div>\n                    <\/article>\n                <\/div>\n                <div class=\"s-help__item\">\n                    <article class=\"a-help\">\n                        <a href=\"https:\/\/www.magna.org\/fr\/podporte-nas\/firmy-a-nadacie\/spolocensky-zavazok-s-magna\/\" target=\"\" class=\"a-help__link\"><\/a>\n                        <div class=\"a-help__content\">\n                            <h3 class=\"a-help__title\">Zme\u0148te svet s MAGNA<\/h3>\n                            <div class=\"a-help__cta\">\n                                <a href=\"https:\/\/www.magna.org\/fr\/podporte-nas\/firmy-a-nadacie\/spolocensky-zavazok-s-magna\/\" target=\"\" >Zisti\u0165 viac<\/a>\n                            <\/div>\n                        <\/div>\n                    <\/article>\n                <\/div>\n            <\/div>\n        <\/div>\n    <\/div>\n<\/section>\n\n<div class=\"e-content-text\"><div class=\"e-content-text__inner\">\n<h2 class=\"has-text-align-center wp-block-heading\">M\u00e1te \u010fa\u013e\u0161ie ot\u00e1zky?<\/h2>\n<\/div><\/div>\n\n<div class=\"e-content-text\"><div class=\"e-content-text__inner\">\n<p class=\"has-text-align-center\">Zavolajte na&nbsp;&nbsp;<a href=\"tel:+421907863612\">+421 907 863 612<\/a>&nbsp;alebo po\u0161lite e-mail na&nbsp;<a href=\"mailto:komunikacia@magna.org\">komunikacia@magna.org<\/a>&nbsp;a my v\u00e1m radi pom\u00f4\u017eeme.<\/p>\n<\/div><\/div>","protected":false},"excerpt":{"rendered":"<p>Chcete da\u0165 svoju filantropiu do slu\u017eieb humanit\u00e1rnych akci\u00ed s vysok\u00fdm dosahom? Chcete dosiahnu\u0165 svoje ciele spolo\u010denskej zodpovednosti? Objavte rie\u0161enia, ktor\u00e9 pon\u00faka MAGNA, aby ste sa zapojili do n\u00e1\u0161ho boja za pr\u00edstup k zdravotnej starostlivosti pre v\u0161etk\u00fdch doma aj vo svete. Pre\u010do mobilizova\u0165 va\u0161ich zamestnancov? Bez oh\u013eadu na v\u00e1\u0161 partnersk\u00fd projekt s MAGNA umo\u017en\u00edte svojim zamestnancom [&hellip;]<\/p>\n","protected":false},"author":2,"featured_media":0,"parent":2502,"menu_order":1,"comment_status":"closed","ping_status":"closed","template":"page-article.php","meta":{"_acf_changed":false,"inline_featured_image":false,"footnotes":""},"class_list":["post-4530","page","type-page","status-publish","hentry"],"acf":[],"yoast_head":"<!-- This site is optimized with the Yoast SEO plugin v24.3 - https:\/\/yoast.com\/wordpress\/plugins\/seo\/ -->\n<title>Mobilizujte va\u0161ich zamestnancov - Magna<\/title>\n<meta name=\"robots\" content=\"index, follow, max-snippet:-1, max-image-preview:large, max-video-preview:-1\" \/>\n<link rel=\"canonical\" href=\"https:\/\/www.magna.org\/fr\/sk\/podporte-nas\/firmy-a-nadacie\/mobilizujte-vasich-zamestnancov\/\" \/>\n<meta property=\"og:locale\" content=\"en_US\" \/>\n<meta property=\"og:type\" content=\"article\" \/>\n<meta property=\"og:title\" content=\"Mobilizujte va\u0161ich zamestnancov - Magna\" \/>\n<meta property=\"og:description\" content=\"Chcete da\u0165 svoju filantropiu do slu\u017eieb humanit\u00e1rnych akci\u00ed s vysok\u00fdm dosahom? Chcete dosiahnu\u0165 svoje ciele spolo\u010denskej zodpovednosti? Objavte rie\u0161enia, ktor\u00e9 pon\u00faka MAGNA, aby ste sa zapojili do n\u00e1\u0161ho boja za pr\u00edstup k zdravotnej starostlivosti pre v\u0161etk\u00fdch doma aj vo svete. Pre\u010do mobilizova\u0165 va\u0161ich zamestnancov? Bez oh\u013eadu na v\u00e1\u0161 partnersk\u00fd projekt s MAGNA umo\u017en\u00edte svojim zamestnancom [&hellip;]\" \/>\n<meta property=\"og:url\" content=\"https:\/\/www.magna.org\/fr\/sk\/podporte-nas\/firmy-a-nadacie\/mobilizujte-vasich-zamestnancov\/\" \/>\n<meta property=\"og:site_name\" content=\"Magna\" \/>\n<meta property=\"article:modified_time\" content=\"2022-12-06T07:19:05+00:00\" \/>\n<meta name=\"twitter:card\" content=\"summary_large_image\" \/>\n<meta name=\"twitter:label1\" content=\"Est. reading time\" \/>\n\t<meta name=\"twitter:data1\" content=\"2 minutes\" \/>\n<script type=\"application\/ld+json\" class=\"yoast-schema-graph\">{\"@context\":\"https:\/\/schema.org\",\"@graph\":[{\"@type\":\"WebPage\",\"@id\":\"https:\/\/www.magna.org\/fr\/sk\/podporte-nas\/firmy-a-nadacie\/mobilizujte-vasich-zamestnancov\/\",\"url\":\"https:\/\/www.magna.org\/fr\/sk\/podporte-nas\/firmy-a-nadacie\/mobilizujte-vasich-zamestnancov\/\",\"name\":\"Mobilizujte va\u0161ich zamestnancov - Magna\",\"isPartOf\":{\"@id\":\"https:\/\/www.magna.org\/fr\/#website\"},\"datePublished\":\"2022-11-19T10:34:13+00:00\",\"dateModified\":\"2022-12-06T07:19:05+00:00\",\"breadcrumb\":{\"@id\":\"https:\/\/www.magna.org\/fr\/sk\/podporte-nas\/firmy-a-nadacie\/mobilizujte-vasich-zamestnancov\/#breadcrumb\"},\"inLanguage\":\"en-US\",\"potentialAction\":[{\"@type\":\"ReadAction\",\"target\":[\"https:\/\/www.magna.org\/fr\/sk\/podporte-nas\/firmy-a-nadacie\/mobilizujte-vasich-zamestnancov\/\"]}]},{\"@type\":\"BreadcrumbList\",\"@id\":\"https:\/\/www.magna.org\/fr\/sk\/podporte-nas\/firmy-a-nadacie\/mobilizujte-vasich-zamestnancov\/#breadcrumb\",\"itemListElement\":[{\"@type\":\"ListItem\",\"position\":1,\"name\":\"Home\",\"item\":\"https:\/\/www.magna.org\/fr\/sk\/\"},{\"@type\":\"ListItem\",\"position\":2,\"name\":\"Podporte n\u00e1s\",\"item\":\"https:\/\/www.magna.org\/fr\/sk\/podporte-nas\/\"},{\"@type\":\"ListItem\",\"position\":3,\"name\":\"Firmy a Nad\u00e1cie\",\"item\":\"https:\/\/www.magna.org\/fr\/sk\/podporte-nas\/firmy-a-nadacie\/\"},{\"@type\":\"ListItem\",\"position\":4,\"name\":\"Mobilizujte va\u0161ich zamestnancov\"}]},{\"@type\":\"WebSite\",\"@id\":\"https:\/\/www.magna.org\/fr\/#website\",\"url\":\"https:\/\/www.magna.org\/fr\/\",\"name\":\"Magna\",\"description\":\"Just another WordPress site\",\"potentialAction\":[{\"@type\":\"SearchAction\",\"target\":{\"@type\":\"EntryPoint\",\"urlTemplate\":\"https:\/\/www.magna.org\/fr\/?s={search_term_string}\"},\"query-input\":{\"@type\":\"PropertyValueSpecification\",\"valueRequired\":true,\"valueName\":\"search_term_string\"}}],\"inLanguage\":\"en-US\"}]}<\/script>\n<!-- \/ Yoast SEO plugin. -->","yoast_head_json":{"title":"Mobilizujte va\u0161ich zamestnancov - Magna","robots":{"index":"index","follow":"follow","max-snippet":"max-snippet:-1","max-image-preview":"max-image-preview:large","max-video-preview":"max-video-preview:-1"},"canonical":"https:\/\/www.magna.org\/fr\/sk\/podporte-nas\/firmy-a-nadacie\/mobilizujte-vasich-zamestnancov\/","og_locale":"en_US","og_type":"article","og_title":"Mobilizujte va\u0161ich zamestnancov - Magna","og_description":"Chcete da\u0165 svoju filantropiu do slu\u017eieb humanit\u00e1rnych akci\u00ed s vysok\u00fdm dosahom? Chcete dosiahnu\u0165 svoje ciele spolo\u010denskej zodpovednosti? Objavte rie\u0161enia, ktor\u00e9 pon\u00faka MAGNA, aby ste sa zapojili do n\u00e1\u0161ho boja za pr\u00edstup k zdravotnej starostlivosti pre v\u0161etk\u00fdch doma aj vo svete. Pre\u010do mobilizova\u0165 va\u0161ich zamestnancov? Bez oh\u013eadu na v\u00e1\u0161 partnersk\u00fd projekt s MAGNA umo\u017en\u00edte svojim zamestnancom [&hellip;]","og_url":"https:\/\/www.magna.org\/fr\/sk\/podporte-nas\/firmy-a-nadacie\/mobilizujte-vasich-zamestnancov\/","og_site_name":"Magna","article_modified_time":"2022-12-06T07:19:05+00:00","twitter_card":"summary_large_image","twitter_misc":{"Est. reading time":"2 minutes"},"schema":{"@context":"https:\/\/schema.org","@graph":[{"@type":"WebPage","@id":"https:\/\/www.magna.org\/fr\/sk\/podporte-nas\/firmy-a-nadacie\/mobilizujte-vasich-zamestnancov\/","url":"https:\/\/www.magna.org\/fr\/sk\/podporte-nas\/firmy-a-nadacie\/mobilizujte-vasich-zamestnancov\/","name":"Mobilizujte va\u0161ich zamestnancov - Magna","isPartOf":{"@id":"https:\/\/www.magna.org\/fr\/#website"},"datePublished":"2022-11-19T10:34:13+00:00","dateModified":"2022-12-06T07:19:05+00:00","breadcrumb":{"@id":"https:\/\/www.magna.org\/fr\/sk\/podporte-nas\/firmy-a-nadacie\/mobilizujte-vasich-zamestnancov\/#breadcrumb"},"inLanguage":"en-US","potentialAction":[{"@type":"ReadAction","target":["https:\/\/www.magna.org\/fr\/sk\/podporte-nas\/firmy-a-nadacie\/mobilizujte-vasich-zamestnancov\/"]}]},{"@type":"BreadcrumbList","@id":"https:\/\/www.magna.org\/fr\/sk\/podporte-nas\/firmy-a-nadacie\/mobilizujte-vasich-zamestnancov\/#breadcrumb","itemListElement":[{"@type":"ListItem","position":1,"name":"Home","item":"https:\/\/www.magna.org\/fr\/sk\/"},{"@type":"ListItem","position":2,"name":"Podporte n\u00e1s","item":"https:\/\/www.magna.org\/fr\/sk\/podporte-nas\/"},{"@type":"ListItem","position":3,"name":"Firmy a Nad\u00e1cie","item":"https:\/\/www.magna.org\/fr\/sk\/podporte-nas\/firmy-a-nadacie\/"},{"@type":"ListItem","position":4,"name":"Mobilizujte va\u0161ich zamestnancov"}]},{"@type":"WebSite","@id":"https:\/\/www.magna.org\/fr\/#website","url":"https:\/\/www.magna.org\/fr\/","name":"Magna","description":"Just another WordPress site","potentialAction":[{"@type":"SearchAction","target":{"@type":"EntryPoint","urlTemplate":"https:\/\/www.magna.org\/fr\/?s={search_term_string}"},"query-input":{"@type":"PropertyValueSpecification","valueRequired":true,"valueName":"search_term_string"}}],"inLanguage":"en-US"}]}},"_links":{"self":[{"href":"https:\/\/www.magna.org\/fr\/wp-json\/wp\/v2\/pages\/4530","targetHints":{"allow":["GET"]}}],"collection":[{"href":"https:\/\/www.magna.org\/fr\/wp-json\/wp\/v2\/pages"}],"about":[{"href":"https:\/\/www.magna.org\/fr\/wp-json\/wp\/v2\/types\/page"}],"author":[{"embeddable":true,"href":"https:\/\/www.magna.org\/fr\/wp-json\/wp\/v2\/users\/2"}],"replies":[{"embeddable":true,"href":"https:\/\/www.magna.org\/fr\/wp-json\/wp\/v2\/comments?post=4530"}],"version-history":[{"count":46,"href":"https:\/\/www.magna.org\/fr\/wp-json\/wp\/v2\/pages\/4530\/revisions"}],"predecessor-version":[{"id":10101,"href":"https:\/\/www.magna.org\/fr\/wp-json\/wp\/v2\/pages\/4530\/revisions\/10101"}],"up":[{"embeddable":true,"href":"https:\/\/www.magna.org\/fr\/wp-json\/wp\/v2\/pages\/2502"}],"wp:attachment":[{"href":"https:\/\/www.magna.org\/fr\/wp-json\/wp\/v2\/media?parent=4530"}],"curies":[{"name":"wp","href":"https:\/\/api.w.org\/{rel}","templated":true}]}}