{"id":6228,"date":"2022-12-02T08:58:13","date_gmt":"2022-12-02T08:58:13","guid":{"rendered":"https:\/\/www.magna.org\/fr\/?page_id=6228"},"modified":"2023-02-06T13:09:50","modified_gmt":"2023-02-06T13:09:50","slug":"kontaktujte-nas","status":"publish","type":"page","link":"https:\/\/www.magna.org\/fr\/sk\/kontaktujte-nas\/","title":{"rendered":"Kontaktujte n\u00e1s"},"content":{"rendered":"<div class=\"e-content-text\"><div class=\"e-content-text__inner\">\n<p class=\"has-text-align-center\">\u00dalohou t\u00edmu MAGNA na Slovensku je z\u00edskava\u0165 materi\u00e1lne a finan\u010dn\u00e9 prostriedky pre humanit\u00e1rne zdravotn\u00edcke projekty, pracovn\u00edkov do ter\u00e9nu, realizova\u0165 eduka\u010dn\u00e9 projekty a informa\u010dn\u00e9 kampane, spolupracova\u0165 s m\u00e9diami a informova\u0165 verejnos\u0165 o probl\u00e9moch \u013eud\u00ed a det\u00ed \u017eij\u00facich v kr\u00edzov\u00fdch oblastiach sveta.<\/p>\n<\/div><\/div>\n\n<section class=\"s-home-hero s-home-hero--white hc-section-space--normal\">\n    <div class=\"s-home-hero__inner\">\n        <div class=\"s-home-hero__media\">\n            <img loading=\"lazy\" decoding=\"async\" width=\"698\" height=\"524\" src=\"https:\/\/www.magna.org\/fr\/wp-content\/uploads\/2022\/11\/homepage-juzny-sudan-zdravotna-a-nutricna-starostlivost-v-duk-paggak-mb201902g0351-e1669940997687-698x524.jpg\" class=\"attachment-magna-hero size-magna-hero\" alt=\"\" srcset=\"https:\/\/www.magna.org\/fr\/wp-content\/uploads\/2022\/11\/homepage-juzny-sudan-zdravotna-a-nutricna-starostlivost-v-duk-paggak-mb201902g0351-e1669940997687-698x524.jpg 698w, https:\/\/www.magna.org\/fr\/wp-content\/uploads\/2022\/11\/homepage-juzny-sudan-zdravotna-a-nutricna-starostlivost-v-duk-paggak-mb201902g0351-e1669940997687-1396x1048.jpg 1396w\" sizes=\"auto, (max-width: 698px) 100vw, 698px\" \/>\n        <\/div>\n        <div class=\"s-home-hero__content\">\n            <h2 class=\"s-home-hero__title\">M\u00e1te ot\u00e1zky?<\/h2>\n            <div class=\"s-home-hero__text\">\n                <p>Ak potrebujete pomoc, kontaktujte n\u00e1s mailom alebo zavolajte na \u010d\u00edslo +421 917 827 827 denne od 9:00 do 17:00.<\/p>\n            <\/div>\n            <div class=\"s-home-hero__cta\">\n                <a href=\"mailto:info@magna.org\" target=\"\" class=\"e-btn e-btn--dark\">Kontaktujte n\u00e1s<\/a>\n            <\/div>\n        <\/div>\n    <\/div>\n<\/section>\n\n<div class=\"e-content-text\"><div class=\"e-content-text__inner\">\n<p class=\"has-vivid-red-color has-text-color has-medium-font-size\"><strong>ADRESA ORGANIZ\u00c1CIE V BRATISLAVE<\/strong><\/p>\n<\/div><\/div>\n\n<div class=\"e-content-text\"><div class=\"e-content-text__inner\">\n<p><strong>S\u00eddlo<\/strong><br>\u0160tef\u00e1nikova 19, 811 05 Bratislava<\/p>\n<\/div><\/div>\n\n<div class=\"e-content-text\"><div class=\"e-content-text__inner\">\n<p><strong>Kancel\u00e1ria<\/strong><br>Pansk\u00e1 13, 811 01 Bratislava<\/p>\n<\/div><\/div>\n\n<div class=\"e-content-text\"><div class=\"e-content-text__inner\">\n<p class=\"has-vivid-red-color has-text-color has-medium-font-size\"><strong>\u010eA\u013d\u0160IE KONTAKTY<\/strong><\/p>\n<\/div><\/div>\n\n<div class=\"e-content-text\"><div class=\"e-content-text__inner\">\n<p><strong>Pre darcov<br><\/strong>V pr\u00edpade ot\u00e1zok t\u00fdkaj\u00facich sa darcovstva n\u00e1s pros\u00edm kontaktujte na ni\u017e\u0161ie uvedenom emaile alebo telef\u00f3nnom \u010d\u00edsle.<\/p>\n<\/div><\/div>\n\n<div class=\"e-content-text\"><div class=\"e-content-text__inner\">\n<p>+421 917 827 827<br><a href=\"mailto:dar@magna.org\">dar@magna.org<\/a><\/p>\n<\/div><\/div>\n\n<div class=\"e-content-text\"><div class=\"e-content-text__inner\">\n<p><strong>Pre sponzorstvo a komunik\u00e1ciu<br><\/strong>V pr\u00edpade z\u00e1ujmu o podporu a formy spolupr\u00e1ce alebo v pr\u00edpade ot\u00e1zok t\u00fdkaj\u00facich sa humanit\u00e1rnej \u010dinnosti \u010di situ\u00e1cie v kr\u00edzov\u00fdch oblastiach n\u00e1s pros\u00edm kontaktujte na ni\u017e\u0161ie uvedenom emaile alebo telef\u00f3nnom \u010d\u00edsle.<\/p>\n<\/div><\/div>\n\n<div class=\"e-content-text\"><div class=\"e-content-text__inner\">\n<p>+421 907 883 612<br><a href=\"mailto:komunikacia@magna.org\">komunikacia@magna.org<\/a><\/p>\n<\/div><\/div>\n\n<div class=\"e-content-support\">\n    <div class=\"e-content-support__box\" style=\"background-image:url('https:\/\/www.magna.org\/fr\/wp-content\/uploads\/2022\/08\/homepage-kazde-novonarodene-babatko-je-ako-maly-vychod-slnka-mb201911g6509.-desktop-v01jpg-e1664093677272.jpg')\">\n        <div class=\"e-content-support__content\">\n            <h3 class=\"e-content-support__title\">Lie\u010dime v\u010faka V\u00e1m<\/h3>\n            <div class=\"e-content-support__text\">Va\u0161a podpora zohr\u00e1va v\u00fdznamn\u00fa \u00falohu v na\u0161ej pr\u00e1ci na z\u00e1chranu \u017eivotov.<\/div>\n        <\/div>\n        <div class=\"e-content-support__donate\">\n        <\/div>\n    <\/div>\n<\/div>","protected":false},"excerpt":{"rendered":"<p>\u00dalohou t\u00edmu MAGNA na Slovensku je z\u00edskava\u0165 materi\u00e1lne a finan\u010dn\u00e9 prostriedky pre humanit\u00e1rne zdravotn\u00edcke projekty, pracovn\u00edkov do ter\u00e9nu, realizova\u0165 eduka\u010dn\u00e9 projekty a informa\u010dn\u00e9 kampane, spolupracova\u0165 s m\u00e9diami a informova\u0165 verejnos\u0165 o probl\u00e9moch \u013eud\u00ed a det\u00ed \u017eij\u00facich v kr\u00edzov\u00fdch oblastiach sveta. ADRESA ORGANIZ\u00c1CIE V BRATISLAVE S\u00eddlo\u0160tef\u00e1nikova 19, 811 05 Bratislava Kancel\u00e1riaPansk\u00e1 13, 811 01 Bratislava \u010eA\u013d\u0160IE [&hellip;]<\/p>\n","protected":false},"author":2,"featured_media":780,"parent":0,"menu_order":1,"comment_status":"closed","ping_status":"closed","template":"page-article.php","meta":{"_acf_changed":false,"inline_featured_image":false,"footnotes":""},"class_list":["post-6228","page","type-page","status-publish","has-post-thumbnail","hentry"],"acf":[],"yoast_head":"<!-- This site is optimized with the Yoast SEO plugin v24.3 - https:\/\/yoast.com\/wordpress\/plugins\/seo\/ -->\n<title>Kontaktujte n\u00e1s - Magna<\/title>\n<meta name=\"robots\" content=\"index, follow, max-snippet:-1, max-image-preview:large, max-video-preview:-1\" \/>\n<link rel=\"canonical\" href=\"https:\/\/www.magna.org\/fr\/sk\/kontaktujte-nas\/\" \/>\n<meta property=\"og:locale\" content=\"en_US\" \/>\n<meta property=\"og:type\" content=\"article\" \/>\n<meta property=\"og:title\" content=\"Kontaktujte n\u00e1s - Magna\" \/>\n<meta property=\"og:description\" content=\"\u00dalohou t\u00edmu MAGNA na Slovensku je z\u00edskava\u0165 materi\u00e1lne a finan\u010dn\u00e9 prostriedky pre humanit\u00e1rne zdravotn\u00edcke projekty, pracovn\u00edkov do ter\u00e9nu, realizova\u0165 eduka\u010dn\u00e9 projekty a informa\u010dn\u00e9 kampane, spolupracova\u0165 s m\u00e9diami a informova\u0165 verejnos\u0165 o probl\u00e9moch \u013eud\u00ed a det\u00ed \u017eij\u00facich v kr\u00edzov\u00fdch oblastiach sveta. ADRESA ORGANIZ\u00c1CIE V BRATISLAVE S\u00eddlo\u0160tef\u00e1nikova 19, 811 05 Bratislava Kancel\u00e1riaPansk\u00e1 13, 811 01 Bratislava \u010eA\u013d\u0160IE [&hellip;]\" \/>\n<meta property=\"og:url\" content=\"https:\/\/www.magna.org\/fr\/sk\/kontaktujte-nas\/\" \/>\n<meta property=\"og:site_name\" content=\"Magna\" \/>\n<meta property=\"article:modified_time\" content=\"2023-02-06T13:09:50+00:00\" \/>\n<meta property=\"og:image\" content=\"https:\/\/www.magna.org\/fr\/wp-content\/uploads\/2022\/09\/homepage-kto-sme-mb2010010g0744-scaled-e1669891224183.jpg\" \/>\n\t<meta property=\"og:image:width\" content=\"2560\" \/>\n\t<meta property=\"og:image:height\" content=\"1266\" \/>\n\t<meta property=\"og:image:type\" content=\"image\/jpeg\" \/>\n<meta name=\"twitter:card\" content=\"summary_large_image\" \/>\n<meta name=\"twitter:label1\" content=\"Est. reading time\" \/>\n\t<meta name=\"twitter:data1\" content=\"1 minute\" \/>\n<script type=\"application\/ld+json\" class=\"yoast-schema-graph\">{\"@context\":\"https:\/\/schema.org\",\"@graph\":[{\"@type\":\"WebPage\",\"@id\":\"https:\/\/www.magna.org\/fr\/sk\/kontaktujte-nas\/\",\"url\":\"https:\/\/www.magna.org\/fr\/sk\/kontaktujte-nas\/\",\"name\":\"Kontaktujte n\u00e1s - Magna\",\"isPartOf\":{\"@id\":\"https:\/\/www.magna.org\/fr\/#website\"},\"primaryImageOfPage\":{\"@id\":\"https:\/\/www.magna.org\/fr\/sk\/kontaktujte-nas\/#primaryimage\"},\"image\":{\"@id\":\"https:\/\/www.magna.org\/fr\/sk\/kontaktujte-nas\/#primaryimage\"},\"thumbnailUrl\":\"https:\/\/www.magna.org\/fr\/wp-content\/uploads\/2022\/09\/homepage-kto-sme-mb2010010g0744-scaled-e1669891224183.jpg\",\"datePublished\":\"2022-12-02T08:58:13+00:00\",\"dateModified\":\"2023-02-06T13:09:50+00:00\",\"breadcrumb\":{\"@id\":\"https:\/\/www.magna.org\/fr\/sk\/kontaktujte-nas\/#breadcrumb\"},\"inLanguage\":\"en-US\",\"potentialAction\":[{\"@type\":\"ReadAction\",\"target\":[\"https:\/\/www.magna.org\/fr\/sk\/kontaktujte-nas\/\"]}]},{\"@type\":\"ImageObject\",\"inLanguage\":\"en-US\",\"@id\":\"https:\/\/www.magna.org\/fr\/sk\/kontaktujte-nas\/#primaryimage\",\"url\":\"https:\/\/www.magna.org\/fr\/wp-content\/uploads\/2022\/09\/homepage-kto-sme-mb2010010g0744-scaled-e1669891224183.jpg\",\"contentUrl\":\"https:\/\/www.magna.org\/fr\/wp-content\/uploads\/2022\/09\/homepage-kto-sme-mb2010010g0744-scaled-e1669891224183.jpg\",\"width\":2560,\"height\":1266},{\"@type\":\"BreadcrumbList\",\"@id\":\"https:\/\/www.magna.org\/fr\/sk\/kontaktujte-nas\/#breadcrumb\",\"itemListElement\":[{\"@type\":\"ListItem\",\"position\":1,\"name\":\"Home\",\"item\":\"https:\/\/www.magna.org\/fr\/sk\/\"},{\"@type\":\"ListItem\",\"position\":2,\"name\":\"Kontaktujte n\u00e1s\"}]},{\"@type\":\"WebSite\",\"@id\":\"https:\/\/www.magna.org\/fr\/#website\",\"url\":\"https:\/\/www.magna.org\/fr\/\",\"name\":\"Magna\",\"description\":\"Just another WordPress site\",\"potentialAction\":[{\"@type\":\"SearchAction\",\"target\":{\"@type\":\"EntryPoint\",\"urlTemplate\":\"https:\/\/www.magna.org\/fr\/?s={search_term_string}\"},\"query-input\":{\"@type\":\"PropertyValueSpecification\",\"valueRequired\":true,\"valueName\":\"search_term_string\"}}],\"inLanguage\":\"en-US\"}]}<\/script>\n<!-- \/ Yoast SEO plugin. -->","yoast_head_json":{"title":"Kontaktujte n\u00e1s - Magna","robots":{"index":"index","follow":"follow","max-snippet":"max-snippet:-1","max-image-preview":"max-image-preview:large","max-video-preview":"max-video-preview:-1"},"canonical":"https:\/\/www.magna.org\/fr\/sk\/kontaktujte-nas\/","og_locale":"en_US","og_type":"article","og_title":"Kontaktujte n\u00e1s - Magna","og_description":"\u00dalohou t\u00edmu MAGNA na Slovensku je z\u00edskava\u0165 materi\u00e1lne a finan\u010dn\u00e9 prostriedky pre humanit\u00e1rne zdravotn\u00edcke projekty, pracovn\u00edkov do ter\u00e9nu, realizova\u0165 eduka\u010dn\u00e9 projekty a informa\u010dn\u00e9 kampane, spolupracova\u0165 s m\u00e9diami a informova\u0165 verejnos\u0165 o probl\u00e9moch \u013eud\u00ed a det\u00ed \u017eij\u00facich v kr\u00edzov\u00fdch oblastiach sveta. ADRESA ORGANIZ\u00c1CIE V BRATISLAVE S\u00eddlo\u0160tef\u00e1nikova 19, 811 05 Bratislava Kancel\u00e1riaPansk\u00e1 13, 811 01 Bratislava \u010eA\u013d\u0160IE [&hellip;]","og_url":"https:\/\/www.magna.org\/fr\/sk\/kontaktujte-nas\/","og_site_name":"Magna","article_modified_time":"2023-02-06T13:09:50+00:00","og_image":[{"width":2560,"height":1266,"url":"https:\/\/www.magna.org\/fr\/wp-content\/uploads\/2022\/09\/homepage-kto-sme-mb2010010g0744-scaled-e1669891224183.jpg","type":"image\/jpeg"}],"twitter_card":"summary_large_image","twitter_misc":{"Est. reading time":"1 minute"},"schema":{"@context":"https:\/\/schema.org","@graph":[{"@type":"WebPage","@id":"https:\/\/www.magna.org\/fr\/sk\/kontaktujte-nas\/","url":"https:\/\/www.magna.org\/fr\/sk\/kontaktujte-nas\/","name":"Kontaktujte n\u00e1s - Magna","isPartOf":{"@id":"https:\/\/www.magna.org\/fr\/#website"},"primaryImageOfPage":{"@id":"https:\/\/www.magna.org\/fr\/sk\/kontaktujte-nas\/#primaryimage"},"image":{"@id":"https:\/\/www.magna.org\/fr\/sk\/kontaktujte-nas\/#primaryimage"},"thumbnailUrl":"https:\/\/www.magna.org\/fr\/wp-content\/uploads\/2022\/09\/homepage-kto-sme-mb2010010g0744-scaled-e1669891224183.jpg","datePublished":"2022-12-02T08:58:13+00:00","dateModified":"2023-02-06T13:09:50+00:00","breadcrumb":{"@id":"https:\/\/www.magna.org\/fr\/sk\/kontaktujte-nas\/#breadcrumb"},"inLanguage":"en-US","potentialAction":[{"@type":"ReadAction","target":["https:\/\/www.magna.org\/fr\/sk\/kontaktujte-nas\/"]}]},{"@type":"ImageObject","inLanguage":"en-US","@id":"https:\/\/www.magna.org\/fr\/sk\/kontaktujte-nas\/#primaryimage","url":"https:\/\/www.magna.org\/fr\/wp-content\/uploads\/2022\/09\/homepage-kto-sme-mb2010010g0744-scaled-e1669891224183.jpg","contentUrl":"https:\/\/www.magna.org\/fr\/wp-content\/uploads\/2022\/09\/homepage-kto-sme-mb2010010g0744-scaled-e1669891224183.jpg","width":2560,"height":1266},{"@type":"BreadcrumbList","@id":"https:\/\/www.magna.org\/fr\/sk\/kontaktujte-nas\/#breadcrumb","itemListElement":[{"@type":"ListItem","position":1,"name":"Home","item":"https:\/\/www.magna.org\/fr\/sk\/"},{"@type":"ListItem","position":2,"name":"Kontaktujte n\u00e1s"}]},{"@type":"WebSite","@id":"https:\/\/www.magna.org\/fr\/#website","url":"https:\/\/www.magna.org\/fr\/","name":"Magna","description":"Just another WordPress site","potentialAction":[{"@type":"SearchAction","target":{"@type":"EntryPoint","urlTemplate":"https:\/\/www.magna.org\/fr\/?s={search_term_string}"},"query-input":{"@type":"PropertyValueSpecification","valueRequired":true,"valueName":"search_term_string"}}],"inLanguage":"en-US"}]}},"_links":{"self":[{"href":"https:\/\/www.magna.org\/fr\/wp-json\/wp\/v2\/pages\/6228","targetHints":{"allow":["GET"]}}],"collection":[{"href":"https:\/\/www.magna.org\/fr\/wp-json\/wp\/v2\/pages"}],"about":[{"href":"https:\/\/www.magna.org\/fr\/wp-json\/wp\/v2\/types\/page"}],"author":[{"embeddable":true,"href":"https:\/\/www.magna.org\/fr\/wp-json\/wp\/v2\/users\/2"}],"replies":[{"embeddable":true,"href":"https:\/\/www.magna.org\/fr\/wp-json\/wp\/v2\/comments?post=6228"}],"version-history":[{"count":21,"href":"https:\/\/www.magna.org\/fr\/wp-json\/wp\/v2\/pages\/6228\/revisions"}],"predecessor-version":[{"id":11051,"href":"https:\/\/www.magna.org\/fr\/wp-json\/wp\/v2\/pages\/6228\/revisions\/11051"}],"wp:featuredmedia":[{"embeddable":true,"href":"https:\/\/www.magna.org\/fr\/wp-json\/wp\/v2\/media\/780"}],"wp:attachment":[{"href":"https:\/\/www.magna.org\/fr\/wp-json\/wp\/v2\/media?parent=6228"}],"curies":[{"name":"wp","href":"https:\/\/api.w.org\/{rel}","templated":true}]}}