{"id":891,"date":"2022-10-12T00:01:54","date_gmt":"2022-10-12T00:01:54","guid":{"rendered":"https:\/\/www.magna.org\/fr\/?page_id=891"},"modified":"2023-05-25T19:48:23","modified_gmt":"2023-05-25T19:48:23","slug":"pridajte-sa-k-nam-do-terenu","status":"publish","type":"page","link":"https:\/\/www.magna.org\/fr\/sk\/pracujte-s-nami\/pridajte-sa-k-nam-do-terenu\/","title":{"rendered":"Pridajte sa k n\u00e1m do ter\u00e9nu"},"content":{"rendered":"<section class=\"s-panels hc-section-space--normal\">\n    <div class=\"s-panels__inner\">\n        <div class=\"s-panels__aside s-panels__aside--empty\"><\/div>\n        <div class=\"s-panels__content\">\n<article class=\"a-teaser\">\n    <div class=\"a-teaser__content\">\n        <h2 class=\"a-teaser__title\">Chceli by ste sa prida\u0165 do n\u00e1\u0161ho t\u00edmu?<\/h2>\n        <div class=\"a-teaser__text\">\n            <p>Ke\u010f sa k n\u00e1m pripoj\u00edte, o\u010dak\u00e1vame, \u017ee sa zavia\u017eete k n\u00e1\u0161mu poslaniu; pomoc pri poskytovan\u00ed zdravotnej pomoci obyvate\u013estvu v n\u00fadzi a \u013eu\u010fom postihnut\u00fdm pr\u00edrodn\u00fdmi katastrofami alebo katastrofami sp\u00f4soben\u00fdmi \u013eudskou \u010dinnos\u0165ou.<\/p>\n<p>Pred odoslan\u00edm va\u0161ej online prihl\u00e1\u0161ky sa pros\u00edm uistite, \u017ee v\u00e1\u0161 profesion\u00e1lny profil sp\u013a\u0148a po\u017eiadavky MAGNA v ter\u00e9ne. Niektor\u00e9 krit\u00e9ri\u00e1 \u2013 vr\u00e1tane po\u017eadovanej dostupnosti \u2013 sa m\u00f4\u017eu medzi profilmi l\u00ed\u0161i\u0165.<\/p>\n<p>Tu sa m\u00f4\u017eete uch\u00e1dza\u0165 bu\u010f o konkr\u00e9tnu inzerovan\u00fa poz\u00edciu, alebo ak sa chcete uch\u00e1dza\u0165 o vstup do n\u00e1\u0161ej medzin\u00e1rodnej datab\u00e1zy ter\u00e9nnych pracovn\u00edkov.<\/p>\n\n        <\/div>\n    <\/div>\n    <div class=\"a-teaser__image\">\n        <div class=\"a-teaser__img\" style=\"background-image:url('https\\:\\\/\\\/www\\.magna\\.org\\\/fr\\\/wp-content\\\/uploads\\\/2022\\\/11\\\/homepage-juzny-sudan-ockovanie-a-osveta-v-taboroch-pre-vysidlenych-ludi-v-juba-mb201807g0852\\.jpg')\"><\/div>\n    <\/div>\n<\/article>        <\/div>\n    <\/div>\n<\/section>\n\n<section class=\"s-panels hc-section-space--normal\">\n    <div class=\"s-panels__inner\">\n        <div class=\"s-panels__aside s-panels__aside--empty\"><\/div>\n        <div class=\"s-panels__content\">\n            <section class=\"s-articles\">\n                <div class=\"s-articles__inner\">\n                    <h2 class=\"s-articles__title\">Aktu\u00e1lne otvoren\u00e9 konkr\u00e9tne lokalizovan\u00e9 poz\u00edcie<\/h2>\n                    <div class=\"s-articles__content\">\n                        <div class=\"s-articles__items\">\n                            <div class=\"s-articles__item\">\n                                <article class=\"a-vacancy\">\n    <a href=\"https:\/\/www.magna.org\/fr\/sk\/job-offer\/head-of-mission-drc-sk\/\" target=\"\" class=\"a-vacancy__link\"><\/a>\n    <div class=\"a-vacancy__content\">\n        <h5 class=\"a-vacancy__subtitle\">DR Congo<\/h5>\n        <h3 class=\"a-vacancy__title\">Head of Mission<\/h3>\n    <\/div>\n    <div class=\"a-vacancy__footer\">\n        <div class=\"a-vacancy__cta\">\n            <a href=\"https:\/\/www.magna.org\/fr\/sk\/job-offer\/head-of-mission-drc-sk\/\" target=\"\" class=\"e-link e-link--light\">Apply now<\/a>\n        <\/div>\n    <\/div>\n<\/article>\n                            <\/div>\n                            <div class=\"s-articles__item\">\n                                <article class=\"a-vacancy\">\n    <a href=\"https:\/\/www.magna.org\/fr\/sk\/job-offer\/logistic-and-supply-coordinator-drc-sk\/\" target=\"\" class=\"a-vacancy__link\"><\/a>\n    <div class=\"a-vacancy__content\">\n        <h5 class=\"a-vacancy__subtitle\">DR Congo<\/h5>\n        <h3 class=\"a-vacancy__title\">Logistic and Supply Coordinator<\/h3>\n    <\/div>\n    <div class=\"a-vacancy__footer\">\n        <div class=\"a-vacancy__cta\">\n            <a href=\"https:\/\/www.magna.org\/fr\/sk\/job-offer\/logistic-and-supply-coordinator-drc-sk\/\" target=\"\" class=\"e-link e-link--light\">Apply now<\/a>\n        <\/div>\n    <\/div>\n<\/article>\n                            <\/div>\n                            <div class=\"s-articles__item\">\n                                <article class=\"a-vacancy\">\n    <a href=\"https:\/\/www.magna.org\/fr\/sk\/job-offer\/medical-coordinator-sk\/\" target=\"\" class=\"a-vacancy__link\"><\/a>\n    <div class=\"a-vacancy__content\">\n        <h5 class=\"a-vacancy__subtitle\">DR Congo<\/h5>\n        <h3 class=\"a-vacancy__title\">Medical Coordinator<\/h3>\n    <\/div>\n    <div class=\"a-vacancy__footer\">\n        <div class=\"a-vacancy__cta\">\n            <a href=\"https:\/\/www.magna.org\/fr\/sk\/job-offer\/medical-coordinator-sk\/\" target=\"\" class=\"e-link e-link--light\">Apply now<\/a>\n        <\/div>\n    <\/div>\n<\/article>\n                            <\/div>\n                        <\/div>\n                    <\/div>\n                <\/div>\n            <\/section>\n        <\/div>\n    <\/div>\n<\/section>\n\n<section class=\"s-interventions hc-section-space--normal\">\n    <div class=\"s-interventions__inner\">\n        <h2 class=\"s-interventions__title\">Z\u00e1kladn\u00e9 krit\u00e9ria<\/h2>\n        <div class=\"s-interventions__content\">\n            <div class=\"s-interventions__items s-interventions__items--4\">\n                <div class=\"s-interventions__item\">\n                    <div class=\"s-interventions__item-wrap\">\n                        <div class=\"s-interventions__item-image\">\n                            <img loading=\"lazy\" decoding=\"async\" width=\"128\" height=\"122\" src=\"https:\/\/www.magna.org\/fr\/wp-content\/uploads\/2022\/11\/homepage-pilll-128x122.png\" class=\"attachment-magna-icons size-magna-icons\" alt=\"\" srcset=\"https:\/\/www.magna.org\/fr\/wp-content\/uploads\/2022\/11\/homepage-pilll-128x122.png 128w, https:\/\/www.magna.org\/fr\/wp-content\/uploads\/2022\/11\/homepage-pilll-256x244.png 256w\" sizes=\"auto, (max-width: 128px) 100vw, 128px\" \/>\n                        <\/div>\n                        <h4 class=\"s-interventions__item-title\">Ste sk\u00fasen\u00fd profesion\u00e1l vo svojom odbore.<\/h4>\n                    <\/div>\n                <\/div>\n                <div class=\"s-interventions__item\">\n                    <div class=\"s-interventions__item-wrap\">\n                        <div class=\"s-interventions__item-image\">\n                            <img loading=\"lazy\" decoding=\"async\" width=\"128\" height=\"122\" src=\"https:\/\/www.magna.org\/fr\/wp-content\/uploads\/2022\/11\/homepage-pilll-128x122.png\" class=\"attachment-magna-icons size-magna-icons\" alt=\"\" srcset=\"https:\/\/www.magna.org\/fr\/wp-content\/uploads\/2022\/11\/homepage-pilll-128x122.png 128w, https:\/\/www.magna.org\/fr\/wp-content\/uploads\/2022\/11\/homepage-pilll-256x244.png 256w\" sizes=\"auto, (max-width: 128px) 100vw, 128px\" \/>\n                        <\/div>\n                        <h4 class=\"s-interventions__item-title\">Ste k dispoz\u00edcii 1 a\u017e 12 mesiacov (v z\u00e1vislosti od va\u0161ej role).<\/h4>\n                    <\/div>\n                <\/div>\n                <div class=\"s-interventions__item\">\n                    <div class=\"s-interventions__item-wrap\">\n                        <div class=\"s-interventions__item-image\">\n                            <img loading=\"lazy\" decoding=\"async\" width=\"128\" height=\"122\" src=\"https:\/\/www.magna.org\/fr\/wp-content\/uploads\/2022\/11\/homepage-pilll-128x122.png\" class=\"attachment-magna-icons size-magna-icons\" alt=\"\" srcset=\"https:\/\/www.magna.org\/fr\/wp-content\/uploads\/2022\/11\/homepage-pilll-128x122.png 128w, https:\/\/www.magna.org\/fr\/wp-content\/uploads\/2022\/11\/homepage-pilll-256x244.png 256w\" sizes=\"auto, (max-width: 128px) 100vw, 128px\" \/>\n                        <\/div>\n                        <h4 class=\"s-interventions__item-title\">Angli\u010dtinu ovl\u00e1date na min. stredne pokro\u010dilej \u00farovni.<\/h4>\n                    <\/div>\n                <\/div>\n                <div class=\"s-interventions__item\">\n                    <div class=\"s-interventions__item-wrap\">\n                        <div class=\"s-interventions__item-image\">\n                            <img loading=\"lazy\" decoding=\"async\" width=\"128\" height=\"122\" src=\"https:\/\/www.magna.org\/fr\/wp-content\/uploads\/2022\/11\/homepage-pilll-128x122.png\" class=\"attachment-magna-icons size-magna-icons\" alt=\"\" srcset=\"https:\/\/www.magna.org\/fr\/wp-content\/uploads\/2022\/11\/homepage-pilll-128x122.png 128w, https:\/\/www.magna.org\/fr\/wp-content\/uploads\/2022\/11\/homepage-pilll-256x244.png 256w\" sizes=\"auto, (max-width: 128px) 100vw, 128px\" \/>\n                        <\/div>\n                        <h4 class=\"s-interventions__item-title\">M\u00e1te sk\u00fasenosti s pr\u00e1cou v humanit\u00e1rnom kontexte.<\/h4>\n                    <\/div>\n                <\/div>\n            <\/div>\n        <\/div>\n        <div class=\"s-interventions__cta\">\n            <a href=\"https:\/\/www.magna.org\/fr\/find-a-role\/\" target=\"\" class=\"e-link e-link--dark\">Viac inform\u00e1ci\u00ed n\u00e1jdete v na\u0161ich PRACOVN\u00ddCH PROFILOCH .<\/a>\n        <\/div>\n    <\/div>\n<\/section>\n\n<section class=\"s-panels hc-section-space--normal\">\n    <div class=\"s-panels__inner\">\n        <div class=\"s-panels__aside s-panels__aside--empty\">\n        <\/div>\n        <div class=\"s-panels__content\">\n            <section class=\"s-articles s-articles--2\">\n                <div class=\"s-articles__inner\">\n                    <h2 class=\"s-articles__title\">Urgentne potrebujeme na na\u0161e misie tieto poz\u00edcie<\/h2>\n                    <div class=\"s-articles__content\">\n                        <div class=\"s-articles__items\">\n                            <div class=\"s-articles__item\">\n                                <article class=\"a-job\">\n    <a href=\"https:\/\/www.magna.org\/fr\/job-offer\/project-finance-and-hr-manager\/\" class=\"a-job__link\" target=\"\"><\/a>\n    <div class=\"a-job__image\">\n        <div class=\"a-job__img\" style=\"background-image:url('https:\/\/www.magna.org\/fr\/wp-content\/uploads\/2022\/08\/example-photo02.jpg');\"><\/div>\n    <\/div>\n    <div class=\"a-job__content\">\n        <h3 class=\"a-job__title\">Ter\u00e9nny administr\u00e1tor<\/h3>\n    <\/div>\n<\/article>\n                            <\/div>\n                            <div class=\"s-articles__item\">\n                                <article class=\"a-job\">\n    <a href=\"https:\/\/www.magna.org\/fr\/job-offer\/project-supply-chain-and-logistics-manager\/\" class=\"a-job__link\" target=\"\"><\/a>\n    <div class=\"a-job__image\">\n        <div class=\"a-job__img\" style=\"background-image:url('https:\/\/www.magna.org\/fr\/wp-content\/uploads\/2022\/11\/magna.makes.website-ukrajina-zasobovanie-nemocnic-liekmi-a-materialom-v-case-vojny-ua-photo-2022-05-25-06-55-37.jpg');\"><\/div>\n    <\/div>\n    <div class=\"a-job__content\">\n        <h3 class=\"a-job__title\">Logista<\/h3>\n    <\/div>\n<\/article>\n                            <\/div>\n                        <\/div>\n                    <\/div>\n                <\/div>\n            <\/section>\n        <\/div>\n    <\/div>\n<\/section>\n\n<section class=\"s-article-full s-article-full--red s-article-full--right hc-section-space--normal\">\n    <div class=\"s-article-full__inner\">\n        <div class=\"s-article-full__content\">\n            <h2 class=\"s-article-full__title\">Pridajte sa k na\u0161ej skupine ter\u00e9nnych pracovn\u00edkov<\/h2>\n            <div class=\"s-article-full__text\">\n                <p>Odchod do ter\u00e9nu z MAGNA by mohol by\u0165 va\u0161im za\u010diatkom dlhej kari\u00e9ry v r\u00e1mci organiz\u00e1cie. MAGNA podporuje dlhodob\u00fd z\u00e1v\u00e4zok zamestnancov t\u00fdm, \u017ee im pon\u00faka mo\u017enos\u0165 rozv\u00edja\u0165 svoje zru\u010dnosti a znalosti, aby mohli prevzia\u0165 zodpovednos\u0165 v ter\u00e9ne alebo na centr\u00e1le.<\/p>\n<p>Pred odoslan\u00edm va\u0161ej online prihl\u00e1\u0161ky sa pros\u00edm uistite, \u017ee v\u00e1\u0161 profesion\u00e1lny profil sp\u013a\u0148a po\u017eiadavky MAGNA v ter\u00e9ne. Niektor\u00e9 krit\u00e9ri\u00e1 \u2013 vr\u00e1tane po\u017eadovanej dostupnosti \u2013 sa m\u00f4\u017eu medzi profilmi l\u00ed\u0161i\u0165.<\/p>\n\n            <\/div>\n            <div class=\"s-article-full__cta\">\n                <a href=\"https:\/\/www.magna.org\/fr\/pracujte-s-nami\/apply-for-field-work\/\" target=\"\" class=\"e-link e-link--inv\">ZAPOJTE SA ONLINE. TU A TERAZ.<\/a>\n            <\/div>\n        <\/div>\n        <div class=\"s-article-full__image\">\n            <div class=\"s-article-full__img\" style=\"background-image:url('https:\/\/www.magna.org\/fr\/wp-content\/uploads\/2022\/11\/homepage-libanon-primarna-starostlivost-pre-utecencov-v-taboroch-na-severe-krajiny-mb201814g0099-552x368.jpg')\"><\/div>\n        <\/div>\n    <\/div>\n<\/section>\n\n<section class=\"s-panels hc-section-space--normal\">\n    <div class=\"s-panels__inner\">\n        <div class=\"s-panels__aside s-panels__aside--empty\"><\/div>\n        <div class=\"s-panels__content\">\n            <section class=\"s-faq hc-section-space--normal\">\n                <div class=\"s-faq__inner\">\n                    <h2 class=\"s-faq__title\">N\u00e1\u0161 n\u00e1borov\u00fd proces v skratke<\/h2>\n                    <div class=\"s-faq__items js-accordion\">\n                            <h3 class=\"s-faq__question js-accordion__title\">Krok n\u00b0 1<\/h3>\n                            <div class=\"s-faq__answer\">\n                                <p>Pozrite si svoj profil na webovej str\u00e1nke magna.org.<\/p>\n\n                            <\/div>\n                            <h3 class=\"s-faq__question js-accordion__title\">Krok n\u00b0 2<\/h3>\n                            <div class=\"s-faq__answer\">\n                                <p>Pripravte si \u017eiados\u0165 a prihl\u00e1ste sa online.<\/p>\n\n                            <\/div>\n                            <h3 class=\"s-faq__question js-accordion__title\">Krok n\u00b0 3<\/h3>\n                            <div class=\"s-faq__answer\">\n                                <p>My skontrolujeme va\u0161u \u017eiados\u0165.<\/p>\n\n                            <\/div>\n                            <h3 class=\"s-faq__question js-accordion__title\">Krok n\u00b0 4<\/h3>\n                            <div class=\"s-faq__answer\">\n                                <p>Prizveme v\u00e1s k pohovoru.<\/p>\n\n                            <\/div>\n                            <h3 class=\"s-faq__question js-accordion__title\">Krok n\u00b0 5<\/h3>\n                            <div class=\"s-faq__answer\">\n                                <p>Budete informovan\u00ed o poz\u00edcii a kontexte projektu.<\/p>\n\n                            <\/div>\n                    <\/div>\n                <\/div>\n            <\/section>\n        <\/div>\n    <\/div>\n<\/section>","protected":false},"excerpt":{"rendered":"","protected":false},"author":1,"featured_media":6127,"parent":1151,"menu_order":0,"comment_status":"closed","ping_status":"closed","template":"page-subpage.php","meta":{"_acf_changed":false,"inline_featured_image":false,"footnotes":""},"class_list":["post-891","page","type-page","status-publish","has-post-thumbnail","hentry"],"acf":[],"yoast_head":"<!-- This site is optimized with the Yoast SEO plugin v24.3 - https:\/\/yoast.com\/wordpress\/plugins\/seo\/ -->\n<title>Pridajte sa k n\u00e1m do ter\u00e9nu - Magna<\/title>\n<meta name=\"robots\" content=\"index, follow, max-snippet:-1, max-image-preview:large, max-video-preview:-1\" \/>\n<link rel=\"canonical\" href=\"https:\/\/www.magna.org\/fr\/sk\/pracujte-s-nami\/pridajte-sa-k-nam-do-terenu\/\" \/>\n<meta property=\"og:locale\" content=\"en_US\" \/>\n<meta property=\"og:type\" content=\"article\" \/>\n<meta property=\"og:title\" content=\"Pridajte sa k n\u00e1m do ter\u00e9nu - Magna\" \/>\n<meta property=\"og:url\" content=\"https:\/\/www.magna.org\/fr\/sk\/pracujte-s-nami\/pridajte-sa-k-nam-do-terenu\/\" \/>\n<meta property=\"og:site_name\" content=\"Magna\" \/>\n<meta property=\"article:modified_time\" content=\"2023-05-25T19:48:23+00:00\" \/>\n<meta property=\"og:image\" content=\"https:\/\/www.magna.org\/fr\/wp-content\/uploads\/2022\/12\/homepage-pracujte-s-nami-mb2011031m0196-e1669938110466.jpg\" \/>\n\t<meta property=\"og:image:width\" content=\"1200\" \/>\n\t<meta property=\"og:image:height\" content=\"846\" \/>\n\t<meta property=\"og:image:type\" content=\"image\/jpeg\" \/>\n<meta name=\"twitter:card\" content=\"summary_large_image\" \/>\n<script type=\"application\/ld+json\" class=\"yoast-schema-graph\">{\"@context\":\"https:\/\/schema.org\",\"@graph\":[{\"@type\":\"WebPage\",\"@id\":\"https:\/\/www.magna.org\/fr\/sk\/pracujte-s-nami\/pridajte-sa-k-nam-do-terenu\/\",\"url\":\"https:\/\/www.magna.org\/fr\/sk\/pracujte-s-nami\/pridajte-sa-k-nam-do-terenu\/\",\"name\":\"Pridajte sa k n\u00e1m do ter\u00e9nu - Magna\",\"isPartOf\":{\"@id\":\"https:\/\/www.magna.org\/fr\/#website\"},\"primaryImageOfPage\":{\"@id\":\"https:\/\/www.magna.org\/fr\/sk\/pracujte-s-nami\/pridajte-sa-k-nam-do-terenu\/#primaryimage\"},\"image\":{\"@id\":\"https:\/\/www.magna.org\/fr\/sk\/pracujte-s-nami\/pridajte-sa-k-nam-do-terenu\/#primaryimage\"},\"thumbnailUrl\":\"https:\/\/www.magna.org\/fr\/wp-content\/uploads\/2022\/12\/homepage-pracujte-s-nami-mb2011031m0196-e1669938110466.jpg\",\"datePublished\":\"2022-10-12T00:01:54+00:00\",\"dateModified\":\"2023-05-25T19:48:23+00:00\",\"breadcrumb\":{\"@id\":\"https:\/\/www.magna.org\/fr\/sk\/pracujte-s-nami\/pridajte-sa-k-nam-do-terenu\/#breadcrumb\"},\"inLanguage\":\"en-US\",\"potentialAction\":[{\"@type\":\"ReadAction\",\"target\":[\"https:\/\/www.magna.org\/fr\/sk\/pracujte-s-nami\/pridajte-sa-k-nam-do-terenu\/\"]}]},{\"@type\":\"ImageObject\",\"inLanguage\":\"en-US\",\"@id\":\"https:\/\/www.magna.org\/fr\/sk\/pracujte-s-nami\/pridajte-sa-k-nam-do-terenu\/#primaryimage\",\"url\":\"https:\/\/www.magna.org\/fr\/wp-content\/uploads\/2022\/12\/homepage-pracujte-s-nami-mb2011031m0196-e1669938110466.jpg\",\"contentUrl\":\"https:\/\/www.magna.org\/fr\/wp-content\/uploads\/2022\/12\/homepage-pracujte-s-nami-mb2011031m0196-e1669938110466.jpg\",\"width\":1200,\"height\":846},{\"@type\":\"BreadcrumbList\",\"@id\":\"https:\/\/www.magna.org\/fr\/sk\/pracujte-s-nami\/pridajte-sa-k-nam-do-terenu\/#breadcrumb\",\"itemListElement\":[{\"@type\":\"ListItem\",\"position\":1,\"name\":\"Home\",\"item\":\"https:\/\/www.magna.org\/fr\/sk\/\"},{\"@type\":\"ListItem\",\"position\":2,\"name\":\"Pracujte s nami\",\"item\":\"https:\/\/www.magna.org\/fr\/sk\/pracujte-s-nami\/\"},{\"@type\":\"ListItem\",\"position\":3,\"name\":\"Pridajte sa k n\u00e1m do ter\u00e9nu\"}]},{\"@type\":\"WebSite\",\"@id\":\"https:\/\/www.magna.org\/fr\/#website\",\"url\":\"https:\/\/www.magna.org\/fr\/\",\"name\":\"Magna\",\"description\":\"Just another WordPress site\",\"potentialAction\":[{\"@type\":\"SearchAction\",\"target\":{\"@type\":\"EntryPoint\",\"urlTemplate\":\"https:\/\/www.magna.org\/fr\/?s={search_term_string}\"},\"query-input\":{\"@type\":\"PropertyValueSpecification\",\"valueRequired\":true,\"valueName\":\"search_term_string\"}}],\"inLanguage\":\"en-US\"}]}<\/script>\n<!-- \/ Yoast SEO plugin. -->","yoast_head_json":{"title":"Pridajte sa k n\u00e1m do ter\u00e9nu - Magna","robots":{"index":"index","follow":"follow","max-snippet":"max-snippet:-1","max-image-preview":"max-image-preview:large","max-video-preview":"max-video-preview:-1"},"canonical":"https:\/\/www.magna.org\/fr\/sk\/pracujte-s-nami\/pridajte-sa-k-nam-do-terenu\/","og_locale":"en_US","og_type":"article","og_title":"Pridajte sa k n\u00e1m do ter\u00e9nu - Magna","og_url":"https:\/\/www.magna.org\/fr\/sk\/pracujte-s-nami\/pridajte-sa-k-nam-do-terenu\/","og_site_name":"Magna","article_modified_time":"2023-05-25T19:48:23+00:00","og_image":[{"width":1200,"height":846,"url":"https:\/\/www.magna.org\/fr\/wp-content\/uploads\/2022\/12\/homepage-pracujte-s-nami-mb2011031m0196-e1669938110466.jpg","type":"image\/jpeg"}],"twitter_card":"summary_large_image","schema":{"@context":"https:\/\/schema.org","@graph":[{"@type":"WebPage","@id":"https:\/\/www.magna.org\/fr\/sk\/pracujte-s-nami\/pridajte-sa-k-nam-do-terenu\/","url":"https:\/\/www.magna.org\/fr\/sk\/pracujte-s-nami\/pridajte-sa-k-nam-do-terenu\/","name":"Pridajte sa k n\u00e1m do ter\u00e9nu - Magna","isPartOf":{"@id":"https:\/\/www.magna.org\/fr\/#website"},"primaryImageOfPage":{"@id":"https:\/\/www.magna.org\/fr\/sk\/pracujte-s-nami\/pridajte-sa-k-nam-do-terenu\/#primaryimage"},"image":{"@id":"https:\/\/www.magna.org\/fr\/sk\/pracujte-s-nami\/pridajte-sa-k-nam-do-terenu\/#primaryimage"},"thumbnailUrl":"https:\/\/www.magna.org\/fr\/wp-content\/uploads\/2022\/12\/homepage-pracujte-s-nami-mb2011031m0196-e1669938110466.jpg","datePublished":"2022-10-12T00:01:54+00:00","dateModified":"2023-05-25T19:48:23+00:00","breadcrumb":{"@id":"https:\/\/www.magna.org\/fr\/sk\/pracujte-s-nami\/pridajte-sa-k-nam-do-terenu\/#breadcrumb"},"inLanguage":"en-US","potentialAction":[{"@type":"ReadAction","target":["https:\/\/www.magna.org\/fr\/sk\/pracujte-s-nami\/pridajte-sa-k-nam-do-terenu\/"]}]},{"@type":"ImageObject","inLanguage":"en-US","@id":"https:\/\/www.magna.org\/fr\/sk\/pracujte-s-nami\/pridajte-sa-k-nam-do-terenu\/#primaryimage","url":"https:\/\/www.magna.org\/fr\/wp-content\/uploads\/2022\/12\/homepage-pracujte-s-nami-mb2011031m0196-e1669938110466.jpg","contentUrl":"https:\/\/www.magna.org\/fr\/wp-content\/uploads\/2022\/12\/homepage-pracujte-s-nami-mb2011031m0196-e1669938110466.jpg","width":1200,"height":846},{"@type":"BreadcrumbList","@id":"https:\/\/www.magna.org\/fr\/sk\/pracujte-s-nami\/pridajte-sa-k-nam-do-terenu\/#breadcrumb","itemListElement":[{"@type":"ListItem","position":1,"name":"Home","item":"https:\/\/www.magna.org\/fr\/sk\/"},{"@type":"ListItem","position":2,"name":"Pracujte s nami","item":"https:\/\/www.magna.org\/fr\/sk\/pracujte-s-nami\/"},{"@type":"ListItem","position":3,"name":"Pridajte sa k n\u00e1m do ter\u00e9nu"}]},{"@type":"WebSite","@id":"https:\/\/www.magna.org\/fr\/#website","url":"https:\/\/www.magna.org\/fr\/","name":"Magna","description":"Just another WordPress site","potentialAction":[{"@type":"SearchAction","target":{"@type":"EntryPoint","urlTemplate":"https:\/\/www.magna.org\/fr\/?s={search_term_string}"},"query-input":{"@type":"PropertyValueSpecification","valueRequired":true,"valueName":"search_term_string"}}],"inLanguage":"en-US"}]}},"_links":{"self":[{"href":"https:\/\/www.magna.org\/fr\/wp-json\/wp\/v2\/pages\/891","targetHints":{"allow":["GET"]}}],"collection":[{"href":"https:\/\/www.magna.org\/fr\/wp-json\/wp\/v2\/pages"}],"about":[{"href":"https:\/\/www.magna.org\/fr\/wp-json\/wp\/v2\/types\/page"}],"author":[{"embeddable":true,"href":"https:\/\/www.magna.org\/fr\/wp-json\/wp\/v2\/users\/1"}],"replies":[{"embeddable":true,"href":"https:\/\/www.magna.org\/fr\/wp-json\/wp\/v2\/comments?post=891"}],"version-history":[{"count":278,"href":"https:\/\/www.magna.org\/fr\/wp-json\/wp\/v2\/pages\/891\/revisions"}],"predecessor-version":[{"id":13306,"href":"https:\/\/www.magna.org\/fr\/wp-json\/wp\/v2\/pages\/891\/revisions\/13306"}],"up":[{"embeddable":true,"href":"https:\/\/www.magna.org\/fr\/wp-json\/wp\/v2\/pages\/1151"}],"wp:featuredmedia":[{"embeddable":true,"href":"https:\/\/www.magna.org\/fr\/wp-json\/wp\/v2\/media\/6127"}],"wp:attachment":[{"href":"https:\/\/www.magna.org\/fr\/wp-json\/wp\/v2\/media?parent=891"}],"curies":[{"name":"wp","href":"https:\/\/api.w.org\/{rel}","templated":true}]}}