{"id":1204,"date":"2024-08-24T09:48:25","date_gmt":"2024-08-24T07:48:25","guid":{"rendered":"https:\/\/www.magna.org\/sk\/pomozte\/?page_id=1204"},"modified":"2024-12-08T19:11:20","modified_gmt":"2024-12-08T18:11:20","slug":"ne-schovaju-sa","status":"publish","type":"page","link":"https:\/\/www.magna.org\/sk\/pomozte\/ne-schovaju-sa\/","title":{"rendered":"(ne) schovaj\u00fa sa"},"content":{"rendered":"","protected":false},"excerpt":{"rendered":"","protected":false},"author":4,"featured_media":0,"parent":0,"menu_order":0,"comment_status":"closed","ping_status":"closed","template":"page-donation.php","meta":{"_acf_changed":false,"inline_featured_image":false,"footnotes":""},"class_list":["post-1204","page","type-page","status-publish","hentry"],"acf":[],"yoast_head":"<!-- This site is optimized with the Yoast SEO plugin v24.3 - https:\/\/yoast.com\/wordpress\/plugins\/seo\/ -->\n<title>(ne) schovaj\u00fa sa &#8226; MAGNA<\/title>\n<meta name=\"description\" content=\"Vo vojne trpia deti najviac. Neschovaj\u00fa sa. V\u00e1\u0161 dar n\u00e1m pom\u00f4\u017ee dosta\u0165 sa k de\u0165om v Libanone, Gaze, Afganistane a do \u010fa\u013e\u0161\u00edch kraj\u00edn, v ktor\u00fdch im vojna obr\u00e1tila \u017eivot naruby. Potrebuj\u00fa teraz na\u0161u pomoc, jedlo a lieky.\" \/>\n<meta name=\"robots\" content=\"index, follow, max-snippet:-1, max-image-preview:large, max-video-preview:-1\" \/>\n<link rel=\"canonical\" href=\"https:\/\/www.magna.org\/sk\/pomozte\/ne-schovaju-sa\/\" \/>\n<meta property=\"og:locale\" content=\"en_US\" \/>\n<meta property=\"og:type\" content=\"article\" \/>\n<meta property=\"og:title\" content=\"Vo vojne trpia deti najviac. Neschovaj\u00fa sa. Zachr\u00e1\u0148te ich.\" \/>\n<meta property=\"og:description\" content=\"V\u00e1\u0161 dar n\u00e1m pom\u00f4\u017ee dosta\u0165 sa k de\u0165om v Libanone, Gaze, Afganistane a do \u010fa\u013e\u0161\u00edch kraj\u00edn, v ktor\u00fdch im vojna obr\u00e1tila \u017eivot naruby. Potrebuj\u00fa teraz na\u0161u pomoc, jedlo a lieky.\" \/>\n<meta property=\"og:url\" content=\"https:\/\/www.magna.org\/sk\/pomozte\/ne-schovaju-sa\/\" \/>\n<meta property=\"og:site_name\" content=\"MAGNA\" \/>\n<meta property=\"article:modified_time\" content=\"2024-12-08T18:11:20+00:00\" \/>\n<meta property=\"og:image\" content=\"https:\/\/www.magna.org\/sk\/pomozte\/wp-content\/uploads\/2024\/08\/pomozte-ne-schovaju-sa-mb202109g01754-scaled-e1732123794586.jpg\" \/>\n\t<meta property=\"og:image:width\" content=\"1702\" \/>\n\t<meta property=\"og:image:height\" content=\"900\" \/>\n\t<meta property=\"og:image:type\" content=\"image\/jpeg\" \/>\n<meta name=\"twitter:card\" content=\"summary_large_image\" \/>\n<script type=\"application\/ld+json\" class=\"yoast-schema-graph\">{\"@context\":\"https:\/\/schema.org\",\"@graph\":[{\"@type\":\"WebPage\",\"@id\":\"https:\/\/www.magna.org\/sk\/pomozte\/ne-schovaju-sa\/\",\"url\":\"https:\/\/www.magna.org\/sk\/pomozte\/ne-schovaju-sa\/\",\"name\":\"(ne) schovaj\u00fa sa &#8226; MAGNA\",\"isPartOf\":{\"@id\":\"https:\/\/www.magna.org\/sk\/pomozte\/#website\"},\"datePublished\":\"2024-08-24T07:48:25+00:00\",\"dateModified\":\"2024-12-08T18:11:20+00:00\",\"description\":\"Vo vojne trpia deti najviac. Neschovaj\u00fa sa. V\u00e1\u0161 dar n\u00e1m pom\u00f4\u017ee dosta\u0165 sa k de\u0165om v Libanone, Gaze, Afganistane a do \u010fa\u013e\u0161\u00edch kraj\u00edn, v ktor\u00fdch im vojna obr\u00e1tila \u017eivot naruby. Potrebuj\u00fa teraz na\u0161u pomoc, jedlo a lieky.\",\"breadcrumb\":{\"@id\":\"https:\/\/www.magna.org\/sk\/pomozte\/ne-schovaju-sa\/#breadcrumb\"},\"inLanguage\":\"en-US\",\"potentialAction\":[{\"@type\":\"ReadAction\",\"target\":[\"https:\/\/www.magna.org\/sk\/pomozte\/ne-schovaju-sa\/\"]}]},{\"@type\":\"BreadcrumbList\",\"@id\":\"https:\/\/www.magna.org\/sk\/pomozte\/ne-schovaju-sa\/#breadcrumb\",\"itemListElement\":[{\"@type\":\"ListItem\",\"position\":1,\"name\":\"Home\",\"item\":\"https:\/\/www.magna.org\/sk\/pomozte\/\"},{\"@type\":\"ListItem\",\"position\":2,\"name\":\"(ne) schovaj\u00fa sa\"}]},{\"@type\":\"WebSite\",\"@id\":\"https:\/\/www.magna.org\/sk\/pomozte\/#website\",\"url\":\"https:\/\/www.magna.org\/sk\/pomozte\/\",\"name\":\"MAGNA\",\"description\":\"Len \u010fal\u0161ia WordPress str\u00e1nka\",\"potentialAction\":[{\"@type\":\"SearchAction\",\"target\":{\"@type\":\"EntryPoint\",\"urlTemplate\":\"https:\/\/www.magna.org\/sk\/pomozte\/?s={search_term_string}\"},\"query-input\":{\"@type\":\"PropertyValueSpecification\",\"valueRequired\":true,\"valueName\":\"search_term_string\"}}],\"inLanguage\":\"en-US\"}]}<\/script>\n<!-- \/ Yoast SEO plugin. -->","yoast_head_json":{"title":"(ne) schovaj\u00fa sa &#8226; MAGNA","description":"Vo vojne trpia deti najviac. Neschovaj\u00fa sa. V\u00e1\u0161 dar n\u00e1m pom\u00f4\u017ee dosta\u0165 sa k de\u0165om v Libanone, Gaze, Afganistane a do \u010fa\u013e\u0161\u00edch kraj\u00edn, v ktor\u00fdch im vojna obr\u00e1tila \u017eivot naruby. Potrebuj\u00fa teraz na\u0161u pomoc, jedlo a lieky.","robots":{"index":"index","follow":"follow","max-snippet":"max-snippet:-1","max-image-preview":"max-image-preview:large","max-video-preview":"max-video-preview:-1"},"canonical":"https:\/\/www.magna.org\/sk\/pomozte\/ne-schovaju-sa\/","og_locale":"en_US","og_type":"article","og_title":"Vo vojne trpia deti najviac. Neschovaj\u00fa sa. Zachr\u00e1\u0148te ich.","og_description":"V\u00e1\u0161 dar n\u00e1m pom\u00f4\u017ee dosta\u0165 sa k de\u0165om v Libanone, Gaze, Afganistane a do \u010fa\u013e\u0161\u00edch kraj\u00edn, v ktor\u00fdch im vojna obr\u00e1tila \u017eivot naruby. Potrebuj\u00fa teraz na\u0161u pomoc, jedlo a lieky.","og_url":"https:\/\/www.magna.org\/sk\/pomozte\/ne-schovaju-sa\/","og_site_name":"MAGNA","article_modified_time":"2024-12-08T18:11:20+00:00","og_image":[{"width":1702,"height":900,"url":"https:\/\/www.magna.org\/sk\/pomozte\/wp-content\/uploads\/2024\/08\/pomozte-ne-schovaju-sa-mb202109g01754-scaled-e1732123794586.jpg","type":"image\/jpeg"}],"twitter_card":"summary_large_image","schema":{"@context":"https:\/\/schema.org","@graph":[{"@type":"WebPage","@id":"https:\/\/www.magna.org\/sk\/pomozte\/ne-schovaju-sa\/","url":"https:\/\/www.magna.org\/sk\/pomozte\/ne-schovaju-sa\/","name":"(ne) schovaj\u00fa sa &#8226; MAGNA","isPartOf":{"@id":"https:\/\/www.magna.org\/sk\/pomozte\/#website"},"datePublished":"2024-08-24T07:48:25+00:00","dateModified":"2024-12-08T18:11:20+00:00","description":"Vo vojne trpia deti najviac. Neschovaj\u00fa sa. V\u00e1\u0161 dar n\u00e1m pom\u00f4\u017ee dosta\u0165 sa k de\u0165om v Libanone, Gaze, Afganistane a do \u010fa\u013e\u0161\u00edch kraj\u00edn, v ktor\u00fdch im vojna obr\u00e1tila \u017eivot naruby. Potrebuj\u00fa teraz na\u0161u pomoc, jedlo a lieky.","breadcrumb":{"@id":"https:\/\/www.magna.org\/sk\/pomozte\/ne-schovaju-sa\/#breadcrumb"},"inLanguage":"en-US","potentialAction":[{"@type":"ReadAction","target":["https:\/\/www.magna.org\/sk\/pomozte\/ne-schovaju-sa\/"]}]},{"@type":"BreadcrumbList","@id":"https:\/\/www.magna.org\/sk\/pomozte\/ne-schovaju-sa\/#breadcrumb","itemListElement":[{"@type":"ListItem","position":1,"name":"Home","item":"https:\/\/www.magna.org\/sk\/pomozte\/"},{"@type":"ListItem","position":2,"name":"(ne) schovaj\u00fa sa"}]},{"@type":"WebSite","@id":"https:\/\/www.magna.org\/sk\/pomozte\/#website","url":"https:\/\/www.magna.org\/sk\/pomozte\/","name":"MAGNA","description":"Len \u010fal\u0161ia WordPress str\u00e1nka","potentialAction":[{"@type":"SearchAction","target":{"@type":"EntryPoint","urlTemplate":"https:\/\/www.magna.org\/sk\/pomozte\/?s={search_term_string}"},"query-input":{"@type":"PropertyValueSpecification","valueRequired":true,"valueName":"search_term_string"}}],"inLanguage":"en-US"}]}},"_links":{"self":[{"href":"https:\/\/www.magna.org\/sk\/pomozte\/wp-json\/wp\/v2\/pages\/1204","targetHints":{"allow":["GET"]}}],"collection":[{"href":"https:\/\/www.magna.org\/sk\/pomozte\/wp-json\/wp\/v2\/pages"}],"about":[{"href":"https:\/\/www.magna.org\/sk\/pomozte\/wp-json\/wp\/v2\/types\/page"}],"author":[{"embeddable":true,"href":"https:\/\/www.magna.org\/sk\/pomozte\/wp-json\/wp\/v2\/users\/4"}],"replies":[{"embeddable":true,"href":"https:\/\/www.magna.org\/sk\/pomozte\/wp-json\/wp\/v2\/comments?post=1204"}],"version-history":[{"count":27,"href":"https:\/\/www.magna.org\/sk\/pomozte\/wp-json\/wp\/v2\/pages\/1204\/revisions"}],"predecessor-version":[{"id":1338,"href":"https:\/\/www.magna.org\/sk\/pomozte\/wp-json\/wp\/v2\/pages\/1204\/revisions\/1338"}],"wp:attachment":[{"href":"https:\/\/www.magna.org\/sk\/pomozte\/wp-json\/wp\/v2\/media?parent=1204"}],"curies":[{"name":"wp","href":"https:\/\/api.w.org\/{rel}","templated":true}]}}