{"id":1151,"date":"2022-10-13T16:45:10","date_gmt":"2022-10-13T16:45:10","guid":{"rendered":"https:\/\/www.magna.org\/sk\/?page_id=1151"},"modified":"2025-11-30T11:58:53","modified_gmt":"2025-11-30T11:58:53","slug":"pracujte-s-nami","status":"publish","type":"page","link":"https:\/\/www.magna.org\/sk\/pracujte-s-nami\/","title":{"rendered":"Pracujte s nami"},"content":{"rendered":"<section class=\"s-support hc-section-space--normal\">\n    <div class=\"s-support__header\">\n        <h1 class=\"s-support__title\">Pridajte sa k na\u0161im t\u00edmom<\/h1>\n        <div class=\"s-support__intro\">\n            <p>MAGNA z\u00e1vis\u00ed od odhodlania, obetavosti a tvrdej pr\u00e1ce t\u00fdch, ktor\u00ed sa podie\u013eaj\u00fa na v\u00fdsledkoch projektov, v ter\u00e9ne aj v kancel\u00e1rii. \u010ci u\u017e ste odborn\u00edk na zdravotn\u00edctvo, financie, logistiku alebo ak\u00fako\u013evek in\u00fa oblas\u0165, budete s\u00fa\u010das\u0165ou na\u0161ej spolo\u010dnej misie. Tu sa m\u00f4\u017eete uch\u00e1dza\u0165 bu\u010f o konkr\u00e9tnu inzerovan\u00fa poz\u00edciu, alebo  o vstup do na\u0161ej medzin\u00e1rodnej datab\u00e1zy humanit\u00e1rnych pracovn\u00edkov.<\/p>\n\n        <\/div>\n    <\/div>\n    <div class=\"s-support__content\">\n        <div class=\"s-support__items\">\n        <\/div>\n    <\/div>\n<\/section>\n\n<section class=\"s-home-hero s-home-hero--white hc-section-space--normal\">\n    <div class=\"s-home-hero__inner\">\n        <div class=\"s-home-hero__media\">\n            <img loading=\"lazy\" decoding=\"async\" width=\"698\" height=\"524\" src=\"https:\/\/www.magna.org\/sk\/wp-content\/uploads\/2022\/12\/homepage-pracujte-s-nami-mb2011031m0196-e1669938110466-698x524.jpg\" class=\"attachment-magna-hero size-magna-hero\" alt=\"\" srcset=\"https:\/\/www.magna.org\/sk\/wp-content\/uploads\/2022\/12\/homepage-pracujte-s-nami-mb2011031m0196-e1669938110466-698x524.jpg 698w, https:\/\/www.magna.org\/sk\/wp-content\/uploads\/2022\/12\/homepage-pracujte-s-nami-mb2011031m0196-e1669938110466-1396x1048.jpg 1396w\" sizes=\"auto, (max-width: 698px) 100vw, 698px\" \/>\n        <\/div>\n        <div class=\"s-home-hero__content\">\n            <h2 class=\"s-home-hero__title\">Na\u0161e naliehav\u00e9 potreby v ter\u00e9ne<\/h2>\n            <div class=\"s-home-hero__text\">\n                <p>Vzh\u013eadom na aktu\u00e1lne potreby s cie\u013eom posilni\u0165 na\u0161e t\u00edmy v ter\u00e9ne prij\u00edmame najm\u00e4 logistick\u00fdch pracovn\u00edkov, koordin\u00e1torov zdravotn\u00fdch aktiv\u00edt a koordin\u00e1torov financi\u00ed a \u013eudsk\u00fdch zdrojov. Sta\u0148te sa s\u00fa\u010das\u0165ou n\u00e1\u0161ej medzin\u00e1rodnej datab\u00e1zy ter\u00e9nnych pracovn\u00edkov.<\/p>\n            <\/div>\n            <div class=\"s-home-hero__cta\">\n                <a href=\"https:\/\/www.magna.org\/sk\/pracujte-s-nami\/pridajte-sa-k-nam-do-terenu\/\" target=\"\" class=\"e-btn e-btn--dark\">Pridajte sa<\/a>\n            <\/div>\n        <\/div>\n    <\/div>\n<\/section>\n\n<section class=\"s-home-focus hc-section-space--normal\">\n    <div class=\"s-home-focus__inner\">\n        <div class=\"s-home-focus__wrap\">\n            <div class=\"s-home-focus__image\">\n                <div class=\"s-home-focus__img\" style=\"background-image:url('https:\/\/www.magna.org\/sk\/wp-content\/uploads\/2022\/12\/homepage-pracujte-s-nami-mb2015009g0291-1034x632.jpg')\"><\/div>\n            <\/div>\n            <div class=\"s-home-focus__content\">\n                <h2 class=\"s-home-focus__title\">Na\u0161e z\u00e1v\u00e4zky t\u00fdkaj\u00face sa spr\u00e1vania<\/h2>\n                <div class=\"s-home-focus__text\">\n                    <p>Integrita na\u0161ej organiz\u00e1cie je podporovan\u00e1 dobr\u00fdm spr\u00e1van\u00edm ka\u017ed\u00e9ho jednotliv\u00e9ho zamestnanca na akomko\u013evek mieste s pln\u00fdm re\u0161pektom vo\u010di komunit\u00e1m, ktor\u00fdm pom\u00e1hame.\u00a0Pre n\u00e1s to znamen\u00e1 netolerova\u0165 \u017eiadne spr\u00e1vanie na\u0161ich zamestnancov, ktor\u00e9 zneu\u017e\u00edva zranite\u013enos\u0165 in\u00fdch alebo zamestnancov, ktor\u00ed vyu\u017e\u00edvaj\u00fa svoju poz\u00edciu na osobn\u00fd zisk.\u00a0Netolerujeme \u017eiadne fyzick\u00e9 alebo psychick\u00e9 t\u00fdranie jednotlivcov, sexu\u00e1lne ob\u0165a\u017eovanie, sexu\u00e1lne vz\u0165ahy s malolet\u00fdmi alebo ak\u00e9ko\u013evek spr\u00e1vanie, ktor\u00e9 nere\u0161pektuje \u013eudsk\u00fa d\u00f4stojnos\u0165.<\/p>\n<p>MAGNA podporuje pracovn\u00e9 prostredie bez ob\u0165a\u017eovania a zneu\u017e\u00edvania. Sme jednozna\u010dne zaviazan\u00ed bojova\u0165 proti zneu\u017e\u00edvaniu a posil\u0148ova\u0165 mechanizmy a postupy na jeho predch\u00e1dzanie a rie\u0161enie.<\/p>\n\n                <\/div>\n            <\/div>\n        <\/div>\n    <\/div>\n<\/section>\n\n<section class=\"s-support hc-section-space--normal\">\n    <div class=\"s-support__header\">\n        <h1 class=\"s-support__title\">Pr\u00e1ca v ter\u00e9ne<\/h1>\n        <div class=\"s-support__intro\">\n            <p>Vzh\u013eadom na aktu\u00e1lne potreby s cie\u013eom posilni\u0165 na\u0161e t\u00edmy v ter\u00e9ne prij\u00edmame najm\u00e4 logistick\u00fdch pracovn\u00edkov, koordin\u00e1torov zdravotn\u00fdch aktiv\u00edt a koordin\u00e1torov financi\u00ed a \u013eudsk\u00fdch zdrojov.<\/p>\n\n        <\/div>\n    <\/div>\n    <div class=\"s-support__content\">\n        <div class=\"s-support__items\">\n            <div class=\"s-support__item \">\n                <article class=\"a-support\">\n    <a href=\"https:\/\/www.magna.org\/sk\/pracujte-s-nami\/najdite-si-poziciu\/\" target=\"\" class=\"a-support__link\"><\/a>\n        <div class=\"a-support__image\">\n            <div class=\"a-support__img\" style=\"background-image:url('https:\/\/www.magna.org\/sk\/wp-content\/uploads\/2022\/12\/homepage-najdite-si-poziciu-mb2015009g0131-850x478.jpg');\"><\/div>\n        <\/div>\n    <div class=\"a-support__content\">\n        <h3 class=\"a-support__title\">N\u00e1jdite si poz\u00edciu<\/h3>\n        <div class=\"a-support__text\"><p>MAGNA h\u013ead\u00e1 kvalifikovan\u00fdch medic\u00ednskych a nemedic\u00ednd\u015bkych odborn\u00edkov, vr\u00e1tane koordin\u00e1torov, pre pr\u00e1cu v na\u0161ich ter\u00e9nnych projektoch.<\/p>\n<\/div>\n    <\/div>\n    <div class=\"a-support__footer\">\n        <div class=\"a-support__cta\">\n            <a href=\"https:\/\/www.magna.org\/sk\/pracujte-s-nami\/najdite-si-poziciu\/\" target=\"\" class=\"e-btn e-btn--primary\"><span>Zisti\u0165 viac<\/span><i class=\"icon-heart\"><\/i><\/a>\n        <\/div>\n    <\/div>\n<\/article>\n            <\/div>\n            <div class=\"s-support__item \">\n                <article class=\"a-support\">\n    <a href=\"https:\/\/www.magna.org\/sk\/pracujte-s-nami\/kariera-a-benefity\/\" target=\"\" class=\"a-support__link\"><\/a>\n        <div class=\"a-support__image\">\n            <div class=\"a-support__img\" style=\"background-image:url('https:\/\/www.magna.org\/sk\/wp-content\/uploads\/2022\/12\/homepage-pracujte-s-nami-mb2010001g1826-850x478.jpg');\"><\/div>\n        <\/div>\n    <div class=\"a-support__content\">\n        <h3 class=\"a-support__title\">Kari\u00e9ra a benefity<\/h3>\n        <div class=\"a-support__text\"><p>Uprednostnen\u00ed bud\u00fa kandid\u00e1ti, ktor\u00ed sa zavia\u017e\u00fa k dlhodobej kari\u00e9re v oblasti humanit\u00e1rnej pomoci.<\/p>\n<\/div>\n    <\/div>\n    <div class=\"a-support__footer\">\n        <div class=\"a-support__cta\">\n            <a href=\"https:\/\/www.magna.org\/sk\/pracujte-s-nami\/kariera-a-benefity\/\" target=\"\" class=\"e-btn e-btn--primary\"><span>Zisti\u0165 viac<\/span><i class=\"icon-heart\"><\/i><\/a>\n        <\/div>\n    <\/div>\n<\/article>\n            <\/div>\n            <div class=\"s-support__item s-support__item--full\">\n                <article class=\"a-support\">\n    <a href=\"https:\/\/www.magna.org\/sk\/job-offer\/project-coordinator\/\" target=\"\" class=\"a-support__link\"><\/a>\n        <div class=\"a-support__image\">\n            <div class=\"a-support__img\" style=\"background-image:url('https:\/\/www.magna.org\/sk\/wp-content\/uploads\/2022\/12\/mirka-cerulova_kenya-w500-h0-p0-q85-f-s1-c-w500-h0-p0-q85-f-s1-c-1740x980.jpg');\"><\/div>\n        <\/div>\n    <div class=\"a-support__content\">\n        <h3 class=\"a-support__title\">Urgentne h\u013ead\u00e1me projektov\u00fdch  koordin\u00e1torov<\/h3>\n        <div class=\"a-support__text\"><p>Pre vysok\u00fd dopyt v ter\u00e9ne h\u013ead\u00e1me koordin\u00e1torov na\u0161\u00edch projektov.<\/p>\n<\/div>\n    <\/div>\n    <div class=\"a-support__footer\">\n        <div class=\"a-support__cta\">\n            <a href=\"https:\/\/www.magna.org\/sk\/job-offer\/project-coordinator\/\" target=\"\" class=\"e-btn e-btn--primary\"><span>Zisti\u0165 viac<\/span><i class=\"icon-heart\"><\/i><\/a>\n        <\/div>\n    <\/div>\n<\/article>\n            <\/div>\n        <\/div>\n    <\/div>\n<\/section>\n\n<section class=\"s-support hc-section-space--normal\">\n    <div class=\"s-support__header\">\n        <h1 class=\"s-support__title\">Pr\u00e1ca v centr\u00e1le<\/h1>\n        <div class=\"s-support__intro\">\n            <p>Niektor\u00ed \u013eudia pracuj\u00fa v centr\u00e1le MAGNA na podpore na\u0161ich humanit\u00e1rnych zdravotn\u00edckych programoch vo svete. Aktu\u00e1lne vo\u013en\u00e9 poz\u00edcie n\u00e1jdete tu.<\/p>\n<p><strong>Aktu\u00e1lne nem\u00e1me vo\u013ene poz\u00edcie<\/strong><\/p>\n\n        <\/div>\n    <\/div>\n    <div class=\"s-support__content\">\n        <div class=\"s-support__items\">\n        <\/div>\n    <\/div>\n<\/section>","protected":false},"excerpt":{"rendered":"","protected":false},"author":2,"featured_media":0,"parent":0,"menu_order":0,"comment_status":"closed","ping_status":"closed","template":"page-full.php","meta":{"_acf_changed":false,"inline_featured_image":false,"footnotes":""},"class_list":["post-1151","page","type-page","status-publish","hentry"],"acf":[],"yoast_head":"<!-- This site is optimized with the Yoast SEO plugin v24.3 - https:\/\/yoast.com\/wordpress\/plugins\/seo\/ -->\n<title>Pracujte s nami<\/title>\n<meta name=\"description\" content=\"MAGNA z\u00e1vis\u00ed od odhodlania, obetavosti a tvrdej pr\u00e1ce t\u00fdch, ktor\u00ed sa podie\u013eaj\u00fa na v\u00fdsledkoch projektov, v ter\u00e9ne aj v kancel\u00e1rii.\" \/>\n<meta name=\"robots\" content=\"index, follow, max-snippet:-1, max-image-preview:large, max-video-preview:-1\" \/>\n<link rel=\"canonical\" href=\"https:\/\/www.magna.org\/sk\/pracujte-s-nami\/\" \/>\n<meta property=\"og:locale\" content=\"en_US\" \/>\n<meta property=\"og:type\" content=\"article\" \/>\n<meta property=\"og:title\" content=\"Pracujte s nami\" \/>\n<meta property=\"og:description\" content=\"MAGNA z\u00e1vis\u00ed od odhodlania, obetavosti a tvrdej pr\u00e1ce t\u00fdch, ktor\u00ed sa podie\u013eaj\u00fa na v\u00fdsledkoch projektov, v ter\u00e9ne aj v kancel\u00e1rii.\" \/>\n<meta property=\"og:url\" content=\"https:\/\/www.magna.org\/sk\/pracujte-s-nami\/\" \/>\n<meta property=\"og:site_name\" content=\"Magna\" \/>\n<meta property=\"article:modified_time\" content=\"2025-11-30T11:58:53+00:00\" \/>\n<meta name=\"twitter:card\" content=\"summary_large_image\" \/>\n<script type=\"application\/ld+json\" class=\"yoast-schema-graph\">{\"@context\":\"https:\/\/schema.org\",\"@graph\":[{\"@type\":\"WebPage\",\"@id\":\"https:\/\/www.magna.org\/sk\/pracujte-s-nami\/\",\"url\":\"https:\/\/www.magna.org\/sk\/pracujte-s-nami\/\",\"name\":\"Pracujte s nami\",\"isPartOf\":{\"@id\":\"https:\/\/www.magna.org\/sk\/#website\"},\"datePublished\":\"2022-10-13T16:45:10+00:00\",\"dateModified\":\"2025-11-30T11:58:53+00:00\",\"description\":\"MAGNA z\u00e1vis\u00ed od odhodlania, obetavosti a tvrdej pr\u00e1ce t\u00fdch, ktor\u00ed sa podie\u013eaj\u00fa na v\u00fdsledkoch projektov, v ter\u00e9ne aj v kancel\u00e1rii.\",\"breadcrumb\":{\"@id\":\"https:\/\/www.magna.org\/sk\/pracujte-s-nami\/#breadcrumb\"},\"inLanguage\":\"en-US\",\"potentialAction\":[{\"@type\":\"ReadAction\",\"target\":[\"https:\/\/www.magna.org\/sk\/pracujte-s-nami\/\"]}]},{\"@type\":\"BreadcrumbList\",\"@id\":\"https:\/\/www.magna.org\/sk\/pracujte-s-nami\/#breadcrumb\",\"itemListElement\":[{\"@type\":\"ListItem\",\"position\":1,\"name\":\"Home\",\"item\":\"https:\/\/www.magna.org\/sk\/\"},{\"@type\":\"ListItem\",\"position\":2,\"name\":\"Pracujte s nami\"}]},{\"@type\":\"WebSite\",\"@id\":\"https:\/\/www.magna.org\/sk\/#website\",\"url\":\"https:\/\/www.magna.org\/sk\/\",\"name\":\"Magna\",\"description\":\"Just another WordPress site\",\"potentialAction\":[{\"@type\":\"SearchAction\",\"target\":{\"@type\":\"EntryPoint\",\"urlTemplate\":\"https:\/\/www.magna.org\/sk\/?s={search_term_string}\"},\"query-input\":{\"@type\":\"PropertyValueSpecification\",\"valueRequired\":true,\"valueName\":\"search_term_string\"}}],\"inLanguage\":\"en-US\"}]}<\/script>\n<!-- \/ Yoast SEO plugin. -->","yoast_head_json":{"title":"Pracujte s nami","description":"MAGNA z\u00e1vis\u00ed od odhodlania, obetavosti a tvrdej pr\u00e1ce t\u00fdch, ktor\u00ed sa podie\u013eaj\u00fa na v\u00fdsledkoch projektov, v ter\u00e9ne aj v kancel\u00e1rii.","robots":{"index":"index","follow":"follow","max-snippet":"max-snippet:-1","max-image-preview":"max-image-preview:large","max-video-preview":"max-video-preview:-1"},"canonical":"https:\/\/www.magna.org\/sk\/pracujte-s-nami\/","og_locale":"en_US","og_type":"article","og_title":"Pracujte s nami","og_description":"MAGNA z\u00e1vis\u00ed od odhodlania, obetavosti a tvrdej pr\u00e1ce t\u00fdch, ktor\u00ed sa podie\u013eaj\u00fa na v\u00fdsledkoch projektov, v ter\u00e9ne aj v kancel\u00e1rii.","og_url":"https:\/\/www.magna.org\/sk\/pracujte-s-nami\/","og_site_name":"Magna","article_modified_time":"2025-11-30T11:58:53+00:00","twitter_card":"summary_large_image","schema":{"@context":"https:\/\/schema.org","@graph":[{"@type":"WebPage","@id":"https:\/\/www.magna.org\/sk\/pracujte-s-nami\/","url":"https:\/\/www.magna.org\/sk\/pracujte-s-nami\/","name":"Pracujte s nami","isPartOf":{"@id":"https:\/\/www.magna.org\/sk\/#website"},"datePublished":"2022-10-13T16:45:10+00:00","dateModified":"2025-11-30T11:58:53+00:00","description":"MAGNA z\u00e1vis\u00ed od odhodlania, obetavosti a tvrdej pr\u00e1ce t\u00fdch, ktor\u00ed sa podie\u013eaj\u00fa na v\u00fdsledkoch projektov, v ter\u00e9ne aj v kancel\u00e1rii.","breadcrumb":{"@id":"https:\/\/www.magna.org\/sk\/pracujte-s-nami\/#breadcrumb"},"inLanguage":"en-US","potentialAction":[{"@type":"ReadAction","target":["https:\/\/www.magna.org\/sk\/pracujte-s-nami\/"]}]},{"@type":"BreadcrumbList","@id":"https:\/\/www.magna.org\/sk\/pracujte-s-nami\/#breadcrumb","itemListElement":[{"@type":"ListItem","position":1,"name":"Home","item":"https:\/\/www.magna.org\/sk\/"},{"@type":"ListItem","position":2,"name":"Pracujte s nami"}]},{"@type":"WebSite","@id":"https:\/\/www.magna.org\/sk\/#website","url":"https:\/\/www.magna.org\/sk\/","name":"Magna","description":"Just another WordPress site","potentialAction":[{"@type":"SearchAction","target":{"@type":"EntryPoint","urlTemplate":"https:\/\/www.magna.org\/sk\/?s={search_term_string}"},"query-input":{"@type":"PropertyValueSpecification","valueRequired":true,"valueName":"search_term_string"}}],"inLanguage":"en-US"}]}},"_links":{"self":[{"href":"https:\/\/www.magna.org\/sk\/wp-json\/wp\/v2\/pages\/1151","targetHints":{"allow":["GET"]}}],"collection":[{"href":"https:\/\/www.magna.org\/sk\/wp-json\/wp\/v2\/pages"}],"about":[{"href":"https:\/\/www.magna.org\/sk\/wp-json\/wp\/v2\/types\/page"}],"author":[{"embeddable":true,"href":"https:\/\/www.magna.org\/sk\/wp-json\/wp\/v2\/users\/2"}],"replies":[{"embeddable":true,"href":"https:\/\/www.magna.org\/sk\/wp-json\/wp\/v2\/comments?post=1151"}],"version-history":[{"count":342,"href":"https:\/\/www.magna.org\/sk\/wp-json\/wp\/v2\/pages\/1151\/revisions"}],"predecessor-version":[{"id":16920,"href":"https:\/\/www.magna.org\/sk\/wp-json\/wp\/v2\/pages\/1151\/revisions\/16920"}],"wp:attachment":[{"href":"https:\/\/www.magna.org\/sk\/wp-json\/wp\/v2\/media?parent=1151"}],"curies":[{"name":"wp","href":"https:\/\/api.w.org\/{rel}","templated":true}]}}