{"id":14838,"date":"2024-02-26T16:25:09","date_gmt":"2024-02-26T16:25:09","guid":{"rendered":"https:\/\/www.magna.org\/sk\/?page_id=14838"},"modified":"2025-11-30T12:01:36","modified_gmt":"2025-11-30T12:01:36","slug":"apoteka-pinakoteka","status":"publish","type":"page","link":"https:\/\/www.magna.org\/sk\/apoteka-pinakoteka\/","title":{"rendered":"Apoteka | Pinakoteka"},"content":{"rendered":"<section class=\"s-support hc-section-space--normal\">\n    <div class=\"s-support__header\">\n        <h1 class=\"s-support__title\">Apoteka + Pinakoteka<\/h1>\n        <div class=\"s-support__intro\">\n            <p>Verejn\u00e1 obraz\u00e1re\u0148 humanit\u00e1rnej organiz\u00e1cie MAGNA &#8211; Pinakoteka a bar Apoteka sa nach\u00e1dza v samom srdci Bratislavy v priestorch b\u00fdvalej lek\u00e1rne na Panskej 13.<\/p>\n\n        <\/div>\n    <\/div>\n    <div class=\"s-support__content\">\n        <div class=\"s-support__items\">\n        <\/div>\n    <\/div>\n<\/section>\n\n<section class=\"s-home-hero s-home-hero--white hc-section-space--normal\">\n    <div class=\"s-home-hero__inner\">\n        <div class=\"s-home-hero__media\">\n            <img loading=\"lazy\" decoding=\"async\" width=\"698\" height=\"524\" src=\"https:\/\/www.magna.org\/sk\/wp-content\/uploads\/2025\/06\/sk.magna.org-pinakoteka-mb202500537-698x524.jpg\" class=\"attachment-magna-hero size-magna-hero\" alt=\"\" srcset=\"https:\/\/www.magna.org\/sk\/wp-content\/uploads\/2025\/06\/sk.magna.org-pinakoteka-mb202500537-698x524.jpg 698w, https:\/\/www.magna.org\/sk\/wp-content\/uploads\/2025\/06\/sk.magna.org-pinakoteka-mb202500537-1396x1048.jpg 1396w\" sizes=\"auto, (max-width: 698px) 100vw, 698px\" \/>\n        <\/div>\n        <div class=\"s-home-hero__content\">\n            <h2 class=\"s-home-hero__title\">Regards from Bagata \/ Pozdravy z Bagaty<\/h2>\n            <div class=\"s-home-hero__text\">\n                <p>Martin Band\u017e\u00e1k<br>\r\n13.6. &#8211; 30.9. 2025<br>\r\n<\/p>\n            <\/div>\n            <div class=\"s-home-hero__cta\">\n                <a href=\"https:\/\/www.magna.org\/sk\/spravy-sk\/slovensko-spravy\/regards-from-bagata\/\" target=\"\" class=\"e-btn e-btn--dark\">Zisti\u0165 viac<\/a>\n            <\/div>\n        <\/div>\n    <\/div>\n<\/section>\n\n<section class=\"s-news hc-section-space--normal\">\n    <div class=\"s-news__inner\">\n        <div class=\"s-news__header\">\n            <h2 class=\"s-news__title\">Predo\u0161l\u00e9 eventy<\/h2>\n            <div class=\"s-news__text\">\n                <p>Pozrite si predo\u0161l\u00e9 eventy a v\u00fdstavy vo verejnej g\u00e1lerii Magna Institute &#8211; Pinakot\u00e9ka.<\/p>\n            <\/div>\n            <div class=\"s-news__social\">\n                <ul class=\"e-social\">\n<\/ul>\n            <\/div>\n        <\/div>\n        <div class=\"s-news__content js-carousel\">\n            <div class=\"s-news__items js-carousel__items\">\n                <div class=\"s-news__item js-carousel__item\">\n                    \n<article class=\"a-news\">\n    <a href=\"https:\/\/www.magna.org\/sk\/spravy-sk\/slovensko-spravy\/ukrajina-z-normalnosti-do-sialenstva\/\" class=\"a-news__link\"><\/a>\n    <div class=\"a-news__image\">\n        <div class=\"a-news__img\" style=\"background-image:url('https:\/\/www.magna.org\/sk\/wp-content\/uploads\/2025\/02\/sk.magna.org-ukrajina-z-normalnosti-do-sialenstva-photo-2025-02-24-19-38-20-468x468.jpg');\"><\/div>\n    <\/div>\n    <div class=\"a-news__content\">\n        <h5 class=\"a-news__subtitle\">Slovensko<\/h5>\n        <h3 class=\"a-news__title\">Ukrajina: z norm\u00e1lnosti do \u0161ialenstva<\/h3>\n    <\/div>\n    <div class=\"a-news__footer\">\n        <div class=\"a-news__tags\">Awarness kampa\u0148<\/div>\n        <div class=\"a-news__date\">24. 02. 2025<\/div>\n    <\/div>\n<\/article>                <\/div>\n                <div class=\"s-news__item js-carousel__item\">\n                    \n<article class=\"a-news\">\n    <a href=\"https:\/\/www.magna.org\/sk\/spravy-sk\/slovensko-spravy\/day-after\/\" class=\"a-news__link\"><\/a>\n    <div class=\"a-news__image\">\n        <div class=\"a-news__img\" style=\"background-image:url('https:\/\/www.magna.org\/sk\/wp-content\/uploads\/2024\/12\/sk.magna.org-day-after-img-4142-e1733427949484-468x468.jpg');\"><\/div>\n    <\/div>\n    <div class=\"a-news__content\">\n        <h5 class=\"a-news__subtitle\">Slovensko<\/h5>\n        <h3 class=\"a-news__title\">Day after<\/h3>\n    <\/div>\n    <div class=\"a-news__footer\">\n        <div class=\"a-news__tags\">Awarness kampa\u0148<\/div>\n        <div class=\"a-news__date\">05. 12. 2024<\/div>\n    <\/div>\n<\/article>                <\/div>\n                <div class=\"s-news__item js-carousel__item\">\n                    \n<article class=\"a-news\">\n    <a href=\"https:\/\/www.magna.org\/sk\/spravy-sk\/slovensko-spravy\/vystava-ne-schovaju-sa\/\" class=\"a-news__link\"><\/a>\n    <div class=\"a-news__image\">\n        <div class=\"a-news__img\" style=\"background-image:url('https:\/\/www.magna.org\/sk\/wp-content\/uploads\/2024\/08\/sk.magna.org-ne-schovaju-sa-mb202109g01754-468x468.jpg');\"><\/div>\n    <\/div>\n    <div class=\"a-news__content\">\n        <h5 class=\"a-news__subtitle\">Slovensko<\/h5>\n        <h3 class=\"a-news__title\">V\u00fdstava fotografi\u00ed: (ne) schovaj\u00fa sa<\/h3>\n    <\/div>\n    <div class=\"a-news__footer\">\n        <div class=\"a-news__tags\">Awarness kampa\u0148<\/div>\n        <div class=\"a-news__date\">26. 09. 2024<\/div>\n    <\/div>\n<\/article>                <\/div>\n                <div class=\"s-news__item js-carousel__item\">\n                    \n<article class=\"a-news\">\n    <a href=\"https:\/\/www.magna.org\/sk\/spravy-sk\/podvyziva-spravy\/hunger-room-v-bratislave\/\" class=\"a-news__link\"><\/a>\n    <div class=\"a-news__image\">\n        <div class=\"a-news__img\" style=\"background-image:url('https:\/\/www.magna.org\/sk\/wp-content\/uploads\/2023\/12\/www.magna.org-domov-img-6852-468x468.jpg');\"><\/div>\n    <\/div>\n    <div class=\"a-news__content\">\n        <h5 class=\"a-news__subtitle\">Podv\u00fd\u017e\u00edva<\/h5>\n        <h3 class=\"a-news__title\">Hunger room v Bratislave<\/h3>\n    <\/div>\n    <div class=\"a-news__footer\">\n        <div class=\"a-news__tags\">Awarness kampa\u0148<\/div>\n        <div class=\"a-news__date\">10. 12. 2023<\/div>\n    <\/div>\n<\/article>                <\/div>\n                <div class=\"s-news__item js-carousel__item\">\n                    \n<article class=\"a-news\">\n    <a href=\"https:\/\/www.magna.org\/sk\/spravy-sk\/slovensko-spravy\/jazvy-na-tele-jazvy-na-dusi-nebudme-ticho\/\" class=\"a-news__link\"><\/a>\n    <div class=\"a-news__image\">\n        <div class=\"a-news__img\" style=\"background-image:url('https:\/\/www.magna.org\/sk\/wp-content\/uploads\/2024\/05\/sk.magna.org-jazvy-na-tele-jazvy-na-dusi-nebudme-ticho-img-2359-468x468.jpg');\"><\/div>\n    <\/div>\n    <div class=\"a-news__content\">\n        <h5 class=\"a-news__subtitle\">Slovensko<\/h5>\n        <h3 class=\"a-news__title\">Jazvy na tele. Jazvy na du\u0161i. Nebu\u010fme ticho!<\/h3>\n    <\/div>\n    <div class=\"a-news__footer\">\n        <div class=\"a-news__tags\">Awarness kampa\u0148<\/div>\n        <div class=\"a-news__date\">16. 06. 2023<\/div>\n    <\/div>\n<\/article>                <\/div>\n            <\/div>\n        <\/div>\n    <\/div>\n<\/section>\n\n<section class=\"s-support hc-section-space--normal\">\n    <div class=\"s-support__header\">\n        <h1 class=\"s-support__title\">Pre\u010do to rob\u00edme?<\/h1>\n        <div class=\"s-support__intro\">\n            <p class=\"\">Pinakoteka predstavuje fotografie a umeleck\u00e9 diela potrebn\u00e9 pre pochopenie temn\u00fdch str\u00e1nok s\u00fa\u010dasn\u00e9ho sveta. Prostredn\u00edctvom dynamick\u00e9ho dial\u00f3gu sa pok\u00fa\u0161a vyrie\u0161i\u0165 mnoh\u00e9 dichot\u00f3mie n\u00e1\u0161ho prepojen\u00e9ho, no z\u00e1rove\u0148 rozbit\u00e9ho sveta.<\/p>\n<p class=\"\">Na\u0161a bl\u00edzkos\u0165 k \u013eu\u010fom v n\u00fadzi si vy\u017eaduje, aby sme o nich hovorili. Pinakoteka je na\u0161ou odpove\u010fou na potrebu zv\u00fd\u0161i\u0165 povedomie o ich situ\u00e1cii, aby n\u00e1m v kone\u010dnom d\u00f4sledku pomohla zlep\u0161i\u0165 ich stav.<\/p>\n\n        <\/div>\n    <\/div>\n    <div class=\"s-support__content\">\n        <div class=\"s-support__items\">\n        <\/div>\n    <\/div>\n<\/section>\n\n<div class=\"e-content-text\"><div class=\"e-content-text__inner\">\n<figure class=\"wp-block-image size-large is-style-default\"><img loading=\"lazy\" decoding=\"async\" width=\"1024\" height=\"473\" src=\"https:\/\/www.magna.org\/sk\/wp-content\/uploads\/2025\/06\/sk.magna.org-pinakoteka-photo-2025-06-19-13-20-03-1024x473.jpg\" alt=\"\" class=\"wp-image-16860\" srcset=\"https:\/\/www.magna.org\/sk\/wp-content\/uploads\/2025\/06\/sk.magna.org-pinakoteka-photo-2025-06-19-13-20-03-1024x473.jpg 1024w, https:\/\/www.magna.org\/sk\/wp-content\/uploads\/2025\/06\/sk.magna.org-pinakoteka-photo-2025-06-19-13-20-03-300x139.jpg 300w, https:\/\/www.magna.org\/sk\/wp-content\/uploads\/2025\/06\/sk.magna.org-pinakoteka-photo-2025-06-19-13-20-03-768x355.jpg 768w, https:\/\/www.magna.org\/sk\/wp-content\/uploads\/2025\/06\/sk.magna.org-pinakoteka-photo-2025-06-19-13-20-03-1536x709.jpg 1536w, https:\/\/www.magna.org\/sk\/wp-content\/uploads\/2025\/06\/sk.magna.org-pinakoteka-photo-2025-06-19-13-20-03-552x255.jpg 552w, https:\/\/www.magna.org\/sk\/wp-content\/uploads\/2025\/06\/sk.magna.org-pinakoteka-photo-2025-06-19-13-20-03-384x177.jpg 384w, https:\/\/www.magna.org\/sk\/wp-content\/uploads\/2025\/06\/sk.magna.org-pinakoteka-photo-2025-06-19-13-20-03-676x312.jpg 676w, https:\/\/www.magna.org\/sk\/wp-content\/uploads\/2025\/06\/sk.magna.org-pinakoteka-photo-2025-06-19-13-20-03-1352x624.jpg 1352w, https:\/\/www.magna.org\/sk\/wp-content\/uploads\/2025\/06\/sk.magna.org-pinakoteka-photo-2025-06-19-13-20-03-1058x489.jpg 1058w, https:\/\/www.magna.org\/sk\/wp-content\/uploads\/2025\/06\/sk.magna.org-pinakoteka-photo-2025-06-19-13-20-03.jpg 1600w\" sizes=\"auto, (max-width: 1024px) 100vw, 1024px\" \/><\/figure>\n<\/div><\/div>\n\n<section class=\"s-support hc-section-space--normal\">\n    <div class=\"s-support__header\">\n        <h1 class=\"s-support__title\"><\/h1>\n        <div class=\"s-support__intro\">\n            <p><strong>APOTEKA + PINAKOTEKA<\/strong><\/p>\n<p>Pansk\u00e1 13, Bratislava<br \/>\nOtv\u00e1racie hodiny<br \/>\nUtorok-Streda 13.00-18.00<br \/>\n\u0160tvrtok-Sobota 13.00-22.00 ++<\/p>\n<p>Urobte si u n\u00e1s oslavu alebo event a po\u0161lite e-mail na adresu <a href=\"mailto:apoteka@magna.org\">apoteka@magna.org.<\/a><\/p>\n<div>\n<p><strong>Ka\u017ed\u00fdm va\u0161im poseden\u00edm a konzum\u00e1ciou pom\u00e1hate k zastaveniu hladu vo svete. <\/strong><strong><span lang=\"FR\">100% zisku smeruje do projektu Feed a Child.<\/span><\/strong><\/p>\n<\/div>\n\n        <\/div>\n    <\/div>\n    <div class=\"s-support__content\">\n        <div class=\"s-support__items\">\n        <\/div>\n    <\/div>\n<\/section>","protected":false},"excerpt":{"rendered":"","protected":false},"author":2,"featured_media":0,"parent":0,"menu_order":0,"comment_status":"closed","ping_status":"closed","template":"page-full.php","meta":{"_acf_changed":false,"inline_featured_image":false,"footnotes":""},"class_list":["post-14838","page","type-page","status-publish","hentry"],"acf":[],"yoast_head":"<!-- This site is optimized with the Yoast SEO plugin v24.3 - https:\/\/yoast.com\/wordpress\/plugins\/seo\/ -->\n<title>Apoteka | Pinakoteka<\/title>\n<meta name=\"description\" content=\"Verejn\u00e1 obraz\u00e1re\u0148 humanit\u00e1rnej organiz\u00e1cie MAGNA \u2013 Pinakoteka a bar Apoteka sa nach\u00e1dza v samom srdci Bratislavy v priestorch b\u00fdvalej lek\u00e1rne na Panskej 13.\" \/>\n<meta name=\"robots\" content=\"index, follow, max-snippet:-1, max-image-preview:large, max-video-preview:-1\" \/>\n<link rel=\"canonical\" href=\"https:\/\/www.magna.org\/sk\/apoteka-pinakoteka\/\" \/>\n<meta property=\"og:locale\" content=\"en_US\" \/>\n<meta property=\"og:type\" content=\"article\" \/>\n<meta property=\"og:title\" content=\"Magna Institute\" \/>\n<meta property=\"og:description\" content=\"Magna Insitute vo svojej verejnej gal\u00e9rii Pinakoteka predstavuje umeleck\u00e9 diela potrebn\u00e9 pre pochopenie temn\u00fdch str\u00e1nok s\u00fa\u010dasn\u00e9ho sveta. Prostredn\u00edctvom dynamick\u00e9ho dial\u00f3gu sa pok\u00fa\u0161a vyrie\u0161i\u0165 mnoh\u00e9 dichot\u00f3mie n\u00e1\u0161ho prepojen\u00e9ho, no z\u00e1rove\u0148 rozbit\u00e9ho sveta. Na\u0161a bl\u00edzkos\u0165 k \u013eu\u010fom v n\u00fadzi si vy\u017eaduje, aby sme o nich hovorili. Pinakoteka je na\u0161ou odpove\u010fou na potrebu zv\u00fd\u0161i\u0165 povedomie o ich situ\u00e1cii, aby n\u00e1m v kone\u010dnom d\u00f4sledku pomohla zlep\u0161i\u0165 ich stav.\" \/>\n<meta property=\"og:url\" content=\"https:\/\/www.magna.org\/sk\/apoteka-pinakoteka\/\" \/>\n<meta property=\"og:site_name\" content=\"Magna\" \/>\n<meta property=\"article:modified_time\" content=\"2025-11-30T12:01:36+00:00\" \/>\n<meta property=\"og:image\" content=\"https:\/\/www.magna.org\/sk\/wp-content\/uploads\/2024\/12\/sk.magna.org-magna-institute-399e93a9-4ff5-4ad4-9c43-c4325f503e0e.jpg\" \/>\n\t<meta property=\"og:image:width\" content=\"1600\" \/>\n\t<meta property=\"og:image:height\" content=\"1243\" \/>\n\t<meta property=\"og:image:type\" content=\"image\/jpeg\" \/>\n<meta name=\"twitter:card\" content=\"summary_large_image\" \/>\n<meta name=\"twitter:title\" content=\"MAGNA Institute\" \/>\n<meta name=\"twitter:description\" content=\"Pansk\u00e1 13, Bratislava. Otv\u00e1racie hodiny\/S\u00fakromn\u00e9 n\u00e1v\u0161tevy Utorok-Sobota 12.00-18.00. Mimo t\u00fdchto hod\u00edn po\u0161lite e-mail na adresu info@magna.org a napl\u00e1nujte si n\u00e1v\u0161tevu.\" \/>\n<meta name=\"twitter:image\" content=\"https:\/\/www.magna.org\/sk\/wp-content\/uploads\/2024\/05\/sk.magna.org-jazvy-na-tele-jazvy-na-dusi-nebudme-ticho-img-2359-scaled.jpg\" \/>\n<meta name=\"twitter:label1\" content=\"Est. reading time\" \/>\n\t<meta name=\"twitter:data1\" content=\"1 minute\" \/>\n<script type=\"application\/ld+json\" class=\"yoast-schema-graph\">{\"@context\":\"https:\/\/schema.org\",\"@graph\":[{\"@type\":\"WebPage\",\"@id\":\"https:\/\/www.magna.org\/sk\/apoteka-pinakoteka\/\",\"url\":\"https:\/\/www.magna.org\/sk\/apoteka-pinakoteka\/\",\"name\":\"Apoteka | Pinakoteka\",\"isPartOf\":{\"@id\":\"https:\/\/www.magna.org\/sk\/#website\"},\"primaryImageOfPage\":{\"@id\":\"https:\/\/www.magna.org\/sk\/apoteka-pinakoteka\/#primaryimage\"},\"image\":{\"@id\":\"https:\/\/www.magna.org\/sk\/apoteka-pinakoteka\/#primaryimage\"},\"thumbnailUrl\":\"https:\/\/www.magna.org\/sk\/wp-content\/uploads\/2025\/06\/sk.magna.org-pinakoteka-photo-2025-06-19-13-20-03-1024x473.jpg\",\"datePublished\":\"2024-02-26T16:25:09+00:00\",\"dateModified\":\"2025-11-30T12:01:36+00:00\",\"description\":\"Verejn\u00e1 obraz\u00e1re\u0148 humanit\u00e1rnej organiz\u00e1cie MAGNA \u2013 Pinakoteka a bar Apoteka sa nach\u00e1dza v samom srdci Bratislavy v priestorch b\u00fdvalej lek\u00e1rne na Panskej 13.\",\"breadcrumb\":{\"@id\":\"https:\/\/www.magna.org\/sk\/apoteka-pinakoteka\/#breadcrumb\"},\"inLanguage\":\"en-US\",\"potentialAction\":[{\"@type\":\"ReadAction\",\"target\":[\"https:\/\/www.magna.org\/sk\/apoteka-pinakoteka\/\"]}]},{\"@type\":\"ImageObject\",\"inLanguage\":\"en-US\",\"@id\":\"https:\/\/www.magna.org\/sk\/apoteka-pinakoteka\/#primaryimage\",\"url\":\"https:\/\/www.magna.org\/sk\/wp-content\/uploads\/2025\/06\/sk.magna.org-pinakoteka-photo-2025-06-19-13-20-03.jpg\",\"contentUrl\":\"https:\/\/www.magna.org\/sk\/wp-content\/uploads\/2025\/06\/sk.magna.org-pinakoteka-photo-2025-06-19-13-20-03.jpg\",\"width\":1600,\"height\":739},{\"@type\":\"BreadcrumbList\",\"@id\":\"https:\/\/www.magna.org\/sk\/apoteka-pinakoteka\/#breadcrumb\",\"itemListElement\":[{\"@type\":\"ListItem\",\"position\":1,\"name\":\"Home\",\"item\":\"https:\/\/www.magna.org\/sk\/\"},{\"@type\":\"ListItem\",\"position\":2,\"name\":\"Apoteka | Pinakoteka\"}]},{\"@type\":\"WebSite\",\"@id\":\"https:\/\/www.magna.org\/sk\/#website\",\"url\":\"https:\/\/www.magna.org\/sk\/\",\"name\":\"Magna\",\"description\":\"Just another WordPress site\",\"potentialAction\":[{\"@type\":\"SearchAction\",\"target\":{\"@type\":\"EntryPoint\",\"urlTemplate\":\"https:\/\/www.magna.org\/sk\/?s={search_term_string}\"},\"query-input\":{\"@type\":\"PropertyValueSpecification\",\"valueRequired\":true,\"valueName\":\"search_term_string\"}}],\"inLanguage\":\"en-US\"}]}<\/script>\n<!-- \/ Yoast SEO plugin. -->","yoast_head_json":{"title":"Apoteka | Pinakoteka","description":"Verejn\u00e1 obraz\u00e1re\u0148 humanit\u00e1rnej organiz\u00e1cie MAGNA \u2013 Pinakoteka a bar Apoteka sa nach\u00e1dza v samom srdci Bratislavy v priestorch b\u00fdvalej lek\u00e1rne na Panskej 13.","robots":{"index":"index","follow":"follow","max-snippet":"max-snippet:-1","max-image-preview":"max-image-preview:large","max-video-preview":"max-video-preview:-1"},"canonical":"https:\/\/www.magna.org\/sk\/apoteka-pinakoteka\/","og_locale":"en_US","og_type":"article","og_title":"Magna Institute","og_description":"Magna Insitute vo svojej verejnej gal\u00e9rii Pinakoteka predstavuje umeleck\u00e9 diela potrebn\u00e9 pre pochopenie temn\u00fdch str\u00e1nok s\u00fa\u010dasn\u00e9ho sveta. Prostredn\u00edctvom dynamick\u00e9ho dial\u00f3gu sa pok\u00fa\u0161a vyrie\u0161i\u0165 mnoh\u00e9 dichot\u00f3mie n\u00e1\u0161ho prepojen\u00e9ho, no z\u00e1rove\u0148 rozbit\u00e9ho sveta. Na\u0161a bl\u00edzkos\u0165 k \u013eu\u010fom v n\u00fadzi si vy\u017eaduje, aby sme o nich hovorili. Pinakoteka je na\u0161ou odpove\u010fou na potrebu zv\u00fd\u0161i\u0165 povedomie o ich situ\u00e1cii, aby n\u00e1m v kone\u010dnom d\u00f4sledku pomohla zlep\u0161i\u0165 ich stav.","og_url":"https:\/\/www.magna.org\/sk\/apoteka-pinakoteka\/","og_site_name":"Magna","article_modified_time":"2025-11-30T12:01:36+00:00","og_image":[{"width":1600,"height":1243,"url":"https:\/\/www.magna.org\/sk\/wp-content\/uploads\/2024\/12\/sk.magna.org-magna-institute-399e93a9-4ff5-4ad4-9c43-c4325f503e0e.jpg","type":"image\/jpeg"}],"twitter_card":"summary_large_image","twitter_title":"MAGNA Institute","twitter_description":"Pansk\u00e1 13, Bratislava. Otv\u00e1racie hodiny\/S\u00fakromn\u00e9 n\u00e1v\u0161tevy Utorok-Sobota 12.00-18.00. Mimo t\u00fdchto hod\u00edn po\u0161lite e-mail na adresu info@magna.org a napl\u00e1nujte si n\u00e1v\u0161tevu.","twitter_image":"https:\/\/www.magna.org\/sk\/wp-content\/uploads\/2024\/05\/sk.magna.org-jazvy-na-tele-jazvy-na-dusi-nebudme-ticho-img-2359-scaled.jpg","twitter_misc":{"Est. reading time":"1 minute"},"schema":{"@context":"https:\/\/schema.org","@graph":[{"@type":"WebPage","@id":"https:\/\/www.magna.org\/sk\/apoteka-pinakoteka\/","url":"https:\/\/www.magna.org\/sk\/apoteka-pinakoteka\/","name":"Apoteka | Pinakoteka","isPartOf":{"@id":"https:\/\/www.magna.org\/sk\/#website"},"primaryImageOfPage":{"@id":"https:\/\/www.magna.org\/sk\/apoteka-pinakoteka\/#primaryimage"},"image":{"@id":"https:\/\/www.magna.org\/sk\/apoteka-pinakoteka\/#primaryimage"},"thumbnailUrl":"https:\/\/www.magna.org\/sk\/wp-content\/uploads\/2025\/06\/sk.magna.org-pinakoteka-photo-2025-06-19-13-20-03-1024x473.jpg","datePublished":"2024-02-26T16:25:09+00:00","dateModified":"2025-11-30T12:01:36+00:00","description":"Verejn\u00e1 obraz\u00e1re\u0148 humanit\u00e1rnej organiz\u00e1cie MAGNA \u2013 Pinakoteka a bar Apoteka sa nach\u00e1dza v samom srdci Bratislavy v priestorch b\u00fdvalej lek\u00e1rne na Panskej 13.","breadcrumb":{"@id":"https:\/\/www.magna.org\/sk\/apoteka-pinakoteka\/#breadcrumb"},"inLanguage":"en-US","potentialAction":[{"@type":"ReadAction","target":["https:\/\/www.magna.org\/sk\/apoteka-pinakoteka\/"]}]},{"@type":"ImageObject","inLanguage":"en-US","@id":"https:\/\/www.magna.org\/sk\/apoteka-pinakoteka\/#primaryimage","url":"https:\/\/www.magna.org\/sk\/wp-content\/uploads\/2025\/06\/sk.magna.org-pinakoteka-photo-2025-06-19-13-20-03.jpg","contentUrl":"https:\/\/www.magna.org\/sk\/wp-content\/uploads\/2025\/06\/sk.magna.org-pinakoteka-photo-2025-06-19-13-20-03.jpg","width":1600,"height":739},{"@type":"BreadcrumbList","@id":"https:\/\/www.magna.org\/sk\/apoteka-pinakoteka\/#breadcrumb","itemListElement":[{"@type":"ListItem","position":1,"name":"Home","item":"https:\/\/www.magna.org\/sk\/"},{"@type":"ListItem","position":2,"name":"Apoteka | Pinakoteka"}]},{"@type":"WebSite","@id":"https:\/\/www.magna.org\/sk\/#website","url":"https:\/\/www.magna.org\/sk\/","name":"Magna","description":"Just another WordPress site","potentialAction":[{"@type":"SearchAction","target":{"@type":"EntryPoint","urlTemplate":"https:\/\/www.magna.org\/sk\/?s={search_term_string}"},"query-input":{"@type":"PropertyValueSpecification","valueRequired":true,"valueName":"search_term_string"}}],"inLanguage":"en-US"}]}},"_links":{"self":[{"href":"https:\/\/www.magna.org\/sk\/wp-json\/wp\/v2\/pages\/14838","targetHints":{"allow":["GET"]}}],"collection":[{"href":"https:\/\/www.magna.org\/sk\/wp-json\/wp\/v2\/pages"}],"about":[{"href":"https:\/\/www.magna.org\/sk\/wp-json\/wp\/v2\/types\/page"}],"author":[{"embeddable":true,"href":"https:\/\/www.magna.org\/sk\/wp-json\/wp\/v2\/users\/2"}],"replies":[{"embeddable":true,"href":"https:\/\/www.magna.org\/sk\/wp-json\/wp\/v2\/comments?post=14838"}],"version-history":[{"count":212,"href":"https:\/\/www.magna.org\/sk\/wp-json\/wp\/v2\/pages\/14838\/revisions"}],"predecessor-version":[{"id":17194,"href":"https:\/\/www.magna.org\/sk\/wp-json\/wp\/v2\/pages\/14838\/revisions\/17194"}],"wp:attachment":[{"href":"https:\/\/www.magna.org\/sk\/wp-json\/wp\/v2\/media?parent=14838"}],"curies":[{"name":"wp","href":"https:\/\/api.w.org\/{rel}","templated":true}]}}