{"id":16458,"date":"2025-03-12T09:05:17","date_gmt":"2025-03-12T09:05:17","guid":{"rendered":"https:\/\/www.magna.org\/sk\/?page_id=16458"},"modified":"2026-03-03T17:08:24","modified_gmt":"2026-03-03T17:08:24","slug":"2-percenta-z-dane","status":"publish","type":"page","link":"https:\/\/www.magna.org\/sk\/ako-darovat\/2-percenta-z-dane\/","title":{"rendered":"2 percent\u00e1 z dane"},"content":{"rendered":"<section class=\"s-support hc-section-space--normal\">\n    <div class=\"s-support__header\">\n        <h1 class=\"s-support__title\">2 percent\u00e1 z dane<\/h1>\n        <div class=\"s-support__intro\">\n            <p style=\"font-weight: 400;\">Pre v\u00e1s neznamenaj\u00fa \u017eiadny v\u00fddavok a pritom s nimi m\u00f4\u017eete pom\u00f4c\u0165 zachr\u00e1ni\u0165 \u017eivot<\/p>\n\n        <\/div>\n    <\/div>\n    <div class=\"s-support__content\">\n        <div class=\"s-support__items\">\n        <\/div>\n    <\/div>\n<\/section>\n\n<section class=\"s-home-hero s-home-hero--white hc-section-space--normal\">\n    <div class=\"s-home-hero__inner\">\n        <div class=\"s-home-hero__media\">\n            <img loading=\"lazy\" decoding=\"async\" width=\"698\" height=\"524\" src=\"https:\/\/www.magna.org\/sk\/wp-content\/uploads\/2024\/09\/sk.magna.org-podporte-dieta-2021-magna-da-698x524.jpg\" class=\"attachment-magna-hero size-magna-hero\" alt=\"\" srcset=\"https:\/\/www.magna.org\/sk\/wp-content\/uploads\/2024\/09\/sk.magna.org-podporte-dieta-2021-magna-da-698x524.jpg 698w, https:\/\/www.magna.org\/sk\/wp-content\/uploads\/2024\/09\/sk.magna.org-podporte-dieta-2021-magna-da-1396x1048.jpg 1396w\" sizes=\"auto, (max-width: 698px) 100vw, 698px\" \/>\n        <\/div>\n        <div class=\"s-home-hero__content\">\n            <h2 class=\"s-home-hero__title\">Zachra\u0148ujte \u017eivoty s nami<\/h2>\n            <div class=\"s-home-hero__text\">\n                <p>Aj tento rok n\u00e1m va\u0161e 2 percent\u00e1 z dane pom\u00f4\u017eu prinies\u0165 \u017eivot zachra\u0148uj\u00facu pomoc de\u0165om zasiahnutych extr\u00e9mnou chudobou v Afganistane, konfliktom a vojnou ohrozen\u00fdm de\u0165om v S\u00fdrii a Libanone, ale aj hladom trpiacim de\u0165om v Kongu <br>\r\n<\/p>\n            <\/div>\n        <\/div>\n    <\/div>\n<\/section>\n\n<section class=\"s-faq hc-section-space--normal\">\n    <div class=\"s-faq__inner\">\n        <h2 class=\"s-faq__title\">AKO DAROVA\u0164 2% Z DANE<\/h2>\n        <div class=\"s-faq__items js-accordion\">\n                <h3 class=\"s-faq__question js-accordion__title\">Podrobn\u00fd postup pouk\u00e1zania 2%<\/h3>\n                <div class=\"s-faq__answer\">\n                    <p data-start=\"1094\" data-end=\"1309\">Postup pouk\u00e1zania 2 % z dane pre zamestnancov, SZ\u010cO aj pr\u00e1vnick\u00e9 osoby n\u00e1jdete na ofici\u00e1lnom port\u00e1li verejnej spr\u00e1vy <a href=\"https:\/\/www.slovensko.sk\/sk\/zivotne-situacie\/zivotna-situacia\/_ako-poukazat-2-z-dani\/\"><strong data-start=\"1211\" data-end=\"1217\">TU.<\/strong><\/a><\/p>\n\n                <\/div>\n                <h3 class=\"s-faq__question js-accordion__title\">Tla\u010divo pre fyzick\u00e9 osoby<\/h3>\n                <div class=\"s-faq__answer\">\n                    <p data-start=\"1094\" data-end=\"1309\">Predvyplnen\u00e9 tla\u010divo na pouk\u00e1zanie 2 % z dane si m\u00f4\u017eete stiahnu\u0165 <a href=\"https:\/\/www.magna.org\/sk\/wp-content\/uploads\/2025\/03\/sk.magna.org-vyhlasenie-o-poukazani-podielu-zaplatenej-dane-z-prijmov-fyzickej-osoby-magna-vyhlasenie-o-poukazani-podielu-zaplatenej-dane-z-prijmov-fyzickej-osoby-magna.pdf\"><strong data-start=\"423\" data-end=\"429\">TU.<\/strong><\/a><\/p>\n<p data-start=\"1094\" data-end=\"1309\">Vypl\u0148te svoje \u00fadaje a doru\u010dte tla\u010divo spolu s potvrden\u00edm o zaplatenej dani na <a href=\"https:\/\/www.financnasprava.sk\/sk\/elektronicke-sluzby\/verejne-sluzby\/zistenie-miestnej-prislusnost\">pr\u00edslu\u0161n\u00fd da\u0148ov\u00fd \u00farad<\/a> pod\u013ea pokynov v n\u00e1vode.<\/p>\n\n                <\/div>\n                <h3 class=\"s-faq__question js-accordion__title\">\u00dadaje na vyplnenie pre pr\u00e1vnick\u00e9 osoby<\/h3>\n                <div class=\"s-faq__answer\">\n                    <p data-start=\"1094\" data-end=\"1309\">Ak darujete prostredn\u00edctvom pr\u00e1vnickej osoby, vypl\u0148te v da\u0148ovom prizan\u00ed v VI. \u010dasti &#8211; &#8220;Vyhl\u00e1senie o pouk\u00e1zan\u00ed podielu zaplatenej dane&#8221; na\u0161e \u00fadaje:<\/p>\n<p data-start=\"1094\" data-end=\"1309\">Obchodn\u00e9 meno (n\u00e1zov): MAGNA<br data-start=\"945\" data-end=\"948\" \/>Pr\u00e1vna forma: ob\u010dianske zdru\u017eenie<br data-start=\"985\" data-end=\"988\" \/>I\u010cO: 36061581<br data-start=\"1005\" data-end=\"1008\" \/>S\u00eddlo: 811 05 Bratislava, \u0160tef\u00e1nikova 19<\/p>\n\n                <\/div>\n        <\/div>\n    <\/div>\n<\/section>\n\n<section class=\"s-support hc-section-space--normal\">\n    <div class=\"s-support__header\">\n        <h1 class=\"s-support__title\"><\/h1>\n        <div class=\"s-support__intro\">\n            \n        <\/div>\n    <\/div>\n    <div class=\"s-support__content\">\n        <div class=\"s-support__items\">\n        <\/div>\n    <\/div>\n<\/section>\n\n<div class=\"e-content-text\"><div class=\"e-content-text__inner\">\n<figure class=\"wp-block-image size-large\"><img loading=\"lazy\" decoding=\"async\" width=\"1024\" height=\"1024\" src=\"https:\/\/www.magna.org\/sk\/wp-content\/uploads\/2025\/03\/sk.magna.org-2-percenta-z-dane-r0005208-2-1-1024x1024.jpg\" alt=\"\" class=\"wp-image-16467\" srcset=\"https:\/\/www.magna.org\/sk\/wp-content\/uploads\/2025\/03\/sk.magna.org-2-percenta-z-dane-r0005208-2-1-1024x1024.jpg 1024w, https:\/\/www.magna.org\/sk\/wp-content\/uploads\/2025\/03\/sk.magna.org-2-percenta-z-dane-r0005208-2-1-300x300.jpg 300w, https:\/\/www.magna.org\/sk\/wp-content\/uploads\/2025\/03\/sk.magna.org-2-percenta-z-dane-r0005208-2-1-150x150.jpg 150w, https:\/\/www.magna.org\/sk\/wp-content\/uploads\/2025\/03\/sk.magna.org-2-percenta-z-dane-r0005208-2-1-768x768.jpg 768w, https:\/\/www.magna.org\/sk\/wp-content\/uploads\/2025\/03\/sk.magna.org-2-percenta-z-dane-r0005208-2-1-1536x1536.jpg 1536w, https:\/\/www.magna.org\/sk\/wp-content\/uploads\/2025\/03\/sk.magna.org-2-percenta-z-dane-r0005208-2-1-552x552.jpg 552w, https:\/\/www.magna.org\/sk\/wp-content\/uploads\/2025\/03\/sk.magna.org-2-percenta-z-dane-r0005208-2-1-384x384.jpg 384w, https:\/\/www.magna.org\/sk\/wp-content\/uploads\/2025\/03\/sk.magna.org-2-percenta-z-dane-r0005208-2-1-676x676.jpg 676w, https:\/\/www.magna.org\/sk\/wp-content\/uploads\/2025\/03\/sk.magna.org-2-percenta-z-dane-r0005208-2-1-1352x1352.jpg 1352w, https:\/\/www.magna.org\/sk\/wp-content\/uploads\/2025\/03\/sk.magna.org-2-percenta-z-dane-r0005208-2-1-1058x1058.jpg 1058w, https:\/\/www.magna.org\/sk\/wp-content\/uploads\/2025\/03\/sk.magna.org-2-percenta-z-dane-r0005208-2-1-1920x1920.jpg 1920w, https:\/\/www.magna.org\/sk\/wp-content\/uploads\/2025\/03\/sk.magna.org-2-percenta-z-dane-r0005208-2-1-468x468.jpg 468w, https:\/\/www.magna.org\/sk\/wp-content\/uploads\/2025\/03\/sk.magna.org-2-percenta-z-dane-r0005208-2-1.jpg 2048w\" sizes=\"auto, (max-width: 1024px) 100vw, 1024px\" \/><\/figure>\n<\/div><\/div>\n\n<section class=\"s-support hc-section-space--normal\">\n    <div class=\"s-support__header\">\n        <h1 class=\"s-support__title\">Ostatn\u00e9 formy pomoci<\/h1>\n        <div class=\"s-support__intro\">\n            <section class=\"s-support hc-section-space--normal\">\n<div class=\"s-support__header\">\n<div class=\"s-support__intro\">\n<p>Ni\u017e\u0161ie si m\u00f4\u017eete pre\u010d\u00edta\u0165 o in\u00fdch sp\u00f4soboch darovania alebo vypl\u0148te n\u00e1\u0161 <a href=\"https:\/\/dar.magna.org\/dar\/\">formul\u00e1r na darovanie<\/a>, aby ste mohli prispie\u0165 jednorazovo alebo mesa\u010dne.<\/p>\n<\/div>\n<\/div>\n<div class=\"s-support__content\">\n<div class=\"s-support__items\"><\/div>\n<\/div>\n<\/section>\n<section class=\"s-articles s-articles--2 s-articles--container\">\n<div class=\"s-articles__inner\">\n<h2 class=\"s-articles__title\"><\/h2>\n<div class=\"s-articles__content\">\n<div class=\"s-articles__items\">\n<div class=\"s-articles__item\">\n<article class=\"a-job\">\n<div class=\"a-job__image\"><\/div>\n<\/article>\n<\/div>\n<\/div>\n<\/div>\n<\/div>\n<\/section>\n\n        <\/div>\n    <\/div>\n    <div class=\"s-support__content\">\n        <div class=\"s-support__items\">\n        <\/div>\n    <\/div>\n<\/section>\n\n<section class=\"s-articles s-articles--2 s-articles--container\">\n    <div class=\"s-articles__inner\">\n        <h2 class=\"s-articles__title\"><\/h2>\n        <div class=\"s-articles__content\">\n            <div class=\"s-articles__items\">\n                <div class=\"s-articles__item\">\n                    <article class=\"a-job\">\n    <a href=\"https:\/\/dar.magna.org\/dar\/\" class=\"a-job__link\" target=\"\"><\/a>\n    <div class=\"a-job__image\">\n        <div class=\"a-job__img\" style=\"background-image:url('https:\/\/www.magna.org\/sk\/wp-content\/uploads\/2022\/11\/homepage-nepal-mb2015010g1914.jpg');\"><\/div>\n    <\/div>\n    <div class=\"a-job__content\">\n        <h3 class=\"a-job__title\">Chcem prispie\u0165 teraz<\/h3>\n    <\/div>\n<\/article>\n                <\/div>\n                <div class=\"s-articles__item\">\n                    <article class=\"a-job\">\n    <a href=\"https:\/\/www.magna.org\/sk\/ako-darovat\/stante-sa-pravidelnym-darcom\/\" class=\"a-job__link\" target=\"\"><\/a>\n    <div class=\"a-job__image\">\n        <div class=\"a-job__img\" style=\"background-image:url('https:\/\/www.magna.org\/sk\/wp-content\/uploads\/2022\/11\/homepage-nikaragua-mb2010010g0330.jpg');\"><\/div>\n    <\/div>\n    <div class=\"a-job__content\">\n        <h3 class=\"a-job__title\">Pomaham ka\u017ed\u00fd mesiac<\/h3>\n    <\/div>\n<\/article>\n                <\/div>\n                <div class=\"s-articles__item\">\n                    <article class=\"a-job\">\n    <a href=\"https:\/\/www.magna.org\/sk\/ako-darovat\/firmy-a-nadacie\/podporte-konkretny-humanitarny-projekt\/\" class=\"a-job__link\" target=\"\"><\/a>\n    <div class=\"a-job__image\">\n        <div class=\"a-job__img\" style=\"background-image:url('https:\/\/www.magna.org\/sk\/wp-content\/uploads\/2022\/12\/magna_kambodza_sok_mb201405g1471-752x500.jpg');\"><\/div>\n    <\/div>\n    <div class=\"a-job__content\">\n        <h3 class=\"a-job__title\">Podpori\u0165 konkr\u00e9tny projekt<\/h3>\n    <\/div>\n<\/article>\n                <\/div>\n                <div class=\"s-articles__item\">\n                    <article class=\"a-job\">\n    <a href=\"https:\/\/www.magna.org\/sk\/ako-darovat\/darujte-vkladom-na-ucet\/\" class=\"a-job__link\" target=\"\"><\/a>\n    <div class=\"a-job__image\">\n        <div class=\"a-job__img\" style=\"background-image:url('https:\/\/www.magna.org\/sk\/wp-content\/uploads\/2022\/12\/photo_syria-campaign_magna-in-the-field_.jpg');\"><\/div>\n    <\/div>\n    <div class=\"a-job__content\">\n        <h3 class=\"a-job__title\">Vklad na \u00fa\u010det<\/h3>\n    <\/div>\n<\/article>\n                <\/div>\n            <\/div>\n        <\/div>\n    <\/div>\n<\/section>","protected":false},"excerpt":{"rendered":"","protected":false},"author":2,"featured_media":0,"parent":862,"menu_order":0,"comment_status":"closed","ping_status":"closed","template":"page-full.php","meta":{"_acf_changed":false,"inline_featured_image":false,"footnotes":""},"class_list":["post-16458","page","type-page","status-publish","hentry"],"acf":[],"yoast_head":"<!-- This site is optimized with the Yoast SEO plugin v24.3 - https:\/\/yoast.com\/wordpress\/plugins\/seo\/ -->\n<title>2 percent\u00e1 z dane<\/title>\n<meta name=\"description\" content=\"Pre v\u00e1s 2% z dane neznamenaj\u00fa \u017eiadny v\u00fddavok a pritom s nimi m\u00f4\u017eete pom\u00f4c\u0165 zachr\u00e1ni\u0165 \u017eivot.\" \/>\n<meta name=\"robots\" content=\"index, follow, max-snippet:-1, max-image-preview:large, max-video-preview:-1\" \/>\n<link rel=\"canonical\" href=\"https:\/\/www.magna.org\/sk\/ako-darovat\/2-percenta-z-dane\/\" \/>\n<meta property=\"og:locale\" content=\"en_US\" \/>\n<meta property=\"og:type\" content=\"article\" \/>\n<meta property=\"og:title\" content=\"2 percent\u00e1 z dane\" \/>\n<meta property=\"og:description\" content=\"Pre v\u00e1s 2 percent\u00e1 z dane neznamenaj\u00fa \u017eiadny v\u00fddavok a pritom s nimi m\u00f4\u017eete pom\u00f4c\u0165 zachr\u00e1ni\u0165 \u017eivot\" \/>\n<meta property=\"og:url\" content=\"https:\/\/www.magna.org\/sk\/ako-darovat\/2-percenta-z-dane\/\" \/>\n<meta property=\"og:site_name\" content=\"Magna\" \/>\n<meta property=\"article:modified_time\" content=\"2026-03-03T17:08:24+00:00\" \/>\n<meta property=\"og:image\" content=\"https:\/\/www.magna.org\/sk\/wp-content\/uploads\/2025\/03\/sk.magna.org-2-percenta-z-dane-r0005208-2-1.jpg\" \/>\n\t<meta property=\"og:image:width\" content=\"2048\" \/>\n\t<meta property=\"og:image:height\" content=\"2048\" \/>\n\t<meta property=\"og:image:type\" content=\"image\/jpeg\" \/>\n<meta name=\"twitter:card\" content=\"summary_large_image\" \/>\n<meta name=\"twitter:title\" content=\"2 percent\u00e1 z dane\" \/>\n<meta name=\"twitter:description\" content=\"Pre v\u00e1s 2 percent\u00e1 z dane neznamenaj\u00fa \u017eiadny v\u00fddavok a pritom s nimi m\u00f4\u017eete pom\u00f4c\u0165 zachr\u00e1ni\u0165 \u017eivot\" \/>\n<meta name=\"twitter:image\" content=\"https:\/\/www.magna.org\/sk\/wp-content\/uploads\/2025\/03\/sk.magna.org-2-percenta-z-dane-r0005208-2-1.jpg\" \/>\n<meta name=\"twitter:label1\" content=\"Est. reading time\" \/>\n\t<meta name=\"twitter:data1\" content=\"1 minute\" \/>\n<script type=\"application\/ld+json\" class=\"yoast-schema-graph\">{\"@context\":\"https:\/\/schema.org\",\"@graph\":[{\"@type\":\"WebPage\",\"@id\":\"https:\/\/www.magna.org\/sk\/ako-darovat\/2-percenta-z-dane\/\",\"url\":\"https:\/\/www.magna.org\/sk\/ako-darovat\/2-percenta-z-dane\/\",\"name\":\"2 percent\u00e1 z dane\",\"isPartOf\":{\"@id\":\"https:\/\/www.magna.org\/sk\/#website\"},\"primaryImageOfPage\":{\"@id\":\"https:\/\/www.magna.org\/sk\/ako-darovat\/2-percenta-z-dane\/#primaryimage\"},\"image\":{\"@id\":\"https:\/\/www.magna.org\/sk\/ako-darovat\/2-percenta-z-dane\/#primaryimage\"},\"thumbnailUrl\":\"https:\/\/www.magna.org\/sk\/wp-content\/uploads\/2025\/03\/sk.magna.org-2-percenta-z-dane-r0005208-2-1-1024x1024.jpg\",\"datePublished\":\"2025-03-12T09:05:17+00:00\",\"dateModified\":\"2026-03-03T17:08:24+00:00\",\"description\":\"Pre v\u00e1s 2% z dane neznamenaj\u00fa \u017eiadny v\u00fddavok a pritom s nimi m\u00f4\u017eete pom\u00f4c\u0165 zachr\u00e1ni\u0165 \u017eivot.\",\"breadcrumb\":{\"@id\":\"https:\/\/www.magna.org\/sk\/ako-darovat\/2-percenta-z-dane\/#breadcrumb\"},\"inLanguage\":\"en-US\",\"potentialAction\":[{\"@type\":\"ReadAction\",\"target\":[\"https:\/\/www.magna.org\/sk\/ako-darovat\/2-percenta-z-dane\/\"]}]},{\"@type\":\"ImageObject\",\"inLanguage\":\"en-US\",\"@id\":\"https:\/\/www.magna.org\/sk\/ako-darovat\/2-percenta-z-dane\/#primaryimage\",\"url\":\"https:\/\/www.magna.org\/sk\/wp-content\/uploads\/2025\/03\/sk.magna.org-2-percenta-z-dane-r0005208-2-1.jpg\",\"contentUrl\":\"https:\/\/www.magna.org\/sk\/wp-content\/uploads\/2025\/03\/sk.magna.org-2-percenta-z-dane-r0005208-2-1.jpg\",\"width\":2048,\"height\":2048},{\"@type\":\"BreadcrumbList\",\"@id\":\"https:\/\/www.magna.org\/sk\/ako-darovat\/2-percenta-z-dane\/#breadcrumb\",\"itemListElement\":[{\"@type\":\"ListItem\",\"position\":1,\"name\":\"Home\",\"item\":\"https:\/\/www.magna.org\/sk\/\"},{\"@type\":\"ListItem\",\"position\":2,\"name\":\"Ako darova\u0165\",\"item\":\"https:\/\/www.magna.org\/sk\/ako-darovat\/\"},{\"@type\":\"ListItem\",\"position\":3,\"name\":\"2 percent\u00e1 z dane\"}]},{\"@type\":\"WebSite\",\"@id\":\"https:\/\/www.magna.org\/sk\/#website\",\"url\":\"https:\/\/www.magna.org\/sk\/\",\"name\":\"Magna\",\"description\":\"Just another WordPress site\",\"potentialAction\":[{\"@type\":\"SearchAction\",\"target\":{\"@type\":\"EntryPoint\",\"urlTemplate\":\"https:\/\/www.magna.org\/sk\/?s={search_term_string}\"},\"query-input\":{\"@type\":\"PropertyValueSpecification\",\"valueRequired\":true,\"valueName\":\"search_term_string\"}}],\"inLanguage\":\"en-US\"}]}<\/script>\n<!-- \/ Yoast SEO plugin. -->","yoast_head_json":{"title":"2 percent\u00e1 z dane","description":"Pre v\u00e1s 2% z dane neznamenaj\u00fa \u017eiadny v\u00fddavok a pritom s nimi m\u00f4\u017eete pom\u00f4c\u0165 zachr\u00e1ni\u0165 \u017eivot.","robots":{"index":"index","follow":"follow","max-snippet":"max-snippet:-1","max-image-preview":"max-image-preview:large","max-video-preview":"max-video-preview:-1"},"canonical":"https:\/\/www.magna.org\/sk\/ako-darovat\/2-percenta-z-dane\/","og_locale":"en_US","og_type":"article","og_title":"2 percent\u00e1 z dane","og_description":"Pre v\u00e1s 2 percent\u00e1 z dane neznamenaj\u00fa \u017eiadny v\u00fddavok a pritom s nimi m\u00f4\u017eete pom\u00f4c\u0165 zachr\u00e1ni\u0165 \u017eivot","og_url":"https:\/\/www.magna.org\/sk\/ako-darovat\/2-percenta-z-dane\/","og_site_name":"Magna","article_modified_time":"2026-03-03T17:08:24+00:00","og_image":[{"width":2048,"height":2048,"url":"https:\/\/www.magna.org\/sk\/wp-content\/uploads\/2025\/03\/sk.magna.org-2-percenta-z-dane-r0005208-2-1.jpg","type":"image\/jpeg"}],"twitter_card":"summary_large_image","twitter_title":"2 percent\u00e1 z dane","twitter_description":"Pre v\u00e1s 2 percent\u00e1 z dane neznamenaj\u00fa \u017eiadny v\u00fddavok a pritom s nimi m\u00f4\u017eete pom\u00f4c\u0165 zachr\u00e1ni\u0165 \u017eivot","twitter_image":"https:\/\/www.magna.org\/sk\/wp-content\/uploads\/2025\/03\/sk.magna.org-2-percenta-z-dane-r0005208-2-1.jpg","twitter_misc":{"Est. reading time":"1 minute"},"schema":{"@context":"https:\/\/schema.org","@graph":[{"@type":"WebPage","@id":"https:\/\/www.magna.org\/sk\/ako-darovat\/2-percenta-z-dane\/","url":"https:\/\/www.magna.org\/sk\/ako-darovat\/2-percenta-z-dane\/","name":"2 percent\u00e1 z dane","isPartOf":{"@id":"https:\/\/www.magna.org\/sk\/#website"},"primaryImageOfPage":{"@id":"https:\/\/www.magna.org\/sk\/ako-darovat\/2-percenta-z-dane\/#primaryimage"},"image":{"@id":"https:\/\/www.magna.org\/sk\/ako-darovat\/2-percenta-z-dane\/#primaryimage"},"thumbnailUrl":"https:\/\/www.magna.org\/sk\/wp-content\/uploads\/2025\/03\/sk.magna.org-2-percenta-z-dane-r0005208-2-1-1024x1024.jpg","datePublished":"2025-03-12T09:05:17+00:00","dateModified":"2026-03-03T17:08:24+00:00","description":"Pre v\u00e1s 2% z dane neznamenaj\u00fa \u017eiadny v\u00fddavok a pritom s nimi m\u00f4\u017eete pom\u00f4c\u0165 zachr\u00e1ni\u0165 \u017eivot.","breadcrumb":{"@id":"https:\/\/www.magna.org\/sk\/ako-darovat\/2-percenta-z-dane\/#breadcrumb"},"inLanguage":"en-US","potentialAction":[{"@type":"ReadAction","target":["https:\/\/www.magna.org\/sk\/ako-darovat\/2-percenta-z-dane\/"]}]},{"@type":"ImageObject","inLanguage":"en-US","@id":"https:\/\/www.magna.org\/sk\/ako-darovat\/2-percenta-z-dane\/#primaryimage","url":"https:\/\/www.magna.org\/sk\/wp-content\/uploads\/2025\/03\/sk.magna.org-2-percenta-z-dane-r0005208-2-1.jpg","contentUrl":"https:\/\/www.magna.org\/sk\/wp-content\/uploads\/2025\/03\/sk.magna.org-2-percenta-z-dane-r0005208-2-1.jpg","width":2048,"height":2048},{"@type":"BreadcrumbList","@id":"https:\/\/www.magna.org\/sk\/ako-darovat\/2-percenta-z-dane\/#breadcrumb","itemListElement":[{"@type":"ListItem","position":1,"name":"Home","item":"https:\/\/www.magna.org\/sk\/"},{"@type":"ListItem","position":2,"name":"Ako darova\u0165","item":"https:\/\/www.magna.org\/sk\/ako-darovat\/"},{"@type":"ListItem","position":3,"name":"2 percent\u00e1 z dane"}]},{"@type":"WebSite","@id":"https:\/\/www.magna.org\/sk\/#website","url":"https:\/\/www.magna.org\/sk\/","name":"Magna","description":"Just another WordPress site","potentialAction":[{"@type":"SearchAction","target":{"@type":"EntryPoint","urlTemplate":"https:\/\/www.magna.org\/sk\/?s={search_term_string}"},"query-input":{"@type":"PropertyValueSpecification","valueRequired":true,"valueName":"search_term_string"}}],"inLanguage":"en-US"}]}},"_links":{"self":[{"href":"https:\/\/www.magna.org\/sk\/wp-json\/wp\/v2\/pages\/16458","targetHints":{"allow":["GET"]}}],"collection":[{"href":"https:\/\/www.magna.org\/sk\/wp-json\/wp\/v2\/pages"}],"about":[{"href":"https:\/\/www.magna.org\/sk\/wp-json\/wp\/v2\/types\/page"}],"author":[{"embeddable":true,"href":"https:\/\/www.magna.org\/sk\/wp-json\/wp\/v2\/users\/2"}],"replies":[{"embeddable":true,"href":"https:\/\/www.magna.org\/sk\/wp-json\/wp\/v2\/comments?post=16458"}],"version-history":[{"count":36,"href":"https:\/\/www.magna.org\/sk\/wp-json\/wp\/v2\/pages\/16458\/revisions"}],"predecessor-version":[{"id":17315,"href":"https:\/\/www.magna.org\/sk\/wp-json\/wp\/v2\/pages\/16458\/revisions\/17315"}],"up":[{"embeddable":true,"href":"https:\/\/www.magna.org\/sk\/wp-json\/wp\/v2\/pages\/862"}],"wp:attachment":[{"href":"https:\/\/www.magna.org\/sk\/wp-json\/wp\/v2\/media?parent=16458"}],"curies":[{"name":"wp","href":"https:\/\/api.w.org\/{rel}","templated":true}]}}