{"id":1722,"date":"2022-10-19T18:45:56","date_gmt":"2022-10-19T18:45:56","guid":{"rendered":"https:\/\/www.magna.org\/sk\/?page_id=1722"},"modified":"2025-12-15T13:58:15","modified_gmt":"2025-12-15T13:58:15","slug":"darujte-vkladom-na-ucet","status":"publish","type":"page","link":"https:\/\/www.magna.org\/sk\/ako-darovat\/darujte-vkladom-na-ucet\/","title":{"rendered":"Darujte vkladom na \u00fa\u010det"},"content":{"rendered":"<section class=\"s-support hc-section-space--normal\">\n    <div class=\"s-support__header\">\n        <h1 class=\"s-support__title\">Darujte vkladom na \u00fa\u010det<\/h1>\n        <div class=\"s-support__intro\">\n            <p>Tu n\u00e1jdete na\u0161e v\u0161etky zbierkov\u00e9 bankov\u00e9 \u00fa\u010dty.<\/p>\n\n        <\/div>\n    <\/div>\n    <div class=\"s-support__content\">\n        <div class=\"s-support__items\">\n        <\/div>\n    <\/div>\n<\/section>\n\n<section class=\"s-home-hero s-home-hero--white hc-section-space--normal\">\n    <div class=\"s-home-hero__inner\">\n        <div class=\"s-home-hero__media\">\n            <img loading=\"lazy\" decoding=\"async\" width=\"698\" height=\"524\" src=\"https:\/\/www.magna.org\/sk\/wp-content\/uploads\/2022\/11\/homepage-zdravie-matky-mb201811g0014-698x524.jpg\" class=\"attachment-magna-hero size-magna-hero\" alt=\"\" srcset=\"https:\/\/www.magna.org\/sk\/wp-content\/uploads\/2022\/11\/homepage-zdravie-matky-mb201811g0014-698x524.jpg 698w, https:\/\/www.magna.org\/sk\/wp-content\/uploads\/2022\/11\/homepage-zdravie-matky-mb201811g0014-1396x1048.jpg 1396w\" sizes=\"auto, (max-width: 698px) 100vw, 698px\" \/>\n        <\/div>\n        <div class=\"s-home-hero__content\">\n            <h2 class=\"s-home-hero__title\">Kam posiela\u0165 pr\u00edspevky?<\/h2>\n            <div class=\"s-home-hero__text\">\n                <p>\u010eakujeme, \u017ee aj v\u010faka va\u0161ej finan\u010dnej podpore m\u00f4\u017eeme lie\u010di\u0165 deti a ich rodiny v kr\u00edzov\u00fdch oblastiach sveta.. Va\u0161e pr\u00edspevky n\u00e1m m\u00f4\u017eete posiela\u0165 aj bez akejko\u013evek predch\u00e1dzaj\u00facej registr\u00e1cie na jeden z nasleduj\u00facich bankov\u00fdch \u00fa\u010dtov.<\/p>\n            <\/div>\n        <\/div>\n    <\/div>\n<\/section>\n\n<section class=\"s-faq hc-section-space--normal\">\n    <div class=\"s-faq__inner\">\n        <h2 class=\"s-faq__title\">ZBIERKOV\u00c9 \u00da\u010cTY<\/h2>\n        <div class=\"s-faq__items js-accordion\">\n                <h3 class=\"s-faq__question js-accordion__title\">HLAVN\u00dd DARCOVSK\u00dd \u00da\u010cET<\/h3>\n                <div class=\"s-faq__answer\">\n                    <p>Peniaze, ktor\u00e9 vyberieme na tento \u00fa\u010det, pou\u017eijeme pod\u013ea potreby na pomoc \u013eu\u010fom v r\u00f4znych krajin\u00e1ch a kr\u00edzach po celom svete. V\u010faka darom zaslan\u00fdm na tento \u00fa\u010det sme pripraven\u00ed zasahova\u0165 v\u0161ade, kde je to potrebn\u00e9. A z\u00e1rove\u0148 m\u00f4\u017eeme financova\u0165 dlhodob\u00e9 projekty v zanedb\u00e1van\u00fdch kr\u00edzach.<\/p>\n<p><strong>UniCredit Bank Slovakia<br \/>\nIBAN: SK87 1111 0000 00133 179 3900<br \/>\nSWIFT: UNCRSKBX<\/strong><\/p>\n\n                <\/div>\n                <h3 class=\"s-faq__question js-accordion__title\">FOND URGENTNEJ POMOCI<\/h3>\n                <div class=\"s-faq__answer\">\n                    <p>Dary, ktor\u00e9 po\u0161lete do Fondu urgentnej pomoci v r\u00e1mci verejnej zbierky vyu\u017e\u00edvame len za \u00fa\u010delom okam\u017eite zasiahnu\u0165 a pom\u00f4c\u0165 postihnut\u00e9mu miestnemu obyvate\u013estvu v pr\u00edpade n\u00fadzovej situ\u00e1cie.<\/p>\n<p><!-- wp:paragraph --><\/p>\n<p><strong>Tatra banka a.s.<\/strong><br \/>\n<strong>IBAN: SK58 1100 0000 0029 4300 4292<\/strong><br \/>\n<strong>SWIFT: TATRSKBX<\/strong><\/p>\n<p><!-- \/wp:paragraph --> <!-- wp:paragraph --><\/p>\n<p><em><a href=\"https:\/\/www.magna.org\/sk\/wp-content\/uploads\/2025\/12\/sk-vz-12-2025-11-2026-vz-12-2025-11-2026.pdf\">Verejn\u00e1 zbierka<\/a> je registrovan\u00e1 na Ministerstve vn\u00fatra SR pod spisov\u00fdm \u010d\u00edslom <\/em>SVS-OVS2-2025\/048356-004<em>. Zbierka sa kon\u00e1 od 03.12.2025 do 19.11.2026 na \u00fazem\u00ed Slovenskej repubiky a je ur\u010den\u00e1 pre humanit\u00e1rnu pomoc mimo \u00fazemia SR.<\/em><\/p>\n<p><!-- \/wp:paragraph --><\/p>\n\n                <\/div>\n        <\/div>\n    <\/div>\n<\/section>\n\n<section class=\"s-support hc-section-space--normal\">\n    <div class=\"s-support__header\">\n        <h1 class=\"s-support__title\">M\u00e1te \u010fa\u013e\u0161ie ot\u00e1zky?\u00a0<\/h1>\n        <div class=\"s-support__intro\">\n            <p>Zavolajte na <a href=\"http:\/\/+421 917 827 827\">+421 917 827 827<\/a> alebo po\u0161lite e-mail na <a href=\"mailto:dar@magna.org\">dar@magna.org<\/a> a my v\u00e1m radi pom\u00f4\u017eeme.<\/p>\n\n        <\/div>\n    <\/div>\n    <div class=\"s-support__content\">\n        <div class=\"s-support__items\">\n        <\/div>\n    <\/div>\n<\/section>","protected":false},"excerpt":{"rendered":"","protected":false},"author":2,"featured_media":780,"parent":862,"menu_order":1,"comment_status":"closed","ping_status":"closed","template":"page-full.php","meta":{"_acf_changed":false,"inline_featured_image":false,"footnotes":""},"class_list":["post-1722","page","type-page","status-publish","has-post-thumbnail","hentry"],"acf":[],"yoast_head":"<!-- This site is optimized with the Yoast SEO plugin v24.3 - https:\/\/yoast.com\/wordpress\/plugins\/seo\/ -->\n<title>Darujte vkladom na \u00fa\u010det<\/title>\n<meta name=\"description\" content=\"Va\u0161e pr\u00edspevky n\u00e1m m\u00f4\u017eete posiela\u0165 aj bez akejko\u013evek predch\u00e1dzaj\u00facej registr\u00e1cie na jeden z nasleduj\u00facich bankov\u00fdch \u00fa\u010dtov.\" \/>\n<meta name=\"robots\" content=\"index, follow, max-snippet:-1, max-image-preview:large, max-video-preview:-1\" \/>\n<link rel=\"canonical\" href=\"https:\/\/www.magna.org\/sk\/ako-darovat\/darujte-vkladom-na-ucet\/\" \/>\n<meta property=\"og:locale\" content=\"en_US\" \/>\n<meta property=\"og:type\" content=\"article\" \/>\n<meta property=\"og:title\" content=\"Darujte vkladom na \u00fa\u010det\" \/>\n<meta property=\"og:description\" content=\"Va\u0161e pr\u00edspevky n\u00e1m m\u00f4\u017eete posiela\u0165 aj bez akejko\u013evek predch\u00e1dzaj\u00facej registr\u00e1cie na jeden z nasleduj\u00facich bankov\u00fdch \u00fa\u010dtov.\" \/>\n<meta property=\"og:url\" content=\"https:\/\/www.magna.org\/sk\/ako-darovat\/darujte-vkladom-na-ucet\/\" \/>\n<meta property=\"og:site_name\" content=\"Magna\" \/>\n<meta property=\"article:modified_time\" content=\"2025-12-15T13:58:15+00:00\" \/>\n<meta property=\"og:image\" content=\"https:\/\/www.magna.org\/sk\/wp-content\/uploads\/2022\/09\/homepage-kto-sme-mb2010010g0744-scaled-e1669891224183.jpg\" \/>\n\t<meta property=\"og:image:width\" content=\"2560\" \/>\n\t<meta property=\"og:image:height\" content=\"1266\" \/>\n\t<meta property=\"og:image:type\" content=\"image\/jpeg\" \/>\n<meta name=\"twitter:card\" content=\"summary_large_image\" \/>\n<meta name=\"twitter:label1\" content=\"Est. reading time\" \/>\n\t<meta name=\"twitter:data1\" content=\"1 minute\" \/>\n<script type=\"application\/ld+json\" class=\"yoast-schema-graph\">{\"@context\":\"https:\/\/schema.org\",\"@graph\":[{\"@type\":\"WebPage\",\"@id\":\"https:\/\/www.magna.org\/sk\/ako-darovat\/darujte-vkladom-na-ucet\/\",\"url\":\"https:\/\/www.magna.org\/sk\/ako-darovat\/darujte-vkladom-na-ucet\/\",\"name\":\"Darujte vkladom na \u00fa\u010det\",\"isPartOf\":{\"@id\":\"https:\/\/www.magna.org\/sk\/#website\"},\"primaryImageOfPage\":{\"@id\":\"https:\/\/www.magna.org\/sk\/ako-darovat\/darujte-vkladom-na-ucet\/#primaryimage\"},\"image\":{\"@id\":\"https:\/\/www.magna.org\/sk\/ako-darovat\/darujte-vkladom-na-ucet\/#primaryimage\"},\"thumbnailUrl\":\"https:\/\/www.magna.org\/sk\/wp-content\/uploads\/2022\/09\/homepage-kto-sme-mb2010010g0744-scaled-e1669891224183.jpg\",\"datePublished\":\"2022-10-19T18:45:56+00:00\",\"dateModified\":\"2025-12-15T13:58:15+00:00\",\"description\":\"Va\u0161e pr\u00edspevky n\u00e1m m\u00f4\u017eete posiela\u0165 aj bez akejko\u013evek predch\u00e1dzaj\u00facej registr\u00e1cie na jeden z nasleduj\u00facich bankov\u00fdch \u00fa\u010dtov.\",\"breadcrumb\":{\"@id\":\"https:\/\/www.magna.org\/sk\/ako-darovat\/darujte-vkladom-na-ucet\/#breadcrumb\"},\"inLanguage\":\"en-US\",\"potentialAction\":[{\"@type\":\"ReadAction\",\"target\":[\"https:\/\/www.magna.org\/sk\/ako-darovat\/darujte-vkladom-na-ucet\/\"]}]},{\"@type\":\"ImageObject\",\"inLanguage\":\"en-US\",\"@id\":\"https:\/\/www.magna.org\/sk\/ako-darovat\/darujte-vkladom-na-ucet\/#primaryimage\",\"url\":\"https:\/\/www.magna.org\/sk\/wp-content\/uploads\/2022\/09\/homepage-kto-sme-mb2010010g0744-scaled-e1669891224183.jpg\",\"contentUrl\":\"https:\/\/www.magna.org\/sk\/wp-content\/uploads\/2022\/09\/homepage-kto-sme-mb2010010g0744-scaled-e1669891224183.jpg\",\"width\":2560,\"height\":1266},{\"@type\":\"BreadcrumbList\",\"@id\":\"https:\/\/www.magna.org\/sk\/ako-darovat\/darujte-vkladom-na-ucet\/#breadcrumb\",\"itemListElement\":[{\"@type\":\"ListItem\",\"position\":1,\"name\":\"Home\",\"item\":\"https:\/\/www.magna.org\/sk\/\"},{\"@type\":\"ListItem\",\"position\":2,\"name\":\"Ako darova\u0165\",\"item\":\"https:\/\/www.magna.org\/sk\/ako-darovat\/\"},{\"@type\":\"ListItem\",\"position\":3,\"name\":\"Darujte vkladom na \u00fa\u010det\"}]},{\"@type\":\"WebSite\",\"@id\":\"https:\/\/www.magna.org\/sk\/#website\",\"url\":\"https:\/\/www.magna.org\/sk\/\",\"name\":\"Magna\",\"description\":\"Just another WordPress site\",\"potentialAction\":[{\"@type\":\"SearchAction\",\"target\":{\"@type\":\"EntryPoint\",\"urlTemplate\":\"https:\/\/www.magna.org\/sk\/?s={search_term_string}\"},\"query-input\":{\"@type\":\"PropertyValueSpecification\",\"valueRequired\":true,\"valueName\":\"search_term_string\"}}],\"inLanguage\":\"en-US\"}]}<\/script>\n<!-- \/ Yoast SEO plugin. -->","yoast_head_json":{"title":"Darujte vkladom na \u00fa\u010det","description":"Va\u0161e pr\u00edspevky n\u00e1m m\u00f4\u017eete posiela\u0165 aj bez akejko\u013evek predch\u00e1dzaj\u00facej registr\u00e1cie na jeden z nasleduj\u00facich bankov\u00fdch \u00fa\u010dtov.","robots":{"index":"index","follow":"follow","max-snippet":"max-snippet:-1","max-image-preview":"max-image-preview:large","max-video-preview":"max-video-preview:-1"},"canonical":"https:\/\/www.magna.org\/sk\/ako-darovat\/darujte-vkladom-na-ucet\/","og_locale":"en_US","og_type":"article","og_title":"Darujte vkladom na \u00fa\u010det","og_description":"Va\u0161e pr\u00edspevky n\u00e1m m\u00f4\u017eete posiela\u0165 aj bez akejko\u013evek predch\u00e1dzaj\u00facej registr\u00e1cie na jeden z nasleduj\u00facich bankov\u00fdch \u00fa\u010dtov.","og_url":"https:\/\/www.magna.org\/sk\/ako-darovat\/darujte-vkladom-na-ucet\/","og_site_name":"Magna","article_modified_time":"2025-12-15T13:58:15+00:00","og_image":[{"width":2560,"height":1266,"url":"https:\/\/www.magna.org\/sk\/wp-content\/uploads\/2022\/09\/homepage-kto-sme-mb2010010g0744-scaled-e1669891224183.jpg","type":"image\/jpeg"}],"twitter_card":"summary_large_image","twitter_misc":{"Est. reading time":"1 minute"},"schema":{"@context":"https:\/\/schema.org","@graph":[{"@type":"WebPage","@id":"https:\/\/www.magna.org\/sk\/ako-darovat\/darujte-vkladom-na-ucet\/","url":"https:\/\/www.magna.org\/sk\/ako-darovat\/darujte-vkladom-na-ucet\/","name":"Darujte vkladom na \u00fa\u010det","isPartOf":{"@id":"https:\/\/www.magna.org\/sk\/#website"},"primaryImageOfPage":{"@id":"https:\/\/www.magna.org\/sk\/ako-darovat\/darujte-vkladom-na-ucet\/#primaryimage"},"image":{"@id":"https:\/\/www.magna.org\/sk\/ako-darovat\/darujte-vkladom-na-ucet\/#primaryimage"},"thumbnailUrl":"https:\/\/www.magna.org\/sk\/wp-content\/uploads\/2022\/09\/homepage-kto-sme-mb2010010g0744-scaled-e1669891224183.jpg","datePublished":"2022-10-19T18:45:56+00:00","dateModified":"2025-12-15T13:58:15+00:00","description":"Va\u0161e pr\u00edspevky n\u00e1m m\u00f4\u017eete posiela\u0165 aj bez akejko\u013evek predch\u00e1dzaj\u00facej registr\u00e1cie na jeden z nasleduj\u00facich bankov\u00fdch \u00fa\u010dtov.","breadcrumb":{"@id":"https:\/\/www.magna.org\/sk\/ako-darovat\/darujte-vkladom-na-ucet\/#breadcrumb"},"inLanguage":"en-US","potentialAction":[{"@type":"ReadAction","target":["https:\/\/www.magna.org\/sk\/ako-darovat\/darujte-vkladom-na-ucet\/"]}]},{"@type":"ImageObject","inLanguage":"en-US","@id":"https:\/\/www.magna.org\/sk\/ako-darovat\/darujte-vkladom-na-ucet\/#primaryimage","url":"https:\/\/www.magna.org\/sk\/wp-content\/uploads\/2022\/09\/homepage-kto-sme-mb2010010g0744-scaled-e1669891224183.jpg","contentUrl":"https:\/\/www.magna.org\/sk\/wp-content\/uploads\/2022\/09\/homepage-kto-sme-mb2010010g0744-scaled-e1669891224183.jpg","width":2560,"height":1266},{"@type":"BreadcrumbList","@id":"https:\/\/www.magna.org\/sk\/ako-darovat\/darujte-vkladom-na-ucet\/#breadcrumb","itemListElement":[{"@type":"ListItem","position":1,"name":"Home","item":"https:\/\/www.magna.org\/sk\/"},{"@type":"ListItem","position":2,"name":"Ako darova\u0165","item":"https:\/\/www.magna.org\/sk\/ako-darovat\/"},{"@type":"ListItem","position":3,"name":"Darujte vkladom na \u00fa\u010det"}]},{"@type":"WebSite","@id":"https:\/\/www.magna.org\/sk\/#website","url":"https:\/\/www.magna.org\/sk\/","name":"Magna","description":"Just another WordPress site","potentialAction":[{"@type":"SearchAction","target":{"@type":"EntryPoint","urlTemplate":"https:\/\/www.magna.org\/sk\/?s={search_term_string}"},"query-input":{"@type":"PropertyValueSpecification","valueRequired":true,"valueName":"search_term_string"}}],"inLanguage":"en-US"}]}},"_links":{"self":[{"href":"https:\/\/www.magna.org\/sk\/wp-json\/wp\/v2\/pages\/1722","targetHints":{"allow":["GET"]}}],"collection":[{"href":"https:\/\/www.magna.org\/sk\/wp-json\/wp\/v2\/pages"}],"about":[{"href":"https:\/\/www.magna.org\/sk\/wp-json\/wp\/v2\/types\/page"}],"author":[{"embeddable":true,"href":"https:\/\/www.magna.org\/sk\/wp-json\/wp\/v2\/users\/2"}],"replies":[{"embeddable":true,"href":"https:\/\/www.magna.org\/sk\/wp-json\/wp\/v2\/comments?post=1722"}],"version-history":[{"count":110,"href":"https:\/\/www.magna.org\/sk\/wp-json\/wp\/v2\/pages\/1722\/revisions"}],"predecessor-version":[{"id":17273,"href":"https:\/\/www.magna.org\/sk\/wp-json\/wp\/v2\/pages\/1722\/revisions\/17273"}],"up":[{"embeddable":true,"href":"https:\/\/www.magna.org\/sk\/wp-json\/wp\/v2\/pages\/862"}],"wp:featuredmedia":[{"embeddable":true,"href":"https:\/\/www.magna.org\/sk\/wp-json\/wp\/v2\/media\/780"}],"wp:attachment":[{"href":"https:\/\/www.magna.org\/sk\/wp-json\/wp\/v2\/media?parent=1722"}],"curies":[{"name":"wp","href":"https:\/\/api.w.org\/{rel}","templated":true}]}}