{"id":25,"date":"2022-08-14T21:09:08","date_gmt":"2022-08-14T21:09:08","guid":{"rendered":"http:\/\/localhost\/magna\/2022_magna_homepage\/?page_id=25"},"modified":"2025-11-30T11:43:39","modified_gmt":"2025-11-30T11:43:39","slug":"kto-sme","status":"publish","type":"page","link":"https:\/\/www.magna.org\/sk\/kto-sme\/","title":{"rendered":"Kto sme"},"content":{"rendered":"<section class=\"s-support hc-section-space--normal\">\n    <div class=\"s-support__header\">\n        <h1 class=\"s-support__title\">Kto sme<\/h1>\n        <div class=\"s-support__intro\">\n            <p>Sme MAGNA \u2013 zdravotn\u00edcka humanit\u00e1rna organiz\u00e1cia.<\/p>\n\n        <\/div>\n    <\/div>\n    <div class=\"s-support__content\">\n        <div class=\"s-support__items\">\n        <\/div>\n    <\/div>\n<\/section>\n\n<section class=\"s-home-hero s-home-hero--dark hc-section-space--normal\">\n    <div class=\"s-home-hero__inner\">\n        <div class=\"s-home-hero__media\">\n            <img loading=\"lazy\" decoding=\"async\" width=\"698\" height=\"524\" src=\"https:\/\/www.magna.org\/sk\/wp-content\/uploads\/2023\/10\/www.magna.org-podporte-nas-homepage-kambodza-liecba-deti-s-hivaids-v-takhmau-mb200927g0414-698x524.jpg\" class=\"attachment-magna-hero size-magna-hero\" alt=\"\" srcset=\"https:\/\/www.magna.org\/sk\/wp-content\/uploads\/2023\/10\/www.magna.org-podporte-nas-homepage-kambodza-liecba-deti-s-hivaids-v-takhmau-mb200927g0414-698x524.jpg 698w, https:\/\/www.magna.org\/sk\/wp-content\/uploads\/2023\/10\/www.magna.org-podporte-nas-homepage-kambodza-liecba-deti-s-hivaids-v-takhmau-mb200927g0414-1396x1048.jpg 1396w\" sizes=\"auto, (max-width: 698px) 100vw, 698px\" \/>\n        <\/div>\n        <div class=\"s-home-hero__content\">\n            <h2 class=\"s-home-hero__title\">Sme MAGNA<\/h2>\n            <div class=\"s-home-hero__text\">\n                <p>MAGNA p\u00f4sob\u00ed medzin\u00e1rodne a poskytuje pomoc de\u0165om a ich rodin\u00e1m v n\u00fadzi, vr\u00e1tane obet\u00ed pr\u00edrodn\u00fdch katastrof, vojen a konfliktov. V ter\u00e9ne m\u00e1me lek\u00e1rov, zdravotn\u00edkov, ale i technick\u00fdch a in\u00fdch odborn\u00edkov, ktor\u00ed zais\u0165uj\u00fa humanit\u00e1rnu pomoc a lie\u010dia deti a ich rodiny.<\/p>\n            <\/div>\n        <\/div>\n    <\/div>\n<\/section>\n\n<section class=\"s-faq hc-section-space--normal\">\n    <div class=\"s-faq__inner\">\n        <h2 class=\"s-faq__title\">Na\u0161e princ\u00edpy<\/h2>\n        <div class=\"s-faq__items js-accordion\">\n                <h3 class=\"s-faq__question js-accordion__title\">Sme nez\u00e1visl\u00ed<\/h3>\n                <div class=\"s-faq__answer\">\n                    <p><strong>Na\u0161e rozhodnutie poskytn\u00fa\u0165 pomoc je zalo\u017een\u00e9 na na\u0161om hodnoten\u00ed a potrieb, nez\u00e1visle od politick\u00fdch, ekonomick\u00fdch alebo n\u00e1bo\u017eensk\u00fdch z\u00e1ujmov.<\/strong><\/p>\n<p>Sna\u017e\u00edme sa slobodne vyhodnocova\u0165 potreby, pristupova\u0165 k popul\u00e1cii bez obmedzenia a priamo poskytova\u0165 pomoc. Svoju \u010dinnos\u0165 zaklad\u00e1me na potrebe vo\u013en\u00e9ho pr\u00edstupu k obetiam a plnej nez\u00e1vislosti vo svojich projektoch. Distrib\u00faciu svojich zdrojov realizujeme priamo, aby zaistila, \u017ee zasiahnu v\u00e4\u010d\u0161inu cie\u013eov\u00fdch skup\u00edn obyvate\u013estva.<\/p>\n\n                <\/div>\n                <h3 class=\"s-faq__question js-accordion__title\">Sme nestrann\u00ed<\/h3>\n                <div class=\"s-faq__answer\">\n                    <p><strong>Lie\u010dime a poskytujeme pomoc \u013eu\u010fom pod\u013ea potreby.<\/strong><\/p>\n<p>Nez\u00e1le\u017e\u00ed na tom, z ktorej krajiny s\u00fa, ku ktor\u00e9mu n\u00e1bo\u017eenstvu sa hl\u00e1sia alebo ak\u00fa maj\u00fa politick\u00fa pr\u00edslu\u0161nos\u0165.<\/p>\n<p>Neakceptujeme \u017eiadnu formu diskrimin\u00e1cie na z\u00e1klade rasy, pohlavia, etnick\u00e9ho p\u00f4vodu, n\u00e1bo\u017eenstva, n\u00e1rodnosti, presved\u010denia alebo soci\u00e1lnej triedy.<\/p>\n<p>Uprednost\u0148ujeme t\u00fdch, ktor\u00ed s\u00fa v najv\u00e1\u017enej\u0161om a bezprostrednom nebezpe\u010denstve.<\/p>\n\n                <\/div>\n                <h3 class=\"s-faq__question js-accordion__title\">Sme transparentn\u00ed<\/h3>\n                <div class=\"s-faq__answer\">\n                    <p><strong>MAGNA se zav\u00e4zuje plne a transparentne pristupova\u0165 k svojim pr\u00edjemcom, partnerom a finan\u010dn\u00fdm darcom tak, \u017ee poskytuje pr\u00edstup k inform\u00e1ci\u00e1m o pridelovan\u00ed a spr\u00e1ve finan\u010dn\u00fdch prostriedkov.<\/strong><\/p>\n<p>Organiz\u00e1cia se zav\u00e4zuje zaisti\u0165 v\u0161etky potrebn\u00e9 n\u00e1stroje na zabezpe\u010denie spr\u00e1vneho riadenia svojich \u010dinnost\u00ed.<\/p>\n<p>Konceptualiz\u00e1cia, implement\u00e1cia, riadenie a hodnotenie programov MAGNA v\u017edy prebieha na vysokej \u00farovni profesionality.\u00a0Svoje sk\u00fasenosti vyu\u017e\u00edvame s cie\u013eom maximalizova\u0165 efektivitu a zdroje.<\/p>\n\n                <\/div>\n                <h3 class=\"s-faq__question js-accordion__title\">Prin\u00e1\u0161ame svedectv\u00e1<\/h3>\n                <div class=\"s-faq__answer\">\n                    <p><strong>Dokumentujeme svedectv\u00e1 zo zabudnut\u00fdch \u010dast\u00ed sveta,<\/strong> v ktor\u00fdch sa nach\u00e1dzame a prin\u00e1\u0161ame ich k verejnosti.<\/p>\n<p>Ak sa st\u00e1vame svedkami extr\u00e9mnych n\u00e1silnost\u00ed vo\u010di jednotlivcom alebo skupin\u00e1m \u2013 hovor\u00edme o tom verejne. Na\u0161e rozhodnutie tak urobi\u0165 je v\u017edy veden\u00e9 len na\u0161im poslan\u00edm \u2013 zmier\u0148ova\u0165 utrpenie, chr\u00e1ni\u0165 \u017eivot a re\u0161pektova\u0165 z\u00e1kladn\u00e9 \u013eudsk\u00e9 pr\u00e1va.<\/p>\n\n                <\/div>\n        <\/div>\n    <\/div>\n<\/section>\n\n<section class=\"s-article-full s-article-full--secondary s-article-full--right hc-section-space--normal\">\n    <div class=\"s-article-full__inner\">\n        <div class=\"s-article-full__content\">\n            <h2 class=\"s-article-full__title\">Prv\u00e1 misia<\/h2>\n            <div class=\"s-article-full__text\">\n                <p>AIDS v Kambod\u017ei \u2013 V roku 2002 sa tis\u00edce \u013eud\u00ed stali obe\u0165ami pand\u00e9mie AIDS, ktor\u00e1 zasiahla krajinu a sp\u00f4sobila obrovsk\u00e9 straty na \u017eivotoch. Po rodi\u010doch, ktor\u00ed n\u00e1kaze pod\u013eahli &#8211; uv\u00e1dza sa, \u017ee v tomto obdob\u00ed na ochorenia spojen\u00e9 s AIDS zomrelo a\u017e 250 000 \u013eud\u00ed &#8211; zostali siroty, z ktor\u00fdch mnoh\u00e9 boli nakazen\u00e9 u\u017e pri naroden\u00ed a umierali na uliciach bez akejko\u013evek lek\u00e1rskej pomoci. V zemi neexistovala zdravotn\u00e1 pomoc, medzin\u00e1rodn\u00e9 organiz\u00e1cie ako Lek\u00e1ri bez hran\u00edc alebo Lek\u00e1ri sveta postupne za\u010dali s lie\u010dbou dospel\u00fdch, ostatn\u00ed sa len prizerali. Nefunk\u010dn\u00fd zdravotn\u00fd syst\u00e9m a extr\u00e9mna chudoba rod\u00edn, z ktor\u00fdch deti poch\u00e1dzali, im neumo\u017e\u0148ovali sa o ne postara\u0165. Nakazen\u00fdm de\u0165om, tzv. \u201edruhej vlne\u201c, nemal kto poskytn\u00fa\u0165 potrebn\u00fa lie\u010dbu a starostlivos\u0165.<\/p>\n<p>Martin Band\u017e\u00e1k a Denisa August\u00ednov\u00e1 sa stali o\u010dit\u00fdmi svedkami tejto trag\u00e9die. Pragmaticky a s ve\u013ek\u00fdm nasaden\u00edm za\u010dali situ\u00e1ciu rie\u0161i\u0165 a otvorili zariadenie pre lie\u010dbu nakazen\u00fdch det\u00ed v hlavnom meste Phnom Penh. Zabezpe\u010dili im antiretrovir\u00e1lnu (ARV) lie\u010dbu, ktor\u00e1 mnoh\u00fdm zachr\u00e1nila \u017eivot. Povolali do krajiny t\u00edmy zdravotn\u00edkov zo Slovenska, miestnych lek\u00e1rov zau\u010dili a zapojili ich do pr\u00e1ce. Za p\u00e1r mesiacov MAGNA nastavila na lie\u010dbu svojho prv\u00e9ho pacienta a stala se tak jednou z prv\u00fdch organiz\u00e1ci\u00ed, ktor\u00e1 za\u010dala lie\u010di\u0165 HIV\/AIDS detsk\u00fdch pacientov.<\/p>\n\n            <\/div>\n            <div class=\"s-article-full__cta\">\n                <a href=\"https:\/\/www.magna.org\/sk\/kto-sme\/nasa-historia\/\" target=\"\" class=\"e-link e-link--inv\">Zisti\u0165 viac<\/a>\n            <\/div>\n        <\/div>\n        <div class=\"s-article-full__image\">\n            <div class=\"s-article-full__img\" style=\"background-image:url('https:\/\/www.magna.org\/sk\/wp-content\/uploads\/2022\/08\/homepage-kto-sme-mb2005003w00417-552x373.jpg')\"><\/div>\n        <\/div>\n    <\/div>\n<\/section>\n\n<section class=\"s-panels hc-section-space--normal\">\n    <div class=\"s-panels__inner\">\n        <div class=\"s-panels__aside s-panels__aside--empty\"><\/div>\n        <div class=\"s-panels__content\">\n<article class=\"a-teaser\">\n    <div class=\"a-teaser__content\">\n        <h2 class=\"a-teaser__title\">Finan\u010dn\u00e1 zodpovednos\u0165<\/h2>\n        <div class=\"a-teaser__text\">\n            <p>Pokia\u013e ide o z\u00edskavanie a m\u00ed\u0148anie pe\u0148az\u00ed, uplat\u0148ujeme rovnak\u00e9 princ\u00edpy, ktor\u00fdmi sa riadi cel\u00e1 na\u0161a pr\u00e1ca: transparentnos\u0165 a zodpovednos\u0165.<\/p>\n<p>Ka\u017ed\u00fd rok na\u0161e auditovan\u00e9 finan\u010dn\u00e9 v\u00fdkazy poskytuj\u00fa preh\u013ead o pr\u00e1ci MAGNA. Na\u0161a spr\u00e1va o \u010dinnosti poskytuje podrobnosti o na\u0161ich aktivit\u00e1ch a v\u00fddavkoch v ka\u017edej krajine a odr\u00e1\u017ea hlavn\u00e9 v\u00fdzvy, ktor\u00fdm sme po\u010das roka \u010delili. Zistite viac o tom, odkia\u013e poch\u00e1dzaj\u00fa na\u0161e peniaze a ako sa pou\u017e\u00edvaj\u00fa va\u0161e dary, pomocou na\u0161ich finan\u010dn\u00fdch spr\u00e1v a spr\u00e1v o \u010dinnosti.<\/p>\n\n        <\/div>\n            <div class=\"a-teaser__cta\">\n                <a href=\"https:\/\/www.magna.org\/sk\/kto-sme\/financie-a-reporty\/\" target=\"\" class=\"e-link e-link--dark\">Zisti\u0165 viac<\/a>\n            <\/div>\n    <\/div>\n    <div class=\"a-teaser__image\">\n        <div class=\"a-teaser__img\" style=\"background-image:url('https\\:\\\/\\\/www\\.magna\\.org\\\/sk\\\/wp-content\\\/uploads\\\/2022\\\/12\\\/f522faa3-a0be-44d2-85cf-abfa6837843c-2\\.jpg')\"><\/div>\n    <\/div>\n<\/article>        <\/div>\n    <\/div>\n<\/section>\n\n<section class=\"s-home-focus hc-section-space--normal s-home-focus--gray\">\n    <div class=\"s-home-focus__inner\">\n        <div class=\"s-home-focus__wrap\">\n            <div class=\"s-home-focus__image\">\n                <div class=\"s-home-focus__img\" style=\"background-image:url('https:\/\/www.magna.org\/sk\/wp-content\/uploads\/2022\/11\/homepage-nepal-mb2015010g1914-1034x632.jpg')\"><\/div>\n            <\/div>\n            <div class=\"s-home-focus__content\">\n                <h2 class=\"s-home-focus__title\">Ako sme riaden\u00ed<\/h2>\n                <div class=\"s-home-focus__text\">\n                    <p><strong>MAGNA bola zalo\u017een\u00e1 na Slovensku v roku 2001 a n\u00e1sledne otvorila pobo\u010dky v r\u00f4znych k\u00fatoch sveta v r\u00e1mci svojej glob\u00e1lnej siete.<\/strong><\/p>\n<p>Slovensk\u00e1 kancel\u00e1ria MAGNA je z\u00e1rove\u0148 opera\u010dnou sekciou a m\u00e1 na starosti organiz\u00e1ciu MAGNA humanit\u00e1rnych misi\u00ed po celom svete. Ostatn\u00e9 sekcie (\u010cesk\u00e1 republika, Franc\u00fazsko a USA) podporuj\u00fa lek\u00e1rske humanit\u00e1rne oper\u00e1cie organiz\u00e1cie prostredn\u00edctvom n\u00e1boru, z\u00edskavania finan\u010dn\u00fdch prostriedkov, komunik\u00e1cie a zvy\u0161ovania povedomia.<\/p>\n\n                <\/div>\n                <div class=\"s-home-focus__cta\">\n                    <a href=\"https:\/\/www.magna.org\/sk\/kto-sme\/ako-sme-riadeni\/\" target=\"\">Zisti\u0165 viac<\/a>\n                <\/div>\n            <\/div>\n        <\/div>\n    <\/div>\n<\/section>","protected":false},"excerpt":{"rendered":"","protected":false},"author":1,"featured_media":124,"parent":0,"menu_order":0,"comment_status":"closed","ping_status":"closed","template":"page-full.php","meta":{"_acf_changed":false,"inline_featured_image":false,"footnotes":""},"class_list":["post-25","page","type-page","status-publish","has-post-thumbnail","hentry"],"acf":[],"yoast_head":"<!-- This site is optimized with the Yoast SEO plugin v24.3 - https:\/\/yoast.com\/wordpress\/plugins\/seo\/ -->\n<title>Kto sme<\/title>\n<meta name=\"description\" content=\"MAGNA p\u00f4sob\u00ed medzin\u00e1rodne a poskytuje pomoc de\u0165om a ich rodin\u00e1m v n\u00fadzi, vr\u00e1tane obet\u00ed pr\u00edrodn\u00fdch katastrof, vojen a konfliktov. V ter\u00e9ne m\u00e1me lek\u00e1rov, zdravotn\u00edkov, ale i technick\u00fdch a in\u00fdch odborn\u00edkov, ktor\u00ed zais\u0165uj\u00fa humanit\u00e1rnu pomoc a lie\u010dia deti a ich rodiny.\" \/>\n<meta name=\"robots\" content=\"index, follow, max-snippet:-1, max-image-preview:large, max-video-preview:-1\" \/>\n<link rel=\"canonical\" href=\"https:\/\/www.magna.org\/sk\/kto-sme\/\" \/>\n<meta property=\"og:locale\" content=\"en_US\" \/>\n<meta property=\"og:type\" content=\"article\" \/>\n<meta property=\"og:title\" content=\"Kto sme\" \/>\n<meta property=\"og:description\" content=\"MAGNA p\u00f4sob\u00ed medzin\u00e1rodne a poskytuje pomoc de\u0165om a ich rodin\u00e1m v n\u00fadzi, vr\u00e1tane obet\u00ed pr\u00edrodn\u00fdch katastrof, vojen a konfliktov. V ter\u00e9ne m\u00e1me lek\u00e1rov, zdravotn\u00edkov, ale i technick\u00fdch a in\u00fdch odborn\u00edkov, ktor\u00ed zais\u0165uj\u00fa humanit\u00e1rnu pomoc a lie\u010dia deti a ich rodiny.\" \/>\n<meta property=\"og:url\" content=\"https:\/\/www.magna.org\/sk\/kto-sme\/\" \/>\n<meta property=\"og:site_name\" content=\"Magna\" \/>\n<meta property=\"article:modified_time\" content=\"2025-11-30T11:43:39+00:00\" \/>\n<meta property=\"og:image\" content=\"https:\/\/www.magna.org\/sk\/wp-content\/uploads\/2022\/08\/homepage-kto-sme-lekar.jpg\" \/>\n\t<meta property=\"og:image:width\" content=\"1800\" \/>\n\t<meta property=\"og:image:height\" content=\"1200\" \/>\n\t<meta property=\"og:image:type\" content=\"image\/jpeg\" \/>\n<meta name=\"twitter:card\" content=\"summary_large_image\" \/>\n<meta name=\"twitter:label1\" content=\"Est. reading time\" \/>\n\t<meta name=\"twitter:data1\" content=\"1 minute\" \/>\n<script type=\"application\/ld+json\" class=\"yoast-schema-graph\">{\"@context\":\"https:\/\/schema.org\",\"@graph\":[{\"@type\":\"WebPage\",\"@id\":\"https:\/\/www.magna.org\/sk\/kto-sme\/\",\"url\":\"https:\/\/www.magna.org\/sk\/kto-sme\/\",\"name\":\"Kto sme\",\"isPartOf\":{\"@id\":\"https:\/\/www.magna.org\/sk\/#website\"},\"primaryImageOfPage\":{\"@id\":\"https:\/\/www.magna.org\/sk\/kto-sme\/#primaryimage\"},\"image\":{\"@id\":\"https:\/\/www.magna.org\/sk\/kto-sme\/#primaryimage\"},\"thumbnailUrl\":\"https:\/\/www.magna.org\/sk\/wp-content\/uploads\/2022\/08\/homepage-kto-sme-lekar.jpg\",\"datePublished\":\"2022-08-14T21:09:08+00:00\",\"dateModified\":\"2025-11-30T11:43:39+00:00\",\"description\":\"MAGNA p\u00f4sob\u00ed medzin\u00e1rodne a poskytuje pomoc de\u0165om a ich rodin\u00e1m v n\u00fadzi, vr\u00e1tane obet\u00ed pr\u00edrodn\u00fdch katastrof, vojen a konfliktov. V ter\u00e9ne m\u00e1me lek\u00e1rov, zdravotn\u00edkov, ale i technick\u00fdch a in\u00fdch odborn\u00edkov, ktor\u00ed zais\u0165uj\u00fa humanit\u00e1rnu pomoc a lie\u010dia deti a ich rodiny.\",\"breadcrumb\":{\"@id\":\"https:\/\/www.magna.org\/sk\/kto-sme\/#breadcrumb\"},\"inLanguage\":\"en-US\",\"potentialAction\":[{\"@type\":\"ReadAction\",\"target\":[\"https:\/\/www.magna.org\/sk\/kto-sme\/\"]}]},{\"@type\":\"ImageObject\",\"inLanguage\":\"en-US\",\"@id\":\"https:\/\/www.magna.org\/sk\/kto-sme\/#primaryimage\",\"url\":\"https:\/\/www.magna.org\/sk\/wp-content\/uploads\/2022\/08\/homepage-kto-sme-lekar.jpg\",\"contentUrl\":\"https:\/\/www.magna.org\/sk\/wp-content\/uploads\/2022\/08\/homepage-kto-sme-lekar.jpg\",\"width\":1800,\"height\":1200},{\"@type\":\"BreadcrumbList\",\"@id\":\"https:\/\/www.magna.org\/sk\/kto-sme\/#breadcrumb\",\"itemListElement\":[{\"@type\":\"ListItem\",\"position\":1,\"name\":\"Home\",\"item\":\"https:\/\/www.magna.org\/sk\/\"},{\"@type\":\"ListItem\",\"position\":2,\"name\":\"Kto sme\"}]},{\"@type\":\"WebSite\",\"@id\":\"https:\/\/www.magna.org\/sk\/#website\",\"url\":\"https:\/\/www.magna.org\/sk\/\",\"name\":\"Magna\",\"description\":\"Just another WordPress site\",\"potentialAction\":[{\"@type\":\"SearchAction\",\"target\":{\"@type\":\"EntryPoint\",\"urlTemplate\":\"https:\/\/www.magna.org\/sk\/?s={search_term_string}\"},\"query-input\":{\"@type\":\"PropertyValueSpecification\",\"valueRequired\":true,\"valueName\":\"search_term_string\"}}],\"inLanguage\":\"en-US\"}]}<\/script>\n<!-- \/ Yoast SEO plugin. -->","yoast_head_json":{"title":"Kto sme","description":"MAGNA p\u00f4sob\u00ed medzin\u00e1rodne a poskytuje pomoc de\u0165om a ich rodin\u00e1m v n\u00fadzi, vr\u00e1tane obet\u00ed pr\u00edrodn\u00fdch katastrof, vojen a konfliktov. V ter\u00e9ne m\u00e1me lek\u00e1rov, zdravotn\u00edkov, ale i technick\u00fdch a in\u00fdch odborn\u00edkov, ktor\u00ed zais\u0165uj\u00fa humanit\u00e1rnu pomoc a lie\u010dia deti a ich rodiny.","robots":{"index":"index","follow":"follow","max-snippet":"max-snippet:-1","max-image-preview":"max-image-preview:large","max-video-preview":"max-video-preview:-1"},"canonical":"https:\/\/www.magna.org\/sk\/kto-sme\/","og_locale":"en_US","og_type":"article","og_title":"Kto sme","og_description":"MAGNA p\u00f4sob\u00ed medzin\u00e1rodne a poskytuje pomoc de\u0165om a ich rodin\u00e1m v n\u00fadzi, vr\u00e1tane obet\u00ed pr\u00edrodn\u00fdch katastrof, vojen a konfliktov. V ter\u00e9ne m\u00e1me lek\u00e1rov, zdravotn\u00edkov, ale i technick\u00fdch a in\u00fdch odborn\u00edkov, ktor\u00ed zais\u0165uj\u00fa humanit\u00e1rnu pomoc a lie\u010dia deti a ich rodiny.","og_url":"https:\/\/www.magna.org\/sk\/kto-sme\/","og_site_name":"Magna","article_modified_time":"2025-11-30T11:43:39+00:00","og_image":[{"width":1800,"height":1200,"url":"https:\/\/www.magna.org\/sk\/wp-content\/uploads\/2022\/08\/homepage-kto-sme-lekar.jpg","type":"image\/jpeg"}],"twitter_card":"summary_large_image","twitter_misc":{"Est. reading time":"1 minute"},"schema":{"@context":"https:\/\/schema.org","@graph":[{"@type":"WebPage","@id":"https:\/\/www.magna.org\/sk\/kto-sme\/","url":"https:\/\/www.magna.org\/sk\/kto-sme\/","name":"Kto sme","isPartOf":{"@id":"https:\/\/www.magna.org\/sk\/#website"},"primaryImageOfPage":{"@id":"https:\/\/www.magna.org\/sk\/kto-sme\/#primaryimage"},"image":{"@id":"https:\/\/www.magna.org\/sk\/kto-sme\/#primaryimage"},"thumbnailUrl":"https:\/\/www.magna.org\/sk\/wp-content\/uploads\/2022\/08\/homepage-kto-sme-lekar.jpg","datePublished":"2022-08-14T21:09:08+00:00","dateModified":"2025-11-30T11:43:39+00:00","description":"MAGNA p\u00f4sob\u00ed medzin\u00e1rodne a poskytuje pomoc de\u0165om a ich rodin\u00e1m v n\u00fadzi, vr\u00e1tane obet\u00ed pr\u00edrodn\u00fdch katastrof, vojen a konfliktov. V ter\u00e9ne m\u00e1me lek\u00e1rov, zdravotn\u00edkov, ale i technick\u00fdch a in\u00fdch odborn\u00edkov, ktor\u00ed zais\u0165uj\u00fa humanit\u00e1rnu pomoc a lie\u010dia deti a ich rodiny.","breadcrumb":{"@id":"https:\/\/www.magna.org\/sk\/kto-sme\/#breadcrumb"},"inLanguage":"en-US","potentialAction":[{"@type":"ReadAction","target":["https:\/\/www.magna.org\/sk\/kto-sme\/"]}]},{"@type":"ImageObject","inLanguage":"en-US","@id":"https:\/\/www.magna.org\/sk\/kto-sme\/#primaryimage","url":"https:\/\/www.magna.org\/sk\/wp-content\/uploads\/2022\/08\/homepage-kto-sme-lekar.jpg","contentUrl":"https:\/\/www.magna.org\/sk\/wp-content\/uploads\/2022\/08\/homepage-kto-sme-lekar.jpg","width":1800,"height":1200},{"@type":"BreadcrumbList","@id":"https:\/\/www.magna.org\/sk\/kto-sme\/#breadcrumb","itemListElement":[{"@type":"ListItem","position":1,"name":"Home","item":"https:\/\/www.magna.org\/sk\/"},{"@type":"ListItem","position":2,"name":"Kto sme"}]},{"@type":"WebSite","@id":"https:\/\/www.magna.org\/sk\/#website","url":"https:\/\/www.magna.org\/sk\/","name":"Magna","description":"Just another WordPress site","potentialAction":[{"@type":"SearchAction","target":{"@type":"EntryPoint","urlTemplate":"https:\/\/www.magna.org\/sk\/?s={search_term_string}"},"query-input":{"@type":"PropertyValueSpecification","valueRequired":true,"valueName":"search_term_string"}}],"inLanguage":"en-US"}]}},"_links":{"self":[{"href":"https:\/\/www.magna.org\/sk\/wp-json\/wp\/v2\/pages\/25","targetHints":{"allow":["GET"]}}],"collection":[{"href":"https:\/\/www.magna.org\/sk\/wp-json\/wp\/v2\/pages"}],"about":[{"href":"https:\/\/www.magna.org\/sk\/wp-json\/wp\/v2\/types\/page"}],"author":[{"embeddable":true,"href":"https:\/\/www.magna.org\/sk\/wp-json\/wp\/v2\/users\/1"}],"replies":[{"embeddable":true,"href":"https:\/\/www.magna.org\/sk\/wp-json\/wp\/v2\/comments?post=25"}],"version-history":[{"count":299,"href":"https:\/\/www.magna.org\/sk\/wp-json\/wp\/v2\/pages\/25\/revisions"}],"predecessor-version":[{"id":16697,"href":"https:\/\/www.magna.org\/sk\/wp-json\/wp\/v2\/pages\/25\/revisions\/16697"}],"wp:featuredmedia":[{"embeddable":true,"href":"https:\/\/www.magna.org\/sk\/wp-json\/wp\/v2\/media\/124"}],"wp:attachment":[{"href":"https:\/\/www.magna.org\/sk\/wp-json\/wp\/v2\/media?parent=25"}],"curies":[{"name":"wp","href":"https:\/\/api.w.org\/{rel}","templated":true}]}}