{"id":2534,"date":"2022-11-06T09:46:07","date_gmt":"2022-11-06T09:46:07","guid":{"rendered":"https:\/\/www.magna.org\/sk\/?page_id=2534"},"modified":"2025-11-30T20:52:25","modified_gmt":"2025-11-30T20:52:25","slug":"podporte-konkretny-humanitarny-projekt","status":"publish","type":"page","link":"https:\/\/www.magna.org\/sk\/ako-darovat\/firmy-a-nadacie\/podporte-konkretny-humanitarny-projekt\/","title":{"rendered":"Podporte konkr\u00e9tny humanit\u00e1rny projekt"},"content":{"rendered":"<div class=\"e-content-text\"><div class=\"e-content-text__inner\">\n<p class=\"has-text-align-center\">Chcete da\u0165 svoju filantropiu do slu\u017eieb humanit\u00e1rnych akci\u00ed s vysok\u00fdm dosahom? Chcete dosiahnu\u0165 svoje ciele spolo\u010denskej zodpovednosti? Objavte rie\u0161enia, ktor\u00e9 pon\u00faka MAGNA, aby ste sa zapojili do n\u00e1\u0161ho boja za pr\u00edstup k zdravotnej starostlivosti pre v\u0161etk\u00fdch doma aj vo svete.<\/p>\n<\/div><\/div>\n\n<section class=\"s-home-hero s-home-hero--dark hc-section-space--normal\">\n    <div class=\"s-home-hero__inner\">\n        <div class=\"s-home-hero__media\">\n            <img loading=\"lazy\" decoding=\"async\" width=\"698\" height=\"524\" src=\"https:\/\/www.magna.org\/sk\/wp-content\/uploads\/2022\/11\/homepage-kena-starostlivost-o-ludi-postihnutych-hivaids-v-msambweni-mb2011030m0001-698x524.jpg\" class=\"attachment-magna-hero size-magna-hero\" alt=\"\" srcset=\"https:\/\/www.magna.org\/sk\/wp-content\/uploads\/2022\/11\/homepage-kena-starostlivost-o-ludi-postihnutych-hivaids-v-msambweni-mb2011030m0001-698x524.jpg 698w, https:\/\/www.magna.org\/sk\/wp-content\/uploads\/2022\/11\/homepage-kena-starostlivost-o-ludi-postihnutych-hivaids-v-msambweni-mb2011030m0001-1396x1048.jpg 1396w\" sizes=\"auto, (max-width: 698px) 100vw, 698px\" \/>\n        <\/div>\n        <div class=\"s-home-hero__content\">\n            <h2 class=\"s-home-hero__title\">Pre\u010do MAGNA?<\/h2>\n            <div class=\"s-home-hero__text\">\n                <p>Spolu s nami zapoj\u00edte svoju spolo\u010dnos\u0165 do zlep\u0161enia pr\u00edstupu k zdravotnej starostlivosti na celom svete. Vybudovan\u00edm partnerstva s MAGNA zalo\u017een\u00e9ho na d\u00f4vere, efekt\u00edvnosti a transparentnosti zv\u00fd\u0161ite vplyv svojho podnikania.<\/p>\n            <\/div>\n        <\/div>\n    <\/div>\n<\/section>\n\n<section class=\"s-support hc-section-space--normal\">\n    <div class=\"s-support__header\">\n        <h1 class=\"s-support__title\">Sta\u0148te sa sponzorom projektu<\/h1>\n        <div class=\"s-support__intro\">\n            <p>Spolo\u010dne definujeme partnersk\u00fd projekt, ktor\u00fd zodpoved\u00e1 va\u0161im \u017eelaniam a je v s\u00falade s MAGNA programov\u00fdmi prioritami a potrebami,<\/p>\n<p><strong>Tu s\u00fa niektor\u00e9 z na\u0161ich s\u00fa\u010dasn\u00fdch najv\u00e4\u010d\u0161\u00edch potrieb.<\/strong><\/p>\n\n        <\/div>\n    <\/div>\n    <div class=\"s-support__content\">\n        <div class=\"s-support__items\">\n            <div class=\"s-support__item \">\n                <article class=\"a-support\">\n    <a href=\"mailto:komunikacia@magna.org\" target=\"\" class=\"a-support__link\"><\/a>\n        <div class=\"a-support__image\">\n            <div class=\"a-support__img\" style=\"background-image:url('https:\/\/www.magna.org\/sk\/wp-content\/uploads\/2022\/11\/homepage-kambodza-nutricna-podpora-deti-a-zien-mb2016005g0140-850x478.jpg');\"><\/div>\n        <\/div>\n    <div class=\"a-support__content\">\n        <h3 class=\"a-support__title\">25 000 \u20ac<\/h3>\n        <div class=\"a-support__text\"><p>Lie\u010dba HIV\/AIDS u det\u00ed je n\u00e1ro\u010dn\u00e1 a trv\u00e1 cel\u00fd \u017eivot. Spr\u00e1vne u\u017e\u00edvanie liekov a akcept\u00e1cia lie\u010dby zvy\u0161uje jej \u00fa\u010dinnos\u0165 a pre die\u0165a znamen\u00e1 \u017ei\u0165 be\u017en\u00fd a norm\u00e1lny \u017eivot ako zdrav\u00e9 die\u0165a. Podporou projektu <strong>pre 500 det\u00ed v Kambod\u017ei<\/strong> zabezpe\u010d\u00edte spr\u00e1vnu lie\u010dbu na cel\u00fdch 12 mesiacov.<\/p>\n<\/div>\n    <\/div>\n    <div class=\"a-support__footer\">\n        <div class=\"a-support__cta\">\n            <a href=\"mailto:komunikacia@magna.org\" target=\"\" class=\"e-btn e-btn--primary\"><span>Zisti\u0165 viac<\/span><i class=\"icon-heart\"><\/i><\/a>\n        <\/div>\n    <\/div>\n<\/article>\n            <\/div>\n            <div class=\"s-support__item \">\n                <article class=\"a-support\">\n    <a href=\"mailto:komunikacia@magna.org\" target=\"\" class=\"a-support__link\"><\/a>\n        <div class=\"a-support__image\">\n            <div class=\"a-support__img\" style=\"background-image:url('https:\/\/www.magna.org\/sk\/wp-content\/uploads\/2022\/08\/homepage-home-mb2022g0600713.jpg');\"><\/div>\n        <\/div>\n    <div class=\"a-support__content\">\n        <h3 class=\"a-support__title\">40 000 \u20ac<\/h3>\n        <div class=\"a-support__text\"><p><strong>Afganistan<\/strong> m\u00e1 jednu z najv\u00e4\u010d\u0161\u00edch \u00famrtnost\u00ed matiek pri p\u00f4rode, vy\u0161e 50% matiek rod\u00ed bez akejko\u013evek odbornej asistanecie. Vytvoren\u00edm <strong>matersk\u00e9ho centra<\/strong> m\u00f4\u017eeme pred\u00eds\u0165 t\u00fdmto \u00famrtiam a pre 4<strong>00 matiek a novonaroden\u00fdch det\u00ed<\/strong> zabepe\u010dime ochranu a potrebn\u00fa pomoc.<\/p>\n<\/div>\n    <\/div>\n    <div class=\"a-support__footer\">\n        <div class=\"a-support__cta\">\n            <a href=\"mailto:komunikacia@magna.org\" target=\"\" class=\"e-btn e-btn--primary\"><span>Zisti\u0165 viac<\/span><i class=\"icon-heart\"><\/i><\/a>\n        <\/div>\n    <\/div>\n<\/article>\n            <\/div>\n            <div class=\"s-support__item \">\n                <article class=\"a-support\">\n    <a href=\"mailto:komunikacia@magna.org\" target=\"\" class=\"a-support__link\"><\/a>\n        <div class=\"a-support__image\">\n            <div class=\"a-support__img\" style=\"background-image:url('https:\/\/www.magna.org\/sk\/wp-content\/uploads\/2022\/12\/ln_mc_2017_05-850x478.jpg');\"><\/div>\n        <\/div>\n    <div class=\"a-support__content\">\n        <h3 class=\"a-support__title\">75 000 \u20ac<\/h3>\n        <div class=\"a-support__text\"><p>Situ\u00e1cia v <strong>Libanone<\/strong> je pre mnoh\u00e9 komunity ve\u013emi n\u00e1ro\u010dn\u00e1, pr\u00edstup k zdravotnej starostlivosti je pre nich obmedzen\u00fd a lieky si finan\u010dne nem\u00f4\u017eu dovoli\u0165. Podporou projektu <strong>zabezpe\u010d\u00edte lie\u010dbu 20 tis\u00edc \u013eud\u00ed<\/strong> a na\u0161e timy vr\u00e1tane p\u00f4rodn\u00fdch sestier z\u00e1rove\u0148 zabezpe\u010dia dzravotn\u00fa asistenciu matk\u00e1m a ich novonaroden\u00fdm de\u0165om.<\/p>\n<\/div>\n    <\/div>\n    <div class=\"a-support__footer\">\n        <div class=\"a-support__cta\">\n            <a href=\"mailto:komunikacia@magna.org\" target=\"\" class=\"e-btn e-btn--primary\"><span>Zisti\u0165 viac<\/span><i class=\"icon-heart\"><\/i><\/a>\n        <\/div>\n    <\/div>\n<\/article>\n            <\/div>\n            <div class=\"s-support__item \">\n                <article class=\"a-support\">\n    <a href=\"mailto:dar@magna.org\" target=\"\" class=\"a-support__link\"><\/a>\n        <div class=\"a-support__image\">\n            <div class=\"a-support__img\" style=\"background-image:url('https:\/\/www.magna.org\/sk\/wp-content\/uploads\/2022\/12\/webuprava-850x478.jpg');\"><\/div>\n        <\/div>\n    <div class=\"a-support__content\">\n        <h3 class=\"a-support__title\">100 000 \u20ac<\/h3>\n        <div class=\"a-support__text\"><p>N\u00e1silie na \u017een\u00e1ch je be\u017enou s\u00fa\u010das\u0165ou v mnoh\u00fdch komunit\u00e1ch <strong>Demokratickej republike Kongo<\/strong>. Zn\u00e1silnenie je z\u00e1rove\u0148 pou\u017eivan\u00e9 ako zbra\u0148 v miestnych konfliktoch. V\u010faka na\u0161ej dlhodobej sk\u00fasenosti v <strong>lie\u010dbe obet\u00ed sexu\u00e1lneho n\u00e1silia<\/strong>. a pr\u00e1ce v od\u013eahl\u00fdch komunit\u00e1ch vieme spolu s vami pom\u00f4c\u0165 tis\u00edcom \u017eien a diev\u010dat. <strong>Va\u0161a podpora im zabezpe\u010d\u00ed zdraoitn\u00fa, psychologick\u00fa a leg\u00e1lnu pomoc<\/strong> a v\u00fdrazne obmedzi n\u00e1silie v komunite.<\/p>\n<\/div>\n    <\/div>\n    <div class=\"a-support__footer\">\n        <div class=\"a-support__cta\">\n            <a href=\"mailto:dar@magna.org\" target=\"\" class=\"e-btn e-btn--primary\"><span>Zisti\u0165 viac<\/span><i class=\"icon-heart\"><\/i><\/a>\n        <\/div>\n    <\/div>\n<\/article>\n            <\/div>\n        <\/div>\n    <\/div>\n<\/section>\n\n<div class=\"e-content-text\"><div class=\"e-content-text__inner\">\n<h2 class=\"wp-block-heading has-text-align-center\">M\u00e1te \u010fa\u013e\u0161ie ot\u00e1zky alebo sa chcete zapoji\u0165?<\/h2>\n<\/div><\/div>\n\n<div class=\"e-content-text\"><div class=\"e-content-text__inner\">\n<p class=\"has-text-align-center\">Zavolajte na &nbsp;<a href=\"tel:+421907863612\">+421 907 863 612<\/a> alebo po\u0161lite e-mail na <a href=\"mailto:komunikacia@magna.org\">komunikacia@<\/a><a href=\"mailto:dar@magna.org\">magna.org<\/a> a my v\u00e1m radi pom\u00f4\u017eeme.<\/p>\n<\/div><\/div>","protected":false},"excerpt":{"rendered":"<p>Chcete da\u0165 svoju filantropiu do slu\u017eieb humanit\u00e1rnych akci\u00ed s vysok\u00fdm dosahom? Chcete dosiahnu\u0165 svoje ciele spolo\u010denskej zodpovednosti? Objavte rie\u0161enia, ktor\u00e9 pon\u00faka MAGNA, aby ste sa zapojili do n\u00e1\u0161ho boja za pr\u00edstup k zdravotnej starostlivosti pre v\u0161etk\u00fdch doma aj vo svete. M\u00e1te \u010fa\u013e\u0161ie ot\u00e1zky alebo sa chcete zapoji\u0165? Zavolajte na &nbsp;+421 907 863 612 alebo po\u0161lite [&hellip;]<\/p>\n","protected":false},"author":2,"featured_media":9065,"parent":2502,"menu_order":2,"comment_status":"closed","ping_status":"closed","template":"page-article.php","meta":{"_acf_changed":false,"inline_featured_image":false,"footnotes":""},"class_list":["post-2534","page","type-page","status-publish","has-post-thumbnail","hentry"],"acf":[],"yoast_head":"<!-- This site is optimized with the Yoast SEO plugin v24.3 - https:\/\/yoast.com\/wordpress\/plugins\/seo\/ -->\n<title>Podporte konkr\u00e9tny humanit\u00e1rny projekt<\/title>\n<meta name=\"description\" content=\"Sta\u0148te sa sponzorom projektu. Spolo\u010dne definujeme partnersk\u00fd projekt, ktor\u00fd zodpoved\u00e1 va\u0161im \u017eelaniam a je v s\u00falade s MAGNA programov\u00fdmi prioritami a potrebami.\" \/>\n<meta name=\"robots\" content=\"index, follow, max-snippet:-1, max-image-preview:large, max-video-preview:-1\" \/>\n<link rel=\"canonical\" href=\"https:\/\/www.magna.org\/sk\/ako-darovat\/firmy-a-nadacie\/podporte-konkretny-humanitarny-projekt\/\" \/>\n<meta property=\"og:locale\" content=\"en_US\" \/>\n<meta property=\"og:type\" content=\"article\" \/>\n<meta property=\"og:title\" content=\"Podporte konkr\u00e9tny humanit\u00e1rny projekt\" \/>\n<meta property=\"og:description\" content=\"Sta\u0148te sa sponzorom projektu. Spolo\u010dne definujeme partnersk\u00fd projekt, ktor\u00fd zodpoved\u00e1 va\u0161im \u017eelaniam a je v s\u00falade s MAGNA programov\u00fdmi prioritami a potrebami.\" \/>\n<meta property=\"og:url\" content=\"https:\/\/www.magna.org\/sk\/ako-darovat\/firmy-a-nadacie\/podporte-konkretny-humanitarny-projekt\/\" \/>\n<meta property=\"og:site_name\" content=\"Magna\" \/>\n<meta property=\"article:modified_time\" content=\"2025-11-30T20:52:25+00:00\" \/>\n<meta property=\"og:image\" content=\"https:\/\/www.magna.org\/sk\/wp-content\/uploads\/2022\/12\/webuprava.jpg\" \/>\n\t<meta property=\"og:image:width\" content=\"1200\" \/>\n\t<meta property=\"og:image:height\" content=\"675\" \/>\n\t<meta property=\"og:image:type\" content=\"image\/jpeg\" \/>\n<meta name=\"twitter:card\" content=\"summary_large_image\" \/>\n<meta name=\"twitter:label1\" content=\"Est. reading time\" \/>\n\t<meta name=\"twitter:data1\" content=\"1 minute\" \/>\n<script type=\"application\/ld+json\" class=\"yoast-schema-graph\">{\"@context\":\"https:\/\/schema.org\",\"@graph\":[{\"@type\":\"WebPage\",\"@id\":\"https:\/\/www.magna.org\/sk\/ako-darovat\/firmy-a-nadacie\/podporte-konkretny-humanitarny-projekt\/\",\"url\":\"https:\/\/www.magna.org\/sk\/ako-darovat\/firmy-a-nadacie\/podporte-konkretny-humanitarny-projekt\/\",\"name\":\"Podporte konkr\u00e9tny humanit\u00e1rny projekt\",\"isPartOf\":{\"@id\":\"https:\/\/www.magna.org\/sk\/#website\"},\"primaryImageOfPage\":{\"@id\":\"https:\/\/www.magna.org\/sk\/ako-darovat\/firmy-a-nadacie\/podporte-konkretny-humanitarny-projekt\/#primaryimage\"},\"image\":{\"@id\":\"https:\/\/www.magna.org\/sk\/ako-darovat\/firmy-a-nadacie\/podporte-konkretny-humanitarny-projekt\/#primaryimage\"},\"thumbnailUrl\":\"https:\/\/www.magna.org\/sk\/wp-content\/uploads\/2022\/12\/webuprava.jpg\",\"datePublished\":\"2022-11-06T09:46:07+00:00\",\"dateModified\":\"2025-11-30T20:52:25+00:00\",\"description\":\"Sta\u0148te sa sponzorom projektu. Spolo\u010dne definujeme partnersk\u00fd projekt, ktor\u00fd zodpoved\u00e1 va\u0161im \u017eelaniam a je v s\u00falade s MAGNA programov\u00fdmi prioritami a potrebami.\",\"breadcrumb\":{\"@id\":\"https:\/\/www.magna.org\/sk\/ako-darovat\/firmy-a-nadacie\/podporte-konkretny-humanitarny-projekt\/#breadcrumb\"},\"inLanguage\":\"en-US\",\"potentialAction\":[{\"@type\":\"ReadAction\",\"target\":[\"https:\/\/www.magna.org\/sk\/ako-darovat\/firmy-a-nadacie\/podporte-konkretny-humanitarny-projekt\/\"]}]},{\"@type\":\"ImageObject\",\"inLanguage\":\"en-US\",\"@id\":\"https:\/\/www.magna.org\/sk\/ako-darovat\/firmy-a-nadacie\/podporte-konkretny-humanitarny-projekt\/#primaryimage\",\"url\":\"https:\/\/www.magna.org\/sk\/wp-content\/uploads\/2022\/12\/webuprava.jpg\",\"contentUrl\":\"https:\/\/www.magna.org\/sk\/wp-content\/uploads\/2022\/12\/webuprava.jpg\",\"width\":1200,\"height\":675},{\"@type\":\"BreadcrumbList\",\"@id\":\"https:\/\/www.magna.org\/sk\/ako-darovat\/firmy-a-nadacie\/podporte-konkretny-humanitarny-projekt\/#breadcrumb\",\"itemListElement\":[{\"@type\":\"ListItem\",\"position\":1,\"name\":\"Home\",\"item\":\"https:\/\/www.magna.org\/sk\/\"},{\"@type\":\"ListItem\",\"position\":2,\"name\":\"Ako darova\u0165\",\"item\":\"https:\/\/www.magna.org\/sk\/ako-darovat\/\"},{\"@type\":\"ListItem\",\"position\":3,\"name\":\"Firmy a Nad\u00e1cie\",\"item\":\"https:\/\/www.magna.org\/sk\/ako-darovat\/firmy-a-nadacie\/\"},{\"@type\":\"ListItem\",\"position\":4,\"name\":\"Podporte konkr\u00e9tny humanit\u00e1rny projekt\"}]},{\"@type\":\"WebSite\",\"@id\":\"https:\/\/www.magna.org\/sk\/#website\",\"url\":\"https:\/\/www.magna.org\/sk\/\",\"name\":\"Magna\",\"description\":\"Just another WordPress site\",\"potentialAction\":[{\"@type\":\"SearchAction\",\"target\":{\"@type\":\"EntryPoint\",\"urlTemplate\":\"https:\/\/www.magna.org\/sk\/?s={search_term_string}\"},\"query-input\":{\"@type\":\"PropertyValueSpecification\",\"valueRequired\":true,\"valueName\":\"search_term_string\"}}],\"inLanguage\":\"en-US\"}]}<\/script>\n<!-- \/ Yoast SEO plugin. -->","yoast_head_json":{"title":"Podporte konkr\u00e9tny humanit\u00e1rny projekt","description":"Sta\u0148te sa sponzorom projektu. Spolo\u010dne definujeme partnersk\u00fd projekt, ktor\u00fd zodpoved\u00e1 va\u0161im \u017eelaniam a je v s\u00falade s MAGNA programov\u00fdmi prioritami a potrebami.","robots":{"index":"index","follow":"follow","max-snippet":"max-snippet:-1","max-image-preview":"max-image-preview:large","max-video-preview":"max-video-preview:-1"},"canonical":"https:\/\/www.magna.org\/sk\/ako-darovat\/firmy-a-nadacie\/podporte-konkretny-humanitarny-projekt\/","og_locale":"en_US","og_type":"article","og_title":"Podporte konkr\u00e9tny humanit\u00e1rny projekt","og_description":"Sta\u0148te sa sponzorom projektu. Spolo\u010dne definujeme partnersk\u00fd projekt, ktor\u00fd zodpoved\u00e1 va\u0161im \u017eelaniam a je v s\u00falade s MAGNA programov\u00fdmi prioritami a potrebami.","og_url":"https:\/\/www.magna.org\/sk\/ako-darovat\/firmy-a-nadacie\/podporte-konkretny-humanitarny-projekt\/","og_site_name":"Magna","article_modified_time":"2025-11-30T20:52:25+00:00","og_image":[{"width":1200,"height":675,"url":"https:\/\/www.magna.org\/sk\/wp-content\/uploads\/2022\/12\/webuprava.jpg","type":"image\/jpeg"}],"twitter_card":"summary_large_image","twitter_misc":{"Est. reading time":"1 minute"},"schema":{"@context":"https:\/\/schema.org","@graph":[{"@type":"WebPage","@id":"https:\/\/www.magna.org\/sk\/ako-darovat\/firmy-a-nadacie\/podporte-konkretny-humanitarny-projekt\/","url":"https:\/\/www.magna.org\/sk\/ako-darovat\/firmy-a-nadacie\/podporte-konkretny-humanitarny-projekt\/","name":"Podporte konkr\u00e9tny humanit\u00e1rny projekt","isPartOf":{"@id":"https:\/\/www.magna.org\/sk\/#website"},"primaryImageOfPage":{"@id":"https:\/\/www.magna.org\/sk\/ako-darovat\/firmy-a-nadacie\/podporte-konkretny-humanitarny-projekt\/#primaryimage"},"image":{"@id":"https:\/\/www.magna.org\/sk\/ako-darovat\/firmy-a-nadacie\/podporte-konkretny-humanitarny-projekt\/#primaryimage"},"thumbnailUrl":"https:\/\/www.magna.org\/sk\/wp-content\/uploads\/2022\/12\/webuprava.jpg","datePublished":"2022-11-06T09:46:07+00:00","dateModified":"2025-11-30T20:52:25+00:00","description":"Sta\u0148te sa sponzorom projektu. Spolo\u010dne definujeme partnersk\u00fd projekt, ktor\u00fd zodpoved\u00e1 va\u0161im \u017eelaniam a je v s\u00falade s MAGNA programov\u00fdmi prioritami a potrebami.","breadcrumb":{"@id":"https:\/\/www.magna.org\/sk\/ako-darovat\/firmy-a-nadacie\/podporte-konkretny-humanitarny-projekt\/#breadcrumb"},"inLanguage":"en-US","potentialAction":[{"@type":"ReadAction","target":["https:\/\/www.magna.org\/sk\/ako-darovat\/firmy-a-nadacie\/podporte-konkretny-humanitarny-projekt\/"]}]},{"@type":"ImageObject","inLanguage":"en-US","@id":"https:\/\/www.magna.org\/sk\/ako-darovat\/firmy-a-nadacie\/podporte-konkretny-humanitarny-projekt\/#primaryimage","url":"https:\/\/www.magna.org\/sk\/wp-content\/uploads\/2022\/12\/webuprava.jpg","contentUrl":"https:\/\/www.magna.org\/sk\/wp-content\/uploads\/2022\/12\/webuprava.jpg","width":1200,"height":675},{"@type":"BreadcrumbList","@id":"https:\/\/www.magna.org\/sk\/ako-darovat\/firmy-a-nadacie\/podporte-konkretny-humanitarny-projekt\/#breadcrumb","itemListElement":[{"@type":"ListItem","position":1,"name":"Home","item":"https:\/\/www.magna.org\/sk\/"},{"@type":"ListItem","position":2,"name":"Ako darova\u0165","item":"https:\/\/www.magna.org\/sk\/ako-darovat\/"},{"@type":"ListItem","position":3,"name":"Firmy a Nad\u00e1cie","item":"https:\/\/www.magna.org\/sk\/ako-darovat\/firmy-a-nadacie\/"},{"@type":"ListItem","position":4,"name":"Podporte konkr\u00e9tny humanit\u00e1rny projekt"}]},{"@type":"WebSite","@id":"https:\/\/www.magna.org\/sk\/#website","url":"https:\/\/www.magna.org\/sk\/","name":"Magna","description":"Just another WordPress site","potentialAction":[{"@type":"SearchAction","target":{"@type":"EntryPoint","urlTemplate":"https:\/\/www.magna.org\/sk\/?s={search_term_string}"},"query-input":{"@type":"PropertyValueSpecification","valueRequired":true,"valueName":"search_term_string"}}],"inLanguage":"en-US"}]}},"_links":{"self":[{"href":"https:\/\/www.magna.org\/sk\/wp-json\/wp\/v2\/pages\/2534","targetHints":{"allow":["GET"]}}],"collection":[{"href":"https:\/\/www.magna.org\/sk\/wp-json\/wp\/v2\/pages"}],"about":[{"href":"https:\/\/www.magna.org\/sk\/wp-json\/wp\/v2\/types\/page"}],"author":[{"embeddable":true,"href":"https:\/\/www.magna.org\/sk\/wp-json\/wp\/v2\/users\/2"}],"replies":[{"embeddable":true,"href":"https:\/\/www.magna.org\/sk\/wp-json\/wp\/v2\/comments?post=2534"}],"version-history":[{"count":70,"href":"https:\/\/www.magna.org\/sk\/wp-json\/wp\/v2\/pages\/2534\/revisions"}],"predecessor-version":[{"id":17257,"href":"https:\/\/www.magna.org\/sk\/wp-json\/wp\/v2\/pages\/2534\/revisions\/17257"}],"up":[{"embeddable":true,"href":"https:\/\/www.magna.org\/sk\/wp-json\/wp\/v2\/pages\/2502"}],"wp:featuredmedia":[{"embeddable":true,"href":"https:\/\/www.magna.org\/sk\/wp-json\/wp\/v2\/media\/9065"}],"wp:attachment":[{"href":"https:\/\/www.magna.org\/sk\/wp-json\/wp\/v2\/media?parent=2534"}],"curies":[{"name":"wp","href":"https:\/\/api.w.org\/{rel}","templated":true}]}}