{"id":334,"date":"2022-09-07T19:45:49","date_gmt":"2022-09-07T19:45:49","guid":{"rendered":"https:\/\/www.magna.org\/sk\/?page_id=334"},"modified":"2026-01-20T12:15:12","modified_gmt":"2026-01-20T12:15:12","slug":"financie-a-reporty","status":"publish","type":"page","link":"https:\/\/www.magna.org\/sk\/kto-sme\/financie-a-reporty\/","title":{"rendered":"Financie a reporty"},"content":{"rendered":"<section class=\"s-support hc-section-space--normal\">\n    <div class=\"s-support__header\">\n        <h1 class=\"s-support__title\">Finan\u010dn\u00e1 zodpovednos\u0165 a reporty<\/h1>\n        <div class=\"s-support__intro\">\n            <p>Pokia\u013e ide o z\u00edskavanie a m\u00ed\u0148anie finan\u010dn\u00fdch prostriedkov, uplat\u0148ujeme rovnak\u00e9 z\u00e1sady transparentnosti a zodpovednosti, ktor\u00fdmi sa riadi v\u0161etka na\u0161a pr\u00e1ca.<\/p>\n\n        <\/div>\n    <\/div>\n    <div class=\"s-support__content\">\n        <div class=\"s-support__items\">\n        <\/div>\n    <\/div>\n<\/section>\n\n<section class=\"s-home-hero s-home-hero--dark hc-section-space--normal\">\n    <div class=\"s-home-hero__inner\">\n        <div class=\"s-home-hero__media\">\n            <img loading=\"lazy\" decoding=\"async\" width=\"698\" height=\"524\" src=\"https:\/\/www.magna.org\/sk\/wp-content\/uploads\/2022\/11\/homepage-juzny-sudan-zdravotna-a-nutricna-starostlivost-v-duk-paggak-mb201902g0191-e1669889697547-698x524.jpg\" class=\"attachment-magna-hero size-magna-hero\" alt=\"\" srcset=\"https:\/\/www.magna.org\/sk\/wp-content\/uploads\/2022\/11\/homepage-juzny-sudan-zdravotna-a-nutricna-starostlivost-v-duk-paggak-mb201902g0191-e1669889697547-698x524.jpg 698w, https:\/\/www.magna.org\/sk\/wp-content\/uploads\/2022\/11\/homepage-juzny-sudan-zdravotna-a-nutricna-starostlivost-v-duk-paggak-mb201902g0191-e1669889697547-1396x1048.jpg 1396w\" sizes=\"auto, (max-width: 698px) 100vw, 698px\" \/>\n        <\/div>\n        <div class=\"s-home-hero__content\">\n            <h2 class=\"s-home-hero__title\">Sme zodpovedn\u00ed<\/h2>\n            <div class=\"s-home-hero__text\">\n                <p>Ka\u017ed\u00fd rok na\u0161e auditovan\u00e9 finan\u010dn\u00e9 v\u00fdkazy poskytuj\u00fa preh\u013ead o pr\u00e1ci MAGNA. Na\u0161a spr\u00e1va o \u010dinnosti poskytuje podrobnosti o na\u0161ich aktivit\u00e1ch a v\u00fddavkoch v ka\u017edej krajine a odr\u00e1\u017ea hlavn\u00e9 v\u00fdzvy, ktor\u00fdm sme po\u010das roka \u010delili. Zistite viac o tom, odkia\u013e poch\u00e1dzaj\u00fa na\u0161e peniaze a ako sa pou\u017e\u00edvaj\u00fa va\u0161e dary, v na\u0161ich finan\u010dn\u00fdch spr\u00e1vach a spr\u00e1vach o \u010dinnosti.<\/p>\n            <\/div>\n        <\/div>\n    <\/div>\n<\/section>\n\n<section class=\"s-home-focus hc-section-space--normal s-home-focus--gray\">\n    <div class=\"s-home-focus__inner\">\n        <div class=\"s-home-focus__wrap\">\n            <div class=\"s-home-focus__image\">\n                <div class=\"s-home-focus__img\" style=\"background-image:url('https:\/\/www.magna.org\/sk\/wp-content\/uploads\/2022\/11\/magna.makes.website-juzny-sudan-mb.sud-.12m-1266-1034x632.jpg')\"><\/div>\n            <\/div>\n            <div class=\"s-home-focus__content\">\n                <h2 class=\"s-home-focus__title\">Glob\u00e1lne \u010d\u00edsla 2023<\/h2>\n                <div class=\"s-home-focus__text\">\n                    <p>Sna\u017e\u00edme sa fungova\u0165 \u010do najefekt\u00edvnej\u0161ie a minimalizova\u0165 n\u00e1klady na z\u00edskavanie finan\u010dn\u00fdch prostriedkov aj administrat\u00edvne n\u00e1klady. Od roku 2001 do roku 2023 bolo z ka\u017ed\u00e9ho eura vynalo\u017een\u00e9ho MAGNA vy\u010dlenen\u00fdch viac ako 90 centov na na\u0161e medic\u00ednske humanit\u00e1rne programy.<\/p>\n<p>V roku 2023 boli celkov\u00e9 n\u00e1klady <strong>4\u00a0157\u00a0419\u20ac<\/strong>, y toho na lek\u00e1rske a humanit\u00e1rne programy <strong>3 962 965\u20ac (97,3%)<\/strong>. Darcovsk\u00e9, riadiace a administrat\u00edvne n\u00e1klady organiz\u00e1cie dosiahli <strong>194 454\u20ac (2,7%)<\/strong>.<\/p>\n\n                <\/div>\n            <\/div>\n        <\/div>\n    <\/div>\n<\/section>\n\n<section class=\"s-article-full s-article-full--red s-article-full--right hc-section-space--normal\">\n    <div class=\"s-article-full__inner\">\n        <div class=\"s-article-full__content\">\n            <h2 class=\"s-article-full__title\">Pre\u010d\u00edtajte si na\u0161u spr\u00e1vu o medzin\u00e1rodnej \u010dinnosti za rok 2023<\/h2>\n            <div class=\"s-article-full__text\">\n                <p>MAGNA ka\u017ed\u00fd rok zverej\u0148uje Spr\u00e1vu o medzin\u00e1rodnej \u010dinnosti, ktor\u00e1 dokumentuje dopad na\u0161ej lek\u00e1rskej humanit\u00e1rnej pr\u00e1ce.<\/p>\n<p>Podpora organiz\u00e1cie MAGNA zo strany s\u00fakromn\u00fdch darcov, jednotlivcov, firiem a nad\u00e1ci\u00ed pokra\u010dovala aj v roku 2023. V\u010faka tomu a rezerv\u00e1m z ve\u013emi dynamick\u00e9ho a zv\u00fd\u0161en\u00e9ho roku 2022 sme dok\u00e1zali zabezpe\u010di\u0165 chod projektov v krajin\u00e1ch, kde MAGNA p\u00f4sob\u00ed a aj vo febru\u00e1ri 2023 promptne zareagova\u0165 pomocou pre postihnut\u00fdch zemetrasen\u00edm v S\u00fdrii.<\/p>\n\n            <\/div>\n        <\/div>\n        <div class=\"s-article-full__image\">\n            <div class=\"s-article-full__img\" style=\"background-image:url('https:\/\/www.magna.org\/sk\/wp-content\/uploads\/2023\/04\/www.magna.org-dr-kongo-reakcia-na-etnicke-nasilie-v-yumbi-a-zdravotna-a-nutricna-pomoc-obetiam-l1009382-552x368.jpg')\"><\/div>\n        <\/div>\n    <\/div>\n<\/section>\n\n<section class=\"s-panels hc-section-space--normal\">\n    <div class=\"s-panels__inner\">\n        <div class=\"s-panels__aside s-panels__aside--empty\"><\/div>\n        <div class=\"s-panels__content\">\n<article class=\"a-teaser\">\n    <div class=\"a-teaser__content\">\n        <h2 class=\"a-teaser__title\">V\u00fdro\u010dn\u00e9 a Finan\u010dn\u00e9 spr\u00e1vy<\/h2>\n        <div class=\"a-teaser__text\">\n            <p>MAGNA na Slovensku zverej\u0148uje ka\u017ed\u00fd rok v\u00fdro\u010dn\u00fa spr\u00e1vu, v ktorej podrobne popisuje svoju humanit\u00e1rnu zdravotn\u00edcku \u010dinnos\u0165, ktor\u00fa sme vykonali \u2013 kde sme pracovali, ak\u00e9 v\u00fdzvy sme museli rie\u0161i\u0165 a ak\u00e9 rozdiely n\u00e1m na\u0161i priaznivci pomohli urobi\u0165 v \u017eivotoch \u013eud\u00ed, ktor\u00ed sa stali zranite\u013en\u00fdmi v d\u00f4sledku konfliktov, chor\u00f4b a pr\u00edrodn\u00fdch zdrojov. katastrofy a vyl\u00fa\u010denie zo zdravotnej starostlivosti.<\/p>\n\n        <\/div>\n            <div class=\"a-teaser__cta\">\n                <a href=\"https:\/\/www.magna.org\/sk\/wp-content\/uploads\/2026\/01\/sk-magna-fr-2024-sk-final-magna-fr-2024-sk-final.pdf\" target=\"\" class=\"e-link e-link--dark\">FINAN\u010cN\u00c1 SPR\u00c1VA 2024<\/a>\n            <\/div>\n            <div class=\"a-teaser__cta\">\n                <a href=\"https:\/\/www.magna.org\/sk\/wp-content\/uploads\/2025\/03\/sk.magna.org-magna-fr-2023-sk-k07-magna-fr-2023-sk-k07.pdf\" target=\"_blank\" class=\"e-link e-link--dark\">FINAN\u010cN\u00c1 SPR\u00c1VA 2023<\/a>\n            <\/div>\n            <div class=\"a-teaser__cta\">\n                <a href=\"https:\/\/www.magna.org\/sk\/wp-content\/uploads\/2024\/02\/sk.magna.org-magna-fr-2022-sk.pdf\" target=\"_blank\" class=\"e-link e-link--dark\">FINAN\u010cN\u00c1 SPR\u00c1VA 2022<\/a>\n            <\/div>\n            <div class=\"a-teaser__cta\">\n                <a href=\"https:\/\/www.magna.org\/sk\/wp-content\/uploads\/2023\/01\/www.magna.org-ar-2021-sk.pdf\" target=\"_blank\" class=\"e-link e-link--dark\">V\u00fdro\u010dn\u00e1 spr\u00e1va 2021<\/a>\n            <\/div>\n            <div class=\"a-teaser__cta\">\n                <a href=\"https:\/\/www.magna.org\/sk\/wp-content\/uploads\/2023\/01\/www.magna.org-ar-2020-sk.pdf\" target=\"_blank\" class=\"e-link e-link--dark\">V\u00fdro\u010dn\u00e1 spr\u00e1va 2020<\/a>\n            <\/div>\n            <div class=\"a-teaser__cta\">\n                <a href=\"https:\/\/www.magna.org\/sk\/wp-content\/uploads\/2022\/12\/magna.makes.website-ar-2019-sk.pdf\" target=\"_blank\" class=\"e-link e-link--dark\">V\u00fdro\u010dn\u00e1 spr\u00e1va 2019<\/a>\n            <\/div>\n            <div class=\"a-teaser__cta\">\n                <a href=\"https:\/\/www.magna.org\/sk\/wp-content\/uploads\/2022\/12\/magna.makes.website-ar-2018-sk.pdf\" target=\"_blank\" class=\"e-link e-link--dark\">V\u00fdro\u010dn\u00e1 spr\u00e1va 2018<\/a>\n            <\/div>\n            <div class=\"a-teaser__cta\">\n                <a href=\"https:\/\/www.magna.org\/sk\/wp-content\/uploads\/2022\/12\/magna.makes.website-ar-2017-sk.pdf\" target=\"_blank\" class=\"e-link e-link--dark\">V\u00fdro\u010dn\u00e1 spr\u00e1va 2017<\/a>\n            <\/div>\n            <div class=\"a-teaser__cta\">\n                <a href=\"https:\/\/www.magna.org\/sk\/wp-content\/uploads\/2022\/12\/magna.makes.website-ar-2016-sk.pdf\" target=\"_blank\" class=\"e-link e-link--dark\">V\u00fdro\u010dn\u00e1 spr\u00e1va 2016<\/a>\n            <\/div>\n            <div class=\"a-teaser__cta\">\n                <a href=\"https:\/\/www.magna.org\/sk\/wp-content\/uploads\/2022\/12\/magna.makes.website-ar-2015-sk.pdf\" target=\"_blank\" class=\"e-link e-link--dark\">V\u00fdro\u010dn\u00e1 spr\u00e1va 2015<\/a>\n            <\/div>\n            <div class=\"a-teaser__cta\">\n                <a href=\"https:\/\/www.magna.org\/sk\/wp-content\/uploads\/2022\/12\/magna.makes.website-ar-2014-sk.pdf\" target=\"_blank\" class=\"e-link e-link--dark\">V\u00fdro\u010dn\u00e1 spr\u00e1va 2014<\/a>\n            <\/div>\n    <\/div>\n    <div class=\"a-teaser__image\">\n        <div class=\"a-teaser__img\" style=\"background-image:url('https\\:\\\/\\\/www\\.magna\\.org\\\/sk\\\/wp-content\\\/uploads\\\/2022\\\/12\\\/mb20100045g-46\\.jpg')\"><\/div>\n    <\/div>\n<\/article>        <\/div>\n    <\/div>\n<\/section>\n\n<section class=\"s-interventions hc-section-space--normal\">\n    <div class=\"s-interventions__inner\">\n        <h2 class=\"s-interventions__title\">Aktivity v \u010d\u00edslach<\/h2>\n        <div class=\"s-interventions__content\">\n            <div class=\"s-interventions__items s-interventions__items--4\">\n                <div class=\"s-interventions__item\">\n                    <div class=\"s-interventions__item-wrap\">\n                        <div class=\"s-interventions__item-image\">\n                            <img loading=\"lazy\" decoding=\"async\" width=\"128\" height=\"122\" src=\"https:\/\/www.magna.org\/sk\/wp-content\/uploads\/2022\/11\/homepage-vaccination-s-128x122.png\" class=\"attachment-magna-icons size-magna-icons\" alt=\"\" srcset=\"https:\/\/www.magna.org\/sk\/wp-content\/uploads\/2022\/11\/homepage-vaccination-s-128x122.png 128w, https:\/\/www.magna.org\/sk\/wp-content\/uploads\/2022\/11\/homepage-vaccination-s-256x244.png 256w\" sizes=\"auto, (max-width: 128px) 100vw, 128px\" \/>\n                        <\/div>\n                        <h4 class=\"s-interventions__item-title\">320 000 ambulantn\u00fdch lek\u00e1rskych konzult\u00e1c\u00ed\u00ed<\/h4>\n                    <\/div>\n                <\/div>\n                <div class=\"s-interventions__item\">\n                    <div class=\"s-interventions__item-wrap\">\n                        <div class=\"s-interventions__item-image\">\n                            <img loading=\"lazy\" decoding=\"async\" width=\"128\" height=\"122\" src=\"https:\/\/www.magna.org\/sk\/wp-content\/uploads\/2022\/11\/homepage-malnutrition-s-128x122.png\" class=\"attachment-magna-icons size-magna-icons\" alt=\"\" srcset=\"https:\/\/www.magna.org\/sk\/wp-content\/uploads\/2022\/11\/homepage-malnutrition-s-128x122.png 128w, https:\/\/www.magna.org\/sk\/wp-content\/uploads\/2022\/11\/homepage-malnutrition-s-256x244.png 256w\" sizes=\"auto, (max-width: 128px) 100vw, 128px\" \/>\n                        <\/div>\n                        <h4 class=\"s-interventions__item-title\">22 800 lie\u010den\u00fdch podv\u00fd\u017eiven\u00fdch det\u00ed<\/h4>\n                    <\/div>\n                <\/div>\n                <div class=\"s-interventions__item\">\n                    <div class=\"s-interventions__item-wrap\">\n                        <div class=\"s-interventions__item-image\">\n                            <img loading=\"lazy\" decoding=\"async\" width=\"128\" height=\"122\" src=\"https:\/\/www.magna.org\/sk\/wp-content\/uploads\/2022\/11\/homepage-hiv-s-128x122.png\" class=\"attachment-magna-icons size-magna-icons\" alt=\"\" srcset=\"https:\/\/www.magna.org\/sk\/wp-content\/uploads\/2022\/11\/homepage-hiv-s-128x122.png 128w, https:\/\/www.magna.org\/sk\/wp-content\/uploads\/2022\/11\/homepage-hiv-s-256x244.png 256w\" sizes=\"auto, (max-width: 128px) 100vw, 128px\" \/>\n                        <\/div>\n                        <h4 class=\"s-interventions__item-title\">3 500 lie\u010den\u00fdch det\u00ed v programe HIV\/AIDS<\/h4>\n                    <\/div>\n                <\/div>\n                <div class=\"s-interventions__item\">\n                    <div class=\"s-interventions__item-wrap\">\n                        <div class=\"s-interventions__item-image\">\n                            <img loading=\"lazy\" decoding=\"async\" width=\"128\" height=\"122\" src=\"https:\/\/www.magna.org\/sk\/wp-content\/uploads\/2022\/11\/homepage-rape-s-128x122.png\" class=\"attachment-magna-icons size-magna-icons\" alt=\"\" srcset=\"https:\/\/www.magna.org\/sk\/wp-content\/uploads\/2022\/11\/homepage-rape-s-128x122.png 128w, https:\/\/www.magna.org\/sk\/wp-content\/uploads\/2022\/11\/homepage-rape-s-256x244.png 256w\" sizes=\"auto, (max-width: 128px) 100vw, 128px\" \/>\n                        <\/div>\n                        <h4 class=\"s-interventions__item-title\">5 200 lie\u010den\u00fdch obet\u00ed sexu\u00e1lneho n\u00e1silia<\/h4>\n                    <\/div>\n                <\/div>\n            <\/div>\n        <\/div>\n    <\/div>\n<\/section>\n\n<section class=\"s-panels hc-section-space--normal\">\n    <div class=\"s-panels__inner\">\n        <div class=\"s-panels__aside s-panels__aside--empty\"><\/div>\n        <div class=\"s-panels__content\">\n<article class=\"a-teaser\">\n    <div class=\"a-teaser__content\">\n        <h2 class=\"a-teaser__title\">Verejn\u00e9 zbierky<\/h2>\n        <div class=\"a-teaser__text\">\n            <div>\n<div>\n<p>Dary, ktor\u00e9 posielate v r\u00e1mci verejnej zbierky, vyu\u017e\u00edvame za \u00fa\u010delom okam\u017eite zasiahnu\u0165 a pom\u00f4c\u0165 postihnut\u00e9mu miestnemu obyvate\u013estvu v pr\u00edpade n\u00fadzovej situ\u00e1cie.<\/p>\n<p>Verejn\u00e1 zbierka\u00a0je registrovan\u00e1 na Ministerstve vn\u00fatra SR pod spisov\u00fdm \u010d\u00edslom\u00a0SVS-OVS2-2021\/040494-004.<\/p>\n<\/div>\n<\/div>\n\n        <\/div>\n            <div class=\"a-teaser__cta\">\n                <a href=\"https:\/\/www.magna.org\/sk\/wp-content\/uploads\/2023\/04\/www.magna.org-predbezna-sprava-verejnej-zbierky-2022.pdf\" target=\"\" class=\"e-link e-link--dark\">Predbe\u017en\u00e1 spr\u00e1va 2022<\/a>\n            <\/div>\n            <div class=\"a-teaser__cta\">\n                <a href=\"https:\/\/www.magna.org\/sk\/wp-content\/uploads\/2023\/03\/www.magna.org-predbezne-vyuctovanievz2021-2022.pdf\" target=\"\" class=\"e-link e-link--dark\">Predbe\u017en\u00e1 spr\u00e1va 2021<\/a>\n            <\/div>\n            <div class=\"a-teaser__cta\">\n                <a href=\"https:\/\/www.magna.org\/sk\/wp-content\/uploads\/2023\/03\/www.magna.org-2021-zaverecna-sprava-verjnej-zbierky-2020-2021.pdf\" target=\"\" class=\"e-link e-link--dark\">Z\u00e1vere\u010dn\u00e1 spr\u00e1va 2020<\/a>\n            <\/div>\n            <div class=\"a-teaser__cta\">\n                <a href=\"https:\/\/www.magna.org\/sk\/wp-content\/uploads\/2023\/03\/www.magna.org-verejna-zbierka2019-2020-zaverecna-sprava.pdf\" target=\"\" class=\"e-link e-link--dark\">Z\u00e1vere\u010dn\u00e1 spr\u00e1va 2019<\/a>\n            <\/div>\n    <\/div>\n    <div class=\"a-teaser__image\">\n        <div class=\"a-teaser__img\" style=\"background-image:url('https\\:\\\/\\\/www\\.magna\\.org\\\/sk\\\/wp-content\\\/uploads\\\/2022\\\/08\\\/homepage-kto-sme-img-8217\\.jpg')\"><\/div>\n    <\/div>\n<\/article>        <\/div>\n    <\/div>\n<\/section>","protected":false},"excerpt":{"rendered":"","protected":false},"author":2,"featured_media":5708,"parent":25,"menu_order":1,"comment_status":"closed","ping_status":"closed","template":"page-full.php","meta":{"_acf_changed":false,"inline_featured_image":false,"footnotes":""},"class_list":["post-334","page","type-page","status-publish","has-post-thumbnail","hentry"],"acf":[],"yoast_head":"<!-- This site is optimized with the Yoast SEO plugin v24.3 - https:\/\/yoast.com\/wordpress\/plugins\/seo\/ -->\n<title>Financie a reporty<\/title>\n<meta name=\"description\" content=\"Pokia\u013e ide o z\u00edskavanie a m\u00ed\u0148anie finan\u010dn\u00fdch prostriedkov, uplat\u0148ujeme rovnak\u00e9 z\u00e1sady transparentnosti a zodpovednosti, ktor\u00fdmi sa riadi v\u0161etka na\u0161a pr\u00e1ca.\" \/>\n<meta name=\"robots\" content=\"index, follow, max-snippet:-1, max-image-preview:large, max-video-preview:-1\" \/>\n<link rel=\"canonical\" href=\"https:\/\/www.magna.org\/sk\/kto-sme\/financie-a-reporty\/\" \/>\n<meta property=\"og:locale\" content=\"en_US\" \/>\n<meta property=\"og:type\" content=\"article\" \/>\n<meta property=\"og:title\" content=\"Financie a reporty\" \/>\n<meta property=\"og:description\" content=\"Pokia\u013e ide o z\u00edskavanie a m\u00ed\u0148anie finan\u010dn\u00fdch prostriedkov, uplat\u0148ujeme rovnak\u00e9 z\u00e1sady transparentnosti a zodpovednosti, ktor\u00fdmi sa riadi v\u0161etka na\u0161a pr\u00e1ca.\" \/>\n<meta property=\"og:url\" content=\"https:\/\/www.magna.org\/sk\/kto-sme\/financie-a-reporty\/\" \/>\n<meta property=\"og:site_name\" content=\"Magna\" \/>\n<meta property=\"article:modified_time\" content=\"2026-01-20T12:15:12+00:00\" \/>\n<meta property=\"og:image\" content=\"https:\/\/www.magna.org\/sk\/wp-content\/uploads\/2022\/11\/homepage-juzny-sudan-zdravotna-a-nutricna-starostlivost-v-duk-paggak-mb201902g0191-e1669889697547.jpg\" \/>\n\t<meta property=\"og:image:width\" content=\"1759\" \/>\n\t<meta property=\"og:image:height\" content=\"1008\" \/>\n\t<meta property=\"og:image:type\" content=\"image\/jpeg\" \/>\n<meta name=\"twitter:card\" content=\"summary_large_image\" \/>\n<meta name=\"twitter:label1\" content=\"Est. reading time\" \/>\n\t<meta name=\"twitter:data1\" content=\"1 minute\" \/>\n<script type=\"application\/ld+json\" class=\"yoast-schema-graph\">{\"@context\":\"https:\/\/schema.org\",\"@graph\":[{\"@type\":\"WebPage\",\"@id\":\"https:\/\/www.magna.org\/sk\/kto-sme\/financie-a-reporty\/\",\"url\":\"https:\/\/www.magna.org\/sk\/kto-sme\/financie-a-reporty\/\",\"name\":\"Financie a reporty\",\"isPartOf\":{\"@id\":\"https:\/\/www.magna.org\/sk\/#website\"},\"primaryImageOfPage\":{\"@id\":\"https:\/\/www.magna.org\/sk\/kto-sme\/financie-a-reporty\/#primaryimage\"},\"image\":{\"@id\":\"https:\/\/www.magna.org\/sk\/kto-sme\/financie-a-reporty\/#primaryimage\"},\"thumbnailUrl\":\"https:\/\/www.magna.org\/sk\/wp-content\/uploads\/2022\/11\/homepage-juzny-sudan-zdravotna-a-nutricna-starostlivost-v-duk-paggak-mb201902g0191-e1669889697547.jpg\",\"datePublished\":\"2022-09-07T19:45:49+00:00\",\"dateModified\":\"2026-01-20T12:15:12+00:00\",\"description\":\"Pokia\u013e ide o z\u00edskavanie a m\u00ed\u0148anie finan\u010dn\u00fdch prostriedkov, uplat\u0148ujeme rovnak\u00e9 z\u00e1sady transparentnosti a zodpovednosti, ktor\u00fdmi sa riadi v\u0161etka na\u0161a pr\u00e1ca.\",\"breadcrumb\":{\"@id\":\"https:\/\/www.magna.org\/sk\/kto-sme\/financie-a-reporty\/#breadcrumb\"},\"inLanguage\":\"en-US\",\"potentialAction\":[{\"@type\":\"ReadAction\",\"target\":[\"https:\/\/www.magna.org\/sk\/kto-sme\/financie-a-reporty\/\"]}]},{\"@type\":\"ImageObject\",\"inLanguage\":\"en-US\",\"@id\":\"https:\/\/www.magna.org\/sk\/kto-sme\/financie-a-reporty\/#primaryimage\",\"url\":\"https:\/\/www.magna.org\/sk\/wp-content\/uploads\/2022\/11\/homepage-juzny-sudan-zdravotna-a-nutricna-starostlivost-v-duk-paggak-mb201902g0191-e1669889697547.jpg\",\"contentUrl\":\"https:\/\/www.magna.org\/sk\/wp-content\/uploads\/2022\/11\/homepage-juzny-sudan-zdravotna-a-nutricna-starostlivost-v-duk-paggak-mb201902g0191-e1669889697547.jpg\",\"width\":1759,\"height\":1008},{\"@type\":\"BreadcrumbList\",\"@id\":\"https:\/\/www.magna.org\/sk\/kto-sme\/financie-a-reporty\/#breadcrumb\",\"itemListElement\":[{\"@type\":\"ListItem\",\"position\":1,\"name\":\"Home\",\"item\":\"https:\/\/www.magna.org\/sk\/\"},{\"@type\":\"ListItem\",\"position\":2,\"name\":\"Kto sme\",\"item\":\"https:\/\/www.magna.org\/sk\/kto-sme\/\"},{\"@type\":\"ListItem\",\"position\":3,\"name\":\"Financie a reporty\"}]},{\"@type\":\"WebSite\",\"@id\":\"https:\/\/www.magna.org\/sk\/#website\",\"url\":\"https:\/\/www.magna.org\/sk\/\",\"name\":\"Magna\",\"description\":\"Just another WordPress site\",\"potentialAction\":[{\"@type\":\"SearchAction\",\"target\":{\"@type\":\"EntryPoint\",\"urlTemplate\":\"https:\/\/www.magna.org\/sk\/?s={search_term_string}\"},\"query-input\":{\"@type\":\"PropertyValueSpecification\",\"valueRequired\":true,\"valueName\":\"search_term_string\"}}],\"inLanguage\":\"en-US\"}]}<\/script>\n<!-- \/ Yoast SEO plugin. -->","yoast_head_json":{"title":"Financie a reporty","description":"Pokia\u013e ide o z\u00edskavanie a m\u00ed\u0148anie finan\u010dn\u00fdch prostriedkov, uplat\u0148ujeme rovnak\u00e9 z\u00e1sady transparentnosti a zodpovednosti, ktor\u00fdmi sa riadi v\u0161etka na\u0161a pr\u00e1ca.","robots":{"index":"index","follow":"follow","max-snippet":"max-snippet:-1","max-image-preview":"max-image-preview:large","max-video-preview":"max-video-preview:-1"},"canonical":"https:\/\/www.magna.org\/sk\/kto-sme\/financie-a-reporty\/","og_locale":"en_US","og_type":"article","og_title":"Financie a reporty","og_description":"Pokia\u013e ide o z\u00edskavanie a m\u00ed\u0148anie finan\u010dn\u00fdch prostriedkov, uplat\u0148ujeme rovnak\u00e9 z\u00e1sady transparentnosti a zodpovednosti, ktor\u00fdmi sa riadi v\u0161etka na\u0161a pr\u00e1ca.","og_url":"https:\/\/www.magna.org\/sk\/kto-sme\/financie-a-reporty\/","og_site_name":"Magna","article_modified_time":"2026-01-20T12:15:12+00:00","og_image":[{"width":1759,"height":1008,"url":"https:\/\/www.magna.org\/sk\/wp-content\/uploads\/2022\/11\/homepage-juzny-sudan-zdravotna-a-nutricna-starostlivost-v-duk-paggak-mb201902g0191-e1669889697547.jpg","type":"image\/jpeg"}],"twitter_card":"summary_large_image","twitter_misc":{"Est. reading time":"1 minute"},"schema":{"@context":"https:\/\/schema.org","@graph":[{"@type":"WebPage","@id":"https:\/\/www.magna.org\/sk\/kto-sme\/financie-a-reporty\/","url":"https:\/\/www.magna.org\/sk\/kto-sme\/financie-a-reporty\/","name":"Financie a reporty","isPartOf":{"@id":"https:\/\/www.magna.org\/sk\/#website"},"primaryImageOfPage":{"@id":"https:\/\/www.magna.org\/sk\/kto-sme\/financie-a-reporty\/#primaryimage"},"image":{"@id":"https:\/\/www.magna.org\/sk\/kto-sme\/financie-a-reporty\/#primaryimage"},"thumbnailUrl":"https:\/\/www.magna.org\/sk\/wp-content\/uploads\/2022\/11\/homepage-juzny-sudan-zdravotna-a-nutricna-starostlivost-v-duk-paggak-mb201902g0191-e1669889697547.jpg","datePublished":"2022-09-07T19:45:49+00:00","dateModified":"2026-01-20T12:15:12+00:00","description":"Pokia\u013e ide o z\u00edskavanie a m\u00ed\u0148anie finan\u010dn\u00fdch prostriedkov, uplat\u0148ujeme rovnak\u00e9 z\u00e1sady transparentnosti a zodpovednosti, ktor\u00fdmi sa riadi v\u0161etka na\u0161a pr\u00e1ca.","breadcrumb":{"@id":"https:\/\/www.magna.org\/sk\/kto-sme\/financie-a-reporty\/#breadcrumb"},"inLanguage":"en-US","potentialAction":[{"@type":"ReadAction","target":["https:\/\/www.magna.org\/sk\/kto-sme\/financie-a-reporty\/"]}]},{"@type":"ImageObject","inLanguage":"en-US","@id":"https:\/\/www.magna.org\/sk\/kto-sme\/financie-a-reporty\/#primaryimage","url":"https:\/\/www.magna.org\/sk\/wp-content\/uploads\/2022\/11\/homepage-juzny-sudan-zdravotna-a-nutricna-starostlivost-v-duk-paggak-mb201902g0191-e1669889697547.jpg","contentUrl":"https:\/\/www.magna.org\/sk\/wp-content\/uploads\/2022\/11\/homepage-juzny-sudan-zdravotna-a-nutricna-starostlivost-v-duk-paggak-mb201902g0191-e1669889697547.jpg","width":1759,"height":1008},{"@type":"BreadcrumbList","@id":"https:\/\/www.magna.org\/sk\/kto-sme\/financie-a-reporty\/#breadcrumb","itemListElement":[{"@type":"ListItem","position":1,"name":"Home","item":"https:\/\/www.magna.org\/sk\/"},{"@type":"ListItem","position":2,"name":"Kto sme","item":"https:\/\/www.magna.org\/sk\/kto-sme\/"},{"@type":"ListItem","position":3,"name":"Financie a reporty"}]},{"@type":"WebSite","@id":"https:\/\/www.magna.org\/sk\/#website","url":"https:\/\/www.magna.org\/sk\/","name":"Magna","description":"Just another WordPress site","potentialAction":[{"@type":"SearchAction","target":{"@type":"EntryPoint","urlTemplate":"https:\/\/www.magna.org\/sk\/?s={search_term_string}"},"query-input":{"@type":"PropertyValueSpecification","valueRequired":true,"valueName":"search_term_string"}}],"inLanguage":"en-US"}]}},"_links":{"self":[{"href":"https:\/\/www.magna.org\/sk\/wp-json\/wp\/v2\/pages\/334","targetHints":{"allow":["GET"]}}],"collection":[{"href":"https:\/\/www.magna.org\/sk\/wp-json\/wp\/v2\/pages"}],"about":[{"href":"https:\/\/www.magna.org\/sk\/wp-json\/wp\/v2\/types\/page"}],"author":[{"embeddable":true,"href":"https:\/\/www.magna.org\/sk\/wp-json\/wp\/v2\/users\/2"}],"replies":[{"embeddable":true,"href":"https:\/\/www.magna.org\/sk\/wp-json\/wp\/v2\/comments?post=334"}],"version-history":[{"count":313,"href":"https:\/\/www.magna.org\/sk\/wp-json\/wp\/v2\/pages\/334\/revisions"}],"predecessor-version":[{"id":17275,"href":"https:\/\/www.magna.org\/sk\/wp-json\/wp\/v2\/pages\/334\/revisions\/17275"}],"up":[{"embeddable":true,"href":"https:\/\/www.magna.org\/sk\/wp-json\/wp\/v2\/pages\/25"}],"wp:featuredmedia":[{"embeddable":true,"href":"https:\/\/www.magna.org\/sk\/wp-json\/wp\/v2\/media\/5708"}],"wp:attachment":[{"href":"https:\/\/www.magna.org\/sk\/wp-json\/wp\/v2\/media?parent=334"}],"curies":[{"name":"wp","href":"https:\/\/api.w.org\/{rel}","templated":true}]}}