{"id":3725,"date":"2022-11-14T19:29:15","date_gmt":"2022-11-14T19:29:15","guid":{"rendered":"https:\/\/www.magna.org\/sk\/?page_id=3725"},"modified":"2025-11-30T18:13:06","modified_gmt":"2025-11-30T18:13:06","slug":"stante-sa-pravidelnym-darcom","status":"publish","type":"page","link":"https:\/\/www.magna.org\/sk\/ako-darovat\/stante-sa-pravidelnym-darcom\/","title":{"rendered":"Pom\u00e1hajte ka\u017ed\u00fd mesiac"},"content":{"rendered":"<section class=\"s-home-hero s-home-hero--white hc-section-space--normal\">\n    <div class=\"s-home-hero__inner\">\n        <div class=\"s-home-hero__media\">\n            <img loading=\"lazy\" decoding=\"async\" width=\"698\" height=\"524\" src=\"https:\/\/www.magna.org\/sk\/wp-content\/uploads\/2022\/11\/homepage-nikaragua-mb2010010g0330-698x524.jpg\" class=\"attachment-magna-hero size-magna-hero\" alt=\"\" srcset=\"https:\/\/www.magna.org\/sk\/wp-content\/uploads\/2022\/11\/homepage-nikaragua-mb2010010g0330-698x524.jpg 698w, https:\/\/www.magna.org\/sk\/wp-content\/uploads\/2022\/11\/homepage-nikaragua-mb2010010g0330-1396x1048.jpg 1396w\" sizes=\"auto, (max-width: 698px) 100vw, 698px\" \/>\n        <\/div>\n        <div class=\"s-home-hero__content\">\n            <h2 class=\"s-home-hero__title\">Pridajte sa<\/h2>\n            <div class=\"s-home-hero__text\">\n                <p>Ako pravideln\u00fd darca zohr\u00e1vate v na\u0161ej pr\u00e1ci d\u00f4le\u017eit\u00fa \u00falohu. V\u010faka v\u00e1m sme pripraven\u00ed zachra\u0148ova\u0165 \u017eivoty v \u010do najkrat\u0161om \u010dase.<\/p>\n            <\/div>\n            <div class=\"s-home-hero__cta\">\n                <a href=\"https:\/\/dar.magna.org\/dar\/\" target=\"\" class=\"e-btn e-btn--dark\">Chcem pom\u00e1ha\u0165 <\/a>\n            <\/div>\n        <\/div>\n    <\/div>\n<\/section>\n\n<div class=\"e-content-text\"><div class=\"e-content-text__inner\">\n<h2 class=\"wp-block-heading\">Pre\u010do sa sta\u0165 pravideln\u00fdm darcom?<\/h2>\n<\/div><\/div>\n\n<div class=\"e-content-text\"><div class=\"e-content-text__inner\">\n<p>Pravideln\u00ed darcovia &#8211; Magna partneri &#8211; poskytuj\u00fa pravide\u013en\u00fd dar, ktor\u00fd sa automaticky prev\u00e1dza ka\u017ed\u00fd mesiac z kreditnej\/debetnej karty alebo pomocou trval\u00e9ho pr\u00edkazu z ich bankov\u00e9ho \u00fa\u010dtu. V\u00e1\u0161 pravideln\u00fd dar si m\u00f4\u017eete kedyko\u013evek pozastavi\u0165.<\/p>\n<\/div><\/div>\n\n<div class=\"e-content-text\"><div class=\"e-content-text__inner\">\n<p><strong>Bez oh\u013eadu na sumu m\u00e1 v\u00e1\u0161 opakovan\u00fd dar ve\u013ek\u00fd vplyv. Pravideln\u00e9 dary n\u00e1m umo\u017e\u0148uj\u00fa r\u00fdchlo reagova\u0165, ke\u010f nastane kr\u00edza. V\u010faka v\u00e1m m\u00f4\u017eeme zasiahnu\u0165 ihne\u010f.<\/strong><\/p>\n<\/div><\/div>\n\n<div class=\"e-content-text\"><div class=\"e-content-text__inner\">\n<ul class=\"wp-block-list\">\n<li><strong><a href=\"https:\/\/dar.magna.org\/dar\/\">Darujte online<\/a><\/strong><\/li>\n<\/ul>\n<\/div><\/div>\n\n<div class=\"e-content-text\"><div class=\"e-content-text__inner\">\n<ul class=\"wp-block-list\">\n<li><strong><a href=\"https:\/\/dar.magna.org\/dar\/\">Vytvorte si trval\u00fd pr\u00edkaz<\/a><\/strong><br>Zvo\u013ete si mo\u017enos\u0165 platby bankov\u00fdm prevodom a po registr\u00e1cii, obdr\u017e\u00edte mail s va\u0161im unik\u00e1tnym variabiln\u00fdm symbolom a v\u0161etk\u00fdmi inform\u00e1ciami, aby ste si mohli vo svojej banke zriadi\u0165 trval\u00fd pr\u00edkaz a za\u010da\u0165 pom\u00e1ha\u0165 s nami.<\/li>\n<\/ul>\n<\/div><\/div>\n\n<div class=\"e-content-text\"><div class=\"e-content-text__inner\">\n<ul class=\"wp-block-list\">\n<li><strong><a href=\"sms:806;?&amp;body=MAGNA9\">Pom\u00e1hajte cez SMS<\/a><\/strong><br>R\u00fdchly a efekt\u00edvny sp\u00f4sob ako darova\u0165 je cez v\u00e1\u0161 mobil. Sta\u010d\u00ed posla\u0165 SMS v tvare MAGNA9 na \u010d\u00edslo 806 a nastav\u00edte si pravideln\u00e9 prispievanie v hodnote 9-Eur ka\u017ed\u00fd mesiac.<\/li>\n<\/ul>\n<\/div><\/div>\n\n<div class=\"e-content-cite\">\n    <blockquote class=\"e-content-cite__wrap\">\n        <div class=\"e-content-cite__text\">Na\u0161e t\u00edmy na mieste sa \u010dasto stret\u00e1vaj\u00fa s neo\u010dak\u00e1van\u00fdmi kr\u00edzami. Pravideln\u00e9 dary n\u00e1m umo\u017e\u0148uj\u00fa r\u00fdchlo a efekt\u00edvne zasiahnu\u0165 v \u010dase n\u00fadze.<\/div>\n        <div class=\"e-content-cite__author\">Martin Bandzak, v\u00fdkonn\u00fd riadite\u013e MAGNA<\/div>\n    <\/blockquote>\n<\/div>\n\n<div class=\"e-content-media e-content-media--md\">\n            <img loading=\"lazy\" decoding=\"async\" width=\"1058\" height=\"705\" src=\"https:\/\/www.magna.org\/sk\/wp-content\/uploads\/2022\/11\/homepage-dr-kongo-mb201801g02549-1058x705.jpg\" class=\"attachment-magna-md size-magna-md\" alt=\"\" srcset=\"https:\/\/www.magna.org\/sk\/wp-content\/uploads\/2022\/11\/homepage-dr-kongo-mb201801g02549-1058x705.jpg 1058w, https:\/\/www.magna.org\/sk\/wp-content\/uploads\/2022\/11\/homepage-dr-kongo-mb201801g02549-300x200.jpg 300w, https:\/\/www.magna.org\/sk\/wp-content\/uploads\/2022\/11\/homepage-dr-kongo-mb201801g02549-1024x683.jpg 1024w, https:\/\/www.magna.org\/sk\/wp-content\/uploads\/2022\/11\/homepage-dr-kongo-mb201801g02549-768x512.jpg 768w, https:\/\/www.magna.org\/sk\/wp-content\/uploads\/2022\/11\/homepage-dr-kongo-mb201801g02549-1536x1024.jpg 1536w, https:\/\/www.magna.org\/sk\/wp-content\/uploads\/2022\/11\/homepage-dr-kongo-mb201801g02549-552x368.jpg 552w, https:\/\/www.magna.org\/sk\/wp-content\/uploads\/2022\/11\/homepage-dr-kongo-mb201801g02549-384x256.jpg 384w, https:\/\/www.magna.org\/sk\/wp-content\/uploads\/2022\/11\/homepage-dr-kongo-mb201801g02549-676x451.jpg 676w, https:\/\/www.magna.org\/sk\/wp-content\/uploads\/2022\/11\/homepage-dr-kongo-mb201801g02549-1352x901.jpg 1352w, https:\/\/www.magna.org\/sk\/wp-content\/uploads\/2022\/11\/homepage-dr-kongo-mb201801g02549.jpg 1800w\" sizes=\"auto, (max-width: 1058px) 100vw, 1058px\" \/>\n<\/div>\n\n<div class=\"e-content-text\"><div class=\"e-content-text__inner\">\n<h3 class=\"wp-block-heading\">V\u00fdhody pravideln\u00e9ho daru<\/h3>\n<\/div><\/div>\n\n<div class=\"e-content-text\"><div class=\"e-content-text__inner\">\n<p><strong>Pohodlie<\/strong>. Raz za mesiac sa v\u00e1\u0161 dar automaticky prevedie z va\u0161ej kreditnej karty alebo bankov\u00e9ho \u00fa\u010dtu na \u00fa\u010det organiz\u00e1cie MAGNA. Nemus\u00edte sa stara\u0165 o ni\u010d, len z pohodlia va\u0161ej obyva\u010dky pom\u00e1hate zachra\u0148ova\u0165 \u017eivoty det\u00ed.<\/p>\n<\/div><\/div>\n\n<div class=\"e-content-text\"><div class=\"e-content-text__inner\">\n<p><strong>Kontrola<\/strong>. Nad va\u0161im darom m\u00e1te 100 percentn\u00fa kontrolu. Svoj dar m\u00f4\u017eete kedyko\u013evek pozastavi\u0165.<\/p>\n<\/div><\/div>\n\n<div class=\"e-content-text\"><div class=\"e-content-text__inner\">\n<p><strong>Ste s\u00fa\u010das\u0165ou komunity<\/strong>. Ako Magna Partner m\u00e1te pr\u00edstup k exkluz\u00edvnym udalostiam v na\u0161om Magna In\u0161it\u00fate, pozv\u00e1nkam na v\u00fdstavy, \u017eiv\u00e9 vstupy z ter\u00e9nu alebo r\u00f4zne \u010fa\u013e\u0161ie udalosti.<\/p>\n<\/div><\/div>\n\n<div class=\"e-content-text\"><div class=\"e-content-text__inner\">\n<p><strong>Komunik\u00e1cia<\/strong>. Viete kde, komu a ako pom\u00e1hate.<\/p>\n<\/div><\/div>","protected":false},"excerpt":{"rendered":"<p>Pre\u010do sa sta\u0165 pravideln\u00fdm darcom? Pravideln\u00ed darcovia &#8211; Magna partneri &#8211; poskytuj\u00fa pravide\u013en\u00fd dar, ktor\u00fd sa automaticky prev\u00e1dza ka\u017ed\u00fd mesiac z kreditnej\/debetnej karty alebo pomocou trval\u00e9ho pr\u00edkazu z ich bankov\u00e9ho \u00fa\u010dtu. V\u00e1\u0161 pravideln\u00fd dar si m\u00f4\u017eete kedyko\u013evek pozastavi\u0165. Bez oh\u013eadu na sumu m\u00e1 v\u00e1\u0161 opakovan\u00fd dar ve\u013ek\u00fd vplyv. Pravideln\u00e9 dary n\u00e1m umo\u017e\u0148uj\u00fa r\u00fdchlo reagova\u0165, ke\u010f [&hellip;]<\/p>\n","protected":false},"author":2,"featured_media":5540,"parent":862,"menu_order":0,"comment_status":"closed","ping_status":"closed","template":"page-article.php","meta":{"_acf_changed":false,"inline_featured_image":false,"footnotes":""},"class_list":["post-3725","page","type-page","status-publish","has-post-thumbnail","hentry"],"acf":[],"yoast_head":"<!-- This site is optimized with the Yoast SEO plugin v24.3 - https:\/\/yoast.com\/wordpress\/plugins\/seo\/ -->\n<title>Pom\u00e1hajte ka\u017ed\u00fd mesiac<\/title>\n<meta name=\"description\" content=\"Ako pravideln\u00fd darca zohr\u00e1vate v na\u0161ej pr\u00e1ci d\u00f4le\u017eit\u00fa \u00falohu. V\u010faka v\u00e1m sme pripraven\u00ed zachra\u0148ova\u0165 \u017eivoty v \u010do najkrat\u0161om \u010dase. Pridajte sa.\" \/>\n<meta name=\"robots\" content=\"index, follow, max-snippet:-1, max-image-preview:large, max-video-preview:-1\" \/>\n<link rel=\"canonical\" href=\"https:\/\/www.magna.org\/sk\/ako-darovat\/stante-sa-pravidelnym-darcom\/\" \/>\n<meta property=\"og:locale\" content=\"en_US\" \/>\n<meta property=\"og:type\" content=\"article\" \/>\n<meta property=\"og:title\" content=\"Pom\u00e1hajte ka\u017ed\u00fd mesiac\" \/>\n<meta property=\"og:description\" content=\"Ako pravideln\u00fd darca zohr\u00e1vate v na\u0161ej pr\u00e1ci d\u00f4le\u017eit\u00fa \u00falohu. V\u010faka v\u00e1m sme pripraven\u00ed zachra\u0148ova\u0165 \u017eivoty v \u010do najkrat\u0161om \u010dase. Pridajte sa.\" \/>\n<meta property=\"og:url\" content=\"https:\/\/www.magna.org\/sk\/ako-darovat\/stante-sa-pravidelnym-darcom\/\" \/>\n<meta property=\"og:site_name\" content=\"Magna\" \/>\n<meta property=\"article:modified_time\" content=\"2025-11-30T18:13:06+00:00\" \/>\n<meta property=\"og:image\" content=\"https:\/\/www.magna.org\/sk\/wp-content\/uploads\/2022\/11\/homepage-nikaragua-mb2010010g0330.jpg\" \/>\n\t<meta property=\"og:image:width\" content=\"1800\" \/>\n\t<meta property=\"og:image:height\" content=\"1200\" \/>\n\t<meta property=\"og:image:type\" content=\"image\/jpeg\" \/>\n<meta name=\"twitter:card\" content=\"summary_large_image\" \/>\n<meta name=\"twitter:label1\" content=\"Est. reading time\" \/>\n\t<meta name=\"twitter:data1\" content=\"2 minutes\" \/>\n<script type=\"application\/ld+json\" class=\"yoast-schema-graph\">{\"@context\":\"https:\/\/schema.org\",\"@graph\":[{\"@type\":\"WebPage\",\"@id\":\"https:\/\/www.magna.org\/sk\/ako-darovat\/stante-sa-pravidelnym-darcom\/\",\"url\":\"https:\/\/www.magna.org\/sk\/ako-darovat\/stante-sa-pravidelnym-darcom\/\",\"name\":\"Pom\u00e1hajte ka\u017ed\u00fd mesiac\",\"isPartOf\":{\"@id\":\"https:\/\/www.magna.org\/sk\/#website\"},\"primaryImageOfPage\":{\"@id\":\"https:\/\/www.magna.org\/sk\/ako-darovat\/stante-sa-pravidelnym-darcom\/#primaryimage\"},\"image\":{\"@id\":\"https:\/\/www.magna.org\/sk\/ako-darovat\/stante-sa-pravidelnym-darcom\/#primaryimage\"},\"thumbnailUrl\":\"https:\/\/www.magna.org\/sk\/wp-content\/uploads\/2022\/11\/homepage-nikaragua-mb2010010g0330.jpg\",\"datePublished\":\"2022-11-14T19:29:15+00:00\",\"dateModified\":\"2025-11-30T18:13:06+00:00\",\"description\":\"Ako pravideln\u00fd darca zohr\u00e1vate v na\u0161ej pr\u00e1ci d\u00f4le\u017eit\u00fa \u00falohu. V\u010faka v\u00e1m sme pripraven\u00ed zachra\u0148ova\u0165 \u017eivoty v \u010do najkrat\u0161om \u010dase. Pridajte sa.\",\"breadcrumb\":{\"@id\":\"https:\/\/www.magna.org\/sk\/ako-darovat\/stante-sa-pravidelnym-darcom\/#breadcrumb\"},\"inLanguage\":\"en-US\",\"potentialAction\":[{\"@type\":\"ReadAction\",\"target\":[\"https:\/\/www.magna.org\/sk\/ako-darovat\/stante-sa-pravidelnym-darcom\/\"]}]},{\"@type\":\"ImageObject\",\"inLanguage\":\"en-US\",\"@id\":\"https:\/\/www.magna.org\/sk\/ako-darovat\/stante-sa-pravidelnym-darcom\/#primaryimage\",\"url\":\"https:\/\/www.magna.org\/sk\/wp-content\/uploads\/2022\/11\/homepage-nikaragua-mb2010010g0330.jpg\",\"contentUrl\":\"https:\/\/www.magna.org\/sk\/wp-content\/uploads\/2022\/11\/homepage-nikaragua-mb2010010g0330.jpg\",\"width\":1800,\"height\":1200},{\"@type\":\"BreadcrumbList\",\"@id\":\"https:\/\/www.magna.org\/sk\/ako-darovat\/stante-sa-pravidelnym-darcom\/#breadcrumb\",\"itemListElement\":[{\"@type\":\"ListItem\",\"position\":1,\"name\":\"Home\",\"item\":\"https:\/\/www.magna.org\/sk\/\"},{\"@type\":\"ListItem\",\"position\":2,\"name\":\"Ako darova\u0165\",\"item\":\"https:\/\/www.magna.org\/sk\/ako-darovat\/\"},{\"@type\":\"ListItem\",\"position\":3,\"name\":\"Pom\u00e1hajte ka\u017ed\u00fd mesiac\"}]},{\"@type\":\"WebSite\",\"@id\":\"https:\/\/www.magna.org\/sk\/#website\",\"url\":\"https:\/\/www.magna.org\/sk\/\",\"name\":\"Magna\",\"description\":\"Just another WordPress site\",\"potentialAction\":[{\"@type\":\"SearchAction\",\"target\":{\"@type\":\"EntryPoint\",\"urlTemplate\":\"https:\/\/www.magna.org\/sk\/?s={search_term_string}\"},\"query-input\":{\"@type\":\"PropertyValueSpecification\",\"valueRequired\":true,\"valueName\":\"search_term_string\"}}],\"inLanguage\":\"en-US\"}]}<\/script>\n<!-- \/ Yoast SEO plugin. -->","yoast_head_json":{"title":"Pom\u00e1hajte ka\u017ed\u00fd mesiac","description":"Ako pravideln\u00fd darca zohr\u00e1vate v na\u0161ej pr\u00e1ci d\u00f4le\u017eit\u00fa \u00falohu. V\u010faka v\u00e1m sme pripraven\u00ed zachra\u0148ova\u0165 \u017eivoty v \u010do najkrat\u0161om \u010dase. Pridajte sa.","robots":{"index":"index","follow":"follow","max-snippet":"max-snippet:-1","max-image-preview":"max-image-preview:large","max-video-preview":"max-video-preview:-1"},"canonical":"https:\/\/www.magna.org\/sk\/ako-darovat\/stante-sa-pravidelnym-darcom\/","og_locale":"en_US","og_type":"article","og_title":"Pom\u00e1hajte ka\u017ed\u00fd mesiac","og_description":"Ako pravideln\u00fd darca zohr\u00e1vate v na\u0161ej pr\u00e1ci d\u00f4le\u017eit\u00fa \u00falohu. V\u010faka v\u00e1m sme pripraven\u00ed zachra\u0148ova\u0165 \u017eivoty v \u010do najkrat\u0161om \u010dase. Pridajte sa.","og_url":"https:\/\/www.magna.org\/sk\/ako-darovat\/stante-sa-pravidelnym-darcom\/","og_site_name":"Magna","article_modified_time":"2025-11-30T18:13:06+00:00","og_image":[{"width":1800,"height":1200,"url":"https:\/\/www.magna.org\/sk\/wp-content\/uploads\/2022\/11\/homepage-nikaragua-mb2010010g0330.jpg","type":"image\/jpeg"}],"twitter_card":"summary_large_image","twitter_misc":{"Est. reading time":"2 minutes"},"schema":{"@context":"https:\/\/schema.org","@graph":[{"@type":"WebPage","@id":"https:\/\/www.magna.org\/sk\/ako-darovat\/stante-sa-pravidelnym-darcom\/","url":"https:\/\/www.magna.org\/sk\/ako-darovat\/stante-sa-pravidelnym-darcom\/","name":"Pom\u00e1hajte ka\u017ed\u00fd mesiac","isPartOf":{"@id":"https:\/\/www.magna.org\/sk\/#website"},"primaryImageOfPage":{"@id":"https:\/\/www.magna.org\/sk\/ako-darovat\/stante-sa-pravidelnym-darcom\/#primaryimage"},"image":{"@id":"https:\/\/www.magna.org\/sk\/ako-darovat\/stante-sa-pravidelnym-darcom\/#primaryimage"},"thumbnailUrl":"https:\/\/www.magna.org\/sk\/wp-content\/uploads\/2022\/11\/homepage-nikaragua-mb2010010g0330.jpg","datePublished":"2022-11-14T19:29:15+00:00","dateModified":"2025-11-30T18:13:06+00:00","description":"Ako pravideln\u00fd darca zohr\u00e1vate v na\u0161ej pr\u00e1ci d\u00f4le\u017eit\u00fa \u00falohu. V\u010faka v\u00e1m sme pripraven\u00ed zachra\u0148ova\u0165 \u017eivoty v \u010do najkrat\u0161om \u010dase. Pridajte sa.","breadcrumb":{"@id":"https:\/\/www.magna.org\/sk\/ako-darovat\/stante-sa-pravidelnym-darcom\/#breadcrumb"},"inLanguage":"en-US","potentialAction":[{"@type":"ReadAction","target":["https:\/\/www.magna.org\/sk\/ako-darovat\/stante-sa-pravidelnym-darcom\/"]}]},{"@type":"ImageObject","inLanguage":"en-US","@id":"https:\/\/www.magna.org\/sk\/ako-darovat\/stante-sa-pravidelnym-darcom\/#primaryimage","url":"https:\/\/www.magna.org\/sk\/wp-content\/uploads\/2022\/11\/homepage-nikaragua-mb2010010g0330.jpg","contentUrl":"https:\/\/www.magna.org\/sk\/wp-content\/uploads\/2022\/11\/homepage-nikaragua-mb2010010g0330.jpg","width":1800,"height":1200},{"@type":"BreadcrumbList","@id":"https:\/\/www.magna.org\/sk\/ako-darovat\/stante-sa-pravidelnym-darcom\/#breadcrumb","itemListElement":[{"@type":"ListItem","position":1,"name":"Home","item":"https:\/\/www.magna.org\/sk\/"},{"@type":"ListItem","position":2,"name":"Ako darova\u0165","item":"https:\/\/www.magna.org\/sk\/ako-darovat\/"},{"@type":"ListItem","position":3,"name":"Pom\u00e1hajte ka\u017ed\u00fd mesiac"}]},{"@type":"WebSite","@id":"https:\/\/www.magna.org\/sk\/#website","url":"https:\/\/www.magna.org\/sk\/","name":"Magna","description":"Just another WordPress site","potentialAction":[{"@type":"SearchAction","target":{"@type":"EntryPoint","urlTemplate":"https:\/\/www.magna.org\/sk\/?s={search_term_string}"},"query-input":{"@type":"PropertyValueSpecification","valueRequired":true,"valueName":"search_term_string"}}],"inLanguage":"en-US"}]}},"_links":{"self":[{"href":"https:\/\/www.magna.org\/sk\/wp-json\/wp\/v2\/pages\/3725","targetHints":{"allow":["GET"]}}],"collection":[{"href":"https:\/\/www.magna.org\/sk\/wp-json\/wp\/v2\/pages"}],"about":[{"href":"https:\/\/www.magna.org\/sk\/wp-json\/wp\/v2\/types\/page"}],"author":[{"embeddable":true,"href":"https:\/\/www.magna.org\/sk\/wp-json\/wp\/v2\/users\/2"}],"replies":[{"embeddable":true,"href":"https:\/\/www.magna.org\/sk\/wp-json\/wp\/v2\/comments?post=3725"}],"version-history":[{"count":146,"href":"https:\/\/www.magna.org\/sk\/wp-json\/wp\/v2\/pages\/3725\/revisions"}],"predecessor-version":[{"id":17238,"href":"https:\/\/www.magna.org\/sk\/wp-json\/wp\/v2\/pages\/3725\/revisions\/17238"}],"up":[{"embeddable":true,"href":"https:\/\/www.magna.org\/sk\/wp-json\/wp\/v2\/pages\/862"}],"wp:featuredmedia":[{"embeddable":true,"href":"https:\/\/www.magna.org\/sk\/wp-json\/wp\/v2\/media\/5540"}],"wp:attachment":[{"href":"https:\/\/www.magna.org\/sk\/wp-json\/wp\/v2\/media?parent=3725"}],"curies":[{"name":"wp","href":"https:\/\/api.w.org\/{rel}","templated":true}]}}