{"id":6228,"date":"2022-12-02T08:58:13","date_gmt":"2022-12-02T08:58:13","guid":{"rendered":"https:\/\/www.magna.org\/sk\/?page_id=6228"},"modified":"2025-11-30T17:08:22","modified_gmt":"2025-11-30T17:08:22","slug":"kontaktujte-nas","status":"publish","type":"page","link":"https:\/\/www.magna.org\/sk\/kontaktujte-nas\/","title":{"rendered":"Kontaktujte n\u00e1s"},"content":{"rendered":"<section class=\"s-support hc-section-space--normal\">\n    <div class=\"s-support__header\">\n        <h1 class=\"s-support__title\">Kontaktujte n\u00e1s<\/h1>\n        <div class=\"s-support__intro\">\n            <p>MAGNA na Slovensku z\u00edskava materi\u00e1lne a finan\u010dn\u00e9 prostriedky pre humanit\u00e1rne zdravotn\u00edcke projekty, z\u00e1rove\u0148 vysielame pracovn\u00edkov do ter\u00e9nu. Takisto realizujeme eduka\u010dn\u00e9 a informa\u010dn\u00e9 kampane, spolupracujeme s m\u00e9diami a informujeme verejnos\u0165 o probl\u00e9moch \u013eud\u00ed v kr\u00edzov\u00fdch oblastiach sveta.<\/p>\n\n        <\/div>\n    <\/div>\n    <div class=\"s-support__content\">\n        <div class=\"s-support__items\">\n        <\/div>\n    <\/div>\n<\/section>\n\n<section class=\"s-home-hero s-home-hero--white hc-section-space--normal\">\n    <div class=\"s-home-hero__inner\">\n        <div class=\"s-home-hero__media\">\n            <img loading=\"lazy\" decoding=\"async\" width=\"698\" height=\"524\" src=\"https:\/\/www.magna.org\/sk\/wp-content\/uploads\/2022\/11\/homepage-juzny-sudan-zdravotna-a-nutricna-starostlivost-v-duk-paggak-mb201902g0351-e1669940997687-698x524.jpg\" class=\"attachment-magna-hero size-magna-hero\" alt=\"\" srcset=\"https:\/\/www.magna.org\/sk\/wp-content\/uploads\/2022\/11\/homepage-juzny-sudan-zdravotna-a-nutricna-starostlivost-v-duk-paggak-mb201902g0351-e1669940997687-698x524.jpg 698w, https:\/\/www.magna.org\/sk\/wp-content\/uploads\/2022\/11\/homepage-juzny-sudan-zdravotna-a-nutricna-starostlivost-v-duk-paggak-mb201902g0351-e1669940997687-1396x1048.jpg 1396w\" sizes=\"auto, (max-width: 698px) 100vw, 698px\" \/>\n        <\/div>\n        <div class=\"s-home-hero__content\">\n            <h2 class=\"s-home-hero__title\">M\u00e1te ot\u00e1zky?<\/h2>\n            <div class=\"s-home-hero__text\">\n                <p>Ak potrebujete pomoc, kontaktujte n\u00e1s mailom alebo zavolajte na \u010d\u00edslo +421 917 827 827 v pracovn\u00fdch d\u0148och od 9:00 do 17:00.<\/p>\n            <\/div>\n            <div class=\"s-home-hero__cta\">\n                <a href=\"mailto:info@magna.org\" target=\"\" class=\"e-btn e-btn--dark\">Kontaktujte n\u00e1s<\/a>\n            <\/div>\n        <\/div>\n    <\/div>\n<\/section>\n\n<section class=\"s-faq hc-section-space--normal\">\n    <div class=\"s-faq__inner\">\n        <h2 class=\"s-faq__title\"><\/h2>\n        <div class=\"s-faq__items js-accordion\">\n                <h3 class=\"s-faq__question js-accordion__title\">MAGNA V BRATISLAVE<\/h3>\n                <div class=\"s-faq__answer\">\n                    <p><!-- wp:paragraph --><\/p>\n<p><strong>S\u00eddlo<\/strong><br \/>\n\u0160tef\u00e1nikova 19, 811 05 Bratislava<\/p>\n<p>I\u010cO: 36061581<\/p>\n<p>DI\u010c: 2021660883<\/p>\n<p><strong>Kancel\u00e1ria<\/strong><br \/>\nPansk\u00e1 13, 811 01 Bratislava<\/p>\n<p><!-- \/wp:paragraph --><\/p>\n\n                <\/div>\n                <h3 class=\"s-faq__question js-accordion__title\">KONTAKT PRE DARCOV<\/h3>\n                <div class=\"s-faq__answer\">\n                    <p><!-- wp:paragraph --><\/p>\n<p>V pr\u00edpade ot\u00e1zok t\u00fdkaj\u00facich sa darcovstva n\u00e1s pros\u00edm kontaktujte na ni\u017e\u0161ie uvedenom emaile alebo telef\u00f3nnom \u010d\u00edsle.<\/p>\n<p><strong>Ema Vestenick\u00e1<br \/>\n<\/strong>+421 917 827 827<br \/>\n<a href=\"mailto:dar@magna.org\">dar@magna.org<\/a><\/p>\n<p><!-- \/wp:paragraph --><\/p>\n\n                <\/div>\n                <h3 class=\"s-faq__question js-accordion__title\">KONTAKT PRE FIRMY, NAD\u00c1CIE  A M\u00c9DIA<\/h3>\n                <div class=\"s-faq__answer\">\n                    <p><!-- wp:paragraph --><\/p>\n<p>V pr\u00edpade z\u00e1ujmu o podporu a formy spolupr\u00e1ce alebo v pr\u00edpade ot\u00e1zok t\u00fdkaj\u00facich sa humanit\u00e1rnej \u010dinnosti \u010di situ\u00e1cie v kr\u00edzov\u00fdch oblastiach n\u00e1s pros\u00edm kontaktujte na ni\u017e\u0161ie uvedenom emaile alebo telef\u00f3nnom \u010d\u00edsle.<\/p>\n<p>+421 917 827 827<br \/>\n<a href=\"mailto:komunikacia@magna.org\">komunikacia@magna.org<\/a><\/p>\n<p><!-- \/wp:paragraph --><\/p>\n\n                <\/div>\n        <\/div>\n    <\/div>\n<\/section>","protected":false},"excerpt":{"rendered":"","protected":false},"author":2,"featured_media":780,"parent":0,"menu_order":1,"comment_status":"closed","ping_status":"closed","template":"page-full.php","meta":{"_acf_changed":false,"inline_featured_image":false,"footnotes":""},"class_list":["post-6228","page","type-page","status-publish","has-post-thumbnail","hentry"],"acf":[],"yoast_head":"<!-- This site is optimized with the Yoast SEO plugin v24.3 - https:\/\/yoast.com\/wordpress\/plugins\/seo\/ -->\n<title>Kontaktujte n\u00e1s<\/title>\n<meta name=\"description\" content=\"Ak potrebujete pomoc nav\u0161t\u00edvte n\u00e1s na Panskej 13 v Bratislave. Kontaktujte n\u00e1s na info@magna.org alebo zavolajte na \u010d\u00edslo +421 917 827 827 v pracovn\u00fdch d\u0148och od 9:00 do 17:00.\" \/>\n<meta name=\"robots\" content=\"index, follow, max-snippet:-1, max-image-preview:large, max-video-preview:-1\" \/>\n<link rel=\"canonical\" href=\"https:\/\/www.magna.org\/sk\/kontaktujte-nas\/\" \/>\n<meta property=\"og:locale\" content=\"en_US\" \/>\n<meta property=\"og:type\" content=\"article\" \/>\n<meta property=\"og:title\" content=\"Kontaktujte n\u00e1s\" \/>\n<meta property=\"og:description\" content=\"Ak potrebujete pomoc nav\u0161t\u00edvte n\u00e1s na Panskej 13 v Bratislave. Kontaktujte n\u00e1s na info@magna.org alebo zavolajte na \u010d\u00edslo +421 917 827 827 v pracovn\u00fdch d\u0148och od 9:00 do 17:00.\" \/>\n<meta property=\"og:url\" content=\"https:\/\/www.magna.org\/sk\/kontaktujte-nas\/\" \/>\n<meta property=\"og:site_name\" content=\"Magna\" \/>\n<meta property=\"article:modified_time\" content=\"2025-11-30T17:08:22+00:00\" \/>\n<meta property=\"og:image\" content=\"https:\/\/www.magna.org\/sk\/wp-content\/uploads\/2022\/09\/homepage-kto-sme-mb2010010g0744-scaled-e1669891224183.jpg\" \/>\n\t<meta property=\"og:image:width\" content=\"2560\" \/>\n\t<meta property=\"og:image:height\" content=\"1266\" \/>\n\t<meta property=\"og:image:type\" content=\"image\/jpeg\" \/>\n<meta name=\"twitter:card\" content=\"summary_large_image\" \/>\n<meta name=\"twitter:label1\" content=\"Est. reading time\" \/>\n\t<meta name=\"twitter:data1\" content=\"1 minute\" \/>\n<script type=\"application\/ld+json\" class=\"yoast-schema-graph\">{\"@context\":\"https:\/\/schema.org\",\"@graph\":[{\"@type\":\"WebPage\",\"@id\":\"https:\/\/www.magna.org\/sk\/kontaktujte-nas\/\",\"url\":\"https:\/\/www.magna.org\/sk\/kontaktujte-nas\/\",\"name\":\"Kontaktujte n\u00e1s\",\"isPartOf\":{\"@id\":\"https:\/\/www.magna.org\/sk\/#website\"},\"primaryImageOfPage\":{\"@id\":\"https:\/\/www.magna.org\/sk\/kontaktujte-nas\/#primaryimage\"},\"image\":{\"@id\":\"https:\/\/www.magna.org\/sk\/kontaktujte-nas\/#primaryimage\"},\"thumbnailUrl\":\"https:\/\/www.magna.org\/sk\/wp-content\/uploads\/2022\/09\/homepage-kto-sme-mb2010010g0744-scaled-e1669891224183.jpg\",\"datePublished\":\"2022-12-02T08:58:13+00:00\",\"dateModified\":\"2025-11-30T17:08:22+00:00\",\"description\":\"Ak potrebujete pomoc nav\u0161t\u00edvte n\u00e1s na Panskej 13 v Bratislave. Kontaktujte n\u00e1s na info@magna.org alebo zavolajte na \u010d\u00edslo +421 917 827 827 v pracovn\u00fdch d\u0148och od 9:00 do 17:00.\",\"breadcrumb\":{\"@id\":\"https:\/\/www.magna.org\/sk\/kontaktujte-nas\/#breadcrumb\"},\"inLanguage\":\"en-US\",\"potentialAction\":[{\"@type\":\"ReadAction\",\"target\":[\"https:\/\/www.magna.org\/sk\/kontaktujte-nas\/\"]}]},{\"@type\":\"ImageObject\",\"inLanguage\":\"en-US\",\"@id\":\"https:\/\/www.magna.org\/sk\/kontaktujte-nas\/#primaryimage\",\"url\":\"https:\/\/www.magna.org\/sk\/wp-content\/uploads\/2022\/09\/homepage-kto-sme-mb2010010g0744-scaled-e1669891224183.jpg\",\"contentUrl\":\"https:\/\/www.magna.org\/sk\/wp-content\/uploads\/2022\/09\/homepage-kto-sme-mb2010010g0744-scaled-e1669891224183.jpg\",\"width\":2560,\"height\":1266},{\"@type\":\"BreadcrumbList\",\"@id\":\"https:\/\/www.magna.org\/sk\/kontaktujte-nas\/#breadcrumb\",\"itemListElement\":[{\"@type\":\"ListItem\",\"position\":1,\"name\":\"Home\",\"item\":\"https:\/\/www.magna.org\/sk\/\"},{\"@type\":\"ListItem\",\"position\":2,\"name\":\"Kontaktujte n\u00e1s\"}]},{\"@type\":\"WebSite\",\"@id\":\"https:\/\/www.magna.org\/sk\/#website\",\"url\":\"https:\/\/www.magna.org\/sk\/\",\"name\":\"Magna\",\"description\":\"Just another WordPress site\",\"potentialAction\":[{\"@type\":\"SearchAction\",\"target\":{\"@type\":\"EntryPoint\",\"urlTemplate\":\"https:\/\/www.magna.org\/sk\/?s={search_term_string}\"},\"query-input\":{\"@type\":\"PropertyValueSpecification\",\"valueRequired\":true,\"valueName\":\"search_term_string\"}}],\"inLanguage\":\"en-US\"}]}<\/script>\n<!-- \/ Yoast SEO plugin. -->","yoast_head_json":{"title":"Kontaktujte n\u00e1s","description":"Ak potrebujete pomoc nav\u0161t\u00edvte n\u00e1s na Panskej 13 v Bratislave. Kontaktujte n\u00e1s na info@magna.org alebo zavolajte na \u010d\u00edslo +421 917 827 827 v pracovn\u00fdch d\u0148och od 9:00 do 17:00.","robots":{"index":"index","follow":"follow","max-snippet":"max-snippet:-1","max-image-preview":"max-image-preview:large","max-video-preview":"max-video-preview:-1"},"canonical":"https:\/\/www.magna.org\/sk\/kontaktujte-nas\/","og_locale":"en_US","og_type":"article","og_title":"Kontaktujte n\u00e1s","og_description":"Ak potrebujete pomoc nav\u0161t\u00edvte n\u00e1s na Panskej 13 v Bratislave. Kontaktujte n\u00e1s na info@magna.org alebo zavolajte na \u010d\u00edslo +421 917 827 827 v pracovn\u00fdch d\u0148och od 9:00 do 17:00.","og_url":"https:\/\/www.magna.org\/sk\/kontaktujte-nas\/","og_site_name":"Magna","article_modified_time":"2025-11-30T17:08:22+00:00","og_image":[{"width":2560,"height":1266,"url":"https:\/\/www.magna.org\/sk\/wp-content\/uploads\/2022\/09\/homepage-kto-sme-mb2010010g0744-scaled-e1669891224183.jpg","type":"image\/jpeg"}],"twitter_card":"summary_large_image","twitter_misc":{"Est. reading time":"1 minute"},"schema":{"@context":"https:\/\/schema.org","@graph":[{"@type":"WebPage","@id":"https:\/\/www.magna.org\/sk\/kontaktujte-nas\/","url":"https:\/\/www.magna.org\/sk\/kontaktujte-nas\/","name":"Kontaktujte n\u00e1s","isPartOf":{"@id":"https:\/\/www.magna.org\/sk\/#website"},"primaryImageOfPage":{"@id":"https:\/\/www.magna.org\/sk\/kontaktujte-nas\/#primaryimage"},"image":{"@id":"https:\/\/www.magna.org\/sk\/kontaktujte-nas\/#primaryimage"},"thumbnailUrl":"https:\/\/www.magna.org\/sk\/wp-content\/uploads\/2022\/09\/homepage-kto-sme-mb2010010g0744-scaled-e1669891224183.jpg","datePublished":"2022-12-02T08:58:13+00:00","dateModified":"2025-11-30T17:08:22+00:00","description":"Ak potrebujete pomoc nav\u0161t\u00edvte n\u00e1s na Panskej 13 v Bratislave. Kontaktujte n\u00e1s na info@magna.org alebo zavolajte na \u010d\u00edslo +421 917 827 827 v pracovn\u00fdch d\u0148och od 9:00 do 17:00.","breadcrumb":{"@id":"https:\/\/www.magna.org\/sk\/kontaktujte-nas\/#breadcrumb"},"inLanguage":"en-US","potentialAction":[{"@type":"ReadAction","target":["https:\/\/www.magna.org\/sk\/kontaktujte-nas\/"]}]},{"@type":"ImageObject","inLanguage":"en-US","@id":"https:\/\/www.magna.org\/sk\/kontaktujte-nas\/#primaryimage","url":"https:\/\/www.magna.org\/sk\/wp-content\/uploads\/2022\/09\/homepage-kto-sme-mb2010010g0744-scaled-e1669891224183.jpg","contentUrl":"https:\/\/www.magna.org\/sk\/wp-content\/uploads\/2022\/09\/homepage-kto-sme-mb2010010g0744-scaled-e1669891224183.jpg","width":2560,"height":1266},{"@type":"BreadcrumbList","@id":"https:\/\/www.magna.org\/sk\/kontaktujte-nas\/#breadcrumb","itemListElement":[{"@type":"ListItem","position":1,"name":"Home","item":"https:\/\/www.magna.org\/sk\/"},{"@type":"ListItem","position":2,"name":"Kontaktujte n\u00e1s"}]},{"@type":"WebSite","@id":"https:\/\/www.magna.org\/sk\/#website","url":"https:\/\/www.magna.org\/sk\/","name":"Magna","description":"Just another WordPress site","potentialAction":[{"@type":"SearchAction","target":{"@type":"EntryPoint","urlTemplate":"https:\/\/www.magna.org\/sk\/?s={search_term_string}"},"query-input":{"@type":"PropertyValueSpecification","valueRequired":true,"valueName":"search_term_string"}}],"inLanguage":"en-US"}]}},"_links":{"self":[{"href":"https:\/\/www.magna.org\/sk\/wp-json\/wp\/v2\/pages\/6228","targetHints":{"allow":["GET"]}}],"collection":[{"href":"https:\/\/www.magna.org\/sk\/wp-json\/wp\/v2\/pages"}],"about":[{"href":"https:\/\/www.magna.org\/sk\/wp-json\/wp\/v2\/types\/page"}],"author":[{"embeddable":true,"href":"https:\/\/www.magna.org\/sk\/wp-json\/wp\/v2\/users\/2"}],"replies":[{"embeddable":true,"href":"https:\/\/www.magna.org\/sk\/wp-json\/wp\/v2\/comments?post=6228"}],"version-history":[{"count":37,"href":"https:\/\/www.magna.org\/sk\/wp-json\/wp\/v2\/pages\/6228\/revisions"}],"predecessor-version":[{"id":17226,"href":"https:\/\/www.magna.org\/sk\/wp-json\/wp\/v2\/pages\/6228\/revisions\/17226"}],"wp:featuredmedia":[{"embeddable":true,"href":"https:\/\/www.magna.org\/sk\/wp-json\/wp\/v2\/media\/780"}],"wp:attachment":[{"href":"https:\/\/www.magna.org\/sk\/wp-json\/wp\/v2\/media?parent=6228"}],"curies":[{"name":"wp","href":"https:\/\/api.w.org\/{rel}","templated":true}]}}