{"id":862,"date":"2022-10-11T22:52:08","date_gmt":"2022-10-11T22:52:08","guid":{"rendered":"https:\/\/www.magna.org\/sk\/?page_id=862"},"modified":"2026-03-03T20:15:16","modified_gmt":"2026-03-03T20:15:16","slug":"ako-darovat","status":"publish","type":"page","link":"https:\/\/www.magna.org\/sk\/ako-darovat\/","title":{"rendered":"Ako darova\u0165"},"content":{"rendered":"<section class=\"s-support hc-section-space--normal\">\n    <div class=\"s-support__header\">\n        <h1 class=\"s-support__title\">Ako m\u00f4\u017eete darova\u0165<\/h1>\n        <div class=\"s-support__intro\">\n            <p>Ve\u013ek\u00e1 \u010das\u0165 finan\u010dn\u00fdch prostriedkov MAGNA poch\u00e1dza od \u013eud\u00ed ako ste vy. Nech u\u017e je v\u00e1\u0161 dar ak\u00fdko\u013evek, podporou t\u00edmov MAGNA urob\u00edte skuto\u010dn\u00fd rozdiel a budete vedie\u0165, \u017ee niekto niekde dost\u00e1va \u017eivot zachra\u0148uj\u00facu pomoc, ktor\u00fa pr\u00e1ve teraz potrebuje.<\/p>\n\n        <\/div>\n    <\/div>\n    <div class=\"s-support__content\">\n        <div class=\"s-support__items\">\n        <\/div>\n    <\/div>\n<\/section>\n\n<section class=\"s-home-hero s-home-hero--white hc-section-space--normal\">\n    <div class=\"s-home-hero__inner\">\n        <div class=\"s-home-hero__media\">\n            <img loading=\"lazy\" decoding=\"async\" width=\"698\" height=\"524\" src=\"https:\/\/www.magna.org\/sk\/wp-content\/uploads\/2026\/03\/sk-domov-snapseed-6-698x524.jpeg\" class=\"attachment-magna-hero size-magna-hero\" alt=\"\" srcset=\"https:\/\/www.magna.org\/sk\/wp-content\/uploads\/2026\/03\/sk-domov-snapseed-6-698x524.jpeg 698w, https:\/\/www.magna.org\/sk\/wp-content\/uploads\/2026\/03\/sk-domov-snapseed-6-300x225.jpeg 300w, https:\/\/www.magna.org\/sk\/wp-content\/uploads\/2026\/03\/sk-domov-snapseed-6-1024x768.jpeg 1024w, https:\/\/www.magna.org\/sk\/wp-content\/uploads\/2026\/03\/sk-domov-snapseed-6-768x576.jpeg 768w, https:\/\/www.magna.org\/sk\/wp-content\/uploads\/2026\/03\/sk-domov-snapseed-6-1536x1152.jpeg 1536w, https:\/\/www.magna.org\/sk\/wp-content\/uploads\/2026\/03\/sk-domov-snapseed-6-1396x1048.jpeg 1396w, https:\/\/www.magna.org\/sk\/wp-content\/uploads\/2026\/03\/sk-domov-snapseed-6-552x414.jpeg 552w, https:\/\/www.magna.org\/sk\/wp-content\/uploads\/2026\/03\/sk-domov-snapseed-6-384x288.jpeg 384w, https:\/\/www.magna.org\/sk\/wp-content\/uploads\/2026\/03\/sk-domov-snapseed-6-676x507.jpeg 676w, https:\/\/www.magna.org\/sk\/wp-content\/uploads\/2026\/03\/sk-domov-snapseed-6-1352x1014.jpeg 1352w, https:\/\/www.magna.org\/sk\/wp-content\/uploads\/2026\/03\/sk-domov-snapseed-6-1058x794.jpeg 1058w, https:\/\/www.magna.org\/sk\/wp-content\/uploads\/2026\/03\/sk-domov-snapseed-6.jpeg 1800w\" sizes=\"auto, (max-width: 698px) 100vw, 698px\" \/>\n        <\/div>\n        <div class=\"s-home-hero__content\">\n            <h2 class=\"s-home-hero__title\">Humanit\u00e1rna kr\u00edza na Bl\u00edzkom v\u00fdchode a Afganistane<\/h2>\n            <div class=\"s-home-hero__text\">\n                <p>MAGNA t\u00edmy vy\u0161e 10 rokov poskytuj\u00fa humanit\u00e1rnu zdravotn\u00edcku pomoc v Libanone, S\u00fdrii, Iraku a Afganistane. Eskal\u00e1cia nap\u00e4tia v regi\u00f3ne je zni\u010duj\u00faca najm\u00e4 pre t\u00fdch, ktor\u00ed \u017eij\u00fa v neist\u00fdch podmienkach. Vid\u00edme tis\u00edce \u013eud\u00ed, ktor\u00ed utekaj\u00fa zo svojich domovov, deti ohrozen\u00e9 hladom. Pom\u00f4\u017eme im.<\/p>\n            <\/div>\n            <div class=\"s-home-hero__cta\">\n                <a href=\"https:\/\/dar.magna.org\/blizky-vychod\/\" target=\"_blank\" class=\"e-btn e-btn--primary\">Chcem prispie\u0165<\/a>\n            <\/div>\n        <\/div>\n    <\/div>\n<\/section>\n\n<section class=\"s-support hc-section-space--normal\">\n    <div class=\"s-support__header\">\n        <h1 class=\"s-support__title\">Ob\u013e\u00faben\u00e9 sp\u00f4soby darovania<\/h1>\n        <div class=\"s-support__intro\">\n            <p>Ni\u017e\u0161ie si m\u00f4\u017eete pre\u010d\u00edta\u0165 o mnoh\u00fdch sp\u00f4soboch darovania alebo vypl\u0148te n\u00e1\u0161 <a href=\"https:\/\/dar.magna.org\/dar\/\">formul\u00e1r na darovanie<\/a>, aby ste mohli prispie\u0165 jednorazovo alebo mesa\u010dne.<\/p>\n\n        <\/div>\n    <\/div>\n    <div class=\"s-support__content\">\n        <div class=\"s-support__items\">\n        <\/div>\n    <\/div>\n<\/section>\n\n<section class=\"s-articles s-articles--2 s-articles--container\">\n    <div class=\"s-articles__inner\">\n        <h2 class=\"s-articles__title\"><\/h2>\n        <div class=\"s-articles__content\">\n            <div class=\"s-articles__items\">\n                <div class=\"s-articles__item\">\n                    <article class=\"a-job\">\n    <a href=\"https:\/\/dar.magna.org\/dar\/\" class=\"a-job__link\" target=\"\"><\/a>\n    <div class=\"a-job__image\">\n        <div class=\"a-job__img\" style=\"background-image:url('https:\/\/www.magna.org\/sk\/wp-content\/uploads\/2022\/11\/homepage-nepal-mb2015010g1914.jpg');\"><\/div>\n    <\/div>\n    <div class=\"a-job__content\">\n        <h3 class=\"a-job__title\">Prispie\u0165 teraz<\/h3>\n    <\/div>\n<\/article>\n                <\/div>\n                <div class=\"s-articles__item\">\n                    <article class=\"a-job\">\n    <a href=\"https:\/\/www.magna.org\/sk\/podporte-nas\/stante-sa-pravidelnym-darcom\/\" class=\"a-job__link\" target=\"\"><\/a>\n    <div class=\"a-job__image\">\n        <div class=\"a-job__img\" style=\"background-image:url('https:\/\/www.magna.org\/sk\/wp-content\/uploads\/2022\/11\/homepage-nikaragua-mb2010010g0330.jpg');\"><\/div>\n    <\/div>\n    <div class=\"a-job__content\">\n        <h3 class=\"a-job__title\">Pom\u00e1ham ka\u017ed\u00fd mesiac<\/h3>\n    <\/div>\n<\/article>\n                <\/div>\n            <\/div>\n        <\/div>\n    <\/div>\n<\/section>\n\n<section class=\"s-support hc-section-space--normal\">\n    <div class=\"s-support__header\">\n        <h1 class=\"s-support__title\">Dar\u010dek, ktor\u00fd ma zmysel<\/h1>\n        <div class=\"s-support__intro\">\n            <p>Tu nak\u00fapite skuto\u010dn\u00e9 predmety, ktor\u00e9 MAGNA lek\u00e1ri pou\u017e\u00edvaj\u00fa na poskytovanie zdravotnej starostlivosti v nemocniciach po celom svete.<\/p>\n\n        <\/div>\n    <\/div>\n    <div class=\"s-support__content\">\n        <div class=\"s-support__items\">\n            <div class=\"s-support__item s-support__item--full\">\n                <article class=\"a-support\">\n    <a href=\"https:\/\/hospital.magna.org\" target=\"\" class=\"a-support__link\"><\/a>\n        <div class=\"a-support__image\">\n            <div class=\"a-support__img\" style=\"background-image:url('https:\/\/www.magna.org\/sk\/wp-content\/uploads\/2022\/12\/homepage-pracujte-s-nami-mb2010001g1826-1740x980.jpg');\"><\/div>\n        <\/div>\n    <div class=\"a-support__content\">\n        <h3 class=\"a-support__title\">E-SHOP<\/h3>\n        <div class=\"a-support__text\"><p>Nakupujte zmyslupln\u00e9 dar\u010deky, ktor\u00e9 zachr\u00e1nia \u017eivoty. Vyberte si ak\u00fdko\u013evek dar\u010dek a darujete dar v rovnakej hodnote: de\u0165om bojuj\u00facim s podv\u00fd\u017eivou, komunit\u00e1m zni\u010den\u00fdm pr\u00edrodn\u00fdmi katastrofami, \u013eu\u010fom zasiahnut\u00fdm vojnov\u00fdm konfliktom alebo epid\u00e9miami.<\/p>\n<\/div>\n    <\/div>\n    <div class=\"a-support__footer\">\n        <div class=\"a-support__cta\">\n            <a href=\"https:\/\/hospital.magna.org\" target=\"\" class=\"e-btn e-btn--primary\"><span>Chcem k\u00fapi\u0165 dar\u010dek<\/span><i class=\"icon-heart\"><\/i><\/a>\n        <\/div>\n    <\/div>\n<\/article>\n            <\/div>\n        <\/div>\n    <\/div>\n<\/section>\n\n<section class=\"s-home-focus hc-section-space--normal s-home-focus--gray\">\n    <div class=\"s-home-focus__inner\">\n        <a href=\"sms:806;?&amp;body=MAGNA\" class=\"s-home-focus__link\"><\/a>\n        <div class=\"s-home-focus__wrap\">\n            <div class=\"s-home-focus__image\">\n                <div class=\"s-home-focus__img\" style=\"background-image:url('https:\/\/www.magna.org\/sk\/wp-content\/uploads\/2022\/09\/homepage-kto-sme-mb201911g6509-desktop-e1669931882679-1034x632.jpg')\"><\/div>\n            <\/div>\n            <div class=\"s-home-focus__content\">\n                <h2 class=\"s-home-focus__title\">Prispie\u0165 cez SMS<\/h2>\n                <div class=\"s-home-focus__text\">\n                    <p><strong>R\u00fdchly a efekt\u00edvny sp\u00f4sob ako darova\u0165 je cez v\u00e1\u0161 mobil.<\/strong><\/p>\n<p>Sta\u010d\u00ed posla\u0165 SMS v tvare <strong>MAGNA9 na \u010d\u00edslo 806<\/strong> a nastav\u00edte si pravideln\u00e9 prispievanie v hodnote 9,-Eur ka\u017ed\u00fd mesiac.<\/p>\n<p style=\"font-weight: 400;\"><strong>Predstavte si, \u017ee len za 9,-Eur mesa\u010dne pom\u00f4\u017eete zachr\u00e1ni\u0165 die\u0165a a zabezpe\u010d\u00edte mu 21 \u0161peci\u00e1lnych terapeutick\u00fdch jed\u00e1l, ktor\u00e9 ho nak\u0155mia na cel\u00fd t\u00fd\u017eden a zachr\u00e1nia mu \u017eivot.<\/strong><\/p>\n\n                <\/div>\n                <div class=\"s-home-focus__btn\">\n                    <a href=\"sms:806;?&amp;body=MAGNA\" class=\"e-btn e-btn--primary target=\"\"\"\">Chcem posla\u0165 SMS teraz<\/a>\n                <\/div>\n            <\/div>\n        <\/div>\n    <\/div>\n<\/section>\n\n<section class=\"s-support hc-section-space--normal\">\n    <div class=\"s-support__header\">\n        <h1 class=\"s-support__title\">Ste firma alebo nad\u00e1cia?<\/h1>\n        <div class=\"s-support__intro\">\n            <p>Udr\u017eate\u013enos\u0165 na\u0161ich projektov, ktor\u00e9 t\u00edmy MAGNA dok\u00e1zali realizova\u0165, by nebola mo\u017en\u00e1 bez spolupr\u00e1ce s firmami a nad\u00e1ciami. Va\u0161a podpora n\u00e1m pom\u00e1ha dlhodobo zabezpe\u010di\u0165 \u017eivot zachra\u0148uj\u00facu starostlivos\u0165, zdravotn\u00edcky materi\u00e1l a podporu miestnych nemocn\u00edc.<\/p>\n\n        <\/div>\n    <\/div>\n    <div class=\"s-support__content\">\n        <div class=\"s-support__items\">\n            <div class=\"s-support__item s-support__item--full\">\n                <article class=\"a-support\">\n    <a href=\"https:\/\/www.magna.org\/sk\/podporte-nas\/firmy-a-nadacie\/\" target=\"\" class=\"a-support__link\"><\/a>\n        <div class=\"a-support__image\">\n            <div class=\"a-support__img\" style=\"background-image:url('https:\/\/www.magna.org\/sk\/wp-content\/uploads\/2022\/12\/image-1-1740x980.jpg');\"><\/div>\n        <\/div>\n    <div class=\"a-support__content\">\n        <h3 class=\"a-support__title\">Zme\u0148te svet s nami<\/h3>\n        <div class=\"a-support__text\"><p>Va\u0161a spolo\u010dnos\u0165 priamo, transparetnee a zodpovedne pom\u00f4\u017ee \u013eu\u010fom, ktor\u00ed s\u00fa v ohrozen\u00ed \u017eivota alebo zdravia.<\/p>\n<\/div>\n    <\/div>\n    <div class=\"a-support__footer\">\n        <div class=\"a-support__cta\">\n            <a href=\"https:\/\/www.magna.org\/sk\/podporte-nas\/firmy-a-nadacie\/\" target=\"\" class=\"e-btn e-btn--primary\"><span>Zisti\u0165 viac<\/span><i class=\"icon-heart\"><\/i><\/a>\n        <\/div>\n    <\/div>\n<\/article>\n            <\/div>\n        <\/div>\n    <\/div>\n<\/section>\n\n<section class=\"s-support hc-section-space--normal\">\n    <div class=\"s-support__header\">\n        <h1 class=\"s-support__title\">Darcovsk\u00fd servis<\/h1>\n        <div class=\"s-support__intro\">\n            <p><strong>\u010eakujeme za podporu organiz\u00e1cie MAGNA.<\/strong><\/p>\n<p>Ak inform\u00e1cie, ktor\u00e9 potrebujete nen\u00e1jdete ni\u017e\u0161ie, kontaktujte n\u00e1s na \u010d\u00edsle <a href=\"tel:+421917827827\">+421 917 827 827<\/a> alebo e-mailom na <a href=\"mailto:dar@magna.org\">dar@magna.org<\/a>.<\/p>\n\n        <\/div>\n    <\/div>\n    <div class=\"s-support__content\">\n        <div class=\"s-support__items\">\n        <\/div>\n    <\/div>\n<\/section>\n\n<section class=\"s-faq hc-section-space--normal\">\n    <div class=\"s-faq__inner\">\n        <h2 class=\"s-faq__title\"><\/h2>\n        <div class=\"s-faq__items js-accordion\">\n                <h3 class=\"s-faq__question js-accordion__title\">Ko\u013eko z m\u00f4jho daru id\u0119 na pomoc de\u0165om?<\/h3>\n                <div class=\"s-faq__answer\">\n                    <p>Zaviazali sme sa zabezpe\u010di\u0165, aby sa n\u00e1\u0161 pr\u00edjem vyu\u017e\u00edval efekt\u00edvne, efekt\u00edvne a zodpovedne, aby sa r\u00e1talo ka\u017ed\u00e9 euro. V roku 2023 i\u0161lo <strong>95 % na\u0161ich pr\u00edjmov na soci\u00e1lne aktivity<\/strong>. Pokia\u013e ide o z\u00edskavanie a m\u00ed\u0148anie finan\u010dn\u00fdch prostriedkov, uplat\u0148ujeme rovnak\u00e9 z\u00e1sady transparentnosti a zodpovednosti, ktor\u00fdmi sa riadi cel\u00e1 na\u0161a pr\u00e1ca. V\u0161etky podrobnosti n\u00e1jdete v na\u0161ich <a href=\"https:\/\/www.magna.org\/sk\/o-nas\/financie-a-reporty\/\">v\u00fdro\u010dn\u00fdch spr\u00e1vach<\/a>.<\/p>\n\n                <\/div>\n                <h3 class=\"s-faq__question js-accordion__title\">\u010co rob\u00edte?<\/h3>\n                <div class=\"s-faq__answer\">\n                    <p>MAGNA u\u017e dvadsa\u0165 rokov poskytuje zdravotn\u00fa pomoc obyvate\u013eom, ktor\u00fdch \u017eivot alebo zdravie je ohrozen\u00e9, na Slovensku alebo v zahrani\u010d\u00ed.<\/p>\n<p>MAGNA t\u00edmy zabezpe\u010duj\u00fa <strong>zdravotn\u00fa pomoc<\/strong> (konzult\u00e1cie s lek\u00e1rom, nemocni\u010dn\u00fa a nutri\u010dn\u00fa starostlivos\u0165, o\u010dkovanie, chirurgick\u00e9 z\u00e1kroky, p\u00f4rodn\u00fa starostlivos\u0165 a starostlivos\u0165 o novorodencov a ment\u00e1lne zdravie) a <strong>materi\u00e1lnu pomoc<\/strong> (lieky, strava, pr\u00edstre\u0161ie a pod.). V pr\u00edpadoch, ke\u010f je to nutn\u00e9, taktie\u017e staviame zdravotn\u00edcke zariadenia.<\/p>\n<p>Na\u0161e zdravotn\u00edcke projekty pom\u00e1haj\u00fa okam\u017eite i dlhodobo, niektor\u00e9 lie\u010debn\u00e9 programy trvaj\u00fa desa\u0165ro\u010dia.<\/p>\n<p><strong>Ka\u017ed\u00fd rok vykon\u00e1me a\u017e 300 tis\u00edc o\u0161etren\u00ed<\/strong>. O tom, \u010do rob\u00edme, sa m\u00f4\u017eete <a href=\"https:\/\/www.magna.org\/sk\/nasa-praca\/\">dozvedie\u0165 tu.<\/a><\/p>\n\n                <\/div>\n                <h3 class=\"s-faq__question js-accordion__title\">Kde pracujete?<\/h3>\n                <div class=\"s-faq__answer\">\n                    <p>Lie\u010d\u00edme a pom\u00e1hame st\u00e1tis\u00edcom de\u0165om po celom svete.<\/p>\n<p>Hlavn\u00e9 oper\u00e1cie, ktor\u00e9 teraz realizujeme s\u00fa v <strong>Afganistane<\/strong> poskytujeme \u017een\u00e1m bezpe\u010dn\u00e9 p\u00f4rody a lie\u010dime podv\u00fd\u017eiven\u00e9 deti. V <strong>Kon\u017eskej Demokratickej Republike<\/strong> podporujeme desiatky zdravotn\u00edckych zariaden\u00ed a nemocn\u00edc, aby sme poskytli \u017eivot zachra\u0148uj\u00facu lie\u010dbu podvy\u017eiven\u00fdm de\u0165om, obetiam sexu\u00e1lneho n\u00e1silia a priniesli odborn\u00fa zdravotn\u00fa pomoc do od\u013eahl\u00fdch \u010dast\u00ed krajiny. V <strong>Libanone<\/strong> pom\u00e1hame obetiam konfliktu a dlhodobo poskytujeme asistencviu tehotn\u00fdm \u017een\u00e1m, pacientom s chronick\u00fdmi ochoreniami a de\u0165om s nalomen\u00fdm du\u0161evn\u00fdm zdrav\u00edm. Viac o tom, kde pracujeme, sa <a href=\"https:\/\/www.magna.org\/sk\/nasa-praca\/nase-operacie\/\">dozviete tu<\/a>.<\/p>\n\n                <\/div>\n                <h3 class=\"s-faq__question js-accordion__title\">Ako zmen\u00edm v\u00fd\u0161ku pravideln\u00e9ho daru?<\/h3>\n                <div class=\"s-faq__answer\">\n                    <p>Ak by ste chceli zmeni\u0165 ak\u00e9ko\u013evek podrobnosti o svojom mesa\u010dnom dare, vr\u00e1tane sumy, kontaktujte n\u00e1s e-mailom na <a href=\"mailto:dar@magna.org\">dar@magna.org<\/a> alebo volajte na \u010d\u00edslo <a href=\"tel:+421917827827\">+421 917 827 827<\/a> od pondelka do piatku od 9. do 16. hodiny, kedy v\u00e1m budeme vedie\u0165 pom\u00f4c\u0165.<\/p>\n\n                <\/div>\n                <h3 class=\"s-faq__question js-accordion__title\">Ako zru\u0161im svoj pravideln\u00fd dar?<\/h3>\n                <div class=\"s-faq__answer\">\n                    <p>Ak chcete zru\u0161i\u0165 svoj dar, kontaktujte n\u00e1s e-mailom na <a href=\"mailto:dar@magna.org\">dar@magna.org<\/a> alebo volajte na \u010d\u00edslo <a href=\"tel:+421917827827\">+421 917 827 827<\/a> od pondelka do piatku od 9. do 16. hodiny, kedy v\u00e1m budeme vedie\u0165 pom\u00f4c\u0165.<\/p>\n\n                <\/div>\n        <\/div>\n    <\/div>\n<\/section>","protected":false},"excerpt":{"rendered":"","protected":false},"author":1,"featured_media":5359,"parent":0,"menu_order":0,"comment_status":"closed","ping_status":"closed","template":"page-full.php","meta":{"_acf_changed":false,"inline_featured_image":false,"footnotes":""},"class_list":["post-862","page","type-page","status-publish","has-post-thumbnail","hentry"],"acf":[],"yoast_head":"<!-- This site is optimized with the Yoast SEO plugin v24.3 - https:\/\/yoast.com\/wordpress\/plugins\/seo\/ -->\n<title>Magna - Ako darova\u0165<\/title>\n<meta name=\"description\" content=\"Ve\u013ek\u00e1 \u010das\u0165 finan\u010dn\u00fdch prostriedkov MAGNA poch\u00e1dza od \u013eud\u00ed ako ste vy. Nech u\u017e je v\u00e1\u0161 dar ak\u00fdko\u013evek, podporou t\u00edmov MAGNA urob\u00edte skuto\u010dn\u00fd rozdiel a budete vedie\u0165, \u017ee niekto niekde dost\u00e1va \u017eivot zachra\u0148uj\u00facu pomoc, ktor\u00fa pr\u00e1ve teraz potrebuje.\" \/>\n<meta name=\"robots\" content=\"index, follow, max-snippet:-1, max-image-preview:large, max-video-preview:-1\" \/>\n<link rel=\"canonical\" href=\"https:\/\/www.magna.org\/sk\/ako-darovat\/\" \/>\n<meta property=\"og:locale\" content=\"en_US\" \/>\n<meta property=\"og:type\" content=\"article\" \/>\n<meta property=\"og:title\" content=\"Magna - Ako darova\u0165\" \/>\n<meta property=\"og:description\" content=\"Ve\u013ek\u00e1 \u010das\u0165 finan\u010dn\u00fdch prostriedkov MAGNA poch\u00e1dza od \u013eud\u00ed ako ste vy. Nech u\u017e je v\u00e1\u0161 dar ak\u00fdko\u013evek, podporou t\u00edmov MAGNA urob\u00edte skuto\u010dn\u00fd rozdiel a budete vedie\u0165, \u017ee niekto niekde dost\u00e1va \u017eivot zachra\u0148uj\u00facu pomoc, ktor\u00fa pr\u00e1ve teraz potrebuje.\" \/>\n<meta property=\"og:url\" content=\"https:\/\/www.magna.org\/sk\/ako-darovat\/\" \/>\n<meta property=\"og:site_name\" content=\"Magna\" \/>\n<meta property=\"article:modified_time\" content=\"2026-03-03T20:15:16+00:00\" \/>\n<meta property=\"og:image\" content=\"https:\/\/www.magna.org\/sk\/wp-content\/uploads\/2022\/11\/homepage-nepal-mb2015010g1914.jpg\" \/>\n\t<meta property=\"og:image:width\" content=\"1800\" \/>\n\t<meta property=\"og:image:height\" content=\"1200\" \/>\n\t<meta property=\"og:image:type\" content=\"image\/jpeg\" \/>\n<meta name=\"twitter:card\" content=\"summary_large_image\" \/>\n<meta name=\"twitter:label1\" content=\"Est. reading time\" \/>\n\t<meta name=\"twitter:data1\" content=\"1 minute\" \/>\n<script type=\"application\/ld+json\" class=\"yoast-schema-graph\">{\"@context\":\"https:\/\/schema.org\",\"@graph\":[{\"@type\":\"WebPage\",\"@id\":\"https:\/\/www.magna.org\/sk\/ako-darovat\/\",\"url\":\"https:\/\/www.magna.org\/sk\/ako-darovat\/\",\"name\":\"Magna - Ako darova\u0165\",\"isPartOf\":{\"@id\":\"https:\/\/www.magna.org\/sk\/#website\"},\"primaryImageOfPage\":{\"@id\":\"https:\/\/www.magna.org\/sk\/ako-darovat\/#primaryimage\"},\"image\":{\"@id\":\"https:\/\/www.magna.org\/sk\/ako-darovat\/#primaryimage\"},\"thumbnailUrl\":\"https:\/\/www.magna.org\/sk\/wp-content\/uploads\/2022\/11\/homepage-nepal-mb2015010g1914.jpg\",\"datePublished\":\"2022-10-11T22:52:08+00:00\",\"dateModified\":\"2026-03-03T20:15:16+00:00\",\"description\":\"Ve\u013ek\u00e1 \u010das\u0165 finan\u010dn\u00fdch prostriedkov MAGNA poch\u00e1dza od \u013eud\u00ed ako ste vy. Nech u\u017e je v\u00e1\u0161 dar ak\u00fdko\u013evek, podporou t\u00edmov MAGNA urob\u00edte skuto\u010dn\u00fd rozdiel a budete vedie\u0165, \u017ee niekto niekde dost\u00e1va \u017eivot zachra\u0148uj\u00facu pomoc, ktor\u00fa pr\u00e1ve teraz potrebuje.\",\"breadcrumb\":{\"@id\":\"https:\/\/www.magna.org\/sk\/ako-darovat\/#breadcrumb\"},\"inLanguage\":\"en-US\",\"potentialAction\":[{\"@type\":\"ReadAction\",\"target\":[\"https:\/\/www.magna.org\/sk\/ako-darovat\/\"]}]},{\"@type\":\"ImageObject\",\"inLanguage\":\"en-US\",\"@id\":\"https:\/\/www.magna.org\/sk\/ako-darovat\/#primaryimage\",\"url\":\"https:\/\/www.magna.org\/sk\/wp-content\/uploads\/2022\/11\/homepage-nepal-mb2015010g1914.jpg\",\"contentUrl\":\"https:\/\/www.magna.org\/sk\/wp-content\/uploads\/2022\/11\/homepage-nepal-mb2015010g1914.jpg\",\"width\":1800,\"height\":1200},{\"@type\":\"BreadcrumbList\",\"@id\":\"https:\/\/www.magna.org\/sk\/ako-darovat\/#breadcrumb\",\"itemListElement\":[{\"@type\":\"ListItem\",\"position\":1,\"name\":\"Home\",\"item\":\"https:\/\/www.magna.org\/sk\/\"},{\"@type\":\"ListItem\",\"position\":2,\"name\":\"Ako darova\u0165\"}]},{\"@type\":\"WebSite\",\"@id\":\"https:\/\/www.magna.org\/sk\/#website\",\"url\":\"https:\/\/www.magna.org\/sk\/\",\"name\":\"Magna\",\"description\":\"Just another WordPress site\",\"potentialAction\":[{\"@type\":\"SearchAction\",\"target\":{\"@type\":\"EntryPoint\",\"urlTemplate\":\"https:\/\/www.magna.org\/sk\/?s={search_term_string}\"},\"query-input\":{\"@type\":\"PropertyValueSpecification\",\"valueRequired\":true,\"valueName\":\"search_term_string\"}}],\"inLanguage\":\"en-US\"}]}<\/script>\n<!-- \/ Yoast SEO plugin. -->","yoast_head_json":{"title":"Magna - Ako darova\u0165","description":"Ve\u013ek\u00e1 \u010das\u0165 finan\u010dn\u00fdch prostriedkov MAGNA poch\u00e1dza od \u013eud\u00ed ako ste vy. Nech u\u017e je v\u00e1\u0161 dar ak\u00fdko\u013evek, podporou t\u00edmov MAGNA urob\u00edte skuto\u010dn\u00fd rozdiel a budete vedie\u0165, \u017ee niekto niekde dost\u00e1va \u017eivot zachra\u0148uj\u00facu pomoc, ktor\u00fa pr\u00e1ve teraz potrebuje.","robots":{"index":"index","follow":"follow","max-snippet":"max-snippet:-1","max-image-preview":"max-image-preview:large","max-video-preview":"max-video-preview:-1"},"canonical":"https:\/\/www.magna.org\/sk\/ako-darovat\/","og_locale":"en_US","og_type":"article","og_title":"Magna - Ako darova\u0165","og_description":"Ve\u013ek\u00e1 \u010das\u0165 finan\u010dn\u00fdch prostriedkov MAGNA poch\u00e1dza od \u013eud\u00ed ako ste vy. Nech u\u017e je v\u00e1\u0161 dar ak\u00fdko\u013evek, podporou t\u00edmov MAGNA urob\u00edte skuto\u010dn\u00fd rozdiel a budete vedie\u0165, \u017ee niekto niekde dost\u00e1va \u017eivot zachra\u0148uj\u00facu pomoc, ktor\u00fa pr\u00e1ve teraz potrebuje.","og_url":"https:\/\/www.magna.org\/sk\/ako-darovat\/","og_site_name":"Magna","article_modified_time":"2026-03-03T20:15:16+00:00","og_image":[{"width":1800,"height":1200,"url":"https:\/\/www.magna.org\/sk\/wp-content\/uploads\/2022\/11\/homepage-nepal-mb2015010g1914.jpg","type":"image\/jpeg"}],"twitter_card":"summary_large_image","twitter_misc":{"Est. reading time":"1 minute"},"schema":{"@context":"https:\/\/schema.org","@graph":[{"@type":"WebPage","@id":"https:\/\/www.magna.org\/sk\/ako-darovat\/","url":"https:\/\/www.magna.org\/sk\/ako-darovat\/","name":"Magna - Ako darova\u0165","isPartOf":{"@id":"https:\/\/www.magna.org\/sk\/#website"},"primaryImageOfPage":{"@id":"https:\/\/www.magna.org\/sk\/ako-darovat\/#primaryimage"},"image":{"@id":"https:\/\/www.magna.org\/sk\/ako-darovat\/#primaryimage"},"thumbnailUrl":"https:\/\/www.magna.org\/sk\/wp-content\/uploads\/2022\/11\/homepage-nepal-mb2015010g1914.jpg","datePublished":"2022-10-11T22:52:08+00:00","dateModified":"2026-03-03T20:15:16+00:00","description":"Ve\u013ek\u00e1 \u010das\u0165 finan\u010dn\u00fdch prostriedkov MAGNA poch\u00e1dza od \u013eud\u00ed ako ste vy. Nech u\u017e je v\u00e1\u0161 dar ak\u00fdko\u013evek, podporou t\u00edmov MAGNA urob\u00edte skuto\u010dn\u00fd rozdiel a budete vedie\u0165, \u017ee niekto niekde dost\u00e1va \u017eivot zachra\u0148uj\u00facu pomoc, ktor\u00fa pr\u00e1ve teraz potrebuje.","breadcrumb":{"@id":"https:\/\/www.magna.org\/sk\/ako-darovat\/#breadcrumb"},"inLanguage":"en-US","potentialAction":[{"@type":"ReadAction","target":["https:\/\/www.magna.org\/sk\/ako-darovat\/"]}]},{"@type":"ImageObject","inLanguage":"en-US","@id":"https:\/\/www.magna.org\/sk\/ako-darovat\/#primaryimage","url":"https:\/\/www.magna.org\/sk\/wp-content\/uploads\/2022\/11\/homepage-nepal-mb2015010g1914.jpg","contentUrl":"https:\/\/www.magna.org\/sk\/wp-content\/uploads\/2022\/11\/homepage-nepal-mb2015010g1914.jpg","width":1800,"height":1200},{"@type":"BreadcrumbList","@id":"https:\/\/www.magna.org\/sk\/ako-darovat\/#breadcrumb","itemListElement":[{"@type":"ListItem","position":1,"name":"Home","item":"https:\/\/www.magna.org\/sk\/"},{"@type":"ListItem","position":2,"name":"Ako darova\u0165"}]},{"@type":"WebSite","@id":"https:\/\/www.magna.org\/sk\/#website","url":"https:\/\/www.magna.org\/sk\/","name":"Magna","description":"Just another WordPress site","potentialAction":[{"@type":"SearchAction","target":{"@type":"EntryPoint","urlTemplate":"https:\/\/www.magna.org\/sk\/?s={search_term_string}"},"query-input":{"@type":"PropertyValueSpecification","valueRequired":true,"valueName":"search_term_string"}}],"inLanguage":"en-US"}]}},"_links":{"self":[{"href":"https:\/\/www.magna.org\/sk\/wp-json\/wp\/v2\/pages\/862","targetHints":{"allow":["GET"]}}],"collection":[{"href":"https:\/\/www.magna.org\/sk\/wp-json\/wp\/v2\/pages"}],"about":[{"href":"https:\/\/www.magna.org\/sk\/wp-json\/wp\/v2\/types\/page"}],"author":[{"embeddable":true,"href":"https:\/\/www.magna.org\/sk\/wp-json\/wp\/v2\/users\/1"}],"replies":[{"embeddable":true,"href":"https:\/\/www.magna.org\/sk\/wp-json\/wp\/v2\/comments?post=862"}],"version-history":[{"count":977,"href":"https:\/\/www.magna.org\/sk\/wp-json\/wp\/v2\/pages\/862\/revisions"}],"predecessor-version":[{"id":17371,"href":"https:\/\/www.magna.org\/sk\/wp-json\/wp\/v2\/pages\/862\/revisions\/17371"}],"wp:featuredmedia":[{"embeddable":true,"href":"https:\/\/www.magna.org\/sk\/wp-json\/wp\/v2\/media\/5359"}],"wp:attachment":[{"href":"https:\/\/www.magna.org\/sk\/wp-json\/wp\/v2\/media?parent=862"}],"curies":[{"name":"wp","href":"https:\/\/api.w.org\/{rel}","templated":true}]}}